{"id":44351,"date":"2019-07-26T14:52:55","date_gmt":"2019-07-26T12:52:55","guid":{"rendered":"https:\/\/www.ecrivus-multimedia.nl\/?post_type=product&#038;p=44351"},"modified":"2026-04-13T09:22:43","modified_gmt":"2026-04-13T07:22:43","slug":"webtekst-schrijven","status":"publish","type":"product","link":"https:\/\/www.ecrivus-multimedia.nl\/fr\/produit\/redaction-de-textes-pour-le-web\/","title":{"rendered":"R\u00e9daction de textes web"},"content":{"rendered":"<h2><strong>R\u00e9daction de textes sur le web ?<\/strong><\/h2>\n<p class=\"western\">Ecrivus International emploie des r\u00e9dacteurs internes et des r\u00e9dacteurs sp\u00e9cialis\u00e9s dans les domaines suivants <a href=\"https:\/\/www.ecrivus.nl\/webtekst-schrijven\/\" target=\"_blank\" rel=\"noopener noreferrer\">r\u00e9diger des textes web persuasifs<\/a> et d'autres contenus web en n\u00e9erlandais parfait.<\/p>\n<p class=\"western\">Vous \u00eates sur le point de lancer un nouveau site web et vous avez besoin de textes commerciaux, informatifs et convaincants pour le faire ? Ou bien vous avez d\u00e9j\u00e0 un site web, mais les textes existants sont d\u00e9pass\u00e9s et ont besoin d'\u00eatre mis \u00e0 jour ? Nous nous ferons un plaisir de vous aider \u00e0 r\u00e9diger des textes web r\u00e9ussis, du contenu web, des descriptions de produits et des pages web standard telles que \"\u00c0 propos de nous\", \"Contact\", \"Accueil\" et des formulaires de contact.<\/p>\n<p class=\"western\">Les textes web que nous r\u00e9digeons sont ax\u00e9s sur la conversion et adapt\u00e9s au r\u00e9f\u00e9rencement. Par exemple, nous optimisons les textes en termes d'optimisation pour les moteurs de recherche (afin d'am\u00e9liorer votre classement SEO) et nous pla\u00e7ons des CTA (call-to-actions) \u00e0 des endroits judicieux du texte pour inciter le lecteur \u00e0 agir, par exemple en remplissant un formulaire de demande de devis ou en achetant un produit ou un service. Un site web <a href=\"https:\/\/www.ecrivus-multimedia.nl\/go\/webtekst-schrijven\/\" title=\"R\u00e9daction de textes web\" class=\"pretty-link-keyword\"rel=\"\">texte web<\/a> L'\u00e9criture peut souvent \u00eatre r\u00e9alis\u00e9e pour vous dans un d\u00e9lai de 2 \u00e0 3 jours ouvrables.<\/p>\n<p class=\"western\"><b>Nous r\u00e9digeons des textes web pour :<\/b><\/p>\n<ul>\n<li>\n<p class=\"western\">Entreprises en phase de d\u00e9marrage<\/p>\n<\/li>\n<li>\n<p class=\"western\">ZZP-ers<\/p>\n<\/li>\n<li>\n<p class=\"western\">PME<\/p>\n<\/li>\n<li>\n<p class=\"western\">Multinationales<\/p>\n<\/li>\n<\/ul>\n<p class=\"western\"><b>Les textes web que nous \u00e9crivons conviennent parfaitement :<\/b><\/p>\n<ul>\n<li>\n<p class=\"western\">Accro\u00eetre la notori\u00e9t\u00e9 de la marque<\/p>\n<\/li>\n<li>\n<p class=\"western\">Apparence professionnelle gr\u00e2ce \u00e0 des textes r\u00e9dig\u00e9s dans un excellent n\u00e9erlandais<\/p>\n<\/li>\n<li>\n<p class=\"western\">Porter l'information \u00e0 l'attention des clients (potentiels)<\/p>\n<\/li>\n<li>\n<p class=\"western\">Augmenter votre position dans les moteurs de recherche (<span style=\"color: #000080;\"><span lang=\"zxx\"><a href=\"https:\/\/www.ecrivus.nl\/seo-vertaling\/\">Classement SEO\/optimisation des moteurs de recherche<\/a><\/span><\/span>)<\/p>\n<\/li>\n<li>\n<p class=\"western\">Am\u00e9liorer la visibilit\u00e9 en ligne de votre entreprise<\/p>\n<\/li>\n<li>\n<p class=\"western\">G\u00e9n\u00e9ration de leads<\/p>\n<\/li>\n<li>\n<p class=\"western\">Pages d'atterrissage, campagnes de publicit\u00e9 et de marketing<\/p>\n<\/li>\n<li>\n<p class=\"western\">Augmentation des ventes (par le biais de \"call-to-actions\")<\/p>\n<\/li>\n<\/ul>\n<p>Pour faire votre <a href=\"https:\/\/www.ecrivus-multimedia.nl\/go\/webtekst-schrijven\/\" title=\"R\u00e9daction de textes web\" class=\"pretty-link-keyword\"rel=\"\">texte web<\/a> directement, s\u00e9lectionnez le nombre de pages souhait\u00e9 ci-dessus. Nous partons du principe que chaque page contient 300 mots. Cliquez ensuite sur \"Ajouter au panier\". Vous pouvez ensuite t\u00e9l\u00e9charger le briefing\/les instructions que vous souhaitez donner au r\u00e9dacteur et les ajouter \u00e0 votre commande. Pour plusieurs documents, vous pouvez t\u00e9l\u00e9charger un fichier ZIP. Nous vous proposons diff\u00e9rentes possibilit\u00e9s de paiement via des connexions s\u00e9curis\u00e9es (notamment iDeal, virement bancaire et PayPal).<\/p>\n<p><strong>D\u00e9lai de livraison standard<\/strong>5 jours ouvrables<\/p>","protected":false},"excerpt":{"rendered":"<p>Textes web professionnels r\u00e9dig\u00e9s par un r\u00e9dacteur sp\u00e9cialis\u00e9, y compris les contr\u00f4les de qualit\u00e9 et la r\u00e9daction finale. S\u00e9lectionnez la langue souhait\u00e9e ci-dessous :<\/p>","protected":false},"featured_media":132689,"comment_status":"open","ping_status":"closed","template":"","meta":{"_acf_changed":false,"_glsr_average":0,"_glsr_ranking":0,"_glsr_reviews":0,"_joinchat":[]},"product_brand":[],"product_cat":[15342],"product_tag":[],"class_list":{"0":"post-44351","1":"product","2":"type-product","3":"status-publish","4":"has-post-thumbnail","6":"product_cat-copywriting-content","8":"first","9":"instock","10":"sold-individually","11":"taxable","12":"shipping-taxable","13":"purchasable","14":"product-type-variable"},"acf":[],"yoast_head":"<!-- This site is optimized with the Yoast SEO plugin v27.4 - https:\/\/yoast.com\/product\/yoast-seo-wordpress\/ -->\n<title>Webtekst schrijven? Webcontent nodig? Bestel nu in onze webshop!<\/title>\n<meta name=\"description\" content=\"Webtekst schrijven? Wij schrijven webteksten in helder en perfect Nederlands. \u2713 SEO-vriendelijk \u2713 GRATIS offerte \u2713 Voordelig en snel\" \/>\n<meta name=\"robots\" content=\"index, follow, max-snippet:-1, max-image-preview:large, max-video-preview:-1\" \/>\n<link rel=\"canonical\" href=\"https:\/\/www.ecrivus-multimedia.nl\/fr\/produit\/redaction-de-textes-pour-le-web\/\" \/>\n<meta property=\"og:locale\" content=\"fr_FR\" \/>\n<meta property=\"og:type\" content=\"article\" \/>\n<meta property=\"og:title\" content=\"Webtekst schrijven? Webcontent nodig? Bestel nu in onze webshop!\" \/>\n<meta property=\"og:description\" content=\"Webtekst schrijven? Wij schrijven webteksten in helder en perfect Nederlands. \u2713 SEO-vriendelijk \u2713 GRATIS offerte \u2713 Voordelig en snel\" \/>\n<meta property=\"og:url\" content=\"https:\/\/www.ecrivus-multimedia.nl\/fr\/produit\/redaction-de-textes-pour-le-web\/\" \/>\n<meta property=\"og:site_name\" content=\"Ecrivus International Webshop\" \/>\n<meta property=\"article:publisher\" content=\"https:\/\/www.facebook.com\/Ecrivus-International-676624782512639\/\" \/>\n<meta property=\"article:modified_time\" content=\"2026-04-13T07:22:43+00:00\" \/>\n<meta property=\"og:image\" content=\"https:\/\/www.ecrivus-multimedia.nl\/wp-content\/uploads\/2019\/07\/image-2.webp\" \/>\n\t<meta property=\"og:image:width\" content=\"1000\" \/>\n\t<meta property=\"og:image:height\" content=\"667\" \/>\n\t<meta property=\"og:image:type\" content=\"image\/webp\" \/>\n<meta name=\"twitter:card\" content=\"summary_large_image\" \/>\n<meta name=\"twitter:site\" content=\"@ecrivusint\" \/>\n<meta name=\"twitter:label1\" content=\"Dur\u00e9e de lecture estim\u00e9e\" \/>\n\t<meta name=\"twitter:data1\" content=\"2 minutes\" \/>\n<script type=\"application\/ld+json\" class=\"yoast-schema-graph\">{\"@context\":\"https:\\\/\\\/schema.org\",\"@graph\":[{\"@type\":\"WebPage\",\"@id\":\"https:\\\/\\\/www.ecrivus-multimedia.nl\\\/product\\\/webtekst-schrijven\\\/\",\"url\":\"https:\\\/\\\/www.ecrivus-multimedia.nl\\\/product\\\/webtekst-schrijven\\\/\",\"name\":\"Webtekst schrijven? Webcontent nodig? Bestel nu in onze webshop!\",\"isPartOf\":{\"@id\":\"https:\\\/\\\/www.ecrivus-multimedia.nl\\\/#website\"},\"primaryImageOfPage\":{\"@id\":\"https:\\\/\\\/www.ecrivus-multimedia.nl\\\/product\\\/webtekst-schrijven\\\/#primaryimage\"},\"image\":{\"@id\":\"https:\\\/\\\/www.ecrivus-multimedia.nl\\\/product\\\/webtekst-schrijven\\\/#primaryimage\"},\"thumbnailUrl\":\"https:\\\/\\\/www.ecrivus-multimedia.nl\\\/wp-content\\\/uploads\\\/2019\\\/07\\\/image-2.webp\",\"datePublished\":\"2019-07-26T12:52:55+00:00\",\"dateModified\":\"2026-04-13T07:22:43+00:00\",\"description\":\"Webtekst schrijven? Wij schrijven webteksten in helder en perfect Nederlands. \u2713 SEO-vriendelijk \u2713 GRATIS offerte \u2713 Voordelig en snel\",\"breadcrumb\":{\"@id\":\"https:\\\/\\\/www.ecrivus-multimedia.nl\\\/product\\\/webtekst-schrijven\\\/#breadcrumb\"},\"inLanguage\":\"fr-FR\",\"potentialAction\":[{\"@type\":\"ReadAction\",\"target\":[\"https:\\\/\\\/www.ecrivus-multimedia.nl\\\/product\\\/webtekst-schrijven\\\/\"]}]},{\"@type\":\"ImageObject\",\"inLanguage\":\"fr-FR\",\"@id\":\"https:\\\/\\\/www.ecrivus-multimedia.nl\\\/product\\\/webtekst-schrijven\\\/#primaryimage\",\"url\":\"https:\\\/\\\/www.ecrivus-multimedia.nl\\\/wp-content\\\/uploads\\\/2019\\\/07\\\/image-2.webp\",\"contentUrl\":\"https:\\\/\\\/www.ecrivus-multimedia.nl\\\/wp-content\\\/uploads\\\/2019\\\/07\\\/image-2.webp\",\"width\":1000,\"height\":667},{\"@type\":\"BreadcrumbList\",\"@id\":\"https:\\\/\\\/www.ecrivus-multimedia.nl\\\/product\\\/webtekst-schrijven\\\/#breadcrumb\",\"itemListElement\":[{\"@type\":\"ListItem\",\"position\":1,\"name\":\"Home\",\"item\":\"https:\\\/\\\/www.ecrivus-multimedia.nl\\\/\"},{\"@type\":\"ListItem\",\"position\":2,\"name\":\"Shop\",\"item\":\"https:\\\/\\\/www.ecrivus-multimedia.nl\\\/shop\\\/\"},{\"@type\":\"ListItem\",\"position\":3,\"name\":\"Webtekst schrijven\"}]},{\"@type\":\"WebSite\",\"@id\":\"https:\\\/\\\/www.ecrivus-multimedia.nl\\\/#website\",\"url\":\"https:\\\/\\\/www.ecrivus-multimedia.nl\\\/\",\"name\":\"Ecrivus International Webshop\",\"description\":\"Erkende webshop voor be\u00ebdigde vertalingen.\",\"publisher\":{\"@id\":\"https:\\\/\\\/www.ecrivus-multimedia.nl\\\/#organization\"},\"potentialAction\":[{\"@type\":\"SearchAction\",\"target\":{\"@type\":\"EntryPoint\",\"urlTemplate\":\"https:\\\/\\\/www.ecrivus-multimedia.nl\\\/?s={search_term_string}\"},\"query-input\":{\"@type\":\"PropertyValueSpecification\",\"valueRequired\":true,\"valueName\":\"search_term_string\"}}],\"inLanguage\":\"fr-FR\"},{\"@type\":\"Organization\",\"@id\":\"https:\\\/\\\/www.ecrivus-multimedia.nl\\\/#organization\",\"name\":\"Ecrivus International\",\"url\":\"https:\\\/\\\/www.ecrivus-multimedia.nl\\\/\",\"logo\":{\"@type\":\"ImageObject\",\"inLanguage\":\"fr-FR\",\"@id\":\"https:\\\/\\\/www.ecrivus-multimedia.nl\\\/#\\\/schema\\\/logo\\\/image\\\/\",\"url\":\"https:\\\/\\\/www.ecrivus-multimedia.nl\\\/wp-content\\\/uploads\\\/2022\\\/01\\\/cropped-small-Logo-Ecrivus-Vector-Transparent2.png\",\"contentUrl\":\"https:\\\/\\\/www.ecrivus-multimedia.nl\\\/wp-content\\\/uploads\\\/2022\\\/01\\\/cropped-small-Logo-Ecrivus-Vector-Transparent2.png\",\"width\":512,\"height\":512,\"caption\":\"Ecrivus International\"},\"image\":{\"@id\":\"https:\\\/\\\/www.ecrivus-multimedia.nl\\\/#\\\/schema\\\/logo\\\/image\\\/\"},\"sameAs\":[\"https:\\\/\\\/www.facebook.com\\\/Ecrivus-International-676624782512639\\\/\",\"https:\\\/\\\/x.com\\\/ecrivusint\"]}]}<\/script>\n<!-- \/ Yoast SEO plugin. -->","yoast_head_json":{"title":"Webtekst schrijven? Webcontent nodig? Bestel nu in onze webshop!","description":"Webtekst schrijven? Wij schrijven webteksten in helder en perfect Nederlands. \u2713 SEO-vriendelijk \u2713 GRATIS offerte \u2713 Voordelig en snel","robots":{"index":"index","follow":"follow","max-snippet":"max-snippet:-1","max-image-preview":"max-image-preview:large","max-video-preview":"max-video-preview:-1"},"canonical":"https:\/\/www.ecrivus-multimedia.nl\/fr\/produit\/redaction-de-textes-pour-le-web\/","og_locale":"fr_FR","og_type":"article","og_title":"Webtekst schrijven? Webcontent nodig? Bestel nu in onze webshop!","og_description":"Webtekst schrijven? Wij schrijven webteksten in helder en perfect Nederlands. \u2713 SEO-vriendelijk \u2713 GRATIS offerte \u2713 Voordelig en snel","og_url":"https:\/\/www.ecrivus-multimedia.nl\/fr\/produit\/redaction-de-textes-pour-le-web\/","og_site_name":"Ecrivus International Webshop","article_publisher":"https:\/\/www.facebook.com\/Ecrivus-International-676624782512639\/","article_modified_time":"2026-04-13T07:22:43+00:00","og_image":[{"width":1000,"height":667,"url":"https:\/\/www.ecrivus-multimedia.nl\/wp-content\/uploads\/2019\/07\/image-2.webp","type":"image\/webp"}],"twitter_card":"summary_large_image","twitter_site":"@ecrivusint","twitter_misc":{"Dur\u00e9e de lecture estim\u00e9e":"2 minutes"},"schema":{"@context":"https:\/\/schema.org","@graph":[{"@type":"WebPage","@id":"https:\/\/www.ecrivus-multimedia.nl\/product\/webtekst-schrijven\/","url":"https:\/\/www.ecrivus-multimedia.nl\/product\/webtekst-schrijven\/","name":"Webtekst schrijven? Webcontent nodig? Bestel nu in onze webshop!","isPartOf":{"@id":"https:\/\/www.ecrivus-multimedia.nl\/#website"},"primaryImageOfPage":{"@id":"https:\/\/www.ecrivus-multimedia.nl\/product\/webtekst-schrijven\/#primaryimage"},"image":{"@id":"https:\/\/www.ecrivus-multimedia.nl\/product\/webtekst-schrijven\/#primaryimage"},"thumbnailUrl":"https:\/\/www.ecrivus-multimedia.nl\/wp-content\/uploads\/2019\/07\/image-2.webp","datePublished":"2019-07-26T12:52:55+00:00","dateModified":"2026-04-13T07:22:43+00:00","description":"Webtekst schrijven? Wij schrijven webteksten in helder en perfect Nederlands. \u2713 SEO-vriendelijk \u2713 GRATIS offerte \u2713 Voordelig en snel","breadcrumb":{"@id":"https:\/\/www.ecrivus-multimedia.nl\/product\/webtekst-schrijven\/#breadcrumb"},"inLanguage":"fr-FR","potentialAction":[{"@type":"ReadAction","target":["https:\/\/www.ecrivus-multimedia.nl\/product\/webtekst-schrijven\/"]}]},{"@type":"ImageObject","inLanguage":"fr-FR","@id":"https:\/\/www.ecrivus-multimedia.nl\/product\/webtekst-schrijven\/#primaryimage","url":"https:\/\/www.ecrivus-multimedia.nl\/wp-content\/uploads\/2019\/07\/image-2.webp","contentUrl":"https:\/\/www.ecrivus-multimedia.nl\/wp-content\/uploads\/2019\/07\/image-2.webp","width":1000,"height":667},{"@type":"BreadcrumbList","@id":"https:\/\/www.ecrivus-multimedia.nl\/product\/webtekst-schrijven\/#breadcrumb","itemListElement":[{"@type":"ListItem","position":1,"name":"Home","item":"https:\/\/www.ecrivus-multimedia.nl\/"},{"@type":"ListItem","position":2,"name":"Shop","item":"https:\/\/www.ecrivus-multimedia.nl\/shop\/"},{"@type":"ListItem","position":3,"name":"Webtekst schrijven"}]},{"@type":"WebSite","@id":"https:\/\/www.ecrivus-multimedia.nl\/#website","url":"https:\/\/www.ecrivus-multimedia.nl\/","name":"Ecrivus International Webshop","description":"Erkende webshop voor be\u00ebdigde vertalingen.","publisher":{"@id":"https:\/\/www.ecrivus-multimedia.nl\/#organization"},"potentialAction":[{"@type":"SearchAction","target":{"@type":"EntryPoint","urlTemplate":"https:\/\/www.ecrivus-multimedia.nl\/?s={search_term_string}"},"query-input":{"@type":"PropertyValueSpecification","valueRequired":true,"valueName":"search_term_string"}}],"inLanguage":"fr-FR"},{"@type":"Organization","@id":"https:\/\/www.ecrivus-multimedia.nl\/#organization","name":"Ecrivus International","url":"https:\/\/www.ecrivus-multimedia.nl\/","logo":{"@type":"ImageObject","inLanguage":"fr-FR","@id":"https:\/\/www.ecrivus-multimedia.nl\/#\/schema\/logo\/image\/","url":"https:\/\/www.ecrivus-multimedia.nl\/wp-content\/uploads\/2022\/01\/cropped-small-Logo-Ecrivus-Vector-Transparent2.png","contentUrl":"https:\/\/www.ecrivus-multimedia.nl\/wp-content\/uploads\/2022\/01\/cropped-small-Logo-Ecrivus-Vector-Transparent2.png","width":512,"height":512,"caption":"Ecrivus International"},"image":{"@id":"https:\/\/www.ecrivus-multimedia.nl\/#\/schema\/logo\/image\/"},"sameAs":["https:\/\/www.facebook.com\/Ecrivus-International-676624782512639\/","https:\/\/x.com\/ecrivusint"]}]}},"_links":{"self":[{"href":"https:\/\/www.ecrivus-multimedia.nl\/fr\/wp-json\/wp\/v2\/product\/44351","targetHints":{"allow":["GET"]}}],"collection":[{"href":"https:\/\/www.ecrivus-multimedia.nl\/fr\/wp-json\/wp\/v2\/product"}],"about":[{"href":"https:\/\/www.ecrivus-multimedia.nl\/fr\/wp-json\/wp\/v2\/types\/product"}],"replies":[{"embeddable":true,"href":"https:\/\/www.ecrivus-multimedia.nl\/fr\/wp-json\/wp\/v2\/comments?post=44351"}],"wp:featuredmedia":[{"embeddable":true,"href":"https:\/\/www.ecrivus-multimedia.nl\/fr\/wp-json\/wp\/v2\/media\/132689"}],"wp:attachment":[{"href":"https:\/\/www.ecrivus-multimedia.nl\/fr\/wp-json\/wp\/v2\/media?parent=44351"}],"wp:term":[{"taxonomy":"product_brand","embeddable":true,"href":"https:\/\/www.ecrivus-multimedia.nl\/fr\/wp-json\/wp\/v2\/product_brand?post=44351"},{"taxonomy":"product_cat","embeddable":true,"href":"https:\/\/www.ecrivus-multimedia.nl\/fr\/wp-json\/wp\/v2\/product_cat?post=44351"},{"taxonomy":"product_tag","embeddable":true,"href":"https:\/\/www.ecrivus-multimedia.nl\/fr\/wp-json\/wp\/v2\/product_tag?post=44351"}],"curies":[{"name":"wp","href":"https:\/\/api.w.org\/{rel}","templated":true}]}}