{"id":44614,"date":"2019-08-07T10:44:43","date_gmt":"2019-08-07T08:44:43","guid":{"rendered":"https:\/\/www.ecrivus-multimedia.nl\/?post_type=product&#038;p=44614"},"modified":"2026-04-12T12:15:45","modified_gmt":"2026-04-12T10:15:45","slug":"uittreksel-basisregistratie-personen-brp-vertalen-beedigd","status":"publish","type":"product","link":"https:\/\/www.ecrivus-multimedia.nl\/fr\/produit\/extrait-de-lenregistrement-de-base-des-personnes-traduction-brp-assermentee\/","title":{"rendered":"Extrait du registre des naissances, des d\u00e9c\u00e8s et des mariages (BRP) traduit (asserment\u00e9)"},"content":{"rendered":"<p><strong><a href=\"https:\/\/www.ecrivus-multimedia.nl\/go\/kvk-uittreksel-beedigde-vertaling-met-stempel\/\" title=\"Extrait du registre du commerce traduction certifi\u00e9e ? Commandez en ligne d\u00e8s maintenant !\" class=\"pretty-link-keyword\"rel=\"\">Extrait<\/a> enregistrement de base des personnes (<a href=\"https:\/\/www.ecrivus-multimedia.nl\/go\/uittreksel-basisregistratie-personen-brp-vertalen-beedigd\/\" title=\"Traduction asserment\u00e9e de l&#039;extrait du Registre de Base des Personnes (BRP) ? Commandez maintenant!\" class=\"pretty-link-keyword\"rel=\"\">BRP<\/a>) (<a href=\"https:\/\/www.ecrivus-multimedia.nl\/go\/be\u00ebdigde-vertaling\/\" title=\"Traductions asserment\u00e9es Archives | Ecrivus International Webshop\" class=\"pretty-link-keyword\"rel=\"\">traduction asserment\u00e9e<\/a> avec cachet)<\/strong><\/p>\n<p><a href=\"https:\/\/www.ecrivus-multimedia.nl\/go\/be\u00ebdigde-vertaling\/\" title=\"Traductions asserment\u00e9es Archives | Ecrivus International Webshop\" class=\"pretty-link-keyword\"rel=\"\">Traductions asserment\u00e9es<\/a> peuvent d\u00e9sormais \u00eatre facilement command\u00e9s en ligne.<\/p>\n<p>Diverses autorit\u00e9s peuvent en demander un <a href=\"https:\/\/www.ecrivus-multimedia.nl\/go\/be\u00ebdigde-vertaling\/\" title=\"Traductions asserment\u00e9es Archives | Ecrivus International Webshop\" class=\"pretty-link-keyword\"rel=\"\">traduction asserment\u00e9e<\/a> de votre <a href=\"https:\/\/www.ecrivus-multimedia.nl\/go\/kvk-uittreksel-beedigde-vertaling-met-stempel\/\" title=\"Extrait du registre du commerce traduction certifi\u00e9e ? Commandez en ligne d\u00e8s maintenant !\" class=\"pretty-link-keyword\"rel=\"\">extraire<\/a> enregistrement de base des personnes (<a href=\"https:\/\/www.ecrivus-multimedia.nl\/go\/uittreksel-basisregistratie-personen-brp-vertalen-beedigd\/\" title=\"Traduction asserment\u00e9e de l&#039;extrait du Registre de Base des Personnes (BRP) ? Commandez maintenant!\" class=\"pretty-link-keyword\"rel=\"\">BRP<\/a>). Chaque ann\u00e9e, nous nous occupons de <a href=\"https:\/\/www.ecrivus-multimedia.nl\/go\/be\u00ebdigde-vertaling\/\" title=\"Traductions asserment\u00e9es Archives | Ecrivus International Webshop\" class=\"pretty-link-keyword\"rel=\"\">traductions asserment\u00e9es<\/a> de centaines d&#039;extraits de l&#039;enregistrement de base des personnes (<a href=\"https:\/\/www.ecrivus-multimedia.nl\/go\/uittreksel-basisregistratie-personen-brp-vertalen-beedigd\/\" title=\"Traduction asserment\u00e9e de l&#039;extrait du Registre de Base des Personnes (BRP) ? Commandez maintenant!\" class=\"pretty-link-keyword\"rel=\"\">BRP<\/a>) dans de nombreuses langues diff\u00e9rentes. Ecrivus International n&#039;emploie que des traducteurs certifi\u00e9s et asserment\u00e9s poss\u00e9dant une vaste exp\u00e9rience dans la traduction de textes officiels. <a href=\"https:\/\/www.ecrivus-multimedia.nl\/go\/identiteitsbewijs-vertalen-beedigd\/\" title=\"Besoin d&#039;une traduction asserment\u00e9e de votre carte d&#039;identit\u00e9 ou carte d&#039;identit\u00e9 ? Maintenant disponible pour commander en ligne!\" class=\"pretty-link-keyword\"rel=\"\">identifiants<\/a>, <a href=\"https:\/\/www.ecrivus-multimedia.nl\/go\/paspoort-vertalen-beedigd\/\" title=\"Traduction asserment\u00e9e du passeport ? Commandez via notre boutique en ligne !\" class=\"pretty-link-keyword\"rel=\"\">passeports<\/a>, extraits de l&#039;enregistrement de base des personnes (<a href=\"https:\/\/www.ecrivus-multimedia.nl\/go\/uittreksel-basisregistratie-personen-brp-vertalen-beedigd\/\" title=\"Traduction asserment\u00e9e de l&#039;extrait du Registre de Base des Personnes (BRP) ? Commandez maintenant!\" class=\"pretty-link-keyword\"rel=\"\">BRP<\/a>) et les documents de voyage. Cela signifie que vous pouvez \u00eatre s\u00fbr que votre <a href=\"https:\/\/www.ecrivus-multimedia.nl\/go\/kvk-uittreksel-beedigde-vertaling-met-stempel\/\" title=\"Extrait du registre du commerce traduction certifi\u00e9e ? Commandez en ligne d\u00e8s maintenant !\" class=\"pretty-link-keyword\"rel=\"\">extraire<\/a> enregistrement de base des personnes (<a href=\"https:\/\/www.ecrivus-multimedia.nl\/go\/uittreksel-basisregistratie-personen-brp-vertalen-beedigd\/\" title=\"Traduction asserment\u00e9e de l&#039;extrait du Registre de Base des Personnes (BRP) ? Commandez maintenant!\" class=\"pretty-link-keyword\"rel=\"\">BRP<\/a>) est traduit avec pr\u00e9cision dans la langue souhait\u00e9e.<\/p>\n<p><strong>Le <a href=\"https:\/\/www.ecrivus-multimedia.nl\/go\/be\u00ebdigde-vertaling\/\" title=\"Traductions asserment\u00e9es Archives | Ecrivus International Webshop\" class=\"pretty-link-keyword\"rel=\"\">traduction asserment\u00e9e<\/a> de votre <a href=\"https:\/\/www.ecrivus-multimedia.nl\/go\/kvk-uittreksel-beedigde-vertaling-met-stempel\/\" title=\"Extrait du registre du commerce traduction certifi\u00e9e ? Commandez en ligne d\u00e8s maintenant !\" class=\"pretty-link-keyword\"rel=\"\">extraire<\/a> enregistrement de base des personnes (<a href=\"https:\/\/www.ecrivus-multimedia.nl\/go\/uittreksel-basisregistratie-personen-brp-vertalen-beedigd\/\" title=\"Traduction asserment\u00e9e de l&#039;extrait du Registre de Base des Personnes (BRP) ? Commandez maintenant!\" class=\"pretty-link-keyword\"rel=\"\">BRP<\/a>) est entre de bonnes mains chez nous :<\/strong><\/p>\n<ul>\n<li>Traduction par des traducteurs asserment\u00e9s, exp\u00e9riment\u00e9s et sp\u00e9cialis\u00e9s <a href=\"http:\/\/www.ecrivus.nl\/juridische-vertalingen\/\">traducteur juridique<\/a><\/li>\n<li>Y compris <a href=\"http:\/\/www.ecrivus.nl\/proeflezen\/\">relecture<\/a><\/li>\n<li>Y compris <a href=\"http:\/\/www.ecrivus.nl\/qa-kwaliteitscontroles\/\">contr\u00f4les de qualit\u00e9<\/a><\/li>\n<li>Tarifs comp\u00e9titifs<\/li>\n<li>D\u00e9lai de livraison rapide<\/li>\n<li>Choix de <a href=\"http:\/\/www.ecrivus.nl\/talen\/\">des centaines de combinaisons linguistiques<\/a><\/li>\n<li>Livraison express possible<\/li>\n<li>Prise en charge de divers formats de fichiers, y compris le format PDF<\/li>\n<li>Livraison toujours recommand\u00e9e de votre <a href=\"https:\/\/www.ecrivus-multimedia.nl\/go\/be\u00ebdigde-vertaling\/\" title=\"Traductions asserment\u00e9es Archives | Ecrivus International Webshop\" class=\"pretty-link-keyword\"rel=\"\">traduction asserment\u00e9e<\/a> avec Track &amp; Trace<\/li>\n<li>Possibilit\u00e9 de faire marquer votre document d'un <a href=\"https:\/\/www.ecrivus-multimedia.nl\/go\/apostilles-legalisatie-landenoverzicht\/\" title=\"Apostilles (l\u00e9galisation) - aper\u00e7u des pays\" class=\"pretty-link-keyword\"rel=\"\">apostille<\/a> ou <a href=\"https:\/\/www.ecrivus-multimedia.nl\/go\/apostilles-legalisatie-landenoverzicht\/\" title=\"Apostilles (l\u00e9galisation) - aper\u00e7u des pays\" class=\"pretty-link-keyword\"rel=\"\">l\u00e9galisation<\/a> (l\u00e9galiser)<\/li>\n<\/ul>\n<p>Pour faire votre <a href=\"https:\/\/www.ecrivus-multimedia.nl\/go\/kvk-uittreksel-beedigde-vertaling-met-stempel\/\" title=\"Extrait du registre du commerce traduction certifi\u00e9e ? Commandez en ligne d\u00e8s maintenant !\" class=\"pretty-link-keyword\"rel=\"\">extraire<\/a> enregistrement de base des personnes (<a href=\"https:\/\/www.ecrivus-multimedia.nl\/go\/uittreksel-basisregistratie-personen-brp-vertalen-beedigd\/\" title=\"Traduction asserment\u00e9e de l&#039;extrait du Registre de Base des Personnes (BRP) ? Commandez maintenant!\" class=\"pretty-link-keyword\"rel=\"\">BRP<\/a>) pour le faire traduire imm\u00e9diatement, s\u00e9lectionnez ci-dessus le nombre d&#039;extraits et la combinaison linguistique souhait\u00e9e. Cliquez ensuite sur &#039;Ajouter au panier&#039;. Vous pouvez ensuite prendre une photo\/scanner votre <a href=\"https:\/\/www.ecrivus-multimedia.nl\/go\/kvk-uittreksel-beedigde-vertaling-met-stempel\/\" title=\"Extrait du registre du commerce traduction certifi\u00e9e ? Commandez en ligne d\u00e8s maintenant !\" class=\"pretty-link-keyword\"rel=\"\">extraire<\/a> <a href=\"https:\/\/www.ecrivus-multimedia.nl\/go\/uittreksel-basisregistratie-personen-brp-vertalen-beedigd\/\" title=\"Traduction asserment\u00e9e de l&#039;extrait du Registre de Base des Personnes (BRP) ? Commandez maintenant!\" class=\"pretty-link-keyword\"rel=\"\">BRP<\/a> t\u00e9l\u00e9chargez et ajoutez \u00e0 votre commande. Vous pouvez t\u00e9l\u00e9charger un fichier ZIP pour plusieurs extraits. Nous proposons diverses options de paiement via des connexions s\u00e9curis\u00e9es (notamment iDeal, virement bancaire et PayPal).<\/p>\n<p><strong>D\u00e9lai de livraison standard<\/strong>5-6 jours ouvrables<\/p>\n<p>&nbsp;<\/p>","protected":false},"excerpt":{"rendered":"<p>Traduction professionnelle asserment\u00e9e avec cachet par un traducteur asserment\u00e9.<br \/>\nS\u00e9lectionnez la combinaison de langues ci-dessous :<\/p>","protected":false},"featured_media":132609,"comment_status":"open","ping_status":"closed","template":"","meta":{"_acf_changed":false,"_glsr_average":0,"_glsr_ranking":0,"_glsr_reviews":0,"_joinchat":[]},"product_brand":[],"product_cat":[107,624],"product_tag":[15399,15376,649,15378,105,102,15977],"class_list":{"0":"post-44614","1":"product","2":"type-product","3":"status-publish","4":"has-post-thumbnail","6":"product_cat-beedigde-vertalingen","7":"product_cat-juridische-vertalingen","8":"product_tag-bevolkingsregister","9":"product_tag-brp","10":"product_tag-burgerlijke-stand","11":"product_tag-gemeente","12":"product_tag-reisdocumenten","13":"product_tag-uittreksel","14":"product_tag-uittreksels-uit-het-bevolkingsregister","16":"first","17":"instock","18":"sold-individually","19":"taxable","20":"shipping-taxable","21":"purchasable","22":"product-type-variable"},"acf":[],"yoast_head":"<!-- This site is optimized with the Yoast SEO plugin v27.4 - https:\/\/yoast.com\/product\/yoast-seo-wordpress\/ -->\n<title>Uittreksel basisregistratie personen (BRP) be\u00ebdigd vertalen? Bestel nu!<\/title>\n<meta name=\"description\" content=\"Uw uittreksel basisregistratie personen (BRP) be\u00ebdigd vertalen? Bestel direct online! Offici\u00eble be\u00ebdigde vertaling met stempel.\" \/>\n<meta name=\"robots\" content=\"index, follow, max-snippet:-1, max-image-preview:large, max-video-preview:-1\" \/>\n<link rel=\"canonical\" href=\"https:\/\/www.ecrivus-multimedia.nl\/fr\/produit\/extrait-de-lenregistrement-de-base-des-personnes-traduction-brp-assermentee\/\" \/>\n<meta property=\"og:locale\" content=\"fr_FR\" \/>\n<meta property=\"og:type\" content=\"article\" \/>\n<meta property=\"og:title\" content=\"Uittreksel basisregistratie personen (BRP) be\u00ebdigd vertalen? Bestel nu!\" \/>\n<meta property=\"og:description\" content=\"Uw uittreksel basisregistratie personen (BRP) be\u00ebdigd vertalen? Bestel direct online! Offici\u00eble be\u00ebdigde vertaling met stempel.\" \/>\n<meta property=\"og:url\" content=\"https:\/\/www.ecrivus-multimedia.nl\/fr\/produit\/extrait-de-lenregistrement-de-base-des-personnes-traduction-brp-assermentee\/\" \/>\n<meta property=\"og:site_name\" content=\"Ecrivus International Webshop\" \/>\n<meta property=\"article:publisher\" content=\"https:\/\/www.facebook.com\/Ecrivus-International-676624782512639\/\" \/>\n<meta property=\"article:modified_time\" content=\"2026-04-12T10:15:45+00:00\" \/>\n<meta property=\"og:image\" content=\"https:\/\/www.ecrivus-multimedia.nl\/wp-content\/uploads\/2026\/04\/lakstempel-drukken-document-vooraanzicht-2.jpg\" \/>\n\t<meta property=\"og:image:width\" content=\"1000\" \/>\n\t<meta property=\"og:image:height\" content=\"667\" \/>\n\t<meta property=\"og:image:type\" content=\"image\/jpeg\" \/>\n<meta name=\"twitter:card\" content=\"summary_large_image\" \/>\n<meta name=\"twitter:site\" content=\"@ecrivusint\" \/>\n<meta name=\"twitter:label1\" content=\"Dur\u00e9e de lecture estim\u00e9e\" \/>\n\t<meta name=\"twitter:data1\" content=\"2 minutes\" \/>\n<script type=\"application\/ld+json\" class=\"yoast-schema-graph\">{\"@context\":\"https:\\\/\\\/schema.org\",\"@graph\":[{\"@type\":\"WebPage\",\"@id\":\"https:\\\/\\\/www.ecrivus-multimedia.nl\\\/product\\\/uittreksel-basisregistratie-personen-brp-vertalen-beedigd\\\/\",\"url\":\"https:\\\/\\\/www.ecrivus-multimedia.nl\\\/product\\\/uittreksel-basisregistratie-personen-brp-vertalen-beedigd\\\/\",\"name\":\"Uittreksel basisregistratie personen (BRP) be\u00ebdigd vertalen? Bestel nu!\",\"isPartOf\":{\"@id\":\"https:\\\/\\\/www.ecrivus-multimedia.nl\\\/#website\"},\"primaryImageOfPage\":{\"@id\":\"https:\\\/\\\/www.ecrivus-multimedia.nl\\\/product\\\/uittreksel-basisregistratie-personen-brp-vertalen-beedigd\\\/#primaryimage\"},\"image\":{\"@id\":\"https:\\\/\\\/www.ecrivus-multimedia.nl\\\/product\\\/uittreksel-basisregistratie-personen-brp-vertalen-beedigd\\\/#primaryimage\"},\"thumbnailUrl\":\"https:\\\/\\\/www.ecrivus-multimedia.nl\\\/wp-content\\\/uploads\\\/2026\\\/04\\\/lakstempel-drukken-document-vooraanzicht-2.jpg\",\"datePublished\":\"2019-08-07T08:44:43+00:00\",\"dateModified\":\"2026-04-12T10:15:45+00:00\",\"description\":\"Uw uittreksel basisregistratie personen (BRP) be\u00ebdigd vertalen? Bestel direct online! Offici\u00eble be\u00ebdigde vertaling met stempel.\",\"breadcrumb\":{\"@id\":\"https:\\\/\\\/www.ecrivus-multimedia.nl\\\/product\\\/uittreksel-basisregistratie-personen-brp-vertalen-beedigd\\\/#breadcrumb\"},\"inLanguage\":\"fr-FR\",\"potentialAction\":[{\"@type\":\"ReadAction\",\"target\":[\"https:\\\/\\\/www.ecrivus-multimedia.nl\\\/product\\\/uittreksel-basisregistratie-personen-brp-vertalen-beedigd\\\/\"]}]},{\"@type\":\"ImageObject\",\"inLanguage\":\"fr-FR\",\"@id\":\"https:\\\/\\\/www.ecrivus-multimedia.nl\\\/product\\\/uittreksel-basisregistratie-personen-brp-vertalen-beedigd\\\/#primaryimage\",\"url\":\"https:\\\/\\\/www.ecrivus-multimedia.nl\\\/wp-content\\\/uploads\\\/2026\\\/04\\\/lakstempel-drukken-document-vooraanzicht-2.jpg\",\"contentUrl\":\"https:\\\/\\\/www.ecrivus-multimedia.nl\\\/wp-content\\\/uploads\\\/2026\\\/04\\\/lakstempel-drukken-document-vooraanzicht-2.jpg\",\"width\":1000,\"height\":667},{\"@type\":\"BreadcrumbList\",\"@id\":\"https:\\\/\\\/www.ecrivus-multimedia.nl\\\/product\\\/uittreksel-basisregistratie-personen-brp-vertalen-beedigd\\\/#breadcrumb\",\"itemListElement\":[{\"@type\":\"ListItem\",\"position\":1,\"name\":\"Home\",\"item\":\"https:\\\/\\\/www.ecrivus-multimedia.nl\\\/\"},{\"@type\":\"ListItem\",\"position\":2,\"name\":\"Shop\",\"item\":\"https:\\\/\\\/www.ecrivus-multimedia.nl\\\/shop\\\/\"},{\"@type\":\"ListItem\",\"position\":3,\"name\":\"Uittreksel basisregistratie personen (BRP) vertalen (be\u00ebdigd)\"}]},{\"@type\":\"WebSite\",\"@id\":\"https:\\\/\\\/www.ecrivus-multimedia.nl\\\/#website\",\"url\":\"https:\\\/\\\/www.ecrivus-multimedia.nl\\\/\",\"name\":\"Ecrivus International Webshop\",\"description\":\"Erkende webshop voor be\u00ebdigde vertalingen.\",\"publisher\":{\"@id\":\"https:\\\/\\\/www.ecrivus-multimedia.nl\\\/#organization\"},\"potentialAction\":[{\"@type\":\"SearchAction\",\"target\":{\"@type\":\"EntryPoint\",\"urlTemplate\":\"https:\\\/\\\/www.ecrivus-multimedia.nl\\\/?s={search_term_string}\"},\"query-input\":{\"@type\":\"PropertyValueSpecification\",\"valueRequired\":true,\"valueName\":\"search_term_string\"}}],\"inLanguage\":\"fr-FR\"},{\"@type\":\"Organization\",\"@id\":\"https:\\\/\\\/www.ecrivus-multimedia.nl\\\/#organization\",\"name\":\"Ecrivus International\",\"url\":\"https:\\\/\\\/www.ecrivus-multimedia.nl\\\/\",\"logo\":{\"@type\":\"ImageObject\",\"inLanguage\":\"fr-FR\",\"@id\":\"https:\\\/\\\/www.ecrivus-multimedia.nl\\\/#\\\/schema\\\/logo\\\/image\\\/\",\"url\":\"https:\\\/\\\/www.ecrivus-multimedia.nl\\\/wp-content\\\/uploads\\\/2022\\\/01\\\/cropped-small-Logo-Ecrivus-Vector-Transparent2.png\",\"contentUrl\":\"https:\\\/\\\/www.ecrivus-multimedia.nl\\\/wp-content\\\/uploads\\\/2022\\\/01\\\/cropped-small-Logo-Ecrivus-Vector-Transparent2.png\",\"width\":512,\"height\":512,\"caption\":\"Ecrivus International\"},\"image\":{\"@id\":\"https:\\\/\\\/www.ecrivus-multimedia.nl\\\/#\\\/schema\\\/logo\\\/image\\\/\"},\"sameAs\":[\"https:\\\/\\\/www.facebook.com\\\/Ecrivus-International-676624782512639\\\/\",\"https:\\\/\\\/x.com\\\/ecrivusint\"]}]}<\/script>\n<!-- \/ Yoast SEO plugin. -->","yoast_head_json":{"title":"Uittreksel basisregistratie personen (BRP) be\u00ebdigd vertalen? Bestel nu!","description":"Uw uittreksel basisregistratie personen (BRP) be\u00ebdigd vertalen? Bestel direct online! Offici\u00eble be\u00ebdigde vertaling met stempel.","robots":{"index":"index","follow":"follow","max-snippet":"max-snippet:-1","max-image-preview":"max-image-preview:large","max-video-preview":"max-video-preview:-1"},"canonical":"https:\/\/www.ecrivus-multimedia.nl\/fr\/produit\/extrait-de-lenregistrement-de-base-des-personnes-traduction-brp-assermentee\/","og_locale":"fr_FR","og_type":"article","og_title":"Uittreksel basisregistratie personen (BRP) be\u00ebdigd vertalen? Bestel nu!","og_description":"Uw uittreksel basisregistratie personen (BRP) be\u00ebdigd vertalen? Bestel direct online! Offici\u00eble be\u00ebdigde vertaling met stempel.","og_url":"https:\/\/www.ecrivus-multimedia.nl\/fr\/produit\/extrait-de-lenregistrement-de-base-des-personnes-traduction-brp-assermentee\/","og_site_name":"Ecrivus International Webshop","article_publisher":"https:\/\/www.facebook.com\/Ecrivus-International-676624782512639\/","article_modified_time":"2026-04-12T10:15:45+00:00","og_image":[{"width":1000,"height":667,"url":"https:\/\/www.ecrivus-multimedia.nl\/wp-content\/uploads\/2026\/04\/lakstempel-drukken-document-vooraanzicht-2.jpg","type":"image\/jpeg"}],"twitter_card":"summary_large_image","twitter_site":"@ecrivusint","twitter_misc":{"Dur\u00e9e de lecture estim\u00e9e":"2 minutes"},"schema":{"@context":"https:\/\/schema.org","@graph":[{"@type":"WebPage","@id":"https:\/\/www.ecrivus-multimedia.nl\/product\/uittreksel-basisregistratie-personen-brp-vertalen-beedigd\/","url":"https:\/\/www.ecrivus-multimedia.nl\/product\/uittreksel-basisregistratie-personen-brp-vertalen-beedigd\/","name":"Uittreksel basisregistratie personen (BRP) be\u00ebdigd vertalen? Bestel nu!","isPartOf":{"@id":"https:\/\/www.ecrivus-multimedia.nl\/#website"},"primaryImageOfPage":{"@id":"https:\/\/www.ecrivus-multimedia.nl\/product\/uittreksel-basisregistratie-personen-brp-vertalen-beedigd\/#primaryimage"},"image":{"@id":"https:\/\/www.ecrivus-multimedia.nl\/product\/uittreksel-basisregistratie-personen-brp-vertalen-beedigd\/#primaryimage"},"thumbnailUrl":"https:\/\/www.ecrivus-multimedia.nl\/wp-content\/uploads\/2026\/04\/lakstempel-drukken-document-vooraanzicht-2.jpg","datePublished":"2019-08-07T08:44:43+00:00","dateModified":"2026-04-12T10:15:45+00:00","description":"Uw uittreksel basisregistratie personen (BRP) be\u00ebdigd vertalen? Bestel direct online! Offici\u00eble be\u00ebdigde vertaling met stempel.","breadcrumb":{"@id":"https:\/\/www.ecrivus-multimedia.nl\/product\/uittreksel-basisregistratie-personen-brp-vertalen-beedigd\/#breadcrumb"},"inLanguage":"fr-FR","potentialAction":[{"@type":"ReadAction","target":["https:\/\/www.ecrivus-multimedia.nl\/product\/uittreksel-basisregistratie-personen-brp-vertalen-beedigd\/"]}]},{"@type":"ImageObject","inLanguage":"fr-FR","@id":"https:\/\/www.ecrivus-multimedia.nl\/product\/uittreksel-basisregistratie-personen-brp-vertalen-beedigd\/#primaryimage","url":"https:\/\/www.ecrivus-multimedia.nl\/wp-content\/uploads\/2026\/04\/lakstempel-drukken-document-vooraanzicht-2.jpg","contentUrl":"https:\/\/www.ecrivus-multimedia.nl\/wp-content\/uploads\/2026\/04\/lakstempel-drukken-document-vooraanzicht-2.jpg","width":1000,"height":667},{"@type":"BreadcrumbList","@id":"https:\/\/www.ecrivus-multimedia.nl\/product\/uittreksel-basisregistratie-personen-brp-vertalen-beedigd\/#breadcrumb","itemListElement":[{"@type":"ListItem","position":1,"name":"Home","item":"https:\/\/www.ecrivus-multimedia.nl\/"},{"@type":"ListItem","position":2,"name":"Shop","item":"https:\/\/www.ecrivus-multimedia.nl\/shop\/"},{"@type":"ListItem","position":3,"name":"Uittreksel basisregistratie personen (BRP) vertalen (be\u00ebdigd)"}]},{"@type":"WebSite","@id":"https:\/\/www.ecrivus-multimedia.nl\/#website","url":"https:\/\/www.ecrivus-multimedia.nl\/","name":"Ecrivus International Webshop","description":"Erkende webshop voor be\u00ebdigde vertalingen.","publisher":{"@id":"https:\/\/www.ecrivus-multimedia.nl\/#organization"},"potentialAction":[{"@type":"SearchAction","target":{"@type":"EntryPoint","urlTemplate":"https:\/\/www.ecrivus-multimedia.nl\/?s={search_term_string}"},"query-input":{"@type":"PropertyValueSpecification","valueRequired":true,"valueName":"search_term_string"}}],"inLanguage":"fr-FR"},{"@type":"Organization","@id":"https:\/\/www.ecrivus-multimedia.nl\/#organization","name":"Ecrivus International","url":"https:\/\/www.ecrivus-multimedia.nl\/","logo":{"@type":"ImageObject","inLanguage":"fr-FR","@id":"https:\/\/www.ecrivus-multimedia.nl\/#\/schema\/logo\/image\/","url":"https:\/\/www.ecrivus-multimedia.nl\/wp-content\/uploads\/2022\/01\/cropped-small-Logo-Ecrivus-Vector-Transparent2.png","contentUrl":"https:\/\/www.ecrivus-multimedia.nl\/wp-content\/uploads\/2022\/01\/cropped-small-Logo-Ecrivus-Vector-Transparent2.png","width":512,"height":512,"caption":"Ecrivus International"},"image":{"@id":"https:\/\/www.ecrivus-multimedia.nl\/#\/schema\/logo\/image\/"},"sameAs":["https:\/\/www.facebook.com\/Ecrivus-International-676624782512639\/","https:\/\/x.com\/ecrivusint"]}]}},"_links":{"self":[{"href":"https:\/\/www.ecrivus-multimedia.nl\/fr\/wp-json\/wp\/v2\/product\/44614","targetHints":{"allow":["GET"]}}],"collection":[{"href":"https:\/\/www.ecrivus-multimedia.nl\/fr\/wp-json\/wp\/v2\/product"}],"about":[{"href":"https:\/\/www.ecrivus-multimedia.nl\/fr\/wp-json\/wp\/v2\/types\/product"}],"replies":[{"embeddable":true,"href":"https:\/\/www.ecrivus-multimedia.nl\/fr\/wp-json\/wp\/v2\/comments?post=44614"}],"wp:featuredmedia":[{"embeddable":true,"href":"https:\/\/www.ecrivus-multimedia.nl\/fr\/wp-json\/wp\/v2\/media\/132609"}],"wp:attachment":[{"href":"https:\/\/www.ecrivus-multimedia.nl\/fr\/wp-json\/wp\/v2\/media?parent=44614"}],"wp:term":[{"taxonomy":"product_brand","embeddable":true,"href":"https:\/\/www.ecrivus-multimedia.nl\/fr\/wp-json\/wp\/v2\/product_brand?post=44614"},{"taxonomy":"product_cat","embeddable":true,"href":"https:\/\/www.ecrivus-multimedia.nl\/fr\/wp-json\/wp\/v2\/product_cat?post=44614"},{"taxonomy":"product_tag","embeddable":true,"href":"https:\/\/www.ecrivus-multimedia.nl\/fr\/wp-json\/wp\/v2\/product_tag?post=44614"}],"curies":[{"name":"wp","href":"https:\/\/api.w.org\/{rel}","templated":true}]}}