{"id":54791,"date":"2017-09-19T08:29:10","date_gmt":"2017-09-19T06:29:10","guid":{"rendered":"https:\/\/www.ecrivus-multimedia.nl\/product\/document-van-het-uwv-beedigde-vertaling-met-stempel\/"},"modified":"2026-04-12T12:13:17","modified_gmt":"2026-04-12T10:13:17","slug":"document-van-het-uwv-beedigde-vertaling-met-stempel","status":"publish","type":"product","link":"https:\/\/www.ecrivus-multimedia.nl\/fr\/produit\/document-uwv-traduction-assermentee-avec-cachet\/","title":{"rendered":"Traduire un document de l'UWV (asserment\u00e9)"},"content":{"rendered":"<p><strong>Document du <a href=\"https:\/\/www.ecrivus-multimedia.nl\/go\/document-van-het-uwv-beedigde-vertaling-met-stempel\/\" title=\"Traduction asserment\u00e9e d&#039;un document de l&#039;UWV ? Commandez dans notre boutique en ligne !\" class=\"pretty-link-keyword\"rel=\"\">UWV<\/a> (<a href=\"https:\/\/www.ecrivus-multimedia.nl\/go\/be\u00ebdigde-vertaling\/\" title=\"Traductions asserment\u00e9es Archives | Ecrivus International Webshop\" class=\"pretty-link-keyword\"rel=\"\">traduction asserment\u00e9e<\/a> avec cachet)<\/strong><\/p>\n<p>Le <a href=\"https:\/\/www.ecrivus-multimedia.nl\/go\/be\u00ebdigde-vertaling\/\" title=\"Traductions asserment\u00e9es Archives | Ecrivus International Webshop\" class=\"pretty-link-keyword\"rel=\"\">traduction asserment\u00e9e<\/a> de votre document du <a href=\"https:\/\/www.ecrivus-multimedia.nl\/go\/document-van-het-uwv-beedigde-vertaling-met-stempel\/\" title=\"Traduction asserment\u00e9e d&#039;un document de l&#039;UWV ? Commandez dans notre boutique en ligne !\" class=\"pretty-link-keyword\"rel=\"\">UWV<\/a> peuvent d\u00e9sormais \u00eatre facilement command\u00e9s en ligne.<\/p>\n<p>Avez-vous un <a href=\"https:\/\/www.ecrivus-multimedia.nl\/go\/be\u00ebdigde-vertaling\/\" title=\"Traductions asserment\u00e9es Archives | Ecrivus International Webshop\" class=\"pretty-link-keyword\"rel=\"\">traduction asserment\u00e9e<\/a> d&#039;un document du <a href=\"https:\/\/www.ecrivus-multimedia.nl\/go\/document-van-het-uwv-beedigde-vertaling-met-stempel\/\" title=\"Traduction asserment\u00e9e d&#039;un document de l&#039;UWV ? Commandez dans notre boutique en ligne !\" class=\"pretty-link-keyword\"rel=\"\">UWV<\/a> n\u00e9cessaires ? A <a href=\"https:\/\/www.ecrivus-multimedia.nl\/go\/be\u00ebdigde-vertaling\/\" title=\"Traductions asserment\u00e9es Archives | Ecrivus International Webshop\" class=\"pretty-link-keyword\"rel=\"\">traduction asserment\u00e9e<\/a> d&#039;un document du <a href=\"https:\/\/www.ecrivus-multimedia.nl\/go\/document-van-het-uwv-beedigde-vertaling-met-stempel\/\" title=\"Traduction asserment\u00e9e d&#039;un document de l&#039;UWV ? Commandez dans notre boutique en ligne !\" class=\"pretty-link-keyword\"rel=\"\">UWV<\/a> est rapide et facile \u00e0 organiser chez Ecrivus International. Nous travaillons en \u00e9troite collaboration avec un vaste r\u00e9seau de traducteurs qualifi\u00e9s et asserment\u00e9s qui ont une grande exp\u00e9rience de la traduction asserment\u00e9e des documents suivants <a href=\"https:\/\/www.ecrivus-multimedia.nl\/go\/be\u00ebdigde-vertaling\/\" title=\"Traductions asserment\u00e9es Archives | Ecrivus International Webshop\" class=\"pretty-link-keyword\"rel=\"\">documents officiels<\/a>. Cela vous permet d&#039;\u00eatre s\u00fbr que votre document est de la <a href=\"https:\/\/www.ecrivus-multimedia.nl\/go\/document-van-het-uwv-beedigde-vertaling-met-stempel\/\" title=\"Traduction asserment\u00e9e d&#039;un document de l&#039;UWV ? Commandez dans notre boutique en ligne !\" class=\"pretty-link-keyword\"rel=\"\">UWV<\/a> traduits avec pr\u00e9cision dans la langue souhait\u00e9e. Tous nos <a href=\"https:\/\/www.ecrivus-multimedia.nl\/go\/be\u00ebdigde-vertaling\/\" title=\"Traductions asserment\u00e9es Archives | Ecrivus International Webshop\" class=\"pretty-link-keyword\"rel=\"\">traductions asserment\u00e9es<\/a> comprennent, bien entendu, le cachet de la <a href=\"https:\/\/www.ecrivus-multimedia.nl\/go\/be\u00ebdigde-vertaling\/\" title=\"Traductions asserment\u00e9es Archives | Ecrivus International Webshop\" class=\"pretty-link-keyword\"rel=\"\">traducteur asserment\u00e9<\/a>.<\/p>\n<p><strong>Le <a href=\"https:\/\/www.ecrivus-multimedia.nl\/go\/be\u00ebdigde-vertaling\/\" title=\"Traductions asserment\u00e9es Archives | Ecrivus International Webshop\" class=\"pretty-link-keyword\"rel=\"\">traduction asserment\u00e9e<\/a> de votre document du <a href=\"https:\/\/www.ecrivus-multimedia.nl\/go\/document-van-het-uwv-beedigde-vertaling-met-stempel\/\" title=\"Traduction asserment\u00e9e d&#039;un document de l&#039;UWV ? Commandez dans notre boutique en ligne !\" class=\"pretty-link-keyword\"rel=\"\">UWV<\/a> est entre de bonnes mains :<\/strong><\/p>\n<ul>\n<li>Traduction par des traducteurs asserment\u00e9s, exp\u00e9riment\u00e9s et sp\u00e9cialis\u00e9s <a href=\"http:\/\/www.ecrivus.nl\/juridische-vertalingen\/\">traducteur juridique<\/a><\/li>\n<li>Y compris <a href=\"http:\/\/www.ecrivus.nl\/proeflezen\/\">relecture<\/a><\/li>\n<li>Y compris <a href=\"http:\/\/www.ecrivus.nl\/qa-kwaliteitscontroles\/\">contr\u00f4les de qualit\u00e9<\/a><\/li>\n<li>Tarifs comp\u00e9titifs<\/li>\n<li>D\u00e9lai de livraison rapide<\/li>\n<li>Choix de <a href=\"http:\/\/www.ecrivus.nl\/talen\/\">des centaines de combinaisons linguistiques<\/a><\/li>\n<li>Livraison express possible<\/li>\n<li>Prise en charge de nombreux formats de fichiers, y compris le format PDF<\/li>\n<li>Livraison toujours recommand\u00e9e de votre <a href=\"https:\/\/www.ecrivus-multimedia.nl\/go\/be\u00ebdigde-vertaling\/\" title=\"Traductions asserment\u00e9es Archives | Ecrivus International Webshop\" class=\"pretty-link-keyword\"rel=\"\">traduction asserment\u00e9e<\/a> avec Track &amp; Trace<\/li>\n<li>Possibilit\u00e9 de faire marquer votre document d'un <a href=\"https:\/\/www.ecrivus-multimedia.nl\/go\/apostilles-legalisatie-landenoverzicht\/\" title=\"Apostilles (l\u00e9galisation) - aper\u00e7u des pays\" class=\"pretty-link-keyword\"rel=\"\">apostille<\/a> ou <a href=\"https:\/\/www.ecrivus-multimedia.nl\/go\/apostilles-legalisatie-landenoverzicht\/\" title=\"Apostilles (l\u00e9galisation) - aper\u00e7u des pays\" class=\"pretty-link-keyword\"rel=\"\">l\u00e9galisation<\/a> (l\u00e9galiser)<\/li>\n<\/ul>\n<p>Pour en r\u00e9cup\u00e9rer votre document <a href=\"https:\/\/www.ecrivus-multimedia.nl\/go\/document-van-het-uwv-beedigde-vertaling-met-stempel\/\" title=\"Traduction asserment\u00e9e d&#039;un document de l&#039;UWV ? Commandez dans notre boutique en ligne !\" class=\"pretty-link-keyword\"rel=\"\">UV<\/a> Pour le faire traduire imm\u00e9diatement, s\u00e9lectionnez le nombre de pages et la combinaison de langues souhait\u00e9e en haut de cette page. Cliquez ensuite sur &#039;Ajouter au panier&#039;. Ensuite, vous pouvez prendre une photo\/scanner votre document \u00e0 partir de celui-ci <a href=\"https:\/\/www.ecrivus-multimedia.nl\/go\/document-van-het-uwv-beedigde-vertaling-met-stempel\/\" title=\"Traduction asserment\u00e9e d&#039;un document de l&#039;UWV ? Commandez dans notre boutique en ligne !\" class=\"pretty-link-keyword\"rel=\"\">UWV<\/a> et l'ajouter \u00e0 votre commande. Nous proposons plusieurs options de paiement via des connexions s\u00e9curis\u00e9es (notamment iDEAL, virement bancaire et PayPal).<\/p>\n<p><strong>D\u00e9lai de livraison standard<\/strong>D\u00e9lai de livraison : 5-6 jours ouvrables. La livraison express est possible (2-3 jours ouvrables).<\/p>\n<p>&nbsp;<\/p>","protected":false},"excerpt":{"rendered":"<p>Traduction professionnelle asserment\u00e9e avec cachet par un traducteur asserment\u00e9.<br \/>\nS\u00e9lectionnez la combinaison de langues ci-dessous :<\/p>","protected":false},"featured_media":132609,"comment_status":"open","ping_status":"closed","template":"","meta":{"_acf_changed":false,"_glsr_average":0,"_glsr_ranking":0,"_glsr_reviews":0,"_joinchat":[]},"product_brand":[],"product_cat":[107,624],"product_tag":[642,15562,112],"class_list":{"0":"post-54791","1":"product","2":"type-product","3":"status-publish","4":"has-post-thumbnail","6":"product_cat-beedigde-vertalingen","7":"product_cat-juridische-vertalingen","8":"product_tag-beedigd","9":"product_tag-document-van-het-uwv","10":"product_tag-juridisch","12":"first","13":"instock","14":"sold-individually","15":"taxable","16":"shipping-taxable","17":"purchasable","18":"product-type-variable"},"acf":[],"yoast_head":"<!-- This site is optimized with the Yoast SEO plugin v27.4 - https:\/\/yoast.com\/product\/yoast-seo-wordpress\/ -->\n<title>Document van het UWV be\u00ebdigd vertalen? Bestel in onze webshop!<\/title>\n<meta name=\"description\" content=\"Document van het UWV be\u00ebdigd vertalen? Bestel direct online! Offici\u00eble be\u00ebdigde vertaling met stempel van uw document van het uwv. Alle talen. Voordelig geregeld!\" \/>\n<meta name=\"robots\" content=\"index, follow, max-snippet:-1, max-image-preview:large, max-video-preview:-1\" \/>\n<link rel=\"canonical\" href=\"https:\/\/www.ecrivus-multimedia.nl\/fr\/produit\/document-uwv-traduction-assermentee-avec-cachet\/\" \/>\n<meta property=\"og:locale\" content=\"fr_FR\" \/>\n<meta property=\"og:type\" content=\"article\" \/>\n<meta property=\"og:title\" content=\"Document van het UWV be\u00ebdigd vertalen? Bestel in onze webshop!\" \/>\n<meta property=\"og:description\" content=\"Document van het UWV be\u00ebdigd vertalen? Bestel direct online! Offici\u00eble be\u00ebdigde vertaling met stempel van uw document van het uwv. Alle talen. Voordelig geregeld!\" \/>\n<meta property=\"og:url\" content=\"https:\/\/www.ecrivus-multimedia.nl\/fr\/produit\/document-uwv-traduction-assermentee-avec-cachet\/\" \/>\n<meta property=\"og:site_name\" content=\"Ecrivus International Webshop\" \/>\n<meta property=\"article:publisher\" content=\"https:\/\/www.facebook.com\/Ecrivus-International-676624782512639\/\" \/>\n<meta property=\"article:modified_time\" content=\"2026-04-12T10:13:17+00:00\" \/>\n<meta property=\"og:image\" content=\"https:\/\/www.ecrivus-multimedia.nl\/wp-content\/uploads\/2021\/11\/beedigde-vertaling.jpg\" \/>\n\t<meta property=\"og:image:width\" content=\"1000\" \/>\n\t<meta property=\"og:image:height\" content=\"667\" \/>\n\t<meta property=\"og:image:type\" content=\"image\/jpeg\" \/>\n<meta name=\"twitter:card\" content=\"summary_large_image\" \/>\n<meta name=\"twitter:site\" content=\"@ecrivusint\" \/>\n<meta name=\"twitter:label1\" content=\"Dur\u00e9e de lecture estim\u00e9e\" \/>\n\t<meta name=\"twitter:data1\" content=\"1 minute\" \/>\n<script type=\"application\/ld+json\" class=\"yoast-schema-graph\">{\"@context\":\"https:\\\/\\\/schema.org\",\"@graph\":[{\"@type\":\"WebPage\",\"@id\":\"https:\\\/\\\/www.ecrivus-multimedia.nl\\\/product\\\/document-van-het-uwv-beedigde-vertaling-met-stempel\\\/\",\"url\":\"https:\\\/\\\/www.ecrivus-multimedia.nl\\\/product\\\/document-van-het-uwv-beedigde-vertaling-met-stempel\\\/\",\"name\":\"Document van het UWV be\u00ebdigd vertalen? Bestel in onze webshop!\",\"isPartOf\":{\"@id\":\"https:\\\/\\\/www.ecrivus-multimedia.nl\\\/#website\"},\"primaryImageOfPage\":{\"@id\":\"https:\\\/\\\/www.ecrivus-multimedia.nl\\\/product\\\/document-van-het-uwv-beedigde-vertaling-met-stempel\\\/#primaryimage\"},\"image\":{\"@id\":\"https:\\\/\\\/www.ecrivus-multimedia.nl\\\/product\\\/document-van-het-uwv-beedigde-vertaling-met-stempel\\\/#primaryimage\"},\"thumbnailUrl\":\"https:\\\/\\\/www.ecrivus-multimedia.nl\\\/wp-content\\\/uploads\\\/2026\\\/04\\\/lakstempel-drukken-document-vooraanzicht-2.jpg\",\"datePublished\":\"2017-09-19T06:29:10+00:00\",\"dateModified\":\"2026-04-12T10:13:17+00:00\",\"description\":\"Document van het UWV be\u00ebdigd vertalen? Bestel direct online! Offici\u00eble be\u00ebdigde vertaling met stempel van uw document van het uwv. Alle talen. Voordelig geregeld!\",\"breadcrumb\":{\"@id\":\"https:\\\/\\\/www.ecrivus-multimedia.nl\\\/product\\\/document-van-het-uwv-beedigde-vertaling-met-stempel\\\/#breadcrumb\"},\"inLanguage\":\"fr-FR\",\"potentialAction\":[{\"@type\":\"ReadAction\",\"target\":[\"https:\\\/\\\/www.ecrivus-multimedia.nl\\\/product\\\/document-van-het-uwv-beedigde-vertaling-met-stempel\\\/\"]}]},{\"@type\":\"ImageObject\",\"inLanguage\":\"fr-FR\",\"@id\":\"https:\\\/\\\/www.ecrivus-multimedia.nl\\\/product\\\/document-van-het-uwv-beedigde-vertaling-met-stempel\\\/#primaryimage\",\"url\":\"https:\\\/\\\/www.ecrivus-multimedia.nl\\\/wp-content\\\/uploads\\\/2026\\\/04\\\/lakstempel-drukken-document-vooraanzicht-2.jpg\",\"contentUrl\":\"https:\\\/\\\/www.ecrivus-multimedia.nl\\\/wp-content\\\/uploads\\\/2026\\\/04\\\/lakstempel-drukken-document-vooraanzicht-2.jpg\",\"width\":1000,\"height\":667},{\"@type\":\"BreadcrumbList\",\"@id\":\"https:\\\/\\\/www.ecrivus-multimedia.nl\\\/product\\\/document-van-het-uwv-beedigde-vertaling-met-stempel\\\/#breadcrumb\",\"itemListElement\":[{\"@type\":\"ListItem\",\"position\":1,\"name\":\"Home\",\"item\":\"https:\\\/\\\/www.ecrivus-multimedia.nl\\\/\"},{\"@type\":\"ListItem\",\"position\":2,\"name\":\"Shop\",\"item\":\"https:\\\/\\\/www.ecrivus-multimedia.nl\\\/shop\\\/\"},{\"@type\":\"ListItem\",\"position\":3,\"name\":\"Document van het UWV vertalen (be\u00ebdigd)\"}]},{\"@type\":\"WebSite\",\"@id\":\"https:\\\/\\\/www.ecrivus-multimedia.nl\\\/#website\",\"url\":\"https:\\\/\\\/www.ecrivus-multimedia.nl\\\/\",\"name\":\"Ecrivus International Webshop\",\"description\":\"Erkende webshop voor be\u00ebdigde vertalingen.\",\"publisher\":{\"@id\":\"https:\\\/\\\/www.ecrivus-multimedia.nl\\\/#organization\"},\"potentialAction\":[{\"@type\":\"SearchAction\",\"target\":{\"@type\":\"EntryPoint\",\"urlTemplate\":\"https:\\\/\\\/www.ecrivus-multimedia.nl\\\/?s={search_term_string}\"},\"query-input\":{\"@type\":\"PropertyValueSpecification\",\"valueRequired\":true,\"valueName\":\"search_term_string\"}}],\"inLanguage\":\"fr-FR\"},{\"@type\":\"Organization\",\"@id\":\"https:\\\/\\\/www.ecrivus-multimedia.nl\\\/#organization\",\"name\":\"Ecrivus International\",\"url\":\"https:\\\/\\\/www.ecrivus-multimedia.nl\\\/\",\"logo\":{\"@type\":\"ImageObject\",\"inLanguage\":\"fr-FR\",\"@id\":\"https:\\\/\\\/www.ecrivus-multimedia.nl\\\/#\\\/schema\\\/logo\\\/image\\\/\",\"url\":\"https:\\\/\\\/www.ecrivus-multimedia.nl\\\/wp-content\\\/uploads\\\/2022\\\/01\\\/cropped-small-Logo-Ecrivus-Vector-Transparent2.png\",\"contentUrl\":\"https:\\\/\\\/www.ecrivus-multimedia.nl\\\/wp-content\\\/uploads\\\/2022\\\/01\\\/cropped-small-Logo-Ecrivus-Vector-Transparent2.png\",\"width\":512,\"height\":512,\"caption\":\"Ecrivus International\"},\"image\":{\"@id\":\"https:\\\/\\\/www.ecrivus-multimedia.nl\\\/#\\\/schema\\\/logo\\\/image\\\/\"},\"sameAs\":[\"https:\\\/\\\/www.facebook.com\\\/Ecrivus-International-676624782512639\\\/\",\"https:\\\/\\\/x.com\\\/ecrivusint\"]}]}<\/script>\n<!-- \/ Yoast SEO plugin. -->","yoast_head_json":{"title":"Document van het UWV be\u00ebdigd vertalen? Bestel in onze webshop!","description":"Document van het UWV be\u00ebdigd vertalen? Bestel direct online! Offici\u00eble be\u00ebdigde vertaling met stempel van uw document van het uwv. Alle talen. Voordelig geregeld!","robots":{"index":"index","follow":"follow","max-snippet":"max-snippet:-1","max-image-preview":"max-image-preview:large","max-video-preview":"max-video-preview:-1"},"canonical":"https:\/\/www.ecrivus-multimedia.nl\/fr\/produit\/document-uwv-traduction-assermentee-avec-cachet\/","og_locale":"fr_FR","og_type":"article","og_title":"Document van het UWV be\u00ebdigd vertalen? Bestel in onze webshop!","og_description":"Document van het UWV be\u00ebdigd vertalen? Bestel direct online! Offici\u00eble be\u00ebdigde vertaling met stempel van uw document van het uwv. Alle talen. Voordelig geregeld!","og_url":"https:\/\/www.ecrivus-multimedia.nl\/fr\/produit\/document-uwv-traduction-assermentee-avec-cachet\/","og_site_name":"Ecrivus International Webshop","article_publisher":"https:\/\/www.facebook.com\/Ecrivus-International-676624782512639\/","article_modified_time":"2026-04-12T10:13:17+00:00","og_image":[{"width":1000,"height":667,"url":"https:\/\/www.ecrivus-multimedia.nl\/wp-content\/uploads\/2021\/11\/beedigde-vertaling.jpg","type":"image\/jpeg"}],"twitter_card":"summary_large_image","twitter_site":"@ecrivusint","twitter_misc":{"Dur\u00e9e de lecture estim\u00e9e":"1 minute"},"schema":{"@context":"https:\/\/schema.org","@graph":[{"@type":"WebPage","@id":"https:\/\/www.ecrivus-multimedia.nl\/product\/document-van-het-uwv-beedigde-vertaling-met-stempel\/","url":"https:\/\/www.ecrivus-multimedia.nl\/product\/document-van-het-uwv-beedigde-vertaling-met-stempel\/","name":"Document van het UWV be\u00ebdigd vertalen? Bestel in onze webshop!","isPartOf":{"@id":"https:\/\/www.ecrivus-multimedia.nl\/#website"},"primaryImageOfPage":{"@id":"https:\/\/www.ecrivus-multimedia.nl\/product\/document-van-het-uwv-beedigde-vertaling-met-stempel\/#primaryimage"},"image":{"@id":"https:\/\/www.ecrivus-multimedia.nl\/product\/document-van-het-uwv-beedigde-vertaling-met-stempel\/#primaryimage"},"thumbnailUrl":"https:\/\/www.ecrivus-multimedia.nl\/wp-content\/uploads\/2026\/04\/lakstempel-drukken-document-vooraanzicht-2.jpg","datePublished":"2017-09-19T06:29:10+00:00","dateModified":"2026-04-12T10:13:17+00:00","description":"Document van het UWV be\u00ebdigd vertalen? Bestel direct online! Offici\u00eble be\u00ebdigde vertaling met stempel van uw document van het uwv. Alle talen. Voordelig geregeld!","breadcrumb":{"@id":"https:\/\/www.ecrivus-multimedia.nl\/product\/document-van-het-uwv-beedigde-vertaling-met-stempel\/#breadcrumb"},"inLanguage":"fr-FR","potentialAction":[{"@type":"ReadAction","target":["https:\/\/www.ecrivus-multimedia.nl\/product\/document-van-het-uwv-beedigde-vertaling-met-stempel\/"]}]},{"@type":"ImageObject","inLanguage":"fr-FR","@id":"https:\/\/www.ecrivus-multimedia.nl\/product\/document-van-het-uwv-beedigde-vertaling-met-stempel\/#primaryimage","url":"https:\/\/www.ecrivus-multimedia.nl\/wp-content\/uploads\/2026\/04\/lakstempel-drukken-document-vooraanzicht-2.jpg","contentUrl":"https:\/\/www.ecrivus-multimedia.nl\/wp-content\/uploads\/2026\/04\/lakstempel-drukken-document-vooraanzicht-2.jpg","width":1000,"height":667},{"@type":"BreadcrumbList","@id":"https:\/\/www.ecrivus-multimedia.nl\/product\/document-van-het-uwv-beedigde-vertaling-met-stempel\/#breadcrumb","itemListElement":[{"@type":"ListItem","position":1,"name":"Home","item":"https:\/\/www.ecrivus-multimedia.nl\/"},{"@type":"ListItem","position":2,"name":"Shop","item":"https:\/\/www.ecrivus-multimedia.nl\/shop\/"},{"@type":"ListItem","position":3,"name":"Document van het UWV vertalen (be\u00ebdigd)"}]},{"@type":"WebSite","@id":"https:\/\/www.ecrivus-multimedia.nl\/#website","url":"https:\/\/www.ecrivus-multimedia.nl\/","name":"Ecrivus International Webshop","description":"Erkende webshop voor be\u00ebdigde vertalingen.","publisher":{"@id":"https:\/\/www.ecrivus-multimedia.nl\/#organization"},"potentialAction":[{"@type":"SearchAction","target":{"@type":"EntryPoint","urlTemplate":"https:\/\/www.ecrivus-multimedia.nl\/?s={search_term_string}"},"query-input":{"@type":"PropertyValueSpecification","valueRequired":true,"valueName":"search_term_string"}}],"inLanguage":"fr-FR"},{"@type":"Organization","@id":"https:\/\/www.ecrivus-multimedia.nl\/#organization","name":"Ecrivus International","url":"https:\/\/www.ecrivus-multimedia.nl\/","logo":{"@type":"ImageObject","inLanguage":"fr-FR","@id":"https:\/\/www.ecrivus-multimedia.nl\/#\/schema\/logo\/image\/","url":"https:\/\/www.ecrivus-multimedia.nl\/wp-content\/uploads\/2022\/01\/cropped-small-Logo-Ecrivus-Vector-Transparent2.png","contentUrl":"https:\/\/www.ecrivus-multimedia.nl\/wp-content\/uploads\/2022\/01\/cropped-small-Logo-Ecrivus-Vector-Transparent2.png","width":512,"height":512,"caption":"Ecrivus International"},"image":{"@id":"https:\/\/www.ecrivus-multimedia.nl\/#\/schema\/logo\/image\/"},"sameAs":["https:\/\/www.facebook.com\/Ecrivus-International-676624782512639\/","https:\/\/x.com\/ecrivusint"]}]}},"_links":{"self":[{"href":"https:\/\/www.ecrivus-multimedia.nl\/fr\/wp-json\/wp\/v2\/product\/54791","targetHints":{"allow":["GET"]}}],"collection":[{"href":"https:\/\/www.ecrivus-multimedia.nl\/fr\/wp-json\/wp\/v2\/product"}],"about":[{"href":"https:\/\/www.ecrivus-multimedia.nl\/fr\/wp-json\/wp\/v2\/types\/product"}],"replies":[{"embeddable":true,"href":"https:\/\/www.ecrivus-multimedia.nl\/fr\/wp-json\/wp\/v2\/comments?post=54791"}],"wp:featuredmedia":[{"embeddable":true,"href":"https:\/\/www.ecrivus-multimedia.nl\/fr\/wp-json\/wp\/v2\/media\/132609"}],"wp:attachment":[{"href":"https:\/\/www.ecrivus-multimedia.nl\/fr\/wp-json\/wp\/v2\/media?parent=54791"}],"wp:term":[{"taxonomy":"product_brand","embeddable":true,"href":"https:\/\/www.ecrivus-multimedia.nl\/fr\/wp-json\/wp\/v2\/product_brand?post=54791"},{"taxonomy":"product_cat","embeddable":true,"href":"https:\/\/www.ecrivus-multimedia.nl\/fr\/wp-json\/wp\/v2\/product_cat?post=54791"},{"taxonomy":"product_tag","embeddable":true,"href":"https:\/\/www.ecrivus-multimedia.nl\/fr\/wp-json\/wp\/v2\/product_tag?post=54791"}],"curies":[{"name":"wp","href":"https:\/\/api.w.org\/{rel}","templated":true}]}}