{"id":7120,"date":"2017-08-10T14:50:33","date_gmt":"2017-08-10T12:50:33","guid":{"rendered":"http:\/\/www.ecrivus-multimedia.nl\/?post_type=product&#038;p=7120\/"},"modified":"2026-04-12T12:13:17","modified_gmt":"2026-04-12T10:13:17","slug":"algemene-voorwaarden-vertalen","status":"publish","type":"product","link":"https:\/\/www.ecrivus-multimedia.nl\/fr\/produit\/traduire-les-conditions-generales-2\/","title":{"rendered":"Traduire les conditions g\u00e9n\u00e9rales (non asserment\u00e9)"},"content":{"rendered":"<p><strong><a href=\"https:\/\/www.ecrivus-multimedia.nl\/go\/algemene-voorwaarden-vertalen\/\" title=\"Traduire les conditions g\u00e9n\u00e9rales ? Plus de 225 langues. Commandez en ligne avec une r\u00e9duction !\" class=\"pretty-link-keyword\"rel=\"\">Traduire les conditions g\u00e9n\u00e9rales<\/a><br \/>\n<\/strong><\/p>\n<p>La traduction de votre <a href=\"https:\/\/www.ecrivus-multimedia.nl\/go\/algemene-voorwaarden-beedigde-vertaling-met-stempel\/\" title=\"Traduction asserment\u00e9e des conditions g\u00e9n\u00e9rales ? Commandez dans notre boutique en ligne !\" class=\"pretty-link-keyword\"rel=\"\">Conditions g\u00e9n\u00e9rales d'utilisation<\/a> peuvent d\u00e9sormais \u00eatre facilement command\u00e9s en ligne aupr\u00e8s de l&#039;agence de traduction Ecrivus International.<\/p>\n<p>Traduction en cours <a href=\"https:\/\/www.ecrivus-multimedia.nl\/go\/algemene-voorwaarden-beedigde-vertaling-met-stempel\/\" title=\"Traduction asserment\u00e9e des conditions g\u00e9n\u00e9rales ? Commandez dans notre boutique en ligne !\" class=\"pretty-link-keyword\"rel=\"\">Conditions g\u00e9n\u00e9rales d'utilisation<\/a> est n\u00e9cessaire (et souvent m\u00eame obligatoire) si, par exemple, vous faites r\u00e9guli\u00e8rement des affaires \u00e0 l&#039;\u00e9tranger ou si <a href=\"http:\/\/www.ecrivus.nl\/website-webshop-vertalingen\/\">site Web ou boutique en ligne multilingue<\/a> a avec des clients internationaux. Par toi <a href=\"https:\/\/www.ecrivus-multimedia.nl\/go\/algemene-voorwaarden-beedigde-vertaling-met-stempel\/\" title=\"Traduction asserment\u00e9e des conditions g\u00e9n\u00e9rales ? Commandez dans notre boutique en ligne !\" class=\"pretty-link-keyword\"rel=\"\">Conditions g\u00e9n\u00e9rales d'utilisation<\/a> En le faisant traduire, vous pouvez \u00eatre s\u00fbr que vos clients (potentiels), fournisseurs et tiers ont pu lire vos conditions commerciales dans leur propre langue. <a href=\"https:\/\/www.ecrivus-multimedia.nl\/go\/juridisch-document-vertalen-beedigd\/\" title=\"Traduction asserment\u00e9e d&#039;un document juridique ? Commandez via notre boutique en ligne !\" class=\"pretty-link-keyword\"rel=\"\">L\u00e9galement<\/a> Cela vous offre de nombreux avantages.<\/p>\n<p>L&#039;agence de traduction Ecrivus International emploie des sp\u00e9cialistes <a href=\"http:\/\/www.ecrivus.nl\/juridische-vertalingen\/\">traducteurs juridiques<\/a> Que <em>locuteur natif<\/em> \u00eatre un (locuteur natif) de la langue cible. Ils ont des ann\u00e9es d\u2019exp\u00e9rience dans la traduction de toutes sortes de choses <a href=\"http:\/\/www.ecrivus.nl\/juridische-vertalingen\/\">documents juridiques<\/a>, sous lequel <a href=\"https:\/\/www.ecrivus-multimedia.nl\/go\/algemene-voorwaarden-beedigde-vertaling-met-stempel\/\" title=\"Traduction asserment\u00e9e des conditions g\u00e9n\u00e9rales ? Commandez dans notre boutique en ligne !\" class=\"pretty-link-keyword\"rel=\"\">Conditions g\u00e9n\u00e9rales d'utilisation<\/a>, les conditions d&#039;emploi, <a href=\"https:\/\/www.ecrivus-multimedia.nl\/go\/contract-beedigde-vertaling-met-stempel\/\" title=\"Traduction asserment\u00e9e d&#039;un contrat ? Commandez dans notre boutique en ligne !\" class=\"pretty-link-keyword\"rel=\"\">contrats<\/a>, et <a href=\"https:\/\/www.ecrivus-multimedia.nl\/go\/notariele-akte-vertalen-beedigd\/\" title=\"Traduction certifi\u00e9e d&#039;un acte notari\u00e9 ? Commandez via notre boutique en ligne !\" class=\"pretty-link-keyword\"rel=\"\">actes<\/a>.<\/p>\n<p><strong>La traduction de votre <a href=\"https:\/\/www.ecrivus-multimedia.nl\/go\/algemene-voorwaarden-beedigde-vertaling-met-stempel\/\" title=\"Traduction asserment\u00e9e des conditions g\u00e9n\u00e9rales ? Commandez dans notre boutique en ligne !\" class=\"pretty-link-keyword\"rel=\"\">Conditions g\u00e9n\u00e9rales d'utilisation<\/a> est entre de bonnes mains :<\/strong><\/p>\n<ul>\n<li>Traduction par des professionnels exp\u00e9riment\u00e9s et sp\u00e9cialis\u00e9s <a href=\"http:\/\/www.ecrivus.nl\/juridische-vertalingen\/\">traducteur juridique<\/a><\/li>\n<li>Y compris <a href=\"http:\/\/www.ecrivus.nl\/proeflezen\/\">relecture<\/a><\/li>\n<li>Y compris <a href=\"http:\/\/www.ecrivus.nl\/qa-kwaliteitscontroles\/\">contr\u00f4les de qualit\u00e9<\/a><\/li>\n<li>Traduction par <em>locuteur natif<\/em> de la langue cible<\/li>\n<li>Tarifs comp\u00e9titifs<\/li>\n<li>D\u00e9lai de livraison rapide<\/li>\n<li>Choix de <a href=\"http:\/\/www.ecrivus.nl\/talen\/\">des centaines de combinaisons linguistiques<\/a><\/li>\n<li>Livraison express possible<\/li>\n<li>Prise en charge de divers formats de fichiers, y compris le format PDF<\/li>\n<li>Livraison toujours \u00e0 temps par email<\/li>\n<\/ul>\n<p>Pour faire votre <a href=\"https:\/\/www.ecrivus-multimedia.nl\/go\/algemene-voorwaarden-beedigde-vertaling-met-stempel\/\" title=\"Traduction asserment\u00e9e des conditions g\u00e9n\u00e9rales ? Commandez dans notre boutique en ligne !\" class=\"pretty-link-keyword\"rel=\"\">Conditions g\u00e9n\u00e9rales d'utilisation<\/a> Pour le faire traduire imm\u00e9diatement, s\u00e9lectionnez ci-dessus le nombre de mots et la combinaison de langues souhait\u00e9e. Cliquez ensuite sur &#039;Ajouter au panier&#039;. Ensuite, vous pouvez utiliser le <a href=\"https:\/\/www.ecrivus-multimedia.nl\/go\/algemene-voorwaarden-beedigde-vertaling-met-stempel\/\" title=\"Traduction asserment\u00e9e des conditions g\u00e9n\u00e9rales ? Commandez dans notre boutique en ligne !\" class=\"pretty-link-keyword\"rel=\"\">Conditions g\u00e9n\u00e9rales d'utilisation<\/a> que vous souhaiteriez faire traduire et ajouter \u00e0 votre commande. Vous pouvez t\u00e9l\u00e9charger un fichier ZIP pour plusieurs documents. Nous proposons diverses options de paiement via des connexions s\u00e9curis\u00e9es (notamment iDeal, virement bancaire et PayPal).<\/p>\n<p><strong>D\u00e9lai de livraison standard<\/strong>: 7-8 jours ouvr\u00e9s<\/p>","protected":false},"excerpt":{"rendered":"<p>Traduction juridique professionnelle par un traducteur juridique sp\u00e9cialis\u00e9 comprenant la relecture et les contr\u00f4les de qualit\u00e9. S\u00e9lectionnez la combinaison de langues ci-dessous\u00a0:<\/p>","protected":false},"featured_media":132609,"comment_status":"open","ping_status":"closed","template":"","meta":{"_acf_changed":false,"_glsr_average":0,"_glsr_ranking":0,"_glsr_reviews":0,"_joinchat":[]},"product_brand":[],"product_cat":[624],"product_tag":[109,110,111,112,665,113],"class_list":{"0":"post-7120","1":"product","2":"type-product","3":"status-publish","4":"has-post-thumbnail","6":"product_cat-juridische-vertalingen","7":"product_tag-algemene-voorwaarden-vertalen","8":"product_tag-algemene-voorwaarden-vertaling","9":"product_tag-av","10":"product_tag-juridisch","11":"product_tag-onbeedigd","12":"product_tag-voorwaarden","14":"first","15":"instock","16":"sold-individually","17":"taxable","18":"shipping-taxable","19":"purchasable","20":"product-type-variable"},"acf":[],"yoast_head":"<!-- This site is optimized with the Yoast SEO plugin v27.4 - https:\/\/yoast.com\/product\/yoast-seo-wordpress\/ -->\n<title>Algemene Voorwaarden vertalen? 225+ talen. Online bestellen met korting!<\/title>\n<meta name=\"description\" content=\"Algemene Voorwaarden vertalen? Bestel direct online! \u2713 Ervaren juridisch vertalers \u2713 Alle talen \u2713 Voordelig geregeld \u2713 Snelle levertijden \u2713 Korting \u2713 Veilig betalen via iDeal\" \/>\n<meta name=\"robots\" content=\"index, follow, max-snippet:-1, max-image-preview:large, max-video-preview:-1\" \/>\n<link rel=\"canonical\" href=\"https:\/\/www.ecrivus-multimedia.nl\/fr\/produit\/traduire-les-conditions-generales-2\/\" \/>\n<meta property=\"og:locale\" content=\"fr_FR\" \/>\n<meta property=\"og:type\" content=\"article\" \/>\n<meta property=\"og:title\" content=\"Algemene Voorwaarden vertalen? 225+ talen. Online bestellen met korting!\" \/>\n<meta property=\"og:description\" content=\"Algemene Voorwaarden vertalen? Bestel direct online! \u2713 Ervaren juridisch vertalers \u2713 Alle talen \u2713 Voordelig geregeld \u2713 Snelle levertijden \u2713 Korting \u2713 Veilig betalen via iDeal\" \/>\n<meta property=\"og:url\" content=\"https:\/\/www.ecrivus-multimedia.nl\/fr\/produit\/traduire-les-conditions-generales-2\/\" \/>\n<meta property=\"og:site_name\" content=\"Ecrivus International Webshop\" \/>\n<meta property=\"article:publisher\" content=\"https:\/\/www.facebook.com\/Ecrivus-International-676624782512639\/\" \/>\n<meta property=\"article:modified_time\" content=\"2026-04-12T10:13:17+00:00\" \/>\n<meta property=\"og:image\" content=\"https:\/\/www.ecrivus-multimedia.nl\/wp-content\/uploads\/2017\/02\/juridisch2-600x283-1.webp\" \/>\n\t<meta property=\"og:image:width\" content=\"600\" \/>\n\t<meta property=\"og:image:height\" content=\"283\" \/>\n\t<meta property=\"og:image:type\" content=\"image\/webp\" \/>\n<meta name=\"twitter:card\" content=\"summary_large_image\" \/>\n<meta name=\"twitter:site\" content=\"@ecrivusint\" \/>\n<meta name=\"twitter:label1\" content=\"Dur\u00e9e de lecture estim\u00e9e\" \/>\n\t<meta name=\"twitter:data1\" content=\"1 minute\" \/>\n<script type=\"application\/ld+json\" class=\"yoast-schema-graph\">{\"@context\":\"https:\\\/\\\/schema.org\",\"@graph\":[{\"@type\":\"WebPage\",\"@id\":\"https:\\\/\\\/www.ecrivus-multimedia.nl\\\/product\\\/algemene-voorwaarden-vertalen\\\/\",\"url\":\"https:\\\/\\\/www.ecrivus-multimedia.nl\\\/product\\\/algemene-voorwaarden-vertalen\\\/\",\"name\":\"Algemene Voorwaarden vertalen? 225+ talen. Online bestellen met korting!\",\"isPartOf\":{\"@id\":\"https:\\\/\\\/www.ecrivus-multimedia.nl\\\/#website\"},\"primaryImageOfPage\":{\"@id\":\"https:\\\/\\\/www.ecrivus-multimedia.nl\\\/product\\\/algemene-voorwaarden-vertalen\\\/#primaryimage\"},\"image\":{\"@id\":\"https:\\\/\\\/www.ecrivus-multimedia.nl\\\/product\\\/algemene-voorwaarden-vertalen\\\/#primaryimage\"},\"thumbnailUrl\":\"https:\\\/\\\/www.ecrivus-multimedia.nl\\\/wp-content\\\/uploads\\\/2026\\\/04\\\/lakstempel-drukken-document-vooraanzicht-2.jpg\",\"datePublished\":\"2017-08-10T12:50:33+00:00\",\"dateModified\":\"2026-04-12T10:13:17+00:00\",\"description\":\"Algemene Voorwaarden vertalen? Bestel direct online! \u2713 Ervaren juridisch vertalers \u2713 Alle talen \u2713 Voordelig geregeld \u2713 Snelle levertijden \u2713 Korting \u2713 Veilig betalen via iDeal\",\"breadcrumb\":{\"@id\":\"https:\\\/\\\/www.ecrivus-multimedia.nl\\\/product\\\/algemene-voorwaarden-vertalen\\\/#breadcrumb\"},\"inLanguage\":\"fr-FR\",\"potentialAction\":[{\"@type\":\"ReadAction\",\"target\":[\"https:\\\/\\\/www.ecrivus-multimedia.nl\\\/product\\\/algemene-voorwaarden-vertalen\\\/\"]}]},{\"@type\":\"ImageObject\",\"inLanguage\":\"fr-FR\",\"@id\":\"https:\\\/\\\/www.ecrivus-multimedia.nl\\\/product\\\/algemene-voorwaarden-vertalen\\\/#primaryimage\",\"url\":\"https:\\\/\\\/www.ecrivus-multimedia.nl\\\/wp-content\\\/uploads\\\/2026\\\/04\\\/lakstempel-drukken-document-vooraanzicht-2.jpg\",\"contentUrl\":\"https:\\\/\\\/www.ecrivus-multimedia.nl\\\/wp-content\\\/uploads\\\/2026\\\/04\\\/lakstempel-drukken-document-vooraanzicht-2.jpg\",\"width\":1000,\"height\":667},{\"@type\":\"BreadcrumbList\",\"@id\":\"https:\\\/\\\/www.ecrivus-multimedia.nl\\\/product\\\/algemene-voorwaarden-vertalen\\\/#breadcrumb\",\"itemListElement\":[{\"@type\":\"ListItem\",\"position\":1,\"name\":\"Home\",\"item\":\"https:\\\/\\\/www.ecrivus-multimedia.nl\\\/\"},{\"@type\":\"ListItem\",\"position\":2,\"name\":\"Shop\",\"item\":\"https:\\\/\\\/www.ecrivus-multimedia.nl\\\/shop\\\/\"},{\"@type\":\"ListItem\",\"position\":3,\"name\":\"Algemene Voorwaarden vertalen (onbe\u00ebdigd)\"}]},{\"@type\":\"WebSite\",\"@id\":\"https:\\\/\\\/www.ecrivus-multimedia.nl\\\/#website\",\"url\":\"https:\\\/\\\/www.ecrivus-multimedia.nl\\\/\",\"name\":\"Ecrivus International Webshop\",\"description\":\"Erkende webshop voor be\u00ebdigde vertalingen.\",\"publisher\":{\"@id\":\"https:\\\/\\\/www.ecrivus-multimedia.nl\\\/#organization\"},\"potentialAction\":[{\"@type\":\"SearchAction\",\"target\":{\"@type\":\"EntryPoint\",\"urlTemplate\":\"https:\\\/\\\/www.ecrivus-multimedia.nl\\\/?s={search_term_string}\"},\"query-input\":{\"@type\":\"PropertyValueSpecification\",\"valueRequired\":true,\"valueName\":\"search_term_string\"}}],\"inLanguage\":\"fr-FR\"},{\"@type\":\"Organization\",\"@id\":\"https:\\\/\\\/www.ecrivus-multimedia.nl\\\/#organization\",\"name\":\"Ecrivus International\",\"url\":\"https:\\\/\\\/www.ecrivus-multimedia.nl\\\/\",\"logo\":{\"@type\":\"ImageObject\",\"inLanguage\":\"fr-FR\",\"@id\":\"https:\\\/\\\/www.ecrivus-multimedia.nl\\\/#\\\/schema\\\/logo\\\/image\\\/\",\"url\":\"https:\\\/\\\/www.ecrivus-multimedia.nl\\\/wp-content\\\/uploads\\\/2022\\\/01\\\/cropped-small-Logo-Ecrivus-Vector-Transparent2.png\",\"contentUrl\":\"https:\\\/\\\/www.ecrivus-multimedia.nl\\\/wp-content\\\/uploads\\\/2022\\\/01\\\/cropped-small-Logo-Ecrivus-Vector-Transparent2.png\",\"width\":512,\"height\":512,\"caption\":\"Ecrivus International\"},\"image\":{\"@id\":\"https:\\\/\\\/www.ecrivus-multimedia.nl\\\/#\\\/schema\\\/logo\\\/image\\\/\"},\"sameAs\":[\"https:\\\/\\\/www.facebook.com\\\/Ecrivus-International-676624782512639\\\/\",\"https:\\\/\\\/x.com\\\/ecrivusint\"]}]}<\/script>\n<!-- \/ Yoast SEO plugin. -->","yoast_head_json":{"title":"Algemene Voorwaarden vertalen? 225+ talen. Online bestellen met korting!","description":"Algemene Voorwaarden vertalen? Bestel direct online! \u2713 Ervaren juridisch vertalers \u2713 Alle talen \u2713 Voordelig geregeld \u2713 Snelle levertijden \u2713 Korting \u2713 Veilig betalen via iDeal","robots":{"index":"index","follow":"follow","max-snippet":"max-snippet:-1","max-image-preview":"max-image-preview:large","max-video-preview":"max-video-preview:-1"},"canonical":"https:\/\/www.ecrivus-multimedia.nl\/fr\/produit\/traduire-les-conditions-generales-2\/","og_locale":"fr_FR","og_type":"article","og_title":"Algemene Voorwaarden vertalen? 225+ talen. Online bestellen met korting!","og_description":"Algemene Voorwaarden vertalen? Bestel direct online! \u2713 Ervaren juridisch vertalers \u2713 Alle talen \u2713 Voordelig geregeld \u2713 Snelle levertijden \u2713 Korting \u2713 Veilig betalen via iDeal","og_url":"https:\/\/www.ecrivus-multimedia.nl\/fr\/produit\/traduire-les-conditions-generales-2\/","og_site_name":"Ecrivus International Webshop","article_publisher":"https:\/\/www.facebook.com\/Ecrivus-International-676624782512639\/","article_modified_time":"2026-04-12T10:13:17+00:00","og_image":[{"width":600,"height":283,"url":"https:\/\/www.ecrivus-multimedia.nl\/wp-content\/uploads\/2017\/02\/juridisch2-600x283-1.webp","type":"image\/webp"}],"twitter_card":"summary_large_image","twitter_site":"@ecrivusint","twitter_misc":{"Dur\u00e9e de lecture estim\u00e9e":"1 minute"},"schema":{"@context":"https:\/\/schema.org","@graph":[{"@type":"WebPage","@id":"https:\/\/www.ecrivus-multimedia.nl\/product\/algemene-voorwaarden-vertalen\/","url":"https:\/\/www.ecrivus-multimedia.nl\/product\/algemene-voorwaarden-vertalen\/","name":"Algemene Voorwaarden vertalen? 225+ talen. Online bestellen met korting!","isPartOf":{"@id":"https:\/\/www.ecrivus-multimedia.nl\/#website"},"primaryImageOfPage":{"@id":"https:\/\/www.ecrivus-multimedia.nl\/product\/algemene-voorwaarden-vertalen\/#primaryimage"},"image":{"@id":"https:\/\/www.ecrivus-multimedia.nl\/product\/algemene-voorwaarden-vertalen\/#primaryimage"},"thumbnailUrl":"https:\/\/www.ecrivus-multimedia.nl\/wp-content\/uploads\/2026\/04\/lakstempel-drukken-document-vooraanzicht-2.jpg","datePublished":"2017-08-10T12:50:33+00:00","dateModified":"2026-04-12T10:13:17+00:00","description":"Algemene Voorwaarden vertalen? Bestel direct online! \u2713 Ervaren juridisch vertalers \u2713 Alle talen \u2713 Voordelig geregeld \u2713 Snelle levertijden \u2713 Korting \u2713 Veilig betalen via iDeal","breadcrumb":{"@id":"https:\/\/www.ecrivus-multimedia.nl\/product\/algemene-voorwaarden-vertalen\/#breadcrumb"},"inLanguage":"fr-FR","potentialAction":[{"@type":"ReadAction","target":["https:\/\/www.ecrivus-multimedia.nl\/product\/algemene-voorwaarden-vertalen\/"]}]},{"@type":"ImageObject","inLanguage":"fr-FR","@id":"https:\/\/www.ecrivus-multimedia.nl\/product\/algemene-voorwaarden-vertalen\/#primaryimage","url":"https:\/\/www.ecrivus-multimedia.nl\/wp-content\/uploads\/2026\/04\/lakstempel-drukken-document-vooraanzicht-2.jpg","contentUrl":"https:\/\/www.ecrivus-multimedia.nl\/wp-content\/uploads\/2026\/04\/lakstempel-drukken-document-vooraanzicht-2.jpg","width":1000,"height":667},{"@type":"BreadcrumbList","@id":"https:\/\/www.ecrivus-multimedia.nl\/product\/algemene-voorwaarden-vertalen\/#breadcrumb","itemListElement":[{"@type":"ListItem","position":1,"name":"Home","item":"https:\/\/www.ecrivus-multimedia.nl\/"},{"@type":"ListItem","position":2,"name":"Shop","item":"https:\/\/www.ecrivus-multimedia.nl\/shop\/"},{"@type":"ListItem","position":3,"name":"Algemene Voorwaarden vertalen (onbe\u00ebdigd)"}]},{"@type":"WebSite","@id":"https:\/\/www.ecrivus-multimedia.nl\/#website","url":"https:\/\/www.ecrivus-multimedia.nl\/","name":"Ecrivus International Webshop","description":"Erkende webshop voor be\u00ebdigde vertalingen.","publisher":{"@id":"https:\/\/www.ecrivus-multimedia.nl\/#organization"},"potentialAction":[{"@type":"SearchAction","target":{"@type":"EntryPoint","urlTemplate":"https:\/\/www.ecrivus-multimedia.nl\/?s={search_term_string}"},"query-input":{"@type":"PropertyValueSpecification","valueRequired":true,"valueName":"search_term_string"}}],"inLanguage":"fr-FR"},{"@type":"Organization","@id":"https:\/\/www.ecrivus-multimedia.nl\/#organization","name":"Ecrivus International","url":"https:\/\/www.ecrivus-multimedia.nl\/","logo":{"@type":"ImageObject","inLanguage":"fr-FR","@id":"https:\/\/www.ecrivus-multimedia.nl\/#\/schema\/logo\/image\/","url":"https:\/\/www.ecrivus-multimedia.nl\/wp-content\/uploads\/2022\/01\/cropped-small-Logo-Ecrivus-Vector-Transparent2.png","contentUrl":"https:\/\/www.ecrivus-multimedia.nl\/wp-content\/uploads\/2022\/01\/cropped-small-Logo-Ecrivus-Vector-Transparent2.png","width":512,"height":512,"caption":"Ecrivus International"},"image":{"@id":"https:\/\/www.ecrivus-multimedia.nl\/#\/schema\/logo\/image\/"},"sameAs":["https:\/\/www.facebook.com\/Ecrivus-International-676624782512639\/","https:\/\/x.com\/ecrivusint"]}]}},"_links":{"self":[{"href":"https:\/\/www.ecrivus-multimedia.nl\/fr\/wp-json\/wp\/v2\/product\/7120","targetHints":{"allow":["GET"]}}],"collection":[{"href":"https:\/\/www.ecrivus-multimedia.nl\/fr\/wp-json\/wp\/v2\/product"}],"about":[{"href":"https:\/\/www.ecrivus-multimedia.nl\/fr\/wp-json\/wp\/v2\/types\/product"}],"replies":[{"embeddable":true,"href":"https:\/\/www.ecrivus-multimedia.nl\/fr\/wp-json\/wp\/v2\/comments?post=7120"}],"wp:featuredmedia":[{"embeddable":true,"href":"https:\/\/www.ecrivus-multimedia.nl\/fr\/wp-json\/wp\/v2\/media\/132609"}],"wp:attachment":[{"href":"https:\/\/www.ecrivus-multimedia.nl\/fr\/wp-json\/wp\/v2\/media?parent=7120"}],"wp:term":[{"taxonomy":"product_brand","embeddable":true,"href":"https:\/\/www.ecrivus-multimedia.nl\/fr\/wp-json\/wp\/v2\/product_brand?post=7120"},{"taxonomy":"product_cat","embeddable":true,"href":"https:\/\/www.ecrivus-multimedia.nl\/fr\/wp-json\/wp\/v2\/product_cat?post=7120"},{"taxonomy":"product_tag","embeddable":true,"href":"https:\/\/www.ecrivus-multimedia.nl\/fr\/wp-json\/wp\/v2\/product_tag?post=7120"}],"curies":[{"name":"wp","href":"https:\/\/api.w.org\/{rel}","templated":true}]}}