{"id":8390,"date":"2017-08-11T14:35:10","date_gmt":"2017-08-11T12:35:10","guid":{"rendered":"http:\/\/www.ecrivus-multimedia.nl\/?post_type=product&#038;p=8390\/"},"modified":"2026-04-12T12:15:33","modified_gmt":"2026-04-12T10:15:33","slug":"akte-van-huwelijkse-voorwaarden-vertalen","status":"publish","type":"product","link":"https:\/\/www.ecrivus-multimedia.nl\/fr\/produit\/traduire-laccord-prenuptial\/","title":{"rendered":"Traduction des contrats de mariage (asserment\u00e9e)"},"content":{"rendered":"<p><strong><a href=\"https:\/\/www.ecrivus-multimedia.nl\/go\/notariele-akte-vertalen-beedigd\/\" title=\"Traduction certifi\u00e9e d&#039;un acte notari\u00e9 ? Commandez via notre boutique en ligne !\" class=\"pretty-link-keyword\"rel=\"\">Acte<\/a> de <a href=\"https:\/\/www.ecrivus-multimedia.nl\/go\/akte-van-huwelijkse-voorwaarden-vertalen\/\" title=\"Vous souhaitez traduire un contrat pr\u00e9nuptial sous serment ? Commandez dans notre boutique en ligne !\" class=\"pretty-link-keyword\"rel=\"\">accord pr\u00e9nuptial<\/a> traduction asserment\u00e9e<\/strong><\/p>\n<p>Le <a href=\"https:\/\/www.ecrivus-multimedia.nl\/go\/be\u00ebdigde-vertaling\/\" title=\"Traductions asserment\u00e9es Archives | Ecrivus International Webshop\" class=\"pretty-link-keyword\"rel=\"\">traduction asserment\u00e9e<\/a> de votre <a href=\"https:\/\/www.ecrivus-multimedia.nl\/go\/akte-van-huwelijkse-voorwaarden-vertalen\/\" title=\"Vous souhaitez traduire un contrat pr\u00e9nuptial sous serment ? Commandez dans notre boutique en ligne !\" class=\"pretty-link-keyword\"rel=\"\">accord pr\u00e9nuptial<\/a> peuvent d\u00e9sormais \u00eatre facilement command\u00e9s en ligne aupr\u00e8s de l&#039;agence de traduction Ecrivus International.<\/p>\n<p>La traduction asserment\u00e9e de <a href=\"https:\/\/www.ecrivus-multimedia.nl\/go\/akte-van-huwelijkse-voorwaarden-vertalen\/\" title=\"Vous souhaitez traduire un contrat pr\u00e9nuptial sous serment ? Commandez dans notre boutique en ligne !\" class=\"pretty-link-keyword\"rel=\"\">accord pr\u00e9nuptial<\/a> est n\u00e9cessaire (et souvent m\u00eame obligatoire) lorsque vous partez, par exemple <a href=\"https:\/\/www.ecrivus-multimedia.nl\/go\/huwelijksakte-vertalen-beedigd\/\" title=\"Besoin d&#039;une traduction asserment\u00e9e de l&#039;acte de mariage ? Commandez en ligne d\u00e8s maintenant !\" class=\"pretty-link-keyword\"rel=\"\">se marier<\/a> \u00e0 l&#039;\u00e9tranger ou lorsque vous avez un partenaire qui parle la langue dans laquelle le <a href=\"https:\/\/www.ecrivus-multimedia.nl\/go\/notariele-akte-vertalen-beedigd\/\" title=\"Traduction certifi\u00e9e d&#039;un acte notari\u00e9 ? Commandez via notre boutique en ligne !\" class=\"pretty-link-keyword\"rel=\"\">acte<\/a> qui a \u00e9t\u00e9 \u00e9labor\u00e9 n\u2019est pas puissant. Apr\u00e8s le <a href=\"https:\/\/www.ecrivus-multimedia.nl\/go\/notariele-akte-vertalen-beedigd\/\" title=\"Traduction certifi\u00e9e d&#039;un acte notari\u00e9 ? Commandez via notre boutique en ligne !\" class=\"pretty-link-keyword\"rel=\"\">acte<\/a> de <a href=\"https:\/\/www.ecrivus-multimedia.nl\/go\/akte-van-huwelijkse-voorwaarden-vertalen\/\" title=\"Vous souhaitez traduire un contrat pr\u00e9nuptial sous serment ? Commandez dans notre boutique en ligne !\" class=\"pretty-link-keyword\"rel=\"\">accord pr\u00e9nuptial<\/a> a \u00e9t\u00e9 professionnellement traduit par nos soins, vous pouvez le visualiser avec l&#039;original <a href=\"https:\/\/www.ecrivus-multimedia.nl\/go\/notariele-akte-vertalen-beedigd\/\" title=\"Traduction certifi\u00e9e d&#039;un acte notari\u00e9 ? Commandez via notre boutique en ligne !\" class=\"pretty-link-keyword\"rel=\"\">acte<\/a> au <a href=\"https:\/\/www.ecrivus-multimedia.nl\/go\/notulen-beedigde-vertaling-met-stempel\/\" title=\"Vous souhaitez traduire les proc\u00e8s-verbaux sous serment ? Commandez dans notre boutique en ligne !\" class=\"pretty-link-keyword\"rel=\"\">notaire<\/a> laisse-le passer. En fonction de la mission notariale, il est souvent n\u00e9cessaire pour la traduction du <a href=\"https:\/\/www.ecrivus-multimedia.nl\/go\/akte-van-huwelijkse-voorwaarden-vertalen\/\" title=\"Vous souhaitez traduire un contrat pr\u00e9nuptial sous serment ? Commandez dans notre boutique en ligne !\" class=\"pretty-link-keyword\"rel=\"\">accord pr\u00e9nuptial<\/a> est \u00e9galement jur\u00e9 et\/ou qu&#039;il y en a un <a href=\"http:\/\/www.ecrivus.nl\/tolkdiensten\/\">interpr\u00e8te asserment\u00e9<\/a> est pr\u00e9sent au <a href=\"https:\/\/www.ecrivus-multimedia.nl\/go\/notulen-beedigde-vertaling-met-stempel\/\" title=\"Vous souhaitez traduire les proc\u00e8s-verbaux sous serment ? Commandez dans notre boutique en ligne !\" class=\"pretty-link-keyword\"rel=\"\">notaire<\/a>. Vous pouvez \u00e9galement nous contacter pour cela. <a href=\"http:\/\/www.ecrivus.nl\/contact\/\">Cliquez ici pour demander \u00e9galement un devis pour un interpr\u00e8te asserment\u00e9 et notari\u00e9.<\/a><\/p>\n<p><strong>Le <a href=\"https:\/\/www.ecrivus-multimedia.nl\/go\/be\u00ebdigde-vertaling\/\" title=\"Traductions asserment\u00e9es Archives | Ecrivus International Webshop\" class=\"pretty-link-keyword\"rel=\"\">traduction asserment\u00e9e<\/a> de votre <a href=\"https:\/\/www.ecrivus-multimedia.nl\/go\/akte-van-huwelijkse-voorwaarden-vertalen\/\" title=\"Vous souhaitez traduire un contrat pr\u00e9nuptial sous serment ? Commandez dans notre boutique en ligne !\" class=\"pretty-link-keyword\"rel=\"\">accord pr\u00e9nuptial<\/a> est entre de bonnes mains :<\/strong><\/p>\n<ul>\n<li>Traduction par des traducteurs asserment\u00e9s, exp\u00e9riment\u00e9s et sp\u00e9cialis\u00e9s <a href=\"http:\/\/www.ecrivus.nl\/juridische-vertalingen\/\">traducteur juridique<\/a><\/li>\n<li>Y compris <a href=\"http:\/\/www.ecrivus.nl\/proeflezen\/\">relecture<\/a><\/li>\n<li>Y compris <a href=\"http:\/\/www.ecrivus.nl\/qa-kwaliteitscontroles\/\">contr\u00f4les de qualit\u00e9<\/a><\/li>\n<li>Tarifs comp\u00e9titifs<\/li>\n<li>D\u00e9lai de livraison rapide<\/li>\n<li>Choix de <a href=\"http:\/\/www.ecrivus.nl\/talen\/\">des centaines de combinaisons linguistiques<\/a><\/li>\n<li>Livraison express possible<\/li>\n<li>Prise en charge de divers formats de fichiers, y compris le format PDF<\/li>\n<li>Livraison toujours recommand\u00e9e de votre <a href=\"https:\/\/www.ecrivus-multimedia.nl\/go\/be\u00ebdigde-vertaling\/\" title=\"Traductions asserment\u00e9es Archives | Ecrivus International Webshop\" class=\"pretty-link-keyword\"rel=\"\">traduction asserment\u00e9e<\/a> avec Track &amp; Trace<\/li>\n<li>Possibilit\u00e9 de faire marquer votre document d'un <a href=\"https:\/\/www.ecrivus-multimedia.nl\/go\/apostilles-legalisatie-landenoverzicht\/\" title=\"Apostilles (l\u00e9galisation) - aper\u00e7u des pays\" class=\"pretty-link-keyword\"rel=\"\">apostille<\/a> ou <a href=\"https:\/\/www.ecrivus-multimedia.nl\/go\/apostilles-legalisatie-landenoverzicht\/\" title=\"Apostilles (l\u00e9galisation) - aper\u00e7u des pays\" class=\"pretty-link-keyword\"rel=\"\">l\u00e9galisation<\/a> (l\u00e9galiser)<\/li>\n<\/ul>\n<p>Pour faire votre <a href=\"https:\/\/www.ecrivus-multimedia.nl\/go\/akte-van-huwelijkse-voorwaarden-vertalen\/\" title=\"Vous souhaitez traduire un contrat pr\u00e9nuptial sous serment ? Commandez dans notre boutique en ligne !\" class=\"pretty-link-keyword\"rel=\"\">accord pr\u00e9nuptial<\/a> Pour le faire traduire imm\u00e9diatement, s\u00e9lectionnez ci-dessus le nombre de mots et la combinaison de langues souhait\u00e9e. Cliquez ensuite sur &#039;Ajouter au panier&#039;. Ensuite, vous pouvez utiliser le <a href=\"https:\/\/www.ecrivus-multimedia.nl\/go\/akte-van-huwelijkse-voorwaarden-vertalen\/\" title=\"Vous souhaitez traduire un contrat pr\u00e9nuptial sous serment ? Commandez dans notre boutique en ligne !\" class=\"pretty-link-keyword\"rel=\"\">accord pr\u00e9nuptial<\/a> t\u00e9l\u00e9chargez et ajoutez \u00e0 votre commande. Vous pouvez t\u00e9l\u00e9charger un fichier ZIP pour plusieurs documents. Nous proposons diff\u00e9rentes options de paiement via des connexions s\u00e9curis\u00e9es (notamment iDeal, virement bancaire et PayPal).<\/p>\n<p><strong>D\u00e9lai de livraison standard<\/strong>5-6 jours ouvrables<\/p>","protected":false},"excerpt":{"rendered":"<p>Traduction certifi\u00e9e professionnelle par un traducteur juridique sp\u00e9cialis\u00e9 comprenant la relecture et les contr\u00f4les de qualit\u00e9. S\u00e9lectionnez la combinaison de langues ci-dessous\u00a0:<\/p>","protected":false},"featured_media":132609,"comment_status":"open","ping_status":"closed","template":"","meta":{"_acf_changed":false,"_glsr_average":0,"_glsr_ranking":0,"_glsr_reviews":0,"_joinchat":[]},"product_brand":[],"product_cat":[107,624,15366],"product_tag":[625,657,626,112,629,628,627,113],"class_list":{"0":"post-8390","1":"product","2":"type-product","3":"status-publish","4":"has-post-thumbnail","6":"product_cat-beedigde-vertalingen","7":"product_cat-juridische-vertalingen","8":"product_cat-notariele-vertalingen-notaris","9":"product_tag-akte-van-huwelijkse-voorwaarden","10":"product_tag-huwelijksakte","11":"product_tag-huwelijkse-voorwaarden","12":"product_tag-juridisch","13":"product_tag-notariele-vertaling","14":"product_tag-notaris","15":"product_tag-trouwakte","16":"product_tag-voorwaarden","18":"first","19":"instock","20":"sold-individually","21":"taxable","22":"shipping-taxable","23":"purchasable","24":"product-type-variable"},"acf":[],"yoast_head":"<!-- This site is optimized with the Yoast SEO plugin v27.4 - https:\/\/yoast.com\/product\/yoast-seo-wordpress\/ -->\n<title>Huwelijkse voorwaarden be\u00ebdigd vertalen? Bestel in onze webshop!<\/title>\n<meta name=\"description\" content=\"Huwelijkse voorwaarden be\u00ebdigd vertalen? Bestel direct online! \u2713 Ervaren be\u00ebdigd vertalers \u2713 Alle talen \u2713 Voordelig geregeld \u2713 Snelle levertijden \u2713 Korting \u2713 Eenvoudig betalen via iDeal of PayPal\" \/>\n<meta name=\"robots\" content=\"index, follow, max-snippet:-1, max-image-preview:large, max-video-preview:-1\" \/>\n<link rel=\"canonical\" href=\"https:\/\/www.ecrivus-multimedia.nl\/fr\/produit\/traduire-laccord-prenuptial\/\" \/>\n<meta property=\"og:locale\" content=\"fr_FR\" \/>\n<meta property=\"og:type\" content=\"article\" \/>\n<meta property=\"og:title\" content=\"Huwelijkse voorwaarden be\u00ebdigd vertalen? Bestel in onze webshop!\" \/>\n<meta property=\"og:description\" content=\"Huwelijkse voorwaarden be\u00ebdigd vertalen? Bestel direct online! \u2713 Ervaren be\u00ebdigd vertalers \u2713 Alle talen \u2713 Voordelig geregeld \u2713 Snelle levertijden \u2713 Korting \u2713 Eenvoudig betalen via iDeal of PayPal\" \/>\n<meta property=\"og:url\" content=\"https:\/\/www.ecrivus-multimedia.nl\/fr\/produit\/traduire-laccord-prenuptial\/\" \/>\n<meta property=\"og:site_name\" content=\"Ecrivus International Webshop\" \/>\n<meta property=\"article:publisher\" content=\"https:\/\/www.facebook.com\/Ecrivus-International-676624782512639\/\" \/>\n<meta property=\"article:modified_time\" content=\"2026-04-12T10:15:33+00:00\" \/>\n<meta property=\"og:image\" content=\"https:\/\/www.ecrivus-multimedia.nl\/wp-content\/uploads\/2026\/04\/lakstempel-drukken-document-vooraanzicht-2.jpg\" \/>\n\t<meta property=\"og:image:width\" content=\"1000\" \/>\n\t<meta property=\"og:image:height\" content=\"667\" \/>\n\t<meta property=\"og:image:type\" content=\"image\/jpeg\" \/>\n<meta name=\"twitter:card\" content=\"summary_large_image\" \/>\n<meta name=\"twitter:site\" content=\"@ecrivusint\" \/>\n<meta name=\"twitter:label1\" content=\"Dur\u00e9e de lecture estim\u00e9e\" \/>\n\t<meta name=\"twitter:data1\" content=\"2 minutes\" \/>\n<script type=\"application\/ld+json\" class=\"yoast-schema-graph\">{\"@context\":\"https:\\\/\\\/schema.org\",\"@graph\":[{\"@type\":\"WebPage\",\"@id\":\"https:\\\/\\\/www.ecrivus-multimedia.nl\\\/product\\\/akte-van-huwelijkse-voorwaarden-vertalen\\\/\",\"url\":\"https:\\\/\\\/www.ecrivus-multimedia.nl\\\/product\\\/akte-van-huwelijkse-voorwaarden-vertalen\\\/\",\"name\":\"Huwelijkse voorwaarden be\u00ebdigd vertalen? Bestel in onze webshop!\",\"isPartOf\":{\"@id\":\"https:\\\/\\\/www.ecrivus-multimedia.nl\\\/#website\"},\"primaryImageOfPage\":{\"@id\":\"https:\\\/\\\/www.ecrivus-multimedia.nl\\\/product\\\/akte-van-huwelijkse-voorwaarden-vertalen\\\/#primaryimage\"},\"image\":{\"@id\":\"https:\\\/\\\/www.ecrivus-multimedia.nl\\\/product\\\/akte-van-huwelijkse-voorwaarden-vertalen\\\/#primaryimage\"},\"thumbnailUrl\":\"https:\\\/\\\/www.ecrivus-multimedia.nl\\\/wp-content\\\/uploads\\\/2026\\\/04\\\/lakstempel-drukken-document-vooraanzicht-2.jpg\",\"datePublished\":\"2017-08-11T12:35:10+00:00\",\"dateModified\":\"2026-04-12T10:15:33+00:00\",\"description\":\"Huwelijkse voorwaarden be\u00ebdigd vertalen? Bestel direct online! \u2713 Ervaren be\u00ebdigd vertalers \u2713 Alle talen \u2713 Voordelig geregeld \u2713 Snelle levertijden \u2713 Korting \u2713 Eenvoudig betalen via iDeal of PayPal\",\"breadcrumb\":{\"@id\":\"https:\\\/\\\/www.ecrivus-multimedia.nl\\\/product\\\/akte-van-huwelijkse-voorwaarden-vertalen\\\/#breadcrumb\"},\"inLanguage\":\"fr-FR\",\"potentialAction\":[{\"@type\":\"ReadAction\",\"target\":[\"https:\\\/\\\/www.ecrivus-multimedia.nl\\\/product\\\/akte-van-huwelijkse-voorwaarden-vertalen\\\/\"]}]},{\"@type\":\"ImageObject\",\"inLanguage\":\"fr-FR\",\"@id\":\"https:\\\/\\\/www.ecrivus-multimedia.nl\\\/product\\\/akte-van-huwelijkse-voorwaarden-vertalen\\\/#primaryimage\",\"url\":\"https:\\\/\\\/www.ecrivus-multimedia.nl\\\/wp-content\\\/uploads\\\/2026\\\/04\\\/lakstempel-drukken-document-vooraanzicht-2.jpg\",\"contentUrl\":\"https:\\\/\\\/www.ecrivus-multimedia.nl\\\/wp-content\\\/uploads\\\/2026\\\/04\\\/lakstempel-drukken-document-vooraanzicht-2.jpg\",\"width\":1000,\"height\":667},{\"@type\":\"BreadcrumbList\",\"@id\":\"https:\\\/\\\/www.ecrivus-multimedia.nl\\\/product\\\/akte-van-huwelijkse-voorwaarden-vertalen\\\/#breadcrumb\",\"itemListElement\":[{\"@type\":\"ListItem\",\"position\":1,\"name\":\"Home\",\"item\":\"https:\\\/\\\/www.ecrivus-multimedia.nl\\\/\"},{\"@type\":\"ListItem\",\"position\":2,\"name\":\"Shop\",\"item\":\"https:\\\/\\\/www.ecrivus-multimedia.nl\\\/shop\\\/\"},{\"@type\":\"ListItem\",\"position\":3,\"name\":\"Huwelijkse voorwaarden vertalen (be\u00ebdigd)\"}]},{\"@type\":\"WebSite\",\"@id\":\"https:\\\/\\\/www.ecrivus-multimedia.nl\\\/#website\",\"url\":\"https:\\\/\\\/www.ecrivus-multimedia.nl\\\/\",\"name\":\"Ecrivus International Webshop\",\"description\":\"Erkende webshop voor be\u00ebdigde vertalingen.\",\"publisher\":{\"@id\":\"https:\\\/\\\/www.ecrivus-multimedia.nl\\\/#organization\"},\"potentialAction\":[{\"@type\":\"SearchAction\",\"target\":{\"@type\":\"EntryPoint\",\"urlTemplate\":\"https:\\\/\\\/www.ecrivus-multimedia.nl\\\/?s={search_term_string}\"},\"query-input\":{\"@type\":\"PropertyValueSpecification\",\"valueRequired\":true,\"valueName\":\"search_term_string\"}}],\"inLanguage\":\"fr-FR\"},{\"@type\":\"Organization\",\"@id\":\"https:\\\/\\\/www.ecrivus-multimedia.nl\\\/#organization\",\"name\":\"Ecrivus International\",\"url\":\"https:\\\/\\\/www.ecrivus-multimedia.nl\\\/\",\"logo\":{\"@type\":\"ImageObject\",\"inLanguage\":\"fr-FR\",\"@id\":\"https:\\\/\\\/www.ecrivus-multimedia.nl\\\/#\\\/schema\\\/logo\\\/image\\\/\",\"url\":\"https:\\\/\\\/www.ecrivus-multimedia.nl\\\/wp-content\\\/uploads\\\/2022\\\/01\\\/cropped-small-Logo-Ecrivus-Vector-Transparent2.png\",\"contentUrl\":\"https:\\\/\\\/www.ecrivus-multimedia.nl\\\/wp-content\\\/uploads\\\/2022\\\/01\\\/cropped-small-Logo-Ecrivus-Vector-Transparent2.png\",\"width\":512,\"height\":512,\"caption\":\"Ecrivus International\"},\"image\":{\"@id\":\"https:\\\/\\\/www.ecrivus-multimedia.nl\\\/#\\\/schema\\\/logo\\\/image\\\/\"},\"sameAs\":[\"https:\\\/\\\/www.facebook.com\\\/Ecrivus-International-676624782512639\\\/\",\"https:\\\/\\\/x.com\\\/ecrivusint\"]}]}<\/script>\n<!-- \/ Yoast SEO plugin. -->","yoast_head_json":{"title":"Huwelijkse voorwaarden be\u00ebdigd vertalen? Bestel in onze webshop!","description":"Huwelijkse voorwaarden be\u00ebdigd vertalen? Bestel direct online! \u2713 Ervaren be\u00ebdigd vertalers \u2713 Alle talen \u2713 Voordelig geregeld \u2713 Snelle levertijden \u2713 Korting \u2713 Eenvoudig betalen via iDeal of PayPal","robots":{"index":"index","follow":"follow","max-snippet":"max-snippet:-1","max-image-preview":"max-image-preview:large","max-video-preview":"max-video-preview:-1"},"canonical":"https:\/\/www.ecrivus-multimedia.nl\/fr\/produit\/traduire-laccord-prenuptial\/","og_locale":"fr_FR","og_type":"article","og_title":"Huwelijkse voorwaarden be\u00ebdigd vertalen? Bestel in onze webshop!","og_description":"Huwelijkse voorwaarden be\u00ebdigd vertalen? Bestel direct online! \u2713 Ervaren be\u00ebdigd vertalers \u2713 Alle talen \u2713 Voordelig geregeld \u2713 Snelle levertijden \u2713 Korting \u2713 Eenvoudig betalen via iDeal of PayPal","og_url":"https:\/\/www.ecrivus-multimedia.nl\/fr\/produit\/traduire-laccord-prenuptial\/","og_site_name":"Ecrivus International Webshop","article_publisher":"https:\/\/www.facebook.com\/Ecrivus-International-676624782512639\/","article_modified_time":"2026-04-12T10:15:33+00:00","og_image":[{"width":1000,"height":667,"url":"https:\/\/www.ecrivus-multimedia.nl\/wp-content\/uploads\/2026\/04\/lakstempel-drukken-document-vooraanzicht-2.jpg","type":"image\/jpeg"}],"twitter_card":"summary_large_image","twitter_site":"@ecrivusint","twitter_misc":{"Dur\u00e9e de lecture estim\u00e9e":"2 minutes"},"schema":{"@context":"https:\/\/schema.org","@graph":[{"@type":"WebPage","@id":"https:\/\/www.ecrivus-multimedia.nl\/product\/akte-van-huwelijkse-voorwaarden-vertalen\/","url":"https:\/\/www.ecrivus-multimedia.nl\/product\/akte-van-huwelijkse-voorwaarden-vertalen\/","name":"Huwelijkse voorwaarden be\u00ebdigd vertalen? Bestel in onze webshop!","isPartOf":{"@id":"https:\/\/www.ecrivus-multimedia.nl\/#website"},"primaryImageOfPage":{"@id":"https:\/\/www.ecrivus-multimedia.nl\/product\/akte-van-huwelijkse-voorwaarden-vertalen\/#primaryimage"},"image":{"@id":"https:\/\/www.ecrivus-multimedia.nl\/product\/akte-van-huwelijkse-voorwaarden-vertalen\/#primaryimage"},"thumbnailUrl":"https:\/\/www.ecrivus-multimedia.nl\/wp-content\/uploads\/2026\/04\/lakstempel-drukken-document-vooraanzicht-2.jpg","datePublished":"2017-08-11T12:35:10+00:00","dateModified":"2026-04-12T10:15:33+00:00","description":"Huwelijkse voorwaarden be\u00ebdigd vertalen? Bestel direct online! \u2713 Ervaren be\u00ebdigd vertalers \u2713 Alle talen \u2713 Voordelig geregeld \u2713 Snelle levertijden \u2713 Korting \u2713 Eenvoudig betalen via iDeal of PayPal","breadcrumb":{"@id":"https:\/\/www.ecrivus-multimedia.nl\/product\/akte-van-huwelijkse-voorwaarden-vertalen\/#breadcrumb"},"inLanguage":"fr-FR","potentialAction":[{"@type":"ReadAction","target":["https:\/\/www.ecrivus-multimedia.nl\/product\/akte-van-huwelijkse-voorwaarden-vertalen\/"]}]},{"@type":"ImageObject","inLanguage":"fr-FR","@id":"https:\/\/www.ecrivus-multimedia.nl\/product\/akte-van-huwelijkse-voorwaarden-vertalen\/#primaryimage","url":"https:\/\/www.ecrivus-multimedia.nl\/wp-content\/uploads\/2026\/04\/lakstempel-drukken-document-vooraanzicht-2.jpg","contentUrl":"https:\/\/www.ecrivus-multimedia.nl\/wp-content\/uploads\/2026\/04\/lakstempel-drukken-document-vooraanzicht-2.jpg","width":1000,"height":667},{"@type":"BreadcrumbList","@id":"https:\/\/www.ecrivus-multimedia.nl\/product\/akte-van-huwelijkse-voorwaarden-vertalen\/#breadcrumb","itemListElement":[{"@type":"ListItem","position":1,"name":"Home","item":"https:\/\/www.ecrivus-multimedia.nl\/"},{"@type":"ListItem","position":2,"name":"Shop","item":"https:\/\/www.ecrivus-multimedia.nl\/shop\/"},{"@type":"ListItem","position":3,"name":"Huwelijkse voorwaarden vertalen (be\u00ebdigd)"}]},{"@type":"WebSite","@id":"https:\/\/www.ecrivus-multimedia.nl\/#website","url":"https:\/\/www.ecrivus-multimedia.nl\/","name":"Ecrivus International Webshop","description":"Erkende webshop voor be\u00ebdigde vertalingen.","publisher":{"@id":"https:\/\/www.ecrivus-multimedia.nl\/#organization"},"potentialAction":[{"@type":"SearchAction","target":{"@type":"EntryPoint","urlTemplate":"https:\/\/www.ecrivus-multimedia.nl\/?s={search_term_string}"},"query-input":{"@type":"PropertyValueSpecification","valueRequired":true,"valueName":"search_term_string"}}],"inLanguage":"fr-FR"},{"@type":"Organization","@id":"https:\/\/www.ecrivus-multimedia.nl\/#organization","name":"Ecrivus International","url":"https:\/\/www.ecrivus-multimedia.nl\/","logo":{"@type":"ImageObject","inLanguage":"fr-FR","@id":"https:\/\/www.ecrivus-multimedia.nl\/#\/schema\/logo\/image\/","url":"https:\/\/www.ecrivus-multimedia.nl\/wp-content\/uploads\/2022\/01\/cropped-small-Logo-Ecrivus-Vector-Transparent2.png","contentUrl":"https:\/\/www.ecrivus-multimedia.nl\/wp-content\/uploads\/2022\/01\/cropped-small-Logo-Ecrivus-Vector-Transparent2.png","width":512,"height":512,"caption":"Ecrivus International"},"image":{"@id":"https:\/\/www.ecrivus-multimedia.nl\/#\/schema\/logo\/image\/"},"sameAs":["https:\/\/www.facebook.com\/Ecrivus-International-676624782512639\/","https:\/\/x.com\/ecrivusint"]}]}},"_links":{"self":[{"href":"https:\/\/www.ecrivus-multimedia.nl\/fr\/wp-json\/wp\/v2\/product\/8390","targetHints":{"allow":["GET"]}}],"collection":[{"href":"https:\/\/www.ecrivus-multimedia.nl\/fr\/wp-json\/wp\/v2\/product"}],"about":[{"href":"https:\/\/www.ecrivus-multimedia.nl\/fr\/wp-json\/wp\/v2\/types\/product"}],"replies":[{"embeddable":true,"href":"https:\/\/www.ecrivus-multimedia.nl\/fr\/wp-json\/wp\/v2\/comments?post=8390"}],"wp:featuredmedia":[{"embeddable":true,"href":"https:\/\/www.ecrivus-multimedia.nl\/fr\/wp-json\/wp\/v2\/media\/132609"}],"wp:attachment":[{"href":"https:\/\/www.ecrivus-multimedia.nl\/fr\/wp-json\/wp\/v2\/media?parent=8390"}],"wp:term":[{"taxonomy":"product_brand","embeddable":true,"href":"https:\/\/www.ecrivus-multimedia.nl\/fr\/wp-json\/wp\/v2\/product_brand?post=8390"},{"taxonomy":"product_cat","embeddable":true,"href":"https:\/\/www.ecrivus-multimedia.nl\/fr\/wp-json\/wp\/v2\/product_cat?post=8390"},{"taxonomy":"product_tag","embeddable":true,"href":"https:\/\/www.ecrivus-multimedia.nl\/fr\/wp-json\/wp\/v2\/product_tag?post=8390"}],"curies":[{"name":"wp","href":"https:\/\/api.w.org\/{rel}","templated":true}]}}