{"id":41300,"date":"2019-04-17T10:02:39","date_gmt":"2019-04-17T08:02:39","guid":{"rendered":"https:\/\/www.ecrivus-multimedia.nl\/?page_id=41300"},"modified":"2025-12-18T11:35:29","modified_gmt":"2025-12-18T10:35:29","slug":"privacyverklaring","status":"publish","type":"page","link":"https:\/\/www.ecrivus-multimedia.nl\/it\/dichiarazione-sulla-privacy\/","title":{"rendered":"Dichiarazione sulla privacy"},"content":{"rendered":"<h2><strong>Dichiarazione sulla privacy<\/strong><\/h2>\n<h4><strong>Responsabile del trattamento dei dati personali<\/strong><\/h4>\n<p><strong>Ecrivus Internazionale VOF<\/strong>, con sede in Vliegveldweg 106, 6199 AD Maastricht-Airport, \u00e8 responsabile del trattamento dei dati personali come indicato nella presente <a href=\"https:\/\/www.ecrivus-multimedia.nl\/go\/privacyverklaring-beedigde-vertaling-met-stempel\/\" title=\"Vuoi tradurre un&#039;informativa giurata sulla privacy? Ordina nel nostro negozio online!\" class=\"pretty-link-keyword\"rel=\"\">dichiarazione sulla privacy<\/a>.<\/p>\n<h4><strong>Dettagli del contatto:<\/strong><\/h4>\n<p>Strada dell&#039;aeroporto 106<br \/>6199 d.C. Aeroporto di Maastricht<br \/>+31(0)43-365-5801<br \/><a href=\"http:\/\/www.ecrivus.nl\">www.ecrivus.nl<\/a><\/p>\n<h4><strong>Dati personali che trattiamo:<br \/><\/strong><\/h4>\n<p>Ecrivus International VOF tratta i tuoi dati personali perch\u00e9 utilizzi i nostri servizi e\/o perch\u00e9 ce li fornisci tu stesso.<\/p>\n<p>Di seguito troverai una panoramica dei dati personali che trattiamo:<\/p>\n<ul>\n<li>Nome e cognome<\/li>\n<li>Sesso<\/li>\n<li>Dati indirizzo<\/li>\n<li>numero di telefono<\/li>\n<li>Indirizzo e-mail<\/li>\n<li>indirizzo IP<\/li>\n<li>Dati sulla posizione<\/li>\n<li>Browser Internet e tipo di dispositivo<\/li>\n<li>Dati sulla tua attivit\u00e0 sul nostro sito web<\/li>\n<li>Altri dati personali che fornisci attivamente, per iscritto (anche in formato digitale) o per telefono, ad esempio tramite una richiesta di preventivo o di registrazione, un acquisto sul nostro sito web o attraverso documenti (fonte).<\/li>\n<li>numero di conto bancario<\/li>\n<li>Partita IVA e <a href=\"https:\/\/www.ecrivus-multimedia.nl\/go\/kvk-uittreksel-beedigde-vertaling-met-stempel\/\" title=\"Desideri tradurre un estratto giurato della Camera di Commercio? Ora disponibile per l&#039;ordine online!\" class=\"pretty-link-keyword\"rel=\"\">Camera di Commercio<\/a>numero (se applicabile)<\/li>\n<\/ul>\n<h4><strong>Non trattiamo dati personali particolari e\/o sensibili<\/strong><\/h4>\n<p>Il nostro sito Web e\/o servizio non intende raccogliere dati sui visitatori del sito Web di et\u00e0 inferiore a 16 anni. A meno che loro <a href=\"https:\/\/www.ecrivus-multimedia.nl\/go\/toestemmingsformulier-beedigde-vertaling-met-stempel\/\" title=\"Vuoi tradurre un modulo di consenso giurato? Ordina nel nostro negozio online!\" class=\"pretty-link-keyword\"rel=\"\">autorizzazione<\/a> avere genitori o tutori. Tuttavia, non possiamo verificare se un visitatore ha pi\u00f9 di 16 anni. Raccomandiamo pertanto che i genitori siano coinvolti nelle attivit\u00e0 online dei propri figli, al fine di evitare che dati sui minori vengano raccolti senza il consenso dei genitori. <a href=\"https:\/\/www.ecrivus-multimedia.nl\/go\/toestemmingsformulier-beedigde-vertaling-met-stempel\/\" title=\"Vuoi tradurre un modulo di consenso giurato? Ordina nel nostro negozio online!\" class=\"pretty-link-keyword\"rel=\"\">autorizzazione<\/a>. Se sei convinto che ne possiamo fare a meno <a href=\"https:\/\/www.ecrivus-multimedia.nl\/go\/toestemmingsformulier-beedigde-vertaling-met-stempel\/\" title=\"Vuoi tradurre un modulo di consenso giurato? Ordina nel nostro negozio online!\" class=\"pretty-link-keyword\"rel=\"\">autorizzazione<\/a> persoonlijke gegevens hebben verzameld over een minderjarige, neem dan contact met ons op via info@ecrivus.nl, dan verwijderen wij deze informatie.<\/p>\n<h4><strong>Per quale scopo e su quale base trattiamo i dati personali?<\/strong><\/h4>\n<p>Ecrivus International VOF tratta i tuoi dati personali per i seguenti scopi:<\/p>\n<ul>\n<li>Gestire il tuo pagamento<\/li>\n<li>Spedizione dal ns <a href=\"https:\/\/www.ecrivus-multimedia.nl\/go\/nieuwsbrief-schrijven\/\" title=\"Scrivi newsletter\" class=\"pretty-link-keyword\"rel=\"\">notiziario<\/a> e\/o brochure pubblicitaria<\/li>\n<li>Per poterti chiamare o inviarti un&#039;e-mail se ci\u00f2 \u00e8 necessario per i nostri scopi <a href=\"https:\/\/www.ecrivus-multimedia.nl\/go\/dienstverleningsovereenkomst-beedigde-vertaling-met-stempel\/\" title=\"Traduzione giurata di un contratto di servizio? Ordina nel nostro negozio online!\" class=\"pretty-link-keyword\"rel=\"\">Servizi<\/a> poter effettuare<\/li>\n<li>Per informarti sulle modifiche ai nostri servizi e prodotti<\/li>\n<li>Per offrirti l&#039;opportunit\u00e0 di creare un account<\/li>\n<li>Per fornirti beni e servizi<\/li>\n<li>Ecrivus International VOF tratta anche i dati personali se siamo legalmente obbligati a farlo, come i dati di cui abbiamo bisogno per il nostro <a href=\"https:\/\/www.ecrivus-multimedia.nl\/go\/belastingaangifte-vertalen-beedigd\/\" title=\"Vuoi tradurre una dichiarazione dei redditi giurata? Ordina tramite il nostro negozio online!\" class=\"pretty-link-keyword\"rel=\"\">dichiarazione dei redditi<\/a>.<\/li>\n<li>Ecrivus International VOF analizza il tuo comportamento sul sito web al fine di migliorare il sito web e adattare la gamma di prodotti e servizi alle tue preferenze.<\/li>\n<\/ul>\n<h4><strong>Processo decisionale automatizzato<\/strong><\/h4>\n<p>Ecrivus International VOF non prende decisioni basate sul trattamento automatizzato su questioni che potrebbero avere conseguenze (significative) per le persone. Si tratta di decisioni prese da programmi o sistemi informatici, senza il coinvolgimento di un essere umano (ad esempio un dipendente di Ecrivus International VOF).<\/p>\n<h4><strong>Per quanto tempo conserviamo i dati personali<\/strong><\/h4>\n<p>Ecrivus International VOF non conserva i tuoi dati personali per un periodo superiore a quello strettamente necessario per raggiungere gli scopi per i quali vengono raccolti. In linea di principio non cancelliamo dati\/file personali a meno che ci\u00f2 non venga esplicitamente richiesto, poich\u00e9 dobbiamo poter consultare in ogni momento l&#039;archivio del progetto per un nuovo incarico (di traduzione). Ci\u00f2 garantisce coerenza e alta qualit\u00e0 <a href=\"https:\/\/www.ecrivus-multimedia.nl\/go\/dienstverleningsovereenkomst-beedigde-vertaling-met-stempel\/\" title=\"Traduzione giurata di un contratto di servizio? Ordina nel nostro negozio online!\" class=\"pretty-link-keyword\"rel=\"\">Servizi<\/a> garantita.<\/p>\n<h4><strong>Condivisione dei dati personali con terze parti<\/strong><\/h4>\n<p>Ecrivus International VOF fornisce i tuoi dati personali a terzi solo se ci\u00f2 \u00e8 necessario per l&#039;esecuzione delle nostre attivit\u00e0 <a href=\"https:\/\/www.ecrivus-multimedia.nl\/go\/contract-beedigde-vertaling-met-stempel\/\" title=\"Vuoi tradurre un contratto giurato? Ordina nel nostro negozio online!\" class=\"pretty-link-keyword\"rel=\"\">accordo<\/a> o per adempiere ad un obbligo legale.<\/p>\n<h4><strong>Cookie o tecniche simili che utilizziamo<\/strong><\/h4>\n<p>Ecrivus International VOF utilizza cookie strettamente necessari, funzionali, tecnici e analitici (di tracciamento). Un cookie \u00e8 un piccolo file di testo che viene memorizzato sul tuo computer, tablet o smartphone quando visiti per la prima volta questo sito web. I cookie che utilizziamo sono necessari per il funzionamento tecnico del sito web, la tua facilit\u00e0 d&#039;uso e per ottimizzare il sito web. Garantiscono il corretto funzionamento del sito web e, ad esempio, ricordano le tue impostazioni relative alle preferenze. Puoi annullare l&#039;iscrizione ai cookie impostando il tuo browser Internet in modo che non memorizzi pi\u00f9 i cookie. Inoltre potete anche cancellare tutte le informazioni precedentemente memorizzate tramite le impostazioni del vostro browser.<\/p>\n<p>Su questo sito vengono inseriti cookie anche di terze parti. Si tratta, ad esempio, di inserzionisti e\/o societ\u00e0 di social media. Di seguito \u00e8 riportata una panoramica:<\/p>\n<table>\n<tbody>\n<tr>\n<td width=\"201\"><strong>Tipo<\/strong><\/td>\n<td width=\"201\"><strong>(Sotto)categoria<\/strong><\/td>\n<td width=\"201\"><strong>Biscotti<\/strong><\/td>\n<\/tr>\n<tr>\n<td width=\"201\"><strong>Cookie strettamente necessari e tecnici<\/strong><\/td>\n<td width=\"201\">WordPress<\/td>\n<td width=\"201\">\n<ul>\n<li>OptanonConsenso<\/li>\n<li>OptanonAlertBoxChiuso<\/li>\n<li>PHPSESSID<\/li>\n<li>wordpress_test_cookie<\/li>\n<\/ul>\n<\/td>\n<\/tr>\n<tr>\n<td width=\"201\"><strong>Cookie funzionali e analitici (di tracciamento).<\/strong><\/td>\n<td width=\"201\">Tawk.to<\/td>\n<td width=\"201\">\n<ul>\n<li>__tawkuuid<\/li>\n<li>TawkConnectionTime<\/li>\n<li>Tawk_57592660fc6a7f9c2ceaecd8<\/li>\n<\/ul>\n<\/td>\n<\/tr>\n<tr>\n<td width=\"201\">\u00a0<\/td>\n<td width=\"201\">va.tawk.to<\/td>\n<td width=\"201\">\n<ul>\n<li>tawkUUID<\/li>\n<li>ss<\/li>\n<\/ul>\n<\/td>\n<\/tr>\n<tr>\n<td width=\"201\">\u00a0<\/td>\n<td width=\"201\">parlare.a<\/td>\n<td width=\"201\">\n<ul>\n<li>__cfduid<\/li>\n<\/ul>\n<\/td>\n<\/tr>\n<tr>\n<td width=\"201\"><strong>Cookie mirati<\/strong><\/td>\n<td width=\"201\">twitter.com<\/td>\n<td width=\"201\">\n<ul>\n<li>token_autenticazione<\/li>\n<li>twll<\/li>\n<li>secure_session<\/li>\n<li>guest_id<\/li>\n<li>__utma<\/li>\n<li>ricorda_controllato<\/li>\n<li>ricorda_controllato_on<\/li>\n<\/ul>\n<\/td>\n<\/tr>\n<tr>\n<td width=\"201\">\u00a0<\/td>\n<td width=\"201\">cdn.syndication.twimg.com<\/td>\n<td width=\"201\">\n<ul>\n<li>lungo<\/li>\n<\/ul>\n<\/td>\n<\/tr>\n<tr>\n<td width=\"201\">\u00a0<\/td>\n<td width=\"201\">syndication.twitter.com<\/td>\n<td width=\"201\">\n<ul>\n<li>lungo<\/li>\n<\/ul>\n<\/td>\n<\/tr>\n<\/tbody>\n<\/table>\n<h4><strong>Visualizza, modifica o elimina i dati<\/strong><\/h4>\n<p>Hai il diritto di visualizzare, correggere o cancellare i tuoi dati personali. Inoltre, hai il diritto di richiederne qualsiasi <a href=\"https:\/\/www.ecrivus-multimedia.nl\/go\/toestemmingsformulier-beedigde-vertaling-met-stempel\/\" title=\"Vuoi tradurre un modulo di consenso giurato? Ordina nel nostro negozio online!\" class=\"pretty-link-keyword\"rel=\"\">autorizzazione<\/a> di revocare il trattamento dei dati o di opporsi al trattamento dei tuoi dati personali da parte di Ecrivus International VOF e hai il diritto alla portabilit\u00e0 dei dati. Ci\u00f2 significa che puoi inviarci una richiesta per inviare i dati personali che abbiamo su di te in un file informatico a te o ad un&#039;altra organizzazione da te menzionata.<\/p>\n<p>Puoi richiedere l&#039;accesso, la correzione, la cancellazione, il trasferimento dei tuoi dati personali o richiedere il ritiro dei tuoi <a href=\"https:\/\/www.ecrivus-multimedia.nl\/go\/toestemmingsformulier-beedigde-vertaling-met-stempel\/\" title=\"Vuoi tradurre un modulo di consenso giurato? Ordina nel nostro negozio online!\" class=\"pretty-link-keyword\"rel=\"\">autorizzazione<\/a> oppure inviare opposizione al trattamento dei tuoi dati personali a <a href=\"mailto:info@ecrivus.nl\">info@ecrivus.nl<\/a>.<\/p>\n<p>Per garantire che la richiesta di accesso sia stata effettuata da te, ti chiediamo copia del tuo <a href=\"https:\/\/www.ecrivus-multimedia.nl\/go\/identiteitsbewijs-vertalen-beedigd\/\" title=\"Hai bisogno di una traduzione giurata della tua carta d&#039;identit\u00e0 o carta d&#039;identit\u00e0? Ora disponibile per l&#039;ordine online!\" class=\"pretty-link-keyword\"rel=\"\">identificazione<\/a> da inviare unitamente alla richiesta. In questa copia, includi la foto del tuo passaporto, MRZ (zona leggibile dalla macchina, la striscia con i numeri nella parte inferiore <a href=\"https:\/\/www.ecrivus-multimedia.nl\/go\/paspoort-vertalen-beedigd\/\" title=\"Traduzione giurata del passaporto? Ordina tramite il nostro negozio online!\" class=\"pretty-link-keyword\"rel=\"\">passaporto<\/a>), numero del passaporto e numero del servizio cittadino (BSN) in nero. Questo \u00e8 per proteggere la tua privacy. Risponderemo alla tua richiesta il pi\u00f9 rapidamente possibile, ma entro quattro settimane.<\/p>\n<h4><strong>Come proteggiamo i dati personali<\/strong><\/h4>\n<p>Ecrivus International VOF prende sul serio la protezione dei tuoi dati e adotta misure adeguate per prevenire usi impropri, perdite, accessi non autorizzati, divulgazione indesiderata e modifiche non autorizzate. Se hai l&#039;impressione che i tuoi dati non siano adeguatamente protetti o che vi siano indizi di un uso improprio, ti preghiamo di contattarci <u>info@ecrivus.nl<\/u>.<\/p>\n<h4><strong>Data di entrata in vigore e modifiche<br \/><\/strong><\/h4>\n<p>Ecrivus International si riserva il diritto di apportare modifiche a questo riguardo <a href=\"https:\/\/www.ecrivus-multimedia.nl\/go\/privacyverklaring-beedigde-vertaling-met-stempel\/\" title=\"Vuoi tradurre un&#039;informativa giurata sulla privacy? Ordina nel nostro negozio online!\" class=\"pretty-link-keyword\"rel=\"\">dichiarazione sulla privacy<\/a>. Se sono state apportate modifiche significative al ns <a href=\"https:\/\/www.ecrivus-multimedia.nl\/go\/privacyverklaring-beedigde-vertaling-met-stempel\/\" title=\"Vuoi tradurre un&#039;informativa giurata sulla privacy? Ordina nel nostro negozio online!\" class=\"pretty-link-keyword\"rel=\"\">dichiarazione sulla privacy<\/a>, lo annunceremo sul nostro sito Web e forniremo un collegamento a quello nuovo <a href=\"https:\/\/www.ecrivus-multimedia.nl\/go\/privacyverklaring-beedigde-vertaling-met-stempel\/\" title=\"Vuoi tradurre un&#039;informativa giurata sulla privacy? Ordina nel nostro negozio online!\" class=\"pretty-link-keyword\"rel=\"\">dichiarazione sulla privacy<\/a> Pubblicare. Ti consigliamo di farlo <a href=\"https:\/\/www.ecrivus-multimedia.nl\/go\/privacyverklaring-beedigde-vertaling-met-stempel\/\" title=\"Vuoi tradurre un&#039;informativa giurata sulla privacy? Ordina nel nostro negozio online!\" class=\"pretty-link-keyword\"rel=\"\">dichiarazione sulla privacy<\/a> leggilo regolarmente in modo da sapere quali informazioni raccogliamo e come utilizziamo queste informazioni. La data di entrata in vigore di questo <a href=\"https:\/\/www.ecrivus-multimedia.nl\/go\/privacyverklaring-beedigde-vertaling-met-stempel\/\" title=\"Vuoi tradurre un&#039;informativa giurata sulla privacy? Ordina nel nostro negozio online!\" class=\"pretty-link-keyword\"rel=\"\">dichiarazione sulla privacy<\/a> \u00e8 il 1 maggio 2018.<\/p>\n<h4><strong>Accetta termini e condizioni<br \/><\/strong><\/h4>\n<p>Se non sei d&#039;accordo con il <a href=\"https:\/\/www.ecrivus-multimedia.nl\/go\/privacyverklaring-beedigde-vertaling-met-stempel\/\" title=\"Vuoi tradurre un&#039;informativa giurata sulla privacy? Ordina nel nostro negozio online!\" class=\"pretty-link-keyword\"rel=\"\">dichiarazione sulla privacy<\/a> di Ecrivus International VOF come pubblicato su questo sito web, chiediamo gentilmente ma urgentemente di non utilizzare questo sito web e\/o i servizi in esso offerti.<\/p>\n<p>Utilizzando questo sito Web e\/o i servizi ivi offerti, acconsenti alla raccolta, elaborazione e utilizzo di queste informazioni da parte di Ecrivus International.<\/p>\n<h4><strong>Applicabilit\u00e0<\/strong><\/h4>\n<p>Questo <a href=\"https:\/\/www.ecrivus-multimedia.nl\/go\/privacyverklaring-beedigde-vertaling-met-stempel\/\" title=\"Vuoi tradurre un&#039;informativa giurata sulla privacy? Ordina nel nostro negozio online!\" class=\"pretty-link-keyword\"rel=\"\">dichiarazione sulla privacy<\/a> is van toepassing op alle websites, labels, handelsnamen en domeinnamen van Ecrivus International V.O.F., waaronder begrepen maar niet beperkt tot:<\/p>\n<ul>\n<li><a href=\"https:\/\/www.ecrivus.nl\">www.ecrivus.com<\/a><\/li>\n<li><a href=\"http:\/\/www.ecrivus.nl\">www.ecrivus.nl<\/a><\/li>\n<li><a href=\"http:\/\/www.ecrivus.be\">www.ecrivus.be<\/a><\/li>\n<li><a href=\"http:\/\/www.ecrivus.de\">www.ecrivus.de<\/a><\/li>\n<li><a href=\"http:\/\/www.ecrivus-multimedia.nl\/it\/\">www.ecrivus-multimedia.nl<\/a><\/li>\n<li><a href=\"http:\/\/www.zeldzamevertalingen.nl\">www.zeldzamevertalingen.nl<\/a><\/li>\n<\/ul>\n<p><em>Ultimo aggiornamento: maggio 2018<\/em><\/p>\n<p><!-- OneTrust Cookies Settings button start --><\/p>\n<p><a class=\"optanon-show-settings\">Impostazioni dei cookie<\/a><\/p>\n<p><!-- OneTrust Cookies Settings button end --><\/p>","protected":false},"excerpt":{"rendered":"<p>Privacyverklaring Verantwoordelijke voor de verwerking van persoonsgegevens Ecrivus International V.O.F., gevestigd aan Vliegveldweg 106, 6199 AD Maastricht-Airport, is verantwoordelijk voor de verwerking van persoonsgegevens zoals weergegeven in deze privacyverklaring. Contactgegevens: Vliegveldweg 1066199 AD Maastricht-Airport+31(0)43-365-5801www.ecrivus.nl Persoonsgegevens die wij verwerken: Ecrivus International V.O.F. verwerkt uw persoonsgegevens doordat u gebruik maakt van onze diensten en\/of omdat u deze&#8230;<\/p>","protected":false},"author":1,"featured_media":0,"parent":0,"menu_order":0,"comment_status":"closed","ping_status":"closed","template":"","meta":{"_acf_changed":false,"_glsr_average":0,"_glsr_ranking":0,"_glsr_reviews":0,"_joinchat":[],"footnotes":""},"class_list":["post-41300","page","type-page","status-publish","hentry"],"acf":[],"yoast_head":"<!-- This site is optimized with the Yoast SEO plugin v27.4 - https:\/\/yoast.com\/product\/yoast-seo-wordpress\/ -->\n<title>Privacyverklaring | Ecrivus International Webshop<\/title>\n<meta name=\"robots\" content=\"index, follow, max-snippet:-1, max-image-preview:large, max-video-preview:-1\" \/>\n<link rel=\"canonical\" href=\"https:\/\/www.ecrivus-multimedia.nl\/it\/dichiarazione-sulla-privacy\/\" \/>\n<meta property=\"og:locale\" content=\"it_IT\" \/>\n<meta property=\"og:type\" content=\"article\" \/>\n<meta property=\"og:title\" content=\"Privacyverklaring | Ecrivus International Webshop\" \/>\n<meta property=\"og:description\" content=\"Privacyverklaring Verantwoordelijke voor de verwerking van persoonsgegevens Ecrivus International V.O.F., gevestigd aan Vliegveldweg 106, 6199 AD Maastricht-Airport, is verantwoordelijk voor de verwerking van persoonsgegevens zoals weergegeven in deze privacyverklaring. Contactgegevens: Vliegveldweg 1066199 AD Maastricht-Airport+31(0)43-365-5801www.ecrivus.nl Persoonsgegevens die wij verwerken: Ecrivus International V.O.F. verwerkt uw persoonsgegevens doordat u gebruik maakt van onze diensten en\/of omdat u deze...\" \/>\n<meta property=\"og:url\" content=\"https:\/\/www.ecrivus-multimedia.nl\/it\/dichiarazione-sulla-privacy\/\" \/>\n<meta property=\"og:site_name\" content=\"Ecrivus International Webshop\" \/>\n<meta property=\"article:publisher\" content=\"https:\/\/www.facebook.com\/Ecrivus-International-676624782512639\/\" \/>\n<meta property=\"article:modified_time\" content=\"2025-12-18T10:35:29+00:00\" \/>\n<meta name=\"twitter:card\" content=\"summary_large_image\" \/>\n<meta name=\"twitter:site\" content=\"@ecrivusint\" \/>\n<meta name=\"twitter:label1\" content=\"Tempo di lettura stimato\" \/>\n\t<meta name=\"twitter:data1\" content=\"6 minuti\" \/>\n<script type=\"application\/ld+json\" class=\"yoast-schema-graph\">{\"@context\":\"https:\\\/\\\/schema.org\",\"@graph\":[{\"@type\":\"WebPage\",\"@id\":\"https:\\\/\\\/www.ecrivus-multimedia.nl\\\/privacyverklaring\\\/\",\"url\":\"https:\\\/\\\/www.ecrivus-multimedia.nl\\\/privacyverklaring\\\/\",\"name\":\"Privacyverklaring | Ecrivus International Webshop\",\"isPartOf\":{\"@id\":\"https:\\\/\\\/www.ecrivus-multimedia.nl\\\/#website\"},\"datePublished\":\"2019-04-17T08:02:39+00:00\",\"dateModified\":\"2025-12-18T10:35:29+00:00\",\"breadcrumb\":{\"@id\":\"https:\\\/\\\/www.ecrivus-multimedia.nl\\\/privacyverklaring\\\/#breadcrumb\"},\"inLanguage\":\"it-IT\",\"potentialAction\":[{\"@type\":\"ReadAction\",\"target\":[\"https:\\\/\\\/www.ecrivus-multimedia.nl\\\/privacyverklaring\\\/\"]}]},{\"@type\":\"BreadcrumbList\",\"@id\":\"https:\\\/\\\/www.ecrivus-multimedia.nl\\\/privacyverklaring\\\/#breadcrumb\",\"itemListElement\":[{\"@type\":\"ListItem\",\"position\":1,\"name\":\"Home\",\"item\":\"https:\\\/\\\/www.ecrivus-multimedia.nl\\\/\"},{\"@type\":\"ListItem\",\"position\":2,\"name\":\"Privacyverklaring\"}]},{\"@type\":\"WebSite\",\"@id\":\"https:\\\/\\\/www.ecrivus-multimedia.nl\\\/#website\",\"url\":\"https:\\\/\\\/www.ecrivus-multimedia.nl\\\/\",\"name\":\"Ecrivus International Webshop\",\"description\":\"Erkende webshop voor be\u00ebdigde vertalingen.\",\"publisher\":{\"@id\":\"https:\\\/\\\/www.ecrivus-multimedia.nl\\\/#organization\"},\"potentialAction\":[{\"@type\":\"SearchAction\",\"target\":{\"@type\":\"EntryPoint\",\"urlTemplate\":\"https:\\\/\\\/www.ecrivus-multimedia.nl\\\/?s={search_term_string}\"},\"query-input\":{\"@type\":\"PropertyValueSpecification\",\"valueRequired\":true,\"valueName\":\"search_term_string\"}}],\"inLanguage\":\"it-IT\"},{\"@type\":\"Organization\",\"@id\":\"https:\\\/\\\/www.ecrivus-multimedia.nl\\\/#organization\",\"name\":\"Ecrivus International\",\"url\":\"https:\\\/\\\/www.ecrivus-multimedia.nl\\\/\",\"logo\":{\"@type\":\"ImageObject\",\"inLanguage\":\"it-IT\",\"@id\":\"https:\\\/\\\/www.ecrivus-multimedia.nl\\\/#\\\/schema\\\/logo\\\/image\\\/\",\"url\":\"https:\\\/\\\/www.ecrivus-multimedia.nl\\\/wp-content\\\/uploads\\\/2022\\\/01\\\/cropped-small-Logo-Ecrivus-Vector-Transparent2.png\",\"contentUrl\":\"https:\\\/\\\/www.ecrivus-multimedia.nl\\\/wp-content\\\/uploads\\\/2022\\\/01\\\/cropped-small-Logo-Ecrivus-Vector-Transparent2.png\",\"width\":512,\"height\":512,\"caption\":\"Ecrivus International\"},\"image\":{\"@id\":\"https:\\\/\\\/www.ecrivus-multimedia.nl\\\/#\\\/schema\\\/logo\\\/image\\\/\"},\"sameAs\":[\"https:\\\/\\\/www.facebook.com\\\/Ecrivus-International-676624782512639\\\/\",\"https:\\\/\\\/x.com\\\/ecrivusint\"]}]}<\/script>\n<!-- \/ Yoast SEO plugin. -->","yoast_head_json":{"title":"Privacyverklaring | Ecrivus International Webshop","robots":{"index":"index","follow":"follow","max-snippet":"max-snippet:-1","max-image-preview":"max-image-preview:large","max-video-preview":"max-video-preview:-1"},"canonical":"https:\/\/www.ecrivus-multimedia.nl\/it\/dichiarazione-sulla-privacy\/","og_locale":"it_IT","og_type":"article","og_title":"Privacyverklaring | Ecrivus International Webshop","og_description":"Privacyverklaring Verantwoordelijke voor de verwerking van persoonsgegevens Ecrivus International V.O.F., gevestigd aan Vliegveldweg 106, 6199 AD Maastricht-Airport, is verantwoordelijk voor de verwerking van persoonsgegevens zoals weergegeven in deze privacyverklaring. Contactgegevens: Vliegveldweg 1066199 AD Maastricht-Airport+31(0)43-365-5801www.ecrivus.nl Persoonsgegevens die wij verwerken: Ecrivus International V.O.F. verwerkt uw persoonsgegevens doordat u gebruik maakt van onze diensten en\/of omdat u deze...","og_url":"https:\/\/www.ecrivus-multimedia.nl\/it\/dichiarazione-sulla-privacy\/","og_site_name":"Ecrivus International Webshop","article_publisher":"https:\/\/www.facebook.com\/Ecrivus-International-676624782512639\/","article_modified_time":"2025-12-18T10:35:29+00:00","twitter_card":"summary_large_image","twitter_site":"@ecrivusint","twitter_misc":{"Tempo di lettura stimato":"6 minuti"},"schema":{"@context":"https:\/\/schema.org","@graph":[{"@type":"WebPage","@id":"https:\/\/www.ecrivus-multimedia.nl\/privacyverklaring\/","url":"https:\/\/www.ecrivus-multimedia.nl\/privacyverklaring\/","name":"Privacyverklaring | Ecrivus International Webshop","isPartOf":{"@id":"https:\/\/www.ecrivus-multimedia.nl\/#website"},"datePublished":"2019-04-17T08:02:39+00:00","dateModified":"2025-12-18T10:35:29+00:00","breadcrumb":{"@id":"https:\/\/www.ecrivus-multimedia.nl\/privacyverklaring\/#breadcrumb"},"inLanguage":"it-IT","potentialAction":[{"@type":"ReadAction","target":["https:\/\/www.ecrivus-multimedia.nl\/privacyverklaring\/"]}]},{"@type":"BreadcrumbList","@id":"https:\/\/www.ecrivus-multimedia.nl\/privacyverklaring\/#breadcrumb","itemListElement":[{"@type":"ListItem","position":1,"name":"Home","item":"https:\/\/www.ecrivus-multimedia.nl\/"},{"@type":"ListItem","position":2,"name":"Privacyverklaring"}]},{"@type":"WebSite","@id":"https:\/\/www.ecrivus-multimedia.nl\/#website","url":"https:\/\/www.ecrivus-multimedia.nl\/","name":"Ecrivus International Webshop","description":"Erkende webshop voor be\u00ebdigde vertalingen.","publisher":{"@id":"https:\/\/www.ecrivus-multimedia.nl\/#organization"},"potentialAction":[{"@type":"SearchAction","target":{"@type":"EntryPoint","urlTemplate":"https:\/\/www.ecrivus-multimedia.nl\/?s={search_term_string}"},"query-input":{"@type":"PropertyValueSpecification","valueRequired":true,"valueName":"search_term_string"}}],"inLanguage":"it-IT"},{"@type":"Organization","@id":"https:\/\/www.ecrivus-multimedia.nl\/#organization","name":"Ecrivus International","url":"https:\/\/www.ecrivus-multimedia.nl\/","logo":{"@type":"ImageObject","inLanguage":"it-IT","@id":"https:\/\/www.ecrivus-multimedia.nl\/#\/schema\/logo\/image\/","url":"https:\/\/www.ecrivus-multimedia.nl\/wp-content\/uploads\/2022\/01\/cropped-small-Logo-Ecrivus-Vector-Transparent2.png","contentUrl":"https:\/\/www.ecrivus-multimedia.nl\/wp-content\/uploads\/2022\/01\/cropped-small-Logo-Ecrivus-Vector-Transparent2.png","width":512,"height":512,"caption":"Ecrivus International"},"image":{"@id":"https:\/\/www.ecrivus-multimedia.nl\/#\/schema\/logo\/image\/"},"sameAs":["https:\/\/www.facebook.com\/Ecrivus-International-676624782512639\/","https:\/\/x.com\/ecrivusint"]}]}},"_links":{"self":[{"href":"https:\/\/www.ecrivus-multimedia.nl\/it\/wp-json\/wp\/v2\/pages\/41300","targetHints":{"allow":["GET"]}}],"collection":[{"href":"https:\/\/www.ecrivus-multimedia.nl\/it\/wp-json\/wp\/v2\/pages"}],"about":[{"href":"https:\/\/www.ecrivus-multimedia.nl\/it\/wp-json\/wp\/v2\/types\/page"}],"author":[{"embeddable":true,"href":"https:\/\/www.ecrivus-multimedia.nl\/it\/wp-json\/wp\/v2\/users\/1"}],"replies":[{"embeddable":true,"href":"https:\/\/www.ecrivus-multimedia.nl\/it\/wp-json\/wp\/v2\/comments?post=41300"}],"version-history":[{"count":1,"href":"https:\/\/www.ecrivus-multimedia.nl\/it\/wp-json\/wp\/v2\/pages\/41300\/revisions"}],"predecessor-version":[{"id":132533,"href":"https:\/\/www.ecrivus-multimedia.nl\/it\/wp-json\/wp\/v2\/pages\/41300\/revisions\/132533"}],"wp:attachment":[{"href":"https:\/\/www.ecrivus-multimedia.nl\/it\/wp-json\/wp\/v2\/media?parent=41300"}],"curies":[{"name":"wp","href":"https:\/\/api.w.org\/{rel}","templated":true}]}}