{"id":42094,"date":"2019-05-09T15:56:32","date_gmt":"2019-05-09T13:56:32","guid":{"rendered":"https:\/\/www.ecrivus-multimedia.nl\/?page_id=42094"},"modified":"2026-04-12T14:34:14","modified_gmt":"2026-04-12T12:34:14","slug":"apostilles-legalisatie-landenoverzicht","status":"publish","type":"page","link":"https:\/\/www.ecrivus-multimedia.nl\/it\/panoramica-del-paese-di-legalizzazione-dellapostille\/","title":{"rendered":"Apostille (legalizzazione) \u2013 panoramica del paese"},"content":{"rendered":"<div class=\"banner has-hover\" id=\"banner-1193045053\">\n          <div class=\"banner-inner fill\">\n        <div class=\"banner-bg fill\" >\n            <img decoding=\"async\" width=\"1000\" height=\"684\" src=\"https:\/\/www.ecrivus-multimedia.nl\/wp-content\/uploads\/2026\/04\/2151889549.webp\" class=\"bg attachment-large size-large\" alt=\"\" \/>                                    \n                    <\/div>\n\t\t\n        <div class=\"banner-layers container\">\n            <div class=\"fill banner-link\"><\/div>            \n   <div id=\"text-box-1769987698\" class=\"text-box banner-layer x95 md-x95 lg-x95 y50 md-y50 lg-y50 res-text\">\n                                <div class=\"text-box-content text box-shadow-3\">\n              \n              <div class=\"text-inner text-center\">\n                  \n<h2 class=\"uppercase\"><strong>apostille<\/strong><\/h2>\n<h3>e legalizzazioni<\/h3>\n<p>Alcune autorit\u00e0 all&#039;estero ne richiedono l&#039;installazione <a href=\"https:\/\/www.ecrivus-multimedia.nl\/go\/apostilles-legalisatie-landenoverzicht\/\" title=\"Apostille (legalizzazione) - panoramica del paese\" class=\"pretty-link-keyword\"rel=\"\">apostille<\/a> della corte. Possiamo occuparcene noi per te. In questa pagina puoi leggere tutto al riguardo e trovare tutti i paesi membri del trattato sull&#039;apostille.<\/p>\n<a href=\"https:\/\/www.ecrivus-multimedia.nl\/it\/categoria-prodotto\/traduzioni-giurate\/\" class=\"button primary is-smaller\" >\n\t\t<span>Traduzioni giurate<\/span>\n\t<i class=\"icon-angle-right\" aria-hidden=\"true\"><\/i><\/a>\n\n<a href=\"https:\/\/www.ecrivus-multimedia.nl\/it\/categoria-di-prodotto\/apostilles-legalisaties\/\" class=\"button primary is-outline is-smaller\" >\n\t\t<span>APOSTILLES & LEGALISATIES<\/span>\n\t<i class=\"icon-angle-right\" aria-hidden=\"true\"><\/i><\/a>\n\n              <\/div>\n           <\/div>\n                            \n<style>\n#text-box-1769987698 .text-box-content {\n  background-color: rgba(255, 255, 255, 0.86);\n  font-size: 100%;\n}\n#text-box-1769987698 .text-inner {\n  padding: 30px 30px 30px 30px;\n}\n#text-box-1769987698 {\n  width: 60%;\n}\n@media (min-width:550px) {\n  #text-box-1769987698 {\n    width: 47%;\n  }\n}\n<\/style>\n    <\/div>\n \n        <\/div>\n      <\/div>\n\n            \n<style>\n#banner-1193045053 {\n  padding-top: 500px;\n}\n#banner-1193045053 .banner-bg img {\n  object-position: 0% 80%;\n}\n<\/style>\n  <\/div>\n\n\n<div class=\"is-divider divider clearfix\" ><\/div>\n<h4><strong>Apostille (legalizzazione) \u2013 panoramica del paese<\/strong><\/h4>\n<p>Esso <a href=\"https:\/\/nl.wikipedia.org\/wiki\/Apostilleverdrag\" target=\"_blank\" rel=\"noopener noreferrer\">trattato di apostille<\/a> (firmato nel 1961 a L&#039;Aia) \u00e8 un accordo internazionale tra paesi per... <a href=\"https:\/\/www.ecrivus-multimedia.nl\/go\/apostilles-legalisatie-landenoverzicht\/\" title=\"Apostille (legalizzazione) - panoramica del paese\" class=\"pretty-link-keyword\"rel=\"\">legalizzazione<\/a> di <a href=\"https:\/\/www.ecrivus-multimedia.nl\/go\/be\u00ebdigde-vertaling\/\" title=\"Traduzioni giurate Archivio | Negozio online internazionale Ecrivus\" class=\"pretty-link-keyword\"rel=\"\">documenti ufficiali<\/a> per semplificare. Il trattato significa che il <a href=\"https:\/\/www.ecrivus-multimedia.nl\/go\/apostilles-legalisatie-landenoverzicht\/\" title=\"Apostille (legalizzazione) - panoramica del paese\" class=\"pretty-link-keyword\"rel=\"\">apostille<\/a> \u00e8 l&#039;unico modulo richiesto <a href=\"https:\/\/www.ecrivus-multimedia.nl\/go\/apostilles-legalisatie-landenoverzicht\/\" title=\"Apostille (legalizzazione) - panoramica del paese\" class=\"pretty-link-keyword\"rel=\"\">legalizzazione<\/a>, se i documenti vengono utilizzati nei paesi che hanno firmato il trattato.<\/p>\n<p>IL <a href=\"https:\/\/www.ecrivus-multimedia.nl\/go\/apostilles-legalisatie-landenoverzicht\/\" title=\"Apostille (legalizzazione) - panoramica del paese\" class=\"pretty-link-keyword\"rel=\"\">apostille<\/a> di per s\u00e9 \u00e8 un timbro del tribunale che certifica che il tuo documento \u00e8 autentico, consentendone l&#039;uso legale nel traffico internazionale di documenti.<\/p>\n<p>Ecrivus International \u00e8 felice di assisterti nell&#039;organizzazione del <a href=\"https:\/\/www.ecrivus-multimedia.nl\/go\/apostilles-legalisatie-landenoverzicht\/\" title=\"Apostille (legalizzazione) - panoramica del paese\" class=\"pretty-link-keyword\"rel=\"\">legalizzazione<\/a> del tuo <a href=\"https:\/\/www.ecrivus-multimedia.nl\/it\/\">documenti giurati<\/a> avendolo dotato di uno <a href=\"https:\/\/www.ecrivus-multimedia.nl\/go\/apostilles-legalisatie-landenoverzicht\/\" title=\"Apostille (legalizzazione) - panoramica del paese\" class=\"pretty-link-keyword\"rel=\"\">apostille<\/a> presso uno dei tribunali olandesi. <a href=\"https:\/\/www.ecrivus-multimedia.nl\/it\/categoria-di-prodotto\/traduzioni-giurate\/\">clicca qui<\/a> per te <a href=\"https:\/\/www.ecrivus-multimedia.nl\/go\/be\u00ebdigde-vertaling\/\" title=\"Traduzioni giurate Archivio | Negozio online internazionale Ecrivus\" class=\"pretty-link-keyword\"rel=\"\">traduzione certificata<\/a> pu\u00f2 essere ordinato direttamente. Vorresti che andassimo in tribunale per te? <a href=\"https:\/\/www.ecrivus-multimedia.nl\/go\/apostilles-legalisatie-landenoverzicht\/\" title=\"Apostille (legalizzazione) - panoramica del paese\" class=\"pretty-link-keyword\"rel=\"\">apostille<\/a> averlo installato? Questo \u00e8 possibile! Puoi selezionarlo facilmente durante la procedura di ordinazione nel nostro negozio online.<\/p>\n<p>Di seguito \u00e8 riportato l&#039;elenco dei paesi che hanno firmato la Convenzione sull&#039;Apostille.<\/p>\n<h2>UN<\/h2>\n<ul>\n<li>Albania (<span dir=\"ltr\" lang=\"en\">Albania<\/span>)<\/li>\n<li>Andorra<\/li>\n<li>Antigua e Barbuda (<span dir=\"ltr\" lang=\"en\">Antigua e Barbuda<\/span>)<\/li>\n<li>Argentina (<span dir=\"ltr\" lang=\"en\">Argentina<\/span>)<\/li>\n<li>Armenia (<span dir=\"ltr\" lang=\"en\">Armenia<\/span>)<\/li>\n<li>Australia (<span dir=\"ltr\" lang=\"en\">Australia<\/span>)<\/li>\n<li>Azerbaigian (<span dir=\"ltr\" lang=\"en\">Azerbaigian<\/span>)<\/li>\n<\/ul>\n<h2>B<\/h2>\n<ul>\n<li>Bahamas (<span dir=\"ltr\" lang=\"en\">Bahamas<\/span>)<\/li>\n<li>Bahrein (<span dir=\"ltr\" lang=\"en\">Bahrein<\/span>)<\/li>\n<li>Barbados<\/li>\n<li>Bielorussia (<span dir=\"ltr\" lang=\"en\">Bielorussia<\/span>)<\/li>\n<li>Belgio (<span dir=\"ltr\" lang=\"en\">Belgio<\/span>)<\/li>\n<li>Belize<\/li>\n<li>Bolivia<\/li>\n<li>Bosnia Erzegovina (<span dir=\"ltr\" lang=\"en\">Bosnia Erzegovina<\/span>)<\/li>\n<li>Botswana<\/li>\n<li>Brasile (<span dir=\"ltr\" lang=\"en\">Brasile<\/span>)<\/li>\n<li>Brunei Darussalam<\/li>\n<li>Bulgaria (<span dir=\"ltr\" lang=\"en\">Bulgaria<\/span>)<\/li>\n<li>Burundi<\/li>\n<\/ul>\n<h2>C<\/h2>\n<ul>\n<li>Canada (dall&#039;11 gennaio 2024)<\/li>\n<li>Cile (Cile)<\/li>\n<li>Cina<\/li>\n<li>Colombia<\/li>\n<li>Isole Cook (<span dir=\"ltr\" lang=\"en\">Isole Cook<\/span>)<\/li>\n<li>Costa Rica<\/li>\n<li>Cipro<\/li>\n<\/ul>\n<h2>D<\/h2>\n<ul>\n<li>Danimarca (<span dir=\"ltr\" lang=\"en\">Danimarca<\/span>)<\/li>\n<li>Dominica<\/li>\n<li>Repubblica Dominicana (<span dir=\"ltr\" lang=\"en\">Repubblica Dominicana<\/span>)<\/li>\n<li>Germania (<span dir=\"ltr\" lang=\"en\">Germania<\/span>)<\/li>\n<\/ul>\n<h2>E<\/h2>\n<ul>\n<li>Ecuador<\/li>\n<li>El Salvador<\/li>\n<li>Estonia (<span dir=\"ltr\" lang=\"en\">Estonia<\/span>)<\/li>\n<li>Swaziland<\/li>\n<\/ul>\n<h2>F<\/h2>\n<ul>\n<li>Figi<\/li>\n<li>Filippine (<span dir=\"ltr\" lang=\"en\">Filippine<\/span>)<\/li>\n<li>Finlandia<\/li>\n<li>Francia (<span dir=\"ltr\" lang=\"en\">Francia<\/span>)<\/li>\n<\/ul>\n<h2>G<\/h2>\n<ul>\n<li>Georgia (<span dir=\"ltr\" lang=\"en\">Georgia<\/span>)<\/li>\n<li>Grenada<\/li>\n<li>Grecia (<span dir=\"ltr\" lang=\"en\">Grecia<\/span>)<\/li>\n<li>Guatemala<\/li>\n<li>Guyana<\/li>\n<\/ul>\n<h2>H<\/h2>\n<ul>\n<li>Honduras<\/li>\n<li>Ungheria (<span dir=\"ltr\" lang=\"en\">Ungheria<\/span>)<\/li>\n<li>Hong Kong<\/li>\n<\/ul>\n<h2>IO<\/h2>\n<ul>\n<li>Irlanda (<span dir=\"ltr\" lang=\"en\">Irlanda<\/span>)<\/li>\n<li>Islanda (<span dir=\"ltr\" lang=\"en\">Islanda<\/span>)<\/li>\n<li>India<\/li>\n<li>Indonesia (<span dir=\"ltr\" lang=\"en\">Indonesia<\/span>)<\/li>\n<li>Israele (<span dir=\"ltr\" lang=\"en\">Israele<\/span>)<\/li>\n<li>Italia (<span dir=\"ltr\" lang=\"en\">Italia<\/span>)<\/li>\n<\/ul>\n<h2>J<\/h2>\n<ul>\n<li>Giamaica<\/li>\n<li>Giappone<\/li>\n<\/ul>\n<h2>K<\/h2>\n<ul>\n<li>Capo Verde (<span dir=\"ltr\" lang=\"en\">Capo Verde<\/span>)<\/li>\n<li>Kazakistan (<span dir=\"ltr\" lang=\"en\">Kazakistan<\/span>)<\/li>\n<li>Kirghizistan (<span dir=\"ltr\" lang=\"en\">Kirghizistan<\/span>)<\/li>\n<li>Kosovo<\/li>\n<li>Croazia (<span dir=\"ltr\" lang=\"en\">Croazia<\/span>)<\/li>\n<\/ul>\n<h2>l<\/h2>\n<ul>\n<li>Lettonia (<span dir=\"ltr\" lang=\"en\">Lettonia<\/span>)<\/li>\n<li>Lesoto<\/li>\n<li>Liberia<\/li>\n<li>Liechtenstein<\/li>\n<li>Lituania (<span dir=\"ltr\" lang=\"en\">Lituania<\/span>)<\/li>\n<li>Lussemburgo (<span dir=\"ltr\" lang=\"en\">Lussemburgo<\/span>)<\/li>\n<\/ul>\n<h2>M<\/h2>\n<ul>\n<li>RAS di Macao<\/li>\n<li>Malawi<\/li>\n<li>Malta<\/li>\n<li>Marocco (<span dir=\"ltr\" lang=\"en\">Marocco<\/span>)<\/li>\n<li>Isole Marshall (<span dir=\"ltr\" lang=\"en\">Isole Marshall<\/span>)<\/li>\n<li>Maurizio<\/li>\n<li>Messico<\/li>\n<li>Moldavia (<span dir=\"ltr\" lang=\"en\">Repubblica di Moldavia<\/span>)<\/li>\n<li>Monaco<\/li>\n<li>Mongolia (<span dir=\"ltr\" lang=\"en\">Mongolia<\/span>)<\/li>\n<li>Montenegro<\/li>\n<\/ul>\n<h2>N<\/h2>\n<ul>\n<li>Namibia (<span dir=\"ltr\" lang=\"en\">Namibia<\/span>)<\/li>\n<li>Paesi Bassi (<span dir=\"ltr\" lang=\"en\">Olanda<\/span>)<\/li>\n<li>Nicaragua<\/li>\n<li>Nuova Zelanda (<span dir=\"ltr\" lang=\"en\">Nuova Zelanda<\/span>)<\/li>\n<li>Niue<\/li>\n<li>Macedonia del Nord (<span dir=\"ltr\" lang=\"en\">Repubblica della Macedonia del Nord<\/span>)<\/li>\n<li>Norvegia (<span dir=\"ltr\" lang=\"en\">Norvegia<\/span>)<\/li>\n<\/ul>\n<h2>O<\/h2>\n<ul>\n<li>Ucraina (<span dir=\"ltr\" lang=\"en\">Ucraina<\/span>)<\/li>\n<li>Uzbekistan (<span dir=\"ltr\" lang=\"en\">Uzbekistan<\/span>)<\/li>\n<li>Oman<\/li>\n<li>Austria (<span dir=\"ltr\" lang=\"en\">Austria<\/span>)<\/li>\n<\/ul>\n<h2>P<\/h2>\n<ul>\n<li>Palau<\/li>\n<li>Panama<\/li>\n<li>Paraguay<\/li>\n<li>Per\u00f9<\/li>\n<li>Polonia (<span dir=\"ltr\" lang=\"en\">Polonia<\/span>)<\/li>\n<li>Portogallo<\/li>\n<\/ul>\n<h2>R<\/h2>\n<ul>\n<li>Romania (<span dir=\"ltr\" lang=\"en\">Romania<\/span>)<\/li>\n<li>Russia (<span dir=\"ltr\" lang=\"en\">Federazione Russa<\/span>)<\/li>\n<\/ul>\n<h2>S<\/h2>\n<ul>\n<li>Saint Kitts e Nevis (<span dir=\"ltr\" lang=\"en\">Saint Kitts e Nevis<\/span>)<\/li>\n<li>Santa Lucia<\/li>\n<li>Saint Vincent e Grenadine (<span dir=\"ltr\" lang=\"en\">Saint Vincent e Grenadine<\/span>)<\/li>\n<li>Samoa<\/li>\n<li>San Marino<\/li>\n<li>Arabia Saudita (<span dir=\"ltr\" lang=\"en\">Arabia Saudita<\/span>)<\/li>\n<li>Sao Tom\u00e9 e Principe (<span dir=\"ltr\" lang=\"en\">Sao Tom\u00e9 e Principe<\/span>)<\/li>\n<li>Serbia (<span dir=\"ltr\" lang=\"en\">Serbia<\/span>)<\/li>\n<li>Seychelles (<span dir=\"ltr\" lang=\"en\">Seychelles<\/span>)<\/li>\n<li>Singapore<\/li>\n<li>Slovenia (<span dir=\"ltr\" lang=\"en\">Slovenia<\/span>)<\/li>\n<li>Slovacchia (<span dir=\"ltr\" lang=\"en\">Slovacchia<\/span>)<\/li>\n<li>Spagna (<span dir=\"ltr\" lang=\"en\">Spagna<\/span>)<\/li>\n<li>Suriname<\/li>\n<\/ul>\n<h2>T<\/h2>\n<ul>\n<li>Tagikistan (<span dir=\"ltr\" lang=\"en\">Tagikistan<\/span>)<\/li>\n<li>Tonga<\/li>\n<li>Trinidad e Tobago (<span dir=\"ltr\" lang=\"en\">Trinidad e Tobago<\/span>)<\/li>\n<li>Repubblica Ceca (<span dir=\"ltr\" lang=\"en\">Repubblica Ceca<\/span>)<\/li>\n<li>Tunisia (<span dir=\"ltr\" lang=\"en\">Tunisia<\/span>)<\/li>\n<li>Tacchino (<span dir=\"ltr\" lang=\"en\">Turchia<\/span>)<\/li>\n<\/ul>\n<h2>VOI<\/h2>\n<ul>\n<li>Uruguay<\/li>\n<\/ul>\n<h2>V<\/h2>\n<ul>\n<li>Vanuatu<\/li>\n<li>Venezuela<\/li>\n<li>Regno Unito (<span dir=\"ltr\" lang=\"en\">Regno Unito<\/span>)<\/li>\n<li>Stati Uniti (<span dir=\"ltr\" lang=\"en\">Stati Uniti d&#039;America<\/span>)<\/li>\n<\/ul>\n<h2>Z<\/h2>\n<ul>\n<li>Sud Africa (<span dir=\"ltr\" lang=\"en\">Sud Africa<\/span>)<\/li>\n<li>Corea del Sud (<span dir=\"ltr\" lang=\"en\">Corea, Repubblica di<\/span>)<\/li>\n<li>Svezia (<span dir=\"ltr\" lang=\"en\">Svezia<\/span>)<\/li>\n<li>Svizzera (<span dir=\"ltr\" lang=\"en\">Svizzera<\/span>)<\/li>\n<\/ul>","protected":false},"excerpt":{"rendered":"<p>Apostilles (legalisatie) &#8211; landenoverzicht Het apostilleverdrag (ondertekend in 1961 in Den Haag) is een internationale afspraak tussen landen om de legalisatie van offici\u00eble documenten te vereenvoudigen. Het verdrag houdt in dat de apostille geldt als de enige benodigde vorm van legalisatie, indien de documenten worden gebruikt in de landen die het verdrag hebben ondertekend. De&#8230;<\/p>","protected":false},"author":1,"featured_media":0,"parent":0,"menu_order":0,"comment_status":"closed","ping_status":"closed","template":"","meta":{"_acf_changed":false,"_glsr_average":0,"_glsr_ranking":0,"_glsr_reviews":0,"_joinchat":[],"footnotes":""},"class_list":["post-42094","page","type-page","status-publish","hentry"],"acf":[],"yoast_head":"<!-- This site is optimized with the Yoast SEO plugin v27.4 - https:\/\/yoast.com\/product\/yoast-seo-wordpress\/ -->\n<title>Apostilles (legalisatie) - landenoverzicht | Ecrivus International Webshop<\/title>\n<meta name=\"description\" content=\"Lees hier wat het apostilleverdrag inhoudt en wanneer u een apostille nodig heeft voor uw be\u00ebdigde vertaling. Incl. landenlijst. Direct online te bestellen.\" \/>\n<meta name=\"robots\" content=\"index, follow, max-snippet:-1, max-image-preview:large, max-video-preview:-1\" \/>\n<link rel=\"canonical\" href=\"https:\/\/www.ecrivus-multimedia.nl\/it\/panoramica-del-paese-di-legalizzazione-dellapostille\/\" \/>\n<meta property=\"og:locale\" content=\"it_IT\" \/>\n<meta property=\"og:type\" content=\"article\" \/>\n<meta property=\"og:title\" content=\"Apostilles (legalisatie) - landenoverzicht | Ecrivus International Webshop\" \/>\n<meta property=\"og:description\" content=\"Lees hier wat het apostilleverdrag inhoudt en wanneer u een apostille nodig heeft voor uw be\u00ebdigde vertaling. Incl. landenlijst. Direct online te bestellen.\" \/>\n<meta property=\"og:url\" content=\"https:\/\/www.ecrivus-multimedia.nl\/it\/panoramica-del-paese-di-legalizzazione-dellapostille\/\" \/>\n<meta property=\"og:site_name\" content=\"Ecrivus International Webshop\" \/>\n<meta property=\"article:publisher\" content=\"https:\/\/www.facebook.com\/Ecrivus-International-676624782512639\/\" \/>\n<meta property=\"article:modified_time\" content=\"2026-04-12T12:34:14+00:00\" \/>\n<meta name=\"twitter:card\" content=\"summary_large_image\" \/>\n<meta name=\"twitter:site\" content=\"@ecrivusint\" \/>\n<meta name=\"twitter:label1\" content=\"Tempo di lettura stimato\" \/>\n\t<meta name=\"twitter:data1\" content=\"3 minuti\" \/>\n<script type=\"application\/ld+json\" class=\"yoast-schema-graph\">{\"@context\":\"https:\\\/\\\/schema.org\",\"@graph\":[{\"@type\":\"WebPage\",\"@id\":\"https:\\\/\\\/www.ecrivus-multimedia.nl\\\/apostilles-legalisatie-landenoverzicht\\\/\",\"url\":\"https:\\\/\\\/www.ecrivus-multimedia.nl\\\/apostilles-legalisatie-landenoverzicht\\\/\",\"name\":\"Apostilles (legalisatie) - landenoverzicht | Ecrivus International Webshop\",\"isPartOf\":{\"@id\":\"https:\\\/\\\/www.ecrivus-multimedia.nl\\\/#website\"},\"datePublished\":\"2019-05-09T13:56:32+00:00\",\"dateModified\":\"2026-04-12T12:34:14+00:00\",\"description\":\"Lees hier wat het apostilleverdrag inhoudt en wanneer u een apostille nodig heeft voor uw be\u00ebdigde vertaling. Incl. landenlijst. Direct online te bestellen.\",\"breadcrumb\":{\"@id\":\"https:\\\/\\\/www.ecrivus-multimedia.nl\\\/apostilles-legalisatie-landenoverzicht\\\/#breadcrumb\"},\"inLanguage\":\"it-IT\",\"potentialAction\":[{\"@type\":\"ReadAction\",\"target\":[\"https:\\\/\\\/www.ecrivus-multimedia.nl\\\/apostilles-legalisatie-landenoverzicht\\\/\"]}]},{\"@type\":\"BreadcrumbList\",\"@id\":\"https:\\\/\\\/www.ecrivus-multimedia.nl\\\/apostilles-legalisatie-landenoverzicht\\\/#breadcrumb\",\"itemListElement\":[{\"@type\":\"ListItem\",\"position\":1,\"name\":\"Home\",\"item\":\"https:\\\/\\\/www.ecrivus-multimedia.nl\\\/\"},{\"@type\":\"ListItem\",\"position\":2,\"name\":\"Apostilles (legalisatie) &#8211; landenoverzicht\"}]},{\"@type\":\"WebSite\",\"@id\":\"https:\\\/\\\/www.ecrivus-multimedia.nl\\\/#website\",\"url\":\"https:\\\/\\\/www.ecrivus-multimedia.nl\\\/\",\"name\":\"Ecrivus International Webshop\",\"description\":\"Erkende webshop voor be\u00ebdigde vertalingen.\",\"publisher\":{\"@id\":\"https:\\\/\\\/www.ecrivus-multimedia.nl\\\/#organization\"},\"potentialAction\":[{\"@type\":\"SearchAction\",\"target\":{\"@type\":\"EntryPoint\",\"urlTemplate\":\"https:\\\/\\\/www.ecrivus-multimedia.nl\\\/?s={search_term_string}\"},\"query-input\":{\"@type\":\"PropertyValueSpecification\",\"valueRequired\":true,\"valueName\":\"search_term_string\"}}],\"inLanguage\":\"it-IT\"},{\"@type\":\"Organization\",\"@id\":\"https:\\\/\\\/www.ecrivus-multimedia.nl\\\/#organization\",\"name\":\"Ecrivus International\",\"url\":\"https:\\\/\\\/www.ecrivus-multimedia.nl\\\/\",\"logo\":{\"@type\":\"ImageObject\",\"inLanguage\":\"it-IT\",\"@id\":\"https:\\\/\\\/www.ecrivus-multimedia.nl\\\/#\\\/schema\\\/logo\\\/image\\\/\",\"url\":\"https:\\\/\\\/www.ecrivus-multimedia.nl\\\/wp-content\\\/uploads\\\/2022\\\/01\\\/cropped-small-Logo-Ecrivus-Vector-Transparent2.png\",\"contentUrl\":\"https:\\\/\\\/www.ecrivus-multimedia.nl\\\/wp-content\\\/uploads\\\/2022\\\/01\\\/cropped-small-Logo-Ecrivus-Vector-Transparent2.png\",\"width\":512,\"height\":512,\"caption\":\"Ecrivus International\"},\"image\":{\"@id\":\"https:\\\/\\\/www.ecrivus-multimedia.nl\\\/#\\\/schema\\\/logo\\\/image\\\/\"},\"sameAs\":[\"https:\\\/\\\/www.facebook.com\\\/Ecrivus-International-676624782512639\\\/\",\"https:\\\/\\\/x.com\\\/ecrivusint\"]}]}<\/script>\n<!-- \/ Yoast SEO plugin. -->","yoast_head_json":{"title":"Apostilles (legalisatie) - landenoverzicht | Ecrivus International Webshop","description":"Lees hier wat het apostilleverdrag inhoudt en wanneer u een apostille nodig heeft voor uw be\u00ebdigde vertaling. Incl. landenlijst. Direct online te bestellen.","robots":{"index":"index","follow":"follow","max-snippet":"max-snippet:-1","max-image-preview":"max-image-preview:large","max-video-preview":"max-video-preview:-1"},"canonical":"https:\/\/www.ecrivus-multimedia.nl\/it\/panoramica-del-paese-di-legalizzazione-dellapostille\/","og_locale":"it_IT","og_type":"article","og_title":"Apostilles (legalisatie) - landenoverzicht | Ecrivus International Webshop","og_description":"Lees hier wat het apostilleverdrag inhoudt en wanneer u een apostille nodig heeft voor uw be\u00ebdigde vertaling. Incl. landenlijst. Direct online te bestellen.","og_url":"https:\/\/www.ecrivus-multimedia.nl\/it\/panoramica-del-paese-di-legalizzazione-dellapostille\/","og_site_name":"Ecrivus International Webshop","article_publisher":"https:\/\/www.facebook.com\/Ecrivus-International-676624782512639\/","article_modified_time":"2026-04-12T12:34:14+00:00","twitter_card":"summary_large_image","twitter_site":"@ecrivusint","twitter_misc":{"Tempo di lettura stimato":"3 minuti"},"schema":{"@context":"https:\/\/schema.org","@graph":[{"@type":"WebPage","@id":"https:\/\/www.ecrivus-multimedia.nl\/apostilles-legalisatie-landenoverzicht\/","url":"https:\/\/www.ecrivus-multimedia.nl\/apostilles-legalisatie-landenoverzicht\/","name":"Apostilles (legalisatie) - landenoverzicht | Ecrivus International Webshop","isPartOf":{"@id":"https:\/\/www.ecrivus-multimedia.nl\/#website"},"datePublished":"2019-05-09T13:56:32+00:00","dateModified":"2026-04-12T12:34:14+00:00","description":"Lees hier wat het apostilleverdrag inhoudt en wanneer u een apostille nodig heeft voor uw be\u00ebdigde vertaling. Incl. landenlijst. Direct online te bestellen.","breadcrumb":{"@id":"https:\/\/www.ecrivus-multimedia.nl\/apostilles-legalisatie-landenoverzicht\/#breadcrumb"},"inLanguage":"it-IT","potentialAction":[{"@type":"ReadAction","target":["https:\/\/www.ecrivus-multimedia.nl\/apostilles-legalisatie-landenoverzicht\/"]}]},{"@type":"BreadcrumbList","@id":"https:\/\/www.ecrivus-multimedia.nl\/apostilles-legalisatie-landenoverzicht\/#breadcrumb","itemListElement":[{"@type":"ListItem","position":1,"name":"Home","item":"https:\/\/www.ecrivus-multimedia.nl\/"},{"@type":"ListItem","position":2,"name":"Apostilles (legalisatie) &#8211; landenoverzicht"}]},{"@type":"WebSite","@id":"https:\/\/www.ecrivus-multimedia.nl\/#website","url":"https:\/\/www.ecrivus-multimedia.nl\/","name":"Ecrivus International Webshop","description":"Erkende webshop voor be\u00ebdigde vertalingen.","publisher":{"@id":"https:\/\/www.ecrivus-multimedia.nl\/#organization"},"potentialAction":[{"@type":"SearchAction","target":{"@type":"EntryPoint","urlTemplate":"https:\/\/www.ecrivus-multimedia.nl\/?s={search_term_string}"},"query-input":{"@type":"PropertyValueSpecification","valueRequired":true,"valueName":"search_term_string"}}],"inLanguage":"it-IT"},{"@type":"Organization","@id":"https:\/\/www.ecrivus-multimedia.nl\/#organization","name":"Ecrivus International","url":"https:\/\/www.ecrivus-multimedia.nl\/","logo":{"@type":"ImageObject","inLanguage":"it-IT","@id":"https:\/\/www.ecrivus-multimedia.nl\/#\/schema\/logo\/image\/","url":"https:\/\/www.ecrivus-multimedia.nl\/wp-content\/uploads\/2022\/01\/cropped-small-Logo-Ecrivus-Vector-Transparent2.png","contentUrl":"https:\/\/www.ecrivus-multimedia.nl\/wp-content\/uploads\/2022\/01\/cropped-small-Logo-Ecrivus-Vector-Transparent2.png","width":512,"height":512,"caption":"Ecrivus International"},"image":{"@id":"https:\/\/www.ecrivus-multimedia.nl\/#\/schema\/logo\/image\/"},"sameAs":["https:\/\/www.facebook.com\/Ecrivus-International-676624782512639\/","https:\/\/x.com\/ecrivusint"]}]}},"_links":{"self":[{"href":"https:\/\/www.ecrivus-multimedia.nl\/it\/wp-json\/wp\/v2\/pages\/42094","targetHints":{"allow":["GET"]}}],"collection":[{"href":"https:\/\/www.ecrivus-multimedia.nl\/it\/wp-json\/wp\/v2\/pages"}],"about":[{"href":"https:\/\/www.ecrivus-multimedia.nl\/it\/wp-json\/wp\/v2\/types\/page"}],"author":[{"embeddable":true,"href":"https:\/\/www.ecrivus-multimedia.nl\/it\/wp-json\/wp\/v2\/users\/1"}],"replies":[{"embeddable":true,"href":"https:\/\/www.ecrivus-multimedia.nl\/it\/wp-json\/wp\/v2\/comments?post=42094"}],"version-history":[{"count":2,"href":"https:\/\/www.ecrivus-multimedia.nl\/it\/wp-json\/wp\/v2\/pages\/42094\/revisions"}],"predecessor-version":[{"id":132666,"href":"https:\/\/www.ecrivus-multimedia.nl\/it\/wp-json\/wp\/v2\/pages\/42094\/revisions\/132666"}],"wp:attachment":[{"href":"https:\/\/www.ecrivus-multimedia.nl\/it\/wp-json\/wp\/v2\/media?parent=42094"}],"curies":[{"name":"wp","href":"https:\/\/api.w.org\/{rel}","templated":true}]}}