{"id":44944,"date":"2020-02-03T15:31:18","date_gmt":"2020-02-03T14:31:18","guid":{"rendered":"https:\/\/www.ecrivus-multimedia.nl\/?page_id=44944"},"modified":"2026-04-12T14:36:19","modified_gmt":"2026-04-12T12:36:19","slug":"beedigde-vertaling-lees-alles-wat-u-moet-weten","status":"publish","type":"page","link":"https:\/\/www.ecrivus-multimedia.nl\/it\/traduzione-giurata-leggi-tutto-quello-che-devi-sapere\/","title":{"rendered":"Traduzione giurata? Leggi tutto quello che devi sapere"},"content":{"rendered":"<div class=\"banner has-hover\" id=\"banner-1106448543\">\n          <div class=\"banner-inner fill\">\n        <div class=\"banner-bg fill\" >\n            <img decoding=\"async\" width=\"1020\" height=\"679\" src=\"https:\/\/www.ecrivus-multimedia.nl\/wp-content\/uploads\/2023\/10\/diploma-lakzegel-op-stapel-boeken-1202x800.webp\" class=\"bg attachment-large size-large\" alt=\"\" \/>                                    \n                    <\/div>\n\t\t\n        <div class=\"banner-layers container\">\n            <div class=\"fill banner-link\"><\/div>            \n   <div id=\"text-box-1660762929\" class=\"text-box banner-layer x50 md-x50 lg-x50 y50 md-y50 lg-y50 res-text\">\n                                <div class=\"text-box-content text dark\">\n              \n              <div class=\"text-inner text-center\">\n                  \n<h3 class=\"uppercase\"><span style=\"color: #000000;\"><strong>traduzioni giurate di informazioni<br \/><\/strong><\/span><\/h3>\n<p><span style=\"color: #000000;\">Tutto quello che devi sapere <a href=\"https:\/\/www.ecrivus-multimedia.nl\/go\/be\u00ebdigde-vertaling\/\" title=\"Traduzioni giurate Archivio | Negozio online internazionale Ecrivus\" class=\"pretty-link-keyword\"rel=\"\">traduzioni certificate<\/a>.<br \/><\/span><span style=\"color: #000000;\">Domanda specifica? Chiama lo 043-365-5801 \u2013 saremo felici di aiutarti!<\/span><\/p>\n              <\/div>\n           <\/div>\n                            \n<style>\n#text-box-1660762929 {\n  width: 69%;\n}\n#text-box-1660762929 .text-box-content {\n  font-size: 100%;\n}\n<\/style>\n    <\/div>\n \n        <\/div>\n      <\/div>\n\n            \n<style>\n#banner-1106448543 {\n  padding-top: 500px;\n}\n#banner-1106448543 .banner-bg img {\n  object-position: 50% 70%;\n}\n<\/style>\n  <\/div>\n\n\n<div class=\"is-divider divider clearfix\" ><\/div>\n<h2><strong>Cos&#039;\u00e8 una traduzione certificata<\/strong><strong>?<\/strong><\/h2>\n<p>UN <a href=\"https:\/\/www.ecrivus-multimedia.nl\/go\/be\u00ebdigde-vertaling\/\" title=\"Traduzioni giurate Archivio | Negozio online internazionale Ecrivus\" class=\"pretty-link-keyword\"rel=\"\">traduzione certificata<\/a> \u00e8 una traduzione ufficiale, giuridicamente valida, di un documento formale effettuata esclusivamente da a <a href=\"https:\/\/www.ecrivus-multimedia.nl\/go\/be\u00ebdigde-vertaling\/\" title=\"Traduzioni giurate Archivio | Negozio online internazionale Ecrivus\" class=\"pretty-link-keyword\"rel=\"\">traduttore giurato<\/a> pu\u00f2 essere tradotto. UN <a href=\"https:\/\/www.ecrivus-multimedia.nl\/go\/be\u00ebdigde-vertaling\/\" title=\"Traduzioni giurate Archivio | Negozio online internazionale Ecrivus\" class=\"pretty-link-keyword\"rel=\"\">traduttore giurato<\/a> ha sempre prestato giuramento presso un tribunale olandese ed \u00e8 anche registrato presso uno o pi\u00f9 tribunali dei Paesi Bassi.<\/p>\n<h4><strong>Quando hai bisogno di una traduzione certificata?<\/strong><\/h4>\n<p>UN <a href=\"https:\/\/www.ecrivus-multimedia.nl\/go\/be\u00ebdigde-vertaling\/\" title=\"Traduzioni giurate Archivio | Negozio online internazionale Ecrivus\" class=\"pretty-link-keyword\"rel=\"\">traduzione certificata<\/a> ti servono documenti che devono essere tradotti in un&#039;altra lingua per le autorit\u00e0 ufficiali (sia nei Paesi Bassi che all&#039;estero). Di solito verrai informato dall&#039;autorit\u00e0 stessa se la traduzione del tuo documento ufficiale necessita o meno di essere giurata.<\/p>\n<p style=\"text-align: center;\"><strong><a href=\"https:\/\/www.ecrivus-multimedia.nl\/it\/contatto\/\" class=\"su-button su-button-style-default\" style=\"color:#FFFFFF;background-color:#2D89EF;border-color:#246ec0;border-radius:7px\" target=\"_blank\" rel=\"noopener noreferrer\"><span style=\"color:#FFFFFF;padding:7px 20px;font-size:16px;line-height:24px;border-color:#6cadf4;border-radius:7px;text-shadow:none\"><i class=\"sui sui-arrow-right\" style=\"font-size:16px;color:#FFFFFF\"><\/i> Dubbi sul giuramento o meno? Chiedi qui!<\/span><\/a><\/strong><\/p>\n<p>Esempi di documenti che quasi sempre ne richiedono uno ufficiale <a href=\"https:\/\/www.ecrivus-multimedia.nl\/go\/be\u00ebdigde-vertaling\/\" title=\"Traduzioni giurate Archivio | Negozio online internazionale Ecrivus\" class=\"pretty-link-keyword\"rel=\"\">traduzione certificata<\/a> \u00e8 obbligatorio:<\/p>\n<ul>\n<li><a href=\"https:\/\/www.ecrivus-multimedia.nl\/go\/juridisch-document-vertalen-beedigd\/\" title=\"Hai bisogno di una traduzione giurata di un documento legale? Ordina tramite il nostro negozio online!\" class=\"pretty-link-keyword\"rel=\"\">Documenti legali<\/a> (citazioni di comparizione, sentenze, <a href=\"https:\/\/www.ecrivus-multimedia.nl\/go\/beschikking-beedigde-vertaling-met-stempel\/\" title=\"Traduzione giurata della decisione? Ordina nel nostro negozio online!\" class=\"pretty-link-keyword\"rel=\"\">decisioni<\/a>atti degli ufficiali giudiziari, istanze, difese)<\/li>\n<li>Atti notarili (<a href=\"https:\/\/www.ecrivus-multimedia.nl\/it\/prodotto\/tradurre-atti-costitutivi-giurati\/\">statuto dell&#039;associazione<\/a>, <a href=\"https:\/\/www.ecrivus-multimedia.nl\/it\/prodotto\/traduzione-dellatto-costitutivo-giurato\/\">atto costitutivo<\/a>, <a href=\"https:\/\/www.ecrivus-multimedia.nl\/it\/prodotto\/traduzione-atto-di-acquisto-giurato\/\">atti di acquisto<\/a>, <a href=\"https:\/\/www.ecrivus-multimedia.nl\/it\/prodotto\/sara-traduzione-giurata\/\">testamenti<\/a>, <a href=\"https:\/\/www.ecrivus-multimedia.nl\/it\/prodotto\/atto-notarile-tradotto-giurato\/\">dichiarazioni di diritto successorio<\/a>)<\/li>\n<li><a href=\"https:\/\/www.ecrivus-multimedia.nl\/go\/document-burgerlijke-stand-beedigde-vertaling-met-stempel\/\" title=\"vai\/documento-stato-civile-traduzione-giurata-con-timbro\" class=\"pretty-link-keyword\"rel=\"\">Stato civile<\/a>-documenti (<a href=\"https:\/\/www.ecrivus-multimedia.nl\/go\/rijbewijs-beedigde-vertaling-met-stempel\/\" title=\"Traduzione giurata della patente di guida? Ordina nel nostro negozio online!\" class=\"pretty-link-keyword\"rel=\"\">patenti di guida<\/a>, <a href=\"https:\/\/www.ecrivus-multimedia.nl\/it\/prodotto\/traduzione-passaporto-giurata\/\">passaporti<\/a>, <a href=\"https:\/\/www.ecrivus-multimedia.nl\/it\/prodotto\/estratto-dalla-registrazione-di-base-delle-persone-traduzione-giurata-brp\/\">estratti dal registro della popolazione<\/a>, <a href=\"https:\/\/www.ecrivus-multimedia.nl\/it\/prodotto\/certificato-di-nascita-traduzione-autenticata-con-timbro\/\">certificato di nascita<\/a>, <a href=\"https:\/\/www.ecrivus-multimedia.nl\/it\/prodotto\/traduzione-giurata-del-certificato-di-morte\/\">certificati di morte<\/a>, <a href=\"https:\/\/www.ecrivus-multimedia.nl\/it\/prodotto\/certificato-di-matrimonio-tradotto-giurato\/\">certificati di matrimonio<\/a>, <a href=\"https:\/\/www.ecrivus-multimedia.nl\/go\/notariele-akte-vertalen-beedigd\/\" title=\"Vuoi tradurre un atto notarile asseverato? Ordina tramite il nostro negozio online!\" class=\"pretty-link-keyword\"rel=\"\">atti<\/a> <a href=\"https:\/\/www.ecrivus-multimedia.nl\/it\/prodotto\/atto-notarile-tradotto-giurato\/\">unione registrata<\/a>, <a href=\"https:\/\/www.ecrivus-multimedia.nl\/it\/prodotto\/certificato-di-divorzio-tradotto-giurato\/\">certificati di divorzio<\/a>)<\/li>\n<li><a href=\"https:\/\/www.ecrivus-multimedia.nl\/go\/contract-beedigde-vertaling-met-stempel\/\" title=\"Vuoi tradurre un contratto giurato? Ordina nel nostro negozio online!\" class=\"pretty-link-keyword\"rel=\"\">Accordi<\/a> O <a href=\"https:\/\/www.ecrivus-multimedia.nl\/go\/contract-beedigde-vertaling-met-stempel\/\" title=\"Vuoi tradurre un contratto giurato? Ordina nel nostro negozio online!\" class=\"pretty-link-keyword\"rel=\"\">contratti<\/a> (<a href=\"https:\/\/www.ecrivus-multimedia.nl\/it\/prodotto\/tradurre-contratto-daffitto-giurato\/\">contratti di locazione<\/a>, <a href=\"https:\/\/www.ecrivus-multimedia.nl\/go\/koopovereenkomst-beedigde-vertaling-met-stempel\/\" title=\"Vuoi tradurre un contratto d&#039;acquisto giurato? Ordina nel nostro negozio online!\" class=\"pretty-link-keyword\"rel=\"\">contratti di acquisto<\/a>, <a href=\"https:\/\/www.ecrivus-multimedia.nl\/go\/arbeidsovereenkomst-beedigde-vertaling-met-stempel\/\" title=\"Vuoi tradurre un contratto di lavoro giurato? Ordina nel nostro negozio online!\" class=\"pretty-link-keyword\"rel=\"\">contratti di lavoro<\/a>, convenzioni pensionistiche)<\/li>\n<li>Altri <a href=\"https:\/\/www.ecrivus-multimedia.nl\/go\/be\u00ebdigde-vertaling\/\" title=\"Traduzioni giurate Archivio | Negozio online internazionale Ecrivus\" class=\"pretty-link-keyword\"rel=\"\">documenti ufficiali<\/a> come documenti di emigrazione, <a href=\"https:\/\/www.ecrivus-multimedia.nl\/it\/prodotto\/diploma-di-traduzione-giurata\/\">diplomi<\/a>, <a href=\"https:\/\/www.ecrivus-multimedia.nl\/go\/diploma-vertalen-beedigd\/\" title=\"Hai bisogno del diploma di traduttore giurato? Ora disponibile per l&#039;ordine online!\" class=\"pretty-link-keyword\"rel=\"\">certificati<\/a>, <a href=\"https:\/\/www.ecrivus-multimedia.nl\/it\/prodotto\/traduzione-graduatoria-giurata\/\">elenchi di voti<\/a>, referenze, buste paga, dichiarazioni del datore di lavoro, documenti fiscali, <a href=\"https:\/\/www.ecrivus-multimedia.nl\/it\/prodotto\/estratto-della-camera-di-commercio-traduzione-giurata-con-timbro\/\">estratti della Camera di Commercio<\/a><\/li>\n<\/ul>\n<h4><strong>Che aspetto ha una traduzione certificata?<\/strong><\/h4>\n<p>Quando ne ordini uno da noi <a href=\"https:\/\/www.ecrivus-multimedia.nl\/go\/be\u00ebdigde-vertaling\/\" title=\"Traduzioni giurate Archivio | Negozio online internazionale Ecrivus\" class=\"pretty-link-keyword\"rel=\"\">traduzione certificata<\/a> Se effettuate l&#039;ordine riceverete tramite posta (raccomandata) un pacco rilegato composto da 3 parti:<\/p>\n<ol>\n<li><strong>L&#039;originale<\/strong>: questo \u00e8 anche chiamato testo originale o testo di partenza. Devi caricare l&#039;originale con il tuo ordine nel nostro negozio online tramite una scansione ben esposta o una foto ritagliata con il tuo smartphone\/tablet.<\/li>\n<li><strong>IL <a href=\"https:\/\/www.ecrivus-multimedia.nl\/go\/be\u00ebdigde-vertaling\/\" title=\"Traduzioni giurate Archivio | Negozio online internazionale Ecrivus\" class=\"pretty-link-keyword\"rel=\"\">traduzione certificata<\/a><\/strong>: IL <a href=\"https:\/\/www.ecrivus-multimedia.nl\/go\/be\u00ebdigde-vertaling\/\" title=\"Traduzioni giurate Archivio | Negozio online internazionale Ecrivus\" class=\"pretty-link-keyword\"rel=\"\">traduzione certificata<\/a> sia allegato all&#039;originale e provvisto di timbro di legalizzazione o <a href=\"https:\/\/www.ecrivus-multimedia.nl\/go\/apostilles-legalisatie-landenoverzicht\/\" title=\"Apostille (legalizzazione) - panoramica del paese\" class=\"pretty-link-keyword\"rel=\"\">apostille<\/a> (se ordinato) e firma del traduttore giurato. Il documento tradotto ha lo stesso valore legale dell&#039;originale.<\/li>\n<li><strong>L&#039;ufficiale <a href=\"https:\/\/www.ecrivus-multimedia.nl\/go\/verklaring-beedigde-vertaling-met-stempel\/\" title=\"Vuoi tradurre una dichiarazione giurata? Ordina nel nostro negozio online!\" class=\"pretty-link-keyword\"rel=\"\">dichiarazione<\/a> del <a href=\"https:\/\/www.ecrivus-multimedia.nl\/go\/be\u00ebdigde-vertaling\/\" title=\"Traduzioni giurate Archivio | Negozio online internazionale Ecrivus\" class=\"pretty-link-keyword\"rel=\"\">traduttore giurato<\/a><\/strong>: in questo <a href=\"https:\/\/www.ecrivus-multimedia.nl\/go\/verklaring-beedigde-vertaling-met-stempel\/\" title=\"Vuoi tradurre una dichiarazione giurata? Ordina nel nostro negozio online!\" class=\"pretty-link-keyword\"rel=\"\">dichiarazione<\/a>, munito di firma, timbro ufficiale e data, il traduttore giurato dichiara che la traduzione \u00e8 fedele all&#039;originale.<\/li>\n<\/ol>\n<p>Le 3 parti precedenti sono a prova di manomissione e legate insieme in un unico pacchetto.<\/p>\n<h4><strong>Apostille e legalizzazioni<\/strong><\/h4>\n<p>A volte le autorit\u00e0 richiedono ulteriori garanzie che la firma sul file <a href=\"https:\/\/www.ecrivus-multimedia.nl\/go\/be\u00ebdigde-vertaling\/\" title=\"Traduzioni giurate Archivio | Negozio online internazionale Ecrivus\" class=\"pretty-link-keyword\"rel=\"\">traduzione certificata<\/a> appartiene effettivamente al traduttore giurato coinvolto. In tal caso si pu\u00f2 <a href=\"https:\/\/www.ecrivus-multimedia.nl\/it\/panoramica-del-paese-di-legalizzazione-dellapostille\/\">legalizzazione o apostille<\/a> sono richiesti. Entrambi <a href=\"https:\/\/www.ecrivus-multimedia.nl\/go\/apostilles-legalisatie-landenoverzicht\/\" title=\"Apostille (legalizzazione) - panoramica del paese\" class=\"pretty-link-keyword\"rel=\"\">legalizzazioni<\/a> COME <a href=\"https:\/\/www.ecrivus-multimedia.nl\/go\/apostilles-legalisatie-landenoverzicht\/\" title=\"Apostille (legalizzazione) - panoramica del paese\" class=\"pretty-link-keyword\"rel=\"\">apostille<\/a> pu\u00f2 essere ordinato rapidamente e facilmente nel nostro negozio online!<\/p>\n<h4><strong>Perch\u00e8 Ecrivus Multimedia?<\/strong><\/h4>\n<div class=\"su-list\" style=\"margin-left:0px\">\n<ul>\n<li style=\"list-style-type: none;\">\n<ul>\n<li style=\"list-style-type: none;\">\n<ul>\n<li><i class=\"sui sui-check\" style=\"color:#333\"><\/i> Collabora esclusivamente con traduttori giurati iscritti all&#039;Albo degli Interpreti e Traduttori Giurati.<\/li>\n<li><i class=\"sui sui-check\" style=\"color:#333\"><\/i> Opera nel rispetto del codice di condotta per interpreti e traduttori nell&#039;ambito della legge sugli interpreti e traduttori giurati.<\/li>\n<li><i class=\"sui sui-check\" style=\"color:#333\"><\/i> Fornisce documenti tradotti certificati riconosciuti a livello nazionale e internazionale.<\/li>\n<li><i class=\"sui sui-check\" style=\"color:#333\"><\/i> Vasta competenza ed esperienza nel campo della <a href=\"https:\/\/www.ecrivus-multimedia.nl\/it\/categoria-di-prodotto\/traduzioni-giurate\/\">traduzioni certificate<\/a>, <a href=\"https:\/\/www.ecrivus-multimedia.nl\/go\/apostilles-legalisatie-landenoverzicht\/\" title=\"Apostille (legalizzazione) - panoramica del paese\" class=\"pretty-link-keyword\"rel=\"\">legalizzazioni<\/a> E <a href=\"https:\/\/www.ecrivus-multimedia.nl\/go\/apostilles-legalisatie-landenoverzicht\/\" title=\"Apostille (legalizzazione) - panoramica del paese\" class=\"pretty-link-keyword\"rel=\"\">apostille<\/a>.<\/li>\n<li><i class=\"sui sui-check\" style=\"color:#333\"><\/i> Ordinare in modo facile e veloce nel nostro negozio online, 100% affidabile e sempre a prezzi competitivi.<\/li>\n<\/ul>\n<\/li>\n<\/ul>\n<\/li>\n<\/ul>\n<\/div>\n<p style=\"text-align: center;\"><a href=\"https:\/\/www.ecrivus-multimedia.nl\/it\/categoria-di-prodotto\/traduzioni-giurate\/\" class=\"su-button su-button-style-default\" style=\"color:#FFFFFF;background-color:#2D89EF;border-color:#246ec0;border-radius:7px\" target=\"_self\"><span style=\"color:#FFFFFF;padding:7px 20px;font-size:16px;line-height:24px;border-color:#6cadf4;border-radius:7px;text-shadow:none\"><i class=\"sui sui-arrow-right\" style=\"font-size:16px;color:#FFFFFF\"><\/i> Ordina subito una traduzione certificata nel webshop<\/span><\/a>","protected":false},"excerpt":{"rendered":"<p>Cos\u2019\u00e8 una traduzione certificata? Una traduzione giurata \u00e8 una traduzione ufficiale, legalmente valida, di un documento formale che pu\u00f2 essere tradotto solo da un traduttore giurato. Un traduttore giurato \u00e8 sempre giurato presso un tribunale olandese ed \u00e8 anche registrato presso uno o pi\u00f9 tribunali dei Paesi Bassi. Quando hai bisogno di una traduzione certificata? UN\u2026<\/p>","protected":false},"author":1,"featured_media":0,"parent":0,"menu_order":0,"comment_status":"closed","ping_status":"closed","template":"","meta":{"_acf_changed":false,"_glsr_average":0,"_glsr_ranking":0,"_glsr_reviews":0,"_joinchat":[],"footnotes":""},"class_list":["post-44944","page","type-page","status-publish","hentry"],"acf":[],"yoast_head":"<!-- This site is optimized with the Yoast SEO plugin v27.4 - https:\/\/yoast.com\/product\/yoast-seo-wordpress\/ -->\n<title>Be\u00ebdigde vertaling? Lees alles wat u moet weten | Webshop<\/title>\n<meta name=\"description\" content=\"Bestel uw be\u00ebdigde vertaling direct in onze webshop. Op deze pagina leest u alles over be\u00ebdigde vertalingen, legalisaties, apostilles en meer!\" \/>\n<meta name=\"robots\" content=\"index, follow, max-snippet:-1, max-image-preview:large, max-video-preview:-1\" \/>\n<link rel=\"canonical\" href=\"https:\/\/www.ecrivus-multimedia.nl\/it\/traduzione-giurata-leggi-tutto-quello-che-devi-sapere\/\" \/>\n<meta property=\"og:locale\" content=\"it_IT\" \/>\n<meta property=\"og:type\" content=\"article\" \/>\n<meta property=\"og:title\" content=\"Be\u00ebdigde vertaling? Lees alles wat u moet weten | Webshop\" \/>\n<meta property=\"og:description\" content=\"Bestel uw be\u00ebdigde vertaling direct in onze webshop. Op deze pagina leest u alles over be\u00ebdigde vertalingen, legalisaties, apostilles en meer!\" \/>\n<meta property=\"og:url\" content=\"https:\/\/www.ecrivus-multimedia.nl\/it\/traduzione-giurata-leggi-tutto-quello-che-devi-sapere\/\" \/>\n<meta property=\"og:site_name\" content=\"Ecrivus International Webshop\" \/>\n<meta property=\"article:publisher\" content=\"https:\/\/www.facebook.com\/Ecrivus-International-676624782512639\/\" \/>\n<meta property=\"article:modified_time\" content=\"2026-04-12T12:36:19+00:00\" \/>\n<meta name=\"twitter:card\" content=\"summary_large_image\" \/>\n<meta name=\"twitter:site\" content=\"@ecrivusint\" \/>\n<meta name=\"twitter:label1\" content=\"Tempo di lettura stimato\" \/>\n\t<meta name=\"twitter:data1\" content=\"3 minuti\" \/>\n<script type=\"application\/ld+json\" class=\"yoast-schema-graph\">{\"@context\":\"https:\\\/\\\/schema.org\",\"@graph\":[{\"@type\":\"WebPage\",\"@id\":\"https:\\\/\\\/www.ecrivus-multimedia.nl\\\/beedigde-vertaling-lees-alles-wat-u-moet-weten\\\/\",\"url\":\"https:\\\/\\\/www.ecrivus-multimedia.nl\\\/beedigde-vertaling-lees-alles-wat-u-moet-weten\\\/\",\"name\":\"Be\u00ebdigde vertaling? Lees alles wat u moet weten | Webshop\",\"isPartOf\":{\"@id\":\"https:\\\/\\\/www.ecrivus-multimedia.nl\\\/#website\"},\"datePublished\":\"2020-02-03T14:31:18+00:00\",\"dateModified\":\"2026-04-12T12:36:19+00:00\",\"description\":\"Bestel uw be\u00ebdigde vertaling direct in onze webshop. Op deze pagina leest u alles over be\u00ebdigde vertalingen, legalisaties, apostilles en meer!\",\"breadcrumb\":{\"@id\":\"https:\\\/\\\/www.ecrivus-multimedia.nl\\\/beedigde-vertaling-lees-alles-wat-u-moet-weten\\\/#breadcrumb\"},\"inLanguage\":\"it-IT\",\"potentialAction\":[{\"@type\":\"ReadAction\",\"target\":[\"https:\\\/\\\/www.ecrivus-multimedia.nl\\\/beedigde-vertaling-lees-alles-wat-u-moet-weten\\\/\"]}]},{\"@type\":\"BreadcrumbList\",\"@id\":\"https:\\\/\\\/www.ecrivus-multimedia.nl\\\/beedigde-vertaling-lees-alles-wat-u-moet-weten\\\/#breadcrumb\",\"itemListElement\":[{\"@type\":\"ListItem\",\"position\":1,\"name\":\"Home\",\"item\":\"https:\\\/\\\/www.ecrivus-multimedia.nl\\\/\"},{\"@type\":\"ListItem\",\"position\":2,\"name\":\"Be\u00ebdigde vertaling? Lees alles wat u moet weten\"}]},{\"@type\":\"WebSite\",\"@id\":\"https:\\\/\\\/www.ecrivus-multimedia.nl\\\/#website\",\"url\":\"https:\\\/\\\/www.ecrivus-multimedia.nl\\\/\",\"name\":\"Ecrivus International Webshop\",\"description\":\"Erkende webshop voor be\u00ebdigde vertalingen.\",\"publisher\":{\"@id\":\"https:\\\/\\\/www.ecrivus-multimedia.nl\\\/#organization\"},\"potentialAction\":[{\"@type\":\"SearchAction\",\"target\":{\"@type\":\"EntryPoint\",\"urlTemplate\":\"https:\\\/\\\/www.ecrivus-multimedia.nl\\\/?s={search_term_string}\"},\"query-input\":{\"@type\":\"PropertyValueSpecification\",\"valueRequired\":true,\"valueName\":\"search_term_string\"}}],\"inLanguage\":\"it-IT\"},{\"@type\":\"Organization\",\"@id\":\"https:\\\/\\\/www.ecrivus-multimedia.nl\\\/#organization\",\"name\":\"Ecrivus International\",\"url\":\"https:\\\/\\\/www.ecrivus-multimedia.nl\\\/\",\"logo\":{\"@type\":\"ImageObject\",\"inLanguage\":\"it-IT\",\"@id\":\"https:\\\/\\\/www.ecrivus-multimedia.nl\\\/#\\\/schema\\\/logo\\\/image\\\/\",\"url\":\"https:\\\/\\\/www.ecrivus-multimedia.nl\\\/wp-content\\\/uploads\\\/2022\\\/01\\\/cropped-small-Logo-Ecrivus-Vector-Transparent2.png\",\"contentUrl\":\"https:\\\/\\\/www.ecrivus-multimedia.nl\\\/wp-content\\\/uploads\\\/2022\\\/01\\\/cropped-small-Logo-Ecrivus-Vector-Transparent2.png\",\"width\":512,\"height\":512,\"caption\":\"Ecrivus International\"},\"image\":{\"@id\":\"https:\\\/\\\/www.ecrivus-multimedia.nl\\\/#\\\/schema\\\/logo\\\/image\\\/\"},\"sameAs\":[\"https:\\\/\\\/www.facebook.com\\\/Ecrivus-International-676624782512639\\\/\",\"https:\\\/\\\/x.com\\\/ecrivusint\"]}]}<\/script>\n<!-- \/ Yoast SEO plugin. -->","yoast_head_json":{"title":"Be\u00ebdigde vertaling? Lees alles wat u moet weten | Webshop","description":"Bestel uw be\u00ebdigde vertaling direct in onze webshop. Op deze pagina leest u alles over be\u00ebdigde vertalingen, legalisaties, apostilles en meer!","robots":{"index":"index","follow":"follow","max-snippet":"max-snippet:-1","max-image-preview":"max-image-preview:large","max-video-preview":"max-video-preview:-1"},"canonical":"https:\/\/www.ecrivus-multimedia.nl\/it\/traduzione-giurata-leggi-tutto-quello-che-devi-sapere\/","og_locale":"it_IT","og_type":"article","og_title":"Be\u00ebdigde vertaling? Lees alles wat u moet weten | Webshop","og_description":"Bestel uw be\u00ebdigde vertaling direct in onze webshop. Op deze pagina leest u alles over be\u00ebdigde vertalingen, legalisaties, apostilles en meer!","og_url":"https:\/\/www.ecrivus-multimedia.nl\/it\/traduzione-giurata-leggi-tutto-quello-che-devi-sapere\/","og_site_name":"Ecrivus International Webshop","article_publisher":"https:\/\/www.facebook.com\/Ecrivus-International-676624782512639\/","article_modified_time":"2026-04-12T12:36:19+00:00","twitter_card":"summary_large_image","twitter_site":"@ecrivusint","twitter_misc":{"Tempo di lettura stimato":"3 minuti"},"schema":{"@context":"https:\/\/schema.org","@graph":[{"@type":"WebPage","@id":"https:\/\/www.ecrivus-multimedia.nl\/beedigde-vertaling-lees-alles-wat-u-moet-weten\/","url":"https:\/\/www.ecrivus-multimedia.nl\/beedigde-vertaling-lees-alles-wat-u-moet-weten\/","name":"Be\u00ebdigde vertaling? Lees alles wat u moet weten | Webshop","isPartOf":{"@id":"https:\/\/www.ecrivus-multimedia.nl\/#website"},"datePublished":"2020-02-03T14:31:18+00:00","dateModified":"2026-04-12T12:36:19+00:00","description":"Bestel uw be\u00ebdigde vertaling direct in onze webshop. Op deze pagina leest u alles over be\u00ebdigde vertalingen, legalisaties, apostilles en meer!","breadcrumb":{"@id":"https:\/\/www.ecrivus-multimedia.nl\/beedigde-vertaling-lees-alles-wat-u-moet-weten\/#breadcrumb"},"inLanguage":"it-IT","potentialAction":[{"@type":"ReadAction","target":["https:\/\/www.ecrivus-multimedia.nl\/beedigde-vertaling-lees-alles-wat-u-moet-weten\/"]}]},{"@type":"BreadcrumbList","@id":"https:\/\/www.ecrivus-multimedia.nl\/beedigde-vertaling-lees-alles-wat-u-moet-weten\/#breadcrumb","itemListElement":[{"@type":"ListItem","position":1,"name":"Home","item":"https:\/\/www.ecrivus-multimedia.nl\/"},{"@type":"ListItem","position":2,"name":"Be\u00ebdigde vertaling? Lees alles wat u moet weten"}]},{"@type":"WebSite","@id":"https:\/\/www.ecrivus-multimedia.nl\/#website","url":"https:\/\/www.ecrivus-multimedia.nl\/","name":"Ecrivus International Webshop","description":"Erkende webshop voor be\u00ebdigde vertalingen.","publisher":{"@id":"https:\/\/www.ecrivus-multimedia.nl\/#organization"},"potentialAction":[{"@type":"SearchAction","target":{"@type":"EntryPoint","urlTemplate":"https:\/\/www.ecrivus-multimedia.nl\/?s={search_term_string}"},"query-input":{"@type":"PropertyValueSpecification","valueRequired":true,"valueName":"search_term_string"}}],"inLanguage":"it-IT"},{"@type":"Organization","@id":"https:\/\/www.ecrivus-multimedia.nl\/#organization","name":"Ecrivus International","url":"https:\/\/www.ecrivus-multimedia.nl\/","logo":{"@type":"ImageObject","inLanguage":"it-IT","@id":"https:\/\/www.ecrivus-multimedia.nl\/#\/schema\/logo\/image\/","url":"https:\/\/www.ecrivus-multimedia.nl\/wp-content\/uploads\/2022\/01\/cropped-small-Logo-Ecrivus-Vector-Transparent2.png","contentUrl":"https:\/\/www.ecrivus-multimedia.nl\/wp-content\/uploads\/2022\/01\/cropped-small-Logo-Ecrivus-Vector-Transparent2.png","width":512,"height":512,"caption":"Ecrivus International"},"image":{"@id":"https:\/\/www.ecrivus-multimedia.nl\/#\/schema\/logo\/image\/"},"sameAs":["https:\/\/www.facebook.com\/Ecrivus-International-676624782512639\/","https:\/\/x.com\/ecrivusint"]}]}},"_links":{"self":[{"href":"https:\/\/www.ecrivus-multimedia.nl\/it\/wp-json\/wp\/v2\/pages\/44944","targetHints":{"allow":["GET"]}}],"collection":[{"href":"https:\/\/www.ecrivus-multimedia.nl\/it\/wp-json\/wp\/v2\/pages"}],"about":[{"href":"https:\/\/www.ecrivus-multimedia.nl\/it\/wp-json\/wp\/v2\/types\/page"}],"author":[{"embeddable":true,"href":"https:\/\/www.ecrivus-multimedia.nl\/it\/wp-json\/wp\/v2\/users\/1"}],"replies":[{"embeddable":true,"href":"https:\/\/www.ecrivus-multimedia.nl\/it\/wp-json\/wp\/v2\/comments?post=44944"}],"version-history":[{"count":1,"href":"https:\/\/www.ecrivus-multimedia.nl\/it\/wp-json\/wp\/v2\/pages\/44944\/revisions"}],"predecessor-version":[{"id":132667,"href":"https:\/\/www.ecrivus-multimedia.nl\/it\/wp-json\/wp\/v2\/pages\/44944\/revisions\/132667"}],"wp:attachment":[{"href":"https:\/\/www.ecrivus-multimedia.nl\/it\/wp-json\/wp\/v2\/media?parent=44944"}],"curies":[{"name":"wp","href":"https:\/\/api.w.org\/{rel}","templated":true}]}}