{"id":109402,"date":"2023-05-05T13:21:24","date_gmt":"2023-05-05T11:21:24","guid":{"rendered":"https:\/\/www.ecrivus-multimedia.nl\/?post_type=product&#038;p=109402"},"modified":"2026-04-12T13:16:05","modified_gmt":"2026-04-12T11:16:05","slug":"ai-contentoptimalisatie","status":"publish","type":"product","link":"https:\/\/www.ecrivus-multimedia.nl\/it\/prodotto\/ai-ottimizzazione-dei-contenuti\/","title":{"rendered":"Ottimizzazione e modifica dei contenuti AI: ottimizza i tuoi contenuti e la reperibilit\u00e0 online"},"content":{"rendered":"<h1><strong>Ottimizzazione dei contenuti dell&#039;intelligenza artificiale<\/strong><\/h1>\n<p>Il tuo sito web \u00e8 uno strumento importante per raggiungere nuovi clienti e aumentare il tuo fatturato. <strong>Con il nostro rivoluzionario <a href=\"https:\/\/www.ecrivus-multimedia.nl\/go\/ai-contentoptimalisatie\/\" title=\"Ottimizzazione e modifica dei contenuti AI per punteggi pi\u00f9 elevati nei motori di ricerca\" class=\"pretty-link-keyword\"rel=\"\">Ottimizzazione dei contenuti dell&#039;intelligenza artificiale<\/a>servizio, ti offriamo l&#039;opportunit\u00e0 di trasformare i tuoi vecchi contenuti in testi ottimizzati e di alta qualit\u00e0.<\/strong> La cosa unica del nostro servizio \u00e8 che noi <strong>IA e professionisti formati<\/strong> insieme per ottenere i migliori risultati.<\/p>\n<p>I nostri strumenti di intelligenza artificiale sviluppati aiutano a ottimizzare i tuoi contenuti per migliorare prestazioni e visibilit\u00e0 nei motori di ricerca e nei social media. Sebbene lo strumento AI svolga un ruolo importante nel raggiungimento dei risultati desiderati, sono essenziali anche esperti linguistici come redattori e linguisti. Forniscono ai testi ottimizzati un tocco umano, li perfezionano fino all&#039;ultimo dettaglio e apportano creativit\u00e0 al processo.<\/p>\n<h3>Ottimizzazione dei contenuti AI in 3 passaggi<\/h3>\n<ol>\n<li>Fornisci il contenuto da ottimizzare sotto forma di file di testo, pagine web o URL. Applichiamo quindi i nostri algoritmi AI per analizzare i testi e ottimizzarli per i motori di ricerca e la leggibilit\u00e0. Su questo lavoreranno poi i nostri esperti linguistici per perfezionare ulteriormente i testi e garantire cos\u00ec la migliore qualit\u00e0 possibile.<\/li>\n<li>Forniamo il risultato sotto forma di testi ottimizzati che ottengono un punteggio migliore nei motori di ricerca e sono pi\u00f9 facili da leggere per il vostro gruppo target. Consegnando i tuoi vecchi contenuti, ti forniamo testi ottimizzati che aiuteranno la tua attivit\u00e0 a crescere. E tutto questo a un prezzo molto conveniente per pagina web.<\/li>\n<li>Attraverso le statistiche possiamo dimostrare che i nostri testi ottimizzati ottengono punteggi significativamente pi\u00f9 alti nei motori di ricerca e ottengono risultati migliori. Di conseguenza, attirerai pi\u00f9 visitatori e potenziali clienti, il che alla fine si tradurr\u00e0 in pi\u00f9 vendite per la tua azienda.<\/li>\n<\/ol>\n<p>Scegliere <a href=\"https:\/\/www.ecrivus-multimedia.nl\/go\/ai-contentoptimalisatie\/\" title=\"Ottimizzazione e modifica dei contenuti AI per punteggi pi\u00f9 elevati nei motori di ricerca\" class=\"pretty-link-keyword\"rel=\"\">Ottimizzazione dei contenuti dell&#039;intelligenza artificiale<\/a> da Ecrivus Multimedia e sperimenta tu stesso come trasformare i tuoi vecchi contenuti in testi ottimizzati e di alta qualit\u00e0. Insieme ai nostri strumenti di intelligenza artificiale e ai nostri esperti linguistici, otterrai la migliore qualit\u00e0 e i migliori risultati per la tua attivit\u00e0.<\/p>\n<p>Insomma, il tuo sito web \u00e8 uno strumento importante per raggiungere nuovi clienti e aumentare il tuo fatturato. Con il nostro <a href=\"https:\/\/www.ecrivus-multimedia.nl\/go\/ai-contentoptimalisatie\/\" title=\"Ottimizzazione e modifica dei contenuti AI per punteggi pi\u00f9 elevati nei motori di ricerca\" class=\"pretty-link-keyword\"rel=\"\">Ottimizzazione dei contenuti dell&#039;intelligenza artificiale<\/a>Il servizio trasforma i tuoi vecchi contenuti in testi ottimizzati e di alta qualit\u00e0. I nostri strumenti di intelligenza artificiale garantiscono che i vostri testi non solo siano adatti ai motori di ricerca, ma anche leggibili e comprensibili per il vostro gruppo target. Scegli Ecrivus Multimedia e beneficia della potenza del nostro <a href=\"https:\/\/www.ecrivus-multimedia.nl\/go\/ai-contentoptimalisatie\/\" title=\"Ottimizzazione e modifica dei contenuti AI per punteggi pi\u00f9 elevati nei motori di ricerca\" class=\"pretty-link-keyword\"rel=\"\">Ottimizzazione dei contenuti dell&#039;intelligenza artificiale<\/a>.<\/p>","protected":false},"excerpt":{"rendered":"<p>Optimaliseer uw content met AI Contentoptimalisatie en verhoog uw online zichtbaarheid.<br \/>\nUpload hierbeneden de URL&#8217;s en selecteer het aantal URL&#8217;s dat u wilt laten optimaliseren. Kosten: \u20ac10,- per URL.<\/p>","protected":false},"featured_media":132637,"comment_status":"closed","ping_status":"closed","template":"","meta":{"_acf_changed":false,"_glsr_average":0,"_glsr_ranking":0,"_glsr_reviews":0,"_joinchat":[]},"product_brand":[],"product_cat":[15288],"product_tag":[15941,15942,15944,15943,15945],"class_list":{"0":"post-109402","1":"product","2":"type-product","3":"status-publish","4":"has-post-thumbnail","6":"product_cat-web-app-ontwikkeling","7":"product_tag-ai","8":"product_tag-contentoptimalisatie","9":"product_tag-online-zichtbaarheid","10":"product_tag-seo","11":"product_tag-zoekmachines","13":"first","14":"instock","15":"virtual","16":"sold-individually","17":"taxable","18":"purchasable","19":"product-type-simple"},"acf":[],"yoast_head":"<!-- This site is optimized with the Yoast SEO plugin v27.4 - https:\/\/yoast.com\/product\/yoast-seo-wordpress\/ -->\n<title>AI Contentoptimalisatie + editing voor hogere zoekmachine scores<\/title>\n<meta name=\"description\" content=\"Transformeer uw content met AI Contentoptimalisatie. Verhoog uw online zichtbaarheid en bereik meer klanten. Bespaar tijd en optimaliseer uw teksten nu!\" \/>\n<meta name=\"robots\" content=\"index, follow, max-snippet:-1, max-image-preview:large, max-video-preview:-1\" \/>\n<link rel=\"canonical\" href=\"https:\/\/www.ecrivus-multimedia.nl\/it\/prodotto\/ai-ottimizzazione-dei-contenuti\/\" \/>\n<meta property=\"og:locale\" content=\"it_IT\" \/>\n<meta property=\"og:type\" content=\"article\" \/>\n<meta property=\"og:title\" content=\"AI Contentoptimalisatie + editing voor hogere zoekmachine scores\" \/>\n<meta property=\"og:description\" content=\"Transformeer uw content met AI Contentoptimalisatie. Verhoog uw online zichtbaarheid en bereik meer klanten. Bespaar tijd en optimaliseer uw teksten nu!\" \/>\n<meta property=\"og:url\" content=\"https:\/\/www.ecrivus-multimedia.nl\/it\/prodotto\/ai-ottimizzazione-dei-contenuti\/\" \/>\n<meta property=\"og:site_name\" content=\"Ecrivus International Webshop\" \/>\n<meta property=\"article:publisher\" content=\"https:\/\/www.facebook.com\/Ecrivus-International-676624782512639\/\" \/>\n<meta property=\"article:modified_time\" content=\"2026-04-12T11:16:05+00:00\" \/>\n<meta property=\"og:image\" content=\"https:\/\/www.ecrivus-multimedia.nl\/wp-content\/uploads\/2023\/05\/ai-tools-online-marketing-seo-laptop.jpg\" \/>\n\t<meta property=\"og:image:width\" content=\"1000\" \/>\n\t<meta property=\"og:image:height\" content=\"571\" \/>\n\t<meta property=\"og:image:type\" content=\"image\/jpeg\" \/>\n<meta name=\"twitter:card\" content=\"summary_large_image\" \/>\n<meta name=\"twitter:site\" content=\"@ecrivusint\" \/>\n<meta name=\"twitter:label1\" content=\"Tempo di lettura stimato\" \/>\n\t<meta name=\"twitter:data1\" content=\"2 minuti\" \/>\n<script type=\"application\/ld+json\" class=\"yoast-schema-graph\">{\"@context\":\"https:\\\/\\\/schema.org\",\"@graph\":[{\"@type\":\"WebPage\",\"@id\":\"https:\\\/\\\/www.ecrivus-multimedia.nl\\\/product\\\/ai-contentoptimalisatie\\\/\",\"url\":\"https:\\\/\\\/www.ecrivus-multimedia.nl\\\/product\\\/ai-contentoptimalisatie\\\/\",\"name\":\"AI Contentoptimalisatie + editing voor hogere zoekmachine scores\",\"isPartOf\":{\"@id\":\"https:\\\/\\\/www.ecrivus-multimedia.nl\\\/#website\"},\"primaryImageOfPage\":{\"@id\":\"https:\\\/\\\/www.ecrivus-multimedia.nl\\\/product\\\/ai-contentoptimalisatie\\\/#primaryimage\"},\"image\":{\"@id\":\"https:\\\/\\\/www.ecrivus-multimedia.nl\\\/product\\\/ai-contentoptimalisatie\\\/#primaryimage\"},\"thumbnailUrl\":\"https:\\\/\\\/www.ecrivus-multimedia.nl\\\/wp-content\\\/uploads\\\/2023\\\/05\\\/ai-tools-online-marketing-seo-laptop.jpg\",\"datePublished\":\"2023-05-05T11:21:24+00:00\",\"dateModified\":\"2026-04-12T11:16:05+00:00\",\"description\":\"Transformeer uw content met AI Contentoptimalisatie. Verhoog uw online zichtbaarheid en bereik meer klanten. Bespaar tijd en optimaliseer uw teksten nu!\",\"breadcrumb\":{\"@id\":\"https:\\\/\\\/www.ecrivus-multimedia.nl\\\/product\\\/ai-contentoptimalisatie\\\/#breadcrumb\"},\"inLanguage\":\"it-IT\",\"potentialAction\":[{\"@type\":\"ReadAction\",\"target\":[\"https:\\\/\\\/www.ecrivus-multimedia.nl\\\/product\\\/ai-contentoptimalisatie\\\/\"]}]},{\"@type\":\"ImageObject\",\"inLanguage\":\"it-IT\",\"@id\":\"https:\\\/\\\/www.ecrivus-multimedia.nl\\\/product\\\/ai-contentoptimalisatie\\\/#primaryimage\",\"url\":\"https:\\\/\\\/www.ecrivus-multimedia.nl\\\/wp-content\\\/uploads\\\/2023\\\/05\\\/ai-tools-online-marketing-seo-laptop.jpg\",\"contentUrl\":\"https:\\\/\\\/www.ecrivus-multimedia.nl\\\/wp-content\\\/uploads\\\/2023\\\/05\\\/ai-tools-online-marketing-seo-laptop.jpg\",\"width\":1000,\"height\":571},{\"@type\":\"BreadcrumbList\",\"@id\":\"https:\\\/\\\/www.ecrivus-multimedia.nl\\\/product\\\/ai-contentoptimalisatie\\\/#breadcrumb\",\"itemListElement\":[{\"@type\":\"ListItem\",\"position\":1,\"name\":\"Home\",\"item\":\"https:\\\/\\\/www.ecrivus-multimedia.nl\\\/\"},{\"@type\":\"ListItem\",\"position\":2,\"name\":\"Shop\",\"item\":\"https:\\\/\\\/www.ecrivus-multimedia.nl\\\/shop\\\/\"},{\"@type\":\"ListItem\",\"position\":3,\"name\":\"AI Contentoptimalisatie + editing \u2013 Optimaliseer uw content en online vindbaarheid\"}]},{\"@type\":\"WebSite\",\"@id\":\"https:\\\/\\\/www.ecrivus-multimedia.nl\\\/#website\",\"url\":\"https:\\\/\\\/www.ecrivus-multimedia.nl\\\/\",\"name\":\"Ecrivus International Webshop\",\"description\":\"Erkende webshop voor be\u00ebdigde vertalingen.\",\"publisher\":{\"@id\":\"https:\\\/\\\/www.ecrivus-multimedia.nl\\\/#organization\"},\"potentialAction\":[{\"@type\":\"SearchAction\",\"target\":{\"@type\":\"EntryPoint\",\"urlTemplate\":\"https:\\\/\\\/www.ecrivus-multimedia.nl\\\/?s={search_term_string}\"},\"query-input\":{\"@type\":\"PropertyValueSpecification\",\"valueRequired\":true,\"valueName\":\"search_term_string\"}}],\"inLanguage\":\"it-IT\"},{\"@type\":\"Organization\",\"@id\":\"https:\\\/\\\/www.ecrivus-multimedia.nl\\\/#organization\",\"name\":\"Ecrivus International\",\"url\":\"https:\\\/\\\/www.ecrivus-multimedia.nl\\\/\",\"logo\":{\"@type\":\"ImageObject\",\"inLanguage\":\"it-IT\",\"@id\":\"https:\\\/\\\/www.ecrivus-multimedia.nl\\\/#\\\/schema\\\/logo\\\/image\\\/\",\"url\":\"https:\\\/\\\/www.ecrivus-multimedia.nl\\\/wp-content\\\/uploads\\\/2022\\\/01\\\/cropped-small-Logo-Ecrivus-Vector-Transparent2.png\",\"contentUrl\":\"https:\\\/\\\/www.ecrivus-multimedia.nl\\\/wp-content\\\/uploads\\\/2022\\\/01\\\/cropped-small-Logo-Ecrivus-Vector-Transparent2.png\",\"width\":512,\"height\":512,\"caption\":\"Ecrivus International\"},\"image\":{\"@id\":\"https:\\\/\\\/www.ecrivus-multimedia.nl\\\/#\\\/schema\\\/logo\\\/image\\\/\"},\"sameAs\":[\"https:\\\/\\\/www.facebook.com\\\/Ecrivus-International-676624782512639\\\/\",\"https:\\\/\\\/x.com\\\/ecrivusint\"]}]}<\/script>\n<!-- \/ Yoast SEO plugin. -->","yoast_head_json":{"title":"AI Contentoptimalisatie + editing voor hogere zoekmachine scores","description":"Transformeer uw content met AI Contentoptimalisatie. Verhoog uw online zichtbaarheid en bereik meer klanten. Bespaar tijd en optimaliseer uw teksten nu!","robots":{"index":"index","follow":"follow","max-snippet":"max-snippet:-1","max-image-preview":"max-image-preview:large","max-video-preview":"max-video-preview:-1"},"canonical":"https:\/\/www.ecrivus-multimedia.nl\/it\/prodotto\/ai-ottimizzazione-dei-contenuti\/","og_locale":"it_IT","og_type":"article","og_title":"AI Contentoptimalisatie + editing voor hogere zoekmachine scores","og_description":"Transformeer uw content met AI Contentoptimalisatie. Verhoog uw online zichtbaarheid en bereik meer klanten. Bespaar tijd en optimaliseer uw teksten nu!","og_url":"https:\/\/www.ecrivus-multimedia.nl\/it\/prodotto\/ai-ottimizzazione-dei-contenuti\/","og_site_name":"Ecrivus International Webshop","article_publisher":"https:\/\/www.facebook.com\/Ecrivus-International-676624782512639\/","article_modified_time":"2026-04-12T11:16:05+00:00","og_image":[{"width":1000,"height":571,"url":"https:\/\/www.ecrivus-multimedia.nl\/wp-content\/uploads\/2023\/05\/ai-tools-online-marketing-seo-laptop.jpg","type":"image\/jpeg"}],"twitter_card":"summary_large_image","twitter_site":"@ecrivusint","twitter_misc":{"Tempo di lettura stimato":"2 minuti"},"schema":{"@context":"https:\/\/schema.org","@graph":[{"@type":"WebPage","@id":"https:\/\/www.ecrivus-multimedia.nl\/product\/ai-contentoptimalisatie\/","url":"https:\/\/www.ecrivus-multimedia.nl\/product\/ai-contentoptimalisatie\/","name":"AI Contentoptimalisatie + editing voor hogere zoekmachine scores","isPartOf":{"@id":"https:\/\/www.ecrivus-multimedia.nl\/#website"},"primaryImageOfPage":{"@id":"https:\/\/www.ecrivus-multimedia.nl\/product\/ai-contentoptimalisatie\/#primaryimage"},"image":{"@id":"https:\/\/www.ecrivus-multimedia.nl\/product\/ai-contentoptimalisatie\/#primaryimage"},"thumbnailUrl":"https:\/\/www.ecrivus-multimedia.nl\/wp-content\/uploads\/2023\/05\/ai-tools-online-marketing-seo-laptop.jpg","datePublished":"2023-05-05T11:21:24+00:00","dateModified":"2026-04-12T11:16:05+00:00","description":"Transformeer uw content met AI Contentoptimalisatie. Verhoog uw online zichtbaarheid en bereik meer klanten. Bespaar tijd en optimaliseer uw teksten nu!","breadcrumb":{"@id":"https:\/\/www.ecrivus-multimedia.nl\/product\/ai-contentoptimalisatie\/#breadcrumb"},"inLanguage":"it-IT","potentialAction":[{"@type":"ReadAction","target":["https:\/\/www.ecrivus-multimedia.nl\/product\/ai-contentoptimalisatie\/"]}]},{"@type":"ImageObject","inLanguage":"it-IT","@id":"https:\/\/www.ecrivus-multimedia.nl\/product\/ai-contentoptimalisatie\/#primaryimage","url":"https:\/\/www.ecrivus-multimedia.nl\/wp-content\/uploads\/2023\/05\/ai-tools-online-marketing-seo-laptop.jpg","contentUrl":"https:\/\/www.ecrivus-multimedia.nl\/wp-content\/uploads\/2023\/05\/ai-tools-online-marketing-seo-laptop.jpg","width":1000,"height":571},{"@type":"BreadcrumbList","@id":"https:\/\/www.ecrivus-multimedia.nl\/product\/ai-contentoptimalisatie\/#breadcrumb","itemListElement":[{"@type":"ListItem","position":1,"name":"Home","item":"https:\/\/www.ecrivus-multimedia.nl\/"},{"@type":"ListItem","position":2,"name":"Shop","item":"https:\/\/www.ecrivus-multimedia.nl\/shop\/"},{"@type":"ListItem","position":3,"name":"AI Contentoptimalisatie + editing \u2013 Optimaliseer uw content en online vindbaarheid"}]},{"@type":"WebSite","@id":"https:\/\/www.ecrivus-multimedia.nl\/#website","url":"https:\/\/www.ecrivus-multimedia.nl\/","name":"Ecrivus International Webshop","description":"Erkende webshop voor be\u00ebdigde vertalingen.","publisher":{"@id":"https:\/\/www.ecrivus-multimedia.nl\/#organization"},"potentialAction":[{"@type":"SearchAction","target":{"@type":"EntryPoint","urlTemplate":"https:\/\/www.ecrivus-multimedia.nl\/?s={search_term_string}"},"query-input":{"@type":"PropertyValueSpecification","valueRequired":true,"valueName":"search_term_string"}}],"inLanguage":"it-IT"},{"@type":"Organization","@id":"https:\/\/www.ecrivus-multimedia.nl\/#organization","name":"Ecrivus International","url":"https:\/\/www.ecrivus-multimedia.nl\/","logo":{"@type":"ImageObject","inLanguage":"it-IT","@id":"https:\/\/www.ecrivus-multimedia.nl\/#\/schema\/logo\/image\/","url":"https:\/\/www.ecrivus-multimedia.nl\/wp-content\/uploads\/2022\/01\/cropped-small-Logo-Ecrivus-Vector-Transparent2.png","contentUrl":"https:\/\/www.ecrivus-multimedia.nl\/wp-content\/uploads\/2022\/01\/cropped-small-Logo-Ecrivus-Vector-Transparent2.png","width":512,"height":512,"caption":"Ecrivus International"},"image":{"@id":"https:\/\/www.ecrivus-multimedia.nl\/#\/schema\/logo\/image\/"},"sameAs":["https:\/\/www.facebook.com\/Ecrivus-International-676624782512639\/","https:\/\/x.com\/ecrivusint"]}]}},"_links":{"self":[{"href":"https:\/\/www.ecrivus-multimedia.nl\/it\/wp-json\/wp\/v2\/product\/109402","targetHints":{"allow":["GET"]}}],"collection":[{"href":"https:\/\/www.ecrivus-multimedia.nl\/it\/wp-json\/wp\/v2\/product"}],"about":[{"href":"https:\/\/www.ecrivus-multimedia.nl\/it\/wp-json\/wp\/v2\/types\/product"}],"replies":[{"embeddable":true,"href":"https:\/\/www.ecrivus-multimedia.nl\/it\/wp-json\/wp\/v2\/comments?post=109402"}],"wp:featuredmedia":[{"embeddable":true,"href":"https:\/\/www.ecrivus-multimedia.nl\/it\/wp-json\/wp\/v2\/media\/132637"}],"wp:attachment":[{"href":"https:\/\/www.ecrivus-multimedia.nl\/it\/wp-json\/wp\/v2\/media?parent=109402"}],"wp:term":[{"taxonomy":"product_brand","embeddable":true,"href":"https:\/\/www.ecrivus-multimedia.nl\/it\/wp-json\/wp\/v2\/product_brand?post=109402"},{"taxonomy":"product_cat","embeddable":true,"href":"https:\/\/www.ecrivus-multimedia.nl\/it\/wp-json\/wp\/v2\/product_cat?post=109402"},{"taxonomy":"product_tag","embeddable":true,"href":"https:\/\/www.ecrivus-multimedia.nl\/it\/wp-json\/wp\/v2\/product_tag?post=109402"}],"curies":[{"name":"wp","href":"https:\/\/api.w.org\/{rel}","templated":true}]}}