{"id":109441,"date":"2023-05-16T11:14:03","date_gmt":"2023-05-16T09:14:03","guid":{"rendered":"https:\/\/www.ecrivus-multimedia.nl\/?post_type=product&#038;p=109441"},"modified":"2026-04-12T12:13:17","modified_gmt":"2026-04-12T10:13:17","slug":"belastingaangifte-vertalen-beedigd","status":"publish","type":"product","link":"https:\/\/www.ecrivus-multimedia.nl\/it\/prodotto\/traduzione-dichiarazione-dei-redditi-giurata\/","title":{"rendered":"Tradurre dichiarazione dei redditi (giurata)"},"content":{"rendered":"<p><span style=\"color: #808080;\"><strong><a href=\"https:\/\/www.ecrivus-multimedia.nl\/go\/belastingaangifte-vertalen-beedigd\/\" title=\"Vuoi tradurre una dichiarazione dei redditi giurata? Ordina tramite il nostro negozio online!\" class=\"pretty-link-keyword\"rel=\"\">Dichiarazione dei redditi<\/a> (<a href=\"https:\/\/www.ecrivus-multimedia.nl\/go\/be\u00ebdigde-vertaling\/\" title=\"Traduzioni giurate Archivio | Negozio online internazionale Ecrivus\" class=\"pretty-link-keyword\"rel=\"\">traduzione certificata<\/a> con timbro)<\/strong><\/span><\/p>\n<p><span style=\"color: #808080;\">IL <a href=\"https:\/\/www.ecrivus-multimedia.nl\/go\/be\u00ebdigde-vertaling\/\" title=\"Traduzioni giurate Archivio | Negozio online internazionale Ecrivus\" class=\"pretty-link-keyword\"rel=\"\">traduzione certificata<\/a> del tuo <a href=\"https:\/\/www.ecrivus-multimedia.nl\/go\/belastingaangifte-vertalen-beedigd\/\" title=\"Vuoi tradurre una dichiarazione dei redditi giurata? Ordina tramite il nostro negozio online!\" class=\"pretty-link-keyword\"rel=\"\">dichiarazione dei redditi<\/a> ora pu\u00f2 essere facilmente ordinato online.<\/span><\/p>\n<p><span style=\"color: #808080;\"><strong>IL <a href=\"https:\/\/www.ecrivus-multimedia.nl\/go\/be\u00ebdigde-vertaling\/\" title=\"Traduzioni giurate Archivio | Negozio online internazionale Ecrivus\" class=\"pretty-link-keyword\"rel=\"\">traduzione certificata<\/a> del tuo <a href=\"https:\/\/www.ecrivus-multimedia.nl\/go\/belastingaangifte-vertalen-beedigd\/\" title=\"Vuoi tradurre una dichiarazione dei redditi giurata? Ordina tramite il nostro negozio online!\" class=\"pretty-link-keyword\"rel=\"\">dichiarazione dei redditi<\/a> \u00e8 in buone mani con noi:<\/strong><\/span><\/p>\n<ul>\n<li><span style=\"color: #808080;\">Traduzioni giurate, esperte e specializzate <a style=\"color: #808080;\" href=\"http:\/\/www.ecrivus.nl\/juridische-vertalingen\/\">traduttore giuridico e fiscale<\/a><\/span><\/li>\n<li><span style=\"color: #808080;\">Inclusivo <a style=\"color: #808080;\" href=\"http:\/\/www.ecrivus.nl\/proeflezen\/\">correzione di bozze<\/a><\/span><\/li>\n<li><span style=\"color: #808080;\">Inclusivo <a style=\"color: #808080;\" href=\"http:\/\/www.ecrivus.nl\/qa-kwaliteitscontroles\/\">controlli di qualit\u00e0<\/a><\/span><\/li>\n<li><span style=\"color: #808080;\">Prezzi competitivi<\/span><\/li>\n<li><span style=\"color: #808080;\">Consegna veloce<\/span><\/li>\n<li><span style=\"color: #808080;\">Scegli da <a style=\"color: #808080;\" href=\"http:\/\/www.ecrivus.nl\/talen\/\">centinaia di combinazioni linguistiche<\/a><\/span><\/li>\n<li><span style=\"color: #808080;\">Consegna urgente possibile<\/span><\/li>\n<li><span style=\"color: #808080;\">Supporta vari formati di file incluso PDF<\/span><\/li>\n<li><span style=\"color: #808080;\">Spedizione sempre registrata <a href=\"https:\/\/www.ecrivus-multimedia.nl\/go\/be\u00ebdigde-vertaling\/\" title=\"Traduzioni giurate Archivio | Negozio online internazionale Ecrivus\" class=\"pretty-link-keyword\"rel=\"\">traduzione certificata<\/a> con Track &amp; Trace<\/span><\/li>\n<li><span style=\"color: #808080;\">Possibilit\u00e0 di avere il proprio documento provvisto di a <a href=\"https:\/\/www.ecrivus-multimedia.nl\/go\/apostilles-legalisatie-landenoverzicht\/\" title=\"Apostille (legalizzazione) - panoramica del paese\" class=\"pretty-link-keyword\"rel=\"\">apostille<\/a> O <a href=\"https:\/\/www.ecrivus-multimedia.nl\/go\/apostilles-legalisatie-landenoverzicht\/\" title=\"Apostille (legalizzazione) - panoramica del paese\" class=\"pretty-link-keyword\"rel=\"\">legalizzazione<\/a> (legalizzare)<\/span><\/li>\n<\/ul>\n<p><span style=\"color: #808080;\">Cerchi una persona affidabile e professionale <a href=\"https:\/\/www.ecrivus-multimedia.nl\/go\/be\u00ebdigde-vertaling\/\" title=\"Traduzioni giurate Archivio | Negozio online internazionale Ecrivus\" class=\"pretty-link-keyword\"rel=\"\">traduzione certificata<\/a> per i tuoi documenti fiscali? Il nostro servizio per <a href=\"https:\/\/www.ecrivus-multimedia.nl\/go\/be\u00ebdigde-vertaling\/\" title=\"Traduzioni giurate Archivio | Negozio online internazionale Ecrivus\" class=\"pretty-link-keyword\"rel=\"\">traduzioni certificate<\/a> di <a href=\"https:\/\/www.ecrivus-multimedia.nl\/go\/belastingaangifte-vertalen-beedigd\/\" title=\"Vuoi tradurre una dichiarazione dei redditi giurata? Ordina tramite il nostro negozio online!\" class=\"pretty-link-keyword\"rel=\"\">dichiarazioni dei redditi<\/a> \u00e8 esattamente ci\u00f2 di cui hai bisogno.<\/span><\/p>\n<p><span style=\"color: #808080;\">I nostri traduttori certificati sono esperti nel convertire vari documenti fiscali in una traduzione accurata e affidabile. Che si tratti della dichiarazione dei redditi, delle detrazioni fiscali, delle aliquote fiscali, delle imposte sui salari o delle imposte provvisorie <a href=\"https:\/\/www.ecrivus-multimedia.nl\/go\/belastingaangifte-vertalen-beedigd\/\" title=\"Vuoi tradurre una dichiarazione dei redditi giurata? Ordina tramite il nostro negozio online!\" class=\"pretty-link-keyword\"rel=\"\">attacchi<\/a>, ci assicuriamo che i vostri documenti siano tradotti professionalmente.<\/span><\/p>\n<p><span style=\"color: #808080;\">Nell&#039;economia globale di oggi possono verificarsi situazioni in cui \u00e8 necessario far tradurre giuratamente i propri documenti fiscali per utilizzarli all&#039;estero. Ad esempio, quando entri in transazioni commerciali internazionali, emigra in un altro paese, straniero <a href=\"https:\/\/www.ecrivus-multimedia.nl\/go\/leningovereenkomst-beedigde-vertaling-met-stempel\/\" title=\"Vuoi tradurre un contratto di prestito giurato? Ordina nel nostro negozio online!\" class=\"pretty-link-keyword\"rel=\"\">mutuo<\/a> richieste o un ente governativo straniero richiede i tuoi documenti. Nostro <a href=\"https:\/\/www.ecrivus-multimedia.nl\/go\/be\u00ebdigde-vertaling\/\" title=\"Traduzioni giurate Archivio | Negozio online internazionale Ecrivus\" class=\"pretty-link-keyword\"rel=\"\">traduzioni certificate<\/a> soddisfare i requisiti degli organismi ufficiali in tutto il mondo e garantire la validit\u00e0 legale dei vostri documenti.<\/span><\/p>\n<p><span style=\"color: #808080;\">I nostri traduttori conoscono la terminologia complessa e i requisiti specifici associati ai documenti fiscali. Lavorano con la massima precisione per garantire che la vostra traduzione sia completa e accurata, senza lasciare spazio a malintesi o differenze di interpretazione.<\/span><\/p>\n<p><span style=\"color: #808080;\">Inoltre, trattiamo i tuoi documenti con la massima riservatezza e garantiamo che i tuoi dati personali e <a href=\"https:\/\/www.ecrivus-multimedia.nl\/go\/financi\u00eble-vertalingen\/\" title=\"Traduzioni finanziarie\" class=\"pretty-link-keyword\"rel=\"\">finanziario<\/a> i dati sono al sicuro. Comprendiamo la natura sensibile dei documenti fiscali e prendiamo molto sul serio la protezione della tua privacy.<\/span><\/p>\n<p><span style=\"color: #808080;\">Nostro <a href=\"https:\/\/www.ecrivus-multimedia.nl\/go\/be\u00ebdigde-vertaling\/\" title=\"Traduzioni giurate Archivio | Negozio online internazionale Ecrivus\" class=\"pretty-link-keyword\"rel=\"\">traduzioni certificate<\/a> includono un&#039;ampia gamma di documenti fiscali, come moduli di dichiarazione dei redditi, dichiarazioni di detrazioni fiscali, dichiarazioni di reddito e patrimonio, certificati fiscali e altro ancora. Indipendentemente dal tipo <a href=\"https:\/\/www.ecrivus-multimedia.nl\/go\/belastingaangifte-vertalen-beedigd\/\" title=\"Vuoi tradurre una dichiarazione dei redditi giurata? Ordina tramite il nostro negozio online!\" class=\"pretty-link-keyword\"rel=\"\">fiscale<\/a> documento di cui hai bisogno, puoi star certo che i nostri traduttori esperti lo gestiranno con la competenza e l&#039;accuratezza necessarie.<\/span><\/p>\n<p><span style=\"color: #808080;\">Lascia che ti aiutiamo con <a href=\"https:\/\/www.ecrivus-multimedia.nl\/go\/be\u00ebdigde-vertaling\/\" title=\"Traduzioni giurate Archivio | Negozio online internazionale Ecrivus\" class=\"pretty-link-keyword\"rel=\"\">traduzione certificata<\/a> dei tuoi documenti fiscali, cos\u00ec potrai soddisfare con sicurezza i requisiti delle autorit\u00e0 internazionali. Contattaci oggi e scopri come possiamo soddisfare le tue esigenze di traduzione fiscale con il nostro servizio di traduzione affidabile e certificato.<\/span><\/p>\n<p><span style=\"color: #808080;\">Per te <a href=\"https:\/\/www.ecrivus-multimedia.nl\/go\/belastingaangifte-vertalen-beedigd\/\" title=\"Vuoi tradurre una dichiarazione dei redditi giurata? Ordina tramite il nostro negozio online!\" class=\"pretty-link-keyword\"rel=\"\">dichiarazione dei redditi<\/a> per averlo tradotto subito, seleziona il numero di pagine qui sopra <a href=\"https:\/\/www.ecrivus-multimedia.nl\/go\/belastingaangifte-vertalen-beedigd\/\" title=\"Vuoi tradurre una dichiarazione dei redditi giurata? Ordina tramite il nostro negozio online!\" class=\"pretty-link-keyword\"rel=\"\">dichiarazione dei redditi<\/a> e la combinazione linguistica desiderata. Quindi fare clic su &quot;Aggiungi al carrello&quot;. Puoi quindi scattare una foto\/scansione del tuo <a href=\"https:\/\/www.ecrivus-multimedia.nl\/go\/belastingaangifte-vertalen-beedigd\/\" title=\"Vuoi tradurre una dichiarazione dei redditi giurata? Ordina tramite il nostro negozio online!\" class=\"pretty-link-keyword\"rel=\"\">dichiarazione dei redditi<\/a> carica e aggiungi al tuo ordine. Offriamo diverse opzioni di pagamento tramite connessioni sicure (tra cui iDeal, bonifico bancario e PayPal).<\/span><\/p>\n<p><span style=\"color: #808080;\"><strong>Tempi di consegna standard<\/strong>: 5-6 giorni lavorativi<\/span><\/p>\n<p>&nbsp;<\/p>\n<p>&nbsp;<\/p>","protected":false},"excerpt":{"rendered":"<p>Traduzione giurata professionale con timbro effettuata da un traduttore ufficialmente giurato.<br \/>\nSeleziona la combinazione linguistica di seguito:<\/p>","protected":false},"featured_media":132609,"comment_status":"open","ping_status":"closed","template":"","meta":{"_acf_changed":false,"_glsr_average":0,"_glsr_ranking":0,"_glsr_reviews":0,"_joinchat":[]},"product_brand":[],"product_cat":[107,15333,624],"product_tag":[15949,15950,15951,642,15946,15947,15948,15953,15954,15952],"class_list":{"0":"post-109441","1":"product","2":"type-product","3":"status-publish","4":"has-post-thumbnail","6":"product_cat-beedigde-vertalingen","7":"product_cat-financiele-vertalingen","8":"product_cat-juridische-vertalingen","9":"product_tag-aangifte","10":"product_tag-aanslag","11":"product_tag-aanslagen","12":"product_tag-beedigd","13":"product_tag-belasting","14":"product_tag-belastingaangifte","15":"product_tag-fiscaal","16":"product_tag-heffing","17":"product_tag-inkomstenbelasting","18":"product_tag-loonheffing","20":"first","21":"instock","22":"sold-individually","23":"taxable","24":"shipping-taxable","25":"purchasable","26":"product-type-variable"},"acf":[],"yoast_head":"<!-- This site is optimized with the Yoast SEO plugin v27.4 - https:\/\/yoast.com\/product\/yoast-seo-wordpress\/ -->\n<title>Belastingaangifte be\u00ebdigd vertalen? Bestel via onze webshop!<\/title>\n<meta name=\"description\" content=\"Belastingaangifte be\u00ebdigd vertalen? Bestel direct online! Offici\u00eble be\u00ebdigde vertaling met stempel van uw fiscale documenten. Alle talen. Veilig betalen.\" \/>\n<meta name=\"robots\" content=\"index, follow, max-snippet:-1, max-image-preview:large, max-video-preview:-1\" \/>\n<link rel=\"canonical\" href=\"https:\/\/www.ecrivus-multimedia.nl\/it\/prodotto\/traduzione-dichiarazione-dei-redditi-giurata\/\" \/>\n<meta property=\"og:locale\" content=\"it_IT\" \/>\n<meta property=\"og:type\" content=\"article\" \/>\n<meta property=\"og:title\" content=\"Belastingaangifte be\u00ebdigd vertalen? Bestel via onze webshop!\" \/>\n<meta property=\"og:description\" content=\"Belastingaangifte be\u00ebdigd vertalen? Bestel direct online! Offici\u00eble be\u00ebdigde vertaling met stempel van uw fiscale documenten. Alle talen. Veilig betalen.\" \/>\n<meta property=\"og:url\" content=\"https:\/\/www.ecrivus-multimedia.nl\/it\/prodotto\/traduzione-dichiarazione-dei-redditi-giurata\/\" \/>\n<meta property=\"og:site_name\" content=\"Ecrivus International Webshop\" \/>\n<meta property=\"article:publisher\" content=\"https:\/\/www.facebook.com\/Ecrivus-International-676624782512639\/\" \/>\n<meta property=\"article:modified_time\" content=\"2026-04-12T10:13:17+00:00\" \/>\n<meta property=\"og:image\" content=\"https:\/\/www.ecrivus-multimedia.nl\/wp-content\/uploads\/2017\/08\/beedigde-vertaling2.webp\" \/>\n\t<meta property=\"og:image:width\" content=\"1000\" \/>\n\t<meta property=\"og:image:height\" content=\"623\" \/>\n\t<meta property=\"og:image:type\" content=\"image\/webp\" \/>\n<meta name=\"twitter:card\" content=\"summary_large_image\" \/>\n<meta name=\"twitter:site\" content=\"@ecrivusint\" \/>\n<meta name=\"twitter:label1\" content=\"Tempo di lettura stimato\" \/>\n\t<meta name=\"twitter:data1\" content=\"3 minuti\" \/>\n<script type=\"application\/ld+json\" class=\"yoast-schema-graph\">{\"@context\":\"https:\\\/\\\/schema.org\",\"@graph\":[{\"@type\":\"WebPage\",\"@id\":\"https:\\\/\\\/www.ecrivus-multimedia.nl\\\/product\\\/belastingaangifte-vertalen-beedigd\\\/\",\"url\":\"https:\\\/\\\/www.ecrivus-multimedia.nl\\\/product\\\/belastingaangifte-vertalen-beedigd\\\/\",\"name\":\"Belastingaangifte be\u00ebdigd vertalen? Bestel via onze webshop!\",\"isPartOf\":{\"@id\":\"https:\\\/\\\/www.ecrivus-multimedia.nl\\\/#website\"},\"primaryImageOfPage\":{\"@id\":\"https:\\\/\\\/www.ecrivus-multimedia.nl\\\/product\\\/belastingaangifte-vertalen-beedigd\\\/#primaryimage\"},\"image\":{\"@id\":\"https:\\\/\\\/www.ecrivus-multimedia.nl\\\/product\\\/belastingaangifte-vertalen-beedigd\\\/#primaryimage\"},\"thumbnailUrl\":\"https:\\\/\\\/www.ecrivus-multimedia.nl\\\/wp-content\\\/uploads\\\/2026\\\/04\\\/lakstempel-drukken-document-vooraanzicht-2.jpg\",\"datePublished\":\"2023-05-16T09:14:03+00:00\",\"dateModified\":\"2026-04-12T10:13:17+00:00\",\"description\":\"Belastingaangifte be\u00ebdigd vertalen? Bestel direct online! Offici\u00eble be\u00ebdigde vertaling met stempel van uw fiscale documenten. Alle talen. Veilig betalen.\",\"breadcrumb\":{\"@id\":\"https:\\\/\\\/www.ecrivus-multimedia.nl\\\/product\\\/belastingaangifte-vertalen-beedigd\\\/#breadcrumb\"},\"inLanguage\":\"it-IT\",\"potentialAction\":[{\"@type\":\"ReadAction\",\"target\":[\"https:\\\/\\\/www.ecrivus-multimedia.nl\\\/product\\\/belastingaangifte-vertalen-beedigd\\\/\"]}]},{\"@type\":\"ImageObject\",\"inLanguage\":\"it-IT\",\"@id\":\"https:\\\/\\\/www.ecrivus-multimedia.nl\\\/product\\\/belastingaangifte-vertalen-beedigd\\\/#primaryimage\",\"url\":\"https:\\\/\\\/www.ecrivus-multimedia.nl\\\/wp-content\\\/uploads\\\/2026\\\/04\\\/lakstempel-drukken-document-vooraanzicht-2.jpg\",\"contentUrl\":\"https:\\\/\\\/www.ecrivus-multimedia.nl\\\/wp-content\\\/uploads\\\/2026\\\/04\\\/lakstempel-drukken-document-vooraanzicht-2.jpg\",\"width\":1000,\"height\":667},{\"@type\":\"BreadcrumbList\",\"@id\":\"https:\\\/\\\/www.ecrivus-multimedia.nl\\\/product\\\/belastingaangifte-vertalen-beedigd\\\/#breadcrumb\",\"itemListElement\":[{\"@type\":\"ListItem\",\"position\":1,\"name\":\"Home\",\"item\":\"https:\\\/\\\/www.ecrivus-multimedia.nl\\\/\"},{\"@type\":\"ListItem\",\"position\":2,\"name\":\"Shop\",\"item\":\"https:\\\/\\\/www.ecrivus-multimedia.nl\\\/shop\\\/\"},{\"@type\":\"ListItem\",\"position\":3,\"name\":\"Belastingaangifte vertalen (be\u00ebdigd)\"}]},{\"@type\":\"WebSite\",\"@id\":\"https:\\\/\\\/www.ecrivus-multimedia.nl\\\/#website\",\"url\":\"https:\\\/\\\/www.ecrivus-multimedia.nl\\\/\",\"name\":\"Ecrivus International Webshop\",\"description\":\"Erkende webshop voor be\u00ebdigde vertalingen.\",\"publisher\":{\"@id\":\"https:\\\/\\\/www.ecrivus-multimedia.nl\\\/#organization\"},\"potentialAction\":[{\"@type\":\"SearchAction\",\"target\":{\"@type\":\"EntryPoint\",\"urlTemplate\":\"https:\\\/\\\/www.ecrivus-multimedia.nl\\\/?s={search_term_string}\"},\"query-input\":{\"@type\":\"PropertyValueSpecification\",\"valueRequired\":true,\"valueName\":\"search_term_string\"}}],\"inLanguage\":\"it-IT\"},{\"@type\":\"Organization\",\"@id\":\"https:\\\/\\\/www.ecrivus-multimedia.nl\\\/#organization\",\"name\":\"Ecrivus International\",\"url\":\"https:\\\/\\\/www.ecrivus-multimedia.nl\\\/\",\"logo\":{\"@type\":\"ImageObject\",\"inLanguage\":\"it-IT\",\"@id\":\"https:\\\/\\\/www.ecrivus-multimedia.nl\\\/#\\\/schema\\\/logo\\\/image\\\/\",\"url\":\"https:\\\/\\\/www.ecrivus-multimedia.nl\\\/wp-content\\\/uploads\\\/2022\\\/01\\\/cropped-small-Logo-Ecrivus-Vector-Transparent2.png\",\"contentUrl\":\"https:\\\/\\\/www.ecrivus-multimedia.nl\\\/wp-content\\\/uploads\\\/2022\\\/01\\\/cropped-small-Logo-Ecrivus-Vector-Transparent2.png\",\"width\":512,\"height\":512,\"caption\":\"Ecrivus International\"},\"image\":{\"@id\":\"https:\\\/\\\/www.ecrivus-multimedia.nl\\\/#\\\/schema\\\/logo\\\/image\\\/\"},\"sameAs\":[\"https:\\\/\\\/www.facebook.com\\\/Ecrivus-International-676624782512639\\\/\",\"https:\\\/\\\/x.com\\\/ecrivusint\"]}]}<\/script>\n<!-- \/ Yoast SEO plugin. -->","yoast_head_json":{"title":"Belastingaangifte be\u00ebdigd vertalen? Bestel via onze webshop!","description":"Belastingaangifte be\u00ebdigd vertalen? Bestel direct online! Offici\u00eble be\u00ebdigde vertaling met stempel van uw fiscale documenten. Alle talen. Veilig betalen.","robots":{"index":"index","follow":"follow","max-snippet":"max-snippet:-1","max-image-preview":"max-image-preview:large","max-video-preview":"max-video-preview:-1"},"canonical":"https:\/\/www.ecrivus-multimedia.nl\/it\/prodotto\/traduzione-dichiarazione-dei-redditi-giurata\/","og_locale":"it_IT","og_type":"article","og_title":"Belastingaangifte be\u00ebdigd vertalen? Bestel via onze webshop!","og_description":"Belastingaangifte be\u00ebdigd vertalen? Bestel direct online! Offici\u00eble be\u00ebdigde vertaling met stempel van uw fiscale documenten. Alle talen. Veilig betalen.","og_url":"https:\/\/www.ecrivus-multimedia.nl\/it\/prodotto\/traduzione-dichiarazione-dei-redditi-giurata\/","og_site_name":"Ecrivus International Webshop","article_publisher":"https:\/\/www.facebook.com\/Ecrivus-International-676624782512639\/","article_modified_time":"2026-04-12T10:13:17+00:00","og_image":[{"width":1000,"height":623,"url":"https:\/\/www.ecrivus-multimedia.nl\/wp-content\/uploads\/2017\/08\/beedigde-vertaling2.webp","type":"image\/webp"}],"twitter_card":"summary_large_image","twitter_site":"@ecrivusint","twitter_misc":{"Tempo di lettura stimato":"3 minuti"},"schema":{"@context":"https:\/\/schema.org","@graph":[{"@type":"WebPage","@id":"https:\/\/www.ecrivus-multimedia.nl\/product\/belastingaangifte-vertalen-beedigd\/","url":"https:\/\/www.ecrivus-multimedia.nl\/product\/belastingaangifte-vertalen-beedigd\/","name":"Belastingaangifte be\u00ebdigd vertalen? Bestel via onze webshop!","isPartOf":{"@id":"https:\/\/www.ecrivus-multimedia.nl\/#website"},"primaryImageOfPage":{"@id":"https:\/\/www.ecrivus-multimedia.nl\/product\/belastingaangifte-vertalen-beedigd\/#primaryimage"},"image":{"@id":"https:\/\/www.ecrivus-multimedia.nl\/product\/belastingaangifte-vertalen-beedigd\/#primaryimage"},"thumbnailUrl":"https:\/\/www.ecrivus-multimedia.nl\/wp-content\/uploads\/2026\/04\/lakstempel-drukken-document-vooraanzicht-2.jpg","datePublished":"2023-05-16T09:14:03+00:00","dateModified":"2026-04-12T10:13:17+00:00","description":"Belastingaangifte be\u00ebdigd vertalen? Bestel direct online! Offici\u00eble be\u00ebdigde vertaling met stempel van uw fiscale documenten. Alle talen. Veilig betalen.","breadcrumb":{"@id":"https:\/\/www.ecrivus-multimedia.nl\/product\/belastingaangifte-vertalen-beedigd\/#breadcrumb"},"inLanguage":"it-IT","potentialAction":[{"@type":"ReadAction","target":["https:\/\/www.ecrivus-multimedia.nl\/product\/belastingaangifte-vertalen-beedigd\/"]}]},{"@type":"ImageObject","inLanguage":"it-IT","@id":"https:\/\/www.ecrivus-multimedia.nl\/product\/belastingaangifte-vertalen-beedigd\/#primaryimage","url":"https:\/\/www.ecrivus-multimedia.nl\/wp-content\/uploads\/2026\/04\/lakstempel-drukken-document-vooraanzicht-2.jpg","contentUrl":"https:\/\/www.ecrivus-multimedia.nl\/wp-content\/uploads\/2026\/04\/lakstempel-drukken-document-vooraanzicht-2.jpg","width":1000,"height":667},{"@type":"BreadcrumbList","@id":"https:\/\/www.ecrivus-multimedia.nl\/product\/belastingaangifte-vertalen-beedigd\/#breadcrumb","itemListElement":[{"@type":"ListItem","position":1,"name":"Home","item":"https:\/\/www.ecrivus-multimedia.nl\/"},{"@type":"ListItem","position":2,"name":"Shop","item":"https:\/\/www.ecrivus-multimedia.nl\/shop\/"},{"@type":"ListItem","position":3,"name":"Belastingaangifte vertalen (be\u00ebdigd)"}]},{"@type":"WebSite","@id":"https:\/\/www.ecrivus-multimedia.nl\/#website","url":"https:\/\/www.ecrivus-multimedia.nl\/","name":"Ecrivus International Webshop","description":"Erkende webshop voor be\u00ebdigde vertalingen.","publisher":{"@id":"https:\/\/www.ecrivus-multimedia.nl\/#organization"},"potentialAction":[{"@type":"SearchAction","target":{"@type":"EntryPoint","urlTemplate":"https:\/\/www.ecrivus-multimedia.nl\/?s={search_term_string}"},"query-input":{"@type":"PropertyValueSpecification","valueRequired":true,"valueName":"search_term_string"}}],"inLanguage":"it-IT"},{"@type":"Organization","@id":"https:\/\/www.ecrivus-multimedia.nl\/#organization","name":"Ecrivus International","url":"https:\/\/www.ecrivus-multimedia.nl\/","logo":{"@type":"ImageObject","inLanguage":"it-IT","@id":"https:\/\/www.ecrivus-multimedia.nl\/#\/schema\/logo\/image\/","url":"https:\/\/www.ecrivus-multimedia.nl\/wp-content\/uploads\/2022\/01\/cropped-small-Logo-Ecrivus-Vector-Transparent2.png","contentUrl":"https:\/\/www.ecrivus-multimedia.nl\/wp-content\/uploads\/2022\/01\/cropped-small-Logo-Ecrivus-Vector-Transparent2.png","width":512,"height":512,"caption":"Ecrivus International"},"image":{"@id":"https:\/\/www.ecrivus-multimedia.nl\/#\/schema\/logo\/image\/"},"sameAs":["https:\/\/www.facebook.com\/Ecrivus-International-676624782512639\/","https:\/\/x.com\/ecrivusint"]}]}},"_links":{"self":[{"href":"https:\/\/www.ecrivus-multimedia.nl\/it\/wp-json\/wp\/v2\/product\/109441","targetHints":{"allow":["GET"]}}],"collection":[{"href":"https:\/\/www.ecrivus-multimedia.nl\/it\/wp-json\/wp\/v2\/product"}],"about":[{"href":"https:\/\/www.ecrivus-multimedia.nl\/it\/wp-json\/wp\/v2\/types\/product"}],"replies":[{"embeddable":true,"href":"https:\/\/www.ecrivus-multimedia.nl\/it\/wp-json\/wp\/v2\/comments?post=109441"}],"wp:featuredmedia":[{"embeddable":true,"href":"https:\/\/www.ecrivus-multimedia.nl\/it\/wp-json\/wp\/v2\/media\/132609"}],"wp:attachment":[{"href":"https:\/\/www.ecrivus-multimedia.nl\/it\/wp-json\/wp\/v2\/media?parent=109441"}],"wp:term":[{"taxonomy":"product_brand","embeddable":true,"href":"https:\/\/www.ecrivus-multimedia.nl\/it\/wp-json\/wp\/v2\/product_brand?post=109441"},{"taxonomy":"product_cat","embeddable":true,"href":"https:\/\/www.ecrivus-multimedia.nl\/it\/wp-json\/wp\/v2\/product_cat?post=109441"},{"taxonomy":"product_tag","embeddable":true,"href":"https:\/\/www.ecrivus-multimedia.nl\/it\/wp-json\/wp\/v2\/product_tag?post=109441"}],"curies":[{"name":"wp","href":"https:\/\/api.w.org\/{rel}","templated":true}]}}