{"id":40087,"date":"2018-01-04T11:59:18","date_gmt":"2018-01-04T10:59:18","guid":{"rendered":"http:\/\/www.ecrivus-multimedia.nl\/?post_type=product&#038;p=40087\/"},"modified":"2026-04-13T09:03:57","modified_gmt":"2026-04-13T07:03:57","slug":"verklaring-omtrent-gedrag-vog-beedigd-vertalen","status":"publish","type":"product","link":"https:\/\/www.ecrivus-multimedia.nl\/it\/prodotto\/tradurre-una-dichiarazione-giurata-di-condotta\/","title":{"rendered":"Tradurre Dichiarazione di buona condotta (giurata)"},"content":{"rendered":"<h4>Dichiarazione di Buona Condotta (VOG) (traduzione giurata con timbro)<\/h4>\n<p>IL <a href=\"https:\/\/www.ecrivus-multimedia.nl\/go\/be\u00ebdigde-vertaling\/\" title=\"Traduzioni giurate Archivio | Negozio online internazionale Ecrivus\" class=\"pretty-link-keyword\"rel=\"\">traduzione certificata<\/a> del tuo <a href=\"https:\/\/www.ecrivus-multimedia.nl\/go\/verklaring-omtrent-gedrag-vog-beedigd-vertalen\/\" title=\"Desideri tradurre una Dichiarazione giurata di Buona Condotta (VOG)? Ora disponibile per l&#039;ordine online!\" class=\"pretty-link-keyword\"rel=\"\">Dichiarazione di buona condotta<\/a> (<a href=\"https:\/\/www.ecrivus-multimedia.nl\/go\/verklaring-omtrent-gedrag-vog-beedigd-vertalen\/\" title=\"Desideri tradurre una Dichiarazione giurata di Buona Condotta (VOG)? Ora disponibile per l&#039;ordine online!\" class=\"pretty-link-keyword\"rel=\"\">VOG<\/a>) ora possono essere facilmente ordinati online.<\/p>\n<p>Autorit\u00e0 straniere, <a href=\"https:\/\/www.ecrivus-multimedia.nl\/go\/verslag-betalingen-aan-overheden-beedigde-vertaling-met-stempel\/\" title=\"Vuoi tradurre un rapporto giurato sui pagamenti ai governi? Ordina nel nostro negozio online!\" class=\"pretty-link-keyword\"rel=\"\">governi<\/a>, gli istituti di istruzione e i datori di lavoro possono chiedere a <a href=\"https:\/\/www.ecrivus-multimedia.nl\/go\/be\u00ebdigde-vertaling\/\" title=\"Traduzioni giurate Archivio | Negozio online internazionale Ecrivus\" class=\"pretty-link-keyword\"rel=\"\">traduzione certificata<\/a> del tuo <a href=\"https:\/\/www.ecrivus-multimedia.nl\/go\/verklaring-omtrent-gedrag-vog-beedigd-vertalen\/\" title=\"Desideri tradurre una Dichiarazione giurata di Buona Condotta (VOG)? Ora disponibile per l&#039;ordine online!\" class=\"pretty-link-keyword\"rel=\"\">Dichiarazione di buona condotta<\/a> (Inglese: <em>Certificato di condotta<\/em>). Ecrivus International impiega solo traduttori certificati e giurati con una vasta esperienza nella traduzione <a href=\"https:\/\/www.ecrivus-multimedia.nl\/go\/verklaring-omtrent-gedrag-vog-beedigd-vertalen\/\" title=\"Desideri tradurre una Dichiarazione giurata di Buona Condotta (VOG)? Ora disponibile per l&#039;ordine online!\" class=\"pretty-link-keyword\"rel=\"\">Dichiarazione di buona condotta<\/a> (<a href=\"https:\/\/www.ecrivus-multimedia.nl\/go\/verklaring-omtrent-gedrag-vog-beedigd-vertalen\/\" title=\"Desideri tradurre una Dichiarazione giurata di Buona Condotta (VOG)? Ora disponibile per l&#039;ordine online!\" class=\"pretty-link-keyword\"rel=\"\">VOG<\/a>). Ci\u00f2 significa che puoi essere sicuro che il tuo <a href=\"https:\/\/www.ecrivus-multimedia.nl\/go\/verklaring-omtrent-gedrag-vog-beedigd-vertalen\/\" title=\"Desideri tradurre una Dichiarazione giurata di Buona Condotta (VOG)? Ora disponibile per l&#039;ordine online!\" class=\"pretty-link-keyword\"rel=\"\">VOG<\/a> viene tradotto accuratamente nella lingua desiderata.<\/p>\n<h4>Con noi la traduzione giurata della vostra Dichiarazione di Buona Condotta (VOG) \u00e8 in buone mani:<\/h4>\n<ul>\n<li>Traduzioni giurate, esperte e specializzate <a href=\"http:\/\/www.ecrivus.nl\/juridische-vertalingen\/\">traduttore giuridico<\/a><\/li>\n<li>Inclusivo <a href=\"http:\/\/www.ecrivus.nl\/proeflezen\/\">correzione di bozze<\/a><\/li>\n<li>Inclusivo <a href=\"http:\/\/www.ecrivus.nl\/qa-kwaliteitscontroles\/\">controlli di qualit\u00e0<\/a><\/li>\n<li>Prezzi competitivi<\/li>\n<li>Consegna veloce<\/li>\n<li>Scegli da <a href=\"http:\/\/www.ecrivus.nl\/talen\/\">centinaia di combinazioni linguistiche<\/a><\/li>\n<li>Consegna urgente possibile<\/li>\n<li>Supporta vari formati di file incluso PDF<\/li>\n<li>Spedizione sempre registrata <a href=\"https:\/\/www.ecrivus-multimedia.nl\/go\/be\u00ebdigde-vertaling\/\" title=\"Traduzioni giurate Archivio | Negozio online internazionale Ecrivus\" class=\"pretty-link-keyword\"rel=\"\">traduzione certificata<\/a> con Track &amp; Trace<\/li>\n<li>Possibilit\u00e0 di avere il proprio documento provvisto di a <a href=\"https:\/\/www.ecrivus-multimedia.nl\/go\/apostilles-legalisatie-landenoverzicht\/\" title=\"Apostille (legalizzazione) - panoramica del paese\" class=\"pretty-link-keyword\"rel=\"\">apostille<\/a> O <a href=\"https:\/\/www.ecrivus-multimedia.nl\/go\/apostilles-legalisatie-landenoverzicht\/\" title=\"Apostille (legalizzazione) - panoramica del paese\" class=\"pretty-link-keyword\"rel=\"\">legalizzazione<\/a> (legalizzare)<\/li>\n<\/ul>\n<p>Per te <a href=\"https:\/\/www.ecrivus-multimedia.nl\/go\/verklaring-omtrent-gedrag-vog-beedigd-vertalen\/\" title=\"Desideri tradurre una Dichiarazione giurata di Buona Condotta (VOG)? Ora disponibile per l&#039;ordine online!\" class=\"pretty-link-keyword\"rel=\"\">VOG<\/a> per averlo tradotto subito, seleziona il numero di pagine qui sopra <a href=\"https:\/\/www.ecrivus-multimedia.nl\/go\/verklaring-omtrent-gedrag-vog-beedigd-vertalen\/\" title=\"Desideri tradurre una Dichiarazione giurata di Buona Condotta (VOG)? Ora disponibile per l&#039;ordine online!\" class=\"pretty-link-keyword\"rel=\"\">Dichiarazione di buona condotta<\/a> e la combinazione linguistica desiderata. Quindi fare clic su &quot;Aggiungi al carrello&quot;. Puoi quindi scattare una foto\/scansione del tuo <a href=\"https:\/\/www.ecrivus-multimedia.nl\/go\/verklaring-omtrent-gedrag-vog-beedigd-vertalen\/\" title=\"Desideri tradurre una Dichiarazione giurata di Buona Condotta (VOG)? Ora disponibile per l&#039;ordine online!\" class=\"pretty-link-keyword\"rel=\"\">Dichiarazione di buona condotta<\/a> (<a href=\"https:\/\/www.ecrivus-multimedia.nl\/go\/verklaring-omtrent-gedrag-vog-beedigd-vertalen\/\" title=\"Desideri tradurre una Dichiarazione giurata di Buona Condotta (VOG)? Ora disponibile per l&#039;ordine online!\" class=\"pretty-link-keyword\"rel=\"\">VOG<\/a>) caricare e aggiungere al tuo ordine. Offriamo diverse opzioni di pagamento tramite connessioni sicure (tra cui iDeal, bonifico bancario e PayPal).<\/p>\n<p><strong>Tempi di consegna standard<\/strong>: 5-6 giorni lavorativi<\/p>","protected":false},"excerpt":{"rendered":"<p>Traduzione giurata professionale con timbro effettuata da un traduttore ufficialmente giurato.<br \/>\nSeleziona la combinazione linguistica di seguito:<\/p>","protected":false},"featured_media":132687,"comment_status":"open","ping_status":"closed","template":"","meta":{"_acf_changed":false,"_glsr_average":0,"_glsr_ranking":0,"_glsr_reviews":0,"_joinchat":[]},"product_brand":[],"product_cat":[107,624],"product_tag":[663,660,658,659,661,662],"class_list":{"0":"post-40087","1":"product","2":"type-product","3":"status-publish","4":"has-post-thumbnail","6":"product_cat-beedigde-vertalingen","7":"product_cat-juridische-vertalingen","8":"product_tag-overheid","9":"product_tag-reisdocument","10":"product_tag-verklaring-omtrent-gedrag","11":"product_tag-vog","12":"product_tag-werkgever","13":"product_tag-werknemer","15":"first","16":"instock","17":"sold-individually","18":"taxable","19":"shipping-taxable","20":"purchasable","21":"product-type-variable"},"acf":[],"yoast_head":"<!-- This site is optimized with the Yoast SEO plugin v27.4 - https:\/\/yoast.com\/product\/yoast-seo-wordpress\/ -->\n<title>Verklaring Omtrent Gedrag (VOG) be\u00ebdigd vertalen? Nu online bestelbaar!<\/title>\n<meta name=\"description\" content=\"Verklaring Omtrent Gedrag (VOG) be\u00ebdigd vertalen? Bestel direct online! Offici\u00eble be\u00ebdigde vertaling met stempel van uw VOG. Alle talen. Binnen 3 werkdagen in huis. Betaling via iDeal of PayPal.\" \/>\n<meta name=\"robots\" content=\"index, follow, max-snippet:-1, max-image-preview:large, max-video-preview:-1\" \/>\n<link rel=\"canonical\" href=\"https:\/\/www.ecrivus-multimedia.nl\/it\/prodotto\/tradurre-una-dichiarazione-giurata-di-condotta\/\" \/>\n<meta property=\"og:locale\" content=\"it_IT\" \/>\n<meta property=\"og:type\" content=\"article\" \/>\n<meta property=\"og:title\" content=\"Verklaring Omtrent Gedrag (VOG) be\u00ebdigd vertalen? Nu online bestelbaar!\" \/>\n<meta property=\"og:description\" content=\"Verklaring Omtrent Gedrag (VOG) be\u00ebdigd vertalen? Bestel direct online! Offici\u00eble be\u00ebdigde vertaling met stempel van uw VOG. Alle talen. Binnen 3 werkdagen in huis. Betaling via iDeal of PayPal.\" \/>\n<meta property=\"og:url\" content=\"https:\/\/www.ecrivus-multimedia.nl\/it\/prodotto\/tradurre-una-dichiarazione-giurata-di-condotta\/\" \/>\n<meta property=\"og:site_name\" content=\"Ecrivus International Webshop\" \/>\n<meta property=\"article:publisher\" content=\"https:\/\/www.facebook.com\/Ecrivus-International-676624782512639\/\" \/>\n<meta property=\"article:modified_time\" content=\"2026-04-13T07:03:57+00:00\" \/>\n<meta property=\"og:image\" content=\"https:\/\/www.ecrivus-multimedia.nl\/wp-content\/uploads\/2018\/01\/vog-verklaring-omtrent-gedrag-aanvragen.webp\" \/>\n\t<meta property=\"og:image:width\" content=\"1000\" \/>\n\t<meta property=\"og:image:height\" content=\"667\" \/>\n\t<meta property=\"og:image:type\" content=\"image\/webp\" \/>\n<meta name=\"twitter:card\" content=\"summary_large_image\" \/>\n<meta name=\"twitter:site\" content=\"@ecrivusint\" \/>\n<meta name=\"twitter:label1\" content=\"Tempo di lettura stimato\" \/>\n\t<meta name=\"twitter:data1\" content=\"2 minuti\" \/>\n<script type=\"application\/ld+json\" class=\"yoast-schema-graph\">{\"@context\":\"https:\\\/\\\/schema.org\",\"@graph\":[{\"@type\":\"WebPage\",\"@id\":\"https:\\\/\\\/www.ecrivus-multimedia.nl\\\/product\\\/verklaring-omtrent-gedrag-vog-beedigd-vertalen\\\/\",\"url\":\"https:\\\/\\\/www.ecrivus-multimedia.nl\\\/product\\\/verklaring-omtrent-gedrag-vog-beedigd-vertalen\\\/\",\"name\":\"Verklaring Omtrent Gedrag (VOG) be\u00ebdigd vertalen? Nu online bestelbaar!\",\"isPartOf\":{\"@id\":\"https:\\\/\\\/www.ecrivus-multimedia.nl\\\/#website\"},\"primaryImageOfPage\":{\"@id\":\"https:\\\/\\\/www.ecrivus-multimedia.nl\\\/product\\\/verklaring-omtrent-gedrag-vog-beedigd-vertalen\\\/#primaryimage\"},\"image\":{\"@id\":\"https:\\\/\\\/www.ecrivus-multimedia.nl\\\/product\\\/verklaring-omtrent-gedrag-vog-beedigd-vertalen\\\/#primaryimage\"},\"thumbnailUrl\":\"https:\\\/\\\/www.ecrivus-multimedia.nl\\\/wp-content\\\/uploads\\\/2018\\\/01\\\/vog-verklaring-omtrent-gedrag-aanvragen.webp\",\"datePublished\":\"2018-01-04T10:59:18+00:00\",\"dateModified\":\"2026-04-13T07:03:57+00:00\",\"description\":\"Verklaring Omtrent Gedrag (VOG) be\u00ebdigd vertalen? Bestel direct online! Offici\u00eble be\u00ebdigde vertaling met stempel van uw VOG. Alle talen. Binnen 3 werkdagen in huis. Betaling via iDeal of PayPal.\",\"breadcrumb\":{\"@id\":\"https:\\\/\\\/www.ecrivus-multimedia.nl\\\/product\\\/verklaring-omtrent-gedrag-vog-beedigd-vertalen\\\/#breadcrumb\"},\"inLanguage\":\"it-IT\",\"potentialAction\":[{\"@type\":\"ReadAction\",\"target\":[\"https:\\\/\\\/www.ecrivus-multimedia.nl\\\/product\\\/verklaring-omtrent-gedrag-vog-beedigd-vertalen\\\/\"]}]},{\"@type\":\"ImageObject\",\"inLanguage\":\"it-IT\",\"@id\":\"https:\\\/\\\/www.ecrivus-multimedia.nl\\\/product\\\/verklaring-omtrent-gedrag-vog-beedigd-vertalen\\\/#primaryimage\",\"url\":\"https:\\\/\\\/www.ecrivus-multimedia.nl\\\/wp-content\\\/uploads\\\/2018\\\/01\\\/vog-verklaring-omtrent-gedrag-aanvragen.webp\",\"contentUrl\":\"https:\\\/\\\/www.ecrivus-multimedia.nl\\\/wp-content\\\/uploads\\\/2018\\\/01\\\/vog-verklaring-omtrent-gedrag-aanvragen.webp\",\"width\":1000,\"height\":667},{\"@type\":\"BreadcrumbList\",\"@id\":\"https:\\\/\\\/www.ecrivus-multimedia.nl\\\/product\\\/verklaring-omtrent-gedrag-vog-beedigd-vertalen\\\/#breadcrumb\",\"itemListElement\":[{\"@type\":\"ListItem\",\"position\":1,\"name\":\"Home\",\"item\":\"https:\\\/\\\/www.ecrivus-multimedia.nl\\\/\"},{\"@type\":\"ListItem\",\"position\":2,\"name\":\"Shop\",\"item\":\"https:\\\/\\\/www.ecrivus-multimedia.nl\\\/shop\\\/\"},{\"@type\":\"ListItem\",\"position\":3,\"name\":\"Verklaring Omtrent Gedrag vertalen (be\u00ebdigd)\"}]},{\"@type\":\"WebSite\",\"@id\":\"https:\\\/\\\/www.ecrivus-multimedia.nl\\\/#website\",\"url\":\"https:\\\/\\\/www.ecrivus-multimedia.nl\\\/\",\"name\":\"Ecrivus International Webshop\",\"description\":\"Erkende webshop voor be\u00ebdigde vertalingen.\",\"publisher\":{\"@id\":\"https:\\\/\\\/www.ecrivus-multimedia.nl\\\/#organization\"},\"potentialAction\":[{\"@type\":\"SearchAction\",\"target\":{\"@type\":\"EntryPoint\",\"urlTemplate\":\"https:\\\/\\\/www.ecrivus-multimedia.nl\\\/?s={search_term_string}\"},\"query-input\":{\"@type\":\"PropertyValueSpecification\",\"valueRequired\":true,\"valueName\":\"search_term_string\"}}],\"inLanguage\":\"it-IT\"},{\"@type\":\"Organization\",\"@id\":\"https:\\\/\\\/www.ecrivus-multimedia.nl\\\/#organization\",\"name\":\"Ecrivus International\",\"url\":\"https:\\\/\\\/www.ecrivus-multimedia.nl\\\/\",\"logo\":{\"@type\":\"ImageObject\",\"inLanguage\":\"it-IT\",\"@id\":\"https:\\\/\\\/www.ecrivus-multimedia.nl\\\/#\\\/schema\\\/logo\\\/image\\\/\",\"url\":\"https:\\\/\\\/www.ecrivus-multimedia.nl\\\/wp-content\\\/uploads\\\/2022\\\/01\\\/cropped-small-Logo-Ecrivus-Vector-Transparent2.png\",\"contentUrl\":\"https:\\\/\\\/www.ecrivus-multimedia.nl\\\/wp-content\\\/uploads\\\/2022\\\/01\\\/cropped-small-Logo-Ecrivus-Vector-Transparent2.png\",\"width\":512,\"height\":512,\"caption\":\"Ecrivus International\"},\"image\":{\"@id\":\"https:\\\/\\\/www.ecrivus-multimedia.nl\\\/#\\\/schema\\\/logo\\\/image\\\/\"},\"sameAs\":[\"https:\\\/\\\/www.facebook.com\\\/Ecrivus-International-676624782512639\\\/\",\"https:\\\/\\\/x.com\\\/ecrivusint\"]}]}<\/script>\n<!-- \/ Yoast SEO plugin. -->","yoast_head_json":{"title":"Verklaring Omtrent Gedrag (VOG) be\u00ebdigd vertalen? Nu online bestelbaar!","description":"Verklaring Omtrent Gedrag (VOG) be\u00ebdigd vertalen? Bestel direct online! Offici\u00eble be\u00ebdigde vertaling met stempel van uw VOG. Alle talen. Binnen 3 werkdagen in huis. Betaling via iDeal of PayPal.","robots":{"index":"index","follow":"follow","max-snippet":"max-snippet:-1","max-image-preview":"max-image-preview:large","max-video-preview":"max-video-preview:-1"},"canonical":"https:\/\/www.ecrivus-multimedia.nl\/it\/prodotto\/tradurre-una-dichiarazione-giurata-di-condotta\/","og_locale":"it_IT","og_type":"article","og_title":"Verklaring Omtrent Gedrag (VOG) be\u00ebdigd vertalen? Nu online bestelbaar!","og_description":"Verklaring Omtrent Gedrag (VOG) be\u00ebdigd vertalen? Bestel direct online! Offici\u00eble be\u00ebdigde vertaling met stempel van uw VOG. Alle talen. Binnen 3 werkdagen in huis. Betaling via iDeal of PayPal.","og_url":"https:\/\/www.ecrivus-multimedia.nl\/it\/prodotto\/tradurre-una-dichiarazione-giurata-di-condotta\/","og_site_name":"Ecrivus International Webshop","article_publisher":"https:\/\/www.facebook.com\/Ecrivus-International-676624782512639\/","article_modified_time":"2026-04-13T07:03:57+00:00","og_image":[{"width":1000,"height":667,"url":"https:\/\/www.ecrivus-multimedia.nl\/wp-content\/uploads\/2018\/01\/vog-verklaring-omtrent-gedrag-aanvragen.webp","type":"image\/webp"}],"twitter_card":"summary_large_image","twitter_site":"@ecrivusint","twitter_misc":{"Tempo di lettura stimato":"2 minuti"},"schema":{"@context":"https:\/\/schema.org","@graph":[{"@type":"WebPage","@id":"https:\/\/www.ecrivus-multimedia.nl\/product\/verklaring-omtrent-gedrag-vog-beedigd-vertalen\/","url":"https:\/\/www.ecrivus-multimedia.nl\/product\/verklaring-omtrent-gedrag-vog-beedigd-vertalen\/","name":"Verklaring Omtrent Gedrag (VOG) be\u00ebdigd vertalen? Nu online bestelbaar!","isPartOf":{"@id":"https:\/\/www.ecrivus-multimedia.nl\/#website"},"primaryImageOfPage":{"@id":"https:\/\/www.ecrivus-multimedia.nl\/product\/verklaring-omtrent-gedrag-vog-beedigd-vertalen\/#primaryimage"},"image":{"@id":"https:\/\/www.ecrivus-multimedia.nl\/product\/verklaring-omtrent-gedrag-vog-beedigd-vertalen\/#primaryimage"},"thumbnailUrl":"https:\/\/www.ecrivus-multimedia.nl\/wp-content\/uploads\/2018\/01\/vog-verklaring-omtrent-gedrag-aanvragen.webp","datePublished":"2018-01-04T10:59:18+00:00","dateModified":"2026-04-13T07:03:57+00:00","description":"Verklaring Omtrent Gedrag (VOG) be\u00ebdigd vertalen? Bestel direct online! Offici\u00eble be\u00ebdigde vertaling met stempel van uw VOG. Alle talen. Binnen 3 werkdagen in huis. Betaling via iDeal of PayPal.","breadcrumb":{"@id":"https:\/\/www.ecrivus-multimedia.nl\/product\/verklaring-omtrent-gedrag-vog-beedigd-vertalen\/#breadcrumb"},"inLanguage":"it-IT","potentialAction":[{"@type":"ReadAction","target":["https:\/\/www.ecrivus-multimedia.nl\/product\/verklaring-omtrent-gedrag-vog-beedigd-vertalen\/"]}]},{"@type":"ImageObject","inLanguage":"it-IT","@id":"https:\/\/www.ecrivus-multimedia.nl\/product\/verklaring-omtrent-gedrag-vog-beedigd-vertalen\/#primaryimage","url":"https:\/\/www.ecrivus-multimedia.nl\/wp-content\/uploads\/2018\/01\/vog-verklaring-omtrent-gedrag-aanvragen.webp","contentUrl":"https:\/\/www.ecrivus-multimedia.nl\/wp-content\/uploads\/2018\/01\/vog-verklaring-omtrent-gedrag-aanvragen.webp","width":1000,"height":667},{"@type":"BreadcrumbList","@id":"https:\/\/www.ecrivus-multimedia.nl\/product\/verklaring-omtrent-gedrag-vog-beedigd-vertalen\/#breadcrumb","itemListElement":[{"@type":"ListItem","position":1,"name":"Home","item":"https:\/\/www.ecrivus-multimedia.nl\/"},{"@type":"ListItem","position":2,"name":"Shop","item":"https:\/\/www.ecrivus-multimedia.nl\/shop\/"},{"@type":"ListItem","position":3,"name":"Verklaring Omtrent Gedrag vertalen (be\u00ebdigd)"}]},{"@type":"WebSite","@id":"https:\/\/www.ecrivus-multimedia.nl\/#website","url":"https:\/\/www.ecrivus-multimedia.nl\/","name":"Ecrivus International Webshop","description":"Erkende webshop voor be\u00ebdigde vertalingen.","publisher":{"@id":"https:\/\/www.ecrivus-multimedia.nl\/#organization"},"potentialAction":[{"@type":"SearchAction","target":{"@type":"EntryPoint","urlTemplate":"https:\/\/www.ecrivus-multimedia.nl\/?s={search_term_string}"},"query-input":{"@type":"PropertyValueSpecification","valueRequired":true,"valueName":"search_term_string"}}],"inLanguage":"it-IT"},{"@type":"Organization","@id":"https:\/\/www.ecrivus-multimedia.nl\/#organization","name":"Ecrivus International","url":"https:\/\/www.ecrivus-multimedia.nl\/","logo":{"@type":"ImageObject","inLanguage":"it-IT","@id":"https:\/\/www.ecrivus-multimedia.nl\/#\/schema\/logo\/image\/","url":"https:\/\/www.ecrivus-multimedia.nl\/wp-content\/uploads\/2022\/01\/cropped-small-Logo-Ecrivus-Vector-Transparent2.png","contentUrl":"https:\/\/www.ecrivus-multimedia.nl\/wp-content\/uploads\/2022\/01\/cropped-small-Logo-Ecrivus-Vector-Transparent2.png","width":512,"height":512,"caption":"Ecrivus International"},"image":{"@id":"https:\/\/www.ecrivus-multimedia.nl\/#\/schema\/logo\/image\/"},"sameAs":["https:\/\/www.facebook.com\/Ecrivus-International-676624782512639\/","https:\/\/x.com\/ecrivusint"]}]}},"_links":{"self":[{"href":"https:\/\/www.ecrivus-multimedia.nl\/it\/wp-json\/wp\/v2\/product\/40087","targetHints":{"allow":["GET"]}}],"collection":[{"href":"https:\/\/www.ecrivus-multimedia.nl\/it\/wp-json\/wp\/v2\/product"}],"about":[{"href":"https:\/\/www.ecrivus-multimedia.nl\/it\/wp-json\/wp\/v2\/types\/product"}],"replies":[{"embeddable":true,"href":"https:\/\/www.ecrivus-multimedia.nl\/it\/wp-json\/wp\/v2\/comments?post=40087"}],"wp:featuredmedia":[{"embeddable":true,"href":"https:\/\/www.ecrivus-multimedia.nl\/it\/wp-json\/wp\/v2\/media\/132687"}],"wp:attachment":[{"href":"https:\/\/www.ecrivus-multimedia.nl\/it\/wp-json\/wp\/v2\/media?parent=40087"}],"wp:term":[{"taxonomy":"product_brand","embeddable":true,"href":"https:\/\/www.ecrivus-multimedia.nl\/it\/wp-json\/wp\/v2\/product_brand?post=40087"},{"taxonomy":"product_cat","embeddable":true,"href":"https:\/\/www.ecrivus-multimedia.nl\/it\/wp-json\/wp\/v2\/product_cat?post=40087"},{"taxonomy":"product_tag","embeddable":true,"href":"https:\/\/www.ecrivus-multimedia.nl\/it\/wp-json\/wp\/v2\/product_tag?post=40087"}],"curies":[{"name":"wp","href":"https:\/\/api.w.org\/{rel}","templated":true}]}}