{"id":44330,"date":"2019-07-25T16:17:59","date_gmt":"2019-07-25T14:17:59","guid":{"rendered":"https:\/\/www.ecrivus-multimedia.nl\/?post_type=product&#038;p=44330"},"modified":"2026-04-12T13:18:28","modified_gmt":"2026-04-12T11:18:28","slug":"nieuwsbrief-schrijven","status":"publish","type":"product","link":"https:\/\/www.ecrivus-multimedia.nl\/it\/prodotto\/scrivere-newsletter\/","title":{"rendered":"Scrivi newsletter"},"content":{"rendered":"<h2 class=\"western\">Scrivi una newsletter?<\/h2>\n<p>Ecrivus International impiega copywriter interni e copywriter specializzati in <a href=\"https:\/\/www.ecrivus.nl\/nieuwsbrief-schrijven\/\" target=\"_blank\" rel=\"noopener noreferrer\">scrivere newsletter professionali in olandese senza errori<\/a>. Ideale per portare nuovi prodotti e servizi all&#039;attenzione dei clienti esistenti e potenziali, generare nuovi contatti e aumentare la consapevolezza del marchio. Di successo <a href=\"https:\/\/www.ecrivus-multimedia.nl\/go\/nieuwsbrief-schrijven\/\" title=\"Scrivi newsletter\" class=\"pretty-link-keyword\"rel=\"\">notiziario<\/a> la scrittura pu\u00f2 spesso essere completata entro 1-2 giorni lavorativi.<\/p>\n<h4 class=\"western\"><strong>Scrivere una newsletter in perfetto olandese<\/strong><\/h4>\n<p>Poich\u00e9 lo scopo di a <a href=\"https:\/\/www.ecrivus-multimedia.nl\/go\/nieuwsbrief-schrijven\/\" title=\"Scrivi newsletter\" class=\"pretty-link-keyword\"rel=\"\">notiziario<\/a> \u00e8 che venga letto da quante pi\u00f9 persone possibile, \u00e8 importante che la qualit\u00e0 del testo sia ottima. Quando scriviamo newsletter, utilizziamo una combinazione di stile di scrittura informativo, commerciale e persuasivo con CTA (call-to-action). Grazie alla nostra esperienza pluriennale nella scrittura di newsletter per aziende olandesi e straniere, puoi essere certo che le nostre newsletter scritte sono immediatamente pronte per il tuo email marketing (come MailChimp\u00ae) e altre campagne pubblicitarie.<\/p>\n<p><strong>Scriviamo newsletter per:<\/strong><\/p>\n<ul>\n<li>Startup<\/li>\n<li>Lavoratori autonomi<\/li>\n<li>PMI<\/li>\n<li>Multinazionali<\/li>\n<\/ul>\n<p><strong>Le newsletter che scriviamo sono ideali per:<\/strong><\/p>\n<ul>\n<li>Aumentare la notoriet\u00e0 del marchio<\/li>\n<li>Lancio di nuovi prodotti e servizi<\/li>\n<li>Annuncio di importanti novit\u00e0 economiche<\/li>\n<li>Portare l\u2019informazione all\u2019attenzione dei media nazionali e internazionali<\/li>\n<li>Aumenta la visibilit\u00e0 online della tua azienda<\/li>\n<li>Generazione di lead<\/li>\n<li>Attivazione clienti passivi<\/li>\n<\/ul>\n<p><strong>Scrivendo il tuo <a href=\"https:\/\/www.ecrivus-multimedia.nl\/go\/nieuwsbrief-schrijven\/\" title=\"Scrivi newsletter\" class=\"pretty-link-keyword\"rel=\"\">notiziario<\/a> <\/strong><strong>\u00e8 in buone mani con noi:<\/strong><\/p>\n<ul>\n<li>Copywriting da parte di un copywriter specializzato<\/li>\n<li>Inclusivo <a href=\"http:\/\/www.ecrivus.nl\/proeflezen\/\" target=\"_blank\" rel=\"noopener noreferrer\">correzione di bozze<\/a><\/li>\n<li>Inclusivo <a href=\"http:\/\/www.ecrivus.nl\/qa-kwaliteitscontroles\/\" target=\"_blank\" rel=\"noopener noreferrer\">controlli di qualit\u00e0<\/a><\/li>\n<li>Compreso il montaggio finale<\/li>\n<li>Prezzi competitivi<\/li>\n<li>Consegna veloce<\/li>\n<li>Consegna urgente possibile<\/li>\n<li>Consegna in Microsoft Word\u00ae e PDF<\/li>\n<li>Consegna sempre puntuale via e-mail<\/li>\n<\/ul>\n<p>Per te <a href=\"https:\/\/www.ecrivus-multimedia.nl\/go\/nieuwsbrief-schrijven\/\" title=\"Scrivi newsletter\" class=\"pretty-link-keyword\"rel=\"\">notiziario<\/a> Per averlo scritto subito, seleziona il numero di parole desiderato qui sopra. Quindi fare clic su &quot;Aggiungi al carrello&quot;. Potrai quindi caricare il briefing\/istruzioni che desideri fornire al copywriter e aggiungerlo al tuo ordine. Puoi caricare un file ZIP per pi\u00f9 documenti. Offriamo diverse opzioni di pagamento tramite connessioni sicure (tra cui iDeal, bonifico bancario e PayPal).<\/p>\n<p><strong>Tempi di consegna standard<\/strong>: 3-4 giorni lavorativi<\/p>","protected":false},"excerpt":{"rendered":"<p>Newsletter\/newsletter scritta professionalmente da copywriter specializzato, compresi controlli di qualit\u00e0 e editing finale. Seleziona la lingua desiderata qui sotto:<\/p>","protected":false},"featured_media":132617,"comment_status":"open","ping_status":"closed","template":"","meta":{"_acf_changed":false,"_glsr_average":0,"_glsr_ranking":0,"_glsr_reviews":0,"_joinchat":[]},"product_brand":[],"product_cat":[15342],"product_tag":[15349,15343,15354,15353,15348,15351,15350,15352,15344],"class_list":{"0":"post-44330","1":"product","2":"type-product","3":"status-publish","4":"has-post-thumbnail","6":"product_cat-copywriting-content","7":"product_tag-content-creatie","8":"product_tag-copywriting","9":"product_tag-e-commerce","10":"product_tag-marketing","11":"product_tag-media","12":"product_tag-newsletter","13":"product_tag-nieuwsbrief","14":"product_tag-reclame","15":"product_tag-tekstschrijven","17":"first","18":"instock","19":"sold-individually","20":"taxable","21":"shipping-taxable","22":"purchasable","23":"product-type-variable"},"acf":[],"yoast_head":"<!-- This site is optimized with the Yoast SEO plugin v27.4 - https:\/\/yoast.com\/product\/yoast-seo-wordpress\/ -->\n<title>Nieuwsbrief schrijven? Bestel nu in onze webshop! 15+ jaar ervaring!<\/title>\n<meta name=\"description\" content=\"Nieuwsbrief schrijven? Bestel direct online! \u2713 Ervaren copywriters \u2713 Perfect Nederlands \u2713 Voordelig geregeld \u2713 Snelle levertijden \u2713 Veilig betalen via iDEAL\" \/>\n<meta name=\"robots\" content=\"index, follow, max-snippet:-1, max-image-preview:large, max-video-preview:-1\" \/>\n<link rel=\"canonical\" href=\"https:\/\/www.ecrivus-multimedia.nl\/it\/prodotto\/scrivere-newsletter\/\" \/>\n<meta property=\"og:locale\" content=\"it_IT\" \/>\n<meta property=\"og:type\" content=\"article\" \/>\n<meta property=\"og:title\" content=\"Nieuwsbrief schrijven? Bestel nu in onze webshop! 15+ jaar ervaring!\" \/>\n<meta property=\"og:description\" content=\"Nieuwsbrief schrijven? Bestel direct online! \u2713 Ervaren copywriters \u2713 Perfect Nederlands \u2713 Voordelig geregeld \u2713 Snelle levertijden \u2713 Veilig betalen via iDEAL\" \/>\n<meta property=\"og:url\" content=\"https:\/\/www.ecrivus-multimedia.nl\/it\/prodotto\/scrivere-newsletter\/\" \/>\n<meta property=\"og:site_name\" content=\"Ecrivus International Webshop\" \/>\n<meta property=\"article:publisher\" content=\"https:\/\/www.facebook.com\/Ecrivus-International-676624782512639\/\" \/>\n<meta property=\"article:modified_time\" content=\"2026-04-12T11:18:28+00:00\" \/>\n<meta property=\"og:image\" content=\"https:\/\/www.ecrivus-multimedia.nl\/wp-content\/uploads\/2023\/10\/professionele-vrouw-consult-koffie.jpg\" \/>\n\t<meta property=\"og:image:width\" content=\"1000\" \/>\n\t<meta property=\"og:image:height\" content=\"667\" \/>\n\t<meta property=\"og:image:type\" content=\"image\/jpeg\" \/>\n<meta name=\"twitter:card\" content=\"summary_large_image\" \/>\n<meta name=\"twitter:site\" content=\"@ecrivusint\" \/>\n<meta name=\"twitter:label1\" content=\"Tempo di lettura stimato\" \/>\n\t<meta name=\"twitter:data1\" content=\"2 minuti\" \/>\n<script type=\"application\/ld+json\" class=\"yoast-schema-graph\">{\"@context\":\"https:\\\/\\\/schema.org\",\"@graph\":[{\"@type\":\"WebPage\",\"@id\":\"https:\\\/\\\/www.ecrivus-multimedia.nl\\\/product\\\/nieuwsbrief-schrijven\\\/\",\"url\":\"https:\\\/\\\/www.ecrivus-multimedia.nl\\\/product\\\/nieuwsbrief-schrijven\\\/\",\"name\":\"Nieuwsbrief schrijven? Bestel nu in onze webshop! 15+ jaar ervaring!\",\"isPartOf\":{\"@id\":\"https:\\\/\\\/www.ecrivus-multimedia.nl\\\/#website\"},\"primaryImageOfPage\":{\"@id\":\"https:\\\/\\\/www.ecrivus-multimedia.nl\\\/product\\\/nieuwsbrief-schrijven\\\/#primaryimage\"},\"image\":{\"@id\":\"https:\\\/\\\/www.ecrivus-multimedia.nl\\\/product\\\/nieuwsbrief-schrijven\\\/#primaryimage\"},\"thumbnailUrl\":\"https:\\\/\\\/www.ecrivus-multimedia.nl\\\/wp-content\\\/uploads\\\/2023\\\/10\\\/professionele-vrouw-consult-koffie.jpg\",\"datePublished\":\"2019-07-25T14:17:59+00:00\",\"dateModified\":\"2026-04-12T11:18:28+00:00\",\"description\":\"Nieuwsbrief schrijven? Bestel direct online! \u2713 Ervaren copywriters \u2713 Perfect Nederlands \u2713 Voordelig geregeld \u2713 Snelle levertijden \u2713 Veilig betalen via iDEAL\",\"breadcrumb\":{\"@id\":\"https:\\\/\\\/www.ecrivus-multimedia.nl\\\/product\\\/nieuwsbrief-schrijven\\\/#breadcrumb\"},\"inLanguage\":\"it-IT\",\"potentialAction\":[{\"@type\":\"ReadAction\",\"target\":[\"https:\\\/\\\/www.ecrivus-multimedia.nl\\\/product\\\/nieuwsbrief-schrijven\\\/\"]}]},{\"@type\":\"ImageObject\",\"inLanguage\":\"it-IT\",\"@id\":\"https:\\\/\\\/www.ecrivus-multimedia.nl\\\/product\\\/nieuwsbrief-schrijven\\\/#primaryimage\",\"url\":\"https:\\\/\\\/www.ecrivus-multimedia.nl\\\/wp-content\\\/uploads\\\/2023\\\/10\\\/professionele-vrouw-consult-koffie.jpg\",\"contentUrl\":\"https:\\\/\\\/www.ecrivus-multimedia.nl\\\/wp-content\\\/uploads\\\/2023\\\/10\\\/professionele-vrouw-consult-koffie.jpg\",\"width\":1000,\"height\":667},{\"@type\":\"BreadcrumbList\",\"@id\":\"https:\\\/\\\/www.ecrivus-multimedia.nl\\\/product\\\/nieuwsbrief-schrijven\\\/#breadcrumb\",\"itemListElement\":[{\"@type\":\"ListItem\",\"position\":1,\"name\":\"Home\",\"item\":\"https:\\\/\\\/www.ecrivus-multimedia.nl\\\/\"},{\"@type\":\"ListItem\",\"position\":2,\"name\":\"Shop\",\"item\":\"https:\\\/\\\/www.ecrivus-multimedia.nl\\\/shop\\\/\"},{\"@type\":\"ListItem\",\"position\":3,\"name\":\"Nieuwsbrief schrijven\"}]},{\"@type\":\"WebSite\",\"@id\":\"https:\\\/\\\/www.ecrivus-multimedia.nl\\\/#website\",\"url\":\"https:\\\/\\\/www.ecrivus-multimedia.nl\\\/\",\"name\":\"Ecrivus International Webshop\",\"description\":\"Erkende webshop voor be\u00ebdigde vertalingen.\",\"publisher\":{\"@id\":\"https:\\\/\\\/www.ecrivus-multimedia.nl\\\/#organization\"},\"potentialAction\":[{\"@type\":\"SearchAction\",\"target\":{\"@type\":\"EntryPoint\",\"urlTemplate\":\"https:\\\/\\\/www.ecrivus-multimedia.nl\\\/?s={search_term_string}\"},\"query-input\":{\"@type\":\"PropertyValueSpecification\",\"valueRequired\":true,\"valueName\":\"search_term_string\"}}],\"inLanguage\":\"it-IT\"},{\"@type\":\"Organization\",\"@id\":\"https:\\\/\\\/www.ecrivus-multimedia.nl\\\/#organization\",\"name\":\"Ecrivus International\",\"url\":\"https:\\\/\\\/www.ecrivus-multimedia.nl\\\/\",\"logo\":{\"@type\":\"ImageObject\",\"inLanguage\":\"it-IT\",\"@id\":\"https:\\\/\\\/www.ecrivus-multimedia.nl\\\/#\\\/schema\\\/logo\\\/image\\\/\",\"url\":\"https:\\\/\\\/www.ecrivus-multimedia.nl\\\/wp-content\\\/uploads\\\/2022\\\/01\\\/cropped-small-Logo-Ecrivus-Vector-Transparent2.png\",\"contentUrl\":\"https:\\\/\\\/www.ecrivus-multimedia.nl\\\/wp-content\\\/uploads\\\/2022\\\/01\\\/cropped-small-Logo-Ecrivus-Vector-Transparent2.png\",\"width\":512,\"height\":512,\"caption\":\"Ecrivus International\"},\"image\":{\"@id\":\"https:\\\/\\\/www.ecrivus-multimedia.nl\\\/#\\\/schema\\\/logo\\\/image\\\/\"},\"sameAs\":[\"https:\\\/\\\/www.facebook.com\\\/Ecrivus-International-676624782512639\\\/\",\"https:\\\/\\\/x.com\\\/ecrivusint\"]}]}<\/script>\n<!-- \/ Yoast SEO plugin. -->","yoast_head_json":{"title":"Nieuwsbrief schrijven? Bestel nu in onze webshop! 15+ jaar ervaring!","description":"Nieuwsbrief schrijven? Bestel direct online! \u2713 Ervaren copywriters \u2713 Perfect Nederlands \u2713 Voordelig geregeld \u2713 Snelle levertijden \u2713 Veilig betalen via iDEAL","robots":{"index":"index","follow":"follow","max-snippet":"max-snippet:-1","max-image-preview":"max-image-preview:large","max-video-preview":"max-video-preview:-1"},"canonical":"https:\/\/www.ecrivus-multimedia.nl\/it\/prodotto\/scrivere-newsletter\/","og_locale":"it_IT","og_type":"article","og_title":"Nieuwsbrief schrijven? Bestel nu in onze webshop! 15+ jaar ervaring!","og_description":"Nieuwsbrief schrijven? Bestel direct online! \u2713 Ervaren copywriters \u2713 Perfect Nederlands \u2713 Voordelig geregeld \u2713 Snelle levertijden \u2713 Veilig betalen via iDEAL","og_url":"https:\/\/www.ecrivus-multimedia.nl\/it\/prodotto\/scrivere-newsletter\/","og_site_name":"Ecrivus International Webshop","article_publisher":"https:\/\/www.facebook.com\/Ecrivus-International-676624782512639\/","article_modified_time":"2026-04-12T11:18:28+00:00","og_image":[{"width":1000,"height":667,"url":"https:\/\/www.ecrivus-multimedia.nl\/wp-content\/uploads\/2023\/10\/professionele-vrouw-consult-koffie.jpg","type":"image\/jpeg"}],"twitter_card":"summary_large_image","twitter_site":"@ecrivusint","twitter_misc":{"Tempo di lettura stimato":"2 minuti"},"schema":{"@context":"https:\/\/schema.org","@graph":[{"@type":"WebPage","@id":"https:\/\/www.ecrivus-multimedia.nl\/product\/nieuwsbrief-schrijven\/","url":"https:\/\/www.ecrivus-multimedia.nl\/product\/nieuwsbrief-schrijven\/","name":"Nieuwsbrief schrijven? Bestel nu in onze webshop! 15+ jaar ervaring!","isPartOf":{"@id":"https:\/\/www.ecrivus-multimedia.nl\/#website"},"primaryImageOfPage":{"@id":"https:\/\/www.ecrivus-multimedia.nl\/product\/nieuwsbrief-schrijven\/#primaryimage"},"image":{"@id":"https:\/\/www.ecrivus-multimedia.nl\/product\/nieuwsbrief-schrijven\/#primaryimage"},"thumbnailUrl":"https:\/\/www.ecrivus-multimedia.nl\/wp-content\/uploads\/2023\/10\/professionele-vrouw-consult-koffie.jpg","datePublished":"2019-07-25T14:17:59+00:00","dateModified":"2026-04-12T11:18:28+00:00","description":"Nieuwsbrief schrijven? Bestel direct online! \u2713 Ervaren copywriters \u2713 Perfect Nederlands \u2713 Voordelig geregeld \u2713 Snelle levertijden \u2713 Veilig betalen via iDEAL","breadcrumb":{"@id":"https:\/\/www.ecrivus-multimedia.nl\/product\/nieuwsbrief-schrijven\/#breadcrumb"},"inLanguage":"it-IT","potentialAction":[{"@type":"ReadAction","target":["https:\/\/www.ecrivus-multimedia.nl\/product\/nieuwsbrief-schrijven\/"]}]},{"@type":"ImageObject","inLanguage":"it-IT","@id":"https:\/\/www.ecrivus-multimedia.nl\/product\/nieuwsbrief-schrijven\/#primaryimage","url":"https:\/\/www.ecrivus-multimedia.nl\/wp-content\/uploads\/2023\/10\/professionele-vrouw-consult-koffie.jpg","contentUrl":"https:\/\/www.ecrivus-multimedia.nl\/wp-content\/uploads\/2023\/10\/professionele-vrouw-consult-koffie.jpg","width":1000,"height":667},{"@type":"BreadcrumbList","@id":"https:\/\/www.ecrivus-multimedia.nl\/product\/nieuwsbrief-schrijven\/#breadcrumb","itemListElement":[{"@type":"ListItem","position":1,"name":"Home","item":"https:\/\/www.ecrivus-multimedia.nl\/"},{"@type":"ListItem","position":2,"name":"Shop","item":"https:\/\/www.ecrivus-multimedia.nl\/shop\/"},{"@type":"ListItem","position":3,"name":"Nieuwsbrief schrijven"}]},{"@type":"WebSite","@id":"https:\/\/www.ecrivus-multimedia.nl\/#website","url":"https:\/\/www.ecrivus-multimedia.nl\/","name":"Ecrivus International Webshop","description":"Erkende webshop voor be\u00ebdigde vertalingen.","publisher":{"@id":"https:\/\/www.ecrivus-multimedia.nl\/#organization"},"potentialAction":[{"@type":"SearchAction","target":{"@type":"EntryPoint","urlTemplate":"https:\/\/www.ecrivus-multimedia.nl\/?s={search_term_string}"},"query-input":{"@type":"PropertyValueSpecification","valueRequired":true,"valueName":"search_term_string"}}],"inLanguage":"it-IT"},{"@type":"Organization","@id":"https:\/\/www.ecrivus-multimedia.nl\/#organization","name":"Ecrivus International","url":"https:\/\/www.ecrivus-multimedia.nl\/","logo":{"@type":"ImageObject","inLanguage":"it-IT","@id":"https:\/\/www.ecrivus-multimedia.nl\/#\/schema\/logo\/image\/","url":"https:\/\/www.ecrivus-multimedia.nl\/wp-content\/uploads\/2022\/01\/cropped-small-Logo-Ecrivus-Vector-Transparent2.png","contentUrl":"https:\/\/www.ecrivus-multimedia.nl\/wp-content\/uploads\/2022\/01\/cropped-small-Logo-Ecrivus-Vector-Transparent2.png","width":512,"height":512,"caption":"Ecrivus International"},"image":{"@id":"https:\/\/www.ecrivus-multimedia.nl\/#\/schema\/logo\/image\/"},"sameAs":["https:\/\/www.facebook.com\/Ecrivus-International-676624782512639\/","https:\/\/x.com\/ecrivusint"]}]}},"_links":{"self":[{"href":"https:\/\/www.ecrivus-multimedia.nl\/it\/wp-json\/wp\/v2\/product\/44330","targetHints":{"allow":["GET"]}}],"collection":[{"href":"https:\/\/www.ecrivus-multimedia.nl\/it\/wp-json\/wp\/v2\/product"}],"about":[{"href":"https:\/\/www.ecrivus-multimedia.nl\/it\/wp-json\/wp\/v2\/types\/product"}],"replies":[{"embeddable":true,"href":"https:\/\/www.ecrivus-multimedia.nl\/it\/wp-json\/wp\/v2\/comments?post=44330"}],"wp:featuredmedia":[{"embeddable":true,"href":"https:\/\/www.ecrivus-multimedia.nl\/it\/wp-json\/wp\/v2\/media\/132617"}],"wp:attachment":[{"href":"https:\/\/www.ecrivus-multimedia.nl\/it\/wp-json\/wp\/v2\/media?parent=44330"}],"wp:term":[{"taxonomy":"product_brand","embeddable":true,"href":"https:\/\/www.ecrivus-multimedia.nl\/it\/wp-json\/wp\/v2\/product_brand?post=44330"},{"taxonomy":"product_cat","embeddable":true,"href":"https:\/\/www.ecrivus-multimedia.nl\/it\/wp-json\/wp\/v2\/product_cat?post=44330"},{"taxonomy":"product_tag","embeddable":true,"href":"https:\/\/www.ecrivus-multimedia.nl\/it\/wp-json\/wp\/v2\/product_tag?post=44330"}],"curies":[{"name":"wp","href":"https:\/\/api.w.org\/{rel}","templated":true}]}}