{"id":44343,"date":"2019-07-26T11:31:53","date_gmt":"2019-07-26T09:31:53","guid":{"rendered":"https:\/\/www.ecrivus-multimedia.nl\/?post_type=product&#038;p=44343"},"modified":"2026-04-13T09:22:43","modified_gmt":"2026-04-13T07:22:43","slug":"slogan-schrijven","status":"publish","type":"product","link":"https:\/\/www.ecrivus-multimedia.nl\/it\/prodotto\/scrivere-slogan\/","title":{"rendered":"Scrivi uno slogan"},"content":{"rendered":"<h2 class=\"western\"><strong>Scrivere uno slogan?<\/strong><\/h2>\n<p class=\"western\">Ecrivus International impiega copywriter interni e copywriter specializzati in <a href=\"https:\/\/www.ecrivus.nl\/slogan-schrijven\/\" target=\"_blank\" rel=\"noopener noreferrer\">scrivere slogan e motti professionali<\/a> in un olandese impeccabile. Ideale per aumentare la notoriet\u00e0 del tuo marchio e associare il nome del tuo marchio a un messaggio positivo. Di successo <a href=\"https:\/\/www.ecrivus-multimedia.nl\/go\/slogan-schrijven\/\" title=\"Scrivi uno slogan\" class=\"pretty-link-keyword\"rel=\"\">slogan<\/a> la scrittura pu\u00f2 spesso essere completata entro 1-2 giorni lavorativi. Il nostro team di copywriting ha una grande esperienza nella creazione di slogan aziendali che riflettano perfettamente i valori fondamentali della tua azienda.<\/p>\n<h4 class=\"western\"><strong>Scrivi uno slogan in perfetto olandese<\/strong><\/h4>\n<p class=\"western\">Poich\u00e9 lo scopo di a <a href=\"https:\/\/www.ecrivus-multimedia.nl\/go\/slogan-schrijven\/\" title=\"Scrivi uno slogan\" class=\"pretty-link-keyword\"rel=\"\">slogan<\/a> \u00e8 che venga ricordato da quante pi\u00f9 persone possibile, \u00e8 importante che la qualit\u00e0 del testo sia eccellente e che piaccia al gruppo target. <a href=\"https:\/\/www.ecrivus.nl\/qa-kwaliteitscontroles\/\" target=\"_blank\" rel=\"noopener noreferrer\">100% in ordine in termini di ortografia, grammatica, ordine delle parole, struttura della frase e terminologia<\/a> \u00e8 il punto di partenza. Ovviamente lo adoriamo anche noi <a href=\"https:\/\/www.ecrivus-multimedia.nl\/go\/factuur-beedigde-vertaling-met-stempel\/\" title=\"Vuoi tradurre una fattura giurata? Ordina nel nostro negozio online!\" class=\"pretty-link-keyword\"rel=\"\">account<\/a> con adeguatezza culturale (<i>idoneit\u00e0 interculturale<\/i>). Grazie alla nostra esperienza pluriennale nella scrittura di slogan e motti per aziende olandesi e straniere, puoi essere certo che i nostri slogan scritti sono immediatamente pronti per la pubblicazione e l&#039;uso (inter)nazionale.<\/p>\n<p class=\"western\"><b>Prescriviamo slogan:<\/b><\/p>\n<ul>\n<li>\n<p class=\"western\">Startup<\/p>\n<\/li>\n<li>\n<p class=\"western\">Lavoratori autonomi<\/p>\n<\/li>\n<li>\n<p class=\"western\">PMI<\/p>\n<\/li>\n<li>\n<p class=\"western\">Multinazionali<\/p>\n<\/li>\n<\/ul>\n<p class=\"western\"><b>Gli slogan che scriviamo sono ideali per:<\/b><\/p>\n<ul>\n<li>\n<p class=\"western\">Aumentare la notoriet\u00e0 del marchio<\/p>\n<\/li>\n<li>\n<p class=\"western\">Associazione positiva con il nome del tuo marchio o della tua azienda<\/p>\n<\/li>\n<li>\n<p class=\"western\">Lancio di nuovi prodotti e servizi<\/p>\n<\/li>\n<li>\n<p class=\"western\">Accrescere la reputazione aziendale: riconoscibilit\u00e0, i tuoi valori fondamentali riassunti in uno <i>orecchiabile<\/i> <a href=\"https:\/\/www.ecrivus-multimedia.nl\/go\/slogan-schrijven\/\" title=\"Scrivi uno slogan\" class=\"pretty-link-keyword\"rel=\"\">slogan<\/a><\/p>\n<\/li>\n<li>\n<p class=\"western\">Generazione di lead<\/p>\n<\/li>\n<\/ul>\n<p><strong>Scrivendo il tuo <a href=\"https:\/\/www.ecrivus-multimedia.nl\/go\/slogan-schrijven\/\" title=\"Scrivi uno slogan\" class=\"pretty-link-keyword\"rel=\"\">slogan<\/a> o motto<\/strong><strong> \u00e8 in buone mani con noi:<\/strong><\/p>\n<ul>\n<li>Copywriting da parte di un copywriter specializzato<\/li>\n<li>Inclusivo <a href=\"http:\/\/www.ecrivus.nl\/proeflezen\/\" target=\"_blank\" rel=\"noopener noreferrer\">correzione di bozze<\/a><\/li>\n<li>Inclusivo <a href=\"http:\/\/www.ecrivus.nl\/qa-kwaliteitscontroles\/\" target=\"_blank\" rel=\"noopener noreferrer\">controlli di qualit\u00e0<\/a><\/li>\n<li>Compreso il montaggio finale<\/li>\n<li>Non meno di 10 o 20 suggerimenti per il tuo nuovo <a href=\"https:\/\/www.ecrivus-multimedia.nl\/go\/slogan-schrijven\/\" title=\"Scrivi uno slogan\" class=\"pretty-link-keyword\"rel=\"\">slogan<\/a> o motto<\/li>\n<li>Prezzi competitivi<\/li>\n<li>Consegna veloce<\/li>\n<li>Consegna urgente possibile<\/li>\n<li>Consegna in Microsoft Word\u00ae e PDF<\/li>\n<li>Consegna sempre puntuale via e-mail<\/li>\n<\/ul>\n<p>Per te <a href=\"https:\/\/www.ecrivus-multimedia.nl\/go\/slogan-schrijven\/\" title=\"Scrivi uno slogan\" class=\"pretty-link-keyword\"rel=\"\">slogan<\/a> o motto scritto direttamente, seleziona la lingua desiderata sopra. Quindi fare clic su &quot;Aggiungi al carrello&quot;. Potrai quindi caricare il briefing\/istruzioni che desideri fornire al copywriter e aggiungerlo al tuo ordine. Considera i valori fondamentali che rappresenta la tua azienda e che vorresti riflettere nel <a href=\"https:\/\/www.ecrivus-multimedia.nl\/go\/slogan-schrijven\/\" title=\"Scrivi uno slogan\" class=\"pretty-link-keyword\"rel=\"\">slogan<\/a>. Puoi caricare un file ZIP per pi\u00f9 documenti. Offriamo diverse opzioni di pagamento tramite connessioni sicure (tra cui iDeal, bonifico bancario e PayPal).<\/p>\n<p><strong>Tempi di consegna standard<\/strong>: 3 giorni lavorativi<\/p>","protected":false},"excerpt":{"rendered":"<p>Slogan\/motto scritto professionalmente (10 o 20 suggerimenti) da copywriter specializzato, compresi controlli di qualit\u00e0 e editing finale. Seleziona la lingua desiderata qui sotto:<\/p>","protected":false},"featured_media":132690,"comment_status":"open","ping_status":"closed","template":"","meta":{"_acf_changed":false,"_glsr_average":0,"_glsr_ranking":0,"_glsr_reviews":0,"_joinchat":[]},"product_brand":[],"product_cat":[15342],"product_tag":[15349,15343,15348,15359,15347,15360,15358,15344],"class_list":{"0":"post-44343","1":"product","2":"type-product","3":"status-publish","4":"has-post-thumbnail","6":"product_cat-copywriting-content","7":"product_tag-content-creatie","8":"product_tag-copywriting","9":"product_tag-media","10":"product_tag-motto","11":"product_tag-pr","12":"product_tag-slagzin","13":"product_tag-slogan","14":"product_tag-tekstschrijven","16":"first","17":"instock","18":"sold-individually","19":"taxable","20":"shipping-taxable","21":"purchasable","22":"product-type-variable"},"acf":[],"yoast_head":"<!-- This site is optimized with the Yoast SEO plugin v27.4 - https:\/\/yoast.com\/product\/yoast-seo-wordpress\/ -->\n<title>Slogan schrijven? Motto? Bestel nu in onze webshop! 15+ jaar ervaring!<\/title>\n<meta name=\"description\" content=\"Slogan schrijven? Nieuw motto? Bestel direct online! \u2713 Ervaren copywriters \u2713 Perfect Nederlands \u2713 Voordelig \u2713 Snelle levertijden \u2713 Veilig betalen via iDEAL\" \/>\n<meta name=\"robots\" content=\"index, follow, max-snippet:-1, max-image-preview:large, max-video-preview:-1\" \/>\n<link rel=\"canonical\" href=\"https:\/\/www.ecrivus-multimedia.nl\/it\/prodotto\/scrivere-slogan\/\" \/>\n<meta property=\"og:locale\" content=\"it_IT\" \/>\n<meta property=\"og:type\" content=\"article\" \/>\n<meta property=\"og:title\" content=\"Slogan schrijven? Motto? Bestel nu in onze webshop! 15+ jaar ervaring!\" \/>\n<meta property=\"og:description\" content=\"Slogan schrijven? Nieuw motto? Bestel direct online! \u2713 Ervaren copywriters \u2713 Perfect Nederlands \u2713 Voordelig \u2713 Snelle levertijden \u2713 Veilig betalen via iDEAL\" \/>\n<meta property=\"og:url\" content=\"https:\/\/www.ecrivus-multimedia.nl\/it\/prodotto\/scrivere-slogan\/\" \/>\n<meta property=\"og:site_name\" content=\"Ecrivus International Webshop\" \/>\n<meta property=\"article:publisher\" content=\"https:\/\/www.facebook.com\/Ecrivus-International-676624782512639\/\" \/>\n<meta property=\"article:modified_time\" content=\"2026-04-13T07:22:43+00:00\" \/>\n<meta property=\"og:image\" content=\"https:\/\/www.ecrivus-multimedia.nl\/wp-content\/uploads\/2019\/07\/image-4.webp\" \/>\n\t<meta property=\"og:image:width\" content=\"1000\" \/>\n\t<meta property=\"og:image:height\" content=\"667\" \/>\n\t<meta property=\"og:image:type\" content=\"image\/webp\" \/>\n<meta name=\"twitter:card\" content=\"summary_large_image\" \/>\n<meta name=\"twitter:site\" content=\"@ecrivusint\" \/>\n<meta name=\"twitter:label1\" content=\"Tempo di lettura stimato\" \/>\n\t<meta name=\"twitter:data1\" content=\"2 minuti\" \/>\n<script type=\"application\/ld+json\" class=\"yoast-schema-graph\">{\"@context\":\"https:\\\/\\\/schema.org\",\"@graph\":[{\"@type\":\"WebPage\",\"@id\":\"https:\\\/\\\/www.ecrivus-multimedia.nl\\\/product\\\/slogan-schrijven\\\/\",\"url\":\"https:\\\/\\\/www.ecrivus-multimedia.nl\\\/product\\\/slogan-schrijven\\\/\",\"name\":\"Slogan schrijven? Motto? Bestel nu in onze webshop! 15+ jaar ervaring!\",\"isPartOf\":{\"@id\":\"https:\\\/\\\/www.ecrivus-multimedia.nl\\\/#website\"},\"primaryImageOfPage\":{\"@id\":\"https:\\\/\\\/www.ecrivus-multimedia.nl\\\/product\\\/slogan-schrijven\\\/#primaryimage\"},\"image\":{\"@id\":\"https:\\\/\\\/www.ecrivus-multimedia.nl\\\/product\\\/slogan-schrijven\\\/#primaryimage\"},\"thumbnailUrl\":\"https:\\\/\\\/www.ecrivus-multimedia.nl\\\/wp-content\\\/uploads\\\/2019\\\/07\\\/image-4.webp\",\"datePublished\":\"2019-07-26T09:31:53+00:00\",\"dateModified\":\"2026-04-13T07:22:43+00:00\",\"description\":\"Slogan schrijven? Nieuw motto? Bestel direct online! \u2713 Ervaren copywriters \u2713 Perfect Nederlands \u2713 Voordelig \u2713 Snelle levertijden \u2713 Veilig betalen via iDEAL\",\"breadcrumb\":{\"@id\":\"https:\\\/\\\/www.ecrivus-multimedia.nl\\\/product\\\/slogan-schrijven\\\/#breadcrumb\"},\"inLanguage\":\"it-IT\",\"potentialAction\":[{\"@type\":\"ReadAction\",\"target\":[\"https:\\\/\\\/www.ecrivus-multimedia.nl\\\/product\\\/slogan-schrijven\\\/\"]}]},{\"@type\":\"ImageObject\",\"inLanguage\":\"it-IT\",\"@id\":\"https:\\\/\\\/www.ecrivus-multimedia.nl\\\/product\\\/slogan-schrijven\\\/#primaryimage\",\"url\":\"https:\\\/\\\/www.ecrivus-multimedia.nl\\\/wp-content\\\/uploads\\\/2019\\\/07\\\/image-4.webp\",\"contentUrl\":\"https:\\\/\\\/www.ecrivus-multimedia.nl\\\/wp-content\\\/uploads\\\/2019\\\/07\\\/image-4.webp\",\"width\":1000,\"height\":667},{\"@type\":\"BreadcrumbList\",\"@id\":\"https:\\\/\\\/www.ecrivus-multimedia.nl\\\/product\\\/slogan-schrijven\\\/#breadcrumb\",\"itemListElement\":[{\"@type\":\"ListItem\",\"position\":1,\"name\":\"Home\",\"item\":\"https:\\\/\\\/www.ecrivus-multimedia.nl\\\/\"},{\"@type\":\"ListItem\",\"position\":2,\"name\":\"Shop\",\"item\":\"https:\\\/\\\/www.ecrivus-multimedia.nl\\\/shop\\\/\"},{\"@type\":\"ListItem\",\"position\":3,\"name\":\"Slogan schrijven\"}]},{\"@type\":\"WebSite\",\"@id\":\"https:\\\/\\\/www.ecrivus-multimedia.nl\\\/#website\",\"url\":\"https:\\\/\\\/www.ecrivus-multimedia.nl\\\/\",\"name\":\"Ecrivus International Webshop\",\"description\":\"Erkende webshop voor be\u00ebdigde vertalingen.\",\"publisher\":{\"@id\":\"https:\\\/\\\/www.ecrivus-multimedia.nl\\\/#organization\"},\"potentialAction\":[{\"@type\":\"SearchAction\",\"target\":{\"@type\":\"EntryPoint\",\"urlTemplate\":\"https:\\\/\\\/www.ecrivus-multimedia.nl\\\/?s={search_term_string}\"},\"query-input\":{\"@type\":\"PropertyValueSpecification\",\"valueRequired\":true,\"valueName\":\"search_term_string\"}}],\"inLanguage\":\"it-IT\"},{\"@type\":\"Organization\",\"@id\":\"https:\\\/\\\/www.ecrivus-multimedia.nl\\\/#organization\",\"name\":\"Ecrivus International\",\"url\":\"https:\\\/\\\/www.ecrivus-multimedia.nl\\\/\",\"logo\":{\"@type\":\"ImageObject\",\"inLanguage\":\"it-IT\",\"@id\":\"https:\\\/\\\/www.ecrivus-multimedia.nl\\\/#\\\/schema\\\/logo\\\/image\\\/\",\"url\":\"https:\\\/\\\/www.ecrivus-multimedia.nl\\\/wp-content\\\/uploads\\\/2022\\\/01\\\/cropped-small-Logo-Ecrivus-Vector-Transparent2.png\",\"contentUrl\":\"https:\\\/\\\/www.ecrivus-multimedia.nl\\\/wp-content\\\/uploads\\\/2022\\\/01\\\/cropped-small-Logo-Ecrivus-Vector-Transparent2.png\",\"width\":512,\"height\":512,\"caption\":\"Ecrivus International\"},\"image\":{\"@id\":\"https:\\\/\\\/www.ecrivus-multimedia.nl\\\/#\\\/schema\\\/logo\\\/image\\\/\"},\"sameAs\":[\"https:\\\/\\\/www.facebook.com\\\/Ecrivus-International-676624782512639\\\/\",\"https:\\\/\\\/x.com\\\/ecrivusint\"]}]}<\/script>\n<!-- \/ Yoast SEO plugin. -->","yoast_head_json":{"title":"Slogan schrijven? Motto? Bestel nu in onze webshop! 15+ jaar ervaring!","description":"Slogan schrijven? Nieuw motto? Bestel direct online! \u2713 Ervaren copywriters \u2713 Perfect Nederlands \u2713 Voordelig \u2713 Snelle levertijden \u2713 Veilig betalen via iDEAL","robots":{"index":"index","follow":"follow","max-snippet":"max-snippet:-1","max-image-preview":"max-image-preview:large","max-video-preview":"max-video-preview:-1"},"canonical":"https:\/\/www.ecrivus-multimedia.nl\/it\/prodotto\/scrivere-slogan\/","og_locale":"it_IT","og_type":"article","og_title":"Slogan schrijven? Motto? Bestel nu in onze webshop! 15+ jaar ervaring!","og_description":"Slogan schrijven? Nieuw motto? Bestel direct online! \u2713 Ervaren copywriters \u2713 Perfect Nederlands \u2713 Voordelig \u2713 Snelle levertijden \u2713 Veilig betalen via iDEAL","og_url":"https:\/\/www.ecrivus-multimedia.nl\/it\/prodotto\/scrivere-slogan\/","og_site_name":"Ecrivus International Webshop","article_publisher":"https:\/\/www.facebook.com\/Ecrivus-International-676624782512639\/","article_modified_time":"2026-04-13T07:22:43+00:00","og_image":[{"width":1000,"height":667,"url":"https:\/\/www.ecrivus-multimedia.nl\/wp-content\/uploads\/2019\/07\/image-4.webp","type":"image\/webp"}],"twitter_card":"summary_large_image","twitter_site":"@ecrivusint","twitter_misc":{"Tempo di lettura stimato":"2 minuti"},"schema":{"@context":"https:\/\/schema.org","@graph":[{"@type":"WebPage","@id":"https:\/\/www.ecrivus-multimedia.nl\/product\/slogan-schrijven\/","url":"https:\/\/www.ecrivus-multimedia.nl\/product\/slogan-schrijven\/","name":"Slogan schrijven? Motto? Bestel nu in onze webshop! 15+ jaar ervaring!","isPartOf":{"@id":"https:\/\/www.ecrivus-multimedia.nl\/#website"},"primaryImageOfPage":{"@id":"https:\/\/www.ecrivus-multimedia.nl\/product\/slogan-schrijven\/#primaryimage"},"image":{"@id":"https:\/\/www.ecrivus-multimedia.nl\/product\/slogan-schrijven\/#primaryimage"},"thumbnailUrl":"https:\/\/www.ecrivus-multimedia.nl\/wp-content\/uploads\/2019\/07\/image-4.webp","datePublished":"2019-07-26T09:31:53+00:00","dateModified":"2026-04-13T07:22:43+00:00","description":"Slogan schrijven? Nieuw motto? Bestel direct online! \u2713 Ervaren copywriters \u2713 Perfect Nederlands \u2713 Voordelig \u2713 Snelle levertijden \u2713 Veilig betalen via iDEAL","breadcrumb":{"@id":"https:\/\/www.ecrivus-multimedia.nl\/product\/slogan-schrijven\/#breadcrumb"},"inLanguage":"it-IT","potentialAction":[{"@type":"ReadAction","target":["https:\/\/www.ecrivus-multimedia.nl\/product\/slogan-schrijven\/"]}]},{"@type":"ImageObject","inLanguage":"it-IT","@id":"https:\/\/www.ecrivus-multimedia.nl\/product\/slogan-schrijven\/#primaryimage","url":"https:\/\/www.ecrivus-multimedia.nl\/wp-content\/uploads\/2019\/07\/image-4.webp","contentUrl":"https:\/\/www.ecrivus-multimedia.nl\/wp-content\/uploads\/2019\/07\/image-4.webp","width":1000,"height":667},{"@type":"BreadcrumbList","@id":"https:\/\/www.ecrivus-multimedia.nl\/product\/slogan-schrijven\/#breadcrumb","itemListElement":[{"@type":"ListItem","position":1,"name":"Home","item":"https:\/\/www.ecrivus-multimedia.nl\/"},{"@type":"ListItem","position":2,"name":"Shop","item":"https:\/\/www.ecrivus-multimedia.nl\/shop\/"},{"@type":"ListItem","position":3,"name":"Slogan schrijven"}]},{"@type":"WebSite","@id":"https:\/\/www.ecrivus-multimedia.nl\/#website","url":"https:\/\/www.ecrivus-multimedia.nl\/","name":"Ecrivus International Webshop","description":"Erkende webshop voor be\u00ebdigde vertalingen.","publisher":{"@id":"https:\/\/www.ecrivus-multimedia.nl\/#organization"},"potentialAction":[{"@type":"SearchAction","target":{"@type":"EntryPoint","urlTemplate":"https:\/\/www.ecrivus-multimedia.nl\/?s={search_term_string}"},"query-input":{"@type":"PropertyValueSpecification","valueRequired":true,"valueName":"search_term_string"}}],"inLanguage":"it-IT"},{"@type":"Organization","@id":"https:\/\/www.ecrivus-multimedia.nl\/#organization","name":"Ecrivus International","url":"https:\/\/www.ecrivus-multimedia.nl\/","logo":{"@type":"ImageObject","inLanguage":"it-IT","@id":"https:\/\/www.ecrivus-multimedia.nl\/#\/schema\/logo\/image\/","url":"https:\/\/www.ecrivus-multimedia.nl\/wp-content\/uploads\/2022\/01\/cropped-small-Logo-Ecrivus-Vector-Transparent2.png","contentUrl":"https:\/\/www.ecrivus-multimedia.nl\/wp-content\/uploads\/2022\/01\/cropped-small-Logo-Ecrivus-Vector-Transparent2.png","width":512,"height":512,"caption":"Ecrivus International"},"image":{"@id":"https:\/\/www.ecrivus-multimedia.nl\/#\/schema\/logo\/image\/"},"sameAs":["https:\/\/www.facebook.com\/Ecrivus-International-676624782512639\/","https:\/\/x.com\/ecrivusint"]}]}},"_links":{"self":[{"href":"https:\/\/www.ecrivus-multimedia.nl\/it\/wp-json\/wp\/v2\/product\/44343","targetHints":{"allow":["GET"]}}],"collection":[{"href":"https:\/\/www.ecrivus-multimedia.nl\/it\/wp-json\/wp\/v2\/product"}],"about":[{"href":"https:\/\/www.ecrivus-multimedia.nl\/it\/wp-json\/wp\/v2\/types\/product"}],"replies":[{"embeddable":true,"href":"https:\/\/www.ecrivus-multimedia.nl\/it\/wp-json\/wp\/v2\/comments?post=44343"}],"wp:featuredmedia":[{"embeddable":true,"href":"https:\/\/www.ecrivus-multimedia.nl\/it\/wp-json\/wp\/v2\/media\/132690"}],"wp:attachment":[{"href":"https:\/\/www.ecrivus-multimedia.nl\/it\/wp-json\/wp\/v2\/media?parent=44343"}],"wp:term":[{"taxonomy":"product_brand","embeddable":true,"href":"https:\/\/www.ecrivus-multimedia.nl\/it\/wp-json\/wp\/v2\/product_brand?post=44343"},{"taxonomy":"product_cat","embeddable":true,"href":"https:\/\/www.ecrivus-multimedia.nl\/it\/wp-json\/wp\/v2\/product_cat?post=44343"},{"taxonomy":"product_tag","embeddable":true,"href":"https:\/\/www.ecrivus-multimedia.nl\/it\/wp-json\/wp\/v2\/product_tag?post=44343"}],"curies":[{"name":"wp","href":"https:\/\/api.w.org\/{rel}","templated":true}]}}