{"id":44614,"date":"2019-08-07T10:44:43","date_gmt":"2019-08-07T08:44:43","guid":{"rendered":"https:\/\/www.ecrivus-multimedia.nl\/?post_type=product&#038;p=44614"},"modified":"2026-04-12T12:15:45","modified_gmt":"2026-04-12T10:15:45","slug":"uittreksel-basisregistratie-personen-brp-vertalen-beedigd","status":"publish","type":"product","link":"https:\/\/www.ecrivus-multimedia.nl\/it\/prodotto\/estratto-dalla-registrazione-di-base-delle-persone-traduzione-giurata-brp\/","title":{"rendered":"Traduci l&#039;estratto della Registrazione di base delle persone (BRP) (giurata)"},"content":{"rendered":"<p><strong><a href=\"https:\/\/www.ecrivus-multimedia.nl\/go\/kvk-uittreksel-beedigde-vertaling-met-stempel\/\" title=\"Desideri tradurre un estratto giurato della Camera di Commercio? Ora disponibile per l&#039;ordine online!\" class=\"pretty-link-keyword\"rel=\"\">Estratto<\/a> registrazione di base delle persone (<a href=\"https:\/\/www.ecrivus-multimedia.nl\/go\/uittreksel-basisregistratie-personen-brp-vertalen-beedigd\/\" title=\"Traduzione giurata dell&#039;estratto della Registrazione di base delle persone (BRP)? Ordina adesso!\" class=\"pretty-link-keyword\"rel=\"\">BRP<\/a>) (<a href=\"https:\/\/www.ecrivus-multimedia.nl\/go\/be\u00ebdigde-vertaling\/\" title=\"Traduzioni giurate Archivio | Negozio online internazionale Ecrivus\" class=\"pretty-link-keyword\"rel=\"\">traduzione certificata<\/a> con timbro)<\/strong><\/p>\n<p><a href=\"https:\/\/www.ecrivus-multimedia.nl\/go\/be\u00ebdigde-vertaling\/\" title=\"Traduzioni giurate Archivio | Negozio online internazionale Ecrivus\" class=\"pretty-link-keyword\"rel=\"\">Traduzioni giurate<\/a> ora pu\u00f2 essere facilmente ordinato online.<\/p>\n<p>Diverse autorit\u00e0 possono richiederne uno <a href=\"https:\/\/www.ecrivus-multimedia.nl\/go\/be\u00ebdigde-vertaling\/\" title=\"Traduzioni giurate Archivio | Negozio online internazionale Ecrivus\" class=\"pretty-link-keyword\"rel=\"\">traduzione certificata<\/a> del tuo <a href=\"https:\/\/www.ecrivus-multimedia.nl\/go\/kvk-uittreksel-beedigde-vertaling-met-stempel\/\" title=\"Desideri tradurre un estratto giurato della Camera di Commercio? Ora disponibile per l&#039;ordine online!\" class=\"pretty-link-keyword\"rel=\"\">estratto<\/a> registrazione di base delle persone (<a href=\"https:\/\/www.ecrivus-multimedia.nl\/go\/uittreksel-basisregistratie-personen-brp-vertalen-beedigd\/\" title=\"Traduzione giurata dell&#039;estratto della Registrazione di base delle persone (BRP)? Ordina adesso!\" class=\"pretty-link-keyword\"rel=\"\">BRP<\/a>). Ogni anno ci prendiamo cura del <a href=\"https:\/\/www.ecrivus-multimedia.nl\/go\/be\u00ebdigde-vertaling\/\" title=\"Traduzioni giurate Archivio | Negozio online internazionale Ecrivus\" class=\"pretty-link-keyword\"rel=\"\">traduzioni certificate<\/a> di centinaia di estratti della registrazione di base delle persone (<a href=\"https:\/\/www.ecrivus-multimedia.nl\/go\/uittreksel-basisregistratie-personen-brp-vertalen-beedigd\/\" title=\"Traduzione giurata dell&#039;estratto della Registrazione di base delle persone (BRP)? Ordina adesso!\" class=\"pretty-link-keyword\"rel=\"\">BRP<\/a>) in molte lingue diverse. Ecrivus International impiega solo traduttori certificati e giurati con una vasta esperienza nella traduzione di documenti ufficiali <a href=\"https:\/\/www.ecrivus-multimedia.nl\/go\/identiteitsbewijs-vertalen-beedigd\/\" title=\"Hai bisogno di una traduzione giurata della tua carta d&#039;identit\u00e0 o carta d&#039;identit\u00e0? Ora disponibile per l&#039;ordine online!\" class=\"pretty-link-keyword\"rel=\"\">ID<\/a>, <a href=\"https:\/\/www.ecrivus-multimedia.nl\/go\/paspoort-vertalen-beedigd\/\" title=\"Traduzione giurata del passaporto? Ordina tramite il nostro negozio online!\" class=\"pretty-link-keyword\"rel=\"\">passaporti<\/a>, estratti della registrazione di base delle persone (<a href=\"https:\/\/www.ecrivus-multimedia.nl\/go\/uittreksel-basisregistratie-personen-brp-vertalen-beedigd\/\" title=\"Traduzione giurata dell&#039;estratto della Registrazione di base delle persone (BRP)? Ordina adesso!\" class=\"pretty-link-keyword\"rel=\"\">BRP<\/a>) e documenti di viaggio. Ci\u00f2 significa che puoi essere sicuro che il tuo <a href=\"https:\/\/www.ecrivus-multimedia.nl\/go\/kvk-uittreksel-beedigde-vertaling-met-stempel\/\" title=\"Desideri tradurre un estratto giurato della Camera di Commercio? Ora disponibile per l&#039;ordine online!\" class=\"pretty-link-keyword\"rel=\"\">estratto<\/a> registrazione di base delle persone (<a href=\"https:\/\/www.ecrivus-multimedia.nl\/go\/uittreksel-basisregistratie-personen-brp-vertalen-beedigd\/\" title=\"Traduzione giurata dell&#039;estratto della Registrazione di base delle persone (BRP)? Ordina adesso!\" class=\"pretty-link-keyword\"rel=\"\">BRP<\/a>) viene tradotto accuratamente nella lingua desiderata.<\/p>\n<p><strong>IL <a href=\"https:\/\/www.ecrivus-multimedia.nl\/go\/be\u00ebdigde-vertaling\/\" title=\"Traduzioni giurate Archivio | Negozio online internazionale Ecrivus\" class=\"pretty-link-keyword\"rel=\"\">traduzione certificata<\/a> del tuo <a href=\"https:\/\/www.ecrivus-multimedia.nl\/go\/kvk-uittreksel-beedigde-vertaling-met-stempel\/\" title=\"Desideri tradurre un estratto giurato della Camera di Commercio? Ora disponibile per l&#039;ordine online!\" class=\"pretty-link-keyword\"rel=\"\">estratto<\/a> registrazione di base delle persone (<a href=\"https:\/\/www.ecrivus-multimedia.nl\/go\/uittreksel-basisregistratie-personen-brp-vertalen-beedigd\/\" title=\"Traduzione giurata dell&#039;estratto della Registrazione di base delle persone (BRP)? Ordina adesso!\" class=\"pretty-link-keyword\"rel=\"\">BRP<\/a>) \u00e8 in buone mani con noi:<\/strong><\/p>\n<ul>\n<li>Traduzioni giurate, esperte e specializzate <a href=\"http:\/\/www.ecrivus.nl\/juridische-vertalingen\/\">traduttore giuridico<\/a><\/li>\n<li>Inclusivo <a href=\"http:\/\/www.ecrivus.nl\/proeflezen\/\">correzione di bozze<\/a><\/li>\n<li>Inclusivo <a href=\"http:\/\/www.ecrivus.nl\/qa-kwaliteitscontroles\/\">controlli di qualit\u00e0<\/a><\/li>\n<li>Prezzi competitivi<\/li>\n<li>Consegna veloce<\/li>\n<li>Scegli da <a href=\"http:\/\/www.ecrivus.nl\/talen\/\">centinaia di combinazioni linguistiche<\/a><\/li>\n<li>Consegna urgente possibile<\/li>\n<li>Supporta vari formati di file incluso PDF<\/li>\n<li>Spedizione sempre registrata <a href=\"https:\/\/www.ecrivus-multimedia.nl\/go\/be\u00ebdigde-vertaling\/\" title=\"Traduzioni giurate Archivio | Negozio online internazionale Ecrivus\" class=\"pretty-link-keyword\"rel=\"\">traduzione certificata<\/a> con Track &amp; Trace<\/li>\n<li>Possibilit\u00e0 di avere il proprio documento provvisto di a <a href=\"https:\/\/www.ecrivus-multimedia.nl\/go\/apostilles-legalisatie-landenoverzicht\/\" title=\"Apostille (legalizzazione) - panoramica del paese\" class=\"pretty-link-keyword\"rel=\"\">apostille<\/a> O <a href=\"https:\/\/www.ecrivus-multimedia.nl\/go\/apostilles-legalisatie-landenoverzicht\/\" title=\"Apostille (legalizzazione) - panoramica del paese\" class=\"pretty-link-keyword\"rel=\"\">legalizzazione<\/a> (legalizzare)<\/li>\n<\/ul>\n<p>Per te <a href=\"https:\/\/www.ecrivus-multimedia.nl\/go\/kvk-uittreksel-beedigde-vertaling-met-stempel\/\" title=\"Desideri tradurre un estratto giurato della Camera di Commercio? Ora disponibile per l&#039;ordine online!\" class=\"pretty-link-keyword\"rel=\"\">estratto<\/a> registrazione di base delle persone (<a href=\"https:\/\/www.ecrivus-multimedia.nl\/go\/uittreksel-basisregistratie-personen-brp-vertalen-beedigd\/\" title=\"Traduzione giurata dell&#039;estratto della Registrazione di base delle persone (BRP)? Ordina adesso!\" class=\"pretty-link-keyword\"rel=\"\">BRP<\/a>) per averlo tradotto subito, seleziona qui sopra il numero di estratti e la combinazione linguistica desiderata. Quindi fare clic su &quot;Aggiungi al carrello&quot;. Puoi quindi scattare una foto\/scansione del tuo <a href=\"https:\/\/www.ecrivus-multimedia.nl\/go\/kvk-uittreksel-beedigde-vertaling-met-stempel\/\" title=\"Desideri tradurre un estratto giurato della Camera di Commercio? Ora disponibile per l&#039;ordine online!\" class=\"pretty-link-keyword\"rel=\"\">estratto<\/a> <a href=\"https:\/\/www.ecrivus-multimedia.nl\/go\/uittreksel-basisregistratie-personen-brp-vertalen-beedigd\/\" title=\"Traduzione giurata dell&#039;estratto della Registrazione di base delle persone (BRP)? Ordina adesso!\" class=\"pretty-link-keyword\"rel=\"\">BRP<\/a> carica e aggiungi al tuo ordine. Puoi caricare un file ZIP per pi\u00f9 estratti. Offriamo diverse opzioni di pagamento tramite connessioni sicure (tra cui iDeal, bonifico bancario e PayPal).<\/p>\n<p><strong>Tempi di consegna standard<\/strong>: 5-6 giorni lavorativi<\/p>\n<p>&nbsp;<\/p>","protected":false},"excerpt":{"rendered":"<p>Traduzione giurata professionale con timbro effettuata da un traduttore ufficialmente giurato.<br \/>\nSeleziona la combinazione linguistica di seguito:<\/p>","protected":false},"featured_media":132609,"comment_status":"open","ping_status":"closed","template":"","meta":{"_acf_changed":false,"_glsr_average":0,"_glsr_ranking":0,"_glsr_reviews":0,"_joinchat":[]},"product_brand":[],"product_cat":[107,624],"product_tag":[15399,15376,649,15378,105,102,15977],"class_list":{"0":"post-44614","1":"product","2":"type-product","3":"status-publish","4":"has-post-thumbnail","6":"product_cat-beedigde-vertalingen","7":"product_cat-juridische-vertalingen","8":"product_tag-bevolkingsregister","9":"product_tag-brp","10":"product_tag-burgerlijke-stand","11":"product_tag-gemeente","12":"product_tag-reisdocumenten","13":"product_tag-uittreksel","14":"product_tag-uittreksels-uit-het-bevolkingsregister","16":"first","17":"instock","18":"sold-individually","19":"taxable","20":"shipping-taxable","21":"purchasable","22":"product-type-variable"},"acf":[],"yoast_head":"<!-- This site is optimized with the Yoast SEO plugin v27.4 - https:\/\/yoast.com\/product\/yoast-seo-wordpress\/ -->\n<title>Uittreksel basisregistratie personen (BRP) be\u00ebdigd vertalen? Bestel nu!<\/title>\n<meta name=\"description\" content=\"Uw uittreksel basisregistratie personen (BRP) be\u00ebdigd vertalen? Bestel direct online! Offici\u00eble be\u00ebdigde vertaling met stempel.\" \/>\n<meta name=\"robots\" content=\"index, follow, max-snippet:-1, max-image-preview:large, max-video-preview:-1\" \/>\n<link rel=\"canonical\" href=\"https:\/\/www.ecrivus-multimedia.nl\/it\/prodotto\/estratto-dalla-registrazione-di-base-delle-persone-traduzione-giurata-brp\/\" \/>\n<meta property=\"og:locale\" content=\"it_IT\" \/>\n<meta property=\"og:type\" content=\"article\" \/>\n<meta property=\"og:title\" content=\"Uittreksel basisregistratie personen (BRP) be\u00ebdigd vertalen? Bestel nu!\" \/>\n<meta property=\"og:description\" content=\"Uw uittreksel basisregistratie personen (BRP) be\u00ebdigd vertalen? Bestel direct online! Offici\u00eble be\u00ebdigde vertaling met stempel.\" \/>\n<meta property=\"og:url\" content=\"https:\/\/www.ecrivus-multimedia.nl\/it\/prodotto\/estratto-dalla-registrazione-di-base-delle-persone-traduzione-giurata-brp\/\" \/>\n<meta property=\"og:site_name\" content=\"Ecrivus International Webshop\" \/>\n<meta property=\"article:publisher\" content=\"https:\/\/www.facebook.com\/Ecrivus-International-676624782512639\/\" \/>\n<meta property=\"article:modified_time\" content=\"2026-04-12T10:15:45+00:00\" \/>\n<meta property=\"og:image\" content=\"https:\/\/www.ecrivus-multimedia.nl\/wp-content\/uploads\/2026\/04\/lakstempel-drukken-document-vooraanzicht-2.jpg\" \/>\n\t<meta property=\"og:image:width\" content=\"1000\" \/>\n\t<meta property=\"og:image:height\" content=\"667\" \/>\n\t<meta property=\"og:image:type\" content=\"image\/jpeg\" \/>\n<meta name=\"twitter:card\" content=\"summary_large_image\" \/>\n<meta name=\"twitter:site\" content=\"@ecrivusint\" \/>\n<meta name=\"twitter:label1\" content=\"Tempo di lettura stimato\" \/>\n\t<meta name=\"twitter:data1\" content=\"2 minuti\" \/>\n<script type=\"application\/ld+json\" class=\"yoast-schema-graph\">{\"@context\":\"https:\\\/\\\/schema.org\",\"@graph\":[{\"@type\":\"WebPage\",\"@id\":\"https:\\\/\\\/www.ecrivus-multimedia.nl\\\/product\\\/uittreksel-basisregistratie-personen-brp-vertalen-beedigd\\\/\",\"url\":\"https:\\\/\\\/www.ecrivus-multimedia.nl\\\/product\\\/uittreksel-basisregistratie-personen-brp-vertalen-beedigd\\\/\",\"name\":\"Uittreksel basisregistratie personen (BRP) be\u00ebdigd vertalen? Bestel nu!\",\"isPartOf\":{\"@id\":\"https:\\\/\\\/www.ecrivus-multimedia.nl\\\/#website\"},\"primaryImageOfPage\":{\"@id\":\"https:\\\/\\\/www.ecrivus-multimedia.nl\\\/product\\\/uittreksel-basisregistratie-personen-brp-vertalen-beedigd\\\/#primaryimage\"},\"image\":{\"@id\":\"https:\\\/\\\/www.ecrivus-multimedia.nl\\\/product\\\/uittreksel-basisregistratie-personen-brp-vertalen-beedigd\\\/#primaryimage\"},\"thumbnailUrl\":\"https:\\\/\\\/www.ecrivus-multimedia.nl\\\/wp-content\\\/uploads\\\/2026\\\/04\\\/lakstempel-drukken-document-vooraanzicht-2.jpg\",\"datePublished\":\"2019-08-07T08:44:43+00:00\",\"dateModified\":\"2026-04-12T10:15:45+00:00\",\"description\":\"Uw uittreksel basisregistratie personen (BRP) be\u00ebdigd vertalen? Bestel direct online! Offici\u00eble be\u00ebdigde vertaling met stempel.\",\"breadcrumb\":{\"@id\":\"https:\\\/\\\/www.ecrivus-multimedia.nl\\\/product\\\/uittreksel-basisregistratie-personen-brp-vertalen-beedigd\\\/#breadcrumb\"},\"inLanguage\":\"it-IT\",\"potentialAction\":[{\"@type\":\"ReadAction\",\"target\":[\"https:\\\/\\\/www.ecrivus-multimedia.nl\\\/product\\\/uittreksel-basisregistratie-personen-brp-vertalen-beedigd\\\/\"]}]},{\"@type\":\"ImageObject\",\"inLanguage\":\"it-IT\",\"@id\":\"https:\\\/\\\/www.ecrivus-multimedia.nl\\\/product\\\/uittreksel-basisregistratie-personen-brp-vertalen-beedigd\\\/#primaryimage\",\"url\":\"https:\\\/\\\/www.ecrivus-multimedia.nl\\\/wp-content\\\/uploads\\\/2026\\\/04\\\/lakstempel-drukken-document-vooraanzicht-2.jpg\",\"contentUrl\":\"https:\\\/\\\/www.ecrivus-multimedia.nl\\\/wp-content\\\/uploads\\\/2026\\\/04\\\/lakstempel-drukken-document-vooraanzicht-2.jpg\",\"width\":1000,\"height\":667},{\"@type\":\"BreadcrumbList\",\"@id\":\"https:\\\/\\\/www.ecrivus-multimedia.nl\\\/product\\\/uittreksel-basisregistratie-personen-brp-vertalen-beedigd\\\/#breadcrumb\",\"itemListElement\":[{\"@type\":\"ListItem\",\"position\":1,\"name\":\"Home\",\"item\":\"https:\\\/\\\/www.ecrivus-multimedia.nl\\\/\"},{\"@type\":\"ListItem\",\"position\":2,\"name\":\"Shop\",\"item\":\"https:\\\/\\\/www.ecrivus-multimedia.nl\\\/shop\\\/\"},{\"@type\":\"ListItem\",\"position\":3,\"name\":\"Uittreksel basisregistratie personen (BRP) vertalen (be\u00ebdigd)\"}]},{\"@type\":\"WebSite\",\"@id\":\"https:\\\/\\\/www.ecrivus-multimedia.nl\\\/#website\",\"url\":\"https:\\\/\\\/www.ecrivus-multimedia.nl\\\/\",\"name\":\"Ecrivus International Webshop\",\"description\":\"Erkende webshop voor be\u00ebdigde vertalingen.\",\"publisher\":{\"@id\":\"https:\\\/\\\/www.ecrivus-multimedia.nl\\\/#organization\"},\"potentialAction\":[{\"@type\":\"SearchAction\",\"target\":{\"@type\":\"EntryPoint\",\"urlTemplate\":\"https:\\\/\\\/www.ecrivus-multimedia.nl\\\/?s={search_term_string}\"},\"query-input\":{\"@type\":\"PropertyValueSpecification\",\"valueRequired\":true,\"valueName\":\"search_term_string\"}}],\"inLanguage\":\"it-IT\"},{\"@type\":\"Organization\",\"@id\":\"https:\\\/\\\/www.ecrivus-multimedia.nl\\\/#organization\",\"name\":\"Ecrivus International\",\"url\":\"https:\\\/\\\/www.ecrivus-multimedia.nl\\\/\",\"logo\":{\"@type\":\"ImageObject\",\"inLanguage\":\"it-IT\",\"@id\":\"https:\\\/\\\/www.ecrivus-multimedia.nl\\\/#\\\/schema\\\/logo\\\/image\\\/\",\"url\":\"https:\\\/\\\/www.ecrivus-multimedia.nl\\\/wp-content\\\/uploads\\\/2022\\\/01\\\/cropped-small-Logo-Ecrivus-Vector-Transparent2.png\",\"contentUrl\":\"https:\\\/\\\/www.ecrivus-multimedia.nl\\\/wp-content\\\/uploads\\\/2022\\\/01\\\/cropped-small-Logo-Ecrivus-Vector-Transparent2.png\",\"width\":512,\"height\":512,\"caption\":\"Ecrivus International\"},\"image\":{\"@id\":\"https:\\\/\\\/www.ecrivus-multimedia.nl\\\/#\\\/schema\\\/logo\\\/image\\\/\"},\"sameAs\":[\"https:\\\/\\\/www.facebook.com\\\/Ecrivus-International-676624782512639\\\/\",\"https:\\\/\\\/x.com\\\/ecrivusint\"]}]}<\/script>\n<!-- \/ Yoast SEO plugin. -->","yoast_head_json":{"title":"Uittreksel basisregistratie personen (BRP) be\u00ebdigd vertalen? Bestel nu!","description":"Uw uittreksel basisregistratie personen (BRP) be\u00ebdigd vertalen? Bestel direct online! Offici\u00eble be\u00ebdigde vertaling met stempel.","robots":{"index":"index","follow":"follow","max-snippet":"max-snippet:-1","max-image-preview":"max-image-preview:large","max-video-preview":"max-video-preview:-1"},"canonical":"https:\/\/www.ecrivus-multimedia.nl\/it\/prodotto\/estratto-dalla-registrazione-di-base-delle-persone-traduzione-giurata-brp\/","og_locale":"it_IT","og_type":"article","og_title":"Uittreksel basisregistratie personen (BRP) be\u00ebdigd vertalen? Bestel nu!","og_description":"Uw uittreksel basisregistratie personen (BRP) be\u00ebdigd vertalen? Bestel direct online! Offici\u00eble be\u00ebdigde vertaling met stempel.","og_url":"https:\/\/www.ecrivus-multimedia.nl\/it\/prodotto\/estratto-dalla-registrazione-di-base-delle-persone-traduzione-giurata-brp\/","og_site_name":"Ecrivus International Webshop","article_publisher":"https:\/\/www.facebook.com\/Ecrivus-International-676624782512639\/","article_modified_time":"2026-04-12T10:15:45+00:00","og_image":[{"width":1000,"height":667,"url":"https:\/\/www.ecrivus-multimedia.nl\/wp-content\/uploads\/2026\/04\/lakstempel-drukken-document-vooraanzicht-2.jpg","type":"image\/jpeg"}],"twitter_card":"summary_large_image","twitter_site":"@ecrivusint","twitter_misc":{"Tempo di lettura stimato":"2 minuti"},"schema":{"@context":"https:\/\/schema.org","@graph":[{"@type":"WebPage","@id":"https:\/\/www.ecrivus-multimedia.nl\/product\/uittreksel-basisregistratie-personen-brp-vertalen-beedigd\/","url":"https:\/\/www.ecrivus-multimedia.nl\/product\/uittreksel-basisregistratie-personen-brp-vertalen-beedigd\/","name":"Uittreksel basisregistratie personen (BRP) be\u00ebdigd vertalen? Bestel nu!","isPartOf":{"@id":"https:\/\/www.ecrivus-multimedia.nl\/#website"},"primaryImageOfPage":{"@id":"https:\/\/www.ecrivus-multimedia.nl\/product\/uittreksel-basisregistratie-personen-brp-vertalen-beedigd\/#primaryimage"},"image":{"@id":"https:\/\/www.ecrivus-multimedia.nl\/product\/uittreksel-basisregistratie-personen-brp-vertalen-beedigd\/#primaryimage"},"thumbnailUrl":"https:\/\/www.ecrivus-multimedia.nl\/wp-content\/uploads\/2026\/04\/lakstempel-drukken-document-vooraanzicht-2.jpg","datePublished":"2019-08-07T08:44:43+00:00","dateModified":"2026-04-12T10:15:45+00:00","description":"Uw uittreksel basisregistratie personen (BRP) be\u00ebdigd vertalen? Bestel direct online! Offici\u00eble be\u00ebdigde vertaling met stempel.","breadcrumb":{"@id":"https:\/\/www.ecrivus-multimedia.nl\/product\/uittreksel-basisregistratie-personen-brp-vertalen-beedigd\/#breadcrumb"},"inLanguage":"it-IT","potentialAction":[{"@type":"ReadAction","target":["https:\/\/www.ecrivus-multimedia.nl\/product\/uittreksel-basisregistratie-personen-brp-vertalen-beedigd\/"]}]},{"@type":"ImageObject","inLanguage":"it-IT","@id":"https:\/\/www.ecrivus-multimedia.nl\/product\/uittreksel-basisregistratie-personen-brp-vertalen-beedigd\/#primaryimage","url":"https:\/\/www.ecrivus-multimedia.nl\/wp-content\/uploads\/2026\/04\/lakstempel-drukken-document-vooraanzicht-2.jpg","contentUrl":"https:\/\/www.ecrivus-multimedia.nl\/wp-content\/uploads\/2026\/04\/lakstempel-drukken-document-vooraanzicht-2.jpg","width":1000,"height":667},{"@type":"BreadcrumbList","@id":"https:\/\/www.ecrivus-multimedia.nl\/product\/uittreksel-basisregistratie-personen-brp-vertalen-beedigd\/#breadcrumb","itemListElement":[{"@type":"ListItem","position":1,"name":"Home","item":"https:\/\/www.ecrivus-multimedia.nl\/"},{"@type":"ListItem","position":2,"name":"Shop","item":"https:\/\/www.ecrivus-multimedia.nl\/shop\/"},{"@type":"ListItem","position":3,"name":"Uittreksel basisregistratie personen (BRP) vertalen (be\u00ebdigd)"}]},{"@type":"WebSite","@id":"https:\/\/www.ecrivus-multimedia.nl\/#website","url":"https:\/\/www.ecrivus-multimedia.nl\/","name":"Ecrivus International Webshop","description":"Erkende webshop voor be\u00ebdigde vertalingen.","publisher":{"@id":"https:\/\/www.ecrivus-multimedia.nl\/#organization"},"potentialAction":[{"@type":"SearchAction","target":{"@type":"EntryPoint","urlTemplate":"https:\/\/www.ecrivus-multimedia.nl\/?s={search_term_string}"},"query-input":{"@type":"PropertyValueSpecification","valueRequired":true,"valueName":"search_term_string"}}],"inLanguage":"it-IT"},{"@type":"Organization","@id":"https:\/\/www.ecrivus-multimedia.nl\/#organization","name":"Ecrivus International","url":"https:\/\/www.ecrivus-multimedia.nl\/","logo":{"@type":"ImageObject","inLanguage":"it-IT","@id":"https:\/\/www.ecrivus-multimedia.nl\/#\/schema\/logo\/image\/","url":"https:\/\/www.ecrivus-multimedia.nl\/wp-content\/uploads\/2022\/01\/cropped-small-Logo-Ecrivus-Vector-Transparent2.png","contentUrl":"https:\/\/www.ecrivus-multimedia.nl\/wp-content\/uploads\/2022\/01\/cropped-small-Logo-Ecrivus-Vector-Transparent2.png","width":512,"height":512,"caption":"Ecrivus International"},"image":{"@id":"https:\/\/www.ecrivus-multimedia.nl\/#\/schema\/logo\/image\/"},"sameAs":["https:\/\/www.facebook.com\/Ecrivus-International-676624782512639\/","https:\/\/x.com\/ecrivusint"]}]}},"_links":{"self":[{"href":"https:\/\/www.ecrivus-multimedia.nl\/it\/wp-json\/wp\/v2\/product\/44614","targetHints":{"allow":["GET"]}}],"collection":[{"href":"https:\/\/www.ecrivus-multimedia.nl\/it\/wp-json\/wp\/v2\/product"}],"about":[{"href":"https:\/\/www.ecrivus-multimedia.nl\/it\/wp-json\/wp\/v2\/types\/product"}],"replies":[{"embeddable":true,"href":"https:\/\/www.ecrivus-multimedia.nl\/it\/wp-json\/wp\/v2\/comments?post=44614"}],"wp:featuredmedia":[{"embeddable":true,"href":"https:\/\/www.ecrivus-multimedia.nl\/it\/wp-json\/wp\/v2\/media\/132609"}],"wp:attachment":[{"href":"https:\/\/www.ecrivus-multimedia.nl\/it\/wp-json\/wp\/v2\/media?parent=44614"}],"wp:term":[{"taxonomy":"product_brand","embeddable":true,"href":"https:\/\/www.ecrivus-multimedia.nl\/it\/wp-json\/wp\/v2\/product_brand?post=44614"},{"taxonomy":"product_cat","embeddable":true,"href":"https:\/\/www.ecrivus-multimedia.nl\/it\/wp-json\/wp\/v2\/product_cat?post=44614"},{"taxonomy":"product_tag","embeddable":true,"href":"https:\/\/www.ecrivus-multimedia.nl\/it\/wp-json\/wp\/v2\/product_tag?post=44614"}],"curies":[{"name":"wp","href":"https:\/\/api.w.org\/{rel}","templated":true}]}}