{"id":41283,"date":"2019-03-29T14:19:46","date_gmt":"2019-03-29T13:19:46","guid":{"rendered":"https:\/\/www.ecrivus-multimedia.nl\/?page_id=41283"},"modified":"2024-07-24T09:58:22","modified_gmt":"2024-07-24T07:58:22","slug":"levertijden-en-verzending","status":"publish","type":"page","link":"https:\/\/www.ecrivus-multimedia.nl\/pt\/prazos-de-entrega-e-envio\/","title":{"rendered":"Prazos de entrega e envio"},"content":{"rendered":"<div class=\"banner has-hover\" id=\"banner-284686142\">\n          <div class=\"banner-inner fill\">\n        <div class=\"banner-bg fill\" >\n            <img decoding=\"async\" width=\"1020\" height=\"680\" src=\"https:\/\/www.ecrivus-multimedia.nl\/wp-content\/uploads\/2020\/02\/Ecrivus-levertijden-PostNL.webp\" class=\"bg attachment-large size-large\" alt=\"\" \/>                        <div class=\"overlay\"><\/div>            \n                    <\/div>\n\t\t\n        <div class=\"banner-layers container\">\n            <div class=\"fill banner-link\"><\/div>            \n   <div id=\"text-box-150005095\" class=\"text-box banner-layer x100 md-x100 lg-x100 y100 md-y100 lg-y100 res-text\">\n                                <div class=\"text-box-content text box-shadow-3 dark\">\n              \n              <div class=\"text-inner text-center\">\n                  \n<h3 class=\"uppercase\"><strong>Rastrear e rastrear<\/strong><\/h3>\n<p>Todos os nossos <a href=\"https:\/\/www.ecrivus-multimedia.nl\/go\/be\u00ebdigde-vertaling\/\" title=\"Tradu\u00e7\u00f5es juramentadas Arquivos | Loja virtual internacional Ecrivus\" class=\"pretty-link-keyword\"rel=\"\">tradu\u00e7\u00f5es juramentadas<\/a> s\u00e3o enviados por correio registado com Track &amp; Trace e o valor \u00e9 seguro at\u00e9 50\u20ac. Acompanhe os seus documentos desde o envio at\u00e9 \u00e0 recep\u00e7\u00e3o.<\/p>\n              <\/div>\n           <\/div>\n                            \n<style>\n#text-box-150005095 .text-box-content {\n  background-color: rgba(0, 0, 0, 0.86);\n  font-size: 100%;\n}\n#text-box-150005095 .text-inner {\n  padding: 30px 30px 30px 30px;\n}\n#text-box-150005095 {\n  width: 60%;\n}\n@media (min-width:550px) {\n  #text-box-150005095 {\n    width: 40%;\n  }\n}\n<\/style>\n    <\/div>\n \n        <\/div>\n      <\/div>\n\n            \n<style>\n#banner-284686142 {\n  padding-top: 500px;\n}\n#banner-284686142 .overlay {\n  background-color: rgba(0, 0, 0, 0.2);\n}\n<\/style>\n  <\/div>\n\n\n<div class=\"row\"  id=\"row-505509701\">\n\n\t<div id=\"col-629862267\" class=\"col medium-5 small-12 large-5 col-divided\"  >\n\t\t\t\t<div class=\"col-inner\"  >\n\t\t\t\n\t\t\t\n<h4><strong>Tempos de entrega <span style=\"color: #ff6600;\">n\u00e3o juramentado <\/span>tradu\u00e7\u00f5es:<\/strong><\/h4>\n<p>Prazo de entrega padr\u00e3o: 3-5 dias \u00fateis<br \/>Entrega urgente: 1-2 dias \u00fateis (aplica-se uma taxa de urg\u00eancia)<\/p>\n<h4><strong>Despacho <span style=\"color: #ff6600;\">n\u00e3o juramentado<\/span> tradu\u00e7\u00f5es:<\/strong><\/h4>\n<p>Por email.<\/p>\n\t\t<\/div>\n\t\t\t\t\t<\/div>\n\n\t\n\n\t<div id=\"col-181328131\" class=\"col medium-7 small-12 large-7\"  >\n\t\t\t\t<div class=\"col-inner\"  >\n\t\t\t\n\t\t\t\n<h4><strong>Tempos de entrega <span style=\"color: #ff6600;\">juramentado<\/span> tradu\u00e7\u00f5es:<\/strong><\/h4>\n<p>Prazo de entrega padr\u00e3o: 5-6 dias \u00fateis<br \/>Entrega urgente: 2-3 dias \u00fateis (aplica-se uma taxa de urg\u00eancia)<\/p>\n<h4><strong>Cuidar <span style=\"color: #ff6600;\">apostila ou legaliza\u00e7\u00e3o <\/span>em um tribunal holand\u00eas<\/strong>:<\/h4>\n<p>Prazo de entrega padr\u00e3o + 1-2 dias \u00fateis<\/p>\n<h4><strong>Despacho <span style=\"color: #ff6600;\">juramentado<\/span> tradu\u00e7\u00f5es:<\/strong><\/h4>\n<p>Padr\u00e3o: por correio registrado. No dia do envio voc\u00ea receber\u00e1 um link Track &amp; Trace por e-mail para rastrear o envio.<br \/>Opcional: c\u00f3pia digital (digitalizada) por e-mail<\/p>\n<p>Custos de envio: Correio registado na Holanda (Post NL \u2013 Premium): \u20ac 9,95. <br \/>Frete gr\u00e1tis: a partir de \u20ac 199,-<\/p>\n<p>Os documentos s\u00e3o embalados em uma capa de inser\u00e7\u00e3o e enviados em envelopes resistentes a rugas e dobras, com uma pr\u00e1tica tira destac\u00e1vel.<\/p>\n<p>\u00a0<\/p>\n\t\t<\/div>\n\t\t\t\t\t<\/div>\n\n\t\n<\/div>\n<div class=\"is-divider divider clearfix\" ><\/div>\n\n  \n    <div class=\"row large-columns-4 medium-columns-3 small-columns-2 row-small slider row-slider slider-nav-reveal\"  data-flickity-options='{&quot;imagesLoaded&quot;: true, &quot;groupCells&quot;: &quot;100%&quot;, &quot;dragThreshold&quot; : 5, &quot;cellAlign&quot;: &quot;left&quot;,&quot;wrapAround&quot;: true,&quot;prevNextButtons&quot;: true,&quot;percentPosition&quot;: true,&quot;pageDots&quot;: false, &quot;rightToLeft&quot;: false, &quot;autoPlay&quot; : false}' >\n\n  <div class=\"product-category col\" >\n            <div class=\"col-inner\">\n              <a aria-label=\"Visite a categoria de produto Apostilles &amp; Legalisaties\" href=\"https:\/\/www.ecrivus-multimedia.nl\/pt\/categoria-de-produto\/apostilles-legalisaties\/\" data-no-translation-aria-label=\"\">                <div class=\"box box-category has-hover box-badge hover-dark\">\n                <div class=\"box-image\" >\n                  <div class=\"\" >\n                  <img decoding=\"async\" src=\"https:\/\/www.ecrivus-multimedia.nl\/wp-content\/uploads\/2025\/01\/Apostilles-en-legalisaties-Ecrivus-Multimedia-247x165.webp\" alt=\"Apostilles & Legalisaties\" width=\"300\" height=\"300\" \/>                                                      <\/div>\n                <\/div>\n                <div class=\"box-text text-center\" >\n                  <div class=\"box-text-inner\">\n                      <h5 class=\"uppercase header-title\">\n                              Apostilles & Legalisaties                      <\/h5>\n                                            <p class=\"is-xsmall uppercase count\">\n\t                      2 Produtos                      <\/p>\n                                            \n                  <\/div>\n                <\/div>\n                <\/div>\n            <\/a>            <\/div>\n            <\/div><div class=\"product-category col\" >\n            <div class=\"col-inner\">\n              <a aria-label=\"Visite a categoria de produto Be\u00ebdigde vertalingen\" href=\"https:\/\/www.ecrivus-multimedia.nl\/pt\/categoria-de-produto\/traducoes-juramentadas\/\" data-no-translation-aria-label=\"\">                <div class=\"box box-category has-hover box-badge hover-dark\">\n                <div class=\"box-image\" >\n                  <div class=\"\" >\n                  <img decoding=\"async\" src=\"https:\/\/www.ecrivus-multimedia.nl\/wp-content\/uploads\/2026\/04\/vrouw-reikt-document-aan-adviseur-247x165.jpg\" alt=\"Tradu\u00e7\u00f5es juramentadas\" width=\"300\" height=\"300\" \/>                                                      <\/div>\n                <\/div>\n                <div class=\"box-text text-center\" >\n                  <div class=\"box-text-inner\">\n                      <h5 class=\"uppercase header-title\">\n                              Tradu\u00e7\u00f5es juramentadas                      <\/h5>\n                                            <p class=\"is-xsmall uppercase count\">\n\t                      129 Produtos                      <\/p>\n                                            \n                  <\/div>\n                <\/div>\n                <\/div>\n            <\/a>            <\/div>\n            <\/div><div class=\"product-category col\" >\n            <div class=\"col-inner\">\n              <a aria-label=\"Visite a categoria de produto CV, sollicitatiebrieven\" href=\"https:\/\/www.ecrivus-multimedia.nl\/pt\/categoria-de-produto\/cv\/\" data-no-translation-aria-label=\"\">                <div class=\"box box-category has-hover box-badge hover-dark\">\n                <div class=\"box-image\" >\n                  <div class=\"\" >\n                  <img decoding=\"async\" src=\"https:\/\/www.ecrivus-multimedia.nl\/wp-content\/uploads\/2026\/04\/40346-247x165.webp\" alt=\"CV, cartas de candidatura\" width=\"300\" height=\"300\" \/>                                                      <\/div>\n                <\/div>\n                <div class=\"box-text text-center\" >\n                  <div class=\"box-text-inner\">\n                      <h5 class=\"uppercase header-title\">\n                              CV, cartas de candidatura                      <\/h5>\n                                            <p class=\"is-xsmall uppercase count\">\n\t                      2 Produtos                      <\/p>\n                                            \n                  <\/div>\n                <\/div>\n                <\/div>\n            <\/a>            <\/div>\n            <\/div><div class=\"product-category col\" >\n            <div class=\"col-inner\">\n              <a aria-label=\"Visite a categoria de produto Financi\u00eble vertalingen\" href=\"https:\/\/www.ecrivus-multimedia.nl\/pt\/categoria-de-produto\/traducoes-financeiras\/\" data-no-translation-aria-label=\"\">                <div class=\"box box-category has-hover box-badge hover-dark\">\n                <div class=\"box-image\" >\n                  <div class=\"\" >\n                  <img decoding=\"async\" src=\"https:\/\/www.ecrivus-multimedia.nl\/wp-content\/uploads\/2026\/04\/roze-spaarpot-sparen-budget-wit-247x247.webp\" alt=\"Tradu\u00e7\u00f5es financeiras\" width=\"300\" height=\"300\" \/>                                                      <\/div>\n                <\/div>\n                <div class=\"box-text text-center\" >\n                  <div class=\"box-text-inner\">\n                      <h5 class=\"uppercase header-title\">\n                              Tradu\u00e7\u00f5es financeiras                      <\/h5>\n                                            <p class=\"is-xsmall uppercase count\">\n\t                      4 Produtos                      <\/p>\n                                            \n                  <\/div>\n                <\/div>\n                <\/div>\n            <\/a>            <\/div>\n            <\/div><div class=\"product-category col\" >\n            <div class=\"col-inner\">\n              <a aria-label=\"Visite a categoria de produto Juridische vertalingen\" href=\"https:\/\/www.ecrivus-multimedia.nl\/pt\/categoria-de-produto\/traducoes-juridicas\/\" data-no-translation-aria-label=\"\">                <div class=\"box box-category has-hover box-badge hover-dark\">\n                <div class=\"box-image\" >\n                  <div class=\"\" >\n                  <img decoding=\"async\" src=\"https:\/\/www.ecrivus-multimedia.nl\/wp-content\/uploads\/2023\/10\/man-stempelt-document-klembord-kantoor-247x165.jpg\" alt=\"Tradu\u00e7\u00f5es jur\u00eddicas\" width=\"300\" height=\"300\" \/>                                                      <\/div>\n                <\/div>\n                <div class=\"box-text text-center\" >\n                  <div class=\"box-text-inner\">\n                      <h5 class=\"uppercase header-title\">\n                              Tradu\u00e7\u00f5es jur\u00eddicas                      <\/h5>\n                                            <p class=\"is-xsmall uppercase count\">\n\t                      129 Produtos                      <\/p>\n                                            \n                  <\/div>\n                <\/div>\n                <\/div>\n            <\/a>            <\/div>\n            <\/div><div class=\"product-category col\" >\n            <div class=\"col-inner\">\n              <a aria-label=\"Visite a categoria de produto Multimedia\" href=\"https:\/\/www.ecrivus-multimedia.nl\/pt\/categoria-de-produto\/multimidia-3\/\" data-no-translation-aria-label=\"\">                <div class=\"box box-category has-hover box-badge hover-dark\">\n                <div class=\"box-image\" >\n                  <div class=\"\" >\n                  <img decoding=\"async\" src=\"https:\/\/www.ecrivus-multimedia.nl\/wp-content\/uploads\/2023\/10\/video-editor-twee-monitoren-bewerkingssoftware-247x165.jpg\" alt=\"Multim\u00eddia\" width=\"300\" height=\"300\" \/>                                                      <\/div>\n                <\/div>\n                <div class=\"box-text text-center\" >\n                  <div class=\"box-text-inner\">\n                      <h5 class=\"uppercase header-title\">\n                              Multim\u00eddia                      <\/h5>\n                                            <p class=\"is-xsmall uppercase count\">\n\t                      13 Produtos                      <\/p>\n                                            \n                  <\/div>\n                <\/div>\n                <\/div>\n            <\/a>            <\/div>\n            <\/div><div class=\"product-category col\" >\n            <div class=\"col-inner\">\n              <a aria-label=\"Visite a categoria de produto Notari\u00eble vertalingen (notaris)\" href=\"https:\/\/www.ecrivus-multimedia.nl\/pt\/categoria-de-produto\/traducoes-notariais-notario\/\" data-no-translation-aria-label=\"\">                <div class=\"box box-category has-hover box-badge hover-dark\">\n                <div class=\"box-image\" >\n                  <div class=\"\" >\n                  <img decoding=\"async\" src=\"https:\/\/www.ecrivus-multimedia.nl\/wp-content\/uploads\/2026\/04\/rubber-stempel-document-goedkeuring-247x165.jpg\" alt=\"Tradu\u00e7\u00f5es notariais (not\u00e1rio)\" width=\"300\" height=\"300\" \/>                                                      <\/div>\n                <\/div>\n                <div class=\"box-text text-center\" >\n                  <div class=\"box-text-inner\">\n                      <h5 class=\"uppercase header-title\">\n                              Tradu\u00e7\u00f5es notariais (not\u00e1rio)                      <\/h5>\n                                            <p class=\"is-xsmall uppercase count\">\n\t                      11 Produtos                      <\/p>\n                                            \n                  <\/div>\n                <\/div>\n                <\/div>\n            <\/a>            <\/div>\n            <\/div><\/div>","protected":false},"excerpt":{"rendered":"","protected":false},"author":1,"featured_media":0,"parent":0,"menu_order":0,"comment_status":"closed","ping_status":"closed","template":"","meta":{"_acf_changed":false,"_glsr_average":0,"_glsr_ranking":0,"_glsr_reviews":0,"_joinchat":[],"footnotes":""},"class_list":["post-41283","page","type-page","status-publish","hentry"],"acf":[],"yoast_head":"<!-- This site is optimized with the Yoast SEO plugin v27.4 - https:\/\/yoast.com\/product\/yoast-seo-wordpress\/ -->\n<title>Levertijden en verzending | Ecrivus International Webshop<\/title>\n<meta name=\"robots\" content=\"index, follow, max-snippet:-1, max-image-preview:large, max-video-preview:-1\" \/>\n<link rel=\"canonical\" href=\"https:\/\/www.ecrivus-multimedia.nl\/pt\/prazos-de-entrega-e-envio\/\" \/>\n<meta property=\"og:locale\" content=\"pt_PT\" \/>\n<meta property=\"og:type\" content=\"article\" \/>\n<meta property=\"og:title\" content=\"Levertijden en verzending | Ecrivus International Webshop\" \/>\n<meta property=\"og:url\" content=\"https:\/\/www.ecrivus-multimedia.nl\/pt\/prazos-de-entrega-e-envio\/\" \/>\n<meta property=\"og:site_name\" content=\"Ecrivus International Webshop\" \/>\n<meta property=\"article:publisher\" content=\"https:\/\/www.facebook.com\/Ecrivus-International-676624782512639\/\" \/>\n<meta property=\"article:modified_time\" content=\"2024-07-24T07:58:22+00:00\" \/>\n<meta name=\"twitter:card\" content=\"summary_large_image\" \/>\n<meta name=\"twitter:site\" content=\"@ecrivusint\" \/>\n<meta name=\"twitter:label1\" content=\"Tempo estimado de leitura\" \/>\n\t<meta name=\"twitter:data1\" content=\"1 minuto\" \/>\n<script type=\"application\/ld+json\" class=\"yoast-schema-graph\">{\"@context\":\"https:\\\/\\\/schema.org\",\"@graph\":[{\"@type\":\"WebPage\",\"@id\":\"https:\\\/\\\/www.ecrivus-multimedia.nl\\\/levertijden-en-verzending\\\/\",\"url\":\"https:\\\/\\\/www.ecrivus-multimedia.nl\\\/levertijden-en-verzending\\\/\",\"name\":\"Levertijden en verzending | Ecrivus International Webshop\",\"isPartOf\":{\"@id\":\"https:\\\/\\\/www.ecrivus-multimedia.nl\\\/#website\"},\"datePublished\":\"2019-03-29T13:19:46+00:00\",\"dateModified\":\"2024-07-24T07:58:22+00:00\",\"breadcrumb\":{\"@id\":\"https:\\\/\\\/www.ecrivus-multimedia.nl\\\/levertijden-en-verzending\\\/#breadcrumb\"},\"inLanguage\":\"pt-PT\",\"potentialAction\":[{\"@type\":\"ReadAction\",\"target\":[\"https:\\\/\\\/www.ecrivus-multimedia.nl\\\/levertijden-en-verzending\\\/\"]}]},{\"@type\":\"BreadcrumbList\",\"@id\":\"https:\\\/\\\/www.ecrivus-multimedia.nl\\\/levertijden-en-verzending\\\/#breadcrumb\",\"itemListElement\":[{\"@type\":\"ListItem\",\"position\":1,\"name\":\"Home\",\"item\":\"https:\\\/\\\/www.ecrivus-multimedia.nl\\\/\"},{\"@type\":\"ListItem\",\"position\":2,\"name\":\"Levertijden en verzending\"}]},{\"@type\":\"WebSite\",\"@id\":\"https:\\\/\\\/www.ecrivus-multimedia.nl\\\/#website\",\"url\":\"https:\\\/\\\/www.ecrivus-multimedia.nl\\\/\",\"name\":\"Ecrivus International Webshop\",\"description\":\"Erkende webshop voor be\u00ebdigde vertalingen.\",\"publisher\":{\"@id\":\"https:\\\/\\\/www.ecrivus-multimedia.nl\\\/#organization\"},\"potentialAction\":[{\"@type\":\"SearchAction\",\"target\":{\"@type\":\"EntryPoint\",\"urlTemplate\":\"https:\\\/\\\/www.ecrivus-multimedia.nl\\\/?s={search_term_string}\"},\"query-input\":{\"@type\":\"PropertyValueSpecification\",\"valueRequired\":true,\"valueName\":\"search_term_string\"}}],\"inLanguage\":\"pt-PT\"},{\"@type\":\"Organization\",\"@id\":\"https:\\\/\\\/www.ecrivus-multimedia.nl\\\/#organization\",\"name\":\"Ecrivus International\",\"url\":\"https:\\\/\\\/www.ecrivus-multimedia.nl\\\/\",\"logo\":{\"@type\":\"ImageObject\",\"inLanguage\":\"pt-PT\",\"@id\":\"https:\\\/\\\/www.ecrivus-multimedia.nl\\\/#\\\/schema\\\/logo\\\/image\\\/\",\"url\":\"https:\\\/\\\/www.ecrivus-multimedia.nl\\\/wp-content\\\/uploads\\\/2022\\\/01\\\/cropped-small-Logo-Ecrivus-Vector-Transparent2.png\",\"contentUrl\":\"https:\\\/\\\/www.ecrivus-multimedia.nl\\\/wp-content\\\/uploads\\\/2022\\\/01\\\/cropped-small-Logo-Ecrivus-Vector-Transparent2.png\",\"width\":512,\"height\":512,\"caption\":\"Ecrivus International\"},\"image\":{\"@id\":\"https:\\\/\\\/www.ecrivus-multimedia.nl\\\/#\\\/schema\\\/logo\\\/image\\\/\"},\"sameAs\":[\"https:\\\/\\\/www.facebook.com\\\/Ecrivus-International-676624782512639\\\/\",\"https:\\\/\\\/x.com\\\/ecrivusint\"]}]}<\/script>\n<!-- \/ Yoast SEO plugin. -->","yoast_head_json":{"title":"Levertijden en verzending | Ecrivus International Webshop","robots":{"index":"index","follow":"follow","max-snippet":"max-snippet:-1","max-image-preview":"max-image-preview:large","max-video-preview":"max-video-preview:-1"},"canonical":"https:\/\/www.ecrivus-multimedia.nl\/pt\/prazos-de-entrega-e-envio\/","og_locale":"pt_PT","og_type":"article","og_title":"Levertijden en verzending | Ecrivus International Webshop","og_url":"https:\/\/www.ecrivus-multimedia.nl\/pt\/prazos-de-entrega-e-envio\/","og_site_name":"Ecrivus International Webshop","article_publisher":"https:\/\/www.facebook.com\/Ecrivus-International-676624782512639\/","article_modified_time":"2024-07-24T07:58:22+00:00","twitter_card":"summary_large_image","twitter_site":"@ecrivusint","twitter_misc":{"Tempo estimado de leitura":"1 minuto"},"schema":{"@context":"https:\/\/schema.org","@graph":[{"@type":"WebPage","@id":"https:\/\/www.ecrivus-multimedia.nl\/levertijden-en-verzending\/","url":"https:\/\/www.ecrivus-multimedia.nl\/levertijden-en-verzending\/","name":"Levertijden en verzending | Ecrivus International Webshop","isPartOf":{"@id":"https:\/\/www.ecrivus-multimedia.nl\/#website"},"datePublished":"2019-03-29T13:19:46+00:00","dateModified":"2024-07-24T07:58:22+00:00","breadcrumb":{"@id":"https:\/\/www.ecrivus-multimedia.nl\/levertijden-en-verzending\/#breadcrumb"},"inLanguage":"pt-PT","potentialAction":[{"@type":"ReadAction","target":["https:\/\/www.ecrivus-multimedia.nl\/levertijden-en-verzending\/"]}]},{"@type":"BreadcrumbList","@id":"https:\/\/www.ecrivus-multimedia.nl\/levertijden-en-verzending\/#breadcrumb","itemListElement":[{"@type":"ListItem","position":1,"name":"Home","item":"https:\/\/www.ecrivus-multimedia.nl\/"},{"@type":"ListItem","position":2,"name":"Levertijden en verzending"}]},{"@type":"WebSite","@id":"https:\/\/www.ecrivus-multimedia.nl\/#website","url":"https:\/\/www.ecrivus-multimedia.nl\/","name":"Ecrivus International Webshop","description":"Erkende webshop voor be\u00ebdigde vertalingen.","publisher":{"@id":"https:\/\/www.ecrivus-multimedia.nl\/#organization"},"potentialAction":[{"@type":"SearchAction","target":{"@type":"EntryPoint","urlTemplate":"https:\/\/www.ecrivus-multimedia.nl\/?s={search_term_string}"},"query-input":{"@type":"PropertyValueSpecification","valueRequired":true,"valueName":"search_term_string"}}],"inLanguage":"pt-PT"},{"@type":"Organization","@id":"https:\/\/www.ecrivus-multimedia.nl\/#organization","name":"Ecrivus International","url":"https:\/\/www.ecrivus-multimedia.nl\/","logo":{"@type":"ImageObject","inLanguage":"pt-PT","@id":"https:\/\/www.ecrivus-multimedia.nl\/#\/schema\/logo\/image\/","url":"https:\/\/www.ecrivus-multimedia.nl\/wp-content\/uploads\/2022\/01\/cropped-small-Logo-Ecrivus-Vector-Transparent2.png","contentUrl":"https:\/\/www.ecrivus-multimedia.nl\/wp-content\/uploads\/2022\/01\/cropped-small-Logo-Ecrivus-Vector-Transparent2.png","width":512,"height":512,"caption":"Ecrivus International"},"image":{"@id":"https:\/\/www.ecrivus-multimedia.nl\/#\/schema\/logo\/image\/"},"sameAs":["https:\/\/www.facebook.com\/Ecrivus-International-676624782512639\/","https:\/\/x.com\/ecrivusint"]}]}},"_links":{"self":[{"href":"https:\/\/www.ecrivus-multimedia.nl\/pt\/wp-json\/wp\/v2\/pages\/41283","targetHints":{"allow":["GET"]}}],"collection":[{"href":"https:\/\/www.ecrivus-multimedia.nl\/pt\/wp-json\/wp\/v2\/pages"}],"about":[{"href":"https:\/\/www.ecrivus-multimedia.nl\/pt\/wp-json\/wp\/v2\/types\/page"}],"author":[{"embeddable":true,"href":"https:\/\/www.ecrivus-multimedia.nl\/pt\/wp-json\/wp\/v2\/users\/1"}],"replies":[{"embeddable":true,"href":"https:\/\/www.ecrivus-multimedia.nl\/pt\/wp-json\/wp\/v2\/comments?post=41283"}],"version-history":[{"count":4,"href":"https:\/\/www.ecrivus-multimedia.nl\/pt\/wp-json\/wp\/v2\/pages\/41283\/revisions"}],"predecessor-version":[{"id":130317,"href":"https:\/\/www.ecrivus-multimedia.nl\/pt\/wp-json\/wp\/v2\/pages\/41283\/revisions\/130317"}],"wp:attachment":[{"href":"https:\/\/www.ecrivus-multimedia.nl\/pt\/wp-json\/wp\/v2\/media?parent=41283"}],"curies":[{"name":"wp","href":"https:\/\/api.w.org\/{rel}","templated":true}]}}