{"id":41300,"date":"2019-04-17T10:02:39","date_gmt":"2019-04-17T08:02:39","guid":{"rendered":"https:\/\/www.ecrivus-multimedia.nl\/?page_id=41300"},"modified":"2025-12-18T11:35:29","modified_gmt":"2025-12-18T10:35:29","slug":"privacyverklaring","status":"publish","type":"page","link":"https:\/\/www.ecrivus-multimedia.nl\/pt\/declaracao-de-privacidade\/","title":{"rendered":"Declara\u00e7\u00e3o de privacidade"},"content":{"rendered":"<h2><strong>Declara\u00e7\u00e3o de privacidade<\/strong><\/h2>\n<h4><strong>Respons\u00e1vel pelo tratamento de dados pessoais<\/strong><\/h4>\n<p><strong>Ecrivus Internacional VOF<\/strong>, localizada em Vliegveldweg 106, 6199 AD Maastricht-Airport, \u00e9 respons\u00e1vel pelo tratamento dos dados pessoais conforme indicado neste <a href=\"https:\/\/www.ecrivus-multimedia.nl\/go\/privacyverklaring-beedigde-vertaling-met-stempel\/\" title=\"Quer traduzir uma declara\u00e7\u00e3o de privacidade juramentada? Fa\u00e7a seu pedido em nossa loja virtual!\" class=\"pretty-link-keyword\"rel=\"\">declara\u00e7\u00e3o de privacidade<\/a>.<\/p>\n<h4><strong>Detalhes do contato:<\/strong><\/h4>\n<p>Estrada do Aeroporto 106<br \/>6199 AD Aeroporto de Maastricht<br \/>+31(0)43-365-5801<br \/><a href=\"http:\/\/www.ecrivus.nl\">www.ecrivus.nl<\/a><\/p>\n<h4><strong>Dados pessoais que tratamos:<br \/><\/strong><\/h4>\n<p>Ecrivus International VOF processa seus dados pessoais porque voc\u00ea usa nossos servi\u00e7os e\/ou porque voc\u00ea mesmo os fornece.<\/p>\n<p>Abaixo voc\u00ea encontrar\u00e1 uma vis\u00e3o geral dos dados pessoais que processamos:<\/p>\n<ul>\n<li>Primeiro e \u00faltimo nome<\/li>\n<li>Sexo<\/li>\n<li>Dados de endere\u00e7o<\/li>\n<li>n\u00famero de telefone<\/li>\n<li>Endere\u00e7o de email<\/li>\n<li>endere\u00e7o de IP<\/li>\n<li>Dados de localiza\u00e7\u00e3o<\/li>\n<li>Navegador de Internet e tipo de dispositivo<\/li>\n<li>Dados sobre a sua atividade no nosso site<\/li>\n<li>Outros dados pessoais que voc\u00ea fornece ativamente, por escrito (inclusive digitalmente) ou por telefone, por exemplo, por meio de uma cota\u00e7\u00e3o ou solicita\u00e7\u00e3o de registro, uma compra em nosso site ou por meio de documentos (fonte).<\/li>\n<li>n\u00famero da conta de banco<\/li>\n<li>N\u00famero de IVA e <a href=\"https:\/\/www.ecrivus-multimedia.nl\/go\/kvk-uittreksel-beedigde-vertaling-met-stempel\/\" title=\"Gostaria de traduzir um extrato juramentado da C\u00e2mara de Com\u00e9rcio? Agora dispon\u00edvel para encomenda online!\" class=\"pretty-link-keyword\"rel=\"\">C\u00e2mara de com\u00e9rcio<\/a>n\u00famero (se aplic\u00e1vel)<\/li>\n<\/ul>\n<h4><strong>N\u00e3o processamos dados pessoais especiais e\/ou sens\u00edveis<\/strong><\/h4>\n<p>Nosso site e\/ou servi\u00e7o n\u00e3o pretende coletar dados sobre visitantes do site com menos de 16 anos de idade. A menos que eles <a href=\"https:\/\/www.ecrivus-multimedia.nl\/go\/toestemmingsformulier-beedigde-vertaling-met-stempel\/\" title=\"Quer traduzir um termo de consentimento juramentado? Fa\u00e7a seu pedido em nossa loja virtual!\" class=\"pretty-link-keyword\"rel=\"\">permiss\u00e3o<\/a> ter pais ou respons\u00e1veis. No entanto, n\u00e3o podemos verificar se um visitante tem mais de 16 anos. Recomendamos, portanto, que os pais estejam envolvidos nas atividades online dos seus filhos, a fim de evitar que dados sobre crian\u00e7as sejam recolhidos sem o consentimento dos pais. <a href=\"https:\/\/www.ecrivus-multimedia.nl\/go\/toestemmingsformulier-beedigde-vertaling-met-stempel\/\" title=\"Quer traduzir um termo de consentimento juramentado? Fa\u00e7a seu pedido em nossa loja virtual!\" class=\"pretty-link-keyword\"rel=\"\">permiss\u00e3o<\/a>. Se voc\u00ea est\u00e1 convencido de que podemos passar sem ele <a href=\"https:\/\/www.ecrivus-multimedia.nl\/go\/toestemmingsformulier-beedigde-vertaling-met-stempel\/\" title=\"Quer traduzir um termo de consentimento juramentado? Fa\u00e7a seu pedido em nossa loja virtual!\" class=\"pretty-link-keyword\"rel=\"\">permiss\u00e3o<\/a> persoonlijke gegevens hebben verzameld over een minderjarige, neem dan contact met ons op via info@ecrivus.nl, dan verwijderen wij deze informatie.<\/p>\n<h4><strong>Com que finalidade e com que base tratamos dados pessoais?<\/strong><\/h4>\n<p>A Ecrivus International VOF processa os seus dados pessoais para as seguintes finalidades:<\/p>\n<ul>\n<li>Lidando com seu pagamento<\/li>\n<li>Envio de nosso <a href=\"https:\/\/www.ecrivus-multimedia.nl\/go\/nieuwsbrief-schrijven\/\" title=\"Escrever boletim informativo\" class=\"pretty-link-keyword\"rel=\"\">Boletim de Not\u00edcias<\/a> e\/ou folheto publicit\u00e1rio<\/li>\n<li>Para poder ligar ou enviar um e-mail se isso for necess\u00e1rio para nossos prop\u00f3sitos <a href=\"https:\/\/www.ecrivus-multimedia.nl\/go\/dienstverleningsovereenkomst-beedigde-vertaling-met-stempel\/\" title=\"Tradu\u00e7\u00e3o juramentada de contrato de presta\u00e7\u00e3o de servi\u00e7os? Fa\u00e7a seu pedido em nossa loja virtual!\" class=\"pretty-link-keyword\"rel=\"\">Servi\u00e7os<\/a> para poder realizar<\/li>\n<li>Para inform\u00e1-lo sobre altera\u00e7\u00f5es em nossos servi\u00e7os e produtos<\/li>\n<li>Para lhe oferecer a oportunidade de criar uma conta<\/li>\n<li>Para entregar bens e servi\u00e7os para voc\u00ea<\/li>\n<li>A Ecrivus International VOF tamb\u00e9m processa dados pessoais se formos legalmente obrigados a faz\u00ea-lo, tais como dados que necessitamos para o nosso <a href=\"https:\/\/www.ecrivus-multimedia.nl\/go\/belastingaangifte-vertalen-beedigd\/\" title=\"Quer traduzir uma declara\u00e7\u00e3o de imposto juramentada? Encomende atrav\u00e9s da nossa loja online!\" class=\"pretty-link-keyword\"rel=\"\">declara\u00e7\u00e3o de imposto<\/a>.<\/li>\n<li>A Ecrivus International VOF analisa o seu comportamento no site para melhorar o site e adaptar a gama de produtos e servi\u00e7os \u00e0s suas prefer\u00eancias.<\/li>\n<\/ul>\n<h4><strong>Tomada de decis\u00e3o automatizada<\/strong><\/h4>\n<p>A Ecrivus International VOF n\u00e3o toma decis\u00f5es com base no processamento automatizado sobre quest\u00f5es que possam ter consequ\u00eancias (significativas) para as pessoas. Isto diz respeito a decis\u00f5es que s\u00e3o tomadas por programas ou sistemas de computador, sem o envolvimento de um ser humano (por exemplo, um funcion\u00e1rio da Ecrivus International VOF).<\/p>\n<h4><strong>Por quanto tempo mantemos os dados pessoais<\/strong><\/h4>\n<p>A Ecrivus International VOF n\u00e3o armazena os seus dados pessoais por mais tempo do que o estritamente necess\u00e1rio para atingir os fins para os quais os seus dados s\u00e3o recolhidos. Em princ\u00edpio, n\u00e3o eliminamos quaisquer dados\/ficheiros pessoais, a menos que tal seja explicitamente solicitado, uma vez que devemos poder consultar o arquivo do projeto a qualquer momento para um novo trabalho (de tradu\u00e7\u00e3o). Isso garante consist\u00eancia e alta qualidade <a href=\"https:\/\/www.ecrivus-multimedia.nl\/go\/dienstverleningsovereenkomst-beedigde-vertaling-met-stempel\/\" title=\"Tradu\u00e7\u00e3o juramentada de contrato de presta\u00e7\u00e3o de servi\u00e7os? Fa\u00e7a seu pedido em nossa loja virtual!\" class=\"pretty-link-keyword\"rel=\"\">Servi\u00e7os<\/a> garantido.<\/p>\n<h4><strong>Compartilhamento de dados pessoais com terceiros<\/strong><\/h4>\n<p>Ecrivus International VOF apenas fornece os seus dados pessoais a terceiros se isso for necess\u00e1rio para a execu\u00e7\u00e3o das nossas atividades <a href=\"https:\/\/www.ecrivus-multimedia.nl\/go\/contract-beedigde-vertaling-met-stempel\/\" title=\"Quer traduzir um contrato juramentado? Fa\u00e7a seu pedido em nossa loja virtual!\" class=\"pretty-link-keyword\"rel=\"\">acordo<\/a> ou para cumprir uma obriga\u00e7\u00e3o legal.<\/p>\n<h4><strong>Cookies, ou t\u00e9cnicas semelhantes, que utilizamos<\/strong><\/h4>\n<p>Ecrivus International VOF utiliza cookies estritamente necess\u00e1rios, funcionais, t\u00e9cnicos e anal\u00edticos (rastreamento). Um cookie \u00e9 um pequeno arquivo de texto que \u00e9 armazenado no seu computador, tablet ou smartphone quando voc\u00ea visita este site pela primeira vez. Os cookies que utilizamos s\u00e3o necess\u00e1rios para o funcionamento t\u00e9cnico do site, para a sua facilidade de utiliza\u00e7\u00e3o e para otimizar o site. Eles garantem que o site funcione corretamente e, por exemplo, lembram suas configura\u00e7\u00f5es de prefer\u00eancia. Voc\u00ea pode cancelar a assinatura de cookies configurando seu navegador de internet para que ele n\u00e3o armazene mais cookies. Al\u00e9m disso, voc\u00ea tamb\u00e9m pode excluir todas as informa\u00e7\u00f5es armazenadas anteriormente atrav\u00e9s das configura\u00e7\u00f5es do seu navegador.<\/p>\n<p>Os cookies tamb\u00e9m s\u00e3o colocados neste site por terceiros. S\u00e3o, por exemplo, anunciantes e\/ou empresas de redes sociais. Abaixo est\u00e1 uma vis\u00e3o geral:<\/p>\n<table>\n<tbody>\n<tr>\n<td width=\"201\"><strong>Tipo<\/strong><\/td>\n<td width=\"201\"><strong>(Subcategoria<\/strong><\/td>\n<td width=\"201\"><strong>Biscoitos<\/strong><\/td>\n<\/tr>\n<tr>\n<td width=\"201\"><strong>Cookies estritamente necess\u00e1rios e t\u00e9cnicos<\/strong><\/td>\n<td width=\"201\">WordPress<\/td>\n<td width=\"201\">\n<ul>\n<li>Consentimento Optanon<\/li>\n<li>OptanonAlertBoxFechado<\/li>\n<li>PHPSESSID<\/li>\n<li>wordpress_test_cookie<\/li>\n<\/ul>\n<\/td>\n<\/tr>\n<tr>\n<td width=\"201\"><strong>Cookies funcionais e anal\u00edticos (rastreamento)<\/strong><\/td>\n<td width=\"201\">Tawk.to<\/td>\n<td width=\"201\">\n<ul>\n<li>__tawkuuid<\/li>\n<li>TawkConnectionTime<\/li>\n<li>Tawk_57592660fc6a7f9c2ceaecd8<\/li>\n<\/ul>\n<\/td>\n<\/tr>\n<tr>\n<td width=\"201\">\u00a0<\/td>\n<td width=\"201\">va.tawk.to<\/td>\n<td width=\"201\">\n<ul>\n<li>tawkUUID<\/li>\n<li>ss<\/li>\n<\/ul>\n<\/td>\n<\/tr>\n<tr>\n<td width=\"201\">\u00a0<\/td>\n<td width=\"201\">tawk.to<\/td>\n<td width=\"201\">\n<ul>\n<li>__cfduid<\/li>\n<\/ul>\n<\/td>\n<\/tr>\n<tr>\n<td width=\"201\"><strong>Direcionando cookies<\/strong><\/td>\n<td width=\"201\">twitter.com<\/td>\n<td width=\"201\">\n<ul>\n<li>auth_token<\/li>\n<li>tll<\/li>\n<li>sess\u00e3o_segura<\/li>\n<li>id_convidado<\/li>\n<li>__utma<\/li>\n<li>lembre-se_verificado<\/li>\n<li>lembre-se_checked_on<\/li>\n<\/ul>\n<\/td>\n<\/tr>\n<tr>\n<td width=\"201\">\u00a0<\/td>\n<td width=\"201\">cdn.syndication.twimg.com<\/td>\n<td width=\"201\">\n<ul>\n<li>longo<\/li>\n<\/ul>\n<\/td>\n<\/tr>\n<tr>\n<td width=\"201\">\u00a0<\/td>\n<td width=\"201\">distribui\u00e7\u00e3o.twitter.com<\/td>\n<td width=\"201\">\n<ul>\n<li>longo<\/li>\n<\/ul>\n<\/td>\n<\/tr>\n<\/tbody>\n<\/table>\n<h4><strong>Visualizar, ajustar ou excluir dados<\/strong><\/h4>\n<p>Voc\u00ea tem o direito de visualizar, corrigir ou excluir seus dados pessoais. Al\u00e9m disso, voc\u00ea tem o direito de solicitar qualquer <a href=\"https:\/\/www.ecrivus-multimedia.nl\/go\/toestemmingsformulier-beedigde-vertaling-met-stempel\/\" title=\"Quer traduzir um termo de consentimento juramentado? Fa\u00e7a seu pedido em nossa loja virtual!\" class=\"pretty-link-keyword\"rel=\"\">permiss\u00e3o<\/a> retirar o processamento de dados ou opor-se ao processamento dos seus dados pessoais pela Ecrivus International VOF e voc\u00ea tem direito \u00e0 portabilidade dos dados. Isto significa que voc\u00ea pode nos enviar uma solicita\u00e7\u00e3o para enviar os dados pessoais que temos sobre voc\u00ea em um arquivo de computador para voc\u00ea ou outra organiza\u00e7\u00e3o mencionada por voc\u00ea.<\/p>\n<p>Voc\u00ea pode solicitar acesso, corre\u00e7\u00e3o, exclus\u00e3o, transfer\u00eancia de dados dos seus dados pessoais ou solicitar a retirada dos seus <a href=\"https:\/\/www.ecrivus-multimedia.nl\/go\/toestemmingsformulier-beedigde-vertaling-met-stempel\/\" title=\"Quer traduzir um termo de consentimento juramentado? Fa\u00e7a seu pedido em nossa loja virtual!\" class=\"pretty-link-keyword\"rel=\"\">permiss\u00e3o<\/a> ou enviar uma obje\u00e7\u00e3o ao processamento dos seus dados pessoais para <a href=\"mailto:info@ecrivus.nl\">info@ecrivus.nl<\/a>.<\/p>\n<p>Para garantir que o pedido de acesso foi feito por voc\u00ea, solicitamos uma c\u00f3pia do seu <a href=\"https:\/\/www.ecrivus-multimedia.nl\/go\/identiteitsbewijs-vertalen-beedigd\/\" title=\"Precisa de uma tradu\u00e7\u00e3o juramentada da sua carteira de identidade ou carteira de identidade? Agora dispon\u00edvel para encomenda online!\" class=\"pretty-link-keyword\"rel=\"\">identifica\u00e7\u00e3o<\/a> a ser enviado com a solicita\u00e7\u00e3o. Nesta c\u00f3pia, inclua a foto do seu passaporte, MRZ (zona de leitura autom\u00e1tica, a faixa com n\u00fameros na parte inferior <a href=\"https:\/\/www.ecrivus-multimedia.nl\/go\/paspoort-vertalen-beedigd\/\" title=\"Tradu\u00e7\u00e3o juramentada de passaporte? Encomende atrav\u00e9s da nossa loja online!\" class=\"pretty-link-keyword\"rel=\"\">Passaporte<\/a>), n\u00famero do passaporte e N\u00famero de Atendimento ao Cidad\u00e3o (BSN) em preto. Isto \u00e9 para proteger sua privacidade. Responderemos \u00e0 sua solicita\u00e7\u00e3o o mais r\u00e1pido poss\u00edvel, mas dentro de quatro semanas.<\/p>\n<h4><strong>Como protegemos os dados pessoais<\/strong><\/h4>\n<p>A Ecrivus International VOF leva a s\u00e9rio a prote\u00e7\u00e3o dos seus dados e toma medidas apropriadas para evitar uso indevido, perda, acesso n\u00e3o autorizado, divulga\u00e7\u00e3o indesejada e modifica\u00e7\u00e3o n\u00e3o autorizada. Se voc\u00ea tem a impress\u00e3o de que seus dados n\u00e3o est\u00e3o devidamente protegidos ou h\u00e1 ind\u00edcios de uso indevido, entre em contato conosco <u>info@ecrivus.nl<\/u>.<\/p>\n<h4><strong>Data efetiva e altera\u00e7\u00f5es<br \/><\/strong><\/h4>\n<p>A Ecrivus International reserva-se o direito de fazer altera\u00e7\u00f5es a este respeito <a href=\"https:\/\/www.ecrivus-multimedia.nl\/go\/privacyverklaring-beedigde-vertaling-met-stempel\/\" title=\"Quer traduzir uma declara\u00e7\u00e3o de privacidade juramentada? Fa\u00e7a seu pedido em nossa loja virtual!\" class=\"pretty-link-keyword\"rel=\"\">declara\u00e7\u00e3o de privacidade<\/a>. Se altera\u00e7\u00f5es significativas tiverem sido feitas em nosso <a href=\"https:\/\/www.ecrivus-multimedia.nl\/go\/privacyverklaring-beedigde-vertaling-met-stempel\/\" title=\"Quer traduzir uma declara\u00e7\u00e3o de privacidade juramentada? Fa\u00e7a seu pedido em nossa loja virtual!\" class=\"pretty-link-keyword\"rel=\"\">declara\u00e7\u00e3o de privacidade<\/a>, anunciaremos isso em nosso site e forneceremos um link para o novo <a href=\"https:\/\/www.ecrivus-multimedia.nl\/go\/privacyverklaring-beedigde-vertaling-met-stempel\/\" title=\"Quer traduzir uma declara\u00e7\u00e3o de privacidade juramentada? Fa\u00e7a seu pedido em nossa loja virtual!\" class=\"pretty-link-keyword\"rel=\"\">declara\u00e7\u00e3o de privacidade<\/a> publicar. Aconselhamos voc\u00ea a fazer isso <a href=\"https:\/\/www.ecrivus-multimedia.nl\/go\/privacyverklaring-beedigde-vertaling-met-stempel\/\" title=\"Quer traduzir uma declara\u00e7\u00e3o de privacidade juramentada? Fa\u00e7a seu pedido em nossa loja virtual!\" class=\"pretty-link-keyword\"rel=\"\">declara\u00e7\u00e3o de privacidade<\/a> leia-o regularmente para saber quais informa\u00e7\u00f5es coletamos e como as usamos. A data efetiva deste <a href=\"https:\/\/www.ecrivus-multimedia.nl\/go\/privacyverklaring-beedigde-vertaling-met-stempel\/\" title=\"Quer traduzir uma declara\u00e7\u00e3o de privacidade juramentada? Fa\u00e7a seu pedido em nossa loja virtual!\" class=\"pretty-link-keyword\"rel=\"\">declara\u00e7\u00e3o de privacidade<\/a> \u00e9 1\u00ba de maio de 2018.<\/p>\n<h4><strong>Concorde com os termos e condi\u00e7\u00f5es<br \/><\/strong><\/h4>\n<p>Se voc\u00ea n\u00e3o concorda com o <a href=\"https:\/\/www.ecrivus-multimedia.nl\/go\/privacyverklaring-beedigde-vertaling-met-stempel\/\" title=\"Quer traduzir uma declara\u00e7\u00e3o de privacidade juramentada? Fa\u00e7a seu pedido em nossa loja virtual!\" class=\"pretty-link-keyword\"rel=\"\">declara\u00e7\u00e3o de privacidade<\/a> da Ecrivus International VOF conforme publicado neste site, solicitamos gentilmente, mas com urg\u00eancia, que voc\u00ea n\u00e3o use este site e\/ou os servi\u00e7os nele oferecidos.<\/p>\n<p>Ao utilizar este site e\/ou os servi\u00e7os nele oferecidos, voc\u00ea concorda com a coleta, processamento e uso dessas informa\u00e7\u00f5es pela Ecrivus International.<\/p>\n<h4><strong>Aplicabilidade<\/strong><\/h4>\n<p>Esse <a href=\"https:\/\/www.ecrivus-multimedia.nl\/go\/privacyverklaring-beedigde-vertaling-met-stempel\/\" title=\"Quer traduzir uma declara\u00e7\u00e3o de privacidade juramentada? Fa\u00e7a seu pedido em nossa loja virtual!\" class=\"pretty-link-keyword\"rel=\"\">declara\u00e7\u00e3o de privacidade<\/a> is van toepassing op alle websites, labels, handelsnamen en domeinnamen van Ecrivus International V.O.F., waaronder begrepen maar niet beperkt tot:<\/p>\n<ul>\n<li><a href=\"https:\/\/www.ecrivus.nl\">www.ecrivus.com<\/a><\/li>\n<li><a href=\"http:\/\/www.ecrivus.nl\">www.ecrivus.nl<\/a><\/li>\n<li><a href=\"http:\/\/www.ecrivus.be\">www.ecrivus.be<\/a><\/li>\n<li><a href=\"http:\/\/www.ecrivus.de\">www.ecrivus.de<\/a><\/li>\n<li><a href=\"http:\/\/www.ecrivus-multimedia.nl\/pt\/\">www.ecrivus-multimedia.nl<\/a><\/li>\n<li><a href=\"http:\/\/www.zeldzamevertalingen.nl\">www.zeldzamevertalingen.nl<\/a><\/li>\n<\/ul>\n<p><em>\u00daltima atualiza\u00e7\u00e3o: maio de 2018<\/em><\/p>\n<p><!-- OneTrust Cookies Settings button start --><\/p>\n<p><a class=\"optanon-show-settings\">Configura\u00e7\u00f5es de cookies<\/a><\/p>\n<p><!-- OneTrust Cookies Settings button end --><\/p>","protected":false},"excerpt":{"rendered":"<p>Privacyverklaring Verantwoordelijke voor de verwerking van persoonsgegevens Ecrivus International V.O.F., gevestigd aan Vliegveldweg 106, 6199 AD Maastricht-Airport, is verantwoordelijk voor de verwerking van persoonsgegevens zoals weergegeven in deze privacyverklaring. Contactgegevens: Vliegveldweg 1066199 AD Maastricht-Airport+31(0)43-365-5801www.ecrivus.nl Persoonsgegevens die wij verwerken: Ecrivus International V.O.F. verwerkt uw persoonsgegevens doordat u gebruik maakt van onze diensten en\/of omdat u deze&#8230;<\/p>","protected":false},"author":1,"featured_media":0,"parent":0,"menu_order":0,"comment_status":"closed","ping_status":"closed","template":"","meta":{"_acf_changed":false,"_glsr_average":0,"_glsr_ranking":0,"_glsr_reviews":0,"_joinchat":[],"footnotes":""},"class_list":["post-41300","page","type-page","status-publish","hentry"],"acf":[],"yoast_head":"<!-- This site is optimized with the Yoast SEO plugin v27.4 - https:\/\/yoast.com\/product\/yoast-seo-wordpress\/ -->\n<title>Privacyverklaring | Ecrivus International Webshop<\/title>\n<meta name=\"robots\" content=\"index, follow, max-snippet:-1, max-image-preview:large, max-video-preview:-1\" \/>\n<link rel=\"canonical\" href=\"https:\/\/www.ecrivus-multimedia.nl\/pt\/declaracao-de-privacidade\/\" \/>\n<meta property=\"og:locale\" content=\"pt_PT\" \/>\n<meta property=\"og:type\" content=\"article\" \/>\n<meta property=\"og:title\" content=\"Privacyverklaring | Ecrivus International Webshop\" \/>\n<meta property=\"og:description\" content=\"Privacyverklaring Verantwoordelijke voor de verwerking van persoonsgegevens Ecrivus International V.O.F., gevestigd aan Vliegveldweg 106, 6199 AD Maastricht-Airport, is verantwoordelijk voor de verwerking van persoonsgegevens zoals weergegeven in deze privacyverklaring. Contactgegevens: Vliegveldweg 1066199 AD Maastricht-Airport+31(0)43-365-5801www.ecrivus.nl Persoonsgegevens die wij verwerken: Ecrivus International V.O.F. verwerkt uw persoonsgegevens doordat u gebruik maakt van onze diensten en\/of omdat u deze...\" \/>\n<meta property=\"og:url\" content=\"https:\/\/www.ecrivus-multimedia.nl\/pt\/declaracao-de-privacidade\/\" \/>\n<meta property=\"og:site_name\" content=\"Ecrivus International Webshop\" \/>\n<meta property=\"article:publisher\" content=\"https:\/\/www.facebook.com\/Ecrivus-International-676624782512639\/\" \/>\n<meta property=\"article:modified_time\" content=\"2025-12-18T10:35:29+00:00\" \/>\n<meta name=\"twitter:card\" content=\"summary_large_image\" \/>\n<meta name=\"twitter:site\" content=\"@ecrivusint\" \/>\n<meta name=\"twitter:label1\" content=\"Tempo estimado de leitura\" \/>\n\t<meta name=\"twitter:data1\" content=\"6 minutos\" \/>\n<script type=\"application\/ld+json\" class=\"yoast-schema-graph\">{\"@context\":\"https:\\\/\\\/schema.org\",\"@graph\":[{\"@type\":\"WebPage\",\"@id\":\"https:\\\/\\\/www.ecrivus-multimedia.nl\\\/privacyverklaring\\\/\",\"url\":\"https:\\\/\\\/www.ecrivus-multimedia.nl\\\/privacyverklaring\\\/\",\"name\":\"Privacyverklaring | Ecrivus International Webshop\",\"isPartOf\":{\"@id\":\"https:\\\/\\\/www.ecrivus-multimedia.nl\\\/#website\"},\"datePublished\":\"2019-04-17T08:02:39+00:00\",\"dateModified\":\"2025-12-18T10:35:29+00:00\",\"breadcrumb\":{\"@id\":\"https:\\\/\\\/www.ecrivus-multimedia.nl\\\/privacyverklaring\\\/#breadcrumb\"},\"inLanguage\":\"pt-PT\",\"potentialAction\":[{\"@type\":\"ReadAction\",\"target\":[\"https:\\\/\\\/www.ecrivus-multimedia.nl\\\/privacyverklaring\\\/\"]}]},{\"@type\":\"BreadcrumbList\",\"@id\":\"https:\\\/\\\/www.ecrivus-multimedia.nl\\\/privacyverklaring\\\/#breadcrumb\",\"itemListElement\":[{\"@type\":\"ListItem\",\"position\":1,\"name\":\"Home\",\"item\":\"https:\\\/\\\/www.ecrivus-multimedia.nl\\\/\"},{\"@type\":\"ListItem\",\"position\":2,\"name\":\"Privacyverklaring\"}]},{\"@type\":\"WebSite\",\"@id\":\"https:\\\/\\\/www.ecrivus-multimedia.nl\\\/#website\",\"url\":\"https:\\\/\\\/www.ecrivus-multimedia.nl\\\/\",\"name\":\"Ecrivus International Webshop\",\"description\":\"Erkende webshop voor be\u00ebdigde vertalingen.\",\"publisher\":{\"@id\":\"https:\\\/\\\/www.ecrivus-multimedia.nl\\\/#organization\"},\"potentialAction\":[{\"@type\":\"SearchAction\",\"target\":{\"@type\":\"EntryPoint\",\"urlTemplate\":\"https:\\\/\\\/www.ecrivus-multimedia.nl\\\/?s={search_term_string}\"},\"query-input\":{\"@type\":\"PropertyValueSpecification\",\"valueRequired\":true,\"valueName\":\"search_term_string\"}}],\"inLanguage\":\"pt-PT\"},{\"@type\":\"Organization\",\"@id\":\"https:\\\/\\\/www.ecrivus-multimedia.nl\\\/#organization\",\"name\":\"Ecrivus International\",\"url\":\"https:\\\/\\\/www.ecrivus-multimedia.nl\\\/\",\"logo\":{\"@type\":\"ImageObject\",\"inLanguage\":\"pt-PT\",\"@id\":\"https:\\\/\\\/www.ecrivus-multimedia.nl\\\/#\\\/schema\\\/logo\\\/image\\\/\",\"url\":\"https:\\\/\\\/www.ecrivus-multimedia.nl\\\/wp-content\\\/uploads\\\/2022\\\/01\\\/cropped-small-Logo-Ecrivus-Vector-Transparent2.png\",\"contentUrl\":\"https:\\\/\\\/www.ecrivus-multimedia.nl\\\/wp-content\\\/uploads\\\/2022\\\/01\\\/cropped-small-Logo-Ecrivus-Vector-Transparent2.png\",\"width\":512,\"height\":512,\"caption\":\"Ecrivus International\"},\"image\":{\"@id\":\"https:\\\/\\\/www.ecrivus-multimedia.nl\\\/#\\\/schema\\\/logo\\\/image\\\/\"},\"sameAs\":[\"https:\\\/\\\/www.facebook.com\\\/Ecrivus-International-676624782512639\\\/\",\"https:\\\/\\\/x.com\\\/ecrivusint\"]}]}<\/script>\n<!-- \/ Yoast SEO plugin. -->","yoast_head_json":{"title":"Privacyverklaring | Ecrivus International Webshop","robots":{"index":"index","follow":"follow","max-snippet":"max-snippet:-1","max-image-preview":"max-image-preview:large","max-video-preview":"max-video-preview:-1"},"canonical":"https:\/\/www.ecrivus-multimedia.nl\/pt\/declaracao-de-privacidade\/","og_locale":"pt_PT","og_type":"article","og_title":"Privacyverklaring | Ecrivus International Webshop","og_description":"Privacyverklaring Verantwoordelijke voor de verwerking van persoonsgegevens Ecrivus International V.O.F., gevestigd aan Vliegveldweg 106, 6199 AD Maastricht-Airport, is verantwoordelijk voor de verwerking van persoonsgegevens zoals weergegeven in deze privacyverklaring. Contactgegevens: Vliegveldweg 1066199 AD Maastricht-Airport+31(0)43-365-5801www.ecrivus.nl Persoonsgegevens die wij verwerken: Ecrivus International V.O.F. verwerkt uw persoonsgegevens doordat u gebruik maakt van onze diensten en\/of omdat u deze...","og_url":"https:\/\/www.ecrivus-multimedia.nl\/pt\/declaracao-de-privacidade\/","og_site_name":"Ecrivus International Webshop","article_publisher":"https:\/\/www.facebook.com\/Ecrivus-International-676624782512639\/","article_modified_time":"2025-12-18T10:35:29+00:00","twitter_card":"summary_large_image","twitter_site":"@ecrivusint","twitter_misc":{"Tempo estimado de leitura":"6 minutos"},"schema":{"@context":"https:\/\/schema.org","@graph":[{"@type":"WebPage","@id":"https:\/\/www.ecrivus-multimedia.nl\/privacyverklaring\/","url":"https:\/\/www.ecrivus-multimedia.nl\/privacyverklaring\/","name":"Privacyverklaring | Ecrivus International Webshop","isPartOf":{"@id":"https:\/\/www.ecrivus-multimedia.nl\/#website"},"datePublished":"2019-04-17T08:02:39+00:00","dateModified":"2025-12-18T10:35:29+00:00","breadcrumb":{"@id":"https:\/\/www.ecrivus-multimedia.nl\/privacyverklaring\/#breadcrumb"},"inLanguage":"pt-PT","potentialAction":[{"@type":"ReadAction","target":["https:\/\/www.ecrivus-multimedia.nl\/privacyverklaring\/"]}]},{"@type":"BreadcrumbList","@id":"https:\/\/www.ecrivus-multimedia.nl\/privacyverklaring\/#breadcrumb","itemListElement":[{"@type":"ListItem","position":1,"name":"Home","item":"https:\/\/www.ecrivus-multimedia.nl\/"},{"@type":"ListItem","position":2,"name":"Privacyverklaring"}]},{"@type":"WebSite","@id":"https:\/\/www.ecrivus-multimedia.nl\/#website","url":"https:\/\/www.ecrivus-multimedia.nl\/","name":"Ecrivus International Webshop","description":"Erkende webshop voor be\u00ebdigde vertalingen.","publisher":{"@id":"https:\/\/www.ecrivus-multimedia.nl\/#organization"},"potentialAction":[{"@type":"SearchAction","target":{"@type":"EntryPoint","urlTemplate":"https:\/\/www.ecrivus-multimedia.nl\/?s={search_term_string}"},"query-input":{"@type":"PropertyValueSpecification","valueRequired":true,"valueName":"search_term_string"}}],"inLanguage":"pt-PT"},{"@type":"Organization","@id":"https:\/\/www.ecrivus-multimedia.nl\/#organization","name":"Ecrivus International","url":"https:\/\/www.ecrivus-multimedia.nl\/","logo":{"@type":"ImageObject","inLanguage":"pt-PT","@id":"https:\/\/www.ecrivus-multimedia.nl\/#\/schema\/logo\/image\/","url":"https:\/\/www.ecrivus-multimedia.nl\/wp-content\/uploads\/2022\/01\/cropped-small-Logo-Ecrivus-Vector-Transparent2.png","contentUrl":"https:\/\/www.ecrivus-multimedia.nl\/wp-content\/uploads\/2022\/01\/cropped-small-Logo-Ecrivus-Vector-Transparent2.png","width":512,"height":512,"caption":"Ecrivus International"},"image":{"@id":"https:\/\/www.ecrivus-multimedia.nl\/#\/schema\/logo\/image\/"},"sameAs":["https:\/\/www.facebook.com\/Ecrivus-International-676624782512639\/","https:\/\/x.com\/ecrivusint"]}]}},"_links":{"self":[{"href":"https:\/\/www.ecrivus-multimedia.nl\/pt\/wp-json\/wp\/v2\/pages\/41300","targetHints":{"allow":["GET"]}}],"collection":[{"href":"https:\/\/www.ecrivus-multimedia.nl\/pt\/wp-json\/wp\/v2\/pages"}],"about":[{"href":"https:\/\/www.ecrivus-multimedia.nl\/pt\/wp-json\/wp\/v2\/types\/page"}],"author":[{"embeddable":true,"href":"https:\/\/www.ecrivus-multimedia.nl\/pt\/wp-json\/wp\/v2\/users\/1"}],"replies":[{"embeddable":true,"href":"https:\/\/www.ecrivus-multimedia.nl\/pt\/wp-json\/wp\/v2\/comments?post=41300"}],"version-history":[{"count":1,"href":"https:\/\/www.ecrivus-multimedia.nl\/pt\/wp-json\/wp\/v2\/pages\/41300\/revisions"}],"predecessor-version":[{"id":132533,"href":"https:\/\/www.ecrivus-multimedia.nl\/pt\/wp-json\/wp\/v2\/pages\/41300\/revisions\/132533"}],"wp:attachment":[{"href":"https:\/\/www.ecrivus-multimedia.nl\/pt\/wp-json\/wp\/v2\/media?parent=41300"}],"curies":[{"name":"wp","href":"https:\/\/api.w.org\/{rel}","templated":true}]}}