{"id":42094,"date":"2019-05-09T15:56:32","date_gmt":"2019-05-09T13:56:32","guid":{"rendered":"https:\/\/www.ecrivus-multimedia.nl\/?page_id=42094"},"modified":"2026-04-12T14:34:14","modified_gmt":"2026-04-12T12:34:14","slug":"apostilles-legalisatie-landenoverzicht","status":"publish","type":"page","link":"https:\/\/www.ecrivus-multimedia.nl\/pt\/visao-geral-do-pais-de-legalizacao-de-apostila\/","title":{"rendered":"Apostilas (legaliza\u00e7\u00e3o) \u2013 vis\u00e3o geral do pa\u00eds"},"content":{"rendered":"<div class=\"banner has-hover\" id=\"banner-1063680476\">\n          <div class=\"banner-inner fill\">\n        <div class=\"banner-bg fill\" >\n            <img decoding=\"async\" width=\"1000\" height=\"684\" src=\"https:\/\/www.ecrivus-multimedia.nl\/wp-content\/uploads\/2026\/04\/2151889549.webp\" class=\"bg attachment-large size-large\" alt=\"\" \/>                                    \n                    <\/div>\n\t\t\n        <div class=\"banner-layers container\">\n            <div class=\"fill banner-link\"><\/div>            \n   <div id=\"text-box-630086298\" class=\"text-box banner-layer x95 md-x95 lg-x95 y50 md-y50 lg-y50 res-text\">\n                                <div class=\"text-box-content text box-shadow-3\">\n              \n              <div class=\"text-inner text-center\">\n                  \n<h2 class=\"uppercase\"><strong>apostilas<\/strong><\/h2>\n<h3>e legaliza\u00e7\u00f5es<\/h3>\n<p>Algumas autoridades no exterior exigem a instala\u00e7\u00e3o de um <a href=\"https:\/\/www.ecrivus-multimedia.nl\/go\/apostilles-legalisatie-landenoverzicht\/\" title=\"Apostilas (legaliza\u00e7\u00e3o) - vis\u00e3o geral do pa\u00eds\" class=\"pretty-link-keyword\"rel=\"\">apostila<\/a> do tribunal. Podemos cuidar disso para voc\u00ea. Nesta p\u00e1gina voc\u00ea pode ler tudo sobre o assunto e encontrar todos os pa\u00edses que s\u00e3o membros do tratado de apostila.<\/p>\n<a href=\"https:\/\/www.ecrivus-multimedia.nl\/pt\/categoria-produto\/traducoes-juramentadas\/\" class=\"button primary is-smaller\" >\n\t\t<span>Tradu\u00e7\u00f5es juramentadas<\/span>\n\t<i class=\"icon-angle-right\" aria-hidden=\"true\"><\/i><\/a>\n\n<a href=\"https:\/\/www.ecrivus-multimedia.nl\/pt\/categoria-de-produto\/apostilles-legalisaties\/\" class=\"button primary is-outline is-smaller\" >\n\t\t<span>APOSTILLES & LEGALISATIES<\/span>\n\t<i class=\"icon-angle-right\" aria-hidden=\"true\"><\/i><\/a>\n\n              <\/div>\n           <\/div>\n                            \n<style>\n#text-box-630086298 .text-box-content {\n  background-color: rgba(255, 255, 255, 0.86);\n  font-size: 100%;\n}\n#text-box-630086298 .text-inner {\n  padding: 30px 30px 30px 30px;\n}\n#text-box-630086298 {\n  width: 60%;\n}\n@media (min-width:550px) {\n  #text-box-630086298 {\n    width: 47%;\n  }\n}\n<\/style>\n    <\/div>\n \n        <\/div>\n      <\/div>\n\n            \n<style>\n#banner-1063680476 {\n  padding-top: 500px;\n}\n#banner-1063680476 .banner-bg img {\n  object-position: 0% 80%;\n}\n<\/style>\n  <\/div>\n\n\n<div class=\"is-divider divider clearfix\" ><\/div>\n<h4><strong>Apostilas (legaliza\u00e7\u00e3o) \u2013 vis\u00e3o geral do pa\u00eds<\/strong><\/h4>\n<p>Isto <a href=\"https:\/\/nl.wikipedia.org\/wiki\/Apostilleverdrag\" target=\"_blank\" rel=\"noopener noreferrer\">tratado de apostila<\/a> (assinado em 1961 em Haia) \u00e9 um acordo internacional entre pa\u00edses para... <a href=\"https:\/\/www.ecrivus-multimedia.nl\/go\/apostilles-legalisatie-landenoverzicht\/\" title=\"Apostilas (legaliza\u00e7\u00e3o) - vis\u00e3o geral do pa\u00eds\" class=\"pretty-link-keyword\"rel=\"\">legaliza\u00e7\u00e3o<\/a> por <a href=\"https:\/\/www.ecrivus-multimedia.nl\/go\/be\u00ebdigde-vertaling\/\" title=\"Tradu\u00e7\u00f5es juramentadas Arquivos | Loja virtual internacional Ecrivus\" class=\"pretty-link-keyword\"rel=\"\">documentos oficiais<\/a> para simplificar. O tratado significa que o <a href=\"https:\/\/www.ecrivus-multimedia.nl\/go\/apostilles-legalisatie-landenoverzicht\/\" title=\"Apostilas (legaliza\u00e7\u00e3o) - vis\u00e3o geral do pa\u00eds\" class=\"pretty-link-keyword\"rel=\"\">apostila<\/a> \u00e9 o \u00fanico formul\u00e1rio obrigat\u00f3rio <a href=\"https:\/\/www.ecrivus-multimedia.nl\/go\/apostilles-legalisatie-landenoverzicht\/\" title=\"Apostilas (legaliza\u00e7\u00e3o) - vis\u00e3o geral do pa\u00eds\" class=\"pretty-link-keyword\"rel=\"\">legaliza\u00e7\u00e3o<\/a>, se os documentos forem utilizados nos pa\u00edses que assinaram o tratado.<\/p>\n<p>O <a href=\"https:\/\/www.ecrivus-multimedia.nl\/go\/apostilles-legalisatie-landenoverzicht\/\" title=\"Apostilas (legaliza\u00e7\u00e3o) - vis\u00e3o geral do pa\u00eds\" class=\"pretty-link-keyword\"rel=\"\">apostila<\/a> em si \u00e9 um carimbo do tribunal que certifica que o seu documento \u00e9 aut\u00eantico, permitindo que ele seja utilizado legalmente no tr\u00e1fego internacional de documentos.<\/p>\n<p>A Ecrivus International tem prazer em ajud\u00e1-lo a cuidar do <a href=\"https:\/\/www.ecrivus-multimedia.nl\/go\/apostilles-legalisatie-landenoverzicht\/\" title=\"Apostilas (legaliza\u00e7\u00e3o) - vis\u00e3o geral do pa\u00eds\" class=\"pretty-link-keyword\"rel=\"\">legaliza\u00e7\u00e3o<\/a> do seu <a href=\"https:\/\/www.ecrivus-multimedia.nl\/pt\/\">documentos juramentados<\/a> por t\u00ea-lo equipado com um <a href=\"https:\/\/www.ecrivus-multimedia.nl\/go\/apostilles-legalisatie-landenoverzicht\/\" title=\"Apostilas (legaliza\u00e7\u00e3o) - vis\u00e3o geral do pa\u00eds\" class=\"pretty-link-keyword\"rel=\"\">apostila<\/a> em um dos tribunais holandeses. <a href=\"https:\/\/www.ecrivus-multimedia.nl\/pt\/categoria-de-produto\/traducoes-juramentadas\/\">Clique aqui<\/a> para voc\u00ea <a href=\"https:\/\/www.ecrivus-multimedia.nl\/go\/be\u00ebdigde-vertaling\/\" title=\"Tradu\u00e7\u00f5es juramentadas Arquivos | Loja virtual internacional Ecrivus\" class=\"pretty-link-keyword\"rel=\"\">tradu\u00e7\u00e3o juramentada<\/a> pode ser encomendado diretamente. Voc\u00ea gostaria que fossemos a tribunal por voc\u00ea? <a href=\"https:\/\/www.ecrivus-multimedia.nl\/go\/apostilles-legalisatie-landenoverzicht\/\" title=\"Apostilas (legaliza\u00e7\u00e3o) - vis\u00e3o geral do pa\u00eds\" class=\"pretty-link-keyword\"rel=\"\">apostila<\/a> para instal\u00e1-lo? Isso \u00e9 poss\u00edvel! Voc\u00ea pode selecionar isso facilmente durante o procedimento de pedido em nossa loja virtual.<\/p>\n<p>Abaixo est\u00e1 a lista de pa\u00edses que assinaram a Conven\u00e7\u00e3o Apostila.<\/p>\n<h2>a<\/h2>\n<ul>\n<li>Alb\u00e2nia (<span dir=\"ltr\" lang=\"en\">Alb\u00e2nia<\/span>)<\/li>\n<li>Andorra<\/li>\n<li>Ant\u00edgua e Barbuda (<span dir=\"ltr\" lang=\"en\">Ant\u00edgua e Barbuda<\/span>)<\/li>\n<li>Argentina (<span dir=\"ltr\" lang=\"en\">Argentina<\/span>)<\/li>\n<li>Arm\u00eania (<span dir=\"ltr\" lang=\"en\">Arm\u00eania<\/span>)<\/li>\n<li>Austr\u00e1lia (<span dir=\"ltr\" lang=\"en\">Austr\u00e1lia<\/span>)<\/li>\n<li>Azerbaij\u00e3o (<span dir=\"ltr\" lang=\"en\">Azerbaij\u00e3o<\/span>)<\/li>\n<\/ul>\n<h2>b<\/h2>\n<ul>\n<li>Bahamas (<span dir=\"ltr\" lang=\"en\">Bahamas<\/span>)<\/li>\n<li>Bahrein (<span dir=\"ltr\" lang=\"en\">Bahrein<\/span>)<\/li>\n<li>Barbados<\/li>\n<li>Bielorr\u00fassia (<span dir=\"ltr\" lang=\"en\">Bielorr\u00fassia<\/span>)<\/li>\n<li>B\u00e9lgica (<span dir=\"ltr\" lang=\"en\">B\u00e9lgica<\/span>)<\/li>\n<li>Belize<\/li>\n<li>Bol\u00edvia<\/li>\n<li>B\u00f3snia e Herzegovina (<span dir=\"ltr\" lang=\"en\">B\u00f3snia e Herzegovina<\/span>)<\/li>\n<li>Botsuana<\/li>\n<li>Brasil (<span dir=\"ltr\" lang=\"en\">Brasil<\/span>)<\/li>\n<li>Brunei Darussalam<\/li>\n<li>Bulg\u00e1ria (<span dir=\"ltr\" lang=\"en\">Bulg\u00e1ria<\/span>)<\/li>\n<li>Burundi<\/li>\n<\/ul>\n<h2>c<\/h2>\n<ul>\n<li>Canad\u00e1 (a partir de 11 de janeiro de 2024)<\/li>\n<li>Chile (Chile)<\/li>\n<li>China<\/li>\n<li>Col\u00f4mbia<\/li>\n<li>Ilhas Cook (<span dir=\"ltr\" lang=\"en\">Ilhas Cook<\/span>)<\/li>\n<li>Costa Rica<\/li>\n<li>Chipre<\/li>\n<\/ul>\n<h2>D<\/h2>\n<ul>\n<li>Dinamarca (<span dir=\"ltr\" lang=\"en\">Dinamarca<\/span>)<\/li>\n<li>Dom\u00ednica<\/li>\n<li>Rep\u00fablica Dominicana (<span dir=\"ltr\" lang=\"en\">Rep\u00fablica Dominicana<\/span>)<\/li>\n<li>Alemanha (<span dir=\"ltr\" lang=\"en\">Alemanha<\/span>)<\/li>\n<\/ul>\n<h2>E<\/h2>\n<ul>\n<li>Equador<\/li>\n<li>El Salvador<\/li>\n<li>Est\u00f4nia (<span dir=\"ltr\" lang=\"en\">Est\u00f4nia<\/span>)<\/li>\n<li>Essuat\u00edni<\/li>\n<\/ul>\n<h2>F<\/h2>\n<ul>\n<li>Fiji<\/li>\n<li>Filipinas (<span dir=\"ltr\" lang=\"en\">Filipinas<\/span>)<\/li>\n<li>Finl\u00e2ndia<\/li>\n<li>Fran\u00e7a (<span dir=\"ltr\" lang=\"en\">Fran\u00e7a<\/span>)<\/li>\n<\/ul>\n<h2>G<\/h2>\n<ul>\n<li>Ge\u00f3rgia (<span dir=\"ltr\" lang=\"en\">Ge\u00f3rgia<\/span>)<\/li>\n<li>Granada<\/li>\n<li>Gr\u00e9cia (<span dir=\"ltr\" lang=\"en\">Gr\u00e9cia<\/span>)<\/li>\n<li>Guatemala<\/li>\n<li>Guiana<\/li>\n<\/ul>\n<h2>H<\/h2>\n<ul>\n<li>Honduras<\/li>\n<li>Hungria (<span dir=\"ltr\" lang=\"en\">Hungria<\/span>)<\/li>\n<li>Hong Kong<\/li>\n<\/ul>\n<h2>EU<\/h2>\n<ul>\n<li>Irlanda (<span dir=\"ltr\" lang=\"en\">Irlanda<\/span>)<\/li>\n<li>Isl\u00e2ndia (<span dir=\"ltr\" lang=\"en\">Isl\u00e2ndia<\/span>)<\/li>\n<li>\u00cdndia<\/li>\n<li>Indon\u00e9sia (<span dir=\"ltr\" lang=\"en\">Indon\u00e9sia<\/span>)<\/li>\n<li>Israel (<span dir=\"ltr\" lang=\"en\">Israel<\/span>)<\/li>\n<li>It\u00e1lia (<span dir=\"ltr\" lang=\"en\">It\u00e1lia<\/span>)<\/li>\n<\/ul>\n<h2>J.<\/h2>\n<ul>\n<li>Jamaica<\/li>\n<li>Jap\u00e3o<\/li>\n<\/ul>\n<h2>K<\/h2>\n<ul>\n<li>Cabo Verde (<span dir=\"ltr\" lang=\"en\">Cabo Verde<\/span>)<\/li>\n<li>Cazaquist\u00e3o (<span dir=\"ltr\" lang=\"en\">Cazaquist\u00e3o<\/span>)<\/li>\n<li>Quirguist\u00e3o (<span dir=\"ltr\" lang=\"en\">Quirguist\u00e3o<\/span>)<\/li>\n<li>Kosovo<\/li>\n<li>Cro\u00e1cia (<span dir=\"ltr\" lang=\"en\">Cro\u00e1cia<\/span>)<\/li>\n<\/ul>\n<h2>eu<\/h2>\n<ul>\n<li>Let\u00f4nia (<span dir=\"ltr\" lang=\"en\">Let\u00f4nia<\/span>)<\/li>\n<li>Lesoto<\/li>\n<li>Lib\u00e9ria<\/li>\n<li>Liechtenstein<\/li>\n<li>Litu\u00e2nia (<span dir=\"ltr\" lang=\"en\">Litu\u00e2nia<\/span>)<\/li>\n<li>Luxemburgo (<span dir=\"ltr\" lang=\"en\">Luxemburgo<\/span>)<\/li>\n<\/ul>\n<h2>M<\/h2>\n<ul>\n<li>RAE de Macau<\/li>\n<li>Mal\u00e1ui<\/li>\n<li>Malta<\/li>\n<li>Marrocos (<span dir=\"ltr\" lang=\"en\">Marrocos<\/span>)<\/li>\n<li>Ilhas Marshall (<span dir=\"ltr\" lang=\"en\">Ilhas Marshall<\/span>)<\/li>\n<li>Maur\u00edcio<\/li>\n<li>M\u00e9xico<\/li>\n<li>Mold\u00e1via (<span dir=\"ltr\" lang=\"en\">Rep\u00fablica da Mold\u00e1via<\/span>)<\/li>\n<li>M\u00f4naco<\/li>\n<li>Mong\u00f3lia (<span dir=\"ltr\" lang=\"en\">Mong\u00f3lia<\/span>)<\/li>\n<li>Montenegro<\/li>\n<\/ul>\n<h2>N<\/h2>\n<ul>\n<li>Nam\u00edbia (<span dir=\"ltr\" lang=\"en\">Nam\u00edbia<\/span>)<\/li>\n<li>Os Pa\u00edses Baixos (<span dir=\"ltr\" lang=\"en\">Holanda<\/span>)<\/li>\n<li>Nicar\u00e1gua<\/li>\n<li>Nova Zel\u00e2ndia (<span dir=\"ltr\" lang=\"en\">Nova Zel\u00e2ndia<\/span>)<\/li>\n<li>Niue<\/li>\n<li>Maced\u00f4nia do Norte (<span dir=\"ltr\" lang=\"en\">Rep\u00fablica da Maced\u00f4nia do Norte<\/span>)<\/li>\n<li>Noruega (<span dir=\"ltr\" lang=\"en\">Noruega<\/span>)<\/li>\n<\/ul>\n<h2>\u00d3<\/h2>\n<ul>\n<li>Ucr\u00e2nia (<span dir=\"ltr\" lang=\"en\">Ucr\u00e2nia<\/span>)<\/li>\n<li>Uzbequist\u00e3o (<span dir=\"ltr\" lang=\"en\">Uzbequist\u00e3o<\/span>)<\/li>\n<li>Om\u00e3<\/li>\n<li>\u00c1ustria (<span dir=\"ltr\" lang=\"en\">\u00c1ustria<\/span>)<\/li>\n<\/ul>\n<h2>P<\/h2>\n<ul>\n<li>Palau<\/li>\n<li>Panam\u00e1<\/li>\n<li>Paraguai<\/li>\n<li>Peru<\/li>\n<li>Pol\u00f4nia (<span dir=\"ltr\" lang=\"en\">Pol\u00f4nia<\/span>)<\/li>\n<li>Portugal<\/li>\n<\/ul>\n<h2>R<\/h2>\n<ul>\n<li>Rom\u00eania (<span dir=\"ltr\" lang=\"en\">Rom\u00eania<\/span>)<\/li>\n<li>R\u00fassia (<span dir=\"ltr\" lang=\"en\">Federa\u00e7\u00e3o Russa<\/span>)<\/li>\n<\/ul>\n<h2>S<\/h2>\n<ul>\n<li>S\u00e3o Crist\u00f3v\u00e3o e Nevis (<span dir=\"ltr\" lang=\"en\">S\u00e3o Crist\u00f3v\u00e3o e Nevis<\/span>)<\/li>\n<li>Santa L\u00facia<\/li>\n<li>S\u00e3o Vicente e Granadinas (<span dir=\"ltr\" lang=\"en\">S\u00e3o Vicente e Granadinas<\/span>)<\/li>\n<li>Samoa<\/li>\n<li>S\u00e3o Marino<\/li>\n<li>Ar\u00e1bia Saudita (<span dir=\"ltr\" lang=\"en\">Ar\u00e1bia Saudita<\/span>)<\/li>\n<li>S\u00e3o Tom\u00e9 e Pr\u00edncipe (<span dir=\"ltr\" lang=\"en\">S\u00e3o Tom\u00e9 e Pr\u00edncipe<\/span>)<\/li>\n<li>S\u00e9rvia (<span dir=\"ltr\" lang=\"en\">S\u00e9rvia<\/span>)<\/li>\n<li>Seicheles (<span dir=\"ltr\" lang=\"en\">Seicheles<\/span>)<\/li>\n<li>Cingapura<\/li>\n<li>Eslov\u00eania (<span dir=\"ltr\" lang=\"en\">Eslov\u00eania<\/span>)<\/li>\n<li>Eslov\u00e1quia (<span dir=\"ltr\" lang=\"en\">Eslov\u00e1quia<\/span>)<\/li>\n<li>Espanha (<span dir=\"ltr\" lang=\"en\">Espanha<\/span>)<\/li>\n<li>Suriname<\/li>\n<\/ul>\n<h2>T<\/h2>\n<ul>\n<li>Tajiquist\u00e3o (<span dir=\"ltr\" lang=\"en\">Tadjiquist\u00e3o<\/span>)<\/li>\n<li>Tonga<\/li>\n<li>Trinidad e Tobago (<span dir=\"ltr\" lang=\"en\">Trinidad e Tobago<\/span>)<\/li>\n<li>Rep\u00fablica Checa (<span dir=\"ltr\" lang=\"en\">Rep\u00fablica Checa<\/span>)<\/li>\n<li>Tun\u00edsia (<span dir=\"ltr\" lang=\"en\">Tun\u00edsia<\/span>)<\/li>\n<li>Peru (<span dir=\"ltr\" lang=\"en\">Turquia<\/span>)<\/li>\n<\/ul>\n<h2>VOC\u00ca<\/h2>\n<ul>\n<li>Uruguai<\/li>\n<\/ul>\n<h2>V<\/h2>\n<ul>\n<li>Vanuatu<\/li>\n<li>Venezuela<\/li>\n<li>Reino Unido (<span dir=\"ltr\" lang=\"en\">Reino Unido<\/span>)<\/li>\n<li>Estados Unidos (<span dir=\"ltr\" lang=\"en\">Estados Unidos da Am\u00e9rica<\/span>)<\/li>\n<\/ul>\n<h2>Z<\/h2>\n<ul>\n<li>\u00c1frica do Sul (<span dir=\"ltr\" lang=\"en\">\u00c1frica do Sul<\/span>)<\/li>\n<li>Coreia do Sul (<span dir=\"ltr\" lang=\"en\">Republica da Cor\u00e9ia<\/span>)<\/li>\n<li>Su\u00e9cia (<span dir=\"ltr\" lang=\"en\">Su\u00e9cia<\/span>)<\/li>\n<li>Su\u00ed\u00e7a (<span dir=\"ltr\" lang=\"en\">Su\u00ed\u00e7a<\/span>)<\/li>\n<\/ul>","protected":false},"excerpt":{"rendered":"<p>Apostilles (legalisatie) &#8211; landenoverzicht Het apostilleverdrag (ondertekend in 1961 in Den Haag) is een internationale afspraak tussen landen om de legalisatie van offici\u00eble documenten te vereenvoudigen. Het verdrag houdt in dat de apostille geldt als de enige benodigde vorm van legalisatie, indien de documenten worden gebruikt in de landen die het verdrag hebben ondertekend. De&#8230;<\/p>","protected":false},"author":1,"featured_media":0,"parent":0,"menu_order":0,"comment_status":"closed","ping_status":"closed","template":"","meta":{"_acf_changed":false,"_glsr_average":0,"_glsr_ranking":0,"_glsr_reviews":0,"_joinchat":[],"footnotes":""},"class_list":["post-42094","page","type-page","status-publish","hentry"],"acf":[],"yoast_head":"<!-- This site is optimized with the Yoast SEO plugin v27.4 - https:\/\/yoast.com\/product\/yoast-seo-wordpress\/ -->\n<title>Apostilles (legalisatie) - landenoverzicht | Ecrivus International Webshop<\/title>\n<meta name=\"description\" content=\"Lees hier wat het apostilleverdrag inhoudt en wanneer u een apostille nodig heeft voor uw be\u00ebdigde vertaling. Incl. landenlijst. Direct online te bestellen.\" \/>\n<meta name=\"robots\" content=\"index, follow, max-snippet:-1, max-image-preview:large, max-video-preview:-1\" \/>\n<link rel=\"canonical\" href=\"https:\/\/www.ecrivus-multimedia.nl\/pt\/visao-geral-do-pais-de-legalizacao-de-apostila\/\" \/>\n<meta property=\"og:locale\" content=\"pt_PT\" \/>\n<meta property=\"og:type\" content=\"article\" \/>\n<meta property=\"og:title\" content=\"Apostilles (legalisatie) - landenoverzicht | Ecrivus International Webshop\" \/>\n<meta property=\"og:description\" content=\"Lees hier wat het apostilleverdrag inhoudt en wanneer u een apostille nodig heeft voor uw be\u00ebdigde vertaling. Incl. landenlijst. Direct online te bestellen.\" \/>\n<meta property=\"og:url\" content=\"https:\/\/www.ecrivus-multimedia.nl\/pt\/visao-geral-do-pais-de-legalizacao-de-apostila\/\" \/>\n<meta property=\"og:site_name\" content=\"Ecrivus International Webshop\" \/>\n<meta property=\"article:publisher\" content=\"https:\/\/www.facebook.com\/Ecrivus-International-676624782512639\/\" \/>\n<meta property=\"article:modified_time\" content=\"2026-04-12T12:34:14+00:00\" \/>\n<meta name=\"twitter:card\" content=\"summary_large_image\" \/>\n<meta name=\"twitter:site\" content=\"@ecrivusint\" \/>\n<meta name=\"twitter:label1\" content=\"Tempo estimado de leitura\" \/>\n\t<meta name=\"twitter:data1\" content=\"3 minutos\" \/>\n<script type=\"application\/ld+json\" class=\"yoast-schema-graph\">{\"@context\":\"https:\\\/\\\/schema.org\",\"@graph\":[{\"@type\":\"WebPage\",\"@id\":\"https:\\\/\\\/www.ecrivus-multimedia.nl\\\/apostilles-legalisatie-landenoverzicht\\\/\",\"url\":\"https:\\\/\\\/www.ecrivus-multimedia.nl\\\/apostilles-legalisatie-landenoverzicht\\\/\",\"name\":\"Apostilles (legalisatie) - landenoverzicht | Ecrivus International Webshop\",\"isPartOf\":{\"@id\":\"https:\\\/\\\/www.ecrivus-multimedia.nl\\\/#website\"},\"datePublished\":\"2019-05-09T13:56:32+00:00\",\"dateModified\":\"2026-04-12T12:34:14+00:00\",\"description\":\"Lees hier wat het apostilleverdrag inhoudt en wanneer u een apostille nodig heeft voor uw be\u00ebdigde vertaling. Incl. landenlijst. Direct online te bestellen.\",\"breadcrumb\":{\"@id\":\"https:\\\/\\\/www.ecrivus-multimedia.nl\\\/apostilles-legalisatie-landenoverzicht\\\/#breadcrumb\"},\"inLanguage\":\"pt-PT\",\"potentialAction\":[{\"@type\":\"ReadAction\",\"target\":[\"https:\\\/\\\/www.ecrivus-multimedia.nl\\\/apostilles-legalisatie-landenoverzicht\\\/\"]}]},{\"@type\":\"BreadcrumbList\",\"@id\":\"https:\\\/\\\/www.ecrivus-multimedia.nl\\\/apostilles-legalisatie-landenoverzicht\\\/#breadcrumb\",\"itemListElement\":[{\"@type\":\"ListItem\",\"position\":1,\"name\":\"Home\",\"item\":\"https:\\\/\\\/www.ecrivus-multimedia.nl\\\/\"},{\"@type\":\"ListItem\",\"position\":2,\"name\":\"Apostilles (legalisatie) &#8211; landenoverzicht\"}]},{\"@type\":\"WebSite\",\"@id\":\"https:\\\/\\\/www.ecrivus-multimedia.nl\\\/#website\",\"url\":\"https:\\\/\\\/www.ecrivus-multimedia.nl\\\/\",\"name\":\"Ecrivus International Webshop\",\"description\":\"Erkende webshop voor be\u00ebdigde vertalingen.\",\"publisher\":{\"@id\":\"https:\\\/\\\/www.ecrivus-multimedia.nl\\\/#organization\"},\"potentialAction\":[{\"@type\":\"SearchAction\",\"target\":{\"@type\":\"EntryPoint\",\"urlTemplate\":\"https:\\\/\\\/www.ecrivus-multimedia.nl\\\/?s={search_term_string}\"},\"query-input\":{\"@type\":\"PropertyValueSpecification\",\"valueRequired\":true,\"valueName\":\"search_term_string\"}}],\"inLanguage\":\"pt-PT\"},{\"@type\":\"Organization\",\"@id\":\"https:\\\/\\\/www.ecrivus-multimedia.nl\\\/#organization\",\"name\":\"Ecrivus International\",\"url\":\"https:\\\/\\\/www.ecrivus-multimedia.nl\\\/\",\"logo\":{\"@type\":\"ImageObject\",\"inLanguage\":\"pt-PT\",\"@id\":\"https:\\\/\\\/www.ecrivus-multimedia.nl\\\/#\\\/schema\\\/logo\\\/image\\\/\",\"url\":\"https:\\\/\\\/www.ecrivus-multimedia.nl\\\/wp-content\\\/uploads\\\/2022\\\/01\\\/cropped-small-Logo-Ecrivus-Vector-Transparent2.png\",\"contentUrl\":\"https:\\\/\\\/www.ecrivus-multimedia.nl\\\/wp-content\\\/uploads\\\/2022\\\/01\\\/cropped-small-Logo-Ecrivus-Vector-Transparent2.png\",\"width\":512,\"height\":512,\"caption\":\"Ecrivus International\"},\"image\":{\"@id\":\"https:\\\/\\\/www.ecrivus-multimedia.nl\\\/#\\\/schema\\\/logo\\\/image\\\/\"},\"sameAs\":[\"https:\\\/\\\/www.facebook.com\\\/Ecrivus-International-676624782512639\\\/\",\"https:\\\/\\\/x.com\\\/ecrivusint\"]}]}<\/script>\n<!-- \/ Yoast SEO plugin. -->","yoast_head_json":{"title":"Apostilles (legalisatie) - landenoverzicht | Ecrivus International Webshop","description":"Lees hier wat het apostilleverdrag inhoudt en wanneer u een apostille nodig heeft voor uw be\u00ebdigde vertaling. Incl. landenlijst. Direct online te bestellen.","robots":{"index":"index","follow":"follow","max-snippet":"max-snippet:-1","max-image-preview":"max-image-preview:large","max-video-preview":"max-video-preview:-1"},"canonical":"https:\/\/www.ecrivus-multimedia.nl\/pt\/visao-geral-do-pais-de-legalizacao-de-apostila\/","og_locale":"pt_PT","og_type":"article","og_title":"Apostilles (legalisatie) - landenoverzicht | Ecrivus International Webshop","og_description":"Lees hier wat het apostilleverdrag inhoudt en wanneer u een apostille nodig heeft voor uw be\u00ebdigde vertaling. Incl. landenlijst. Direct online te bestellen.","og_url":"https:\/\/www.ecrivus-multimedia.nl\/pt\/visao-geral-do-pais-de-legalizacao-de-apostila\/","og_site_name":"Ecrivus International Webshop","article_publisher":"https:\/\/www.facebook.com\/Ecrivus-International-676624782512639\/","article_modified_time":"2026-04-12T12:34:14+00:00","twitter_card":"summary_large_image","twitter_site":"@ecrivusint","twitter_misc":{"Tempo estimado de leitura":"3 minutos"},"schema":{"@context":"https:\/\/schema.org","@graph":[{"@type":"WebPage","@id":"https:\/\/www.ecrivus-multimedia.nl\/apostilles-legalisatie-landenoverzicht\/","url":"https:\/\/www.ecrivus-multimedia.nl\/apostilles-legalisatie-landenoverzicht\/","name":"Apostilles (legalisatie) - landenoverzicht | Ecrivus International Webshop","isPartOf":{"@id":"https:\/\/www.ecrivus-multimedia.nl\/#website"},"datePublished":"2019-05-09T13:56:32+00:00","dateModified":"2026-04-12T12:34:14+00:00","description":"Lees hier wat het apostilleverdrag inhoudt en wanneer u een apostille nodig heeft voor uw be\u00ebdigde vertaling. Incl. landenlijst. Direct online te bestellen.","breadcrumb":{"@id":"https:\/\/www.ecrivus-multimedia.nl\/apostilles-legalisatie-landenoverzicht\/#breadcrumb"},"inLanguage":"pt-PT","potentialAction":[{"@type":"ReadAction","target":["https:\/\/www.ecrivus-multimedia.nl\/apostilles-legalisatie-landenoverzicht\/"]}]},{"@type":"BreadcrumbList","@id":"https:\/\/www.ecrivus-multimedia.nl\/apostilles-legalisatie-landenoverzicht\/#breadcrumb","itemListElement":[{"@type":"ListItem","position":1,"name":"Home","item":"https:\/\/www.ecrivus-multimedia.nl\/"},{"@type":"ListItem","position":2,"name":"Apostilles (legalisatie) &#8211; landenoverzicht"}]},{"@type":"WebSite","@id":"https:\/\/www.ecrivus-multimedia.nl\/#website","url":"https:\/\/www.ecrivus-multimedia.nl\/","name":"Ecrivus International Webshop","description":"Erkende webshop voor be\u00ebdigde vertalingen.","publisher":{"@id":"https:\/\/www.ecrivus-multimedia.nl\/#organization"},"potentialAction":[{"@type":"SearchAction","target":{"@type":"EntryPoint","urlTemplate":"https:\/\/www.ecrivus-multimedia.nl\/?s={search_term_string}"},"query-input":{"@type":"PropertyValueSpecification","valueRequired":true,"valueName":"search_term_string"}}],"inLanguage":"pt-PT"},{"@type":"Organization","@id":"https:\/\/www.ecrivus-multimedia.nl\/#organization","name":"Ecrivus International","url":"https:\/\/www.ecrivus-multimedia.nl\/","logo":{"@type":"ImageObject","inLanguage":"pt-PT","@id":"https:\/\/www.ecrivus-multimedia.nl\/#\/schema\/logo\/image\/","url":"https:\/\/www.ecrivus-multimedia.nl\/wp-content\/uploads\/2022\/01\/cropped-small-Logo-Ecrivus-Vector-Transparent2.png","contentUrl":"https:\/\/www.ecrivus-multimedia.nl\/wp-content\/uploads\/2022\/01\/cropped-small-Logo-Ecrivus-Vector-Transparent2.png","width":512,"height":512,"caption":"Ecrivus International"},"image":{"@id":"https:\/\/www.ecrivus-multimedia.nl\/#\/schema\/logo\/image\/"},"sameAs":["https:\/\/www.facebook.com\/Ecrivus-International-676624782512639\/","https:\/\/x.com\/ecrivusint"]}]}},"_links":{"self":[{"href":"https:\/\/www.ecrivus-multimedia.nl\/pt\/wp-json\/wp\/v2\/pages\/42094","targetHints":{"allow":["GET"]}}],"collection":[{"href":"https:\/\/www.ecrivus-multimedia.nl\/pt\/wp-json\/wp\/v2\/pages"}],"about":[{"href":"https:\/\/www.ecrivus-multimedia.nl\/pt\/wp-json\/wp\/v2\/types\/page"}],"author":[{"embeddable":true,"href":"https:\/\/www.ecrivus-multimedia.nl\/pt\/wp-json\/wp\/v2\/users\/1"}],"replies":[{"embeddable":true,"href":"https:\/\/www.ecrivus-multimedia.nl\/pt\/wp-json\/wp\/v2\/comments?post=42094"}],"version-history":[{"count":2,"href":"https:\/\/www.ecrivus-multimedia.nl\/pt\/wp-json\/wp\/v2\/pages\/42094\/revisions"}],"predecessor-version":[{"id":132666,"href":"https:\/\/www.ecrivus-multimedia.nl\/pt\/wp-json\/wp\/v2\/pages\/42094\/revisions\/132666"}],"wp:attachment":[{"href":"https:\/\/www.ecrivus-multimedia.nl\/pt\/wp-json\/wp\/v2\/media?parent=42094"}],"curies":[{"name":"wp","href":"https:\/\/api.w.org\/{rel}","templated":true}]}}