{"id":44944,"date":"2020-02-03T15:31:18","date_gmt":"2020-02-03T14:31:18","guid":{"rendered":"https:\/\/www.ecrivus-multimedia.nl\/?page_id=44944"},"modified":"2026-04-12T14:36:19","modified_gmt":"2026-04-12T12:36:19","slug":"beedigde-vertaling-lees-alles-wat-u-moet-weten","status":"publish","type":"page","link":"https:\/\/www.ecrivus-multimedia.nl\/pt\/traducao-juramentada-leia-tudo-o-que-voce-precisa-saber\/","title":{"rendered":"Tradu\u00e7\u00e3o juramentada? Leia tudo que voc\u00ea precisa saber"},"content":{"rendered":"<div class=\"banner has-hover\" id=\"banner-639881907\">\n          <div class=\"banner-inner fill\">\n        <div class=\"banner-bg fill\" >\n            <img decoding=\"async\" width=\"1020\" height=\"679\" src=\"https:\/\/www.ecrivus-multimedia.nl\/wp-content\/uploads\/2023\/10\/diploma-lakzegel-op-stapel-boeken-1202x800.webp\" class=\"bg attachment-large size-large\" alt=\"\" \/>                                    \n                    <\/div>\n\t\t\n        <div class=\"banner-layers container\">\n            <div class=\"fill banner-link\"><\/div>            \n   <div id=\"text-box-668154616\" class=\"text-box banner-layer x50 md-x50 lg-x50 y50 md-y50 lg-y50 res-text\">\n                                <div class=\"text-box-content text dark\">\n              \n              <div class=\"text-inner text-center\">\n                  \n<h3 class=\"uppercase\"><span style=\"color: #000000;\"><strong>informa\u00e7\u00f5es tradu\u00e7\u00f5es juramentadas<br \/><\/strong><\/span><\/h3>\n<p><span style=\"color: #000000;\">Tudo o que voc\u00ea precisa saber sobre <a href=\"https:\/\/www.ecrivus-multimedia.nl\/go\/be\u00ebdigde-vertaling\/\" title=\"Tradu\u00e7\u00f5es juramentadas Arquivos | Loja virtual internacional Ecrivus\" class=\"pretty-link-keyword\"rel=\"\">tradu\u00e7\u00f5es juramentadas<\/a>.<br \/><\/span><span style=\"color: #000000;\">Pergunta espec\u00edfica? Ligue para 043-365-5801 \u2013 ficaremos felizes em ajud\u00e1-lo!<\/span><\/p>\n              <\/div>\n           <\/div>\n                            \n<style>\n#text-box-668154616 {\n  width: 69%;\n}\n#text-box-668154616 .text-box-content {\n  font-size: 100%;\n}\n<\/style>\n    <\/div>\n \n        <\/div>\n      <\/div>\n\n            \n<style>\n#banner-639881907 {\n  padding-top: 500px;\n}\n#banner-639881907 .banner-bg img {\n  object-position: 50% 70%;\n}\n<\/style>\n  <\/div>\n\n\n<div class=\"is-divider divider clearfix\" ><\/div>\n<h2><strong>O que \u00e9 uma tradu\u00e7\u00e3o juramentada<\/strong><strong>?<\/strong><\/h2>\n<p>A <a href=\"https:\/\/www.ecrivus-multimedia.nl\/go\/be\u00ebdigde-vertaling\/\" title=\"Tradu\u00e7\u00f5es juramentadas Arquivos | Loja virtual internacional Ecrivus\" class=\"pretty-link-keyword\"rel=\"\">tradu\u00e7\u00e3o juramentada<\/a> \u00e9 uma tradu\u00e7\u00e3o oficial e juridicamente v\u00e1lida de um documento formal, realizada exclusivamente por um <a href=\"https:\/\/www.ecrivus-multimedia.nl\/go\/be\u00ebdigde-vertaling\/\" title=\"Tradu\u00e7\u00f5es juramentadas Arquivos | Loja virtual internacional Ecrivus\" class=\"pretty-link-keyword\"rel=\"\">tradutor juramentado<\/a> pode ser traduzido. A <a href=\"https:\/\/www.ecrivus-multimedia.nl\/go\/be\u00ebdigde-vertaling\/\" title=\"Tradu\u00e7\u00f5es juramentadas Arquivos | Loja virtual internacional Ecrivus\" class=\"pretty-link-keyword\"rel=\"\">tradutor juramentado<\/a> sempre foi empossado por um tribunal holand\u00eas e tamb\u00e9m est\u00e1 registrado em um ou mais tribunais nos Pa\u00edses Baixos.<\/p>\n<h4><strong>Quando voc\u00ea precisa de uma tradu\u00e7\u00e3o juramentada?<\/strong><\/h4>\n<p>A <a href=\"https:\/\/www.ecrivus-multimedia.nl\/go\/be\u00ebdigde-vertaling\/\" title=\"Tradu\u00e7\u00f5es juramentadas Arquivos | Loja virtual internacional Ecrivus\" class=\"pretty-link-keyword\"rel=\"\">tradu\u00e7\u00e3o juramentada<\/a> voc\u00ea precisa de documentos que precisam ser traduzidos para outro idioma pelas autoridades oficiais (tanto na Holanda quanto no exterior). Normalmente voc\u00ea ser\u00e1 informado pela pr\u00f3pria autoridade se a tradu\u00e7\u00e3o do seu documento oficial precisa ou n\u00e3o ser juramentada.<\/p>\n<p style=\"text-align: center;\"><strong><a href=\"https:\/\/www.ecrivus-multimedia.nl\/pt\/contato\/\" class=\"su-button su-button-style-default\" style=\"color:#FFFFFF;background-color:#2D89EF;border-color:#246ec0;border-radius:7px\" target=\"_blank\" rel=\"noopener noreferrer\"><span style=\"color:#FFFFFF;padding:7px 20px;font-size:16px;line-height:24px;border-color:#6cadf4;border-radius:7px;text-shadow:none\"><i class=\"sui sui-arrow-right\" style=\"font-size:16px;color:#FFFFFF\"><\/i> D\u00favidas sobre tomar posse ou n\u00e3o? Pergunte aqui!<\/span><\/a><\/strong><\/p>\n<p>Exemplos de documentos que quase sempre exigem documento oficial <a href=\"https:\/\/www.ecrivus-multimedia.nl\/go\/be\u00ebdigde-vertaling\/\" title=\"Tradu\u00e7\u00f5es juramentadas Arquivos | Loja virtual internacional Ecrivus\" class=\"pretty-link-keyword\"rel=\"\">tradu\u00e7\u00e3o juramentada<\/a> \u00e9 necess\u00e1rio:<\/p>\n<ul>\n<li><a href=\"https:\/\/www.ecrivus-multimedia.nl\/go\/juridisch-document-vertalen-beedigd\/\" title=\"Precisa de uma tradu\u00e7\u00e3o juramentada de um documento jur\u00eddico? Encomende atrav\u00e9s da nossa loja online!\" class=\"pretty-link-keyword\"rel=\"\">Documentos legais<\/a> (convoca\u00e7\u00f5es, julgamentos, <a href=\"https:\/\/www.ecrivus-multimedia.nl\/go\/beschikking-beedigde-vertaling-met-stempel\/\" title=\"Tradu\u00e7\u00e3o juramentada de decis\u00e3o? Fa\u00e7a seu pedido em nossa loja virtual!\" class=\"pretty-link-keyword\"rel=\"\">decis\u00f5es<\/a>, mandados de oficiais de justi\u00e7a, peti\u00e7\u00f5es, defesas)<\/li>\n<li>Documentos notariais (<a href=\"https:\/\/www.ecrivus-multimedia.nl\/pt\/produtos\/traduzir-contrato-social-juramentado\/\">estatutos<\/a>, <a href=\"https:\/\/www.ecrivus-multimedia.nl\/pt\/produtos\/traducao-da-escritura-de-constituicao-juramentada\/\">artigos de incorpora\u00e7\u00e3o<\/a>, <a href=\"https:\/\/www.ecrivus-multimedia.nl\/pt\/produtos\/traducao-da-escritura-de-compra-juramentada\/\">escrituras de compra<\/a>, <a href=\"https:\/\/www.ecrivus-multimedia.nl\/pt\/produtos\/sera-traducao-juramentada\/\">testamentos<\/a>, <a href=\"https:\/\/www.ecrivus-multimedia.nl\/pt\/produtos\/escritura-notarial-traduzida-juramentada\/\">declara\u00e7\u00f5es sobre direito de heran\u00e7a<\/a>)<\/li>\n<li><a href=\"https:\/\/www.ecrivus-multimedia.nl\/go\/document-burgerlijke-stand-beedigde-vertaling-met-stempel\/\" title=\"go\/documento-status-civil-tradu\u00e7\u00e3o-juramentada-com-selo\" class=\"pretty-link-keyword\"rel=\"\">Estado civil<\/a>-documentos (<a href=\"https:\/\/www.ecrivus-multimedia.nl\/go\/rijbewijs-beedigde-vertaling-met-stempel\/\" title=\"Tradu\u00e7\u00e3o juramentada de carteira de habilita\u00e7\u00e3o? Fa\u00e7a seu pedido em nossa loja virtual!\" class=\"pretty-link-keyword\"rel=\"\">carteiras de motorista<\/a>, <a href=\"https:\/\/www.ecrivus-multimedia.nl\/pt\/produtos\/traducao-juramentada-de-passaporte\/\">passaportes<\/a>, <a href=\"https:\/\/www.ecrivus-multimedia.nl\/pt\/produtos\/extrato-do-cadastro-basico-de-pessoas-traducao-brp-juramentada\/\">extratos do cadastro populacional<\/a>, <a href=\"https:\/\/www.ecrivus-multimedia.nl\/pt\/produtos\/traducao-juramentada-de-certidao-de-nascimento-com-carimbo\/\">certid\u00f5es de nascimento<\/a>, <a href=\"https:\/\/www.ecrivus-multimedia.nl\/pt\/produtos\/traducao-juramentada-de-certidao-de-obito\/\">certid\u00f5es de \u00f3bito<\/a>, <a href=\"https:\/\/www.ecrivus-multimedia.nl\/pt\/produtos\/certidao-de-casamento-traduzida-juramentada\/\">certid\u00f5es de casamento<\/a>, <a href=\"https:\/\/www.ecrivus-multimedia.nl\/go\/notariele-akte-vertalen-beedigd\/\" title=\"Quer traduzir uma escritura notarial juramentada? Encomende atrav\u00e9s da nossa loja online!\" class=\"pretty-link-keyword\"rel=\"\">atos<\/a> <a href=\"https:\/\/www.ecrivus-multimedia.nl\/pt\/produtos\/escritura-notarial-traduzida-juramentada\/\">parceria registada<\/a>, <a href=\"https:\/\/www.ecrivus-multimedia.nl\/pt\/produtos\/certidao-de-divorcio-traduzida-juramentada\/\">certid\u00f5es de div\u00f3rcio<\/a>)<\/li>\n<li><a href=\"https:\/\/www.ecrivus-multimedia.nl\/go\/contract-beedigde-vertaling-met-stempel\/\" title=\"Quer traduzir um contrato juramentado? Fa\u00e7a seu pedido em nossa loja virtual!\" class=\"pretty-link-keyword\"rel=\"\">Acordos<\/a> ou <a href=\"https:\/\/www.ecrivus-multimedia.nl\/go\/contract-beedigde-vertaling-met-stempel\/\" title=\"Quer traduzir um contrato juramentado? Fa\u00e7a seu pedido em nossa loja virtual!\" class=\"pretty-link-keyword\"rel=\"\">contratos<\/a> (<a href=\"https:\/\/www.ecrivus-multimedia.nl\/pt\/produtos\/traduzir-contrato-de-aluguel-juramentado\/\">contratos de aluguer<\/a>, <a href=\"https:\/\/www.ecrivus-multimedia.nl\/go\/koopovereenkomst-beedigde-vertaling-met-stempel\/\" title=\"Quer traduzir um contrato de compra juramentado? Fa\u00e7a seu pedido em nossa loja virtual!\" class=\"pretty-link-keyword\"rel=\"\">acordos de compra<\/a>, <a href=\"https:\/\/www.ecrivus-multimedia.nl\/go\/arbeidsovereenkomst-beedigde-vertaling-met-stempel\/\" title=\"Quer traduzir um contrato de trabalho juramentado? Fa\u00e7a seu pedido em nossa loja virtual!\" class=\"pretty-link-keyword\"rel=\"\">Contratos de trabalho<\/a>, acordos de pens\u00e3o)<\/li>\n<li>Outros <a href=\"https:\/\/www.ecrivus-multimedia.nl\/go\/be\u00ebdigde-vertaling\/\" title=\"Tradu\u00e7\u00f5es juramentadas Arquivos | Loja virtual internacional Ecrivus\" class=\"pretty-link-keyword\"rel=\"\">documentos oficiais<\/a> como documentos de emigra\u00e7\u00e3o, <a href=\"https:\/\/www.ecrivus-multimedia.nl\/pt\/produtos\/diploma-em-traducao-juramentada\/\">diplomas<\/a>, <a href=\"https:\/\/www.ecrivus-multimedia.nl\/go\/diploma-vertalen-beedigd\/\" title=\"Precisa de um diploma de tradu\u00e7\u00e3o juramentada? Agora dispon\u00edvel para encomenda online!\" class=\"pretty-link-keyword\"rel=\"\">certificados<\/a>, <a href=\"https:\/\/www.ecrivus-multimedia.nl\/pt\/produtos\/traducao-da-lista-de-notas-juramentada\/\">listas de notas<\/a>, refer\u00eancias, recibos de pagamento, declara\u00e7\u00f5es do empregador, documentos fiscais, <a href=\"https:\/\/www.ecrivus-multimedia.nl\/pt\/produtos\/extrato-da-camara-de-comercio-traducao-juramentada-com-carimbo\/\">extratos da C\u00e2mara de Com\u00e9rcio<\/a><\/li>\n<\/ul>\n<h4><strong>Como \u00e9 uma tradu\u00e7\u00e3o juramentada?<\/strong><\/h4>\n<p>Quando voc\u00ea encomenda um de n\u00f3s <a href=\"https:\/\/www.ecrivus-multimedia.nl\/go\/be\u00ebdigde-vertaling\/\" title=\"Tradu\u00e7\u00f5es juramentadas Arquivos | Loja virtual internacional Ecrivus\" class=\"pretty-link-keyword\"rel=\"\">tradu\u00e7\u00e3o juramentada<\/a> Se voc\u00ea fizer o pedido, receber\u00e1 um pacote encadernado composto por 3 partes por carta postal (registrada):<\/p>\n<ol>\n<li><strong>O original<\/strong>: tamb\u00e9m \u00e9 chamado de texto original ou texto fonte. Voc\u00ea deve carregar o original com seu pedido em nossa loja virtual por meio de uma digitaliza\u00e7\u00e3o bem exposta ou foto recortada com seu smartphone\/tablet.<\/li>\n<li><strong>O <a href=\"https:\/\/www.ecrivus-multimedia.nl\/go\/be\u00ebdigde-vertaling\/\" title=\"Tradu\u00e7\u00f5es juramentadas Arquivos | Loja virtual internacional Ecrivus\" class=\"pretty-link-keyword\"rel=\"\">tradu\u00e7\u00e3o juramentada<\/a><\/strong>: o <a href=\"https:\/\/www.ecrivus-multimedia.nl\/go\/be\u00ebdigde-vertaling\/\" title=\"Tradu\u00e7\u00f5es juramentadas Arquivos | Loja virtual internacional Ecrivus\" class=\"pretty-link-keyword\"rel=\"\">tradu\u00e7\u00e3o juramentada<\/a> \u00e9 anexado ao original e munido de carimbo de legaliza\u00e7\u00e3o ou <a href=\"https:\/\/www.ecrivus-multimedia.nl\/go\/apostilles-legalisatie-landenoverzicht\/\" title=\"Apostilas (legaliza\u00e7\u00e3o) - vis\u00e3o geral do pa\u00eds\" class=\"pretty-link-keyword\"rel=\"\">apostila<\/a> (se solicitado) e assinatura do tradutor juramentado. O documento traduzido tem o mesmo valor jur\u00eddico do original.<\/li>\n<li><strong>O oficial <a href=\"https:\/\/www.ecrivus-multimedia.nl\/go\/verklaring-beedigde-vertaling-met-stempel\/\" title=\"Quer traduzir uma declara\u00e7\u00e3o juramentada? Fa\u00e7a seu pedido em nossa loja virtual!\" class=\"pretty-link-keyword\"rel=\"\">declara\u00e7\u00e3o<\/a> do <a href=\"https:\/\/www.ecrivus-multimedia.nl\/go\/be\u00ebdigde-vertaling\/\" title=\"Tradu\u00e7\u00f5es juramentadas Arquivos | Loja virtual internacional Ecrivus\" class=\"pretty-link-keyword\"rel=\"\">tradutor juramentado<\/a><\/strong>: nisso <a href=\"https:\/\/www.ecrivus-multimedia.nl\/go\/verklaring-beedigde-vertaling-met-stempel\/\" title=\"Quer traduzir uma declara\u00e7\u00e3o juramentada? Fa\u00e7a seu pedido em nossa loja virtual!\" class=\"pretty-link-keyword\"rel=\"\">declara\u00e7\u00e3o<\/a>, munido de assinatura, carimbo oficial e data, o tradutor juramentado declara que a tradu\u00e7\u00e3o \u00e9 fiel ao original.<\/li>\n<\/ol>\n<p>As 3 partes acima s\u00e3o inviol\u00e1veis e unidas em um pacote.<\/p>\n<h4><strong>Apostilas e legaliza\u00e7\u00f5es<\/strong><\/h4>\n<p>\u00c0s vezes, as autoridades exigem garantias adicionais de que a assinatura no <a href=\"https:\/\/www.ecrivus-multimedia.nl\/go\/be\u00ebdigde-vertaling\/\" title=\"Tradu\u00e7\u00f5es juramentadas Arquivos | Loja virtual internacional Ecrivus\" class=\"pretty-link-keyword\"rel=\"\">tradu\u00e7\u00e3o juramentada<\/a> na verdade pertence ao tradutor juramentado envolvido. Nesse caso pode-se <a href=\"https:\/\/www.ecrivus-multimedia.nl\/pt\/visao-geral-do-pais-de-legalizacao-de-apostila\/\">legaliza\u00e7\u00e3o ou apostila<\/a> s\u00e3o solicitados. Ambos <a href=\"https:\/\/www.ecrivus-multimedia.nl\/go\/apostilles-legalisatie-landenoverzicht\/\" title=\"Apostilas (legaliza\u00e7\u00e3o) - vis\u00e3o geral do pa\u00eds\" class=\"pretty-link-keyword\"rel=\"\">legaliza\u00e7\u00f5es<\/a> como <a href=\"https:\/\/www.ecrivus-multimedia.nl\/go\/apostilles-legalisatie-landenoverzicht\/\" title=\"Apostilas (legaliza\u00e7\u00e3o) - vis\u00e3o geral do pa\u00eds\" class=\"pretty-link-keyword\"rel=\"\">apostilas<\/a> pode ser encomendado de forma r\u00e1pida e f\u00e1cil em nossa loja virtual!<\/p>\n<h4><strong>Por que Ecrivus Multim\u00eddia?<\/strong><\/h4>\n<div class=\"su-list\" style=\"margin-left:0px\">\n<ul>\n<li style=\"list-style-type: none;\">\n<ul>\n<li style=\"list-style-type: none;\">\n<ul>\n<li><i class=\"sui sui-check\" style=\"color:#333\"><\/i> Trabalha exclusivamente com tradutores juramentados cadastrados no Cadastro de Int\u00e9rpretes e Tradutores Juramentados.<\/li>\n<li><i class=\"sui sui-check\" style=\"color:#333\"><\/i> Trabalha de acordo com o c\u00f3digo de conduta para int\u00e9rpretes e tradutores no contexto da Lei dos Int\u00e9rpretes e Tradutores Ajuramentados.<\/li>\n<li><i class=\"sui sui-check\" style=\"color:#333\"><\/i> Fornece documentos traduzidos e certificados, reconhecidos nacional e internacionalmente.<\/li>\n<li><i class=\"sui sui-check\" style=\"color:#333\"><\/i> Amplo conhecimento e experi\u00eancia na \u00e1rea de <a href=\"https:\/\/www.ecrivus-multimedia.nl\/pt\/categoria-de-produto\/traducoes-juramentadas\/\">tradu\u00e7\u00f5es juramentadas<\/a>, <a href=\"https:\/\/www.ecrivus-multimedia.nl\/go\/apostilles-legalisatie-landenoverzicht\/\" title=\"Apostilas (legaliza\u00e7\u00e3o) - vis\u00e3o geral do pa\u00eds\" class=\"pretty-link-keyword\"rel=\"\">legaliza\u00e7\u00f5es<\/a> e <a href=\"https:\/\/www.ecrivus-multimedia.nl\/go\/apostilles-legalisatie-landenoverzicht\/\" title=\"Apostilas (legaliza\u00e7\u00e3o) - vis\u00e3o geral do pa\u00eds\" class=\"pretty-link-keyword\"rel=\"\">apostilas<\/a>.<\/li>\n<li><i class=\"sui sui-check\" style=\"color:#333\"><\/i> R\u00e1pido e f\u00e1cil de encomendar na nossa loja online, 100% fi\u00e1vel e sempre com pre\u00e7os competitivos.<\/li>\n<\/ul>\n<\/li>\n<\/ul>\n<\/li>\n<\/ul>\n<\/div>\n<p style=\"text-align: center;\"><a href=\"https:\/\/www.ecrivus-multimedia.nl\/pt\/categoria-de-produto\/traducoes-juramentadas\/\" class=\"su-button su-button-style-default\" style=\"color:#FFFFFF;background-color:#2D89EF;border-color:#246ec0;border-radius:7px\" target=\"_self\"><span style=\"color:#FFFFFF;padding:7px 20px;font-size:16px;line-height:24px;border-color:#6cadf4;border-radius:7px;text-shadow:none\"><i class=\"sui sui-arrow-right\" style=\"font-size:16px;color:#FFFFFF\"><\/i> Solicite uma tradu\u00e7\u00e3o juramentada agora na loja virtual<\/span><\/a>","protected":false},"excerpt":{"rendered":"<p>Wat is een be\u00ebdigde vertaling? Een be\u00ebdigde vertaling is een offici\u00eble, rechtsgeldige vertaling van een formeel document die uitsluitend door een be\u00ebdigd vertaler mag worden vertaald. Een be\u00ebdigd vertaler is altijd be\u00ebdigd door een Nederlandse rechtbank en staat tevens bij \u00e9\u00e9n of meerdere rechtbanken in Nederland geregistreerd. Wanneer heeft u een be\u00ebdigde vertaling nodig? Een&#8230;<\/p>","protected":false},"author":1,"featured_media":0,"parent":0,"menu_order":0,"comment_status":"closed","ping_status":"closed","template":"","meta":{"_acf_changed":false,"_glsr_average":0,"_glsr_ranking":0,"_glsr_reviews":0,"_joinchat":[],"footnotes":""},"class_list":["post-44944","page","type-page","status-publish","hentry"],"acf":[],"yoast_head":"<!-- This site is optimized with the Yoast SEO plugin v27.4 - https:\/\/yoast.com\/product\/yoast-seo-wordpress\/ -->\n<title>Be\u00ebdigde vertaling? Lees alles wat u moet weten | Webshop<\/title>\n<meta name=\"description\" content=\"Bestel uw be\u00ebdigde vertaling direct in onze webshop. Op deze pagina leest u alles over be\u00ebdigde vertalingen, legalisaties, apostilles en meer!\" \/>\n<meta name=\"robots\" content=\"index, follow, max-snippet:-1, max-image-preview:large, max-video-preview:-1\" \/>\n<link rel=\"canonical\" href=\"https:\/\/www.ecrivus-multimedia.nl\/pt\/traducao-juramentada-leia-tudo-o-que-voce-precisa-saber\/\" \/>\n<meta property=\"og:locale\" content=\"pt_PT\" \/>\n<meta property=\"og:type\" content=\"article\" \/>\n<meta property=\"og:title\" content=\"Be\u00ebdigde vertaling? Lees alles wat u moet weten | Webshop\" \/>\n<meta property=\"og:description\" content=\"Bestel uw be\u00ebdigde vertaling direct in onze webshop. Op deze pagina leest u alles over be\u00ebdigde vertalingen, legalisaties, apostilles en meer!\" \/>\n<meta property=\"og:url\" content=\"https:\/\/www.ecrivus-multimedia.nl\/pt\/traducao-juramentada-leia-tudo-o-que-voce-precisa-saber\/\" \/>\n<meta property=\"og:site_name\" content=\"Ecrivus International Webshop\" \/>\n<meta property=\"article:publisher\" content=\"https:\/\/www.facebook.com\/Ecrivus-International-676624782512639\/\" \/>\n<meta property=\"article:modified_time\" content=\"2026-04-12T12:36:19+00:00\" \/>\n<meta name=\"twitter:card\" content=\"summary_large_image\" \/>\n<meta name=\"twitter:site\" content=\"@ecrivusint\" \/>\n<meta name=\"twitter:label1\" content=\"Tempo estimado de leitura\" \/>\n\t<meta name=\"twitter:data1\" content=\"3 minutos\" \/>\n<script type=\"application\/ld+json\" class=\"yoast-schema-graph\">{\"@context\":\"https:\\\/\\\/schema.org\",\"@graph\":[{\"@type\":\"WebPage\",\"@id\":\"https:\\\/\\\/www.ecrivus-multimedia.nl\\\/beedigde-vertaling-lees-alles-wat-u-moet-weten\\\/\",\"url\":\"https:\\\/\\\/www.ecrivus-multimedia.nl\\\/beedigde-vertaling-lees-alles-wat-u-moet-weten\\\/\",\"name\":\"Be\u00ebdigde vertaling? Lees alles wat u moet weten | Webshop\",\"isPartOf\":{\"@id\":\"https:\\\/\\\/www.ecrivus-multimedia.nl\\\/#website\"},\"datePublished\":\"2020-02-03T14:31:18+00:00\",\"dateModified\":\"2026-04-12T12:36:19+00:00\",\"description\":\"Bestel uw be\u00ebdigde vertaling direct in onze webshop. Op deze pagina leest u alles over be\u00ebdigde vertalingen, legalisaties, apostilles en meer!\",\"breadcrumb\":{\"@id\":\"https:\\\/\\\/www.ecrivus-multimedia.nl\\\/beedigde-vertaling-lees-alles-wat-u-moet-weten\\\/#breadcrumb\"},\"inLanguage\":\"pt-PT\",\"potentialAction\":[{\"@type\":\"ReadAction\",\"target\":[\"https:\\\/\\\/www.ecrivus-multimedia.nl\\\/beedigde-vertaling-lees-alles-wat-u-moet-weten\\\/\"]}]},{\"@type\":\"BreadcrumbList\",\"@id\":\"https:\\\/\\\/www.ecrivus-multimedia.nl\\\/beedigde-vertaling-lees-alles-wat-u-moet-weten\\\/#breadcrumb\",\"itemListElement\":[{\"@type\":\"ListItem\",\"position\":1,\"name\":\"Home\",\"item\":\"https:\\\/\\\/www.ecrivus-multimedia.nl\\\/\"},{\"@type\":\"ListItem\",\"position\":2,\"name\":\"Be\u00ebdigde vertaling? Lees alles wat u moet weten\"}]},{\"@type\":\"WebSite\",\"@id\":\"https:\\\/\\\/www.ecrivus-multimedia.nl\\\/#website\",\"url\":\"https:\\\/\\\/www.ecrivus-multimedia.nl\\\/\",\"name\":\"Ecrivus International Webshop\",\"description\":\"Erkende webshop voor be\u00ebdigde vertalingen.\",\"publisher\":{\"@id\":\"https:\\\/\\\/www.ecrivus-multimedia.nl\\\/#organization\"},\"potentialAction\":[{\"@type\":\"SearchAction\",\"target\":{\"@type\":\"EntryPoint\",\"urlTemplate\":\"https:\\\/\\\/www.ecrivus-multimedia.nl\\\/?s={search_term_string}\"},\"query-input\":{\"@type\":\"PropertyValueSpecification\",\"valueRequired\":true,\"valueName\":\"search_term_string\"}}],\"inLanguage\":\"pt-PT\"},{\"@type\":\"Organization\",\"@id\":\"https:\\\/\\\/www.ecrivus-multimedia.nl\\\/#organization\",\"name\":\"Ecrivus International\",\"url\":\"https:\\\/\\\/www.ecrivus-multimedia.nl\\\/\",\"logo\":{\"@type\":\"ImageObject\",\"inLanguage\":\"pt-PT\",\"@id\":\"https:\\\/\\\/www.ecrivus-multimedia.nl\\\/#\\\/schema\\\/logo\\\/image\\\/\",\"url\":\"https:\\\/\\\/www.ecrivus-multimedia.nl\\\/wp-content\\\/uploads\\\/2022\\\/01\\\/cropped-small-Logo-Ecrivus-Vector-Transparent2.png\",\"contentUrl\":\"https:\\\/\\\/www.ecrivus-multimedia.nl\\\/wp-content\\\/uploads\\\/2022\\\/01\\\/cropped-small-Logo-Ecrivus-Vector-Transparent2.png\",\"width\":512,\"height\":512,\"caption\":\"Ecrivus International\"},\"image\":{\"@id\":\"https:\\\/\\\/www.ecrivus-multimedia.nl\\\/#\\\/schema\\\/logo\\\/image\\\/\"},\"sameAs\":[\"https:\\\/\\\/www.facebook.com\\\/Ecrivus-International-676624782512639\\\/\",\"https:\\\/\\\/x.com\\\/ecrivusint\"]}]}<\/script>\n<!-- \/ Yoast SEO plugin. -->","yoast_head_json":{"title":"Be\u00ebdigde vertaling? Lees alles wat u moet weten | Webshop","description":"Bestel uw be\u00ebdigde vertaling direct in onze webshop. Op deze pagina leest u alles over be\u00ebdigde vertalingen, legalisaties, apostilles en meer!","robots":{"index":"index","follow":"follow","max-snippet":"max-snippet:-1","max-image-preview":"max-image-preview:large","max-video-preview":"max-video-preview:-1"},"canonical":"https:\/\/www.ecrivus-multimedia.nl\/pt\/traducao-juramentada-leia-tudo-o-que-voce-precisa-saber\/","og_locale":"pt_PT","og_type":"article","og_title":"Be\u00ebdigde vertaling? Lees alles wat u moet weten | Webshop","og_description":"Bestel uw be\u00ebdigde vertaling direct in onze webshop. Op deze pagina leest u alles over be\u00ebdigde vertalingen, legalisaties, apostilles en meer!","og_url":"https:\/\/www.ecrivus-multimedia.nl\/pt\/traducao-juramentada-leia-tudo-o-que-voce-precisa-saber\/","og_site_name":"Ecrivus International Webshop","article_publisher":"https:\/\/www.facebook.com\/Ecrivus-International-676624782512639\/","article_modified_time":"2026-04-12T12:36:19+00:00","twitter_card":"summary_large_image","twitter_site":"@ecrivusint","twitter_misc":{"Tempo estimado de leitura":"3 minutos"},"schema":{"@context":"https:\/\/schema.org","@graph":[{"@type":"WebPage","@id":"https:\/\/www.ecrivus-multimedia.nl\/beedigde-vertaling-lees-alles-wat-u-moet-weten\/","url":"https:\/\/www.ecrivus-multimedia.nl\/beedigde-vertaling-lees-alles-wat-u-moet-weten\/","name":"Be\u00ebdigde vertaling? Lees alles wat u moet weten | Webshop","isPartOf":{"@id":"https:\/\/www.ecrivus-multimedia.nl\/#website"},"datePublished":"2020-02-03T14:31:18+00:00","dateModified":"2026-04-12T12:36:19+00:00","description":"Bestel uw be\u00ebdigde vertaling direct in onze webshop. Op deze pagina leest u alles over be\u00ebdigde vertalingen, legalisaties, apostilles en meer!","breadcrumb":{"@id":"https:\/\/www.ecrivus-multimedia.nl\/beedigde-vertaling-lees-alles-wat-u-moet-weten\/#breadcrumb"},"inLanguage":"pt-PT","potentialAction":[{"@type":"ReadAction","target":["https:\/\/www.ecrivus-multimedia.nl\/beedigde-vertaling-lees-alles-wat-u-moet-weten\/"]}]},{"@type":"BreadcrumbList","@id":"https:\/\/www.ecrivus-multimedia.nl\/beedigde-vertaling-lees-alles-wat-u-moet-weten\/#breadcrumb","itemListElement":[{"@type":"ListItem","position":1,"name":"Home","item":"https:\/\/www.ecrivus-multimedia.nl\/"},{"@type":"ListItem","position":2,"name":"Be\u00ebdigde vertaling? Lees alles wat u moet weten"}]},{"@type":"WebSite","@id":"https:\/\/www.ecrivus-multimedia.nl\/#website","url":"https:\/\/www.ecrivus-multimedia.nl\/","name":"Ecrivus International Webshop","description":"Erkende webshop voor be\u00ebdigde vertalingen.","publisher":{"@id":"https:\/\/www.ecrivus-multimedia.nl\/#organization"},"potentialAction":[{"@type":"SearchAction","target":{"@type":"EntryPoint","urlTemplate":"https:\/\/www.ecrivus-multimedia.nl\/?s={search_term_string}"},"query-input":{"@type":"PropertyValueSpecification","valueRequired":true,"valueName":"search_term_string"}}],"inLanguage":"pt-PT"},{"@type":"Organization","@id":"https:\/\/www.ecrivus-multimedia.nl\/#organization","name":"Ecrivus International","url":"https:\/\/www.ecrivus-multimedia.nl\/","logo":{"@type":"ImageObject","inLanguage":"pt-PT","@id":"https:\/\/www.ecrivus-multimedia.nl\/#\/schema\/logo\/image\/","url":"https:\/\/www.ecrivus-multimedia.nl\/wp-content\/uploads\/2022\/01\/cropped-small-Logo-Ecrivus-Vector-Transparent2.png","contentUrl":"https:\/\/www.ecrivus-multimedia.nl\/wp-content\/uploads\/2022\/01\/cropped-small-Logo-Ecrivus-Vector-Transparent2.png","width":512,"height":512,"caption":"Ecrivus International"},"image":{"@id":"https:\/\/www.ecrivus-multimedia.nl\/#\/schema\/logo\/image\/"},"sameAs":["https:\/\/www.facebook.com\/Ecrivus-International-676624782512639\/","https:\/\/x.com\/ecrivusint"]}]}},"_links":{"self":[{"href":"https:\/\/www.ecrivus-multimedia.nl\/pt\/wp-json\/wp\/v2\/pages\/44944","targetHints":{"allow":["GET"]}}],"collection":[{"href":"https:\/\/www.ecrivus-multimedia.nl\/pt\/wp-json\/wp\/v2\/pages"}],"about":[{"href":"https:\/\/www.ecrivus-multimedia.nl\/pt\/wp-json\/wp\/v2\/types\/page"}],"author":[{"embeddable":true,"href":"https:\/\/www.ecrivus-multimedia.nl\/pt\/wp-json\/wp\/v2\/users\/1"}],"replies":[{"embeddable":true,"href":"https:\/\/www.ecrivus-multimedia.nl\/pt\/wp-json\/wp\/v2\/comments?post=44944"}],"version-history":[{"count":1,"href":"https:\/\/www.ecrivus-multimedia.nl\/pt\/wp-json\/wp\/v2\/pages\/44944\/revisions"}],"predecessor-version":[{"id":132667,"href":"https:\/\/www.ecrivus-multimedia.nl\/pt\/wp-json\/wp\/v2\/pages\/44944\/revisions\/132667"}],"wp:attachment":[{"href":"https:\/\/www.ecrivus-multimedia.nl\/pt\/wp-json\/wp\/v2\/media?parent=44944"}],"curies":[{"name":"wp","href":"https:\/\/api.w.org\/{rel}","templated":true}]}}