{"id":48265,"date":"2020-03-06T08:22:03","date_gmt":"2020-03-06T07:22:03","guid":{"rendered":"https:\/\/www.ecrivus-multimedia.nl\/beedigde-vertaling-diploma-arabisch\/"},"modified":"2020-03-06T08:22:03","modified_gmt":"2020-03-06T07:22:03","slug":"beedigde-vertaling-diploma-arabisch","status":"publish","type":"page","link":"https:\/\/www.ecrivus-multimedia.nl\/pt\/traducao-juramentada-de-diploma-em-arabe\/","title":{"rendered":"Tradu\u00e7\u00e3o juramentada de diploma em \u00e1rabe? \u2713 Com carimbo \u2713 Acess\u00edvel \u2713 Encomende na nossa loja online"},"content":{"rendered":"<div class=\"banner has-hover\" id=\"banner-1319147715\">\n          <div class=\"banner-inner fill\">\n        <div class=\"banner-bg fill\" >\n                                    <div class=\"overlay\"><\/div>            \n                    <\/div>\n\t\t\n        <div class=\"banner-layers container\">\n            <div class=\"fill banner-link\"><\/div>            \n   <div id=\"text-box-1976322520\" class=\"text-box banner-layer x50 md-x50 lg-x50 y90 md-y90 lg-y90 res-text\">\n                                <div class=\"text-box-content text dark\">\n              \n              <div class=\"text-inner text-center\">\n                  \n<h4 class=\"uppercase\">Tradu\u00e7\u00e3o juramentada<\/h4>\n<h2 class=\"uppercase\"><strong>licenciatura em \u00e1rabe<\/strong><\/h2>\n<a href=\"https:\/\/www.ecrivus-multimedia.nl\/pt\/produtos\/diploma-em-traducao-juramentada\/\" class=\"button white is-outline\" >\n\t\t<span>Fa\u00e7a seu pedido agora em nossa loja virtual<\/span>\n\t<\/a>\n\n              <\/div>\n           <\/div>\n                            \n<style>\n#text-box-1976322520 {\n  width: 80%;\n}\n#text-box-1976322520 .text-box-content {\n  font-size: 100%;\n}\n<\/style>\n    <\/div>\n \n        <\/div>\n      <\/div>\n\n            \n<style>\n#banner-1319147715 {\n  padding-top: 400px;\n}\n#banner-1319147715 .overlay {\n  background-color: rgba(0, 0, 0, 0.2);\n}\n<\/style>\n  <\/div>\n\n\n<div class=\"is-divider divider clearfix\" style=\"margin-top:3px;margin-bottom:3px;\"><\/div>\n<div class=\"row\"  id=\"row-1811444103\">\n\t<div id=\"gap-1823746031\" class=\"gap-element clearfix\" style=\"display:block; height:auto;\">\n\t\t\n<style>\n#gap-1823746031 {\n  padding-top: 20px;\n}\n<\/style>\n\t<\/div>\n\t\n\n\t<div id=\"col-86348635\" class=\"col small-12 large-12\"  >\n\t\t\t\t<div class=\"col-inner\"  >\n\t\t\t\n\t\t\t\n<h4><strong>Precisa de uma tradu\u00e7\u00e3o juramentada do seu diploma em \u00e1rabe?<\/strong><\/h4>\n<p>Voc\u00ea tem um <a href=\"https:\/\/www.ecrivus-multimedia.nl\/go\/be\u00ebdigde-vertaling\/\" title=\"Tradu\u00e7\u00f5es juramentadas Arquivos | Loja virtual internacional Ecrivus\" class=\"pretty-link-keyword\"rel=\"\">tradu\u00e7\u00e3o juramentada<\/a> preciso do seu <a href=\"https:\/\/www.ecrivus-multimedia.nl\/go\/diploma-vertalen-beedigd\/\" title=\"Precisa de um diploma de tradu\u00e7\u00e3o juramentada? Agora dispon\u00edvel para encomenda online!\" class=\"pretty-link-keyword\"rel=\"\">grau<\/a> em \u00e1rabe? Ent\u00e3o voc\u00ea veio ao lugar certo.<\/p>\n<p>O <a href=\"https:\/\/www.ecrivus-multimedia.nl\/go\/be\u00ebdigde-vertaling\/\" title=\"Tradu\u00e7\u00f5es juramentadas Arquivos | Loja virtual internacional Ecrivus\" class=\"pretty-link-keyword\"rel=\"\">tradu\u00e7\u00e3o juramentada<\/a> do seu <a href=\"https:\/\/www.ecrivus-multimedia.nl\/go\/diploma-vertalen-beedigd\/\" title=\"Precisa de um diploma de tradu\u00e7\u00e3o juramentada? Agora dispon\u00edvel para encomenda online!\" class=\"pretty-link-keyword\"rel=\"\">grau<\/a> em \u00e1rabe, voc\u00ea pode fazer o pedido diretamente conosco online. Para voc\u00ea <a href=\"https:\/\/www.ecrivus-multimedia.nl\/go\/diploma-vertalen-beedigd\/\" title=\"Precisa de um diploma de tradu\u00e7\u00e3o juramentada? Agora dispon\u00edvel para encomenda online!\" class=\"pretty-link-keyword\"rel=\"\">grau<\/a> para traduzi-lo imediatamente, <a href=\"https:\/\/www.ecrivus-multimedia.nl\/pt\/produtos\/diploma-em-traducao-juramentada\/\">Clique aqui<\/a>.<\/p>\n<h4><strong>Tradu\u00e7\u00e3o juramentada em \u00e1rabe: diploma<\/strong><\/h4>\n<p>O <a href=\"https:\/\/www.ecrivus-multimedia.nl\/go\/be\u00ebdigde-vertaling\/\" title=\"Tradu\u00e7\u00f5es juramentadas Arquivos | Loja virtual internacional Ecrivus\" class=\"pretty-link-keyword\"rel=\"\">tradu\u00e7\u00e3o juramentada<\/a> do seu <a href=\"https:\/\/www.ecrivus-multimedia.nl\/go\/diploma-vertalen-beedigd\/\" title=\"Precisa de um diploma de tradu\u00e7\u00e3o juramentada? Agora dispon\u00edvel para encomenda online!\" class=\"pretty-link-keyword\"rel=\"\">grau<\/a> significa que \u00e9 realizado por um <a href=\"https:\/\/www.ecrivus-multimedia.nl\/go\/be\u00ebdigde-vertaling\/\" title=\"Tradu\u00e7\u00f5es juramentadas Arquivos | Loja virtual internacional Ecrivus\" class=\"pretty-link-keyword\"rel=\"\">tradutor juramentado<\/a> \u00c1rabe. Estes tradutores oficiais foram juramentados por um dos tribunais dos Pa\u00edses Baixos. Al\u00e9m de realizar a tradu\u00e7\u00e3o, eles colocam carimbo e declara\u00e7\u00e3o com assinatura tanto no texto de origem (o documento que voc\u00ea fornece) quanto no texto de destino (os textos traduzidos em \u00e1rabe). Isso torna o documento legalmente v\u00e1lido e voc\u00ea pode envi\u00e1-lo a v\u00e1rios \u00f3rg\u00e3os oficiais <a href=\"https:\/\/www.ecrivus-multimedia.nl\/go\/verslag-betalingen-aan-overheden-beedigde-vertaling-met-stempel\/\" title=\"Quer traduzir um relat\u00f3rio juramentado sobre pagamentos a governos? Fa\u00e7a seu pedido em nossa loja virtual!\" class=\"pretty-link-keyword\"rel=\"\">governos<\/a> usar.<\/p>\n<p style=\"text-align: center;\"><a href=\"https:\/\/www.ecrivus-multimedia.nl\/pt\/produtos\/diploma-em-traducao-juramentada\/\" class=\"su-button su-button-style-default\" style=\"color:#FFFFFF;background-color:#2D89EF;border-color:#246ec0;border-radius:7px\" target=\"_self\"><span style=\"color:#FFFFFF;padding:7px 20px;font-size:16px;line-height:24px;border-color:#6cadf4;border-radius:7px;text-shadow:none\"><i class=\"sui sui-arrow-right\" style=\"font-size:16px;color:#FFFFFF\"><\/i> Encomende agora um diploma de tradu\u00e7\u00e3o certificada na loja online &gt;<\/span><\/a>\n<h4><strong>Apostilas e diploma de legaliza\u00e7\u00e3o em \u00e1rabe<\/strong><\/h4>\n<p>A <a href=\"https:\/\/www.ecrivus-multimedia.nl\/go\/apostilles-legalisatie-landenoverzicht\/\" title=\"Apostilas (legaliza\u00e7\u00e3o) - vis\u00e3o geral do pa\u00eds\" class=\"pretty-link-keyword\"rel=\"\">apostila<\/a> \u00e9 um carimbo do tribunal que declara a autenticidade do seu documento, o que significa que pode ser usado legalmente no tr\u00e1fego internacional de documentos. Um monte de <a href=\"https:\/\/www.ecrivus-multimedia.nl\/go\/verslag-betalingen-aan-overheden-beedigde-vertaling-met-stempel\/\" title=\"Quer traduzir um relat\u00f3rio juramentado sobre pagamentos a governos? Fa\u00e7a seu pedido em nossa loja virtual!\" class=\"pretty-link-keyword\"rel=\"\">governos<\/a> e \u00f3rg\u00e3os oficiais exigem que seu <a href=\"https:\/\/www.ecrivus-multimedia.nl\/go\/diploma-vertalen-beedigd\/\" title=\"Precisa de um diploma de tradu\u00e7\u00e3o juramentada? Agora dispon\u00edvel para encomenda online!\" class=\"pretty-link-keyword\"rel=\"\">grau<\/a> n\u00e3o \u00e9 apenas uma tradu\u00e7\u00e3o juramentada, mas tamb\u00e9m \u00e9 fornecido com um <a href=\"https:\/\/www.ecrivus-multimedia.nl\/go\/apostilles-legalisatie-landenoverzicht\/\" title=\"Apostilas (legaliza\u00e7\u00e3o) - vis\u00e3o geral do pa\u00eds\" class=\"pretty-link-keyword\"rel=\"\">apostila<\/a>. Voc\u00ea gostaria que fossemos a tribunal por voc\u00ea? <a href=\"https:\/\/www.ecrivus-multimedia.nl\/go\/apostilles-legalisatie-landenoverzicht\/\" title=\"Apostilas (legaliza\u00e7\u00e3o) - vis\u00e3o geral do pa\u00eds\" class=\"pretty-link-keyword\"rel=\"\">apostila<\/a> para instal\u00e1-lo? Isso \u00e9 poss\u00edvel! Voc\u00ea pode selecionar isso facilmente durante o procedimento de pedido em nossa loja virtual. Mais informa\u00e7\u00f5es sobre <a href=\"https:\/\/www.ecrivus-multimedia.nl\/go\/apostilles-legalisatie-landenoverzicht\/\" title=\"Apostilas (legaliza\u00e7\u00e3o) - vis\u00e3o geral do pa\u00eds\" class=\"pretty-link-keyword\"rel=\"\">apostilas<\/a>, <a href=\"https:\/\/www.ecrivus-multimedia.nl\/go\/apostilles-legalisatie-landenoverzicht\/\" title=\"Apostilas (legaliza\u00e7\u00e3o) - vis\u00e3o geral do pa\u00eds\" class=\"pretty-link-keyword\"rel=\"\">legaliza\u00e7\u00e3o<\/a> e quais pa\u00edses s\u00e3o membros do tratado de apostila, <a href=\"https:\/\/www.ecrivus-multimedia.nl\/pt\/visao-geral-do-pais-de-legalizacao-de-apostila\/\">pode ser encontrado aqui<\/a>.<\/p>\n<h4><strong>A tradu\u00e7\u00e3o juramentada do seu diploma est\u00e1 em boas m\u00e3os conosco:<\/strong><\/h4>\n<ul>\n<li>Tradu\u00e7\u00e3o por tradutor \u00e1rabe juramentado, experiente e especializado<\/li>\n<li>Incluindo carimbo de juramento<\/li>\n<li>Incluindo revis\u00e3o<\/li>\n<li>Incluindo verifica\u00e7\u00f5es de qualidade<\/li>\n<li>Pre\u00e7os competitivos<\/li>\n<li>Entrega r\u00e1pida<\/li>\n<li>Escolha entre centenas de combina\u00e7\u00f5es de idiomas<\/li>\n<li>Entrega urgente poss\u00edvel<\/li>\n<li>Suporta v\u00e1rios formatos de arquivo, incluindo PDF<\/li>\n<li>Frete sempre registrado <a href=\"https:\/\/www.ecrivus-multimedia.nl\/go\/be\u00ebdigde-vertaling\/\" title=\"Tradu\u00e7\u00f5es juramentadas Arquivos | Loja virtual internacional Ecrivus\" class=\"pretty-link-keyword\"rel=\"\">tradu\u00e7\u00e3o juramentada<\/a> com rastreamento e rastreamento<\/li>\n<li>Possibilidade de ter o seu documento fornecido com um <a href=\"https:\/\/www.ecrivus-multimedia.nl\/go\/apostilles-legalisatie-landenoverzicht\/\" title=\"Apostilas (legaliza\u00e7\u00e3o) - vis\u00e3o geral do pa\u00eds\" class=\"pretty-link-keyword\"rel=\"\">apostila<\/a> ou <a href=\"https:\/\/www.ecrivus-multimedia.nl\/go\/apostilles-legalisatie-landenoverzicht\/\" title=\"Apostilas (legaliza\u00e7\u00e3o) - vis\u00e3o geral do pa\u00eds\" class=\"pretty-link-keyword\"rel=\"\">legaliza\u00e7\u00e3o<\/a> (legalizar)<\/li>\n<li>Possibilidade de receber tamb\u00e9m uma c\u00f3pia digital da tradu\u00e7\u00e3o por email<\/li>\n<\/ul>\n<p>Voc\u00ea quer o seu <a href=\"https:\/\/www.ecrivus-multimedia.nl\/go\/diploma-vertalen-beedigd\/\" title=\"Precisa de um diploma de tradu\u00e7\u00e3o juramentada? Agora dispon\u00edvel para encomenda online!\" class=\"pretty-link-keyword\"rel=\"\">grau<\/a> tenho uma tradu\u00e7\u00e3o juramentada para o \u00e1rabe, mas voc\u00ea tem algumas perguntas primeiro? Estamos prontos para voc\u00ea. Para nosso <a href=\"https:\/\/www.ecrivus-multimedia.nl\/pt\/contato\/\">p\u00e1gina de contato<\/a> voc\u00ea encontrar\u00e1 nossos detalhes. Voc\u00ea pode ligar para +31(0)43-365-5801 ou enviar um e-mail para <a href=\"mailto:info@ecrivus-multimedia.nl\">info@ecrivus-multimedia.nl<\/a>. Op werkdagen tussen 09.00 en 17.00 uur kunt u uw vraag tevens stellen via onze <a href=\"https:\/\/www.ecrivus-multimedia.nl\/go\/chat\/\" title=\"go\/chat\" class=\"pretty-link-keyword\"rel=\"\">Live Chat<\/a> Support \u2013 wij reageren binnen 1 minuut.<\/p>\n\t<div id=\"gap-1690223136\" class=\"gap-element clearfix\" style=\"display:block; height:auto;\">\n\t\t\n<style>\n#gap-1690223136 {\n  padding-top: 20px;\n}\n<\/style>\n\t<\/div>\n\t\n<div class=\"row row-divided\"  id=\"row-1120973052\"><\/div>\n\t\t<\/div>\n\t\t\t\t\t<\/div>\n\n\t\n\n\t<div id=\"col-1081608676\" class=\"col medium-4 large-4\"  >\n\t\t\t\t<div class=\"col-inner\"  >\n\t\t\t\n\t\t\t\n\n\t\t<div class=\"icon-box featured-box icon-box-center text-center\"  style=\"margin:0px 0px 0px 0px;\">\n\t\t\t\t\t<div class=\"icon-box-img has-icon-bg\" style=\"width: 46px\">\n\t\t\t\t<div class=\"icon\">\n\t\t\t\t\t<div class=\"icon-inner\" style=\"border-width:2px;color:rgb(182, 182, 182);\">\n\t\t\t\t\t\t<img decoding=\"async\" width=\"40\" height=\"40\" src=\"https:\/\/www.ecrivus-multimedia.nl\/wp-content\/uploads\/2020\/02\/icons8-delivery-40.png\" class=\"attachment-medium size-medium\" alt=\"\" \/>\t\t\t\t\t<\/div>\n\t\t\t\t<\/div>\n\t\t\t<\/div>\n\t\t\t\t<div class=\"icon-box-text last-reset\">\n\t\t\t<h5 class=\"uppercase\">Envio com Track &amp; Trace<\/h5>\t\t\t\t\t\t\n<p>Todas as nossas tradu\u00e7\u00f5es s\u00e3o enviadas com Track &amp; Trace. Acompanhe seus documentos traduzidos com seguran\u00e7a at\u00e9 sua casa.<\/p>\n\t\t<\/div>\n\t<\/div>\n\t\n\t\n\t\t<\/div>\n\t\t\t\t\t<\/div>\n\n\t\n\n\t<div id=\"col-1059496269\" class=\"col medium-4 large-4\"  >\n\t\t\t\t<div class=\"col-inner\"  >\n\t\t\t\n\t\t\t\n\n\t\t<div class=\"icon-box featured-box icon-box-center text-center\"  style=\"margin:0px 0px 0px 0px;\">\n\t\t\t\t\t<div class=\"icon-box-img has-icon-bg\" style=\"width: 46px\">\n\t\t\t\t<div class=\"icon\">\n\t\t\t\t\t<div class=\"icon-inner\" style=\"border-width:2px;color:rgb(182, 182, 182);\">\n\t\t\t\t\t\t<img decoding=\"async\" width=\"40\" height=\"40\" src=\"https:\/\/www.ecrivus-multimedia.nl\/wp-content\/uploads\/2020\/02\/icons8-contract-40.png\" class=\"attachment-medium size-medium\" alt=\"\" \/>\t\t\t\t\t<\/div>\n\t\t\t\t<\/div>\n\t\t\t<\/div>\n\t\t\t\t<div class=\"icon-box-text last-reset\">\n\t\t\t<h5 class=\"uppercase\">Reconhecido e confi\u00e1vel<\/h5>\t\t\t\t\t\t\n<p>Nossa loja virtual para <a href=\"https:\/\/www.ecrivus-multimedia.nl\/go\/be\u00ebdigde-vertaling\/\" title=\"Tradu\u00e7\u00f5es juramentadas Arquivos | Loja virtual internacional Ecrivus\" class=\"pretty-link-keyword\"rel=\"\">tradu\u00e7\u00f5es juramentadas<\/a> \u00e9 \u00fanico na Holanda. 100% confi\u00e1vel, legalmente v\u00e1lido e seguro. Mais votado.<\/p>\n\t\t<\/div>\n\t<\/div>\n\t\n\t\n\t\t<\/div>\n\t\t\t\t\t<\/div>\n\n\t\n\n\t<div id=\"col-1703060090\" class=\"col medium-4 large-4\"  >\n\t\t\t\t<div class=\"col-inner\"  >\n\t\t\t\n\t\t\t\n\n\t\t<div class=\"icon-box featured-box icon-box-center text-center\"  style=\"margin:0px 0px 0px 0px;\">\n\t\t\t\t\t<div class=\"icon-box-img has-icon-bg\" style=\"width: 46px\">\n\t\t\t\t<div class=\"icon\">\n\t\t\t\t\t<div class=\"icon-inner\" style=\"border-width:2px;color:rgb(182, 182, 182);\">\n\t\t\t\t\t\t<img decoding=\"async\" width=\"40\" height=\"40\" src=\"https:\/\/www.ecrivus-multimedia.nl\/wp-content\/uploads\/2020\/02\/icons8-euro-40.png\" class=\"attachment-medium size-medium\" alt=\"\" \/>\t\t\t\t\t<\/div>\n\t\t\t\t<\/div>\n\t\t\t<\/div>\n\t\t\t\t<div class=\"icon-box-text last-reset\">\n\t\t\t<h5 class=\"uppercase\">Pagamento on-line seguro<\/h5>\t\t\t\t\t\t\n<p>Pagamento online seguro via iDeal, PayPal ou transfer\u00eancia banc\u00e1ria. Voc\u00ea pode gerenciar e rastrear totalmente seu pedido atrav\u00e9s de Minha conta.<\/p>\n\t\t<\/div>\n\t<\/div>\n\t\n\t\n\t\t<\/div>\n\t\t\t\t\t<\/div>\n\n\t\n<\/div>","protected":false},"excerpt":{"rendered":"","protected":false},"author":1,"featured_media":0,"parent":0,"menu_order":0,"comment_status":"closed","ping_status":"closed","template":"page-blank.php","meta":{"_acf_changed":false,"_glsr_average":0,"_glsr_ranking":0,"_glsr_reviews":0,"_joinchat":[],"footnotes":""},"class_list":["post-48265","page","type-page","status-publish","hentry"],"acf":[],"yoast_head":"<!-- This site is optimized with the Yoast SEO plugin v27.4 - https:\/\/yoast.com\/product\/yoast-seo-wordpress\/ -->\n<title>Be\u00ebdigde vertaling diploma in Arabisch? \u2713 Met stempel \u2713 Voordelig \u2713 Bestellen in onze webshop<\/title>\n<meta name=\"description\" content=\"Be\u00ebdigde vertaling diploma nodig in Arabisch? \u2713 Met stempel \u2713 Voordelig bestellen in onze webshop \u2713 Track &amp; Trace \u2713 200+ talen\" \/>\n<meta name=\"robots\" content=\"index, follow, max-snippet:-1, max-image-preview:large, max-video-preview:-1\" \/>\n<link rel=\"canonical\" href=\"https:\/\/www.ecrivus-multimedia.nl\/pt\/traducao-juramentada-de-diploma-em-arabe\/\" \/>\n<meta property=\"og:locale\" content=\"pt_PT\" \/>\n<meta property=\"og:type\" content=\"article\" \/>\n<meta property=\"og:title\" content=\"Be\u00ebdigde vertaling diploma in Arabisch? \u2713 Met stempel \u2713 Voordelig \u2713 Bestellen in onze webshop\" \/>\n<meta property=\"og:description\" content=\"Be\u00ebdigde vertaling diploma nodig in Arabisch? \u2713 Met stempel \u2713 Voordelig bestellen in onze webshop \u2713 Track &amp; Trace \u2713 200+ talen\" \/>\n<meta property=\"og:url\" content=\"https:\/\/www.ecrivus-multimedia.nl\/pt\/traducao-juramentada-de-diploma-em-arabe\/\" \/>\n<meta property=\"og:site_name\" content=\"Ecrivus International Webshop\" \/>\n<meta property=\"article:publisher\" content=\"https:\/\/www.facebook.com\/Ecrivus-International-676624782512639\/\" \/>\n<meta name=\"twitter:card\" content=\"summary_large_image\" \/>\n<meta name=\"twitter:site\" content=\"@ecrivusint\" \/>\n<meta name=\"twitter:label1\" content=\"Tempo estimado de leitura\" \/>\n\t<meta name=\"twitter:data1\" content=\"3 minutos\" \/>\n<script type=\"application\/ld+json\" class=\"yoast-schema-graph\">{\"@context\":\"https:\\\/\\\/schema.org\",\"@graph\":[{\"@type\":\"WebPage\",\"@id\":\"https:\\\/\\\/www.ecrivus-multimedia.nl\\\/beedigde-vertaling-diploma-arabisch\\\/\",\"url\":\"https:\\\/\\\/www.ecrivus-multimedia.nl\\\/beedigde-vertaling-diploma-arabisch\\\/\",\"name\":\"Be\u00ebdigde vertaling diploma in Arabisch? \u2713 Met stempel \u2713 Voordelig \u2713 Bestellen in onze webshop\",\"isPartOf\":{\"@id\":\"https:\\\/\\\/www.ecrivus-multimedia.nl\\\/#website\"},\"datePublished\":\"2020-03-06T07:22:03+00:00\",\"description\":\"Be\u00ebdigde vertaling diploma nodig in Arabisch? \u2713 Met stempel \u2713 Voordelig bestellen in onze webshop \u2713 Track & Trace \u2713 200+ talen\",\"breadcrumb\":{\"@id\":\"https:\\\/\\\/www.ecrivus-multimedia.nl\\\/beedigde-vertaling-diploma-arabisch\\\/#breadcrumb\"},\"inLanguage\":\"pt-PT\",\"potentialAction\":[{\"@type\":\"ReadAction\",\"target\":[\"https:\\\/\\\/www.ecrivus-multimedia.nl\\\/beedigde-vertaling-diploma-arabisch\\\/\"]}]},{\"@type\":\"BreadcrumbList\",\"@id\":\"https:\\\/\\\/www.ecrivus-multimedia.nl\\\/beedigde-vertaling-diploma-arabisch\\\/#breadcrumb\",\"itemListElement\":[{\"@type\":\"ListItem\",\"position\":1,\"name\":\"Home\",\"item\":\"https:\\\/\\\/www.ecrivus-multimedia.nl\\\/\"},{\"@type\":\"ListItem\",\"position\":2,\"name\":\"Be\u00ebdigde vertaling diploma in Arabisch? \u2713 Met stempel \u2713 Voordelig \u2713 Bestellen in onze webshop\"}]},{\"@type\":\"WebSite\",\"@id\":\"https:\\\/\\\/www.ecrivus-multimedia.nl\\\/#website\",\"url\":\"https:\\\/\\\/www.ecrivus-multimedia.nl\\\/\",\"name\":\"Ecrivus International Webshop\",\"description\":\"Erkende webshop voor be\u00ebdigde vertalingen.\",\"publisher\":{\"@id\":\"https:\\\/\\\/www.ecrivus-multimedia.nl\\\/#organization\"},\"potentialAction\":[{\"@type\":\"SearchAction\",\"target\":{\"@type\":\"EntryPoint\",\"urlTemplate\":\"https:\\\/\\\/www.ecrivus-multimedia.nl\\\/?s={search_term_string}\"},\"query-input\":{\"@type\":\"PropertyValueSpecification\",\"valueRequired\":true,\"valueName\":\"search_term_string\"}}],\"inLanguage\":\"pt-PT\"},{\"@type\":\"Organization\",\"@id\":\"https:\\\/\\\/www.ecrivus-multimedia.nl\\\/#organization\",\"name\":\"Ecrivus International\",\"url\":\"https:\\\/\\\/www.ecrivus-multimedia.nl\\\/\",\"logo\":{\"@type\":\"ImageObject\",\"inLanguage\":\"pt-PT\",\"@id\":\"https:\\\/\\\/www.ecrivus-multimedia.nl\\\/#\\\/schema\\\/logo\\\/image\\\/\",\"url\":\"https:\\\/\\\/www.ecrivus-multimedia.nl\\\/wp-content\\\/uploads\\\/2022\\\/01\\\/cropped-small-Logo-Ecrivus-Vector-Transparent2.png\",\"contentUrl\":\"https:\\\/\\\/www.ecrivus-multimedia.nl\\\/wp-content\\\/uploads\\\/2022\\\/01\\\/cropped-small-Logo-Ecrivus-Vector-Transparent2.png\",\"width\":512,\"height\":512,\"caption\":\"Ecrivus International\"},\"image\":{\"@id\":\"https:\\\/\\\/www.ecrivus-multimedia.nl\\\/#\\\/schema\\\/logo\\\/image\\\/\"},\"sameAs\":[\"https:\\\/\\\/www.facebook.com\\\/Ecrivus-International-676624782512639\\\/\",\"https:\\\/\\\/x.com\\\/ecrivusint\"]}]}<\/script>\n<!-- \/ Yoast SEO plugin. -->","yoast_head_json":{"title":"Be\u00ebdigde vertaling diploma in Arabisch? \u2713 Met stempel \u2713 Voordelig \u2713 Bestellen in onze webshop","description":"Be\u00ebdigde vertaling diploma nodig in Arabisch? \u2713 Met stempel \u2713 Voordelig bestellen in onze webshop \u2713 Track & Trace \u2713 200+ talen","robots":{"index":"index","follow":"follow","max-snippet":"max-snippet:-1","max-image-preview":"max-image-preview:large","max-video-preview":"max-video-preview:-1"},"canonical":"https:\/\/www.ecrivus-multimedia.nl\/pt\/traducao-juramentada-de-diploma-em-arabe\/","og_locale":"pt_PT","og_type":"article","og_title":"Be\u00ebdigde vertaling diploma in Arabisch? \u2713 Met stempel \u2713 Voordelig \u2713 Bestellen in onze webshop","og_description":"Be\u00ebdigde vertaling diploma nodig in Arabisch? \u2713 Met stempel \u2713 Voordelig bestellen in onze webshop \u2713 Track & Trace \u2713 200+ talen","og_url":"https:\/\/www.ecrivus-multimedia.nl\/pt\/traducao-juramentada-de-diploma-em-arabe\/","og_site_name":"Ecrivus International Webshop","article_publisher":"https:\/\/www.facebook.com\/Ecrivus-International-676624782512639\/","twitter_card":"summary_large_image","twitter_site":"@ecrivusint","twitter_misc":{"Tempo estimado de leitura":"3 minutos"},"schema":{"@context":"https:\/\/schema.org","@graph":[{"@type":"WebPage","@id":"https:\/\/www.ecrivus-multimedia.nl\/beedigde-vertaling-diploma-arabisch\/","url":"https:\/\/www.ecrivus-multimedia.nl\/beedigde-vertaling-diploma-arabisch\/","name":"Be\u00ebdigde vertaling diploma in Arabisch? \u2713 Met stempel \u2713 Voordelig \u2713 Bestellen in onze webshop","isPartOf":{"@id":"https:\/\/www.ecrivus-multimedia.nl\/#website"},"datePublished":"2020-03-06T07:22:03+00:00","description":"Be\u00ebdigde vertaling diploma nodig in Arabisch? \u2713 Met stempel \u2713 Voordelig bestellen in onze webshop \u2713 Track & Trace \u2713 200+ talen","breadcrumb":{"@id":"https:\/\/www.ecrivus-multimedia.nl\/beedigde-vertaling-diploma-arabisch\/#breadcrumb"},"inLanguage":"pt-PT","potentialAction":[{"@type":"ReadAction","target":["https:\/\/www.ecrivus-multimedia.nl\/beedigde-vertaling-diploma-arabisch\/"]}]},{"@type":"BreadcrumbList","@id":"https:\/\/www.ecrivus-multimedia.nl\/beedigde-vertaling-diploma-arabisch\/#breadcrumb","itemListElement":[{"@type":"ListItem","position":1,"name":"Home","item":"https:\/\/www.ecrivus-multimedia.nl\/"},{"@type":"ListItem","position":2,"name":"Be\u00ebdigde vertaling diploma in Arabisch? \u2713 Met stempel \u2713 Voordelig \u2713 Bestellen in onze webshop"}]},{"@type":"WebSite","@id":"https:\/\/www.ecrivus-multimedia.nl\/#website","url":"https:\/\/www.ecrivus-multimedia.nl\/","name":"Ecrivus International Webshop","description":"Erkende webshop voor be\u00ebdigde vertalingen.","publisher":{"@id":"https:\/\/www.ecrivus-multimedia.nl\/#organization"},"potentialAction":[{"@type":"SearchAction","target":{"@type":"EntryPoint","urlTemplate":"https:\/\/www.ecrivus-multimedia.nl\/?s={search_term_string}"},"query-input":{"@type":"PropertyValueSpecification","valueRequired":true,"valueName":"search_term_string"}}],"inLanguage":"pt-PT"},{"@type":"Organization","@id":"https:\/\/www.ecrivus-multimedia.nl\/#organization","name":"Ecrivus International","url":"https:\/\/www.ecrivus-multimedia.nl\/","logo":{"@type":"ImageObject","inLanguage":"pt-PT","@id":"https:\/\/www.ecrivus-multimedia.nl\/#\/schema\/logo\/image\/","url":"https:\/\/www.ecrivus-multimedia.nl\/wp-content\/uploads\/2022\/01\/cropped-small-Logo-Ecrivus-Vector-Transparent2.png","contentUrl":"https:\/\/www.ecrivus-multimedia.nl\/wp-content\/uploads\/2022\/01\/cropped-small-Logo-Ecrivus-Vector-Transparent2.png","width":512,"height":512,"caption":"Ecrivus International"},"image":{"@id":"https:\/\/www.ecrivus-multimedia.nl\/#\/schema\/logo\/image\/"},"sameAs":["https:\/\/www.facebook.com\/Ecrivus-International-676624782512639\/","https:\/\/x.com\/ecrivusint"]}]}},"_links":{"self":[{"href":"https:\/\/www.ecrivus-multimedia.nl\/pt\/wp-json\/wp\/v2\/pages\/48265","targetHints":{"allow":["GET"]}}],"collection":[{"href":"https:\/\/www.ecrivus-multimedia.nl\/pt\/wp-json\/wp\/v2\/pages"}],"about":[{"href":"https:\/\/www.ecrivus-multimedia.nl\/pt\/wp-json\/wp\/v2\/types\/page"}],"author":[{"embeddable":true,"href":"https:\/\/www.ecrivus-multimedia.nl\/pt\/wp-json\/wp\/v2\/users\/1"}],"replies":[{"embeddable":true,"href":"https:\/\/www.ecrivus-multimedia.nl\/pt\/wp-json\/wp\/v2\/comments?post=48265"}],"version-history":[{"count":0,"href":"https:\/\/www.ecrivus-multimedia.nl\/pt\/wp-json\/wp\/v2\/pages\/48265\/revisions"}],"wp:attachment":[{"href":"https:\/\/www.ecrivus-multimedia.nl\/pt\/wp-json\/wp\/v2\/media?parent=48265"}],"curies":[{"name":"wp","href":"https:\/\/api.w.org\/{rel}","templated":true}]}}