{"id":109402,"date":"2023-05-05T13:21:24","date_gmt":"2023-05-05T11:21:24","guid":{"rendered":"https:\/\/www.ecrivus-multimedia.nl\/?post_type=product&#038;p=109402"},"modified":"2026-04-12T13:16:05","modified_gmt":"2026-04-12T11:16:05","slug":"ai-contentoptimalisatie","status":"publish","type":"product","link":"https:\/\/www.ecrivus-multimedia.nl\/pt\/produtos\/otimizacao-de-conteudo-de-ia-3\/","title":{"rendered":"Otimiza\u00e7\u00e3o e edi\u00e7\u00e3o de conte\u00fado AI \u2013 Otimize seu conte\u00fado e localiza\u00e7\u00e3o online"},"content":{"rendered":"<h1><strong>Otimiza\u00e7\u00e3o de conte\u00fado de IA<\/strong><\/h1>\n<p>Seu site \u00e9 uma ferramenta importante para alcan\u00e7ar novos clientes e aumentar seu faturamento. <strong>Com o nosso revolucion\u00e1rio <a href=\"https:\/\/www.ecrivus-multimedia.nl\/go\/ai-contentoptimalisatie\/\" title=\"Otimiza\u00e7\u00e3o e edi\u00e7\u00e3o de conte\u00fado AI para pontua\u00e7\u00f5es mais altas nos mecanismos de pesquisa\" class=\"pretty-link-keyword\"rel=\"\">Otimiza\u00e7\u00e3o de conte\u00fado de IA<\/a>servi\u00e7o, oferecemos a voc\u00ea a oportunidade de transformar seu conte\u00fado antigo em textos otimizados e de alta qualidade.<\/strong> A \u00fanica coisa sobre o nosso servi\u00e7o \u00e9 que n\u00f3s <strong>IA e profissionais treinados<\/strong> juntos para alcan\u00e7ar os melhores resultados.<\/p>\n<p>Nossas ferramentas de IA desenvolvidas ajudam a otimizar seu conte\u00fado para melhor desempenho e visibilidade em mecanismos de busca e m\u00eddias sociais. Embora a ferramenta de IA desempenhe um papel importante na obten\u00e7\u00e3o dos resultados desejados, especialistas lingu\u00edsticos, como editores e linguistas, tamb\u00e9m s\u00e3o essenciais. Eles d\u00e3o um toque humano aos textos otimizados, aperfei\u00e7oam-nos nos m\u00ednimos detalhes e trazem criatividade ao processo.<\/p>\n<h3>Otimiza\u00e7\u00e3o de conte\u00fado de IA em 3 etapas<\/h3>\n<ol>\n<li>Voc\u00ea fornece o conte\u00fado a ser otimizado na forma de arquivos de texto, p\u00e1ginas da web ou URLs. Em seguida, aplicamos nossos algoritmos de IA para analisar os textos e otimiz\u00e1-los para mecanismos de pesquisa e legibilidade. Os nossos especialistas lingu\u00edsticos trabalhar\u00e3o ent\u00e3o para aperfei\u00e7oar ainda mais os textos e garantir assim a melhor qualidade poss\u00edvel.<\/li>\n<li>Entregamos o resultado na forma de textos otimizados, com melhor pontua\u00e7\u00e3o nos buscadores e mais f\u00e1ceis de ler para o seu p\u00fablico-alvo. Ao entregar seu conte\u00fado antigo, disponibilizamos textos otimizados que ajudar\u00e3o seu neg\u00f3cio a crescer. E tudo isso a um pre\u00e7o muito acess\u00edvel por p\u00e1gina web.<\/li>\n<li>Atrav\u00e9s das estat\u00edsticas podemos demonstrar que nossos textos otimizados pontuam significativamente mais nos motores de busca e t\u00eam melhor desempenho. Como resultado, voc\u00ea atrai mais visitantes e clientes em potencial, o que acabar\u00e1 resultando em mais vendas para sua empresa.<\/li>\n<\/ol>\n<p>Escolher <a href=\"https:\/\/www.ecrivus-multimedia.nl\/go\/ai-contentoptimalisatie\/\" title=\"Otimiza\u00e7\u00e3o e edi\u00e7\u00e3o de conte\u00fado AI para pontua\u00e7\u00f5es mais altas nos mecanismos de pesquisa\" class=\"pretty-link-keyword\"rel=\"\">Otimiza\u00e7\u00e3o de conte\u00fado de IA<\/a> da Ecrivus Multimedia e experimente voc\u00ea mesmo como voc\u00ea pode transformar seu conte\u00fado antigo em textos otimizados e de alta qualidade. Juntamente com as nossas ferramentas de IA e especialistas lingu\u00edsticos, voc\u00ea obter\u00e1 a melhor qualidade e resultados para o seu neg\u00f3cio.<\/p>\n<p>Resumindo, o seu site \u00e9 uma ferramenta importante para alcan\u00e7ar novos clientes e aumentar o seu faturamento. Com nosso <a href=\"https:\/\/www.ecrivus-multimedia.nl\/go\/ai-contentoptimalisatie\/\" title=\"Otimiza\u00e7\u00e3o e edi\u00e7\u00e3o de conte\u00fado AI para pontua\u00e7\u00f5es mais altas nos mecanismos de pesquisa\" class=\"pretty-link-keyword\"rel=\"\">Otimiza\u00e7\u00e3o de conte\u00fado de IA<\/a>servi\u00e7o transforma seu conte\u00fado antigo em textos otimizados e de alta qualidade. Nossas ferramentas de IA garantem que seus textos n\u00e3o sejam apenas amig\u00e1veis aos mecanismos de pesquisa, mas tamb\u00e9m leg\u00edveis e compreens\u00edveis para o seu grupo-alvo. Escolha Ecrivus Multimedia e beneficie do poder do nosso <a href=\"https:\/\/www.ecrivus-multimedia.nl\/go\/ai-contentoptimalisatie\/\" title=\"Otimiza\u00e7\u00e3o e edi\u00e7\u00e3o de conte\u00fado AI para pontua\u00e7\u00f5es mais altas nos mecanismos de pesquisa\" class=\"pretty-link-keyword\"rel=\"\">Otimiza\u00e7\u00e3o de conte\u00fado de IA<\/a>.<\/p>","protected":false},"excerpt":{"rendered":"<p>Optimaliseer uw content met AI Contentoptimalisatie en verhoog uw online zichtbaarheid.<br \/>\nUpload hierbeneden de URL&#8217;s en selecteer het aantal URL&#8217;s dat u wilt laten optimaliseren. Kosten: \u20ac10,- per URL.<\/p>","protected":false},"featured_media":132637,"comment_status":"closed","ping_status":"closed","template":"","meta":{"_acf_changed":false,"_glsr_average":0,"_glsr_ranking":0,"_glsr_reviews":0,"_joinchat":[]},"product_brand":[],"product_cat":[15288],"product_tag":[15941,15942,15944,15943,15945],"class_list":{"0":"post-109402","1":"product","2":"type-product","3":"status-publish","4":"has-post-thumbnail","6":"product_cat-web-app-ontwikkeling","7":"product_tag-ai","8":"product_tag-contentoptimalisatie","9":"product_tag-online-zichtbaarheid","10":"product_tag-seo","11":"product_tag-zoekmachines","13":"first","14":"instock","15":"virtual","16":"sold-individually","17":"taxable","18":"purchasable","19":"product-type-simple"},"acf":[],"yoast_head":"<!-- This site is optimized with the Yoast SEO plugin v27.4 - https:\/\/yoast.com\/product\/yoast-seo-wordpress\/ -->\n<title>AI Contentoptimalisatie + editing voor hogere zoekmachine scores<\/title>\n<meta name=\"description\" content=\"Transformeer uw content met AI Contentoptimalisatie. Verhoog uw online zichtbaarheid en bereik meer klanten. Bespaar tijd en optimaliseer uw teksten nu!\" \/>\n<meta name=\"robots\" content=\"index, follow, max-snippet:-1, max-image-preview:large, max-video-preview:-1\" \/>\n<link rel=\"canonical\" href=\"https:\/\/www.ecrivus-multimedia.nl\/pt\/produtos\/otimizacao-de-conteudo-de-ia-3\/\" \/>\n<meta property=\"og:locale\" content=\"pt_PT\" \/>\n<meta property=\"og:type\" content=\"article\" \/>\n<meta property=\"og:title\" content=\"AI Contentoptimalisatie + editing voor hogere zoekmachine scores\" \/>\n<meta property=\"og:description\" content=\"Transformeer uw content met AI Contentoptimalisatie. Verhoog uw online zichtbaarheid en bereik meer klanten. Bespaar tijd en optimaliseer uw teksten nu!\" \/>\n<meta property=\"og:url\" content=\"https:\/\/www.ecrivus-multimedia.nl\/pt\/produtos\/otimizacao-de-conteudo-de-ia-3\/\" \/>\n<meta property=\"og:site_name\" content=\"Ecrivus International Webshop\" \/>\n<meta property=\"article:publisher\" content=\"https:\/\/www.facebook.com\/Ecrivus-International-676624782512639\/\" \/>\n<meta property=\"article:modified_time\" content=\"2026-04-12T11:16:05+00:00\" \/>\n<meta property=\"og:image\" content=\"https:\/\/www.ecrivus-multimedia.nl\/wp-content\/uploads\/2023\/05\/ai-tools-online-marketing-seo-laptop.jpg\" \/>\n\t<meta property=\"og:image:width\" content=\"1000\" \/>\n\t<meta property=\"og:image:height\" content=\"571\" \/>\n\t<meta property=\"og:image:type\" content=\"image\/jpeg\" \/>\n<meta name=\"twitter:card\" content=\"summary_large_image\" \/>\n<meta name=\"twitter:site\" content=\"@ecrivusint\" \/>\n<meta name=\"twitter:label1\" content=\"Tempo estimado de leitura\" \/>\n\t<meta name=\"twitter:data1\" content=\"2 minutos\" \/>\n<script type=\"application\/ld+json\" class=\"yoast-schema-graph\">{\"@context\":\"https:\\\/\\\/schema.org\",\"@graph\":[{\"@type\":\"WebPage\",\"@id\":\"https:\\\/\\\/www.ecrivus-multimedia.nl\\\/product\\\/ai-contentoptimalisatie\\\/\",\"url\":\"https:\\\/\\\/www.ecrivus-multimedia.nl\\\/product\\\/ai-contentoptimalisatie\\\/\",\"name\":\"AI Contentoptimalisatie + editing voor hogere zoekmachine scores\",\"isPartOf\":{\"@id\":\"https:\\\/\\\/www.ecrivus-multimedia.nl\\\/#website\"},\"primaryImageOfPage\":{\"@id\":\"https:\\\/\\\/www.ecrivus-multimedia.nl\\\/product\\\/ai-contentoptimalisatie\\\/#primaryimage\"},\"image\":{\"@id\":\"https:\\\/\\\/www.ecrivus-multimedia.nl\\\/product\\\/ai-contentoptimalisatie\\\/#primaryimage\"},\"thumbnailUrl\":\"https:\\\/\\\/www.ecrivus-multimedia.nl\\\/wp-content\\\/uploads\\\/2023\\\/05\\\/ai-tools-online-marketing-seo-laptop.jpg\",\"datePublished\":\"2023-05-05T11:21:24+00:00\",\"dateModified\":\"2026-04-12T11:16:05+00:00\",\"description\":\"Transformeer uw content met AI Contentoptimalisatie. Verhoog uw online zichtbaarheid en bereik meer klanten. Bespaar tijd en optimaliseer uw teksten nu!\",\"breadcrumb\":{\"@id\":\"https:\\\/\\\/www.ecrivus-multimedia.nl\\\/product\\\/ai-contentoptimalisatie\\\/#breadcrumb\"},\"inLanguage\":\"pt-PT\",\"potentialAction\":[{\"@type\":\"ReadAction\",\"target\":[\"https:\\\/\\\/www.ecrivus-multimedia.nl\\\/product\\\/ai-contentoptimalisatie\\\/\"]}]},{\"@type\":\"ImageObject\",\"inLanguage\":\"pt-PT\",\"@id\":\"https:\\\/\\\/www.ecrivus-multimedia.nl\\\/product\\\/ai-contentoptimalisatie\\\/#primaryimage\",\"url\":\"https:\\\/\\\/www.ecrivus-multimedia.nl\\\/wp-content\\\/uploads\\\/2023\\\/05\\\/ai-tools-online-marketing-seo-laptop.jpg\",\"contentUrl\":\"https:\\\/\\\/www.ecrivus-multimedia.nl\\\/wp-content\\\/uploads\\\/2023\\\/05\\\/ai-tools-online-marketing-seo-laptop.jpg\",\"width\":1000,\"height\":571},{\"@type\":\"BreadcrumbList\",\"@id\":\"https:\\\/\\\/www.ecrivus-multimedia.nl\\\/product\\\/ai-contentoptimalisatie\\\/#breadcrumb\",\"itemListElement\":[{\"@type\":\"ListItem\",\"position\":1,\"name\":\"Home\",\"item\":\"https:\\\/\\\/www.ecrivus-multimedia.nl\\\/\"},{\"@type\":\"ListItem\",\"position\":2,\"name\":\"Shop\",\"item\":\"https:\\\/\\\/www.ecrivus-multimedia.nl\\\/shop\\\/\"},{\"@type\":\"ListItem\",\"position\":3,\"name\":\"AI Contentoptimalisatie + editing \u2013 Optimaliseer uw content en online vindbaarheid\"}]},{\"@type\":\"WebSite\",\"@id\":\"https:\\\/\\\/www.ecrivus-multimedia.nl\\\/#website\",\"url\":\"https:\\\/\\\/www.ecrivus-multimedia.nl\\\/\",\"name\":\"Ecrivus International Webshop\",\"description\":\"Erkende webshop voor be\u00ebdigde vertalingen.\",\"publisher\":{\"@id\":\"https:\\\/\\\/www.ecrivus-multimedia.nl\\\/#organization\"},\"potentialAction\":[{\"@type\":\"SearchAction\",\"target\":{\"@type\":\"EntryPoint\",\"urlTemplate\":\"https:\\\/\\\/www.ecrivus-multimedia.nl\\\/?s={search_term_string}\"},\"query-input\":{\"@type\":\"PropertyValueSpecification\",\"valueRequired\":true,\"valueName\":\"search_term_string\"}}],\"inLanguage\":\"pt-PT\"},{\"@type\":\"Organization\",\"@id\":\"https:\\\/\\\/www.ecrivus-multimedia.nl\\\/#organization\",\"name\":\"Ecrivus International\",\"url\":\"https:\\\/\\\/www.ecrivus-multimedia.nl\\\/\",\"logo\":{\"@type\":\"ImageObject\",\"inLanguage\":\"pt-PT\",\"@id\":\"https:\\\/\\\/www.ecrivus-multimedia.nl\\\/#\\\/schema\\\/logo\\\/image\\\/\",\"url\":\"https:\\\/\\\/www.ecrivus-multimedia.nl\\\/wp-content\\\/uploads\\\/2022\\\/01\\\/cropped-small-Logo-Ecrivus-Vector-Transparent2.png\",\"contentUrl\":\"https:\\\/\\\/www.ecrivus-multimedia.nl\\\/wp-content\\\/uploads\\\/2022\\\/01\\\/cropped-small-Logo-Ecrivus-Vector-Transparent2.png\",\"width\":512,\"height\":512,\"caption\":\"Ecrivus International\"},\"image\":{\"@id\":\"https:\\\/\\\/www.ecrivus-multimedia.nl\\\/#\\\/schema\\\/logo\\\/image\\\/\"},\"sameAs\":[\"https:\\\/\\\/www.facebook.com\\\/Ecrivus-International-676624782512639\\\/\",\"https:\\\/\\\/x.com\\\/ecrivusint\"]}]}<\/script>\n<!-- \/ Yoast SEO plugin. -->","yoast_head_json":{"title":"AI Contentoptimalisatie + editing voor hogere zoekmachine scores","description":"Transformeer uw content met AI Contentoptimalisatie. Verhoog uw online zichtbaarheid en bereik meer klanten. Bespaar tijd en optimaliseer uw teksten nu!","robots":{"index":"index","follow":"follow","max-snippet":"max-snippet:-1","max-image-preview":"max-image-preview:large","max-video-preview":"max-video-preview:-1"},"canonical":"https:\/\/www.ecrivus-multimedia.nl\/pt\/produtos\/otimizacao-de-conteudo-de-ia-3\/","og_locale":"pt_PT","og_type":"article","og_title":"AI Contentoptimalisatie + editing voor hogere zoekmachine scores","og_description":"Transformeer uw content met AI Contentoptimalisatie. Verhoog uw online zichtbaarheid en bereik meer klanten. Bespaar tijd en optimaliseer uw teksten nu!","og_url":"https:\/\/www.ecrivus-multimedia.nl\/pt\/produtos\/otimizacao-de-conteudo-de-ia-3\/","og_site_name":"Ecrivus International Webshop","article_publisher":"https:\/\/www.facebook.com\/Ecrivus-International-676624782512639\/","article_modified_time":"2026-04-12T11:16:05+00:00","og_image":[{"width":1000,"height":571,"url":"https:\/\/www.ecrivus-multimedia.nl\/wp-content\/uploads\/2023\/05\/ai-tools-online-marketing-seo-laptop.jpg","type":"image\/jpeg"}],"twitter_card":"summary_large_image","twitter_site":"@ecrivusint","twitter_misc":{"Tempo estimado de leitura":"2 minutos"},"schema":{"@context":"https:\/\/schema.org","@graph":[{"@type":"WebPage","@id":"https:\/\/www.ecrivus-multimedia.nl\/product\/ai-contentoptimalisatie\/","url":"https:\/\/www.ecrivus-multimedia.nl\/product\/ai-contentoptimalisatie\/","name":"AI Contentoptimalisatie + editing voor hogere zoekmachine scores","isPartOf":{"@id":"https:\/\/www.ecrivus-multimedia.nl\/#website"},"primaryImageOfPage":{"@id":"https:\/\/www.ecrivus-multimedia.nl\/product\/ai-contentoptimalisatie\/#primaryimage"},"image":{"@id":"https:\/\/www.ecrivus-multimedia.nl\/product\/ai-contentoptimalisatie\/#primaryimage"},"thumbnailUrl":"https:\/\/www.ecrivus-multimedia.nl\/wp-content\/uploads\/2023\/05\/ai-tools-online-marketing-seo-laptop.jpg","datePublished":"2023-05-05T11:21:24+00:00","dateModified":"2026-04-12T11:16:05+00:00","description":"Transformeer uw content met AI Contentoptimalisatie. Verhoog uw online zichtbaarheid en bereik meer klanten. Bespaar tijd en optimaliseer uw teksten nu!","breadcrumb":{"@id":"https:\/\/www.ecrivus-multimedia.nl\/product\/ai-contentoptimalisatie\/#breadcrumb"},"inLanguage":"pt-PT","potentialAction":[{"@type":"ReadAction","target":["https:\/\/www.ecrivus-multimedia.nl\/product\/ai-contentoptimalisatie\/"]}]},{"@type":"ImageObject","inLanguage":"pt-PT","@id":"https:\/\/www.ecrivus-multimedia.nl\/product\/ai-contentoptimalisatie\/#primaryimage","url":"https:\/\/www.ecrivus-multimedia.nl\/wp-content\/uploads\/2023\/05\/ai-tools-online-marketing-seo-laptop.jpg","contentUrl":"https:\/\/www.ecrivus-multimedia.nl\/wp-content\/uploads\/2023\/05\/ai-tools-online-marketing-seo-laptop.jpg","width":1000,"height":571},{"@type":"BreadcrumbList","@id":"https:\/\/www.ecrivus-multimedia.nl\/product\/ai-contentoptimalisatie\/#breadcrumb","itemListElement":[{"@type":"ListItem","position":1,"name":"Home","item":"https:\/\/www.ecrivus-multimedia.nl\/"},{"@type":"ListItem","position":2,"name":"Shop","item":"https:\/\/www.ecrivus-multimedia.nl\/shop\/"},{"@type":"ListItem","position":3,"name":"AI Contentoptimalisatie + editing \u2013 Optimaliseer uw content en online vindbaarheid"}]},{"@type":"WebSite","@id":"https:\/\/www.ecrivus-multimedia.nl\/#website","url":"https:\/\/www.ecrivus-multimedia.nl\/","name":"Ecrivus International Webshop","description":"Erkende webshop voor be\u00ebdigde vertalingen.","publisher":{"@id":"https:\/\/www.ecrivus-multimedia.nl\/#organization"},"potentialAction":[{"@type":"SearchAction","target":{"@type":"EntryPoint","urlTemplate":"https:\/\/www.ecrivus-multimedia.nl\/?s={search_term_string}"},"query-input":{"@type":"PropertyValueSpecification","valueRequired":true,"valueName":"search_term_string"}}],"inLanguage":"pt-PT"},{"@type":"Organization","@id":"https:\/\/www.ecrivus-multimedia.nl\/#organization","name":"Ecrivus International","url":"https:\/\/www.ecrivus-multimedia.nl\/","logo":{"@type":"ImageObject","inLanguage":"pt-PT","@id":"https:\/\/www.ecrivus-multimedia.nl\/#\/schema\/logo\/image\/","url":"https:\/\/www.ecrivus-multimedia.nl\/wp-content\/uploads\/2022\/01\/cropped-small-Logo-Ecrivus-Vector-Transparent2.png","contentUrl":"https:\/\/www.ecrivus-multimedia.nl\/wp-content\/uploads\/2022\/01\/cropped-small-Logo-Ecrivus-Vector-Transparent2.png","width":512,"height":512,"caption":"Ecrivus International"},"image":{"@id":"https:\/\/www.ecrivus-multimedia.nl\/#\/schema\/logo\/image\/"},"sameAs":["https:\/\/www.facebook.com\/Ecrivus-International-676624782512639\/","https:\/\/x.com\/ecrivusint"]}]}},"_links":{"self":[{"href":"https:\/\/www.ecrivus-multimedia.nl\/pt\/wp-json\/wp\/v2\/product\/109402","targetHints":{"allow":["GET"]}}],"collection":[{"href":"https:\/\/www.ecrivus-multimedia.nl\/pt\/wp-json\/wp\/v2\/product"}],"about":[{"href":"https:\/\/www.ecrivus-multimedia.nl\/pt\/wp-json\/wp\/v2\/types\/product"}],"replies":[{"embeddable":true,"href":"https:\/\/www.ecrivus-multimedia.nl\/pt\/wp-json\/wp\/v2\/comments?post=109402"}],"wp:featuredmedia":[{"embeddable":true,"href":"https:\/\/www.ecrivus-multimedia.nl\/pt\/wp-json\/wp\/v2\/media\/132637"}],"wp:attachment":[{"href":"https:\/\/www.ecrivus-multimedia.nl\/pt\/wp-json\/wp\/v2\/media?parent=109402"}],"wp:term":[{"taxonomy":"product_brand","embeddable":true,"href":"https:\/\/www.ecrivus-multimedia.nl\/pt\/wp-json\/wp\/v2\/product_brand?post=109402"},{"taxonomy":"product_cat","embeddable":true,"href":"https:\/\/www.ecrivus-multimedia.nl\/pt\/wp-json\/wp\/v2\/product_cat?post=109402"},{"taxonomy":"product_tag","embeddable":true,"href":"https:\/\/www.ecrivus-multimedia.nl\/pt\/wp-json\/wp\/v2\/product_tag?post=109402"}],"curies":[{"name":"wp","href":"https:\/\/api.w.org\/{rel}","templated":true}]}}