{"id":109441,"date":"2023-05-16T11:14:03","date_gmt":"2023-05-16T09:14:03","guid":{"rendered":"https:\/\/www.ecrivus-multimedia.nl\/?post_type=product&#038;p=109441"},"modified":"2026-04-12T12:13:17","modified_gmt":"2026-04-12T10:13:17","slug":"belastingaangifte-vertalen-beedigd","status":"publish","type":"product","link":"https:\/\/www.ecrivus-multimedia.nl\/pt\/produtos\/traducao-juramentada-de-declaracao-de-imposto-de-renda\/","title":{"rendered":"Traduzir declara\u00e7\u00e3o de imposto (juramentada)"},"content":{"rendered":"<p><span style=\"color: #808080;\"><strong><a href=\"https:\/\/www.ecrivus-multimedia.nl\/go\/belastingaangifte-vertalen-beedigd\/\" title=\"Quer traduzir uma declara\u00e7\u00e3o de imposto juramentada? Encomende atrav\u00e9s da nossa loja online!\" class=\"pretty-link-keyword\"rel=\"\">Declara\u00e7\u00e3o de imposto<\/a> (<a href=\"https:\/\/www.ecrivus-multimedia.nl\/go\/be\u00ebdigde-vertaling\/\" title=\"Tradu\u00e7\u00f5es juramentadas Arquivos | Loja virtual internacional Ecrivus\" class=\"pretty-link-keyword\"rel=\"\">tradu\u00e7\u00e3o juramentada<\/a> com carimbo)<\/strong><\/span><\/p>\n<p><span style=\"color: #808080;\">O <a href=\"https:\/\/www.ecrivus-multimedia.nl\/go\/be\u00ebdigde-vertaling\/\" title=\"Tradu\u00e7\u00f5es juramentadas Arquivos | Loja virtual internacional Ecrivus\" class=\"pretty-link-keyword\"rel=\"\">tradu\u00e7\u00e3o juramentada<\/a> do seu <a href=\"https:\/\/www.ecrivus-multimedia.nl\/go\/belastingaangifte-vertalen-beedigd\/\" title=\"Quer traduzir uma declara\u00e7\u00e3o de imposto juramentada? Encomende atrav\u00e9s da nossa loja online!\" class=\"pretty-link-keyword\"rel=\"\">declara\u00e7\u00e3o de imposto<\/a> agora pode ser facilmente encomendado online.<\/span><\/p>\n<p><span style=\"color: #808080;\"><strong>O <a href=\"https:\/\/www.ecrivus-multimedia.nl\/go\/be\u00ebdigde-vertaling\/\" title=\"Tradu\u00e7\u00f5es juramentadas Arquivos | Loja virtual internacional Ecrivus\" class=\"pretty-link-keyword\"rel=\"\">tradu\u00e7\u00e3o juramentada<\/a> do seu <a href=\"https:\/\/www.ecrivus-multimedia.nl\/go\/belastingaangifte-vertalen-beedigd\/\" title=\"Quer traduzir uma declara\u00e7\u00e3o de imposto juramentada? Encomende atrav\u00e9s da nossa loja online!\" class=\"pretty-link-keyword\"rel=\"\">declara\u00e7\u00e3o de imposto<\/a> est\u00e1 em boas m\u00e3os conosco:<\/strong><\/span><\/p>\n<ul>\n<li><span style=\"color: #808080;\">Tradu\u00e7\u00e3o juramentada, experiente e especializada <a style=\"color: #808080;\" href=\"http:\/\/www.ecrivus.nl\/juridische-vertalingen\/\">tradutor jur\u00eddico e tribut\u00e1rio<\/a><\/span><\/li>\n<li><span style=\"color: #808080;\">Inclusivo <a style=\"color: #808080;\" href=\"http:\/\/www.ecrivus.nl\/proeflezen\/\">revis\u00e3o<\/a><\/span><\/li>\n<li><span style=\"color: #808080;\">Inclusivo <a style=\"color: #808080;\" href=\"http:\/\/www.ecrivus.nl\/qa-kwaliteitscontroles\/\">controles de qualidade<\/a><\/span><\/li>\n<li><span style=\"color: #808080;\">Pre\u00e7os competitivos<\/span><\/li>\n<li><span style=\"color: #808080;\">Entrega r\u00e1pida<\/span><\/li>\n<li><span style=\"color: #808080;\">Escolha entre <a style=\"color: #808080;\" href=\"http:\/\/www.ecrivus.nl\/talen\/\">centenas de combina\u00e7\u00f5es de idiomas<\/a><\/span><\/li>\n<li><span style=\"color: #808080;\">Entrega urgente poss\u00edvel<\/span><\/li>\n<li><span style=\"color: #808080;\">Suporta v\u00e1rios formatos de arquivo, incluindo PDF<\/span><\/li>\n<li><span style=\"color: #808080;\">Frete sempre registrado <a href=\"https:\/\/www.ecrivus-multimedia.nl\/go\/be\u00ebdigde-vertaling\/\" title=\"Tradu\u00e7\u00f5es juramentadas Arquivos | Loja virtual internacional Ecrivus\" class=\"pretty-link-keyword\"rel=\"\">tradu\u00e7\u00e3o juramentada<\/a> com rastreamento e rastreamento<\/span><\/li>\n<li><span style=\"color: #808080;\">Possibilidade de ter o seu documento fornecido com um <a href=\"https:\/\/www.ecrivus-multimedia.nl\/go\/apostilles-legalisatie-landenoverzicht\/\" title=\"Apostilas (legaliza\u00e7\u00e3o) - vis\u00e3o geral do pa\u00eds\" class=\"pretty-link-keyword\"rel=\"\">apostila<\/a> ou <a href=\"https:\/\/www.ecrivus-multimedia.nl\/go\/apostilles-legalisatie-landenoverzicht\/\" title=\"Apostilas (legaliza\u00e7\u00e3o) - vis\u00e3o geral do pa\u00eds\" class=\"pretty-link-keyword\"rel=\"\">legaliza\u00e7\u00e3o<\/a> (legalizar)<\/span><\/li>\n<\/ul>\n<p><span style=\"color: #808080;\">Voc\u00ea est\u00e1 procurando um confi\u00e1vel e profissional <a href=\"https:\/\/www.ecrivus-multimedia.nl\/go\/be\u00ebdigde-vertaling\/\" title=\"Tradu\u00e7\u00f5es juramentadas Arquivos | Loja virtual internacional Ecrivus\" class=\"pretty-link-keyword\"rel=\"\">tradu\u00e7\u00e3o juramentada<\/a> para seus documentos fiscais? Nosso servi\u00e7o para <a href=\"https:\/\/www.ecrivus-multimedia.nl\/go\/be\u00ebdigde-vertaling\/\" title=\"Tradu\u00e7\u00f5es juramentadas Arquivos | Loja virtual internacional Ecrivus\" class=\"pretty-link-keyword\"rel=\"\">tradu\u00e7\u00f5es juramentadas<\/a> por <a href=\"https:\/\/www.ecrivus-multimedia.nl\/go\/belastingaangifte-vertalen-beedigd\/\" title=\"Quer traduzir uma declara\u00e7\u00e3o de imposto juramentada? Encomende atrav\u00e9s da nossa loja online!\" class=\"pretty-link-keyword\"rel=\"\">declara\u00e7\u00f5es fiscais<\/a> \u00e9 exatamente o que voc\u00ea precisa.<\/span><\/p>\n<p><span style=\"color: #808080;\">Nossos tradutores juramentados s\u00e3o especialistas em converter diversos documentos fiscais em uma tradu\u00e7\u00e3o precisa e confi\u00e1vel. Quer se trate de sua declara\u00e7\u00e3o de imposto de renda, dedu\u00e7\u00f5es fiscais, taxas de imposto, impostos sobre folha de pagamento ou provis\u00f3rios <a href=\"https:\/\/www.ecrivus-multimedia.nl\/go\/belastingaangifte-vertalen-beedigd\/\" title=\"Quer traduzir uma declara\u00e7\u00e3o de imposto juramentada? Encomende atrav\u00e9s da nossa loja online!\" class=\"pretty-link-keyword\"rel=\"\">ataques<\/a>, garantimos que seus documentos sejam traduzidos profissionalmente.<\/span><\/p>\n<p><span style=\"color: #808080;\">Na economia global de hoje, podem surgir situa\u00e7\u00f5es em que voc\u00ea precise ter seus documentos fiscais juramentados traduzidos para uso no exterior. Por exemplo, quando voc\u00ea realiza transa\u00e7\u00f5es comerciais internacionais, emigra para outro pa\u00eds, estrangeiro <a href=\"https:\/\/www.ecrivus-multimedia.nl\/go\/leningovereenkomst-beedigde-vertaling-met-stempel\/\" title=\"Quer traduzir um contrato de empr\u00e9stimo juramentado? Fa\u00e7a seu pedido em nossa loja virtual!\" class=\"pretty-link-keyword\"rel=\"\">hipoteca<\/a> solicita\u00e7\u00f5es ou uma ag\u00eancia governamental estrangeira exigir seus documentos. Nosso <a href=\"https:\/\/www.ecrivus-multimedia.nl\/go\/be\u00ebdigde-vertaling\/\" title=\"Tradu\u00e7\u00f5es juramentadas Arquivos | Loja virtual internacional Ecrivus\" class=\"pretty-link-keyword\"rel=\"\">tradu\u00e7\u00f5es juramentadas<\/a> atenda \u00e0s exig\u00eancias dos \u00f3rg\u00e3os oficiais em todo o mundo e garanta a validade jur\u00eddica dos seus documentos.<\/span><\/p>\n<p><span style=\"color: #808080;\">Nossos tradutores est\u00e3o familiarizados com a terminologia complexa e os requisitos espec\u00edficos associados aos documentos fiscais. Eles trabalham com a m\u00e1xima precis\u00e3o para garantir que sua tradu\u00e7\u00e3o seja completa e precisa, n\u00e3o deixando espa\u00e7o para mal-entendidos ou diferen\u00e7as de interpreta\u00e7\u00e3o.<\/span><\/p>\n<p><span style=\"color: #808080;\">Al\u00e9m disso, tratamos seus documentos com estrita confidencialidade e garantimos que seus dados pessoais e <a href=\"https:\/\/www.ecrivus-multimedia.nl\/go\/financi\u00eble-vertalingen\/\" title=\"Tradu\u00e7\u00f5es financeiras\" class=\"pretty-link-keyword\"rel=\"\">financeiro<\/a> os dados est\u00e3o seguros. Compreendemos a natureza sens\u00edvel dos documentos fiscais e levamos muito a s\u00e9rio a prote\u00e7\u00e3o da sua privacidade.<\/span><\/p>\n<p><span style=\"color: #808080;\">Nosso <a href=\"https:\/\/www.ecrivus-multimedia.nl\/go\/be\u00ebdigde-vertaling\/\" title=\"Tradu\u00e7\u00f5es juramentadas Arquivos | Loja virtual internacional Ecrivus\" class=\"pretty-link-keyword\"rel=\"\">tradu\u00e7\u00f5es juramentadas<\/a> incluem uma ampla variedade de documentos fiscais, como formul\u00e1rios de declara\u00e7\u00e3o de imposto de renda, declara\u00e7\u00f5es de dedu\u00e7\u00e3o fiscal, declara\u00e7\u00f5es de renda e ativos, certificados fiscais e muito mais. Independentemente do tipo <a href=\"https:\/\/www.ecrivus-multimedia.nl\/go\/belastingaangifte-vertalen-beedigd\/\" title=\"Quer traduzir uma declara\u00e7\u00e3o de imposto juramentada? Encomende atrav\u00e9s da nossa loja online!\" class=\"pretty-link-keyword\"rel=\"\">fiscal<\/a> documento que voc\u00ea precisa, voc\u00ea pode confiar que nossos tradutores experientes ir\u00e3o lidar com ele com o conhecimento e a precis\u00e3o necess\u00e1rios.<\/span><\/p>\n<p><span style=\"color: #808080;\">Deixe-nos ajud\u00e1-lo com o <a href=\"https:\/\/www.ecrivus-multimedia.nl\/go\/be\u00ebdigde-vertaling\/\" title=\"Tradu\u00e7\u00f5es juramentadas Arquivos | Loja virtual internacional Ecrivus\" class=\"pretty-link-keyword\"rel=\"\">tradu\u00e7\u00e3o juramentada<\/a> dos seus documentos fiscais, para que voc\u00ea possa atender com seguran\u00e7a \u00e0s exig\u00eancias das autoridades internacionais. Contate-nos hoje mesmo e descubra como podemos atender \u00e0s suas necessidades de tradu\u00e7\u00e3o tribut\u00e1ria com nosso servi\u00e7o de tradu\u00e7\u00e3o certificado e confi\u00e1vel.<\/span><\/p>\n<p><span style=\"color: #808080;\">Para voc\u00ea <a href=\"https:\/\/www.ecrivus-multimedia.nl\/go\/belastingaangifte-vertalen-beedigd\/\" title=\"Quer traduzir uma declara\u00e7\u00e3o de imposto juramentada? Encomende atrav\u00e9s da nossa loja online!\" class=\"pretty-link-keyword\"rel=\"\">declara\u00e7\u00e3o de imposto<\/a> para traduzi-lo imediatamente, selecione o n\u00famero de p\u00e1ginas acima <a href=\"https:\/\/www.ecrivus-multimedia.nl\/go\/belastingaangifte-vertalen-beedigd\/\" title=\"Quer traduzir uma declara\u00e7\u00e3o de imposto juramentada? Encomende atrav\u00e9s da nossa loja online!\" class=\"pretty-link-keyword\"rel=\"\">declara\u00e7\u00e3o de imposto<\/a> e a combina\u00e7\u00e3o de idiomas desejada. Em seguida, clique em \u2018Adicionar ao carrinho\u2019. Voc\u00ea pode ent\u00e3o tirar uma foto\/digitalizar seu <a href=\"https:\/\/www.ecrivus-multimedia.nl\/go\/belastingaangifte-vertalen-beedigd\/\" title=\"Quer traduzir uma declara\u00e7\u00e3o de imposto juramentada? Encomende atrav\u00e9s da nossa loja online!\" class=\"pretty-link-keyword\"rel=\"\">declara\u00e7\u00e3o de imposto<\/a> carregue e adicione ao seu pedido. Oferecemos diversas op\u00e7\u00f5es de pagamento atrav\u00e9s de conex\u00f5es seguras (incluindo iDeal, transfer\u00eancia banc\u00e1ria e PayPal).<\/span><\/p>\n<p><span style=\"color: #808080;\"><strong>Prazo de entrega padr\u00e3o<\/strong>: 5-6 dias \u00fateis<\/span><\/p>\n<p>&nbsp;<\/p>\n<p>&nbsp;<\/p>","protected":false},"excerpt":{"rendered":"<p>Tradu\u00e7\u00e3o juramentada profissional com carimbo de tradutor juramentado.<br \/>\nSelecione a combina\u00e7\u00e3o de idiomas abaixo:<\/p>","protected":false},"featured_media":132609,"comment_status":"open","ping_status":"closed","template":"","meta":{"_acf_changed":false,"_glsr_average":0,"_glsr_ranking":0,"_glsr_reviews":0,"_joinchat":[]},"product_brand":[],"product_cat":[107,15333,624],"product_tag":[15949,15950,15951,642,15946,15947,15948,15953,15954,15952],"class_list":{"0":"post-109441","1":"product","2":"type-product","3":"status-publish","4":"has-post-thumbnail","6":"product_cat-beedigde-vertalingen","7":"product_cat-financiele-vertalingen","8":"product_cat-juridische-vertalingen","9":"product_tag-aangifte","10":"product_tag-aanslag","11":"product_tag-aanslagen","12":"product_tag-beedigd","13":"product_tag-belasting","14":"product_tag-belastingaangifte","15":"product_tag-fiscaal","16":"product_tag-heffing","17":"product_tag-inkomstenbelasting","18":"product_tag-loonheffing","20":"first","21":"instock","22":"sold-individually","23":"taxable","24":"shipping-taxable","25":"purchasable","26":"product-type-variable"},"acf":[],"yoast_head":"<!-- This site is optimized with the Yoast SEO plugin v27.4 - https:\/\/yoast.com\/product\/yoast-seo-wordpress\/ -->\n<title>Belastingaangifte be\u00ebdigd vertalen? Bestel via onze webshop!<\/title>\n<meta name=\"description\" content=\"Belastingaangifte be\u00ebdigd vertalen? Bestel direct online! Offici\u00eble be\u00ebdigde vertaling met stempel van uw fiscale documenten. Alle talen. Veilig betalen.\" \/>\n<meta name=\"robots\" content=\"index, follow, max-snippet:-1, max-image-preview:large, max-video-preview:-1\" \/>\n<link rel=\"canonical\" href=\"https:\/\/www.ecrivus-multimedia.nl\/pt\/produtos\/traducao-juramentada-de-declaracao-de-imposto-de-renda\/\" \/>\n<meta property=\"og:locale\" content=\"pt_PT\" \/>\n<meta property=\"og:type\" content=\"article\" \/>\n<meta property=\"og:title\" content=\"Belastingaangifte be\u00ebdigd vertalen? Bestel via onze webshop!\" \/>\n<meta property=\"og:description\" content=\"Belastingaangifte be\u00ebdigd vertalen? Bestel direct online! Offici\u00eble be\u00ebdigde vertaling met stempel van uw fiscale documenten. Alle talen. Veilig betalen.\" \/>\n<meta property=\"og:url\" content=\"https:\/\/www.ecrivus-multimedia.nl\/pt\/produtos\/traducao-juramentada-de-declaracao-de-imposto-de-renda\/\" \/>\n<meta property=\"og:site_name\" content=\"Ecrivus International Webshop\" \/>\n<meta property=\"article:publisher\" content=\"https:\/\/www.facebook.com\/Ecrivus-International-676624782512639\/\" \/>\n<meta property=\"article:modified_time\" content=\"2026-04-12T10:13:17+00:00\" \/>\n<meta property=\"og:image\" content=\"https:\/\/www.ecrivus-multimedia.nl\/wp-content\/uploads\/2017\/08\/beedigde-vertaling2.webp\" \/>\n\t<meta property=\"og:image:width\" content=\"1000\" \/>\n\t<meta property=\"og:image:height\" content=\"623\" \/>\n\t<meta property=\"og:image:type\" content=\"image\/webp\" \/>\n<meta name=\"twitter:card\" content=\"summary_large_image\" \/>\n<meta name=\"twitter:site\" content=\"@ecrivusint\" \/>\n<meta name=\"twitter:label1\" content=\"Tempo estimado de leitura\" \/>\n\t<meta name=\"twitter:data1\" content=\"3 minutos\" \/>\n<script type=\"application\/ld+json\" class=\"yoast-schema-graph\">{\"@context\":\"https:\\\/\\\/schema.org\",\"@graph\":[{\"@type\":\"WebPage\",\"@id\":\"https:\\\/\\\/www.ecrivus-multimedia.nl\\\/product\\\/belastingaangifte-vertalen-beedigd\\\/\",\"url\":\"https:\\\/\\\/www.ecrivus-multimedia.nl\\\/product\\\/belastingaangifte-vertalen-beedigd\\\/\",\"name\":\"Belastingaangifte be\u00ebdigd vertalen? Bestel via onze webshop!\",\"isPartOf\":{\"@id\":\"https:\\\/\\\/www.ecrivus-multimedia.nl\\\/#website\"},\"primaryImageOfPage\":{\"@id\":\"https:\\\/\\\/www.ecrivus-multimedia.nl\\\/product\\\/belastingaangifte-vertalen-beedigd\\\/#primaryimage\"},\"image\":{\"@id\":\"https:\\\/\\\/www.ecrivus-multimedia.nl\\\/product\\\/belastingaangifte-vertalen-beedigd\\\/#primaryimage\"},\"thumbnailUrl\":\"https:\\\/\\\/www.ecrivus-multimedia.nl\\\/wp-content\\\/uploads\\\/2026\\\/04\\\/lakstempel-drukken-document-vooraanzicht-2.jpg\",\"datePublished\":\"2023-05-16T09:14:03+00:00\",\"dateModified\":\"2026-04-12T10:13:17+00:00\",\"description\":\"Belastingaangifte be\u00ebdigd vertalen? Bestel direct online! Offici\u00eble be\u00ebdigde vertaling met stempel van uw fiscale documenten. Alle talen. Veilig betalen.\",\"breadcrumb\":{\"@id\":\"https:\\\/\\\/www.ecrivus-multimedia.nl\\\/product\\\/belastingaangifte-vertalen-beedigd\\\/#breadcrumb\"},\"inLanguage\":\"pt-PT\",\"potentialAction\":[{\"@type\":\"ReadAction\",\"target\":[\"https:\\\/\\\/www.ecrivus-multimedia.nl\\\/product\\\/belastingaangifte-vertalen-beedigd\\\/\"]}]},{\"@type\":\"ImageObject\",\"inLanguage\":\"pt-PT\",\"@id\":\"https:\\\/\\\/www.ecrivus-multimedia.nl\\\/product\\\/belastingaangifte-vertalen-beedigd\\\/#primaryimage\",\"url\":\"https:\\\/\\\/www.ecrivus-multimedia.nl\\\/wp-content\\\/uploads\\\/2026\\\/04\\\/lakstempel-drukken-document-vooraanzicht-2.jpg\",\"contentUrl\":\"https:\\\/\\\/www.ecrivus-multimedia.nl\\\/wp-content\\\/uploads\\\/2026\\\/04\\\/lakstempel-drukken-document-vooraanzicht-2.jpg\",\"width\":1000,\"height\":667},{\"@type\":\"BreadcrumbList\",\"@id\":\"https:\\\/\\\/www.ecrivus-multimedia.nl\\\/product\\\/belastingaangifte-vertalen-beedigd\\\/#breadcrumb\",\"itemListElement\":[{\"@type\":\"ListItem\",\"position\":1,\"name\":\"Home\",\"item\":\"https:\\\/\\\/www.ecrivus-multimedia.nl\\\/\"},{\"@type\":\"ListItem\",\"position\":2,\"name\":\"Shop\",\"item\":\"https:\\\/\\\/www.ecrivus-multimedia.nl\\\/shop\\\/\"},{\"@type\":\"ListItem\",\"position\":3,\"name\":\"Belastingaangifte vertalen (be\u00ebdigd)\"}]},{\"@type\":\"WebSite\",\"@id\":\"https:\\\/\\\/www.ecrivus-multimedia.nl\\\/#website\",\"url\":\"https:\\\/\\\/www.ecrivus-multimedia.nl\\\/\",\"name\":\"Ecrivus International Webshop\",\"description\":\"Erkende webshop voor be\u00ebdigde vertalingen.\",\"publisher\":{\"@id\":\"https:\\\/\\\/www.ecrivus-multimedia.nl\\\/#organization\"},\"potentialAction\":[{\"@type\":\"SearchAction\",\"target\":{\"@type\":\"EntryPoint\",\"urlTemplate\":\"https:\\\/\\\/www.ecrivus-multimedia.nl\\\/?s={search_term_string}\"},\"query-input\":{\"@type\":\"PropertyValueSpecification\",\"valueRequired\":true,\"valueName\":\"search_term_string\"}}],\"inLanguage\":\"pt-PT\"},{\"@type\":\"Organization\",\"@id\":\"https:\\\/\\\/www.ecrivus-multimedia.nl\\\/#organization\",\"name\":\"Ecrivus International\",\"url\":\"https:\\\/\\\/www.ecrivus-multimedia.nl\\\/\",\"logo\":{\"@type\":\"ImageObject\",\"inLanguage\":\"pt-PT\",\"@id\":\"https:\\\/\\\/www.ecrivus-multimedia.nl\\\/#\\\/schema\\\/logo\\\/image\\\/\",\"url\":\"https:\\\/\\\/www.ecrivus-multimedia.nl\\\/wp-content\\\/uploads\\\/2022\\\/01\\\/cropped-small-Logo-Ecrivus-Vector-Transparent2.png\",\"contentUrl\":\"https:\\\/\\\/www.ecrivus-multimedia.nl\\\/wp-content\\\/uploads\\\/2022\\\/01\\\/cropped-small-Logo-Ecrivus-Vector-Transparent2.png\",\"width\":512,\"height\":512,\"caption\":\"Ecrivus International\"},\"image\":{\"@id\":\"https:\\\/\\\/www.ecrivus-multimedia.nl\\\/#\\\/schema\\\/logo\\\/image\\\/\"},\"sameAs\":[\"https:\\\/\\\/www.facebook.com\\\/Ecrivus-International-676624782512639\\\/\",\"https:\\\/\\\/x.com\\\/ecrivusint\"]}]}<\/script>\n<!-- \/ Yoast SEO plugin. -->","yoast_head_json":{"title":"Belastingaangifte be\u00ebdigd vertalen? Bestel via onze webshop!","description":"Belastingaangifte be\u00ebdigd vertalen? Bestel direct online! Offici\u00eble be\u00ebdigde vertaling met stempel van uw fiscale documenten. Alle talen. Veilig betalen.","robots":{"index":"index","follow":"follow","max-snippet":"max-snippet:-1","max-image-preview":"max-image-preview:large","max-video-preview":"max-video-preview:-1"},"canonical":"https:\/\/www.ecrivus-multimedia.nl\/pt\/produtos\/traducao-juramentada-de-declaracao-de-imposto-de-renda\/","og_locale":"pt_PT","og_type":"article","og_title":"Belastingaangifte be\u00ebdigd vertalen? Bestel via onze webshop!","og_description":"Belastingaangifte be\u00ebdigd vertalen? Bestel direct online! Offici\u00eble be\u00ebdigde vertaling met stempel van uw fiscale documenten. Alle talen. Veilig betalen.","og_url":"https:\/\/www.ecrivus-multimedia.nl\/pt\/produtos\/traducao-juramentada-de-declaracao-de-imposto-de-renda\/","og_site_name":"Ecrivus International Webshop","article_publisher":"https:\/\/www.facebook.com\/Ecrivus-International-676624782512639\/","article_modified_time":"2026-04-12T10:13:17+00:00","og_image":[{"width":1000,"height":623,"url":"https:\/\/www.ecrivus-multimedia.nl\/wp-content\/uploads\/2017\/08\/beedigde-vertaling2.webp","type":"image\/webp"}],"twitter_card":"summary_large_image","twitter_site":"@ecrivusint","twitter_misc":{"Tempo estimado de leitura":"3 minutos"},"schema":{"@context":"https:\/\/schema.org","@graph":[{"@type":"WebPage","@id":"https:\/\/www.ecrivus-multimedia.nl\/product\/belastingaangifte-vertalen-beedigd\/","url":"https:\/\/www.ecrivus-multimedia.nl\/product\/belastingaangifte-vertalen-beedigd\/","name":"Belastingaangifte be\u00ebdigd vertalen? Bestel via onze webshop!","isPartOf":{"@id":"https:\/\/www.ecrivus-multimedia.nl\/#website"},"primaryImageOfPage":{"@id":"https:\/\/www.ecrivus-multimedia.nl\/product\/belastingaangifte-vertalen-beedigd\/#primaryimage"},"image":{"@id":"https:\/\/www.ecrivus-multimedia.nl\/product\/belastingaangifte-vertalen-beedigd\/#primaryimage"},"thumbnailUrl":"https:\/\/www.ecrivus-multimedia.nl\/wp-content\/uploads\/2026\/04\/lakstempel-drukken-document-vooraanzicht-2.jpg","datePublished":"2023-05-16T09:14:03+00:00","dateModified":"2026-04-12T10:13:17+00:00","description":"Belastingaangifte be\u00ebdigd vertalen? Bestel direct online! Offici\u00eble be\u00ebdigde vertaling met stempel van uw fiscale documenten. Alle talen. Veilig betalen.","breadcrumb":{"@id":"https:\/\/www.ecrivus-multimedia.nl\/product\/belastingaangifte-vertalen-beedigd\/#breadcrumb"},"inLanguage":"pt-PT","potentialAction":[{"@type":"ReadAction","target":["https:\/\/www.ecrivus-multimedia.nl\/product\/belastingaangifte-vertalen-beedigd\/"]}]},{"@type":"ImageObject","inLanguage":"pt-PT","@id":"https:\/\/www.ecrivus-multimedia.nl\/product\/belastingaangifte-vertalen-beedigd\/#primaryimage","url":"https:\/\/www.ecrivus-multimedia.nl\/wp-content\/uploads\/2026\/04\/lakstempel-drukken-document-vooraanzicht-2.jpg","contentUrl":"https:\/\/www.ecrivus-multimedia.nl\/wp-content\/uploads\/2026\/04\/lakstempel-drukken-document-vooraanzicht-2.jpg","width":1000,"height":667},{"@type":"BreadcrumbList","@id":"https:\/\/www.ecrivus-multimedia.nl\/product\/belastingaangifte-vertalen-beedigd\/#breadcrumb","itemListElement":[{"@type":"ListItem","position":1,"name":"Home","item":"https:\/\/www.ecrivus-multimedia.nl\/"},{"@type":"ListItem","position":2,"name":"Shop","item":"https:\/\/www.ecrivus-multimedia.nl\/shop\/"},{"@type":"ListItem","position":3,"name":"Belastingaangifte vertalen (be\u00ebdigd)"}]},{"@type":"WebSite","@id":"https:\/\/www.ecrivus-multimedia.nl\/#website","url":"https:\/\/www.ecrivus-multimedia.nl\/","name":"Ecrivus International Webshop","description":"Erkende webshop voor be\u00ebdigde vertalingen.","publisher":{"@id":"https:\/\/www.ecrivus-multimedia.nl\/#organization"},"potentialAction":[{"@type":"SearchAction","target":{"@type":"EntryPoint","urlTemplate":"https:\/\/www.ecrivus-multimedia.nl\/?s={search_term_string}"},"query-input":{"@type":"PropertyValueSpecification","valueRequired":true,"valueName":"search_term_string"}}],"inLanguage":"pt-PT"},{"@type":"Organization","@id":"https:\/\/www.ecrivus-multimedia.nl\/#organization","name":"Ecrivus International","url":"https:\/\/www.ecrivus-multimedia.nl\/","logo":{"@type":"ImageObject","inLanguage":"pt-PT","@id":"https:\/\/www.ecrivus-multimedia.nl\/#\/schema\/logo\/image\/","url":"https:\/\/www.ecrivus-multimedia.nl\/wp-content\/uploads\/2022\/01\/cropped-small-Logo-Ecrivus-Vector-Transparent2.png","contentUrl":"https:\/\/www.ecrivus-multimedia.nl\/wp-content\/uploads\/2022\/01\/cropped-small-Logo-Ecrivus-Vector-Transparent2.png","width":512,"height":512,"caption":"Ecrivus International"},"image":{"@id":"https:\/\/www.ecrivus-multimedia.nl\/#\/schema\/logo\/image\/"},"sameAs":["https:\/\/www.facebook.com\/Ecrivus-International-676624782512639\/","https:\/\/x.com\/ecrivusint"]}]}},"_links":{"self":[{"href":"https:\/\/www.ecrivus-multimedia.nl\/pt\/wp-json\/wp\/v2\/product\/109441","targetHints":{"allow":["GET"]}}],"collection":[{"href":"https:\/\/www.ecrivus-multimedia.nl\/pt\/wp-json\/wp\/v2\/product"}],"about":[{"href":"https:\/\/www.ecrivus-multimedia.nl\/pt\/wp-json\/wp\/v2\/types\/product"}],"replies":[{"embeddable":true,"href":"https:\/\/www.ecrivus-multimedia.nl\/pt\/wp-json\/wp\/v2\/comments?post=109441"}],"wp:featuredmedia":[{"embeddable":true,"href":"https:\/\/www.ecrivus-multimedia.nl\/pt\/wp-json\/wp\/v2\/media\/132609"}],"wp:attachment":[{"href":"https:\/\/www.ecrivus-multimedia.nl\/pt\/wp-json\/wp\/v2\/media?parent=109441"}],"wp:term":[{"taxonomy":"product_brand","embeddable":true,"href":"https:\/\/www.ecrivus-multimedia.nl\/pt\/wp-json\/wp\/v2\/product_brand?post=109441"},{"taxonomy":"product_cat","embeddable":true,"href":"https:\/\/www.ecrivus-multimedia.nl\/pt\/wp-json\/wp\/v2\/product_cat?post=109441"},{"taxonomy":"product_tag","embeddable":true,"href":"https:\/\/www.ecrivus-multimedia.nl\/pt\/wp-json\/wp\/v2\/product_tag?post=109441"}],"curies":[{"name":"wp","href":"https:\/\/api.w.org\/{rel}","templated":true}]}}