{"id":109930,"date":"2023-10-29T16:40:49","date_gmt":"2023-10-29T15:40:49","guid":{"rendered":"https:\/\/www.ecrivus-multimedia.nl\/?post_type=product&#038;p=109930"},"modified":"2026-04-12T13:14:34","modified_gmt":"2026-04-12T11:14:34","slug":"ondertiteling-ondertitelen-video","status":"publish","type":"product","link":"https:\/\/www.ecrivus-multimedia.nl\/pt\/produtos\/legendas-legendas-video\/","title":{"rendered":"Legendas (v\u00eddeo)"},"content":{"rendered":"<h2>Legendas profissionais para seus v\u00eddeos<\/h2>\n<h3>Legenda do v\u00eddeo? Encomende legendas acess\u00edveis online agora<\/h3>\n<ul>\n<li><strong>Servi\u00e7o de emerg\u00eancia<\/strong>: op\u00e7\u00e3o de entrega em 24\/48 horas ou prazo de entrega padr\u00e3o<\/li>\n<li><strong>Mais de 500 combina\u00e7\u00f5es de idiomas<\/strong><\/li>\n<li><strong>Falantes nativos<\/strong>: trabalhamos com uma rede global de <a href=\"https:\/\/www.ecrivus-multimedia.nl\/go\/ondertiteling-ondertitelen-video\/\" title=\"Legendas (v\u00eddeo)\" class=\"pretty-link-keyword\"rel=\"\">legendadores<\/a>, <a href=\"https:\/\/www.ecrivus.nl\/taaldiensten\/\" target=\"_blank\" rel=\"noopener\">tradutores<\/a> e linguistas<\/li>\n<li><a href=\"https:\/\/www.ecrivus-multimedia.nl\/go\/ondertiteling-ondertitelen-video\/\" title=\"Legendas (v\u00eddeo)\" class=\"pretty-link-keyword\"rel=\"\">Legendas<\/a> no idioma falado do v\u00eddeo ou traduzido diretamente para o(s) idioma(s) de sua escolha<\/li>\n<li><a href=\"https:\/\/www.ecrivus-multimedia.nl\/go\/ondertiteling-ondertitelen-video\/\" title=\"Legendas (v\u00eddeo)\" class=\"pretty-link-keyword\"rel=\"\">Legendas<\/a> gravar em v\u00eddeo ou entregar como arquivo .SRT<\/li>\n<li><strong>Mais de 20 anos de experi\u00eancia<\/strong><\/li>\n<li>N\u00f3s <a href=\"https:\/\/www.ecrivus-multimedia.nl\/go\/ondertiteling-ondertitelen-video\/\" title=\"Legendas (v\u00eddeo)\" class=\"pretty-link-keyword\"rel=\"\">legendagem<\/a> para empresas (v\u00eddeos corporativos), (semi-)<a href=\"https:\/\/www.ecrivus-multimedia.nl\/go\/verslag-betalingen-aan-overheden-beedigde-vertaling-met-stempel\/\" title=\"Quer traduzir um relat\u00f3rio juramentado sobre pagamentos a governos? Fa\u00e7a seu pedido em nossa loja virtual!\" class=\"pretty-link-keyword\"rel=\"\">governos<\/a>, ONGs, organiza\u00e7\u00f5es e institui\u00e7\u00f5es<\/li>\n<li>Adequado para canais online como <strong>YouTube\u00ae e Vimeo\u00ae, mas tamb\u00e9m para TV<\/strong><\/li>\n<li><a href=\"https:\/\/www.ecrivus-multimedia.nl\/go\/ondertiteling-ondertitelen-video\/\" title=\"Legendas (v\u00eddeo)\" class=\"pretty-link-keyword\"rel=\"\">Legendas<\/a> <strong>atender aos requisitos e diretrizes internacionais<\/strong><\/li>\n<li><strong>Controles de qualidade<\/strong> (QA) inclu\u00eddo<\/li>\n<li><a href=\"https:\/\/www.ecrivus-multimedia.nl\/go\/ondertiteling-ondertitelen-video\/\" title=\"Legendas (v\u00eddeo)\" class=\"pretty-link-keyword\"rel=\"\">Legendas<\/a> s\u00e3o <strong>preciso e perfeitamente cronometrado<\/strong><\/li>\n<li><strong>Mais votado<\/strong><\/li>\n<li>Tamb\u00e9m <a href=\"https:\/\/www.ecrivus-multimedia.nl\/go\/transcriptie-audio-naar-tekst\/\" title=\"Precisa de transcri\u00e7\u00e3o (\u00e1udio para texto)?\" class=\"pretty-link-keyword\"rel=\"\">transcri\u00e7\u00f5es<\/a><\/li>\n<\/ul>\n<h3>Encomende legendas de v\u00eddeo<\/h3>\n<p><a href=\"https:\/\/www.ecrivus-multimedia.nl\/go\/ondertiteling-ondertitelen-video\/\" title=\"Legendas (v\u00eddeo)\" class=\"pretty-link-keyword\"rel=\"\">Legendas<\/a> oferece muitos benef\u00edcios para criadores e espectadores de conte\u00fado. <a href=\"https:\/\/www.ecrivus-multimedia.nl\/go\/ondertiteling-ondertitelen-video\/\" title=\"Legendas (v\u00eddeo)\" class=\"pretty-link-keyword\"rel=\"\">Legendas<\/a> torna os v\u00eddeos acess\u00edveis a um p\u00fablico amplo e internacional. Al\u00e9m disso <a href=\"https:\/\/www.ecrivus-multimedia.nl\/go\/ondertiteling-ondertitelen-video\/\" title=\"Legendas (v\u00eddeo)\" class=\"pretty-link-keyword\"rel=\"\">legendas<\/a> uma ajuda ideal para deficientes auditivos e espectadores em ambientes movimentados. Traduzido <a href=\"https:\/\/www.ecrivus-multimedia.nl\/go\/ondertiteling-ondertitelen-video\/\" title=\"Legendas (v\u00eddeo)\" class=\"pretty-link-keyword\"rel=\"\">legendas<\/a> \u00e9 claro que tamb\u00e9m torna o conte\u00fado adequado para um p\u00fablico internacional, permitindo que os espectadores assistam e leiam o conte\u00fado do seu v\u00eddeo em seu idioma nativo. Tudo isso faz <a href=\"https:\/\/www.ecrivus-multimedia.nl\/go\/ondertiteling-ondertitelen-video\/\" title=\"Legendas (v\u00eddeo)\" class=\"pretty-link-keyword\"rel=\"\">legendas<\/a> uma excelente ferramenta para marketing internacional, aumentando a visibilidade da marca e atingindo diversos grupos-alvo internacionais. Essa \u00e9 uma vantagem muitas vezes subexposta <a href=\"https:\/\/www.ecrivus-multimedia.nl\/go\/ondertiteling-ondertitelen-video\/\" title=\"Legendas (v\u00eddeo)\" class=\"pretty-link-keyword\"rel=\"\">legendas<\/a> tamb\u00e9m pode contribuir para o desempenho de SEO (otimiza\u00e7\u00e3o de mecanismos de pesquisa) de v\u00eddeos. Como resultado, os v\u00eddeos t\u00eam melhor pontua\u00e7\u00e3o nos resultados dos mecanismos de pesquisa e obt\u00eam uma classifica\u00e7\u00e3o mais elevada no Google\u00ae e no YouTube\u00ae.\u00a0<\/p>\n<p>Voc\u00ea iria <a href=\"https:\/\/www.ecrivus-multimedia.nl\/pt\/produtos\/transcricao-de-audio-para-texto\/\">ter \u00e1udio digitado em texto<\/a>? Tamb\u00e9m oferecemos \u00e1udio <a href=\"https:\/\/www.ecrivus-multimedia.nl\/go\/transcriptie-audio-naar-tekst\/\" title=\"Precisa de transcri\u00e7\u00e3o (\u00e1udio para texto)?\" class=\"pretty-link-keyword\"rel=\"\">transcri\u00e7\u00e3o<\/a>.<\/p>\n<h3>Encomende legendas online<\/h3>\n<p>R\u00e1pido <a href=\"https:\/\/www.ecrivus-multimedia.nl\/go\/ondertiteling-ondertitelen-video\/\" title=\"Legendas (v\u00eddeo)\" class=\"pretty-link-keyword\"rel=\"\">legendas<\/a> precisa do seu filme, document\u00e1rio, v\u00eddeo corporativo ou v\u00eddeo anima\u00e7\u00e3o? Experimente nosso servi\u00e7o r\u00e1pido e a conveni\u00eancia do processo de pedido on-line. Pagamento online seguro via iDEAL.<\/p>\n<p>Ap\u00f3s receber seu pedido, come\u00e7aremos a trabalhar para voc\u00ea imediatamente. Os v\u00eddeos gravados ser\u00e3o enviados a voc\u00ea atrav\u00e9s do nosso portal seguro dentro do prazo de entrega acordado. Voc\u00ea optou pela entrega de arquivos .srt? Voc\u00ea receber\u00e1 isso por e-mail.<\/p>\n<p>Torne o conte\u00fado do seu v\u00eddeo acess\u00edvel a um p\u00fablico internacional com nosso servi\u00e7o de legendagem!<\/p>\n<p>Voc\u00ea tem uma solicita\u00e7\u00e3o que requer personaliza\u00e7\u00e3o? Por exemplo, v\u00e1rios v\u00eddeos, um projeto grande ou requisitos especiais em rela\u00e7\u00e3o \u00e0 fonte e ao tamanho <a href=\"https:\/\/www.ecrivus-multimedia.nl\/go\/ondertiteling-ondertitelen-video\/\" title=\"Legendas (v\u00eddeo)\" class=\"pretty-link-keyword\"rel=\"\">legendas<\/a>? Que pode. Ent\u00e3o preencha-nos <a href=\"https:\/\/www.ecrivus-multimedia.nl\/pt\/contato\/\">formul\u00e1rio de or\u00e7amento em nossa p\u00e1gina de contato<\/a> e enviaremos sua cota\u00e7\u00e3o para seu <a href=\"https:\/\/www.ecrivus-multimedia.nl\/go\/ondertiteling-ondertitelen-video\/\" title=\"Legendas (v\u00eddeo)\" class=\"pretty-link-keyword\"rel=\"\">legendas<\/a> o mais cedo poss\u00edvel!<\/p>","protected":false},"excerpt":{"rendered":"<p>Legenda do v\u00eddeo? Pe\u00e7a agora! Escolha entre mais de 500 combina\u00e7\u00f5es de idiomas. Selecione as op\u00e7\u00f5es abaixo e fa\u00e7a seu pedido imediatamente!<\/p>","protected":false},"featured_media":132632,"comment_status":"open","ping_status":"closed","template":"","meta":{"_acf_changed":false,"_glsr_average":0,"_glsr_ranking":0,"_glsr_reviews":0,"_joinchat":[]},"product_brand":[],"product_cat":[15958,15955],"product_tag":[15957,15956],"class_list":{"0":"post-109930","1":"product","2":"type-product","3":"status-publish","4":"has-post-thumbnail","6":"product_cat-audio-video","7":"product_cat-multimedia","8":"product_tag-ondertitelen","9":"product_tag-ondertiteling","11":"first","12":"instock","13":"sold-individually","14":"taxable","15":"shipping-taxable","16":"purchasable","17":"product-type-variable"},"acf":[],"yoast_head":"<!-- This site is optimized with the Yoast SEO plugin v27.4 - https:\/\/yoast.com\/product\/yoast-seo-wordpress\/ -->\n<title>Video ondertitelen? \ud83c\udfac Bestel nu supersnel ondertiteling online!<\/title>\n<meta name=\"description\" content=\"Video ondertitelen? \ud83c\udfa6 Bestel nu de ondertiteling voor je video&#039;s eenvoudig online. Goedkoop, 500+ talen, spoedservice, inbranden &amp; best beoordeeld! \u2714\" \/>\n<meta name=\"robots\" content=\"index, follow, max-snippet:-1, max-image-preview:large, max-video-preview:-1\" \/>\n<link rel=\"canonical\" href=\"https:\/\/www.ecrivus-multimedia.nl\/pt\/produtos\/legendas-legendas-video\/\" \/>\n<meta property=\"og:locale\" content=\"pt_PT\" \/>\n<meta property=\"og:type\" content=\"article\" \/>\n<meta property=\"og:title\" content=\"Video ondertitelen? \ud83c\udfac Bestel nu supersnel ondertiteling online!\" \/>\n<meta property=\"og:description\" content=\"Video ondertitelen? \ud83c\udfa6 Bestel nu de ondertiteling voor je video&#039;s eenvoudig online. Goedkoop, 500+ talen, spoedservice, inbranden &amp; best beoordeeld! \u2714\" \/>\n<meta property=\"og:url\" content=\"https:\/\/www.ecrivus-multimedia.nl\/pt\/produtos\/legendas-legendas-video\/\" \/>\n<meta property=\"og:site_name\" content=\"Ecrivus International Webshop\" \/>\n<meta property=\"article:publisher\" content=\"https:\/\/www.facebook.com\/Ecrivus-International-676624782512639\/\" \/>\n<meta property=\"article:modified_time\" content=\"2026-04-12T11:14:34+00:00\" \/>\n<meta property=\"og:image\" content=\"https:\/\/www.ecrivus-multimedia.nl\/wp-content\/uploads\/2023\/10\/video-editor-twee-monitoren-bewerkingssoftware.jpg\" \/>\n\t<meta property=\"og:image:width\" content=\"1000\" \/>\n\t<meta property=\"og:image:height\" content=\"667\" \/>\n\t<meta property=\"og:image:type\" content=\"image\/jpeg\" \/>\n<meta name=\"twitter:card\" content=\"summary_large_image\" \/>\n<meta name=\"twitter:site\" content=\"@ecrivusint\" \/>\n<meta name=\"twitter:label1\" content=\"Tempo estimado de leitura\" \/>\n\t<meta name=\"twitter:data1\" content=\"2 minutos\" \/>\n<script type=\"application\/ld+json\" class=\"yoast-schema-graph\">{\"@context\":\"https:\\\/\\\/schema.org\",\"@graph\":[{\"@type\":\"WebPage\",\"@id\":\"https:\\\/\\\/www.ecrivus-multimedia.nl\\\/product\\\/ondertiteling-ondertitelen-video\\\/\",\"url\":\"https:\\\/\\\/www.ecrivus-multimedia.nl\\\/product\\\/ondertiteling-ondertitelen-video\\\/\",\"name\":\"Video ondertitelen? \ud83c\udfac Bestel nu supersnel ondertiteling online!\",\"isPartOf\":{\"@id\":\"https:\\\/\\\/www.ecrivus-multimedia.nl\\\/#website\"},\"primaryImageOfPage\":{\"@id\":\"https:\\\/\\\/www.ecrivus-multimedia.nl\\\/product\\\/ondertiteling-ondertitelen-video\\\/#primaryimage\"},\"image\":{\"@id\":\"https:\\\/\\\/www.ecrivus-multimedia.nl\\\/product\\\/ondertiteling-ondertitelen-video\\\/#primaryimage\"},\"thumbnailUrl\":\"https:\\\/\\\/www.ecrivus-multimedia.nl\\\/wp-content\\\/uploads\\\/2023\\\/10\\\/video-editor-twee-monitoren-bewerkingssoftware.jpg\",\"datePublished\":\"2023-10-29T15:40:49+00:00\",\"dateModified\":\"2026-04-12T11:14:34+00:00\",\"description\":\"Video ondertitelen? \ud83c\udfa6 Bestel nu de ondertiteling voor je video's eenvoudig online. Goedkoop, 500+ talen, spoedservice, inbranden & best beoordeeld! \u2714\",\"breadcrumb\":{\"@id\":\"https:\\\/\\\/www.ecrivus-multimedia.nl\\\/product\\\/ondertiteling-ondertitelen-video\\\/#breadcrumb\"},\"inLanguage\":\"pt-PT\",\"potentialAction\":[{\"@type\":\"ReadAction\",\"target\":[\"https:\\\/\\\/www.ecrivus-multimedia.nl\\\/product\\\/ondertiteling-ondertitelen-video\\\/\"]}]},{\"@type\":\"ImageObject\",\"inLanguage\":\"pt-PT\",\"@id\":\"https:\\\/\\\/www.ecrivus-multimedia.nl\\\/product\\\/ondertiteling-ondertitelen-video\\\/#primaryimage\",\"url\":\"https:\\\/\\\/www.ecrivus-multimedia.nl\\\/wp-content\\\/uploads\\\/2023\\\/10\\\/video-editor-twee-monitoren-bewerkingssoftware.jpg\",\"contentUrl\":\"https:\\\/\\\/www.ecrivus-multimedia.nl\\\/wp-content\\\/uploads\\\/2023\\\/10\\\/video-editor-twee-monitoren-bewerkingssoftware.jpg\",\"width\":1000,\"height\":667},{\"@type\":\"BreadcrumbList\",\"@id\":\"https:\\\/\\\/www.ecrivus-multimedia.nl\\\/product\\\/ondertiteling-ondertitelen-video\\\/#breadcrumb\",\"itemListElement\":[{\"@type\":\"ListItem\",\"position\":1,\"name\":\"Home\",\"item\":\"https:\\\/\\\/www.ecrivus-multimedia.nl\\\/\"},{\"@type\":\"ListItem\",\"position\":2,\"name\":\"Shop\",\"item\":\"https:\\\/\\\/www.ecrivus-multimedia.nl\\\/shop\\\/\"},{\"@type\":\"ListItem\",\"position\":3,\"name\":\"Ondertiteling (video)\"}]},{\"@type\":\"WebSite\",\"@id\":\"https:\\\/\\\/www.ecrivus-multimedia.nl\\\/#website\",\"url\":\"https:\\\/\\\/www.ecrivus-multimedia.nl\\\/\",\"name\":\"Ecrivus International Webshop\",\"description\":\"Erkende webshop voor be\u00ebdigde vertalingen.\",\"publisher\":{\"@id\":\"https:\\\/\\\/www.ecrivus-multimedia.nl\\\/#organization\"},\"potentialAction\":[{\"@type\":\"SearchAction\",\"target\":{\"@type\":\"EntryPoint\",\"urlTemplate\":\"https:\\\/\\\/www.ecrivus-multimedia.nl\\\/?s={search_term_string}\"},\"query-input\":{\"@type\":\"PropertyValueSpecification\",\"valueRequired\":true,\"valueName\":\"search_term_string\"}}],\"inLanguage\":\"pt-PT\"},{\"@type\":\"Organization\",\"@id\":\"https:\\\/\\\/www.ecrivus-multimedia.nl\\\/#organization\",\"name\":\"Ecrivus International\",\"url\":\"https:\\\/\\\/www.ecrivus-multimedia.nl\\\/\",\"logo\":{\"@type\":\"ImageObject\",\"inLanguage\":\"pt-PT\",\"@id\":\"https:\\\/\\\/www.ecrivus-multimedia.nl\\\/#\\\/schema\\\/logo\\\/image\\\/\",\"url\":\"https:\\\/\\\/www.ecrivus-multimedia.nl\\\/wp-content\\\/uploads\\\/2022\\\/01\\\/cropped-small-Logo-Ecrivus-Vector-Transparent2.png\",\"contentUrl\":\"https:\\\/\\\/www.ecrivus-multimedia.nl\\\/wp-content\\\/uploads\\\/2022\\\/01\\\/cropped-small-Logo-Ecrivus-Vector-Transparent2.png\",\"width\":512,\"height\":512,\"caption\":\"Ecrivus International\"},\"image\":{\"@id\":\"https:\\\/\\\/www.ecrivus-multimedia.nl\\\/#\\\/schema\\\/logo\\\/image\\\/\"},\"sameAs\":[\"https:\\\/\\\/www.facebook.com\\\/Ecrivus-International-676624782512639\\\/\",\"https:\\\/\\\/x.com\\\/ecrivusint\"]}]}<\/script>\n<!-- \/ Yoast SEO plugin. -->","yoast_head_json":{"title":"Video ondertitelen? \ud83c\udfac Bestel nu supersnel ondertiteling online!","description":"Video ondertitelen? \ud83c\udfa6 Bestel nu de ondertiteling voor je video's eenvoudig online. Goedkoop, 500+ talen, spoedservice, inbranden & best beoordeeld! \u2714","robots":{"index":"index","follow":"follow","max-snippet":"max-snippet:-1","max-image-preview":"max-image-preview:large","max-video-preview":"max-video-preview:-1"},"canonical":"https:\/\/www.ecrivus-multimedia.nl\/pt\/produtos\/legendas-legendas-video\/","og_locale":"pt_PT","og_type":"article","og_title":"Video ondertitelen? \ud83c\udfac Bestel nu supersnel ondertiteling online!","og_description":"Video ondertitelen? \ud83c\udfa6 Bestel nu de ondertiteling voor je video's eenvoudig online. Goedkoop, 500+ talen, spoedservice, inbranden & best beoordeeld! \u2714","og_url":"https:\/\/www.ecrivus-multimedia.nl\/pt\/produtos\/legendas-legendas-video\/","og_site_name":"Ecrivus International Webshop","article_publisher":"https:\/\/www.facebook.com\/Ecrivus-International-676624782512639\/","article_modified_time":"2026-04-12T11:14:34+00:00","og_image":[{"width":1000,"height":667,"url":"https:\/\/www.ecrivus-multimedia.nl\/wp-content\/uploads\/2023\/10\/video-editor-twee-monitoren-bewerkingssoftware.jpg","type":"image\/jpeg"}],"twitter_card":"summary_large_image","twitter_site":"@ecrivusint","twitter_misc":{"Tempo estimado de leitura":"2 minutos"},"schema":{"@context":"https:\/\/schema.org","@graph":[{"@type":"WebPage","@id":"https:\/\/www.ecrivus-multimedia.nl\/product\/ondertiteling-ondertitelen-video\/","url":"https:\/\/www.ecrivus-multimedia.nl\/product\/ondertiteling-ondertitelen-video\/","name":"Video ondertitelen? \ud83c\udfac Bestel nu supersnel ondertiteling online!","isPartOf":{"@id":"https:\/\/www.ecrivus-multimedia.nl\/#website"},"primaryImageOfPage":{"@id":"https:\/\/www.ecrivus-multimedia.nl\/product\/ondertiteling-ondertitelen-video\/#primaryimage"},"image":{"@id":"https:\/\/www.ecrivus-multimedia.nl\/product\/ondertiteling-ondertitelen-video\/#primaryimage"},"thumbnailUrl":"https:\/\/www.ecrivus-multimedia.nl\/wp-content\/uploads\/2023\/10\/video-editor-twee-monitoren-bewerkingssoftware.jpg","datePublished":"2023-10-29T15:40:49+00:00","dateModified":"2026-04-12T11:14:34+00:00","description":"Video ondertitelen? \ud83c\udfa6 Bestel nu de ondertiteling voor je video's eenvoudig online. Goedkoop, 500+ talen, spoedservice, inbranden & best beoordeeld! \u2714","breadcrumb":{"@id":"https:\/\/www.ecrivus-multimedia.nl\/product\/ondertiteling-ondertitelen-video\/#breadcrumb"},"inLanguage":"pt-PT","potentialAction":[{"@type":"ReadAction","target":["https:\/\/www.ecrivus-multimedia.nl\/product\/ondertiteling-ondertitelen-video\/"]}]},{"@type":"ImageObject","inLanguage":"pt-PT","@id":"https:\/\/www.ecrivus-multimedia.nl\/product\/ondertiteling-ondertitelen-video\/#primaryimage","url":"https:\/\/www.ecrivus-multimedia.nl\/wp-content\/uploads\/2023\/10\/video-editor-twee-monitoren-bewerkingssoftware.jpg","contentUrl":"https:\/\/www.ecrivus-multimedia.nl\/wp-content\/uploads\/2023\/10\/video-editor-twee-monitoren-bewerkingssoftware.jpg","width":1000,"height":667},{"@type":"BreadcrumbList","@id":"https:\/\/www.ecrivus-multimedia.nl\/product\/ondertiteling-ondertitelen-video\/#breadcrumb","itemListElement":[{"@type":"ListItem","position":1,"name":"Home","item":"https:\/\/www.ecrivus-multimedia.nl\/"},{"@type":"ListItem","position":2,"name":"Shop","item":"https:\/\/www.ecrivus-multimedia.nl\/shop\/"},{"@type":"ListItem","position":3,"name":"Ondertiteling (video)"}]},{"@type":"WebSite","@id":"https:\/\/www.ecrivus-multimedia.nl\/#website","url":"https:\/\/www.ecrivus-multimedia.nl\/","name":"Ecrivus International Webshop","description":"Erkende webshop voor be\u00ebdigde vertalingen.","publisher":{"@id":"https:\/\/www.ecrivus-multimedia.nl\/#organization"},"potentialAction":[{"@type":"SearchAction","target":{"@type":"EntryPoint","urlTemplate":"https:\/\/www.ecrivus-multimedia.nl\/?s={search_term_string}"},"query-input":{"@type":"PropertyValueSpecification","valueRequired":true,"valueName":"search_term_string"}}],"inLanguage":"pt-PT"},{"@type":"Organization","@id":"https:\/\/www.ecrivus-multimedia.nl\/#organization","name":"Ecrivus International","url":"https:\/\/www.ecrivus-multimedia.nl\/","logo":{"@type":"ImageObject","inLanguage":"pt-PT","@id":"https:\/\/www.ecrivus-multimedia.nl\/#\/schema\/logo\/image\/","url":"https:\/\/www.ecrivus-multimedia.nl\/wp-content\/uploads\/2022\/01\/cropped-small-Logo-Ecrivus-Vector-Transparent2.png","contentUrl":"https:\/\/www.ecrivus-multimedia.nl\/wp-content\/uploads\/2022\/01\/cropped-small-Logo-Ecrivus-Vector-Transparent2.png","width":512,"height":512,"caption":"Ecrivus International"},"image":{"@id":"https:\/\/www.ecrivus-multimedia.nl\/#\/schema\/logo\/image\/"},"sameAs":["https:\/\/www.facebook.com\/Ecrivus-International-676624782512639\/","https:\/\/x.com\/ecrivusint"]}]}},"_links":{"self":[{"href":"https:\/\/www.ecrivus-multimedia.nl\/pt\/wp-json\/wp\/v2\/product\/109930","targetHints":{"allow":["GET"]}}],"collection":[{"href":"https:\/\/www.ecrivus-multimedia.nl\/pt\/wp-json\/wp\/v2\/product"}],"about":[{"href":"https:\/\/www.ecrivus-multimedia.nl\/pt\/wp-json\/wp\/v2\/types\/product"}],"replies":[{"embeddable":true,"href":"https:\/\/www.ecrivus-multimedia.nl\/pt\/wp-json\/wp\/v2\/comments?post=109930"}],"wp:featuredmedia":[{"embeddable":true,"href":"https:\/\/www.ecrivus-multimedia.nl\/pt\/wp-json\/wp\/v2\/media\/132632"}],"wp:attachment":[{"href":"https:\/\/www.ecrivus-multimedia.nl\/pt\/wp-json\/wp\/v2\/media?parent=109930"}],"wp:term":[{"taxonomy":"product_brand","embeddable":true,"href":"https:\/\/www.ecrivus-multimedia.nl\/pt\/wp-json\/wp\/v2\/product_brand?post=109930"},{"taxonomy":"product_cat","embeddable":true,"href":"https:\/\/www.ecrivus-multimedia.nl\/pt\/wp-json\/wp\/v2\/product_cat?post=109930"},{"taxonomy":"product_tag","embeddable":true,"href":"https:\/\/www.ecrivus-multimedia.nl\/pt\/wp-json\/wp\/v2\/product_tag?post=109930"}],"curies":[{"name":"wp","href":"https:\/\/api.w.org\/{rel}","templated":true}]}}