{"id":110507,"date":"2023-10-30T13:27:48","date_gmt":"2023-10-30T12:27:48","guid":{"rendered":"https:\/\/www.ecrivus-multimedia.nl\/?post_type=product&#038;p=110507"},"modified":"2026-04-12T13:14:45","modified_gmt":"2026-04-12T11:14:45","slug":"transcriptie-audio-naar-tekst","status":"publish","type":"product","link":"https:\/\/www.ecrivus-multimedia.nl\/pt\/produtos\/transcricao-de-audio-para-texto\/","title":{"rendered":"Transcri\u00e7\u00e3o (\u00e1udio para texto)"},"content":{"rendered":"<h2>Transcri\u00e7\u00e3o \u2013 converta \u00e1udio em texto<\/h2>\n<h3>Precisa de transcri\u00e7\u00e3o? Digitamos \u00e1udio no texto. Encomende online de forma r\u00e1pida, f\u00e1cil e barata!<\/h3>\n<ul>\n<li><strong>Servi\u00e7o de emerg\u00eancia<\/strong>: op\u00e7\u00e3o de entrega em 24\/48 horas ou prazo de entrega padr\u00e3o<\/li>\n<li><strong>Mais de 500 combina\u00e7\u00f5es de idiomas<\/strong><\/li>\n<li><strong>Falantes nativos<\/strong>: trabalhamos com uma rede global de transcritores, <a href=\"https:\/\/www.ecrivus-multimedia.nl\/go\/ondertiteling-ondertitelen-video\/\" title=\"Legendas (v\u00eddeo)\" class=\"pretty-link-keyword\"rel=\"\">legendadores<\/a>, <a href=\"https:\/\/www.ecrivus.nl\/taaldiensten\/\" target=\"_blank\" rel=\"noopener\">tradutores<\/a> e linguistas<\/li>\n<li><strong><a href=\"https:\/\/www.ecrivus-multimedia.nl\/go\/transcriptie-audio-naar-tekst\/\" title=\"Precisa de transcri\u00e7\u00e3o (\u00e1udio para texto)?\" class=\"pretty-link-keyword\"rel=\"\">Transcri\u00e7\u00e3o<\/a><\/strong> no idioma falado do \u00e1udio ou traduzido diretamente para o idioma de sua escolha<\/li>\n<li>Com ou sem marca\u00e7\u00e3o <strong>mudan\u00e7a de alto-falante<\/strong> e <strong>c\u00f3digos de tempo<\/strong><\/li>\n<li><strong>Mais de 20 anos de experi\u00eancia<\/strong><\/li>\n<li><strong>Confidencial e seguro<\/strong>\u00a0de acordo com os mais altos padr\u00f5es de seguran\u00e7a de dados<\/li>\n<li>N\u00f3s cuidamos <a href=\"https:\/\/www.ecrivus-multimedia.nl\/go\/transcriptie-audio-naar-tekst\/\" title=\"Precisa de transcri\u00e7\u00e3o (\u00e1udio para texto)?\" class=\"pretty-link-keyword\"rel=\"\">transcri\u00e7\u00f5es<\/a> para empresas, particulares, (semi-)<a href=\"https:\/\/www.ecrivus-multimedia.nl\/go\/verslag-betalingen-aan-overheden-beedigde-vertaling-met-stempel\/\" title=\"Quer traduzir um relat\u00f3rio juramentado sobre pagamentos a governos? Fa\u00e7a seu pedido em nossa loja virtual!\" class=\"pretty-link-keyword\"rel=\"\">governos<\/a>, ONGs e organiza\u00e7\u00f5es<\/li>\n<li>Adequado para entrevistas, reuni\u00f5es, <a href=\"https:\/\/www.ecrivus-multimedia.nl\/go\/notulen-beedigde-vertaling-met-stempel\/\" title=\"Quer traduzir minutas juramentadas? Fa\u00e7a seu pedido em nossa loja virtual!\" class=\"pretty-link-keyword\"rel=\"\">minutos<\/a>, pesquisa, podcasts, scripts, arquivos, relat\u00f3rios, an\u00e1lises, pesquisa, educa\u00e7\u00e3o e e-learning<\/li>\n<li><a href=\"https:\/\/www.ecrivus-multimedia.nl\/go\/transcriptie-audio-naar-tekst\/\" title=\"Precisa de transcri\u00e7\u00e3o (\u00e1udio para texto)?\" class=\"pretty-link-keyword\"rel=\"\">Transcri\u00e7\u00e3o<\/a> <strong>est\u00e1 em conformidade com os requisitos e diretrizes internacionais<\/strong><\/li>\n<li>Entrega dentro do prazo <strong>Microsoft Word ou Excel<\/strong>\u00a0por email<\/li>\n<li><strong>Controles de qualidade<\/strong> (QA) inclu\u00eddo<\/li>\n<li><a href=\"https:\/\/www.ecrivus-multimedia.nl\/go\/transcriptie-audio-naar-tekst\/\" title=\"Precisa de transcri\u00e7\u00e3o (\u00e1udio para texto)?\" class=\"pretty-link-keyword\"rel=\"\">Transcri\u00e7\u00f5es<\/a> s\u00e3o <strong>preciso, literal e perfeitamente cronometrado<\/strong><\/li>\n<li><strong>Melhor avaliado em qualidade e servi\u00e7o<\/strong><\/li>\n<\/ul>\n<h3>Solicite sua transcri\u00e7\u00e3o hoje<\/h3>\n<p>Torne seus arquivos de \u00e1udio e grava\u00e7\u00f5es de som acess\u00edveis e pesquis\u00e1veis com nosso profissional <a href=\"https:\/\/www.ecrivus-multimedia.nl\/go\/transcriptie-audio-naar-tekst\/\" title=\"Precisa de transcri\u00e7\u00e3o (\u00e1udio para texto)?\" class=\"pretty-link-keyword\"rel=\"\">servi\u00e7o de transcri\u00e7\u00e3o<\/a>. Convertemos grava\u00e7\u00f5es de \u00e1udio em texto e digitamos com precis\u00e3o todo o fragmento de \u00e1udio para voc\u00ea. Processo f\u00e1cil de pedido on-line e pagamento on-line seguro via iDEAL. Voc\u00ea sabia que n\u00f3s tamb\u00e9m fazemos? <a href=\"https:\/\/www.ecrivus-multimedia.nl\/go\/ondertiteling-ondertitelen-video\/\" title=\"Legendas (v\u00eddeo)\" class=\"pretty-link-keyword\"rel=\"\">legendagem<\/a> oferecer em mais de 500 idiomas?<\/p>\n<h3>Transcrever (\u00e1udio para texto)<\/h3>\n<p>Experimente nosso servi\u00e7o r\u00e1pido e a conveni\u00eancia do processo de pedido on-line. Encomende o seu <a href=\"https:\/\/www.ecrivus-multimedia.nl\/go\/transcriptie-audio-naar-tekst\/\" title=\"Precisa de transcri\u00e7\u00e3o (\u00e1udio para texto)?\" class=\"pretty-link-keyword\"rel=\"\">transcri\u00e7\u00e3o<\/a> \u00e9 organizado em nenhum momento. Carregue seu arquivo de som (por exemplo .mp3 ou .wav), selecione o idioma falado e o idioma de transcri\u00e7\u00e3o desejado, escolha quaisquer op\u00e7\u00f5es adicionais e pague com seguran\u00e7a via iDEAL. Ap\u00f3s receber seu pedido, come\u00e7aremos a trabalhar para voc\u00ea imediatamente. O. ser\u00e1 entregue dentro do prazo de entrega acordado. <a href=\"https:\/\/www.ecrivus-multimedia.nl\/go\/transcriptie-audio-naar-tekst\/\" title=\"Precisa de transcri\u00e7\u00e3o (\u00e1udio para texto)?\" class=\"pretty-link-keyword\"rel=\"\">transcri\u00e7\u00e3o<\/a> entregue a voc\u00ea por e-mail.<\/p>\n<p>Escolha o <a href=\"https:\/\/www.ecrivus-multimedia.nl\/go\/transcriptie-audio-naar-tekst\/\" title=\"Precisa de transcri\u00e7\u00e3o (\u00e1udio para texto)?\" class=\"pretty-link-keyword\"rel=\"\">servi\u00e7o de transcri\u00e7\u00e3o<\/a> da Ecrivus Multim\u00eddia. Qualidade, reconhecida e confi\u00e1vel.<\/p>\n<p>Voc\u00ea tem um pedido especial, \u00e1udio com mais de 100 minutos no total, um projeto personalizado ou simplesmente prefere um or\u00e7amento primeiro? Ent\u00e3o preencha-nos <a href=\"https:\/\/www.ecrivus-multimedia.nl\/pt\/contato\/\">formul\u00e1rio de or\u00e7amento em nossa p\u00e1gina de contato<\/a> e enviaremos sua cota\u00e7\u00e3o para seu <a href=\"https:\/\/www.ecrivus-multimedia.nl\/go\/transcriptie-audio-naar-tekst\/\" title=\"Precisa de transcri\u00e7\u00e3o (\u00e1udio para texto)?\" class=\"pretty-link-keyword\"rel=\"\">transcri\u00e7\u00e3o<\/a> o mais cedo poss\u00edvel!<\/p>","protected":false},"excerpt":{"rendered":"<p>Precisa de transcri\u00e7\u00e3o? Pe\u00e7a agora! Escolha entre mais de 500 combina\u00e7\u00f5es de idiomas. Selecione as op\u00e7\u00f5es abaixo e fa\u00e7a seu pedido imediatamente!<\/p>","protected":false},"featured_media":132633,"comment_status":"open","ping_status":"closed","template":"","meta":{"_acf_changed":false,"_glsr_average":0,"_glsr_ranking":0,"_glsr_reviews":0,"_joinchat":[]},"product_brand":[],"product_cat":[15958,15955],"product_tag":[15963,15961,15970,15964,15968,15971,15966,15967,15965,15959,15960,15962,15969],"class_list":{"0":"post-110507","1":"product","2":"type-product","3":"status-publish","4":"has-post-thumbnail","6":"product_cat-audio-video","7":"product_cat-multimedia","8":"product_tag-audio","9":"product_tag-audio-naar-tekst","10":"product_tag-converteren","11":"product_tag-geluidsbestand","12":"product_tag-mp3","13":"product_tag-omzetten","14":"product_tag-transcribent","15":"product_tag-transcribenten","16":"product_tag-transcriberen","17":"product_tag-transcriptie","18":"product_tag-transcripties","19":"product_tag-uittypen","20":"product_tag-wav","22":"first","23":"instock","24":"sold-individually","25":"taxable","26":"shipping-taxable","27":"purchasable","28":"product-type-variable"},"acf":[],"yoast_head":"<!-- This site is optimized with the Yoast SEO plugin v27.4 - https:\/\/yoast.com\/product\/yoast-seo-wordpress\/ -->\n<title>Transcriptie? \ud83c\udfa7 Audio naar tekst | Bestel nu transcripties online!<\/title>\n<meta name=\"description\" content=\"Transcriptie nodig? \ud83c\udfa4 Audio omzetten naar tekst. \u2714 Bestel nu transcriptie in onze webshop. \u2714 Goedkoop, 500+ talen, spoedservice best beoordeeld!\" \/>\n<meta name=\"robots\" content=\"index, follow, max-snippet:-1, max-image-preview:large, max-video-preview:-1\" \/>\n<link rel=\"canonical\" href=\"https:\/\/www.ecrivus-multimedia.nl\/pt\/produtos\/transcricao-de-audio-para-texto\/\" \/>\n<meta property=\"og:locale\" content=\"pt_PT\" \/>\n<meta property=\"og:type\" content=\"article\" \/>\n<meta property=\"og:title\" content=\"Transcriptie? \ud83c\udfa7 Audio naar tekst | Bestel nu transcripties online!\" \/>\n<meta property=\"og:description\" content=\"Transcriptie nodig? \ud83c\udfa4 Audio omzetten naar tekst. \u2714 Bestel nu transcriptie in onze webshop. \u2714 Goedkoop, 500+ talen, spoedservice best beoordeeld!\" \/>\n<meta property=\"og:url\" content=\"https:\/\/www.ecrivus-multimedia.nl\/pt\/produtos\/transcricao-de-audio-para-texto\/\" \/>\n<meta property=\"og:site_name\" content=\"Ecrivus International Webshop\" \/>\n<meta property=\"article:publisher\" content=\"https:\/\/www.facebook.com\/Ecrivus-International-676624782512639\/\" \/>\n<meta property=\"article:modified_time\" content=\"2026-04-12T11:14:45+00:00\" \/>\n<meta property=\"og:image\" content=\"https:\/\/www.ecrivus-multimedia.nl\/wp-content\/uploads\/2023\/10\/koptelefoon-muziekblad-muziekproductie.jpg\" \/>\n\t<meta property=\"og:image:width\" content=\"1000\" \/>\n\t<meta property=\"og:image:height\" content=\"667\" \/>\n\t<meta property=\"og:image:type\" content=\"image\/jpeg\" \/>\n<meta name=\"twitter:card\" content=\"summary_large_image\" \/>\n<meta name=\"twitter:site\" content=\"@ecrivusint\" \/>\n<meta name=\"twitter:label1\" content=\"Tempo estimado de leitura\" \/>\n\t<meta name=\"twitter:data1\" content=\"2 minutos\" \/>\n<script type=\"application\/ld+json\" class=\"yoast-schema-graph\">{\"@context\":\"https:\\\/\\\/schema.org\",\"@graph\":[{\"@type\":\"WebPage\",\"@id\":\"https:\\\/\\\/www.ecrivus-multimedia.nl\\\/product\\\/transcriptie-audio-naar-tekst\\\/\",\"url\":\"https:\\\/\\\/www.ecrivus-multimedia.nl\\\/product\\\/transcriptie-audio-naar-tekst\\\/\",\"name\":\"Transcriptie? \ud83c\udfa7 Audio naar tekst | Bestel nu transcripties online!\",\"isPartOf\":{\"@id\":\"https:\\\/\\\/www.ecrivus-multimedia.nl\\\/#website\"},\"primaryImageOfPage\":{\"@id\":\"https:\\\/\\\/www.ecrivus-multimedia.nl\\\/product\\\/transcriptie-audio-naar-tekst\\\/#primaryimage\"},\"image\":{\"@id\":\"https:\\\/\\\/www.ecrivus-multimedia.nl\\\/product\\\/transcriptie-audio-naar-tekst\\\/#primaryimage\"},\"thumbnailUrl\":\"https:\\\/\\\/www.ecrivus-multimedia.nl\\\/wp-content\\\/uploads\\\/2023\\\/10\\\/koptelefoon-muziekblad-muziekproductie.jpg\",\"datePublished\":\"2023-10-30T12:27:48+00:00\",\"dateModified\":\"2026-04-12T11:14:45+00:00\",\"description\":\"Transcriptie nodig? \ud83c\udfa4 Audio omzetten naar tekst. \u2714 Bestel nu transcriptie in onze webshop. \u2714 Goedkoop, 500+ talen, spoedservice best beoordeeld!\",\"breadcrumb\":{\"@id\":\"https:\\\/\\\/www.ecrivus-multimedia.nl\\\/product\\\/transcriptie-audio-naar-tekst\\\/#breadcrumb\"},\"inLanguage\":\"pt-PT\",\"potentialAction\":[{\"@type\":\"ReadAction\",\"target\":[\"https:\\\/\\\/www.ecrivus-multimedia.nl\\\/product\\\/transcriptie-audio-naar-tekst\\\/\"]}]},{\"@type\":\"ImageObject\",\"inLanguage\":\"pt-PT\",\"@id\":\"https:\\\/\\\/www.ecrivus-multimedia.nl\\\/product\\\/transcriptie-audio-naar-tekst\\\/#primaryimage\",\"url\":\"https:\\\/\\\/www.ecrivus-multimedia.nl\\\/wp-content\\\/uploads\\\/2023\\\/10\\\/koptelefoon-muziekblad-muziekproductie.jpg\",\"contentUrl\":\"https:\\\/\\\/www.ecrivus-multimedia.nl\\\/wp-content\\\/uploads\\\/2023\\\/10\\\/koptelefoon-muziekblad-muziekproductie.jpg\",\"width\":1000,\"height\":667},{\"@type\":\"BreadcrumbList\",\"@id\":\"https:\\\/\\\/www.ecrivus-multimedia.nl\\\/product\\\/transcriptie-audio-naar-tekst\\\/#breadcrumb\",\"itemListElement\":[{\"@type\":\"ListItem\",\"position\":1,\"name\":\"Home\",\"item\":\"https:\\\/\\\/www.ecrivus-multimedia.nl\\\/\"},{\"@type\":\"ListItem\",\"position\":2,\"name\":\"Shop\",\"item\":\"https:\\\/\\\/www.ecrivus-multimedia.nl\\\/shop\\\/\"},{\"@type\":\"ListItem\",\"position\":3,\"name\":\"Transcriptie (audio naar tekst)\"}]},{\"@type\":\"WebSite\",\"@id\":\"https:\\\/\\\/www.ecrivus-multimedia.nl\\\/#website\",\"url\":\"https:\\\/\\\/www.ecrivus-multimedia.nl\\\/\",\"name\":\"Ecrivus International Webshop\",\"description\":\"Erkende webshop voor be\u00ebdigde vertalingen.\",\"publisher\":{\"@id\":\"https:\\\/\\\/www.ecrivus-multimedia.nl\\\/#organization\"},\"potentialAction\":[{\"@type\":\"SearchAction\",\"target\":{\"@type\":\"EntryPoint\",\"urlTemplate\":\"https:\\\/\\\/www.ecrivus-multimedia.nl\\\/?s={search_term_string}\"},\"query-input\":{\"@type\":\"PropertyValueSpecification\",\"valueRequired\":true,\"valueName\":\"search_term_string\"}}],\"inLanguage\":\"pt-PT\"},{\"@type\":\"Organization\",\"@id\":\"https:\\\/\\\/www.ecrivus-multimedia.nl\\\/#organization\",\"name\":\"Ecrivus International\",\"url\":\"https:\\\/\\\/www.ecrivus-multimedia.nl\\\/\",\"logo\":{\"@type\":\"ImageObject\",\"inLanguage\":\"pt-PT\",\"@id\":\"https:\\\/\\\/www.ecrivus-multimedia.nl\\\/#\\\/schema\\\/logo\\\/image\\\/\",\"url\":\"https:\\\/\\\/www.ecrivus-multimedia.nl\\\/wp-content\\\/uploads\\\/2022\\\/01\\\/cropped-small-Logo-Ecrivus-Vector-Transparent2.png\",\"contentUrl\":\"https:\\\/\\\/www.ecrivus-multimedia.nl\\\/wp-content\\\/uploads\\\/2022\\\/01\\\/cropped-small-Logo-Ecrivus-Vector-Transparent2.png\",\"width\":512,\"height\":512,\"caption\":\"Ecrivus International\"},\"image\":{\"@id\":\"https:\\\/\\\/www.ecrivus-multimedia.nl\\\/#\\\/schema\\\/logo\\\/image\\\/\"},\"sameAs\":[\"https:\\\/\\\/www.facebook.com\\\/Ecrivus-International-676624782512639\\\/\",\"https:\\\/\\\/x.com\\\/ecrivusint\"]}]}<\/script>\n<!-- \/ Yoast SEO plugin. -->","yoast_head_json":{"title":"Transcriptie? \ud83c\udfa7 Audio naar tekst | Bestel nu transcripties online!","description":"Transcriptie nodig? \ud83c\udfa4 Audio omzetten naar tekst. \u2714 Bestel nu transcriptie in onze webshop. \u2714 Goedkoop, 500+ talen, spoedservice best beoordeeld!","robots":{"index":"index","follow":"follow","max-snippet":"max-snippet:-1","max-image-preview":"max-image-preview:large","max-video-preview":"max-video-preview:-1"},"canonical":"https:\/\/www.ecrivus-multimedia.nl\/pt\/produtos\/transcricao-de-audio-para-texto\/","og_locale":"pt_PT","og_type":"article","og_title":"Transcriptie? \ud83c\udfa7 Audio naar tekst | Bestel nu transcripties online!","og_description":"Transcriptie nodig? \ud83c\udfa4 Audio omzetten naar tekst. \u2714 Bestel nu transcriptie in onze webshop. \u2714 Goedkoop, 500+ talen, spoedservice best beoordeeld!","og_url":"https:\/\/www.ecrivus-multimedia.nl\/pt\/produtos\/transcricao-de-audio-para-texto\/","og_site_name":"Ecrivus International Webshop","article_publisher":"https:\/\/www.facebook.com\/Ecrivus-International-676624782512639\/","article_modified_time":"2026-04-12T11:14:45+00:00","og_image":[{"width":1000,"height":667,"url":"https:\/\/www.ecrivus-multimedia.nl\/wp-content\/uploads\/2023\/10\/koptelefoon-muziekblad-muziekproductie.jpg","type":"image\/jpeg"}],"twitter_card":"summary_large_image","twitter_site":"@ecrivusint","twitter_misc":{"Tempo estimado de leitura":"2 minutos"},"schema":{"@context":"https:\/\/schema.org","@graph":[{"@type":"WebPage","@id":"https:\/\/www.ecrivus-multimedia.nl\/product\/transcriptie-audio-naar-tekst\/","url":"https:\/\/www.ecrivus-multimedia.nl\/product\/transcriptie-audio-naar-tekst\/","name":"Transcriptie? \ud83c\udfa7 Audio naar tekst | Bestel nu transcripties online!","isPartOf":{"@id":"https:\/\/www.ecrivus-multimedia.nl\/#website"},"primaryImageOfPage":{"@id":"https:\/\/www.ecrivus-multimedia.nl\/product\/transcriptie-audio-naar-tekst\/#primaryimage"},"image":{"@id":"https:\/\/www.ecrivus-multimedia.nl\/product\/transcriptie-audio-naar-tekst\/#primaryimage"},"thumbnailUrl":"https:\/\/www.ecrivus-multimedia.nl\/wp-content\/uploads\/2023\/10\/koptelefoon-muziekblad-muziekproductie.jpg","datePublished":"2023-10-30T12:27:48+00:00","dateModified":"2026-04-12T11:14:45+00:00","description":"Transcriptie nodig? \ud83c\udfa4 Audio omzetten naar tekst. \u2714 Bestel nu transcriptie in onze webshop. \u2714 Goedkoop, 500+ talen, spoedservice best beoordeeld!","breadcrumb":{"@id":"https:\/\/www.ecrivus-multimedia.nl\/product\/transcriptie-audio-naar-tekst\/#breadcrumb"},"inLanguage":"pt-PT","potentialAction":[{"@type":"ReadAction","target":["https:\/\/www.ecrivus-multimedia.nl\/product\/transcriptie-audio-naar-tekst\/"]}]},{"@type":"ImageObject","inLanguage":"pt-PT","@id":"https:\/\/www.ecrivus-multimedia.nl\/product\/transcriptie-audio-naar-tekst\/#primaryimage","url":"https:\/\/www.ecrivus-multimedia.nl\/wp-content\/uploads\/2023\/10\/koptelefoon-muziekblad-muziekproductie.jpg","contentUrl":"https:\/\/www.ecrivus-multimedia.nl\/wp-content\/uploads\/2023\/10\/koptelefoon-muziekblad-muziekproductie.jpg","width":1000,"height":667},{"@type":"BreadcrumbList","@id":"https:\/\/www.ecrivus-multimedia.nl\/product\/transcriptie-audio-naar-tekst\/#breadcrumb","itemListElement":[{"@type":"ListItem","position":1,"name":"Home","item":"https:\/\/www.ecrivus-multimedia.nl\/"},{"@type":"ListItem","position":2,"name":"Shop","item":"https:\/\/www.ecrivus-multimedia.nl\/shop\/"},{"@type":"ListItem","position":3,"name":"Transcriptie (audio naar tekst)"}]},{"@type":"WebSite","@id":"https:\/\/www.ecrivus-multimedia.nl\/#website","url":"https:\/\/www.ecrivus-multimedia.nl\/","name":"Ecrivus International Webshop","description":"Erkende webshop voor be\u00ebdigde vertalingen.","publisher":{"@id":"https:\/\/www.ecrivus-multimedia.nl\/#organization"},"potentialAction":[{"@type":"SearchAction","target":{"@type":"EntryPoint","urlTemplate":"https:\/\/www.ecrivus-multimedia.nl\/?s={search_term_string}"},"query-input":{"@type":"PropertyValueSpecification","valueRequired":true,"valueName":"search_term_string"}}],"inLanguage":"pt-PT"},{"@type":"Organization","@id":"https:\/\/www.ecrivus-multimedia.nl\/#organization","name":"Ecrivus International","url":"https:\/\/www.ecrivus-multimedia.nl\/","logo":{"@type":"ImageObject","inLanguage":"pt-PT","@id":"https:\/\/www.ecrivus-multimedia.nl\/#\/schema\/logo\/image\/","url":"https:\/\/www.ecrivus-multimedia.nl\/wp-content\/uploads\/2022\/01\/cropped-small-Logo-Ecrivus-Vector-Transparent2.png","contentUrl":"https:\/\/www.ecrivus-multimedia.nl\/wp-content\/uploads\/2022\/01\/cropped-small-Logo-Ecrivus-Vector-Transparent2.png","width":512,"height":512,"caption":"Ecrivus International"},"image":{"@id":"https:\/\/www.ecrivus-multimedia.nl\/#\/schema\/logo\/image\/"},"sameAs":["https:\/\/www.facebook.com\/Ecrivus-International-676624782512639\/","https:\/\/x.com\/ecrivusint"]}]}},"_links":{"self":[{"href":"https:\/\/www.ecrivus-multimedia.nl\/pt\/wp-json\/wp\/v2\/product\/110507","targetHints":{"allow":["GET"]}}],"collection":[{"href":"https:\/\/www.ecrivus-multimedia.nl\/pt\/wp-json\/wp\/v2\/product"}],"about":[{"href":"https:\/\/www.ecrivus-multimedia.nl\/pt\/wp-json\/wp\/v2\/types\/product"}],"replies":[{"embeddable":true,"href":"https:\/\/www.ecrivus-multimedia.nl\/pt\/wp-json\/wp\/v2\/comments?post=110507"}],"wp:featuredmedia":[{"embeddable":true,"href":"https:\/\/www.ecrivus-multimedia.nl\/pt\/wp-json\/wp\/v2\/media\/132633"}],"wp:attachment":[{"href":"https:\/\/www.ecrivus-multimedia.nl\/pt\/wp-json\/wp\/v2\/media?parent=110507"}],"wp:term":[{"taxonomy":"product_brand","embeddable":true,"href":"https:\/\/www.ecrivus-multimedia.nl\/pt\/wp-json\/wp\/v2\/product_brand?post=110507"},{"taxonomy":"product_cat","embeddable":true,"href":"https:\/\/www.ecrivus-multimedia.nl\/pt\/wp-json\/wp\/v2\/product_cat?post=110507"},{"taxonomy":"product_tag","embeddable":true,"href":"https:\/\/www.ecrivus-multimedia.nl\/pt\/wp-json\/wp\/v2\/product_tag?post=110507"}],"curies":[{"name":"wp","href":"https:\/\/api.w.org\/{rel}","templated":true}]}}