{"id":42114,"date":"2019-05-17T12:54:38","date_gmt":"2019-05-17T10:54:38","guid":{"rendered":"https:\/\/www.ecrivus-multimedia.nl\/?post_type=product&#038;p=42114"},"modified":"2026-04-13T09:21:55","modified_gmt":"2026-04-13T07:21:55","slug":"phpbb-forum-installatieservice","status":"publish","type":"product","link":"https:\/\/www.ecrivus-multimedia.nl\/pt\/produtos\/servico-de-instalacao-de-forum-phpbb\/","title":{"rendered":"Servi\u00e7o de instala\u00e7\u00e3o do f\u00f3rum PHPbb"},"content":{"rendered":"<h4>Servi\u00e7o de instala\u00e7\u00e3o do f\u00f3rum PHPbb<\/h4>\n<p>Voc\u00ea gostaria de iniciar um f\u00f3rum, mas precisa de ajuda para instalar o software do f\u00f3rum? Oferecemos um servi\u00e7o de instala\u00e7\u00e3o r\u00e1pido e acess\u00edvel para o software de f\u00f3rum gratuito (c\u00f3digo aberto) <a href=\"https:\/\/www.phpbb.com\/\" target=\"_blank\" rel=\"noopener noreferrer\">phpBB<\/a>.<\/p>\n<p>A vantagem do phpBB \u00e9 que existe <strong>sem custos (mensais)<\/strong> est\u00e3o conectados. Seu uso \u00e9 <strong>completamente gr\u00e1tis<\/strong> e o software \u00e9 atualizado mensalmente por v\u00e1rios desenvolvedores de PHP de c\u00f3digo aberto.<\/p>\n<p>Nosso <a href=\"https:\/\/www.ecrivus-multimedia.nl\/go\/phpbb-forum-installatieservice\/\" title=\"Servi\u00e7o de instala\u00e7\u00e3o do f\u00f3rum PHPbb\" class=\"pretty-link-keyword\"rel=\"\">Servi\u00e7o de instala\u00e7\u00e3o de f\u00f3rum PHPbb<\/a> \u00e9 um investimento \u00fanico \u2013 n\u00e3o h\u00e1 custos recorrentes. Al\u00e9m disso, esses custos podem ser facilmente recuperados se voc\u00ea optar por fornecer ao f\u00f3rum an\u00fancios, patrocinadores e outras receitas. Estamos felizes em aconselh\u00e1-lo sobre isso.<\/p>\n<p>Comece hoje mesmo com seu novo f\u00f3rum!<\/p>\n<h4>Inclu\u00eddo no servi\u00e7o de instala\u00e7\u00e3o:<\/h4>\n<ul>\n<li>Carregando o software phpBB para o seu dom\u00ednio web (vers\u00e3o mais recente)<\/li>\n<li>Instala\u00e7\u00e3o do software phpBB<\/li>\n<li>Instala\u00e7\u00e3o e vincula\u00e7\u00e3o do banco de dados (MySQL)<\/li>\n<li>Instala\u00e7\u00e3o do pacote de idiomas escolhido<\/li>\n<li>Cria\u00e7\u00e3o do administrador do f\u00f3rum (moderador)<\/li>\n<li>Cria\u00e7\u00e3o das cinco primeiras categorias do f\u00f3rum (assuntos tem\u00e1ticos)<\/li>\n<li>Branding: substitua o logotipo padr\u00e3o do phpBB pelo seu pr\u00f3prio logotipo<\/li>\n<\/ul>\n<p><strong>Op\u00e7\u00f5es adicionais com custo extra:<\/strong><\/p>\n<ul>\n<li>Instala\u00e7\u00e3o de extens\u00f5es adicionais (extens\u00f5es\/plugins)<\/li>\n<li>Instala\u00e7\u00e3o de estilos adicionais (layout do f\u00f3rum)<\/li>\n<li>Instala\u00e7\u00e3o de pacotes de idiomas adicionais<\/li>\n<\/ul>\n<p><strong>Requisitos:<\/strong><\/p>\n<ul>\n<li>Voc\u00ea tem um dom\u00ednio web ativo com acesso ao seu servidor FTP e banco de dados. Para o servi\u00e7o de instala\u00e7\u00e3o \u00e9 necess\u00e1rio que nos forne\u00e7a esta informa\u00e7\u00e3o. Ap\u00f3s concluir a instala\u00e7\u00e3o, voc\u00ea pode alterar os detalhes de login. Voc\u00ea pode inserir seus dados de login para o servidor FTP durante a finaliza\u00e7\u00e3o da compra <strong>Notas de pedidos<\/strong> (onder &#8216;Extra informatie'). Desgewenst kunt u ons deze ook apart per e-mail toezenden (info@ecrivus-multimedia.nl) of telefonisch: +31(0)43-365-5801.<\/li>\n<li>Seu servidor web suporta PHP e banco de dados MySQL. N\u00e3o tem certeza se este \u00e9 o caso? <a href=\"https:\/\/www.ecrivus-multimedia.nl\/pt\/contato\/\">Entre em contato conosco primeiro antes de comprar<\/a> para que isso seja verificado gratuitamente.<\/li>\n<\/ul>\n<p><strong>Prazo de entrega:<\/strong><\/p>\n<p>1-2 dias \u00fateis<\/p>","protected":false},"excerpt":{"rendered":"<p>Servi\u00e7o de instala\u00e7\u00e3o de f\u00f3rum phpBB. Seu novo f\u00f3rum online de forma r\u00e1pida e barata!<\/p>","protected":false},"featured_media":132688,"comment_status":"open","ping_status":"closed","template":"","meta":{"_acf_changed":false,"_glsr_average":0,"_glsr_ranking":0,"_glsr_reviews":0,"_joinchat":[]},"product_brand":[],"product_cat":[15288],"product_tag":[15285,15287,15284,15286],"class_list":{"0":"post-42114","1":"product","2":"type-product","3":"status-publish","4":"has-post-thumbnail","6":"product_cat-web-app-ontwikkeling","7":"product_tag-forum","8":"product_tag-installatie","9":"product_tag-phpbb","10":"product_tag-software","12":"first","13":"instock","14":"virtual","15":"sold-individually","16":"taxable","17":"purchasable","18":"product-type-simple"},"acf":[],"yoast_head":"<!-- This site is optimized with the Yoast SEO plugin v27.4 - https:\/\/yoast.com\/product\/yoast-seo-wordpress\/ -->\n<title>PHPbb Forum Installatieservice | Uw nieuwe forum snel en voordelig online!<\/title>\n<meta name=\"description\" content=\"Hulp nodig bij het installeren van phpBB forum software? Snelle en voordelige installatieservice van phpBB forum (binnen 2 werkdagen). Bestel nu online!\" \/>\n<meta name=\"robots\" content=\"index, follow, max-snippet:-1, max-image-preview:large, max-video-preview:-1\" \/>\n<link rel=\"canonical\" href=\"https:\/\/www.ecrivus-multimedia.nl\/pt\/produtos\/servico-de-instalacao-de-forum-phpbb\/\" \/>\n<meta property=\"og:locale\" content=\"pt_PT\" \/>\n<meta property=\"og:type\" content=\"article\" \/>\n<meta property=\"og:title\" content=\"PHPbb Forum Installatieservice | Uw nieuwe forum snel en voordelig online!\" \/>\n<meta property=\"og:description\" content=\"Hulp nodig bij het installeren van phpBB forum software? Snelle en voordelige installatieservice van phpBB forum (binnen 2 werkdagen). Bestel nu online!\" \/>\n<meta property=\"og:url\" content=\"https:\/\/www.ecrivus-multimedia.nl\/pt\/produtos\/servico-de-instalacao-de-forum-phpbb\/\" \/>\n<meta property=\"og:site_name\" content=\"Ecrivus International Webshop\" \/>\n<meta property=\"article:publisher\" content=\"https:\/\/www.facebook.com\/Ecrivus-International-676624782512639\/\" \/>\n<meta property=\"article:modified_time\" content=\"2026-04-13T07:21:55+00:00\" \/>\n<meta property=\"og:image\" content=\"https:\/\/www.ecrivus-multimedia.nl\/wp-content\/uploads\/2019\/05\/image-1.webp\" \/>\n\t<meta property=\"og:image:width\" content=\"1000\" \/>\n\t<meta property=\"og:image:height\" content=\"667\" \/>\n\t<meta property=\"og:image:type\" content=\"image\/webp\" \/>\n<meta name=\"twitter:card\" content=\"summary_large_image\" \/>\n<meta name=\"twitter:site\" content=\"@ecrivusint\" \/>\n<meta name=\"twitter:label1\" content=\"Tempo estimado de leitura\" \/>\n\t<meta name=\"twitter:data1\" content=\"2 minutos\" \/>\n<script type=\"application\/ld+json\" class=\"yoast-schema-graph\">{\"@context\":\"https:\\\/\\\/schema.org\",\"@graph\":[{\"@type\":\"WebPage\",\"@id\":\"https:\\\/\\\/www.ecrivus-multimedia.nl\\\/product\\\/phpbb-forum-installatieservice\\\/\",\"url\":\"https:\\\/\\\/www.ecrivus-multimedia.nl\\\/product\\\/phpbb-forum-installatieservice\\\/\",\"name\":\"PHPbb Forum Installatieservice | Uw nieuwe forum snel en voordelig online!\",\"isPartOf\":{\"@id\":\"https:\\\/\\\/www.ecrivus-multimedia.nl\\\/#website\"},\"primaryImageOfPage\":{\"@id\":\"https:\\\/\\\/www.ecrivus-multimedia.nl\\\/product\\\/phpbb-forum-installatieservice\\\/#primaryimage\"},\"image\":{\"@id\":\"https:\\\/\\\/www.ecrivus-multimedia.nl\\\/product\\\/phpbb-forum-installatieservice\\\/#primaryimage\"},\"thumbnailUrl\":\"https:\\\/\\\/www.ecrivus-multimedia.nl\\\/wp-content\\\/uploads\\\/2019\\\/05\\\/image-1.webp\",\"datePublished\":\"2019-05-17T10:54:38+00:00\",\"dateModified\":\"2026-04-13T07:21:55+00:00\",\"description\":\"Hulp nodig bij het installeren van phpBB forum software? Snelle en voordelige installatieservice van phpBB forum (binnen 2 werkdagen). Bestel nu online!\",\"breadcrumb\":{\"@id\":\"https:\\\/\\\/www.ecrivus-multimedia.nl\\\/product\\\/phpbb-forum-installatieservice\\\/#breadcrumb\"},\"inLanguage\":\"pt-PT\",\"potentialAction\":[{\"@type\":\"ReadAction\",\"target\":[\"https:\\\/\\\/www.ecrivus-multimedia.nl\\\/product\\\/phpbb-forum-installatieservice\\\/\"]}]},{\"@type\":\"ImageObject\",\"inLanguage\":\"pt-PT\",\"@id\":\"https:\\\/\\\/www.ecrivus-multimedia.nl\\\/product\\\/phpbb-forum-installatieservice\\\/#primaryimage\",\"url\":\"https:\\\/\\\/www.ecrivus-multimedia.nl\\\/wp-content\\\/uploads\\\/2019\\\/05\\\/image-1.webp\",\"contentUrl\":\"https:\\\/\\\/www.ecrivus-multimedia.nl\\\/wp-content\\\/uploads\\\/2019\\\/05\\\/image-1.webp\",\"width\":1000,\"height\":667},{\"@type\":\"BreadcrumbList\",\"@id\":\"https:\\\/\\\/www.ecrivus-multimedia.nl\\\/product\\\/phpbb-forum-installatieservice\\\/#breadcrumb\",\"itemListElement\":[{\"@type\":\"ListItem\",\"position\":1,\"name\":\"Home\",\"item\":\"https:\\\/\\\/www.ecrivus-multimedia.nl\\\/\"},{\"@type\":\"ListItem\",\"position\":2,\"name\":\"Shop\",\"item\":\"https:\\\/\\\/www.ecrivus-multimedia.nl\\\/shop\\\/\"},{\"@type\":\"ListItem\",\"position\":3,\"name\":\"PHPbb Forum Installatieservice\"}]},{\"@type\":\"WebSite\",\"@id\":\"https:\\\/\\\/www.ecrivus-multimedia.nl\\\/#website\",\"url\":\"https:\\\/\\\/www.ecrivus-multimedia.nl\\\/\",\"name\":\"Ecrivus International Webshop\",\"description\":\"Erkende webshop voor be\u00ebdigde vertalingen.\",\"publisher\":{\"@id\":\"https:\\\/\\\/www.ecrivus-multimedia.nl\\\/#organization\"},\"potentialAction\":[{\"@type\":\"SearchAction\",\"target\":{\"@type\":\"EntryPoint\",\"urlTemplate\":\"https:\\\/\\\/www.ecrivus-multimedia.nl\\\/?s={search_term_string}\"},\"query-input\":{\"@type\":\"PropertyValueSpecification\",\"valueRequired\":true,\"valueName\":\"search_term_string\"}}],\"inLanguage\":\"pt-PT\"},{\"@type\":\"Organization\",\"@id\":\"https:\\\/\\\/www.ecrivus-multimedia.nl\\\/#organization\",\"name\":\"Ecrivus International\",\"url\":\"https:\\\/\\\/www.ecrivus-multimedia.nl\\\/\",\"logo\":{\"@type\":\"ImageObject\",\"inLanguage\":\"pt-PT\",\"@id\":\"https:\\\/\\\/www.ecrivus-multimedia.nl\\\/#\\\/schema\\\/logo\\\/image\\\/\",\"url\":\"https:\\\/\\\/www.ecrivus-multimedia.nl\\\/wp-content\\\/uploads\\\/2022\\\/01\\\/cropped-small-Logo-Ecrivus-Vector-Transparent2.png\",\"contentUrl\":\"https:\\\/\\\/www.ecrivus-multimedia.nl\\\/wp-content\\\/uploads\\\/2022\\\/01\\\/cropped-small-Logo-Ecrivus-Vector-Transparent2.png\",\"width\":512,\"height\":512,\"caption\":\"Ecrivus International\"},\"image\":{\"@id\":\"https:\\\/\\\/www.ecrivus-multimedia.nl\\\/#\\\/schema\\\/logo\\\/image\\\/\"},\"sameAs\":[\"https:\\\/\\\/www.facebook.com\\\/Ecrivus-International-676624782512639\\\/\",\"https:\\\/\\\/x.com\\\/ecrivusint\"]}]}<\/script>\n<!-- \/ Yoast SEO plugin. -->","yoast_head_json":{"title":"PHPbb Forum Installatieservice | Uw nieuwe forum snel en voordelig online!","description":"Hulp nodig bij het installeren van phpBB forum software? Snelle en voordelige installatieservice van phpBB forum (binnen 2 werkdagen). Bestel nu online!","robots":{"index":"index","follow":"follow","max-snippet":"max-snippet:-1","max-image-preview":"max-image-preview:large","max-video-preview":"max-video-preview:-1"},"canonical":"https:\/\/www.ecrivus-multimedia.nl\/pt\/produtos\/servico-de-instalacao-de-forum-phpbb\/","og_locale":"pt_PT","og_type":"article","og_title":"PHPbb Forum Installatieservice | Uw nieuwe forum snel en voordelig online!","og_description":"Hulp nodig bij het installeren van phpBB forum software? Snelle en voordelige installatieservice van phpBB forum (binnen 2 werkdagen). Bestel nu online!","og_url":"https:\/\/www.ecrivus-multimedia.nl\/pt\/produtos\/servico-de-instalacao-de-forum-phpbb\/","og_site_name":"Ecrivus International Webshop","article_publisher":"https:\/\/www.facebook.com\/Ecrivus-International-676624782512639\/","article_modified_time":"2026-04-13T07:21:55+00:00","og_image":[{"width":1000,"height":667,"url":"https:\/\/www.ecrivus-multimedia.nl\/wp-content\/uploads\/2019\/05\/image-1.webp","type":"image\/webp"}],"twitter_card":"summary_large_image","twitter_site":"@ecrivusint","twitter_misc":{"Tempo estimado de leitura":"2 minutos"},"schema":{"@context":"https:\/\/schema.org","@graph":[{"@type":"WebPage","@id":"https:\/\/www.ecrivus-multimedia.nl\/product\/phpbb-forum-installatieservice\/","url":"https:\/\/www.ecrivus-multimedia.nl\/product\/phpbb-forum-installatieservice\/","name":"PHPbb Forum Installatieservice | Uw nieuwe forum snel en voordelig online!","isPartOf":{"@id":"https:\/\/www.ecrivus-multimedia.nl\/#website"},"primaryImageOfPage":{"@id":"https:\/\/www.ecrivus-multimedia.nl\/product\/phpbb-forum-installatieservice\/#primaryimage"},"image":{"@id":"https:\/\/www.ecrivus-multimedia.nl\/product\/phpbb-forum-installatieservice\/#primaryimage"},"thumbnailUrl":"https:\/\/www.ecrivus-multimedia.nl\/wp-content\/uploads\/2019\/05\/image-1.webp","datePublished":"2019-05-17T10:54:38+00:00","dateModified":"2026-04-13T07:21:55+00:00","description":"Hulp nodig bij het installeren van phpBB forum software? Snelle en voordelige installatieservice van phpBB forum (binnen 2 werkdagen). Bestel nu online!","breadcrumb":{"@id":"https:\/\/www.ecrivus-multimedia.nl\/product\/phpbb-forum-installatieservice\/#breadcrumb"},"inLanguage":"pt-PT","potentialAction":[{"@type":"ReadAction","target":["https:\/\/www.ecrivus-multimedia.nl\/product\/phpbb-forum-installatieservice\/"]}]},{"@type":"ImageObject","inLanguage":"pt-PT","@id":"https:\/\/www.ecrivus-multimedia.nl\/product\/phpbb-forum-installatieservice\/#primaryimage","url":"https:\/\/www.ecrivus-multimedia.nl\/wp-content\/uploads\/2019\/05\/image-1.webp","contentUrl":"https:\/\/www.ecrivus-multimedia.nl\/wp-content\/uploads\/2019\/05\/image-1.webp","width":1000,"height":667},{"@type":"BreadcrumbList","@id":"https:\/\/www.ecrivus-multimedia.nl\/product\/phpbb-forum-installatieservice\/#breadcrumb","itemListElement":[{"@type":"ListItem","position":1,"name":"Home","item":"https:\/\/www.ecrivus-multimedia.nl\/"},{"@type":"ListItem","position":2,"name":"Shop","item":"https:\/\/www.ecrivus-multimedia.nl\/shop\/"},{"@type":"ListItem","position":3,"name":"PHPbb Forum Installatieservice"}]},{"@type":"WebSite","@id":"https:\/\/www.ecrivus-multimedia.nl\/#website","url":"https:\/\/www.ecrivus-multimedia.nl\/","name":"Ecrivus International Webshop","description":"Erkende webshop voor be\u00ebdigde vertalingen.","publisher":{"@id":"https:\/\/www.ecrivus-multimedia.nl\/#organization"},"potentialAction":[{"@type":"SearchAction","target":{"@type":"EntryPoint","urlTemplate":"https:\/\/www.ecrivus-multimedia.nl\/?s={search_term_string}"},"query-input":{"@type":"PropertyValueSpecification","valueRequired":true,"valueName":"search_term_string"}}],"inLanguage":"pt-PT"},{"@type":"Organization","@id":"https:\/\/www.ecrivus-multimedia.nl\/#organization","name":"Ecrivus International","url":"https:\/\/www.ecrivus-multimedia.nl\/","logo":{"@type":"ImageObject","inLanguage":"pt-PT","@id":"https:\/\/www.ecrivus-multimedia.nl\/#\/schema\/logo\/image\/","url":"https:\/\/www.ecrivus-multimedia.nl\/wp-content\/uploads\/2022\/01\/cropped-small-Logo-Ecrivus-Vector-Transparent2.png","contentUrl":"https:\/\/www.ecrivus-multimedia.nl\/wp-content\/uploads\/2022\/01\/cropped-small-Logo-Ecrivus-Vector-Transparent2.png","width":512,"height":512,"caption":"Ecrivus International"},"image":{"@id":"https:\/\/www.ecrivus-multimedia.nl\/#\/schema\/logo\/image\/"},"sameAs":["https:\/\/www.facebook.com\/Ecrivus-International-676624782512639\/","https:\/\/x.com\/ecrivusint"]}]}},"_links":{"self":[{"href":"https:\/\/www.ecrivus-multimedia.nl\/pt\/wp-json\/wp\/v2\/product\/42114","targetHints":{"allow":["GET"]}}],"collection":[{"href":"https:\/\/www.ecrivus-multimedia.nl\/pt\/wp-json\/wp\/v2\/product"}],"about":[{"href":"https:\/\/www.ecrivus-multimedia.nl\/pt\/wp-json\/wp\/v2\/types\/product"}],"replies":[{"embeddable":true,"href":"https:\/\/www.ecrivus-multimedia.nl\/pt\/wp-json\/wp\/v2\/comments?post=42114"}],"wp:featuredmedia":[{"embeddable":true,"href":"https:\/\/www.ecrivus-multimedia.nl\/pt\/wp-json\/wp\/v2\/media\/132688"}],"wp:attachment":[{"href":"https:\/\/www.ecrivus-multimedia.nl\/pt\/wp-json\/wp\/v2\/media?parent=42114"}],"wp:term":[{"taxonomy":"product_brand","embeddable":true,"href":"https:\/\/www.ecrivus-multimedia.nl\/pt\/wp-json\/wp\/v2\/product_brand?post=42114"},{"taxonomy":"product_cat","embeddable":true,"href":"https:\/\/www.ecrivus-multimedia.nl\/pt\/wp-json\/wp\/v2\/product_cat?post=42114"},{"taxonomy":"product_tag","embeddable":true,"href":"https:\/\/www.ecrivus-multimedia.nl\/pt\/wp-json\/wp\/v2\/product_tag?post=42114"}],"curies":[{"name":"wp","href":"https:\/\/api.w.org\/{rel}","templated":true}]}}