{"id":42121,"date":"2019-05-17T14:45:53","date_gmt":"2019-05-17T12:45:53","guid":{"rendered":"https:\/\/www.ecrivus-multimedia.nl\/?post_type=product&#038;p=42121"},"modified":"2026-04-13T09:26:24","modified_gmt":"2026-04-13T07:26:24","slug":"wordpress-installatieservice","status":"publish","type":"product","link":"https:\/\/www.ecrivus-multimedia.nl\/pt\/produtos\/servico-de-instalacao-wordpress\/","title":{"rendered":"Servi\u00e7o de instala\u00e7\u00e3o WordPress"},"content":{"rendered":"<h4>Servi\u00e7o de instala\u00e7\u00e3o WordPress<\/h4>\n<p>Voc\u00ea gostaria de lan\u00e7ar um site WordPress, mas precisa de ajuda para instalar o WordPress em seu servidor web? Oferecemos um pre\u00e7o acess\u00edvel e r\u00e1pido <a href=\"https:\/\/www.ecrivus-multimedia.nl\/go\/wordpress-installatieservice\/\" title=\"Servi\u00e7o de instala\u00e7\u00e3o Wordpress\" class=\"pretty-link-keyword\"rel=\"\">Servi\u00e7o de instala\u00e7\u00e3o WordPress<\/a>!<\/p>\n<p>Existem in\u00fameros manuais e tutoriais na internet para instala\u00e7\u00e3o do WordPress. No entanto, isso geralmente requer algum conhecimento t\u00e9cnico de TI. Voc\u00ea est\u00e1 tendo problemas para instalar o WordPress corretamente ou est\u00e1 travado em uma determinada etapa? Nossa equipe \u00e9 especializada em concluir a instala\u00e7\u00e3o do WordPress de forma r\u00e1pida e correta.<\/p>\n<p>A vantagem do WordPress \u00e9 que existe <strong>sem custos (mensais)<\/strong> est\u00e3o conectados. Seu uso \u00e9 <strong>completamente gr\u00e1tis<\/strong> e o software \u00e9 atualizado mensalmente por v\u00e1rios desenvolvedores WordPress. As possibilidades do WordPress s\u00e3o infinitas. Milh\u00f5es de sites rodam em WordPress e existem milhares de plugins dispon\u00edveis.<\/p>\n<p>Nosso <a href=\"https:\/\/www.ecrivus-multimedia.nl\/go\/wordpress-installatieservice\/\" title=\"Servi\u00e7o de instala\u00e7\u00e3o Wordpress\" class=\"pretty-link-keyword\"rel=\"\">Servi\u00e7o de instala\u00e7\u00e3o WordPress<\/a> \u00e9 um investimento \u00fanico \u2013 n\u00e3o h\u00e1 custos recorrentes. Al\u00e9m disso, esses custos podem ser facilmente recuperados porque voc\u00ea pode oferecer seus produtos ou servi\u00e7os em seu site. Estamos felizes em aconselh\u00e1-lo sobre isso.<\/p>\n<p>Comece hoje mesmo com seu novo site WordPress!<\/p>\n<h4>Inclu\u00eddo no servi\u00e7o de instala\u00e7\u00e3o:<\/h4>\n<ul>\n<li>Carregando o software WordPress para o seu dom\u00ednio web (vers\u00e3o mais recente)<\/li>\n<li>Instala\u00e7\u00e3o do WordPress<\/li>\n<li>Instala\u00e7\u00e3o e vincula\u00e7\u00e3o do banco de dados (MySQL)<\/li>\n<li>Instala\u00e7\u00e3o do pacote de idiomas escolhido<\/li>\n<li>Cria\u00e7\u00e3o do administrador do site (admin)<\/li>\n<\/ul>\n<p><strong>Op\u00e7\u00e3o adicional com custo extra:<\/strong><\/p>\n<ul>\n<li>Instala\u00e7\u00e3o de plugins adicionais<\/li>\n<\/ul>\n<p><strong>Requisitos:<\/strong><\/p>\n<ul>\n<li>Voc\u00ea tem um dom\u00ednio web ativo com acesso ao seu servidor FTP e banco de dados. Para o servi\u00e7o de instala\u00e7\u00e3o \u00e9 necess\u00e1rio que nos forne\u00e7a esta informa\u00e7\u00e3o. Ap\u00f3s concluir a instala\u00e7\u00e3o, voc\u00ea pode alterar os detalhes de login. Voc\u00ea pode inserir seus dados de login para o servidor FTP durante a finaliza\u00e7\u00e3o da compra <strong>Notas de pedidos<\/strong> (onder &#8216;Extra informatie'). Desgewenst kunt u ons deze ook apart per e-mail toezenden (info@ecrivus-multimedia.nl) of telefonisch: +31(0)43-365-5801.<\/li>\n<li>Seu servidor web suporta PHP e banco de dados MySQL. N\u00e3o tem certeza se este \u00e9 o caso? <a href=\"https:\/\/www.ecrivus-multimedia.nl\/pt\/contato\/\">Entre em contato conosco primeiro antes de comprar<\/a> para que isso seja verificado gratuitamente.<\/li>\n<\/ul>\n<p><strong>Prazo de entrega:<\/strong><\/p>\n<p>1-2 dias \u00fateis<\/p>\n<p>Nosso <a href=\"https:\/\/www.ecrivus-multimedia.nl\/go\/wordpress-installatieservice\/\" title=\"Servi\u00e7o de instala\u00e7\u00e3o Wordpress\" class=\"pretty-link-keyword\"rel=\"\">Servi\u00e7o de instala\u00e7\u00e3o WordPress<\/a> inclui apenas a instala\u00e7\u00e3o do WordPress e seu banco de dados. Ap\u00f3s nosso servi\u00e7o de instala\u00e7\u00e3o, o WordPress est\u00e1 pronto para uso. Nosso servi\u00e7o de instala\u00e7\u00e3o inclui <span style=\"text-decoration: underline;\">n\u00e3o<\/span> o web design, textos da web, m\u00eddia, funcionalidades adicionais e desenvolvimento adicional do seu site. No entanto, somos especializados em escrever <a href=\"https:\/\/www.ecrivus.nl\/copywriting-tekstschrijven\/\">Textos SEO<\/a> (textos web voltados para otimiza\u00e7\u00e3o de mecanismos de busca) e <a href=\"https:\/\/www.ecrivus.nl\/seo-vertaling\/\">traduzindo textos da web<\/a>. <a href=\"https:\/\/www.ecrivus-multimedia.nl\/pt\/contato\/\">Voc\u00ea pode facilmente solicitar um or\u00e7amento adicional para isso.<\/a><\/p>","protected":false},"excerpt":{"rendered":"<p>Servi\u00e7o de instala\u00e7\u00e3o Wordpress. Seu novo site Wordpress online de forma r\u00e1pida e barata!<\/p>","protected":false},"featured_media":132694,"comment_status":"open","ping_status":"closed","template":"","meta":{"_acf_changed":false,"_glsr_average":0,"_glsr_ranking":0,"_glsr_reviews":0,"_joinchat":[]},"product_brand":[],"product_cat":[15288],"product_tag":[15287,15286,15290],"class_list":{"0":"post-42121","1":"product","2":"type-product","3":"status-publish","4":"has-post-thumbnail","6":"product_cat-web-app-ontwikkeling","7":"product_tag-installatie","8":"product_tag-software","9":"product_tag-wordpress","11":"first","12":"instock","13":"virtual","14":"sold-individually","15":"taxable","16":"purchasable","17":"product-type-simple"},"acf":[],"yoast_head":"<!-- This site is optimized with the Yoast SEO plugin v27.4 - https:\/\/yoast.com\/product\/yoast-seo-wordpress\/ -->\n<title>Wordpress Installatieservice | Wij installeren Wordpress binnen 1 werkdag.<\/title>\n<meta name=\"description\" content=\"Hulp nodig bij het installeren van Wordpress? Snelle en voordelige installatieservice van Wordpress. Experts in Wordpress - bestel nu online!\" \/>\n<meta name=\"robots\" content=\"index, follow, max-snippet:-1, max-image-preview:large, max-video-preview:-1\" \/>\n<link rel=\"canonical\" href=\"https:\/\/www.ecrivus-multimedia.nl\/pt\/produtos\/servico-de-instalacao-wordpress\/\" \/>\n<meta property=\"og:locale\" content=\"pt_PT\" \/>\n<meta property=\"og:type\" content=\"article\" \/>\n<meta property=\"og:title\" content=\"Wordpress Installatieservice | Wij installeren Wordpress binnen 1 werkdag.\" \/>\n<meta property=\"og:description\" content=\"Hulp nodig bij het installeren van Wordpress? Snelle en voordelige installatieservice van Wordpress. Experts in Wordpress - bestel nu online!\" \/>\n<meta property=\"og:url\" content=\"https:\/\/www.ecrivus-multimedia.nl\/pt\/produtos\/servico-de-instalacao-wordpress\/\" \/>\n<meta property=\"og:site_name\" content=\"Ecrivus International Webshop\" \/>\n<meta property=\"article:publisher\" content=\"https:\/\/www.facebook.com\/Ecrivus-International-676624782512639\/\" \/>\n<meta property=\"article:modified_time\" content=\"2026-04-13T07:26:24+00:00\" \/>\n<meta property=\"og:image\" content=\"https:\/\/www.ecrivus-multimedia.nl\/wp-content\/uploads\/2019\/05\/2147962618.webp\" \/>\n\t<meta property=\"og:image:width\" content=\"1000\" \/>\n\t<meta property=\"og:image:height\" content=\"667\" \/>\n\t<meta property=\"og:image:type\" content=\"image\/webp\" \/>\n<meta name=\"twitter:card\" content=\"summary_large_image\" \/>\n<meta name=\"twitter:site\" content=\"@ecrivusint\" \/>\n<meta name=\"twitter:label1\" content=\"Tempo estimado de leitura\" \/>\n\t<meta name=\"twitter:data1\" content=\"2 minutos\" \/>\n<script type=\"application\/ld+json\" class=\"yoast-schema-graph\">{\"@context\":\"https:\\\/\\\/schema.org\",\"@graph\":[{\"@type\":\"WebPage\",\"@id\":\"https:\\\/\\\/www.ecrivus-multimedia.nl\\\/product\\\/wordpress-installatieservice\\\/\",\"url\":\"https:\\\/\\\/www.ecrivus-multimedia.nl\\\/product\\\/wordpress-installatieservice\\\/\",\"name\":\"Wordpress Installatieservice | Wij installeren Wordpress binnen 1 werkdag.\",\"isPartOf\":{\"@id\":\"https:\\\/\\\/www.ecrivus-multimedia.nl\\\/#website\"},\"primaryImageOfPage\":{\"@id\":\"https:\\\/\\\/www.ecrivus-multimedia.nl\\\/product\\\/wordpress-installatieservice\\\/#primaryimage\"},\"image\":{\"@id\":\"https:\\\/\\\/www.ecrivus-multimedia.nl\\\/product\\\/wordpress-installatieservice\\\/#primaryimage\"},\"thumbnailUrl\":\"https:\\\/\\\/www.ecrivus-multimedia.nl\\\/wp-content\\\/uploads\\\/2019\\\/05\\\/2147962618.webp\",\"datePublished\":\"2019-05-17T12:45:53+00:00\",\"dateModified\":\"2026-04-13T07:26:24+00:00\",\"description\":\"Hulp nodig bij het installeren van Wordpress? Snelle en voordelige installatieservice van Wordpress. Experts in Wordpress - bestel nu online!\",\"breadcrumb\":{\"@id\":\"https:\\\/\\\/www.ecrivus-multimedia.nl\\\/product\\\/wordpress-installatieservice\\\/#breadcrumb\"},\"inLanguage\":\"pt-PT\",\"potentialAction\":[{\"@type\":\"ReadAction\",\"target\":[\"https:\\\/\\\/www.ecrivus-multimedia.nl\\\/product\\\/wordpress-installatieservice\\\/\"]}]},{\"@type\":\"ImageObject\",\"inLanguage\":\"pt-PT\",\"@id\":\"https:\\\/\\\/www.ecrivus-multimedia.nl\\\/product\\\/wordpress-installatieservice\\\/#primaryimage\",\"url\":\"https:\\\/\\\/www.ecrivus-multimedia.nl\\\/wp-content\\\/uploads\\\/2019\\\/05\\\/2147962618.webp\",\"contentUrl\":\"https:\\\/\\\/www.ecrivus-multimedia.nl\\\/wp-content\\\/uploads\\\/2019\\\/05\\\/2147962618.webp\",\"width\":1000,\"height\":667},{\"@type\":\"BreadcrumbList\",\"@id\":\"https:\\\/\\\/www.ecrivus-multimedia.nl\\\/product\\\/wordpress-installatieservice\\\/#breadcrumb\",\"itemListElement\":[{\"@type\":\"ListItem\",\"position\":1,\"name\":\"Home\",\"item\":\"https:\\\/\\\/www.ecrivus-multimedia.nl\\\/\"},{\"@type\":\"ListItem\",\"position\":2,\"name\":\"Shop\",\"item\":\"https:\\\/\\\/www.ecrivus-multimedia.nl\\\/shop\\\/\"},{\"@type\":\"ListItem\",\"position\":3,\"name\":\"WordPress Installatieservice\"}]},{\"@type\":\"WebSite\",\"@id\":\"https:\\\/\\\/www.ecrivus-multimedia.nl\\\/#website\",\"url\":\"https:\\\/\\\/www.ecrivus-multimedia.nl\\\/\",\"name\":\"Ecrivus International Webshop\",\"description\":\"Erkende webshop voor be\u00ebdigde vertalingen.\",\"publisher\":{\"@id\":\"https:\\\/\\\/www.ecrivus-multimedia.nl\\\/#organization\"},\"potentialAction\":[{\"@type\":\"SearchAction\",\"target\":{\"@type\":\"EntryPoint\",\"urlTemplate\":\"https:\\\/\\\/www.ecrivus-multimedia.nl\\\/?s={search_term_string}\"},\"query-input\":{\"@type\":\"PropertyValueSpecification\",\"valueRequired\":true,\"valueName\":\"search_term_string\"}}],\"inLanguage\":\"pt-PT\"},{\"@type\":\"Organization\",\"@id\":\"https:\\\/\\\/www.ecrivus-multimedia.nl\\\/#organization\",\"name\":\"Ecrivus International\",\"url\":\"https:\\\/\\\/www.ecrivus-multimedia.nl\\\/\",\"logo\":{\"@type\":\"ImageObject\",\"inLanguage\":\"pt-PT\",\"@id\":\"https:\\\/\\\/www.ecrivus-multimedia.nl\\\/#\\\/schema\\\/logo\\\/image\\\/\",\"url\":\"https:\\\/\\\/www.ecrivus-multimedia.nl\\\/wp-content\\\/uploads\\\/2022\\\/01\\\/cropped-small-Logo-Ecrivus-Vector-Transparent2.png\",\"contentUrl\":\"https:\\\/\\\/www.ecrivus-multimedia.nl\\\/wp-content\\\/uploads\\\/2022\\\/01\\\/cropped-small-Logo-Ecrivus-Vector-Transparent2.png\",\"width\":512,\"height\":512,\"caption\":\"Ecrivus International\"},\"image\":{\"@id\":\"https:\\\/\\\/www.ecrivus-multimedia.nl\\\/#\\\/schema\\\/logo\\\/image\\\/\"},\"sameAs\":[\"https:\\\/\\\/www.facebook.com\\\/Ecrivus-International-676624782512639\\\/\",\"https:\\\/\\\/x.com\\\/ecrivusint\"]}]}<\/script>\n<!-- \/ Yoast SEO plugin. -->","yoast_head_json":{"title":"Wordpress Installatieservice | Wij installeren Wordpress binnen 1 werkdag.","description":"Hulp nodig bij het installeren van Wordpress? Snelle en voordelige installatieservice van Wordpress. Experts in Wordpress - bestel nu online!","robots":{"index":"index","follow":"follow","max-snippet":"max-snippet:-1","max-image-preview":"max-image-preview:large","max-video-preview":"max-video-preview:-1"},"canonical":"https:\/\/www.ecrivus-multimedia.nl\/pt\/produtos\/servico-de-instalacao-wordpress\/","og_locale":"pt_PT","og_type":"article","og_title":"Wordpress Installatieservice | Wij installeren Wordpress binnen 1 werkdag.","og_description":"Hulp nodig bij het installeren van Wordpress? Snelle en voordelige installatieservice van Wordpress. Experts in Wordpress - bestel nu online!","og_url":"https:\/\/www.ecrivus-multimedia.nl\/pt\/produtos\/servico-de-instalacao-wordpress\/","og_site_name":"Ecrivus International Webshop","article_publisher":"https:\/\/www.facebook.com\/Ecrivus-International-676624782512639\/","article_modified_time":"2026-04-13T07:26:24+00:00","og_image":[{"width":1000,"height":667,"url":"https:\/\/www.ecrivus-multimedia.nl\/wp-content\/uploads\/2019\/05\/2147962618.webp","type":"image\/webp"}],"twitter_card":"summary_large_image","twitter_site":"@ecrivusint","twitter_misc":{"Tempo estimado de leitura":"2 minutos"},"schema":{"@context":"https:\/\/schema.org","@graph":[{"@type":"WebPage","@id":"https:\/\/www.ecrivus-multimedia.nl\/product\/wordpress-installatieservice\/","url":"https:\/\/www.ecrivus-multimedia.nl\/product\/wordpress-installatieservice\/","name":"Wordpress Installatieservice | Wij installeren Wordpress binnen 1 werkdag.","isPartOf":{"@id":"https:\/\/www.ecrivus-multimedia.nl\/#website"},"primaryImageOfPage":{"@id":"https:\/\/www.ecrivus-multimedia.nl\/product\/wordpress-installatieservice\/#primaryimage"},"image":{"@id":"https:\/\/www.ecrivus-multimedia.nl\/product\/wordpress-installatieservice\/#primaryimage"},"thumbnailUrl":"https:\/\/www.ecrivus-multimedia.nl\/wp-content\/uploads\/2019\/05\/2147962618.webp","datePublished":"2019-05-17T12:45:53+00:00","dateModified":"2026-04-13T07:26:24+00:00","description":"Hulp nodig bij het installeren van Wordpress? Snelle en voordelige installatieservice van Wordpress. Experts in Wordpress - bestel nu online!","breadcrumb":{"@id":"https:\/\/www.ecrivus-multimedia.nl\/product\/wordpress-installatieservice\/#breadcrumb"},"inLanguage":"pt-PT","potentialAction":[{"@type":"ReadAction","target":["https:\/\/www.ecrivus-multimedia.nl\/product\/wordpress-installatieservice\/"]}]},{"@type":"ImageObject","inLanguage":"pt-PT","@id":"https:\/\/www.ecrivus-multimedia.nl\/product\/wordpress-installatieservice\/#primaryimage","url":"https:\/\/www.ecrivus-multimedia.nl\/wp-content\/uploads\/2019\/05\/2147962618.webp","contentUrl":"https:\/\/www.ecrivus-multimedia.nl\/wp-content\/uploads\/2019\/05\/2147962618.webp","width":1000,"height":667},{"@type":"BreadcrumbList","@id":"https:\/\/www.ecrivus-multimedia.nl\/product\/wordpress-installatieservice\/#breadcrumb","itemListElement":[{"@type":"ListItem","position":1,"name":"Home","item":"https:\/\/www.ecrivus-multimedia.nl\/"},{"@type":"ListItem","position":2,"name":"Shop","item":"https:\/\/www.ecrivus-multimedia.nl\/shop\/"},{"@type":"ListItem","position":3,"name":"WordPress Installatieservice"}]},{"@type":"WebSite","@id":"https:\/\/www.ecrivus-multimedia.nl\/#website","url":"https:\/\/www.ecrivus-multimedia.nl\/","name":"Ecrivus International Webshop","description":"Erkende webshop voor be\u00ebdigde vertalingen.","publisher":{"@id":"https:\/\/www.ecrivus-multimedia.nl\/#organization"},"potentialAction":[{"@type":"SearchAction","target":{"@type":"EntryPoint","urlTemplate":"https:\/\/www.ecrivus-multimedia.nl\/?s={search_term_string}"},"query-input":{"@type":"PropertyValueSpecification","valueRequired":true,"valueName":"search_term_string"}}],"inLanguage":"pt-PT"},{"@type":"Organization","@id":"https:\/\/www.ecrivus-multimedia.nl\/#organization","name":"Ecrivus International","url":"https:\/\/www.ecrivus-multimedia.nl\/","logo":{"@type":"ImageObject","inLanguage":"pt-PT","@id":"https:\/\/www.ecrivus-multimedia.nl\/#\/schema\/logo\/image\/","url":"https:\/\/www.ecrivus-multimedia.nl\/wp-content\/uploads\/2022\/01\/cropped-small-Logo-Ecrivus-Vector-Transparent2.png","contentUrl":"https:\/\/www.ecrivus-multimedia.nl\/wp-content\/uploads\/2022\/01\/cropped-small-Logo-Ecrivus-Vector-Transparent2.png","width":512,"height":512,"caption":"Ecrivus International"},"image":{"@id":"https:\/\/www.ecrivus-multimedia.nl\/#\/schema\/logo\/image\/"},"sameAs":["https:\/\/www.facebook.com\/Ecrivus-International-676624782512639\/","https:\/\/x.com\/ecrivusint"]}]}},"_links":{"self":[{"href":"https:\/\/www.ecrivus-multimedia.nl\/pt\/wp-json\/wp\/v2\/product\/42121","targetHints":{"allow":["GET"]}}],"collection":[{"href":"https:\/\/www.ecrivus-multimedia.nl\/pt\/wp-json\/wp\/v2\/product"}],"about":[{"href":"https:\/\/www.ecrivus-multimedia.nl\/pt\/wp-json\/wp\/v2\/types\/product"}],"replies":[{"embeddable":true,"href":"https:\/\/www.ecrivus-multimedia.nl\/pt\/wp-json\/wp\/v2\/comments?post=42121"}],"wp:featuredmedia":[{"embeddable":true,"href":"https:\/\/www.ecrivus-multimedia.nl\/pt\/wp-json\/wp\/v2\/media\/132694"}],"wp:attachment":[{"href":"https:\/\/www.ecrivus-multimedia.nl\/pt\/wp-json\/wp\/v2\/media?parent=42121"}],"wp:term":[{"taxonomy":"product_brand","embeddable":true,"href":"https:\/\/www.ecrivus-multimedia.nl\/pt\/wp-json\/wp\/v2\/product_brand?post=42121"},{"taxonomy":"product_cat","embeddable":true,"href":"https:\/\/www.ecrivus-multimedia.nl\/pt\/wp-json\/wp\/v2\/product_cat?post=42121"},{"taxonomy":"product_tag","embeddable":true,"href":"https:\/\/www.ecrivus-multimedia.nl\/pt\/wp-json\/wp\/v2\/product_tag?post=42121"}],"curies":[{"name":"wp","href":"https:\/\/api.w.org\/{rel}","templated":true}]}}