{"id":42156,"date":"2019-05-24T14:23:22","date_gmt":"2019-05-24T12:23:22","guid":{"rendered":"https:\/\/www.ecrivus-multimedia.nl\/?post_type=product&#038;p=42156"},"modified":"2026-04-13T09:24:47","modified_gmt":"2026-04-13T07:24:47","slug":"app-vertalen","status":"publish","type":"product","link":"https:\/\/www.ecrivus-multimedia.nl\/pt\/produtos\/traduzir-aplicativo\/","title":{"rendered":"Traduzir Android\u00ae, iOS\u00ae ou aplicativo Web"},"content":{"rendered":"<h4><span style=\"font-size: 12pt;\">Traduzir Android\u00ae, iOS\u00ae ou aplicativo Web<\/span><\/h4>\n<h4><strong>Traduzir um aplicativo \u00e9 um dos nossos <em>neg\u00f3cio principal<\/em><\/strong><\/h4>\n<p>Nosso trabalho todos os dias <a href=\"https:\/\/www.ecrivus.nl\/talen-2\/\" target=\"_blank\" rel=\"noopener noreferrer\"><em>falante nativo<\/em> tradutores<\/a> que se especializam em <a href=\"https:\/\/www.ecrivus-multimedia.nl\/go\/app-vertalen\/\" title=\"Traduzir aplicativo? \u2713 Android\u00ae \u2713 iOs\u00ae \u2713 Web \u2713 Encomende online agora! \u2713 Pre\u00e7o fixo\" class=\"pretty-link-keyword\"rel=\"\">aplicativo<\/a> tradu\u00e7\u00f5es para v\u00e1rios <a href=\"https:\/\/www.ecrivus.nl\/taaldiensten\/\" target=\"_blank\" rel=\"noopener noreferrer\">projetos de tradu\u00e7\u00e3o<\/a> para aplica\u00e7\u00f5es (m\u00f3veis). Eles conhecem o jarg\u00e3o, garantem que os textos correspondam perfeitamente ao seu grupo-alvo e funcionem com muita precis\u00e3o. Tamb\u00e9m associado <a href=\"https:\/\/www.ecrivus.nl\/marketing-vertalingen\/\" target=\"_blank\" rel=\"noopener noreferrer\">sites de marketing<\/a> Podemos traduzir facilmente material promocional online. Melhor de todos? Com um bom <a href=\"https:\/\/www.ecrivus-multimedia.nl\/go\/app-vertalen\/\" title=\"Traduzir aplicativo? \u2713 Android\u00ae \u2713 iOs\u00ae \u2713 Web \u2713 Encomende online agora! \u2713 Pre\u00e7o fixo\" class=\"pretty-link-keyword\"rel=\"\">aplicativo<\/a>-tradu\u00e7\u00e3o voc\u00ea pode usar seu <a href=\"https:\/\/www.ecrivus-multimedia.nl\/go\/app-vertalen\/\" title=\"Traduzir aplicativo? \u2713 Android\u00ae \u2713 iOs\u00ae \u2713 Web \u2713 Encomende online agora! \u2713 Pre\u00e7o fixo\" class=\"pretty-link-keyword\"rel=\"\">aplicativo<\/a> dispon\u00edvel para todo o mundo. Pense nisso; apenas traduzindo o <a href=\"https:\/\/www.ecrivus-multimedia.nl\/go\/app-vertalen\/\" title=\"Traduzir aplicativo? \u2713 Android\u00ae \u2713 iOs\u00ae \u2713 Web \u2713 Encomende online agora! \u2713 Pre\u00e7o fixo\" class=\"pretty-link-keyword\"rel=\"\">aplicativo<\/a> para o ingl\u00eas voc\u00ea pode alcan\u00e7ar usu\u00e1rios nos Estados Unidos, Gr\u00e3-Bretanha, Canad\u00e1, Austr\u00e1lia e muitos outros pa\u00edses. E como somos mais do que <a href=\"https:\/\/www.ecrivus.nl\/talen-2\/\" target=\"_blank\" rel=\"noopener noreferrer\">Mais de 225 idiomas<\/a> oferecer, as possibilidades s\u00e3o infinitas. Nunca antes foi profissional <a href=\"https:\/\/www.ecrivus-multimedia.nl\/go\/app-vertalen\/\" title=\"Traduzir aplicativo? \u2713 Android\u00ae \u2713 iOs\u00ae \u2713 Web \u2713 Encomende online agora! \u2713 Pre\u00e7o fixo\" class=\"pretty-link-keyword\"rel=\"\">traduzir aplicativo<\/a> t\u00e3o simples e transparente!<\/p>\n<p style=\"text-align: center;\"><a href=\"https:\/\/www.ecrivus-multimedia.nl\/pt\/pacotes-de-traducao-de-aplicativos\/\" class=\"su-button su-button-style-default\" style=\"color:#FFFFFF;background-color:#2D89EF;border-color:#246ec0;border-radius:7px\" target=\"_blank\" rel=\"noopener noreferrer\"><span style=\"color:#FFFFFF;padding:7px 20px;font-size:16px;line-height:24px;border-color:#6cadf4;border-radius:7px;text-shadow:none\"><i class=\"sui sui-arrow-right\" style=\"font-size:16px;color:#FFFFFF\"><\/i> Veja nossos pacotes de tradu\u00e7\u00e3o de aplicativos aqui.<\/span><\/a>\n<p>Voc\u00ea quer o seu <a href=\"https:\/\/www.ecrivus-multimedia.nl\/go\/app-vertalen\/\" title=\"Traduzir aplicativo? \u2713 Android\u00ae \u2713 iOs\u00ae \u2713 Web \u2713 Encomende online agora! \u2713 Pre\u00e7o fixo\" class=\"pretty-link-keyword\"rel=\"\">aplicativo<\/a> Voc\u00ea j\u00e1 traduziu, mas ainda n\u00e3o sabe quais idiomas pode usar para alcan\u00e7ar o maior n\u00famero de pessoas? Ent\u00e3o leia <a href=\"https:\/\/nl.wikipedia.org\/wiki\/Lijst_van_talen_naar_moedertaalsprekers\" target=\"_blank\" rel=\"noopener noreferrer\">este artigo da Wikip\u00e9dia<\/a>. Esta p\u00e1gina mostra o n\u00famero de falantes nativos por idioma.<\/p>\n<p><strong>Informa\u00e7\u00f5es adicionais <a href=\"https:\/\/www.ecrivus-multimedia.nl\/go\/app-vertalen\/\" title=\"Traduzir aplicativo? \u2713 Android\u00ae \u2713 iOs\u00ae \u2713 Web \u2713 Encomende online agora! \u2713 Pre\u00e7o fixo\" class=\"pretty-link-keyword\"rel=\"\">traduzir aplicativo<\/a>:<\/strong><\/p>\n<ul>\n<li>Ap\u00f3s recebermos seu pedido, analisamos a contagem total de palavras dos arquivos fornecidos. Se o n\u00famero total de palavras estiver dentro do pacote de tradu\u00e7\u00e3o escolhido, come\u00e7aremos imediatamente. Se parecer haver mais ou menos palavras do que o pacote selecionado, entraremos em contato com voc\u00ea primeiro.<\/li>\n<li>Se tivermos d\u00favidas sobre o texto ou durante a prepara\u00e7\u00e3o do projeto ou durante a tradu\u00e7\u00e3o <a href=\"https:\/\/www.ecrivus-multimedia.nl\/go\/app-vertalen\/\" title=\"Traduzir aplicativo? \u2713 Android\u00ae \u2713 iOs\u00ae \u2713 Web \u2713 Encomende online agora! \u2713 Pre\u00e7o fixo\" class=\"pretty-link-keyword\"rel=\"\">aplicativo<\/a>, iremos inform\u00e1-lo em tempo h\u00e1bil.<\/li>\n<li>H\u00e1 alguma especificidade em rela\u00e7\u00e3o ao conte\u00fado vari\u00e1vel, conte\u00fado din\u00e2mico ou tags? Ou voc\u00ea gostaria de fornecer outras instru\u00e7\u00f5es de tradu\u00e7\u00e3o? Mencione isso na se\u00e7\u00e3o de notas na finaliza\u00e7\u00e3o da compra ou envie-nos um e-mail: info@ecrivus-multimedia.nl ou info@ecrivus.nl.<\/li>\n<li>Os pre\u00e7os dos pacotes mencionados aplicam-se por idioma e n\u00e3o incluem IVA 21%. Voc\u00ea quer o <a href=\"https:\/\/www.ecrivus-multimedia.nl\/go\/app-vertalen\/\" title=\"Traduzir aplicativo? \u2713 Android\u00ae \u2713 iOs\u00ae \u2713 Web \u2713 Encomende online agora! \u2713 Pre\u00e7o fixo\" class=\"pretty-link-keyword\"rel=\"\">aplicativo<\/a> foi traduzido para v\u00e1rios idiomas? Em seguida, adicione isso separadamente ao seu pedido.<\/li>\n<\/ul>","protected":false},"excerpt":{"rendered":"<p>Tradu\u00e7\u00e3o profissional de aplicativos por tradutores de aplicativos especializados (falantes nativos). Voc\u00ea pode adicionar os arquivos de origem do aplicativo que precisam ser traduzidos na p\u00e1gina Checkout ap\u00f3s adicionar o servi\u00e7o ao carrinho.<\/p>","protected":false},"featured_media":132693,"comment_status":"open","ping_status":"closed","template":"","meta":{"_acf_changed":false,"_glsr_average":0,"_glsr_ranking":0,"_glsr_reviews":0,"_joinchat":[]},"product_brand":[],"product_cat":[15301],"product_tag":[],"class_list":{"0":"post-42156","1":"product","2":"type-product","3":"status-publish","4":"has-post-thumbnail","6":"product_cat-web-app-vertalingen","8":"first","9":"instock","10":"sold-individually","11":"taxable","12":"shipping-taxable","13":"purchasable","14":"product-type-variable"},"acf":[],"yoast_head":"<!-- This site is optimized with the Yoast SEO plugin v27.4 - https:\/\/yoast.com\/product\/yoast-seo-wordpress\/ -->\n<title>App vertalen? \u2713 Android\u00ae \u2713 iOs\u00ae \u2713 Web \u2713 Bestel nu online! \u2713 Vaste prijs<\/title>\n<meta name=\"description\" content=\"Uw app vertalen en lanceren in andere landen? Wij lokaliseren en vertalen alle apps. \u2713 Vaste prijs \u2713 Alle bestandsformaten \u2713 Online bestellen \u2713 225+ talen\" \/>\n<meta name=\"robots\" content=\"index, follow, max-snippet:-1, max-image-preview:large, max-video-preview:-1\" \/>\n<link rel=\"canonical\" href=\"https:\/\/www.ecrivus-multimedia.nl\/pt\/produtos\/traduzir-aplicativo\/\" \/>\n<meta property=\"og:locale\" content=\"pt_PT\" \/>\n<meta property=\"og:type\" content=\"article\" \/>\n<meta property=\"og:title\" content=\"App vertalen? \u2713 Android\u00ae \u2713 iOs\u00ae \u2713 Web \u2713 Bestel nu online! \u2713 Vaste prijs\" \/>\n<meta property=\"og:description\" content=\"Uw app vertalen en lanceren in andere landen? Wij lokaliseren en vertalen alle apps. \u2713 Vaste prijs \u2713 Alle bestandsformaten \u2713 Online bestellen \u2713 225+ talen\" \/>\n<meta property=\"og:url\" content=\"https:\/\/www.ecrivus-multimedia.nl\/pt\/produtos\/traduzir-aplicativo\/\" \/>\n<meta property=\"og:site_name\" content=\"Ecrivus International Webshop\" \/>\n<meta property=\"article:publisher\" content=\"https:\/\/www.facebook.com\/Ecrivus-International-676624782512639\/\" \/>\n<meta property=\"article:modified_time\" content=\"2026-04-13T07:24:47+00:00\" \/>\n<meta property=\"og:image\" content=\"https:\/\/www.ecrivus-multimedia.nl\/wp-content\/uploads\/2019\/05\/laptop-digitale-apps-online-diensten.jpg\" \/>\n\t<meta property=\"og:image:width\" content=\"1000\" \/>\n\t<meta property=\"og:image:height\" content=\"658\" \/>\n\t<meta property=\"og:image:type\" content=\"image\/jpeg\" \/>\n<meta name=\"twitter:card\" content=\"summary_large_image\" \/>\n<meta name=\"twitter:site\" content=\"@ecrivusint\" \/>\n<meta name=\"twitter:label1\" content=\"Tempo estimado de leitura\" \/>\n\t<meta name=\"twitter:data1\" content=\"2 minutos\" \/>\n<script type=\"application\/ld+json\" class=\"yoast-schema-graph\">{\"@context\":\"https:\\\/\\\/schema.org\",\"@graph\":[{\"@type\":\"WebPage\",\"@id\":\"https:\\\/\\\/www.ecrivus-multimedia.nl\\\/product\\\/app-vertalen\\\/\",\"url\":\"https:\\\/\\\/www.ecrivus-multimedia.nl\\\/product\\\/app-vertalen\\\/\",\"name\":\"App vertalen? \u2713 Android\u00ae \u2713 iOs\u00ae \u2713 Web \u2713 Bestel nu online! \u2713 Vaste prijs\",\"isPartOf\":{\"@id\":\"https:\\\/\\\/www.ecrivus-multimedia.nl\\\/#website\"},\"primaryImageOfPage\":{\"@id\":\"https:\\\/\\\/www.ecrivus-multimedia.nl\\\/product\\\/app-vertalen\\\/#primaryimage\"},\"image\":{\"@id\":\"https:\\\/\\\/www.ecrivus-multimedia.nl\\\/product\\\/app-vertalen\\\/#primaryimage\"},\"thumbnailUrl\":\"https:\\\/\\\/www.ecrivus-multimedia.nl\\\/wp-content\\\/uploads\\\/2019\\\/05\\\/laptop-digitale-apps-online-diensten.jpg\",\"datePublished\":\"2019-05-24T12:23:22+00:00\",\"dateModified\":\"2026-04-13T07:24:47+00:00\",\"description\":\"Uw app vertalen en lanceren in andere landen? Wij lokaliseren en vertalen alle apps. \u2713 Vaste prijs \u2713 Alle bestandsformaten \u2713 Online bestellen \u2713 225+ talen\",\"breadcrumb\":{\"@id\":\"https:\\\/\\\/www.ecrivus-multimedia.nl\\\/product\\\/app-vertalen\\\/#breadcrumb\"},\"inLanguage\":\"pt-PT\",\"potentialAction\":[{\"@type\":\"ReadAction\",\"target\":[\"https:\\\/\\\/www.ecrivus-multimedia.nl\\\/product\\\/app-vertalen\\\/\"]}]},{\"@type\":\"ImageObject\",\"inLanguage\":\"pt-PT\",\"@id\":\"https:\\\/\\\/www.ecrivus-multimedia.nl\\\/product\\\/app-vertalen\\\/#primaryimage\",\"url\":\"https:\\\/\\\/www.ecrivus-multimedia.nl\\\/wp-content\\\/uploads\\\/2019\\\/05\\\/laptop-digitale-apps-online-diensten.jpg\",\"contentUrl\":\"https:\\\/\\\/www.ecrivus-multimedia.nl\\\/wp-content\\\/uploads\\\/2019\\\/05\\\/laptop-digitale-apps-online-diensten.jpg\",\"width\":1000,\"height\":658},{\"@type\":\"BreadcrumbList\",\"@id\":\"https:\\\/\\\/www.ecrivus-multimedia.nl\\\/product\\\/app-vertalen\\\/#breadcrumb\",\"itemListElement\":[{\"@type\":\"ListItem\",\"position\":1,\"name\":\"Home\",\"item\":\"https:\\\/\\\/www.ecrivus-multimedia.nl\\\/\"},{\"@type\":\"ListItem\",\"position\":2,\"name\":\"Shop\",\"item\":\"https:\\\/\\\/www.ecrivus-multimedia.nl\\\/shop\\\/\"},{\"@type\":\"ListItem\",\"position\":3,\"name\":\"Android\u00ae, iOs\u00ae of Web app vertalen\"}]},{\"@type\":\"WebSite\",\"@id\":\"https:\\\/\\\/www.ecrivus-multimedia.nl\\\/#website\",\"url\":\"https:\\\/\\\/www.ecrivus-multimedia.nl\\\/\",\"name\":\"Ecrivus International Webshop\",\"description\":\"Erkende webshop voor be\u00ebdigde vertalingen.\",\"publisher\":{\"@id\":\"https:\\\/\\\/www.ecrivus-multimedia.nl\\\/#organization\"},\"potentialAction\":[{\"@type\":\"SearchAction\",\"target\":{\"@type\":\"EntryPoint\",\"urlTemplate\":\"https:\\\/\\\/www.ecrivus-multimedia.nl\\\/?s={search_term_string}\"},\"query-input\":{\"@type\":\"PropertyValueSpecification\",\"valueRequired\":true,\"valueName\":\"search_term_string\"}}],\"inLanguage\":\"pt-PT\"},{\"@type\":\"Organization\",\"@id\":\"https:\\\/\\\/www.ecrivus-multimedia.nl\\\/#organization\",\"name\":\"Ecrivus International\",\"url\":\"https:\\\/\\\/www.ecrivus-multimedia.nl\\\/\",\"logo\":{\"@type\":\"ImageObject\",\"inLanguage\":\"pt-PT\",\"@id\":\"https:\\\/\\\/www.ecrivus-multimedia.nl\\\/#\\\/schema\\\/logo\\\/image\\\/\",\"url\":\"https:\\\/\\\/www.ecrivus-multimedia.nl\\\/wp-content\\\/uploads\\\/2022\\\/01\\\/cropped-small-Logo-Ecrivus-Vector-Transparent2.png\",\"contentUrl\":\"https:\\\/\\\/www.ecrivus-multimedia.nl\\\/wp-content\\\/uploads\\\/2022\\\/01\\\/cropped-small-Logo-Ecrivus-Vector-Transparent2.png\",\"width\":512,\"height\":512,\"caption\":\"Ecrivus International\"},\"image\":{\"@id\":\"https:\\\/\\\/www.ecrivus-multimedia.nl\\\/#\\\/schema\\\/logo\\\/image\\\/\"},\"sameAs\":[\"https:\\\/\\\/www.facebook.com\\\/Ecrivus-International-676624782512639\\\/\",\"https:\\\/\\\/x.com\\\/ecrivusint\"]}]}<\/script>\n<!-- \/ Yoast SEO plugin. -->","yoast_head_json":{"title":"App vertalen? \u2713 Android\u00ae \u2713 iOs\u00ae \u2713 Web \u2713 Bestel nu online! \u2713 Vaste prijs","description":"Uw app vertalen en lanceren in andere landen? Wij lokaliseren en vertalen alle apps. \u2713 Vaste prijs \u2713 Alle bestandsformaten \u2713 Online bestellen \u2713 225+ talen","robots":{"index":"index","follow":"follow","max-snippet":"max-snippet:-1","max-image-preview":"max-image-preview:large","max-video-preview":"max-video-preview:-1"},"canonical":"https:\/\/www.ecrivus-multimedia.nl\/pt\/produtos\/traduzir-aplicativo\/","og_locale":"pt_PT","og_type":"article","og_title":"App vertalen? \u2713 Android\u00ae \u2713 iOs\u00ae \u2713 Web \u2713 Bestel nu online! \u2713 Vaste prijs","og_description":"Uw app vertalen en lanceren in andere landen? Wij lokaliseren en vertalen alle apps. \u2713 Vaste prijs \u2713 Alle bestandsformaten \u2713 Online bestellen \u2713 225+ talen","og_url":"https:\/\/www.ecrivus-multimedia.nl\/pt\/produtos\/traduzir-aplicativo\/","og_site_name":"Ecrivus International Webshop","article_publisher":"https:\/\/www.facebook.com\/Ecrivus-International-676624782512639\/","article_modified_time":"2026-04-13T07:24:47+00:00","og_image":[{"width":1000,"height":658,"url":"https:\/\/www.ecrivus-multimedia.nl\/wp-content\/uploads\/2019\/05\/laptop-digitale-apps-online-diensten.jpg","type":"image\/jpeg"}],"twitter_card":"summary_large_image","twitter_site":"@ecrivusint","twitter_misc":{"Tempo estimado de leitura":"2 minutos"},"schema":{"@context":"https:\/\/schema.org","@graph":[{"@type":"WebPage","@id":"https:\/\/www.ecrivus-multimedia.nl\/product\/app-vertalen\/","url":"https:\/\/www.ecrivus-multimedia.nl\/product\/app-vertalen\/","name":"App vertalen? \u2713 Android\u00ae \u2713 iOs\u00ae \u2713 Web \u2713 Bestel nu online! \u2713 Vaste prijs","isPartOf":{"@id":"https:\/\/www.ecrivus-multimedia.nl\/#website"},"primaryImageOfPage":{"@id":"https:\/\/www.ecrivus-multimedia.nl\/product\/app-vertalen\/#primaryimage"},"image":{"@id":"https:\/\/www.ecrivus-multimedia.nl\/product\/app-vertalen\/#primaryimage"},"thumbnailUrl":"https:\/\/www.ecrivus-multimedia.nl\/wp-content\/uploads\/2019\/05\/laptop-digitale-apps-online-diensten.jpg","datePublished":"2019-05-24T12:23:22+00:00","dateModified":"2026-04-13T07:24:47+00:00","description":"Uw app vertalen en lanceren in andere landen? Wij lokaliseren en vertalen alle apps. \u2713 Vaste prijs \u2713 Alle bestandsformaten \u2713 Online bestellen \u2713 225+ talen","breadcrumb":{"@id":"https:\/\/www.ecrivus-multimedia.nl\/product\/app-vertalen\/#breadcrumb"},"inLanguage":"pt-PT","potentialAction":[{"@type":"ReadAction","target":["https:\/\/www.ecrivus-multimedia.nl\/product\/app-vertalen\/"]}]},{"@type":"ImageObject","inLanguage":"pt-PT","@id":"https:\/\/www.ecrivus-multimedia.nl\/product\/app-vertalen\/#primaryimage","url":"https:\/\/www.ecrivus-multimedia.nl\/wp-content\/uploads\/2019\/05\/laptop-digitale-apps-online-diensten.jpg","contentUrl":"https:\/\/www.ecrivus-multimedia.nl\/wp-content\/uploads\/2019\/05\/laptop-digitale-apps-online-diensten.jpg","width":1000,"height":658},{"@type":"BreadcrumbList","@id":"https:\/\/www.ecrivus-multimedia.nl\/product\/app-vertalen\/#breadcrumb","itemListElement":[{"@type":"ListItem","position":1,"name":"Home","item":"https:\/\/www.ecrivus-multimedia.nl\/"},{"@type":"ListItem","position":2,"name":"Shop","item":"https:\/\/www.ecrivus-multimedia.nl\/shop\/"},{"@type":"ListItem","position":3,"name":"Android\u00ae, iOs\u00ae of Web app vertalen"}]},{"@type":"WebSite","@id":"https:\/\/www.ecrivus-multimedia.nl\/#website","url":"https:\/\/www.ecrivus-multimedia.nl\/","name":"Ecrivus International Webshop","description":"Erkende webshop voor be\u00ebdigde vertalingen.","publisher":{"@id":"https:\/\/www.ecrivus-multimedia.nl\/#organization"},"potentialAction":[{"@type":"SearchAction","target":{"@type":"EntryPoint","urlTemplate":"https:\/\/www.ecrivus-multimedia.nl\/?s={search_term_string}"},"query-input":{"@type":"PropertyValueSpecification","valueRequired":true,"valueName":"search_term_string"}}],"inLanguage":"pt-PT"},{"@type":"Organization","@id":"https:\/\/www.ecrivus-multimedia.nl\/#organization","name":"Ecrivus International","url":"https:\/\/www.ecrivus-multimedia.nl\/","logo":{"@type":"ImageObject","inLanguage":"pt-PT","@id":"https:\/\/www.ecrivus-multimedia.nl\/#\/schema\/logo\/image\/","url":"https:\/\/www.ecrivus-multimedia.nl\/wp-content\/uploads\/2022\/01\/cropped-small-Logo-Ecrivus-Vector-Transparent2.png","contentUrl":"https:\/\/www.ecrivus-multimedia.nl\/wp-content\/uploads\/2022\/01\/cropped-small-Logo-Ecrivus-Vector-Transparent2.png","width":512,"height":512,"caption":"Ecrivus International"},"image":{"@id":"https:\/\/www.ecrivus-multimedia.nl\/#\/schema\/logo\/image\/"},"sameAs":["https:\/\/www.facebook.com\/Ecrivus-International-676624782512639\/","https:\/\/x.com\/ecrivusint"]}]}},"_links":{"self":[{"href":"https:\/\/www.ecrivus-multimedia.nl\/pt\/wp-json\/wp\/v2\/product\/42156","targetHints":{"allow":["GET"]}}],"collection":[{"href":"https:\/\/www.ecrivus-multimedia.nl\/pt\/wp-json\/wp\/v2\/product"}],"about":[{"href":"https:\/\/www.ecrivus-multimedia.nl\/pt\/wp-json\/wp\/v2\/types\/product"}],"replies":[{"embeddable":true,"href":"https:\/\/www.ecrivus-multimedia.nl\/pt\/wp-json\/wp\/v2\/comments?post=42156"}],"wp:featuredmedia":[{"embeddable":true,"href":"https:\/\/www.ecrivus-multimedia.nl\/pt\/wp-json\/wp\/v2\/media\/132693"}],"wp:attachment":[{"href":"https:\/\/www.ecrivus-multimedia.nl\/pt\/wp-json\/wp\/v2\/media?parent=42156"}],"wp:term":[{"taxonomy":"product_brand","embeddable":true,"href":"https:\/\/www.ecrivus-multimedia.nl\/pt\/wp-json\/wp\/v2\/product_brand?post=42156"},{"taxonomy":"product_cat","embeddable":true,"href":"https:\/\/www.ecrivus-multimedia.nl\/pt\/wp-json\/wp\/v2\/product_cat?post=42156"},{"taxonomy":"product_tag","embeddable":true,"href":"https:\/\/www.ecrivus-multimedia.nl\/pt\/wp-json\/wp\/v2\/product_tag?post=42156"}],"curies":[{"name":"wp","href":"https:\/\/api.w.org\/{rel}","templated":true}]}}