{"id":42545,"date":"2019-05-28T12:43:07","date_gmt":"2019-05-28T10:43:07","guid":{"rendered":"https:\/\/www.ecrivus-multimedia.nl\/?post_type=product&#038;p=42545"},"modified":"2026-04-13T09:24:21","modified_gmt":"2026-04-13T07:24:21","slug":"shopping-marktplaats-app-kopen","status":"publish","type":"product","link":"https:\/\/www.ecrivus-multimedia.nl\/pt\/produtos\/aplicativo-de-mercado-de-compras-comprar\/","title":{"rendered":"Compre um aplicativo de compras\/marketplace"},"content":{"rendered":"<h4>Quer desenvolver seu pr\u00f3prio aplicativo de mercado de maneira barata?<\/h4>\n<p>Este mercado\/compras <a href=\"https:\/\/www.ecrivus-multimedia.nl\/go\/app-vertalen\/\" title=\"Traduzir aplicativo? \u2713 Android\u00ae \u2713 iOs\u00ae \u2713 Web \u2713 Encomende online agora! \u2713 Pre\u00e7o fixo\" class=\"pretty-link-keyword\"rel=\"\">aplicativo<\/a> oferece excelentes oportunidades para gerar um fluxo de renda adicional. Compre seu pr\u00f3prio mercado-<a href=\"https:\/\/www.ecrivus-multimedia.nl\/go\/app-vertalen\/\" title=\"Traduzir aplicativo? \u2713 Android\u00ae \u2713 iOs\u00ae \u2713 Web \u2713 Encomende online agora! \u2713 Pre\u00e7o fixo\" class=\"pretty-link-keyword\"rel=\"\">aplicativo<\/a> onde os usu\u00e1rios podem vender seus pr\u00f3prios produtos e compr\u00e1-los de outros usu\u00e1rios. \u00c9 poss\u00edvel, entre outras coisas, responder a an\u00fancios de outros vendedores atrav\u00e9s da fun\u00e7\u00e3o de chat integrada, fazer pesquisas com base em palavras-chave ou localiza\u00e7\u00f5es.<\/p>\n<p style=\"text-align: center;\"><a href=\"https:\/\/www.ecrivus-multimedia.nl\/pt\/pacotes-de-restyling-de-aplicativos\/\" class=\"su-button su-button-style-default\" style=\"color:#FFFFFF;background-color:#2D89EF;border-color:#246ec0;border-radius:7px\" target=\"_blank\" rel=\"noopener noreferrer\"><span style=\"color:#FFFFFF;padding:7px 20px;font-size:16px;line-height:24px;border-color:#6cadf4;border-radius:7px;text-shadow:none\"><i class=\"sui sui-arrow-right\" style=\"font-size:16px;color:#FFFFFF\"><\/i> Veja e compare nossos pacotes de restyling de aplicativos aqui.<\/span><\/a>\n<h4>Lan\u00e7ar seu pr\u00f3prio aplicativo na Google Play Store\u00ae, Apple App Store\u00ae ou na Web?<\/h4>\n<p>A partir de agora voc\u00ea pode fazer o seu pr\u00f3prio muito barato <a href=\"https:\/\/www.ecrivus-multimedia.nl\/go\/app-vertalen\/\" title=\"Traduzir aplicativo? \u2713 Android\u00ae \u2713 iOs\u00ae \u2713 Web \u2713 Encomende online agora! \u2713 Pre\u00e7o fixo\" class=\"pretty-link-keyword\"rel=\"\">aplicativo<\/a> crie-o e publique-o na Google Play Store, Apple <a href=\"https:\/\/www.ecrivus-multimedia.nl\/go\/app-vertalen\/\" title=\"Traduzir aplicativo? \u2713 Android\u00ae \u2713 iOs\u00ae \u2713 Web \u2713 Encomende online agora! \u2713 Pre\u00e7o fixo\" class=\"pretty-link-keyword\"rel=\"\">Aplicativo<\/a> Loja e na Web.<\/p>\n<h4>Aplicativos prontos (restyling) vs. aplicativo personalizado (personalizado)<\/h4>\n<p><strong>Aplicativos prontos (seus pr\u00f3prios, de forma barata e r\u00e1pida <a href=\"https:\/\/www.ecrivus-multimedia.nl\/go\/app-vertalen\/\" title=\"Traduzir aplicativo? \u2713 Android\u00ae \u2713 iOs\u00ae \u2713 Web \u2713 Encomende online agora! \u2713 Pre\u00e7o fixo\" class=\"pretty-link-keyword\"rel=\"\">aplicativo<\/a> publicar)<\/strong><\/p>\n<div class=\"su-quote su-quote-style-default su-quote-has-cite\"><div class=\"su-quote-inner su-u-clearfix su-u-trim\">J\u00e1 que estamos com nossos <a href=\"https:\/\/www.ecrivus-multimedia.nl\/go\/app-vertalen\/\" title=\"Traduzir aplicativo? \u2713 Android\u00ae \u2713 iOs\u00ae \u2713 Web \u2713 Encomende online agora! \u2713 Pre\u00e7o fixo\" class=\"pretty-link-keyword\"rel=\"\">Aplicativo<\/a> Os desenvolvedores j\u00e1 desenvolveram esses aplicativos, portanto n\u00e3o precisamos cobrar nenhum custo para reprogram\u00e1-los, codific\u00e1-los e projet\u00e1-los <a href=\"https:\/\/www.ecrivus-multimedia.nl\/go\/app-vertalen\/\" title=\"Traduzir aplicativo? \u2713 Android\u00ae \u2713 iOs\u00ae \u2713 Web \u2713 Encomende online agora! \u2713 Pre\u00e7o fixo\" class=\"pretty-link-keyword\"rel=\"\">aplicativo<\/a>. Isto ir\u00e1 poupar-lhe rapidamente milhares de euros.<span class=\"su-quote-cite\">Ecrivus Multim\u00eddia<\/span><\/div><\/div>\n<p>Especialmente para clientes que desejam o seu pr\u00f3prio de forma r\u00e1pida e barata <a href=\"https:\/\/www.ecrivus-multimedia.nl\/go\/app-vertalen\/\" title=\"Traduzir aplicativo? \u2713 Android\u00ae \u2713 iOs\u00ae \u2713 Web \u2713 Encomende online agora! \u2713 Pre\u00e7o fixo\" class=\"pretty-link-keyword\"rel=\"\">aplicativo<\/a> deseja lan\u00e7ar, oferecemos uma reestiliza\u00e7\u00e3o de v\u00e1rios aplicativos prontos em diversas categorias, incluindo aplicativos de marketplace (compra e venda), aplicativos de agendamento e reservas, aplicativos de culin\u00e1ria e dieta, jogos, ferramentas, \u00e1udio e v\u00eddeo (edi\u00e7\u00e3o e renderiza\u00e7\u00e3o), e muito mais. Voc\u00ea est\u00e1 se perguntando por que podemos oferecer aplicativos t\u00e3o baratos? J\u00e1 que estamos com nossos <a href=\"https:\/\/www.ecrivus-multimedia.nl\/go\/app-vertalen\/\" title=\"Traduzir aplicativo? \u2713 Android\u00ae \u2713 iOs\u00ae \u2713 Web \u2713 Encomende online agora! \u2713 Pre\u00e7o fixo\" class=\"pretty-link-keyword\"rel=\"\">Aplicativo<\/a> Os desenvolvedores j\u00e1 desenvolveram esses aplicativos, ent\u00e3o n\u00e3o precisamos <span style=\"text-decoration: underline;\">sem custos<\/span> cobrar pela reprograma\u00e7\u00e3o, codifica\u00e7\u00e3o e design do <a href=\"https:\/\/www.ecrivus-multimedia.nl\/go\/app-vertalen\/\" title=\"Traduzir aplicativo? \u2713 Android\u00ae \u2713 iOs\u00ae \u2713 Web \u2713 Encomende online agora! \u2713 Pre\u00e7o fixo\" class=\"pretty-link-keyword\"rel=\"\">aplicativo<\/a>. Isto ir\u00e1 poupar-lhe rapidamente milhares de euros. Os aplicativos prontos que vendemos em nossa loja virtual s\u00e3o aplicativos confi\u00e1veis e funcionais que foram desenvolvidos e testados por programadores profissionais e <a href=\"https:\/\/www.ecrivus-multimedia.nl\/go\/app-vertalen\/\" title=\"Traduzir aplicativo? \u2713 Android\u00ae \u2713 iOs\u00ae \u2713 Web \u2713 Encomende online agora! \u2713 Pre\u00e7o fixo\" class=\"pretty-link-keyword\"rel=\"\">aplicativo<\/a>desenvolvedores.<\/p>\n<p><strong>A personaliza\u00e7\u00e3o <a href=\"https:\/\/www.ecrivus-multimedia.nl\/go\/app-vertalen\/\" title=\"Traduzir aplicativo? \u2713 Android\u00ae \u2713 iOs\u00ae \u2713 Web \u2713 Encomende online agora! \u2713 Pre\u00e7o fixo\" class=\"pretty-link-keyword\"rel=\"\">aplicativo<\/a> (personalizado)<br \/>\n<\/strong><\/p>\n<p>No desenvolvimento de aplicativos <em>do princ\u00edpio<\/em> que atendem aos seus pr\u00f3prios desejos em termos de design e funcionalidade, exigem muita customiza\u00e7\u00e3o. \u00c9 por isso que os custos de cria\u00e7\u00e3o de aplicativos personalizados podem ser altos. Esses tipos de aplicativos geralmente s\u00e3o desenvolvidos especialmente para empresas espec\u00edficas <a href=\"https:\/\/www.ecrivus-multimedia.nl\/go\/app-vertalen\/\" title=\"Traduzir aplicativo? \u2713 Android\u00ae \u2713 iOs\u00ae \u2713 Web \u2713 Encomende online agora! \u2713 Pre\u00e7o fixo\" class=\"pretty-link-keyword\"rel=\"\">aplicativo<\/a>fun\u00e7\u00f5es, mas tamb\u00e9m para institui\u00e7\u00f5es e ag\u00eancias governamentais, como bancos, companhias de seguros e seguradoras de sa\u00fade. A Ecrivus Multimedia, parte da Ecrivus International, \u00e9 um reconhecido parceiro de desenvolvimento de aplica\u00e7\u00f5es (m\u00f3veis). Interessado em uma solu\u00e7\u00e3o personalizada <a href=\"https:\/\/www.ecrivus-multimedia.nl\/go\/app-vertalen\/\" title=\"Traduzir aplicativo? \u2713 Android\u00ae \u2713 iOs\u00ae \u2713 Web \u2713 Encomende online agora! \u2713 Pre\u00e7o fixo\" class=\"pretty-link-keyword\"rel=\"\">aplicativo<\/a>? Entre em contato conosco para um or\u00e7amento gratuito.<\/p>\n<h4>Fa\u00e7a um aplicativo barato<\/h4>\n<p>Barato <a href=\"https:\/\/nl.wikipedia.org\/wiki\/Mobiele_app\" target=\"_blank\" rel=\"noopener noreferrer\">desenvolver aplicativo<\/a> com baixo custo? E comece imediatamente a ganhar dinheiro online por conta pr\u00f3pria <a href=\"https:\/\/www.ecrivus-multimedia.nl\/go\/app-vertalen\/\" title=\"Traduzir aplicativo? \u2713 Android\u00ae \u2713 iOs\u00ae \u2713 Web \u2713 Encomende online agora! \u2713 Pre\u00e7o fixo\" class=\"pretty-link-keyword\"rel=\"\">aplicativo<\/a>? Ent\u00e3o um investimento em um j\u00e1 pronto <a href=\"https:\/\/www.ecrivus-multimedia.nl\/go\/app-vertalen\/\" title=\"Traduzir aplicativo? \u2713 Android\u00ae \u2713 iOs\u00ae \u2713 Web \u2713 Encomende online agora! \u2713 Pre\u00e7o fixo\" class=\"pretty-link-keyword\"rel=\"\">aplicativo<\/a> (reestiliza\u00e7\u00e3o) a melhor escolha.<\/p>\n<p><strong>Vantagens:<\/strong><\/p>\n<ul>\n<li>Custos baixos<\/li>\n<li>Pre\u00e7o tudo-em-um<\/li>\n<li>N\u00e3o \u00e9 necess\u00e1rio conhecimento de programa\u00e7\u00e3o<\/li>\n<li>Sem custos de desenvolvimento caros<\/li>\n<li>Sem custos de design caros<\/li>\n<li>Lan\u00e7ar suporte na Google Play Store, Apple <a href=\"https:\/\/www.ecrivus-multimedia.nl\/go\/app-vertalen\/\" title=\"Traduzir aplicativo? \u2713 Android\u00ae \u2713 iOs\u00ae \u2713 Web \u2713 Encomende online agora! \u2713 Pre\u00e7o fixo\" class=\"pretty-link-keyword\"rel=\"\">Aplicativo<\/a> Loja ou na Web<\/li>\n<li>Logotipo\/marca pr\u00f3pria<\/li>\n<\/ul>\n<p>Esta f\u00f3rmula \u00fanica torna o gerenciamento do seu pr\u00f3prio <a href=\"https:\/\/www.ecrivus-multimedia.nl\/go\/app-vertalen\/\" title=\"Traduzir aplicativo? \u2713 Android\u00ae \u2713 iOs\u00ae \u2713 Web \u2713 Encomende online agora! \u2713 Pre\u00e7o fixo\" class=\"pretty-link-keyword\"rel=\"\">aplicativo<\/a> Para todos acess\u00edveis.<\/p>\n<p><strong>Interessado ou d\u00favidas?<\/strong><\/p>\n<p>Tome hoje <a href=\"https:\/\/www.ecrivus-multimedia.nl\/pt\/contato\/\">Contato<\/a> met ons op! Wij zijn bereikbaar via <a href=\"https:\/\/www.ecrivus-multimedia.nl\/go\/chat\/\" title=\"go\/chat\" class=\"pretty-link-keyword\"rel=\"\">Live Chat<\/a>, telefoon en e-mail. Direct aan de slag? Bestel uw <a href=\"https:\/\/www.ecrivus-multimedia.nl\/go\/app-vertalen\/\" title=\"Traduzir aplicativo? \u2713 Android\u00ae \u2713 iOs\u00ae \u2713 Web \u2713 Encomende online agora! \u2713 Pre\u00e7o fixo\" class=\"pretty-link-keyword\"rel=\"\">aplicativo<\/a> depois, atrav\u00e9s da nossa loja online \u2013 o seu ser\u00e1 entregue dentro de 7 a 10 dias \u00fateis <a href=\"https:\/\/www.ecrivus-multimedia.nl\/go\/app-vertalen\/\" title=\"Traduzir aplicativo? \u2713 Android\u00ae \u2713 iOs\u00ae \u2713 Web \u2713 Encomende online agora! \u2713 Pre\u00e7o fixo\" class=\"pretty-link-keyword\"rel=\"\">aplicativo<\/a> pronto para lan\u00e7amento!<\/p>\n<p>&nbsp;<\/p>\n<p>&nbsp;<\/p>\n<p>&nbsp;<\/p>","protected":false},"excerpt":{"rendered":"<p>Quer desenvolver um aplicativo de compras\/marketplace? Encomende seu novo aplicativo de mercado hoje. Ganhar dinheiro com seu pr\u00f3prio aplicativo nunca foi t\u00e3o f\u00e1cil. Seu pr\u00f3prio aplicativo, totalmente remodelado de acordo com seus desejos.<\/p>","protected":false},"featured_media":132692,"comment_status":"open","ping_status":"closed","template":"","meta":{"_acf_changed":false,"_glsr_average":0,"_glsr_ranking":0,"_glsr_reviews":0,"_joinchat":[]},"product_brand":[],"product_cat":[15288],"product_tag":[],"class_list":{"0":"post-42545","1":"product","2":"type-product","3":"status-publish","4":"has-post-thumbnail","6":"product_cat-web-app-ontwikkeling","8":"first","9":"instock","10":"sold-individually","11":"taxable","12":"shipping-taxable","13":"purchasable","14":"product-type-variable"},"acf":[],"yoast_head":"<!-- This site is optimized with the Yoast SEO plugin v27.4 - https:\/\/yoast.com\/product\/yoast-seo-wordpress\/ -->\n<title>Online geld verdienen? Eigen marktplaats app kopen? \u2713 Vaste prijs: \u20ac499<\/title>\n<meta name=\"description\" content=\"Goedkoop uw eigen marktplaats-app kopen en ontwikkelen? Kant-en-klare apps tegen vaste lage prijzen \u2713 \u20ac499,- \u2713 Uw eigen app online in 1 week \u2713 Eigen logo\" \/>\n<meta name=\"robots\" content=\"index, follow, max-snippet:-1, max-image-preview:large, max-video-preview:-1\" \/>\n<link rel=\"canonical\" href=\"https:\/\/www.ecrivus-multimedia.nl\/pt\/produtos\/aplicativo-de-mercado-de-compras-comprar\/\" \/>\n<meta property=\"og:locale\" content=\"pt_PT\" \/>\n<meta property=\"og:type\" content=\"article\" \/>\n<meta property=\"og:title\" content=\"Online geld verdienen? Eigen marktplaats app kopen? \u2713 Vaste prijs: \u20ac499\" \/>\n<meta property=\"og:description\" content=\"Goedkoop uw eigen marktplaats-app kopen en ontwikkelen? Kant-en-klare apps tegen vaste lage prijzen \u2713 \u20ac499,- \u2713 Uw eigen app online in 1 week \u2713 Eigen logo\" \/>\n<meta property=\"og:url\" content=\"https:\/\/www.ecrivus-multimedia.nl\/pt\/produtos\/aplicativo-de-mercado-de-compras-comprar\/\" \/>\n<meta property=\"og:site_name\" content=\"Ecrivus International Webshop\" \/>\n<meta property=\"article:publisher\" content=\"https:\/\/www.facebook.com\/Ecrivus-International-676624782512639\/\" \/>\n<meta property=\"article:modified_time\" content=\"2026-04-13T07:24:21+00:00\" \/>\n<meta property=\"og:image\" content=\"https:\/\/www.ecrivus-multimedia.nl\/wp-content\/uploads\/2019\/05\/2150169853.webp\" \/>\n\t<meta property=\"og:image:width\" content=\"1000\" \/>\n\t<meta property=\"og:image:height\" content=\"665\" \/>\n\t<meta property=\"og:image:type\" content=\"image\/webp\" \/>\n<meta name=\"twitter:card\" content=\"summary_large_image\" \/>\n<meta name=\"twitter:site\" content=\"@ecrivusint\" \/>\n<meta name=\"twitter:label1\" content=\"Tempo estimado de leitura\" \/>\n\t<meta name=\"twitter:data1\" content=\"3 minutos\" \/>\n<script type=\"application\/ld+json\" class=\"yoast-schema-graph\">{\"@context\":\"https:\\\/\\\/schema.org\",\"@graph\":[{\"@type\":\"WebPage\",\"@id\":\"https:\\\/\\\/www.ecrivus-multimedia.nl\\\/product\\\/shopping-marktplaats-app-kopen\\\/\",\"url\":\"https:\\\/\\\/www.ecrivus-multimedia.nl\\\/product\\\/shopping-marktplaats-app-kopen\\\/\",\"name\":\"Online geld verdienen? Eigen marktplaats app kopen? \u2713 Vaste prijs: \u20ac499\",\"isPartOf\":{\"@id\":\"https:\\\/\\\/www.ecrivus-multimedia.nl\\\/#website\"},\"primaryImageOfPage\":{\"@id\":\"https:\\\/\\\/www.ecrivus-multimedia.nl\\\/product\\\/shopping-marktplaats-app-kopen\\\/#primaryimage\"},\"image\":{\"@id\":\"https:\\\/\\\/www.ecrivus-multimedia.nl\\\/product\\\/shopping-marktplaats-app-kopen\\\/#primaryimage\"},\"thumbnailUrl\":\"https:\\\/\\\/www.ecrivus-multimedia.nl\\\/wp-content\\\/uploads\\\/2019\\\/05\\\/2150169853.webp\",\"datePublished\":\"2019-05-28T10:43:07+00:00\",\"dateModified\":\"2026-04-13T07:24:21+00:00\",\"description\":\"Goedkoop uw eigen marktplaats-app kopen en ontwikkelen? Kant-en-klare apps tegen vaste lage prijzen \u2713 \u20ac499,- \u2713 Uw eigen app online in 1 week \u2713 Eigen logo\",\"breadcrumb\":{\"@id\":\"https:\\\/\\\/www.ecrivus-multimedia.nl\\\/product\\\/shopping-marktplaats-app-kopen\\\/#breadcrumb\"},\"inLanguage\":\"pt-PT\",\"potentialAction\":[{\"@type\":\"ReadAction\",\"target\":[\"https:\\\/\\\/www.ecrivus-multimedia.nl\\\/product\\\/shopping-marktplaats-app-kopen\\\/\"]}]},{\"@type\":\"ImageObject\",\"inLanguage\":\"pt-PT\",\"@id\":\"https:\\\/\\\/www.ecrivus-multimedia.nl\\\/product\\\/shopping-marktplaats-app-kopen\\\/#primaryimage\",\"url\":\"https:\\\/\\\/www.ecrivus-multimedia.nl\\\/wp-content\\\/uploads\\\/2019\\\/05\\\/2150169853.webp\",\"contentUrl\":\"https:\\\/\\\/www.ecrivus-multimedia.nl\\\/wp-content\\\/uploads\\\/2019\\\/05\\\/2150169853.webp\",\"width\":1000,\"height\":665},{\"@type\":\"BreadcrumbList\",\"@id\":\"https:\\\/\\\/www.ecrivus-multimedia.nl\\\/product\\\/shopping-marktplaats-app-kopen\\\/#breadcrumb\",\"itemListElement\":[{\"@type\":\"ListItem\",\"position\":1,\"name\":\"Home\",\"item\":\"https:\\\/\\\/www.ecrivus-multimedia.nl\\\/\"},{\"@type\":\"ListItem\",\"position\":2,\"name\":\"Shop\",\"item\":\"https:\\\/\\\/www.ecrivus-multimedia.nl\\\/shop\\\/\"},{\"@type\":\"ListItem\",\"position\":3,\"name\":\"Shopping\\\/Marktplaats App kopen\"}]},{\"@type\":\"WebSite\",\"@id\":\"https:\\\/\\\/www.ecrivus-multimedia.nl\\\/#website\",\"url\":\"https:\\\/\\\/www.ecrivus-multimedia.nl\\\/\",\"name\":\"Ecrivus International Webshop\",\"description\":\"Erkende webshop voor be\u00ebdigde vertalingen.\",\"publisher\":{\"@id\":\"https:\\\/\\\/www.ecrivus-multimedia.nl\\\/#organization\"},\"potentialAction\":[{\"@type\":\"SearchAction\",\"target\":{\"@type\":\"EntryPoint\",\"urlTemplate\":\"https:\\\/\\\/www.ecrivus-multimedia.nl\\\/?s={search_term_string}\"},\"query-input\":{\"@type\":\"PropertyValueSpecification\",\"valueRequired\":true,\"valueName\":\"search_term_string\"}}],\"inLanguage\":\"pt-PT\"},{\"@type\":\"Organization\",\"@id\":\"https:\\\/\\\/www.ecrivus-multimedia.nl\\\/#organization\",\"name\":\"Ecrivus International\",\"url\":\"https:\\\/\\\/www.ecrivus-multimedia.nl\\\/\",\"logo\":{\"@type\":\"ImageObject\",\"inLanguage\":\"pt-PT\",\"@id\":\"https:\\\/\\\/www.ecrivus-multimedia.nl\\\/#\\\/schema\\\/logo\\\/image\\\/\",\"url\":\"https:\\\/\\\/www.ecrivus-multimedia.nl\\\/wp-content\\\/uploads\\\/2022\\\/01\\\/cropped-small-Logo-Ecrivus-Vector-Transparent2.png\",\"contentUrl\":\"https:\\\/\\\/www.ecrivus-multimedia.nl\\\/wp-content\\\/uploads\\\/2022\\\/01\\\/cropped-small-Logo-Ecrivus-Vector-Transparent2.png\",\"width\":512,\"height\":512,\"caption\":\"Ecrivus International\"},\"image\":{\"@id\":\"https:\\\/\\\/www.ecrivus-multimedia.nl\\\/#\\\/schema\\\/logo\\\/image\\\/\"},\"sameAs\":[\"https:\\\/\\\/www.facebook.com\\\/Ecrivus-International-676624782512639\\\/\",\"https:\\\/\\\/x.com\\\/ecrivusint\"]}]}<\/script>\n<!-- \/ Yoast SEO plugin. -->","yoast_head_json":{"title":"Online geld verdienen? Eigen marktplaats app kopen? \u2713 Vaste prijs: \u20ac499","description":"Goedkoop uw eigen marktplaats-app kopen en ontwikkelen? Kant-en-klare apps tegen vaste lage prijzen \u2713 \u20ac499,- \u2713 Uw eigen app online in 1 week \u2713 Eigen logo","robots":{"index":"index","follow":"follow","max-snippet":"max-snippet:-1","max-image-preview":"max-image-preview:large","max-video-preview":"max-video-preview:-1"},"canonical":"https:\/\/www.ecrivus-multimedia.nl\/pt\/produtos\/aplicativo-de-mercado-de-compras-comprar\/","og_locale":"pt_PT","og_type":"article","og_title":"Online geld verdienen? Eigen marktplaats app kopen? \u2713 Vaste prijs: \u20ac499","og_description":"Goedkoop uw eigen marktplaats-app kopen en ontwikkelen? Kant-en-klare apps tegen vaste lage prijzen \u2713 \u20ac499,- \u2713 Uw eigen app online in 1 week \u2713 Eigen logo","og_url":"https:\/\/www.ecrivus-multimedia.nl\/pt\/produtos\/aplicativo-de-mercado-de-compras-comprar\/","og_site_name":"Ecrivus International Webshop","article_publisher":"https:\/\/www.facebook.com\/Ecrivus-International-676624782512639\/","article_modified_time":"2026-04-13T07:24:21+00:00","og_image":[{"width":1000,"height":665,"url":"https:\/\/www.ecrivus-multimedia.nl\/wp-content\/uploads\/2019\/05\/2150169853.webp","type":"image\/webp"}],"twitter_card":"summary_large_image","twitter_site":"@ecrivusint","twitter_misc":{"Tempo estimado de leitura":"3 minutos"},"schema":{"@context":"https:\/\/schema.org","@graph":[{"@type":"WebPage","@id":"https:\/\/www.ecrivus-multimedia.nl\/product\/shopping-marktplaats-app-kopen\/","url":"https:\/\/www.ecrivus-multimedia.nl\/product\/shopping-marktplaats-app-kopen\/","name":"Online geld verdienen? Eigen marktplaats app kopen? \u2713 Vaste prijs: \u20ac499","isPartOf":{"@id":"https:\/\/www.ecrivus-multimedia.nl\/#website"},"primaryImageOfPage":{"@id":"https:\/\/www.ecrivus-multimedia.nl\/product\/shopping-marktplaats-app-kopen\/#primaryimage"},"image":{"@id":"https:\/\/www.ecrivus-multimedia.nl\/product\/shopping-marktplaats-app-kopen\/#primaryimage"},"thumbnailUrl":"https:\/\/www.ecrivus-multimedia.nl\/wp-content\/uploads\/2019\/05\/2150169853.webp","datePublished":"2019-05-28T10:43:07+00:00","dateModified":"2026-04-13T07:24:21+00:00","description":"Goedkoop uw eigen marktplaats-app kopen en ontwikkelen? Kant-en-klare apps tegen vaste lage prijzen \u2713 \u20ac499,- \u2713 Uw eigen app online in 1 week \u2713 Eigen logo","breadcrumb":{"@id":"https:\/\/www.ecrivus-multimedia.nl\/product\/shopping-marktplaats-app-kopen\/#breadcrumb"},"inLanguage":"pt-PT","potentialAction":[{"@type":"ReadAction","target":["https:\/\/www.ecrivus-multimedia.nl\/product\/shopping-marktplaats-app-kopen\/"]}]},{"@type":"ImageObject","inLanguage":"pt-PT","@id":"https:\/\/www.ecrivus-multimedia.nl\/product\/shopping-marktplaats-app-kopen\/#primaryimage","url":"https:\/\/www.ecrivus-multimedia.nl\/wp-content\/uploads\/2019\/05\/2150169853.webp","contentUrl":"https:\/\/www.ecrivus-multimedia.nl\/wp-content\/uploads\/2019\/05\/2150169853.webp","width":1000,"height":665},{"@type":"BreadcrumbList","@id":"https:\/\/www.ecrivus-multimedia.nl\/product\/shopping-marktplaats-app-kopen\/#breadcrumb","itemListElement":[{"@type":"ListItem","position":1,"name":"Home","item":"https:\/\/www.ecrivus-multimedia.nl\/"},{"@type":"ListItem","position":2,"name":"Shop","item":"https:\/\/www.ecrivus-multimedia.nl\/shop\/"},{"@type":"ListItem","position":3,"name":"Shopping\/Marktplaats App kopen"}]},{"@type":"WebSite","@id":"https:\/\/www.ecrivus-multimedia.nl\/#website","url":"https:\/\/www.ecrivus-multimedia.nl\/","name":"Ecrivus International Webshop","description":"Erkende webshop voor be\u00ebdigde vertalingen.","publisher":{"@id":"https:\/\/www.ecrivus-multimedia.nl\/#organization"},"potentialAction":[{"@type":"SearchAction","target":{"@type":"EntryPoint","urlTemplate":"https:\/\/www.ecrivus-multimedia.nl\/?s={search_term_string}"},"query-input":{"@type":"PropertyValueSpecification","valueRequired":true,"valueName":"search_term_string"}}],"inLanguage":"pt-PT"},{"@type":"Organization","@id":"https:\/\/www.ecrivus-multimedia.nl\/#organization","name":"Ecrivus International","url":"https:\/\/www.ecrivus-multimedia.nl\/","logo":{"@type":"ImageObject","inLanguage":"pt-PT","@id":"https:\/\/www.ecrivus-multimedia.nl\/#\/schema\/logo\/image\/","url":"https:\/\/www.ecrivus-multimedia.nl\/wp-content\/uploads\/2022\/01\/cropped-small-Logo-Ecrivus-Vector-Transparent2.png","contentUrl":"https:\/\/www.ecrivus-multimedia.nl\/wp-content\/uploads\/2022\/01\/cropped-small-Logo-Ecrivus-Vector-Transparent2.png","width":512,"height":512,"caption":"Ecrivus International"},"image":{"@id":"https:\/\/www.ecrivus-multimedia.nl\/#\/schema\/logo\/image\/"},"sameAs":["https:\/\/www.facebook.com\/Ecrivus-International-676624782512639\/","https:\/\/x.com\/ecrivusint"]}]}},"_links":{"self":[{"href":"https:\/\/www.ecrivus-multimedia.nl\/pt\/wp-json\/wp\/v2\/product\/42545","targetHints":{"allow":["GET"]}}],"collection":[{"href":"https:\/\/www.ecrivus-multimedia.nl\/pt\/wp-json\/wp\/v2\/product"}],"about":[{"href":"https:\/\/www.ecrivus-multimedia.nl\/pt\/wp-json\/wp\/v2\/types\/product"}],"replies":[{"embeddable":true,"href":"https:\/\/www.ecrivus-multimedia.nl\/pt\/wp-json\/wp\/v2\/comments?post=42545"}],"wp:featuredmedia":[{"embeddable":true,"href":"https:\/\/www.ecrivus-multimedia.nl\/pt\/wp-json\/wp\/v2\/media\/132692"}],"wp:attachment":[{"href":"https:\/\/www.ecrivus-multimedia.nl\/pt\/wp-json\/wp\/v2\/media?parent=42545"}],"wp:term":[{"taxonomy":"product_brand","embeddable":true,"href":"https:\/\/www.ecrivus-multimedia.nl\/pt\/wp-json\/wp\/v2\/product_brand?post=42545"},{"taxonomy":"product_cat","embeddable":true,"href":"https:\/\/www.ecrivus-multimedia.nl\/pt\/wp-json\/wp\/v2\/product_cat?post=42545"},{"taxonomy":"product_tag","embeddable":true,"href":"https:\/\/www.ecrivus-multimedia.nl\/pt\/wp-json\/wp\/v2\/product_tag?post=42545"}],"curies":[{"name":"wp","href":"https:\/\/api.w.org\/{rel}","templated":true}]}}