{"id":42956,"date":"2019-07-11T20:31:53","date_gmt":"2019-07-11T18:31:53","guid":{"rendered":"https:\/\/www.ecrivus-multimedia.nl\/?post_type=product&#038;p=42956"},"modified":"2026-04-13T09:04:12","modified_gmt":"2026-04-13T07:04:12","slug":"bankafschrift-vertalen-beedigd","status":"publish","type":"product","link":"https:\/\/www.ecrivus-multimedia.nl\/pt\/produtos\/traducao-de-extrato-bancario-juramentada\/","title":{"rendered":"Traduzir extrato banc\u00e1rio (juramentado)"},"content":{"rendered":"<p><strong><a href=\"https:\/\/www.ecrivus-multimedia.nl\/go\/bankafschrift-vertalen-beedigd\/\" title=\"Quer traduzir um extrato banc\u00e1rio juramentado? Encomende atrav\u00e9s da nossa loja online!\" class=\"pretty-link-keyword\"rel=\"\">extrato banc\u00e1rio<\/a> (<a href=\"https:\/\/www.ecrivus-multimedia.nl\/go\/be\u00ebdigde-vertaling\/\" title=\"Tradu\u00e7\u00f5es juramentadas Arquivos | Loja virtual internacional Ecrivus\" class=\"pretty-link-keyword\"rel=\"\">tradu\u00e7\u00e3o juramentada<\/a> com carimbo)<\/strong><\/p>\n<p>O <a href=\"https:\/\/www.ecrivus-multimedia.nl\/go\/be\u00ebdigde-vertaling\/\" title=\"Tradu\u00e7\u00f5es juramentadas Arquivos | Loja virtual internacional Ecrivus\" class=\"pretty-link-keyword\"rel=\"\">tradu\u00e7\u00e3o juramentada<\/a> do seu <a href=\"https:\/\/www.ecrivus-multimedia.nl\/go\/bankafschrift-vertalen-beedigd\/\" title=\"Quer traduzir um extrato banc\u00e1rio juramentado? Encomende atrav\u00e9s da nossa loja online!\" class=\"pretty-link-keyword\"rel=\"\">extrato banc\u00e1rio<\/a> agora pode ser facilmente encomendado online.<\/p>\n<p>Diversos (<a href=\"https:\/\/www.ecrivus-multimedia.nl\/go\/financi\u00eble-vertalingen\/\" title=\"Tradu\u00e7\u00f5es financeiras\" class=\"pretty-link-keyword\"rel=\"\">financeiro<\/a>) ag\u00eancias e empresas podem solicitar um <a href=\"https:\/\/www.ecrivus-multimedia.nl\/go\/be\u00ebdigde-vertaling\/\" title=\"Tradu\u00e7\u00f5es juramentadas Arquivos | Loja virtual internacional Ecrivus\" class=\"pretty-link-keyword\"rel=\"\">tradu\u00e7\u00e3o juramentada<\/a> do seu <a href=\"https:\/\/www.ecrivus-multimedia.nl\/go\/bankafschrift-vertalen-beedigd\/\" title=\"Quer traduzir um extrato banc\u00e1rio juramentado? Encomende atrav\u00e9s da nossa loja online!\" class=\"pretty-link-keyword\"rel=\"\">extrato banc\u00e1rio<\/a> por exemplo, para verificar seu endere\u00e7o residencial ou comercial. A <a href=\"https:\/\/www.ecrivus-multimedia.nl\/go\/be\u00ebdigde-vertaling\/\" title=\"Tradu\u00e7\u00f5es juramentadas Arquivos | Loja virtual internacional Ecrivus\" class=\"pretty-link-keyword\"rel=\"\">tradu\u00e7\u00e3o juramentada<\/a> do seu <a href=\"https:\/\/www.ecrivus-multimedia.nl\/go\/bankafschrift-vertalen-beedigd\/\" title=\"Quer traduzir um extrato banc\u00e1rio juramentado? Encomende atrav\u00e9s da nossa loja online!\" class=\"pretty-link-keyword\"rel=\"\">extrato banc\u00e1rio<\/a> tamb\u00e9m \u00e9 necess\u00e1rio se voc\u00ea estiver <a href=\"https:\/\/www.ecrivus-multimedia.nl\/pt\/traducao-juramentada-para-conta-de-vendedor-amazon-holanda\/\" target=\"_blank\" rel=\"noopener noreferrer\"><strong>deseja se registrar como vendedor na Amazon Holanda <\/strong><\/a>(Um <a href=\"https:\/\/www.ecrivus-multimedia.nl\/go\/beedigde-vertaling-voor-amazon-seller-account-nederland\/\" title=\"Precisa de uma tradu\u00e7\u00e3o juramentada para uma conta de vendedor da Amazon? Extrato banc\u00e1rio + ID\" class=\"pretty-link-keyword\"rel=\"\">Vendedor Amazon<\/a> Conta Central). A Ecrivus International emprega apenas tradutores certificados e juramentados com vasta experi\u00eancia em tradu\u00e7\u00e3o <a href=\"https:\/\/www.ecrivus-multimedia.nl\/go\/bankafschrift-vertalen-beedigd\/\" title=\"Quer traduzir um extrato banc\u00e1rio juramentado? Encomende atrav\u00e9s da nossa loja online!\" class=\"pretty-link-keyword\"rel=\"\">extratos banc\u00e1rios<\/a>. Isso significa que voc\u00ea pode ter certeza de que seu <a href=\"https:\/\/www.ecrivus-multimedia.nl\/go\/bankafschrift-vertalen-beedigd\/\" title=\"Quer traduzir um extrato banc\u00e1rio juramentado? Encomende atrav\u00e9s da nossa loja online!\" class=\"pretty-link-keyword\"rel=\"\">extrato banc\u00e1rio<\/a> \u00e9 traduzido com precis\u00e3o para o idioma desejado.<\/p>\n<p><strong>O <a href=\"https:\/\/www.ecrivus-multimedia.nl\/go\/be\u00ebdigde-vertaling\/\" title=\"Tradu\u00e7\u00f5es juramentadas Arquivos | Loja virtual internacional Ecrivus\" class=\"pretty-link-keyword\"rel=\"\">tradu\u00e7\u00e3o juramentada<\/a> do seu <a href=\"https:\/\/www.ecrivus-multimedia.nl\/go\/bankafschrift-vertalen-beedigd\/\" title=\"Quer traduzir um extrato banc\u00e1rio juramentado? Encomende atrav\u00e9s da nossa loja online!\" class=\"pretty-link-keyword\"rel=\"\">extrato banc\u00e1rio<\/a> est\u00e1 em boas m\u00e3os conosco:<\/strong><\/p>\n<ul>\n<li>Tradu\u00e7\u00e3o juramentada, experiente e especializada <a href=\"http:\/\/www.ecrivus.nl\/juridische-vertalingen\/\">tradutor jur\u00eddico<\/a><\/li>\n<li>Inclusivo <a href=\"http:\/\/www.ecrivus.nl\/proeflezen\/\">revis\u00e3o<\/a><\/li>\n<li>Inclusivo <a href=\"http:\/\/www.ecrivus.nl\/qa-kwaliteitscontroles\/\">controles de qualidade<\/a><\/li>\n<li>Pre\u00e7os competitivos<\/li>\n<li>Entrega r\u00e1pida<\/li>\n<li>Escolha entre <a href=\"http:\/\/www.ecrivus.nl\/talen\/\">centenas de combina\u00e7\u00f5es de idiomas<\/a><\/li>\n<li>Entrega urgente poss\u00edvel<\/li>\n<li>Suporta v\u00e1rios formatos de arquivo, incluindo PDF<\/li>\n<li>Frete sempre registrado <a href=\"https:\/\/www.ecrivus-multimedia.nl\/go\/be\u00ebdigde-vertaling\/\" title=\"Tradu\u00e7\u00f5es juramentadas Arquivos | Loja virtual internacional Ecrivus\" class=\"pretty-link-keyword\"rel=\"\">tradu\u00e7\u00e3o juramentada<\/a> com rastreamento e rastreamento<\/li>\n<li>Possibilidade de ter o seu documento fornecido com um <a href=\"https:\/\/www.ecrivus-multimedia.nl\/go\/apostilles-legalisatie-landenoverzicht\/\" title=\"Apostilas (legaliza\u00e7\u00e3o) - vis\u00e3o geral do pa\u00eds\" class=\"pretty-link-keyword\"rel=\"\">apostila<\/a> ou <a href=\"https:\/\/www.ecrivus-multimedia.nl\/go\/apostilles-legalisatie-landenoverzicht\/\" title=\"Apostilas (legaliza\u00e7\u00e3o) - vis\u00e3o geral do pa\u00eds\" class=\"pretty-link-keyword\"rel=\"\">legaliza\u00e7\u00e3o<\/a> (legalizar)<\/li>\n<li><strong>Tamb\u00e9m adequado para registro como vendedor <a href=\"https:\/\/www.ecrivus-multimedia.nl\/go\/beedigde-vertaling-voor-amazon-seller-account-nederland\/\" title=\"Precisa de uma tradu\u00e7\u00e3o juramentada para uma conta de vendedor da Amazon? Extrato banc\u00e1rio + ID\" class=\"pretty-link-keyword\"rel=\"\">Vendedor Amazon<\/a> Central<\/strong><\/li>\n<\/ul>\n<p><strong>Duas dicas \u00fateis para isso <a href=\"https:\/\/www.ecrivus-multimedia.nl\/go\/be\u00ebdigde-vertaling\/\" title=\"Tradu\u00e7\u00f5es juramentadas Arquivos | Loja virtual internacional Ecrivus\" class=\"pretty-link-keyword\"rel=\"\">tradu\u00e7\u00f5es juramentadas<\/a> de extratos de conta, <a href=\"https:\/\/www.ecrivus-multimedia.nl\/go\/bankafschrift-vertalen-beedigd\/\" title=\"Quer traduzir um extrato banc\u00e1rio juramentado? Encomende atrav\u00e9s da nossa loja online!\" class=\"pretty-link-keyword\"rel=\"\">extratos banc\u00e1rios<\/a>, cr\u00e9ditos e d\u00e9bitos e transa\u00e7\u00f5es com cart\u00e3o de cr\u00e9dito se voc\u00ea deseja se registrar como vendedor no <a href=\"https:\/\/www.ecrivus-multimedia.nl\/go\/beedigde-vertaling-voor-amazon-seller-account-nederland\/\" title=\"Precisa de uma tradu\u00e7\u00e3o juramentada para uma conta de vendedor da Amazon? Extrato banc\u00e1rio + ID\" class=\"pretty-link-keyword\"rel=\"\">Amazonas<\/a>:<\/strong><br \/>\n\u2013 enviar a c\u00f3pia digital que deseja ter tradu\u00e7\u00e3o juramentada <span style=\"text-decoration: underline;\">cor<\/span> a ser-nos entregue em PDF (pode carregar o documento durante a encomenda na p\u00e1gina de &#039;checkout&#039;)<br \/>\n\u2013 os dados de nome e endere\u00e7o e o nome da empresa no extrato devem corresponder exatamente aos dados (da empresa) com os quais voc\u00ea se registrou <a href=\"https:\/\/www.ecrivus-multimedia.nl\/go\/beedigde-vertaling-voor-amazon-seller-account-nederland\/\" title=\"Precisa de uma tradu\u00e7\u00e3o juramentada para uma conta de vendedor da Amazon? Extrato banc\u00e1rio + ID\" class=\"pretty-link-keyword\"rel=\"\">Amazonas<\/a><\/p>\n<p>Para voc\u00ea <a href=\"https:\/\/www.ecrivus-multimedia.nl\/go\/bankafschrift-vertalen-beedigd\/\" title=\"Quer traduzir um extrato banc\u00e1rio juramentado? Encomende atrav\u00e9s da nossa loja online!\" class=\"pretty-link-keyword\"rel=\"\">extrato banc\u00e1rio<\/a> para traduzi-lo imediatamente, selecione o n\u00famero de p\u00e1ginas acima <a href=\"https:\/\/www.ecrivus-multimedia.nl\/go\/bankafschrift-vertalen-beedigd\/\" title=\"Quer traduzir um extrato banc\u00e1rio juramentado? Encomende atrav\u00e9s da nossa loja online!\" class=\"pretty-link-keyword\"rel=\"\">extrato banc\u00e1rio<\/a> e a combina\u00e7\u00e3o de idiomas desejada. Em seguida, clique em \u2018Adicionar ao carrinho\u2019. Voc\u00ea pode ent\u00e3o tirar uma foto\/digitalizar seu <a href=\"https:\/\/www.ecrivus-multimedia.nl\/go\/bankafschrift-vertalen-beedigd\/\" title=\"Quer traduzir um extrato banc\u00e1rio juramentado? Encomende atrav\u00e9s da nossa loja online!\" class=\"pretty-link-keyword\"rel=\"\">extrato banc\u00e1rio<\/a> carregue e adicione ao seu pedido. Oferecemos diversas op\u00e7\u00f5es de pagamento atrav\u00e9s de conex\u00f5es seguras (incluindo iDeal, transfer\u00eancia banc\u00e1ria e PayPal).<\/p>\n<p><strong>Prazo de entrega padr\u00e3o<\/strong>: 5-6 dias \u00fateis<\/p>","protected":false},"excerpt":{"rendered":"<p>Tradu\u00e7\u00e3o juramentada profissional com carimbo de tradutor juramentado. <strong>Tamb\u00e9m adequado para registrar-se como vendedor na Amazon<\/strong>.<br \/>\nSelecione a combina\u00e7\u00e3o de idiomas abaixo:<\/p>","protected":false},"featured_media":132685,"comment_status":"open","ping_status":"closed","template":"","meta":{"_acf_changed":false,"_glsr_average":0,"_glsr_ranking":0,"_glsr_reviews":0,"_joinchat":[]},"product_brand":[],"product_cat":[107,15333],"product_tag":[15398,15509,15335,642,15511,15396,15397,15510],"class_list":{"0":"post-42956","1":"product","2":"type-product","3":"status-publish","4":"has-post-thumbnail","6":"product_cat-beedigde-vertalingen","7":"product_cat-financiele-vertalingen","8":"product_tag-afschrift","9":"product_tag-amazon","10":"product_tag-bankafschrift","11":"product_tag-beedigd","12":"product_tag-jaaroverzicht","13":"product_tag-rekeningafschrift","14":"product_tag-rekeningoverzicht","15":"product_tag-transacties","17":"first","18":"instock","19":"sold-individually","20":"taxable","21":"shipping-taxable","22":"purchasable","23":"product-type-variable"},"acf":[],"yoast_head":"<!-- This site is optimized with the Yoast SEO plugin v27.4 - https:\/\/yoast.com\/product\/yoast-seo-wordpress\/ -->\n<title>Bankafschrift be\u00ebdigd vertalen? Bestel via onze webshop!<\/title>\n<meta name=\"description\" content=\"Bankafschrift be\u00ebdigd vertalen? Bestel direct online! Offici\u00eble be\u00ebdigde vertaling met stempel van uw bankafschrift. Alle talen. Binnen 3 werkdagen in huis. Veilig betalen met iDeal of PayPal. Erkend vertaalbureau.\" \/>\n<meta name=\"robots\" content=\"index, follow, max-snippet:-1, max-image-preview:large, max-video-preview:-1\" \/>\n<link rel=\"canonical\" href=\"https:\/\/www.ecrivus-multimedia.nl\/pt\/produtos\/traducao-de-extrato-bancario-juramentada\/\" \/>\n<meta property=\"og:locale\" content=\"pt_PT\" \/>\n<meta property=\"og:type\" content=\"article\" \/>\n<meta property=\"og:title\" content=\"Bankafschrift be\u00ebdigd vertalen? Bestel via onze webshop!\" \/>\n<meta property=\"og:description\" content=\"Bankafschrift be\u00ebdigd vertalen? Bestel direct online! Offici\u00eble be\u00ebdigde vertaling met stempel van uw bankafschrift. Alle talen. Binnen 3 werkdagen in huis. Veilig betalen met iDeal of PayPal. Erkend vertaalbureau.\" \/>\n<meta property=\"og:url\" content=\"https:\/\/www.ecrivus-multimedia.nl\/pt\/produtos\/traducao-de-extrato-bancario-juramentada\/\" \/>\n<meta property=\"og:site_name\" content=\"Ecrivus International Webshop\" \/>\n<meta property=\"article:publisher\" content=\"https:\/\/www.facebook.com\/Ecrivus-International-676624782512639\/\" \/>\n<meta property=\"article:modified_time\" content=\"2026-04-13T07:04:12+00:00\" \/>\n<meta property=\"og:image\" content=\"https:\/\/www.ecrivus-multimedia.nl\/wp-content\/uploads\/2017\/08\/voorbeeld-bankafschrift-large.webp\" \/>\n\t<meta property=\"og:image:width\" content=\"1146\" \/>\n\t<meta property=\"og:image:height\" content=\"800\" \/>\n\t<meta property=\"og:image:type\" content=\"image\/webp\" \/>\n<meta name=\"twitter:card\" content=\"summary_large_image\" \/>\n<meta name=\"twitter:site\" content=\"@ecrivusint\" \/>\n<meta name=\"twitter:label1\" content=\"Tempo estimado de leitura\" \/>\n\t<meta name=\"twitter:data1\" content=\"2 minutos\" \/>\n<script type=\"application\/ld+json\" class=\"yoast-schema-graph\">{\"@context\":\"https:\\\/\\\/schema.org\",\"@graph\":[{\"@type\":\"WebPage\",\"@id\":\"https:\\\/\\\/www.ecrivus-multimedia.nl\\\/product\\\/bankafschrift-vertalen-beedigd\\\/\",\"url\":\"https:\\\/\\\/www.ecrivus-multimedia.nl\\\/product\\\/bankafschrift-vertalen-beedigd\\\/\",\"name\":\"Bankafschrift be\u00ebdigd vertalen? Bestel via onze webshop!\",\"isPartOf\":{\"@id\":\"https:\\\/\\\/www.ecrivus-multimedia.nl\\\/#website\"},\"primaryImageOfPage\":{\"@id\":\"https:\\\/\\\/www.ecrivus-multimedia.nl\\\/product\\\/bankafschrift-vertalen-beedigd\\\/#primaryimage\"},\"image\":{\"@id\":\"https:\\\/\\\/www.ecrivus-multimedia.nl\\\/product\\\/bankafschrift-vertalen-beedigd\\\/#primaryimage\"},\"thumbnailUrl\":\"https:\\\/\\\/www.ecrivus-multimedia.nl\\\/wp-content\\\/uploads\\\/2017\\\/08\\\/voorbeeld-bankafschrift-large.webp\",\"datePublished\":\"2019-07-11T18:31:53+00:00\",\"dateModified\":\"2026-04-13T07:04:12+00:00\",\"description\":\"Bankafschrift be\u00ebdigd vertalen? Bestel direct online! Offici\u00eble be\u00ebdigde vertaling met stempel van uw bankafschrift. Alle talen. Binnen 3 werkdagen in huis. Veilig betalen met iDeal of PayPal. Erkend vertaalbureau.\",\"breadcrumb\":{\"@id\":\"https:\\\/\\\/www.ecrivus-multimedia.nl\\\/product\\\/bankafschrift-vertalen-beedigd\\\/#breadcrumb\"},\"inLanguage\":\"pt-PT\",\"potentialAction\":[{\"@type\":\"ReadAction\",\"target\":[\"https:\\\/\\\/www.ecrivus-multimedia.nl\\\/product\\\/bankafschrift-vertalen-beedigd\\\/\"]}]},{\"@type\":\"ImageObject\",\"inLanguage\":\"pt-PT\",\"@id\":\"https:\\\/\\\/www.ecrivus-multimedia.nl\\\/product\\\/bankafschrift-vertalen-beedigd\\\/#primaryimage\",\"url\":\"https:\\\/\\\/www.ecrivus-multimedia.nl\\\/wp-content\\\/uploads\\\/2017\\\/08\\\/voorbeeld-bankafschrift-large.webp\",\"contentUrl\":\"https:\\\/\\\/www.ecrivus-multimedia.nl\\\/wp-content\\\/uploads\\\/2017\\\/08\\\/voorbeeld-bankafschrift-large.webp\",\"width\":1146,\"height\":800},{\"@type\":\"BreadcrumbList\",\"@id\":\"https:\\\/\\\/www.ecrivus-multimedia.nl\\\/product\\\/bankafschrift-vertalen-beedigd\\\/#breadcrumb\",\"itemListElement\":[{\"@type\":\"ListItem\",\"position\":1,\"name\":\"Home\",\"item\":\"https:\\\/\\\/www.ecrivus-multimedia.nl\\\/\"},{\"@type\":\"ListItem\",\"position\":2,\"name\":\"Shop\",\"item\":\"https:\\\/\\\/www.ecrivus-multimedia.nl\\\/shop\\\/\"},{\"@type\":\"ListItem\",\"position\":3,\"name\":\"Bankafschrift vertalen (be\u00ebdigd)\"}]},{\"@type\":\"WebSite\",\"@id\":\"https:\\\/\\\/www.ecrivus-multimedia.nl\\\/#website\",\"url\":\"https:\\\/\\\/www.ecrivus-multimedia.nl\\\/\",\"name\":\"Ecrivus International Webshop\",\"description\":\"Erkende webshop voor be\u00ebdigde vertalingen.\",\"publisher\":{\"@id\":\"https:\\\/\\\/www.ecrivus-multimedia.nl\\\/#organization\"},\"potentialAction\":[{\"@type\":\"SearchAction\",\"target\":{\"@type\":\"EntryPoint\",\"urlTemplate\":\"https:\\\/\\\/www.ecrivus-multimedia.nl\\\/?s={search_term_string}\"},\"query-input\":{\"@type\":\"PropertyValueSpecification\",\"valueRequired\":true,\"valueName\":\"search_term_string\"}}],\"inLanguage\":\"pt-PT\"},{\"@type\":\"Organization\",\"@id\":\"https:\\\/\\\/www.ecrivus-multimedia.nl\\\/#organization\",\"name\":\"Ecrivus International\",\"url\":\"https:\\\/\\\/www.ecrivus-multimedia.nl\\\/\",\"logo\":{\"@type\":\"ImageObject\",\"inLanguage\":\"pt-PT\",\"@id\":\"https:\\\/\\\/www.ecrivus-multimedia.nl\\\/#\\\/schema\\\/logo\\\/image\\\/\",\"url\":\"https:\\\/\\\/www.ecrivus-multimedia.nl\\\/wp-content\\\/uploads\\\/2022\\\/01\\\/cropped-small-Logo-Ecrivus-Vector-Transparent2.png\",\"contentUrl\":\"https:\\\/\\\/www.ecrivus-multimedia.nl\\\/wp-content\\\/uploads\\\/2022\\\/01\\\/cropped-small-Logo-Ecrivus-Vector-Transparent2.png\",\"width\":512,\"height\":512,\"caption\":\"Ecrivus International\"},\"image\":{\"@id\":\"https:\\\/\\\/www.ecrivus-multimedia.nl\\\/#\\\/schema\\\/logo\\\/image\\\/\"},\"sameAs\":[\"https:\\\/\\\/www.facebook.com\\\/Ecrivus-International-676624782512639\\\/\",\"https:\\\/\\\/x.com\\\/ecrivusint\"]}]}<\/script>\n<!-- \/ Yoast SEO plugin. -->","yoast_head_json":{"title":"Bankafschrift be\u00ebdigd vertalen? Bestel via onze webshop!","description":"Bankafschrift be\u00ebdigd vertalen? Bestel direct online! Offici\u00eble be\u00ebdigde vertaling met stempel van uw bankafschrift. Alle talen. Binnen 3 werkdagen in huis. Veilig betalen met iDeal of PayPal. Erkend vertaalbureau.","robots":{"index":"index","follow":"follow","max-snippet":"max-snippet:-1","max-image-preview":"max-image-preview:large","max-video-preview":"max-video-preview:-1"},"canonical":"https:\/\/www.ecrivus-multimedia.nl\/pt\/produtos\/traducao-de-extrato-bancario-juramentada\/","og_locale":"pt_PT","og_type":"article","og_title":"Bankafschrift be\u00ebdigd vertalen? Bestel via onze webshop!","og_description":"Bankafschrift be\u00ebdigd vertalen? Bestel direct online! Offici\u00eble be\u00ebdigde vertaling met stempel van uw bankafschrift. Alle talen. Binnen 3 werkdagen in huis. Veilig betalen met iDeal of PayPal. Erkend vertaalbureau.","og_url":"https:\/\/www.ecrivus-multimedia.nl\/pt\/produtos\/traducao-de-extrato-bancario-juramentada\/","og_site_name":"Ecrivus International Webshop","article_publisher":"https:\/\/www.facebook.com\/Ecrivus-International-676624782512639\/","article_modified_time":"2026-04-13T07:04:12+00:00","og_image":[{"width":1146,"height":800,"url":"https:\/\/www.ecrivus-multimedia.nl\/wp-content\/uploads\/2017\/08\/voorbeeld-bankafschrift-large.webp","type":"image\/webp"}],"twitter_card":"summary_large_image","twitter_site":"@ecrivusint","twitter_misc":{"Tempo estimado de leitura":"2 minutos"},"schema":{"@context":"https:\/\/schema.org","@graph":[{"@type":"WebPage","@id":"https:\/\/www.ecrivus-multimedia.nl\/product\/bankafschrift-vertalen-beedigd\/","url":"https:\/\/www.ecrivus-multimedia.nl\/product\/bankafschrift-vertalen-beedigd\/","name":"Bankafschrift be\u00ebdigd vertalen? Bestel via onze webshop!","isPartOf":{"@id":"https:\/\/www.ecrivus-multimedia.nl\/#website"},"primaryImageOfPage":{"@id":"https:\/\/www.ecrivus-multimedia.nl\/product\/bankafschrift-vertalen-beedigd\/#primaryimage"},"image":{"@id":"https:\/\/www.ecrivus-multimedia.nl\/product\/bankafschrift-vertalen-beedigd\/#primaryimage"},"thumbnailUrl":"https:\/\/www.ecrivus-multimedia.nl\/wp-content\/uploads\/2017\/08\/voorbeeld-bankafschrift-large.webp","datePublished":"2019-07-11T18:31:53+00:00","dateModified":"2026-04-13T07:04:12+00:00","description":"Bankafschrift be\u00ebdigd vertalen? Bestel direct online! Offici\u00eble be\u00ebdigde vertaling met stempel van uw bankafschrift. Alle talen. Binnen 3 werkdagen in huis. Veilig betalen met iDeal of PayPal. Erkend vertaalbureau.","breadcrumb":{"@id":"https:\/\/www.ecrivus-multimedia.nl\/product\/bankafschrift-vertalen-beedigd\/#breadcrumb"},"inLanguage":"pt-PT","potentialAction":[{"@type":"ReadAction","target":["https:\/\/www.ecrivus-multimedia.nl\/product\/bankafschrift-vertalen-beedigd\/"]}]},{"@type":"ImageObject","inLanguage":"pt-PT","@id":"https:\/\/www.ecrivus-multimedia.nl\/product\/bankafschrift-vertalen-beedigd\/#primaryimage","url":"https:\/\/www.ecrivus-multimedia.nl\/wp-content\/uploads\/2017\/08\/voorbeeld-bankafschrift-large.webp","contentUrl":"https:\/\/www.ecrivus-multimedia.nl\/wp-content\/uploads\/2017\/08\/voorbeeld-bankafschrift-large.webp","width":1146,"height":800},{"@type":"BreadcrumbList","@id":"https:\/\/www.ecrivus-multimedia.nl\/product\/bankafschrift-vertalen-beedigd\/#breadcrumb","itemListElement":[{"@type":"ListItem","position":1,"name":"Home","item":"https:\/\/www.ecrivus-multimedia.nl\/"},{"@type":"ListItem","position":2,"name":"Shop","item":"https:\/\/www.ecrivus-multimedia.nl\/shop\/"},{"@type":"ListItem","position":3,"name":"Bankafschrift vertalen (be\u00ebdigd)"}]},{"@type":"WebSite","@id":"https:\/\/www.ecrivus-multimedia.nl\/#website","url":"https:\/\/www.ecrivus-multimedia.nl\/","name":"Ecrivus International Webshop","description":"Erkende webshop voor be\u00ebdigde vertalingen.","publisher":{"@id":"https:\/\/www.ecrivus-multimedia.nl\/#organization"},"potentialAction":[{"@type":"SearchAction","target":{"@type":"EntryPoint","urlTemplate":"https:\/\/www.ecrivus-multimedia.nl\/?s={search_term_string}"},"query-input":{"@type":"PropertyValueSpecification","valueRequired":true,"valueName":"search_term_string"}}],"inLanguage":"pt-PT"},{"@type":"Organization","@id":"https:\/\/www.ecrivus-multimedia.nl\/#organization","name":"Ecrivus International","url":"https:\/\/www.ecrivus-multimedia.nl\/","logo":{"@type":"ImageObject","inLanguage":"pt-PT","@id":"https:\/\/www.ecrivus-multimedia.nl\/#\/schema\/logo\/image\/","url":"https:\/\/www.ecrivus-multimedia.nl\/wp-content\/uploads\/2022\/01\/cropped-small-Logo-Ecrivus-Vector-Transparent2.png","contentUrl":"https:\/\/www.ecrivus-multimedia.nl\/wp-content\/uploads\/2022\/01\/cropped-small-Logo-Ecrivus-Vector-Transparent2.png","width":512,"height":512,"caption":"Ecrivus International"},"image":{"@id":"https:\/\/www.ecrivus-multimedia.nl\/#\/schema\/logo\/image\/"},"sameAs":["https:\/\/www.facebook.com\/Ecrivus-International-676624782512639\/","https:\/\/x.com\/ecrivusint"]}]}},"_links":{"self":[{"href":"https:\/\/www.ecrivus-multimedia.nl\/pt\/wp-json\/wp\/v2\/product\/42956","targetHints":{"allow":["GET"]}}],"collection":[{"href":"https:\/\/www.ecrivus-multimedia.nl\/pt\/wp-json\/wp\/v2\/product"}],"about":[{"href":"https:\/\/www.ecrivus-multimedia.nl\/pt\/wp-json\/wp\/v2\/types\/product"}],"replies":[{"embeddable":true,"href":"https:\/\/www.ecrivus-multimedia.nl\/pt\/wp-json\/wp\/v2\/comments?post=42956"}],"wp:featuredmedia":[{"embeddable":true,"href":"https:\/\/www.ecrivus-multimedia.nl\/pt\/wp-json\/wp\/v2\/media\/132685"}],"wp:attachment":[{"href":"https:\/\/www.ecrivus-multimedia.nl\/pt\/wp-json\/wp\/v2\/media?parent=42956"}],"wp:term":[{"taxonomy":"product_brand","embeddable":true,"href":"https:\/\/www.ecrivus-multimedia.nl\/pt\/wp-json\/wp\/v2\/product_brand?post=42956"},{"taxonomy":"product_cat","embeddable":true,"href":"https:\/\/www.ecrivus-multimedia.nl\/pt\/wp-json\/wp\/v2\/product_cat?post=42956"},{"taxonomy":"product_tag","embeddable":true,"href":"https:\/\/www.ecrivus-multimedia.nl\/pt\/wp-json\/wp\/v2\/product_tag?post=42956"}],"curies":[{"name":"wp","href":"https:\/\/api.w.org\/{rel}","templated":true}]}}