{"id":44336,"date":"2019-07-26T10:31:38","date_gmt":"2019-07-26T08:31:38","guid":{"rendered":"https:\/\/www.ecrivus-multimedia.nl\/?post_type=product&#038;p=44336"},"modified":"2026-04-13T09:23:50","modified_gmt":"2026-04-13T07:23:50","slug":"advertorial-schrijven","status":"publish","type":"product","link":"https:\/\/www.ecrivus-multimedia.nl\/pt\/produtos\/escrevendo-publicitario\/","title":{"rendered":"Escrevendo um publicit\u00e1rio"},"content":{"rendered":"<h2><strong>Escrever um publicit\u00e1rio?<\/strong><\/h2>\n<p class=\"western\">A Ecrivus International emprega redatores internos e redatores especializados em <a href=\"https:\/\/www.ecrivus.nl\/advertorial-schrijven\/\" target=\"_blank\" rel=\"noopener noreferrer\">escrever publicit\u00e1rios profissionais<\/a> em holand\u00eas impec\u00e1vel. Ideal para trazer novos produtos e servi\u00e7os ao conhecimento da m\u00eddia (inter)nacional, revistas, gerando novos leads e aumentando o conhecimento da sua marca. Um sucesso <a href=\"https:\/\/www.ecrivus-multimedia.nl\/go\/advertorial-schrijven\/\" title=\"Escrevendo um publicit\u00e1rio\" class=\"pretty-link-keyword\"rel=\"\">publicit\u00e1rio<\/a> a reda\u00e7\u00e3o geralmente pode ser conclu\u00edda para voc\u00ea em 1 a 2 dias \u00fateis.<\/p>\n<h4 class=\"western\"><strong>Escrever um publicit\u00e1rio em holand\u00eas perfeito<\/strong><\/h4>\n<p class=\"western\">J\u00e1 que o prop\u00f3sito de um <a href=\"https:\/\/www.ecrivus-multimedia.nl\/go\/advertorial-schrijven\/\" title=\"Escrevendo um publicit\u00e1rio\" class=\"pretty-link-keyword\"rel=\"\">publicit\u00e1rio<\/a> \u00e9 que seja lido pelo maior n\u00famero de pessoas poss\u00edvel, \u00e9 importante que a qualidade do texto seja excelente. 100% em ordem em termos de ortografia, gram\u00e1tica, ordem das palavras, estrutura das frases e terminologia \u00e9 o ponto de partida. Gra\u00e7as aos nossos anos de experi\u00eancia na reda\u00e7\u00e3o de publicit\u00e1rios para empresas holandesas e estrangeiras, voc\u00ea pode ter certeza de que nossos publicit\u00e1rios escritos estar\u00e3o imediatamente prontos para publica\u00e7\u00e3o.<\/p>\n<p class=\"western\"><strong>Escrevemos publicit\u00e1rios para:<\/strong><\/p>\n<ul>\n<li>\n<p class=\"western\">Iniciantes<\/p>\n<\/li>\n<li>\n<p class=\"western\">Pessoas aut\u00f4nomas<\/p>\n<\/li>\n<li>\n<p class=\"western\">PME<\/p>\n<\/li>\n<li>\n<p class=\"western\">Multinacionais<\/p>\n<\/li>\n<\/ul>\n<p class=\"western\"><strong>Os publicit\u00e1rios que escrevemos s\u00e3o ideais para:<\/strong><\/p>\n<ul>\n<li>\n<p class=\"western\">Aumentar o conhecimento da marca<\/p>\n<\/li>\n<li>\n<p class=\"western\">Lan\u00e7amento de novos produtos e servi\u00e7os<\/p>\n<\/li>\n<li>\n<p class=\"western\">An\u00fancio de not\u00edcias importantes de neg\u00f3cios<\/p>\n<\/li>\n<li>\n<p class=\"western\">Levar informa\u00e7\u00f5es ao conhecimento da m\u00eddia nacional e internacional<\/p>\n<\/li>\n<li>\n<p class=\"western\">On-line <a href=\"https:\/\/www.ecrivus-multimedia.nl\/go\/advertorial-schrijven\/\" title=\"Escrevendo um publicit\u00e1rio\" class=\"pretty-link-keyword\"rel=\"\">publicit\u00e1rio<\/a> publica\u00e7\u00f5es: aumentando sua posi\u00e7\u00e3o nos motores de busca (classifica\u00e7\u00e3o SEO\/otimiza\u00e7\u00e3o de mecanismos de pesquisa)<\/p>\n<\/li>\n<li>\n<p class=\"western\">Aumente a visibilidade online da sua empresa<\/p>\n<\/li>\n<li>\n<p class=\"western\">Gera\u00e7\u00e3o de leads<\/p>\n<\/li>\n<\/ul>\n<p><strong>Escrevendo seu <\/strong><strong><a href=\"https:\/\/www.ecrivus-multimedia.nl\/go\/advertorial-schrijven\/\" title=\"Escrevendo um publicit\u00e1rio\" class=\"pretty-link-keyword\"rel=\"\">publicit\u00e1rio<\/a> est\u00e1 em boas m\u00e3os conosco:<\/strong><\/p>\n<ul>\n<li>Reda\u00e7\u00e3o de texto por redator especializado<\/li>\n<li>Inclusivo <a href=\"http:\/\/www.ecrivus.nl\/proeflezen\/\" target=\"_blank\" rel=\"noopener noreferrer\">revis\u00e3o<\/a><\/li>\n<li>Inclusivo <a href=\"http:\/\/www.ecrivus.nl\/qa-kwaliteitscontroles\/\" target=\"_blank\" rel=\"noopener noreferrer\">controles de qualidade<\/a><\/li>\n<li>Incluindo edi\u00e7\u00e3o final<\/li>\n<li>Pre\u00e7os competitivos<\/li>\n<li>Entrega r\u00e1pida<\/li>\n<li>Entrega urgente poss\u00edvel<\/li>\n<li>Entrega em Microsoft Word\u00ae e PDF<\/li>\n<li>Entrega sempre dentro do prazo por e-mail<\/li>\n<\/ul>\n<p>Para voc\u00ea <a href=\"https:\/\/www.ecrivus-multimedia.nl\/go\/advertorial-schrijven\/\" title=\"Escrevendo um publicit\u00e1rio\" class=\"pretty-link-keyword\"rel=\"\">publicit\u00e1rio<\/a> Para que seja escrito imediatamente, selecione o n\u00famero desejado de palavras acima. Em seguida, clique em \u2018Adicionar ao carrinho\u2019. Voc\u00ea pode ent\u00e3o fazer upload do briefing\/instru\u00e7\u00f5es que deseja fornecer ao redator e adicion\u00e1-lo ao seu pedido. Voc\u00ea pode fazer upload de um arquivo ZIP para v\u00e1rios documentos. Oferecemos diversas op\u00e7\u00f5es de pagamento atrav\u00e9s de conex\u00f5es seguras (incluindo iDeal, transfer\u00eancia banc\u00e1ria e PayPal).<\/p>\n<p><strong>Prazo de entrega padr\u00e3o<\/strong>: 5 dias \u00fateis<\/p>","protected":false},"excerpt":{"rendered":"<p>Publicit\u00e1rio escrito profissionalmente por redator especializado, incluindo verifica\u00e7\u00f5es de qualidade e edi\u00e7\u00e3o final. Selecione o idioma desejado abaixo:<\/p>","protected":false},"featured_media":132653,"comment_status":"open","ping_status":"closed","template":"","meta":{"_acf_changed":false,"_glsr_average":0,"_glsr_ranking":0,"_glsr_reviews":0,"_joinchat":[]},"product_brand":[],"product_cat":[15342],"product_tag":[15355,15349,15343,15357,15353,15348,15347,15344,15356],"class_list":{"0":"post-44336","1":"product","2":"type-product","3":"status-publish","4":"has-post-thumbnail","6":"product_cat-copywriting-content","7":"product_tag-advertorial","8":"product_tag-content-creatie","9":"product_tag-copywriting","10":"product_tag-magazine","11":"product_tag-marketing","12":"product_tag-media","13":"product_tag-pr","14":"product_tag-tekstschrijven","15":"product_tag-tijdschrift","17":"first","18":"instock","19":"sold-individually","20":"taxable","21":"shipping-taxable","22":"purchasable","23":"product-type-variable"},"acf":[],"yoast_head":"<!-- This site is optimized with the Yoast SEO plugin v27.4 - https:\/\/yoast.com\/product\/yoast-seo-wordpress\/ -->\n<title>Advertorial schrijven? Bestel nu in onze webshop! 15+ jaar ervaring!<\/title>\n<meta name=\"description\" content=\"Advertorial schrijven? Bestel direct online! \u2713 Ervaren copywriters \u2713 Perfect Nederlands \u2713 Voordelig geregeld \u2713 Snelle levertijden \u2713 Veilig betalen via iDEAL\" \/>\n<meta name=\"robots\" content=\"index, follow, max-snippet:-1, max-image-preview:large, max-video-preview:-1\" \/>\n<link rel=\"canonical\" href=\"https:\/\/www.ecrivus-multimedia.nl\/pt\/produtos\/escrevendo-publicitario\/\" \/>\n<meta property=\"og:locale\" content=\"pt_PT\" \/>\n<meta property=\"og:type\" content=\"article\" \/>\n<meta property=\"og:title\" content=\"Advertorial schrijven? Bestel nu in onze webshop! 15+ jaar ervaring!\" \/>\n<meta property=\"og:description\" content=\"Advertorial schrijven? Bestel direct online! \u2713 Ervaren copywriters \u2713 Perfect Nederlands \u2713 Voordelig geregeld \u2713 Snelle levertijden \u2713 Veilig betalen via iDEAL\" \/>\n<meta property=\"og:url\" content=\"https:\/\/www.ecrivus-multimedia.nl\/pt\/produtos\/escrevendo-publicitario\/\" \/>\n<meta property=\"og:site_name\" content=\"Ecrivus International Webshop\" \/>\n<meta property=\"article:publisher\" content=\"https:\/\/www.facebook.com\/Ecrivus-International-676624782512639\/\" \/>\n<meta property=\"article:modified_time\" content=\"2026-04-13T07:23:50+00:00\" \/>\n<meta property=\"og:image\" content=\"https:\/\/www.ecrivus-multimedia.nl\/wp-content\/uploads\/2026\/04\/vrouw-reikt-document-aan-adviseur.jpg\" \/>\n\t<meta property=\"og:image:width\" content=\"1000\" \/>\n\t<meta property=\"og:image:height\" content=\"667\" \/>\n\t<meta property=\"og:image:type\" content=\"image\/jpeg\" \/>\n<meta name=\"twitter:card\" content=\"summary_large_image\" \/>\n<meta name=\"twitter:site\" content=\"@ecrivusint\" \/>\n<meta name=\"twitter:label1\" content=\"Tempo estimado de leitura\" \/>\n\t<meta name=\"twitter:data1\" content=\"2 minutos\" \/>\n<script type=\"application\/ld+json\" class=\"yoast-schema-graph\">{\"@context\":\"https:\\\/\\\/schema.org\",\"@graph\":[{\"@type\":\"WebPage\",\"@id\":\"https:\\\/\\\/www.ecrivus-multimedia.nl\\\/product\\\/advertorial-schrijven\\\/\",\"url\":\"https:\\\/\\\/www.ecrivus-multimedia.nl\\\/product\\\/advertorial-schrijven\\\/\",\"name\":\"Advertorial schrijven? Bestel nu in onze webshop! 15+ jaar ervaring!\",\"isPartOf\":{\"@id\":\"https:\\\/\\\/www.ecrivus-multimedia.nl\\\/#website\"},\"primaryImageOfPage\":{\"@id\":\"https:\\\/\\\/www.ecrivus-multimedia.nl\\\/product\\\/advertorial-schrijven\\\/#primaryimage\"},\"image\":{\"@id\":\"https:\\\/\\\/www.ecrivus-multimedia.nl\\\/product\\\/advertorial-schrijven\\\/#primaryimage\"},\"thumbnailUrl\":\"https:\\\/\\\/www.ecrivus-multimedia.nl\\\/wp-content\\\/uploads\\\/2026\\\/04\\\/vrouw-reikt-document-aan-adviseur.jpg\",\"datePublished\":\"2019-07-26T08:31:38+00:00\",\"dateModified\":\"2026-04-13T07:23:50+00:00\",\"description\":\"Advertorial schrijven? Bestel direct online! \u2713 Ervaren copywriters \u2713 Perfect Nederlands \u2713 Voordelig geregeld \u2713 Snelle levertijden \u2713 Veilig betalen via iDEAL\",\"breadcrumb\":{\"@id\":\"https:\\\/\\\/www.ecrivus-multimedia.nl\\\/product\\\/advertorial-schrijven\\\/#breadcrumb\"},\"inLanguage\":\"pt-PT\",\"potentialAction\":[{\"@type\":\"ReadAction\",\"target\":[\"https:\\\/\\\/www.ecrivus-multimedia.nl\\\/product\\\/advertorial-schrijven\\\/\"]}]},{\"@type\":\"ImageObject\",\"inLanguage\":\"pt-PT\",\"@id\":\"https:\\\/\\\/www.ecrivus-multimedia.nl\\\/product\\\/advertorial-schrijven\\\/#primaryimage\",\"url\":\"https:\\\/\\\/www.ecrivus-multimedia.nl\\\/wp-content\\\/uploads\\\/2026\\\/04\\\/vrouw-reikt-document-aan-adviseur.jpg\",\"contentUrl\":\"https:\\\/\\\/www.ecrivus-multimedia.nl\\\/wp-content\\\/uploads\\\/2026\\\/04\\\/vrouw-reikt-document-aan-adviseur.jpg\",\"width\":1000,\"height\":667},{\"@type\":\"BreadcrumbList\",\"@id\":\"https:\\\/\\\/www.ecrivus-multimedia.nl\\\/product\\\/advertorial-schrijven\\\/#breadcrumb\",\"itemListElement\":[{\"@type\":\"ListItem\",\"position\":1,\"name\":\"Home\",\"item\":\"https:\\\/\\\/www.ecrivus-multimedia.nl\\\/\"},{\"@type\":\"ListItem\",\"position\":2,\"name\":\"Shop\",\"item\":\"https:\\\/\\\/www.ecrivus-multimedia.nl\\\/shop\\\/\"},{\"@type\":\"ListItem\",\"position\":3,\"name\":\"Advertorial schrijven\"}]},{\"@type\":\"WebSite\",\"@id\":\"https:\\\/\\\/www.ecrivus-multimedia.nl\\\/#website\",\"url\":\"https:\\\/\\\/www.ecrivus-multimedia.nl\\\/\",\"name\":\"Ecrivus International Webshop\",\"description\":\"Erkende webshop voor be\u00ebdigde vertalingen.\",\"publisher\":{\"@id\":\"https:\\\/\\\/www.ecrivus-multimedia.nl\\\/#organization\"},\"potentialAction\":[{\"@type\":\"SearchAction\",\"target\":{\"@type\":\"EntryPoint\",\"urlTemplate\":\"https:\\\/\\\/www.ecrivus-multimedia.nl\\\/?s={search_term_string}\"},\"query-input\":{\"@type\":\"PropertyValueSpecification\",\"valueRequired\":true,\"valueName\":\"search_term_string\"}}],\"inLanguage\":\"pt-PT\"},{\"@type\":\"Organization\",\"@id\":\"https:\\\/\\\/www.ecrivus-multimedia.nl\\\/#organization\",\"name\":\"Ecrivus International\",\"url\":\"https:\\\/\\\/www.ecrivus-multimedia.nl\\\/\",\"logo\":{\"@type\":\"ImageObject\",\"inLanguage\":\"pt-PT\",\"@id\":\"https:\\\/\\\/www.ecrivus-multimedia.nl\\\/#\\\/schema\\\/logo\\\/image\\\/\",\"url\":\"https:\\\/\\\/www.ecrivus-multimedia.nl\\\/wp-content\\\/uploads\\\/2022\\\/01\\\/cropped-small-Logo-Ecrivus-Vector-Transparent2.png\",\"contentUrl\":\"https:\\\/\\\/www.ecrivus-multimedia.nl\\\/wp-content\\\/uploads\\\/2022\\\/01\\\/cropped-small-Logo-Ecrivus-Vector-Transparent2.png\",\"width\":512,\"height\":512,\"caption\":\"Ecrivus International\"},\"image\":{\"@id\":\"https:\\\/\\\/www.ecrivus-multimedia.nl\\\/#\\\/schema\\\/logo\\\/image\\\/\"},\"sameAs\":[\"https:\\\/\\\/www.facebook.com\\\/Ecrivus-International-676624782512639\\\/\",\"https:\\\/\\\/x.com\\\/ecrivusint\"]}]}<\/script>\n<!-- \/ Yoast SEO plugin. -->","yoast_head_json":{"title":"Advertorial schrijven? Bestel nu in onze webshop! 15+ jaar ervaring!","description":"Advertorial schrijven? Bestel direct online! \u2713 Ervaren copywriters \u2713 Perfect Nederlands \u2713 Voordelig geregeld \u2713 Snelle levertijden \u2713 Veilig betalen via iDEAL","robots":{"index":"index","follow":"follow","max-snippet":"max-snippet:-1","max-image-preview":"max-image-preview:large","max-video-preview":"max-video-preview:-1"},"canonical":"https:\/\/www.ecrivus-multimedia.nl\/pt\/produtos\/escrevendo-publicitario\/","og_locale":"pt_PT","og_type":"article","og_title":"Advertorial schrijven? Bestel nu in onze webshop! 15+ jaar ervaring!","og_description":"Advertorial schrijven? Bestel direct online! \u2713 Ervaren copywriters \u2713 Perfect Nederlands \u2713 Voordelig geregeld \u2713 Snelle levertijden \u2713 Veilig betalen via iDEAL","og_url":"https:\/\/www.ecrivus-multimedia.nl\/pt\/produtos\/escrevendo-publicitario\/","og_site_name":"Ecrivus International Webshop","article_publisher":"https:\/\/www.facebook.com\/Ecrivus-International-676624782512639\/","article_modified_time":"2026-04-13T07:23:50+00:00","og_image":[{"width":1000,"height":667,"url":"https:\/\/www.ecrivus-multimedia.nl\/wp-content\/uploads\/2026\/04\/vrouw-reikt-document-aan-adviseur.jpg","type":"image\/jpeg"}],"twitter_card":"summary_large_image","twitter_site":"@ecrivusint","twitter_misc":{"Tempo estimado de leitura":"2 minutos"},"schema":{"@context":"https:\/\/schema.org","@graph":[{"@type":"WebPage","@id":"https:\/\/www.ecrivus-multimedia.nl\/product\/advertorial-schrijven\/","url":"https:\/\/www.ecrivus-multimedia.nl\/product\/advertorial-schrijven\/","name":"Advertorial schrijven? Bestel nu in onze webshop! 15+ jaar ervaring!","isPartOf":{"@id":"https:\/\/www.ecrivus-multimedia.nl\/#website"},"primaryImageOfPage":{"@id":"https:\/\/www.ecrivus-multimedia.nl\/product\/advertorial-schrijven\/#primaryimage"},"image":{"@id":"https:\/\/www.ecrivus-multimedia.nl\/product\/advertorial-schrijven\/#primaryimage"},"thumbnailUrl":"https:\/\/www.ecrivus-multimedia.nl\/wp-content\/uploads\/2026\/04\/vrouw-reikt-document-aan-adviseur.jpg","datePublished":"2019-07-26T08:31:38+00:00","dateModified":"2026-04-13T07:23:50+00:00","description":"Advertorial schrijven? Bestel direct online! \u2713 Ervaren copywriters \u2713 Perfect Nederlands \u2713 Voordelig geregeld \u2713 Snelle levertijden \u2713 Veilig betalen via iDEAL","breadcrumb":{"@id":"https:\/\/www.ecrivus-multimedia.nl\/product\/advertorial-schrijven\/#breadcrumb"},"inLanguage":"pt-PT","potentialAction":[{"@type":"ReadAction","target":["https:\/\/www.ecrivus-multimedia.nl\/product\/advertorial-schrijven\/"]}]},{"@type":"ImageObject","inLanguage":"pt-PT","@id":"https:\/\/www.ecrivus-multimedia.nl\/product\/advertorial-schrijven\/#primaryimage","url":"https:\/\/www.ecrivus-multimedia.nl\/wp-content\/uploads\/2026\/04\/vrouw-reikt-document-aan-adviseur.jpg","contentUrl":"https:\/\/www.ecrivus-multimedia.nl\/wp-content\/uploads\/2026\/04\/vrouw-reikt-document-aan-adviseur.jpg","width":1000,"height":667},{"@type":"BreadcrumbList","@id":"https:\/\/www.ecrivus-multimedia.nl\/product\/advertorial-schrijven\/#breadcrumb","itemListElement":[{"@type":"ListItem","position":1,"name":"Home","item":"https:\/\/www.ecrivus-multimedia.nl\/"},{"@type":"ListItem","position":2,"name":"Shop","item":"https:\/\/www.ecrivus-multimedia.nl\/shop\/"},{"@type":"ListItem","position":3,"name":"Advertorial schrijven"}]},{"@type":"WebSite","@id":"https:\/\/www.ecrivus-multimedia.nl\/#website","url":"https:\/\/www.ecrivus-multimedia.nl\/","name":"Ecrivus International Webshop","description":"Erkende webshop voor be\u00ebdigde vertalingen.","publisher":{"@id":"https:\/\/www.ecrivus-multimedia.nl\/#organization"},"potentialAction":[{"@type":"SearchAction","target":{"@type":"EntryPoint","urlTemplate":"https:\/\/www.ecrivus-multimedia.nl\/?s={search_term_string}"},"query-input":{"@type":"PropertyValueSpecification","valueRequired":true,"valueName":"search_term_string"}}],"inLanguage":"pt-PT"},{"@type":"Organization","@id":"https:\/\/www.ecrivus-multimedia.nl\/#organization","name":"Ecrivus International","url":"https:\/\/www.ecrivus-multimedia.nl\/","logo":{"@type":"ImageObject","inLanguage":"pt-PT","@id":"https:\/\/www.ecrivus-multimedia.nl\/#\/schema\/logo\/image\/","url":"https:\/\/www.ecrivus-multimedia.nl\/wp-content\/uploads\/2022\/01\/cropped-small-Logo-Ecrivus-Vector-Transparent2.png","contentUrl":"https:\/\/www.ecrivus-multimedia.nl\/wp-content\/uploads\/2022\/01\/cropped-small-Logo-Ecrivus-Vector-Transparent2.png","width":512,"height":512,"caption":"Ecrivus International"},"image":{"@id":"https:\/\/www.ecrivus-multimedia.nl\/#\/schema\/logo\/image\/"},"sameAs":["https:\/\/www.facebook.com\/Ecrivus-International-676624782512639\/","https:\/\/x.com\/ecrivusint"]}]}},"_links":{"self":[{"href":"https:\/\/www.ecrivus-multimedia.nl\/pt\/wp-json\/wp\/v2\/product\/44336","targetHints":{"allow":["GET"]}}],"collection":[{"href":"https:\/\/www.ecrivus-multimedia.nl\/pt\/wp-json\/wp\/v2\/product"}],"about":[{"href":"https:\/\/www.ecrivus-multimedia.nl\/pt\/wp-json\/wp\/v2\/types\/product"}],"replies":[{"embeddable":true,"href":"https:\/\/www.ecrivus-multimedia.nl\/pt\/wp-json\/wp\/v2\/comments?post=44336"}],"wp:featuredmedia":[{"embeddable":true,"href":"https:\/\/www.ecrivus-multimedia.nl\/pt\/wp-json\/wp\/v2\/media\/132653"}],"wp:attachment":[{"href":"https:\/\/www.ecrivus-multimedia.nl\/pt\/wp-json\/wp\/v2\/media?parent=44336"}],"wp:term":[{"taxonomy":"product_brand","embeddable":true,"href":"https:\/\/www.ecrivus-multimedia.nl\/pt\/wp-json\/wp\/v2\/product_brand?post=44336"},{"taxonomy":"product_cat","embeddable":true,"href":"https:\/\/www.ecrivus-multimedia.nl\/pt\/wp-json\/wp\/v2\/product_cat?post=44336"},{"taxonomy":"product_tag","embeddable":true,"href":"https:\/\/www.ecrivus-multimedia.nl\/pt\/wp-json\/wp\/v2\/product_tag?post=44336"}],"curies":[{"name":"wp","href":"https:\/\/api.w.org\/{rel}","templated":true}]}}