{"id":44343,"date":"2019-07-26T11:31:53","date_gmt":"2019-07-26T09:31:53","guid":{"rendered":"https:\/\/www.ecrivus-multimedia.nl\/?post_type=product&#038;p=44343"},"modified":"2026-04-13T09:22:43","modified_gmt":"2026-04-13T07:22:43","slug":"slogan-schrijven","status":"publish","type":"product","link":"https:\/\/www.ecrivus-multimedia.nl\/pt\/produtos\/escrevendo-slogan\/","title":{"rendered":"Escreva um slogan"},"content":{"rendered":"<h2 class=\"western\"><strong>Escreva um slogan?<\/strong><\/h2>\n<p class=\"western\">A Ecrivus International emprega redatores internos e redatores especializados em <a href=\"https:\/\/www.ecrivus.nl\/slogan-schrijven\/\" target=\"_blank\" rel=\"noopener noreferrer\">escrevendo slogans e lemas profissionais<\/a> em holand\u00eas impec\u00e1vel. Ideal para aumentar o conhecimento da sua marca e associar o seu nome a uma mensagem positiva. Um sucesso <a href=\"https:\/\/www.ecrivus-multimedia.nl\/go\/slogan-schrijven\/\" title=\"Escreva um slogan\" class=\"pretty-link-keyword\"rel=\"\">slogan<\/a> a reda\u00e7\u00e3o geralmente pode ser conclu\u00edda para voc\u00ea em 1 a 2 dias \u00fateis. Nossa equipe de reda\u00e7\u00e3o \u00e9 altamente experiente em criar slogans empresariais que correspondam perfeitamente aos valores fundamentais da sua empresa.<\/p>\n<h4 class=\"western\"><strong>Escreva um slogan em holand\u00eas perfeito<\/strong><\/h4>\n<p class=\"western\">J\u00e1 que o prop\u00f3sito de um <a href=\"https:\/\/www.ecrivus-multimedia.nl\/go\/slogan-schrijven\/\" title=\"Escreva um slogan\" class=\"pretty-link-keyword\"rel=\"\">slogan<\/a> \u00e9 que seja lembrado pelo maior n\u00famero de pessoas poss\u00edvel, \u00e9 importante que a qualidade do texto seja excelente e que agrade ao p\u00fablico-alvo. <a href=\"https:\/\/www.ecrivus.nl\/qa-kwaliteitscontroles\/\" target=\"_blank\" rel=\"noopener noreferrer\">100% em ordem em termos de ortografia, gram\u00e1tica, ordem das palavras, estrutura das frases e terminologia<\/a> \u00e9 o ponto de partida. Claro que tamb\u00e9m amamos <a href=\"https:\/\/www.ecrivus-multimedia.nl\/go\/factuur-beedigde-vertaling-met-stempel\/\" title=\"Quer traduzir uma fatura juramentada? Fa\u00e7a seu pedido em nossa loja virtual!\" class=\"pretty-link-keyword\"rel=\"\">conta<\/a> com adequa\u00e7\u00e3o cultural (<i>adequa\u00e7\u00e3o intercultural<\/i>). Gra\u00e7as aos nossos anos de experi\u00eancia na escrita de slogans e lemas para empresas holandesas e estrangeiras, voc\u00ea pode ter certeza de que nossos slogans escritos est\u00e3o imediatamente prontos para publica\u00e7\u00e3o e uso (inter)nacional.<\/p>\n<p class=\"western\"><b>Prescrevemos slogans:<\/b><\/p>\n<ul>\n<li>\n<p class=\"western\">Iniciantes<\/p>\n<\/li>\n<li>\n<p class=\"western\">Pessoas aut\u00f4nomas<\/p>\n<\/li>\n<li>\n<p class=\"western\">PME<\/p>\n<\/li>\n<li>\n<p class=\"western\">Multinacionais<\/p>\n<\/li>\n<\/ul>\n<p class=\"western\"><b>Os slogans que escrevemos s\u00e3o ideais para:<\/b><\/p>\n<ul>\n<li>\n<p class=\"western\">Aumentar o conhecimento da marca<\/p>\n<\/li>\n<li>\n<p class=\"western\">Associa\u00e7\u00e3o positiva com o nome da sua marca ou nome da empresa<\/p>\n<\/li>\n<li>\n<p class=\"western\">Lan\u00e7amento de novos produtos e servi\u00e7os<\/p>\n<\/li>\n<li>\n<p class=\"western\">Aumentando a reputa\u00e7\u00e3o corporativa: reconhecimento, seus valores essenciais resumidos em um <i>cativante<\/i> <a href=\"https:\/\/www.ecrivus-multimedia.nl\/go\/slogan-schrijven\/\" title=\"Escreva um slogan\" class=\"pretty-link-keyword\"rel=\"\">slogan<\/a><\/p>\n<\/li>\n<li>\n<p class=\"western\">Gera\u00e7\u00e3o de leads<\/p>\n<\/li>\n<\/ul>\n<p><strong>Escrevendo seu <a href=\"https:\/\/www.ecrivus-multimedia.nl\/go\/slogan-schrijven\/\" title=\"Escreva um slogan\" class=\"pretty-link-keyword\"rel=\"\">slogan<\/a> ou lema<\/strong><strong> est\u00e1 em boas m\u00e3os conosco:<\/strong><\/p>\n<ul>\n<li>Reda\u00e7\u00e3o de texto por redator especializado<\/li>\n<li>Inclusivo <a href=\"http:\/\/www.ecrivus.nl\/proeflezen\/\" target=\"_blank\" rel=\"noopener noreferrer\">revis\u00e3o<\/a><\/li>\n<li>Inclusivo <a href=\"http:\/\/www.ecrivus.nl\/qa-kwaliteitscontroles\/\" target=\"_blank\" rel=\"noopener noreferrer\">controles de qualidade<\/a><\/li>\n<li>Incluindo edi\u00e7\u00e3o final<\/li>\n<li>Nada menos que 10 ou 20 sugest\u00f5es para o seu novo <a href=\"https:\/\/www.ecrivus-multimedia.nl\/go\/slogan-schrijven\/\" title=\"Escreva um slogan\" class=\"pretty-link-keyword\"rel=\"\">slogan<\/a> ou lema<\/li>\n<li>Pre\u00e7os competitivos<\/li>\n<li>Entrega r\u00e1pida<\/li>\n<li>Entrega urgente poss\u00edvel<\/li>\n<li>Entrega em Microsoft Word\u00ae e PDF<\/li>\n<li>Entrega sempre dentro do prazo por e-mail<\/li>\n<\/ul>\n<p>Para voc\u00ea <a href=\"https:\/\/www.ecrivus-multimedia.nl\/go\/slogan-schrijven\/\" title=\"Escreva um slogan\" class=\"pretty-link-keyword\"rel=\"\">slogan<\/a> ou lema escrito diretamente, selecione o idioma desejado acima. Em seguida, clique em \u2018Adicionar ao carrinho\u2019. Voc\u00ea pode ent\u00e3o fazer upload do briefing\/instru\u00e7\u00f5es que deseja fornecer ao redator e adicion\u00e1-lo ao seu pedido. Considere os valores fundamentais que sua empresa defende e que voc\u00ea gostaria de refletir no <a href=\"https:\/\/www.ecrivus-multimedia.nl\/go\/slogan-schrijven\/\" title=\"Escreva um slogan\" class=\"pretty-link-keyword\"rel=\"\">slogan<\/a>. Voc\u00ea pode fazer upload de um arquivo ZIP para v\u00e1rios documentos. Oferecemos diversas op\u00e7\u00f5es de pagamento atrav\u00e9s de conex\u00f5es seguras (incluindo iDeal, transfer\u00eancia banc\u00e1ria e PayPal).<\/p>\n<p><strong>Prazo de entrega padr\u00e3o<\/strong>: 3 dias \u00fateis<\/p>","protected":false},"excerpt":{"rendered":"<p>Slogan\/lema escrito profissionalmente (10 ou 20 sugest\u00f5es) por redator especializado, incluindo verifica\u00e7\u00f5es de qualidade e edi\u00e7\u00e3o final. Selecione o idioma desejado abaixo:<\/p>","protected":false},"featured_media":132690,"comment_status":"open","ping_status":"closed","template":"","meta":{"_acf_changed":false,"_glsr_average":0,"_glsr_ranking":0,"_glsr_reviews":0,"_joinchat":[]},"product_brand":[],"product_cat":[15342],"product_tag":[15349,15343,15348,15359,15347,15360,15358,15344],"class_list":{"0":"post-44343","1":"product","2":"type-product","3":"status-publish","4":"has-post-thumbnail","6":"product_cat-copywriting-content","7":"product_tag-content-creatie","8":"product_tag-copywriting","9":"product_tag-media","10":"product_tag-motto","11":"product_tag-pr","12":"product_tag-slagzin","13":"product_tag-slogan","14":"product_tag-tekstschrijven","16":"first","17":"instock","18":"sold-individually","19":"taxable","20":"shipping-taxable","21":"purchasable","22":"product-type-variable"},"acf":[],"yoast_head":"<!-- This site is optimized with the Yoast SEO plugin v27.4 - https:\/\/yoast.com\/product\/yoast-seo-wordpress\/ -->\n<title>Slogan schrijven? Motto? Bestel nu in onze webshop! 15+ jaar ervaring!<\/title>\n<meta name=\"description\" content=\"Slogan schrijven? Nieuw motto? Bestel direct online! \u2713 Ervaren copywriters \u2713 Perfect Nederlands \u2713 Voordelig \u2713 Snelle levertijden \u2713 Veilig betalen via iDEAL\" \/>\n<meta name=\"robots\" content=\"index, follow, max-snippet:-1, max-image-preview:large, max-video-preview:-1\" \/>\n<link rel=\"canonical\" href=\"https:\/\/www.ecrivus-multimedia.nl\/pt\/produtos\/escrevendo-slogan\/\" \/>\n<meta property=\"og:locale\" content=\"pt_PT\" \/>\n<meta property=\"og:type\" content=\"article\" \/>\n<meta property=\"og:title\" content=\"Slogan schrijven? Motto? Bestel nu in onze webshop! 15+ jaar ervaring!\" \/>\n<meta property=\"og:description\" content=\"Slogan schrijven? Nieuw motto? Bestel direct online! \u2713 Ervaren copywriters \u2713 Perfect Nederlands \u2713 Voordelig \u2713 Snelle levertijden \u2713 Veilig betalen via iDEAL\" \/>\n<meta property=\"og:url\" content=\"https:\/\/www.ecrivus-multimedia.nl\/pt\/produtos\/escrevendo-slogan\/\" \/>\n<meta property=\"og:site_name\" content=\"Ecrivus International Webshop\" \/>\n<meta property=\"article:publisher\" content=\"https:\/\/www.facebook.com\/Ecrivus-International-676624782512639\/\" \/>\n<meta property=\"article:modified_time\" content=\"2026-04-13T07:22:43+00:00\" \/>\n<meta property=\"og:image\" content=\"https:\/\/www.ecrivus-multimedia.nl\/wp-content\/uploads\/2019\/07\/image-4.webp\" \/>\n\t<meta property=\"og:image:width\" content=\"1000\" \/>\n\t<meta property=\"og:image:height\" content=\"667\" \/>\n\t<meta property=\"og:image:type\" content=\"image\/webp\" \/>\n<meta name=\"twitter:card\" content=\"summary_large_image\" \/>\n<meta name=\"twitter:site\" content=\"@ecrivusint\" \/>\n<meta name=\"twitter:label1\" content=\"Tempo estimado de leitura\" \/>\n\t<meta name=\"twitter:data1\" content=\"2 minutos\" \/>\n<script type=\"application\/ld+json\" class=\"yoast-schema-graph\">{\"@context\":\"https:\\\/\\\/schema.org\",\"@graph\":[{\"@type\":\"WebPage\",\"@id\":\"https:\\\/\\\/www.ecrivus-multimedia.nl\\\/product\\\/slogan-schrijven\\\/\",\"url\":\"https:\\\/\\\/www.ecrivus-multimedia.nl\\\/product\\\/slogan-schrijven\\\/\",\"name\":\"Slogan schrijven? Motto? Bestel nu in onze webshop! 15+ jaar ervaring!\",\"isPartOf\":{\"@id\":\"https:\\\/\\\/www.ecrivus-multimedia.nl\\\/#website\"},\"primaryImageOfPage\":{\"@id\":\"https:\\\/\\\/www.ecrivus-multimedia.nl\\\/product\\\/slogan-schrijven\\\/#primaryimage\"},\"image\":{\"@id\":\"https:\\\/\\\/www.ecrivus-multimedia.nl\\\/product\\\/slogan-schrijven\\\/#primaryimage\"},\"thumbnailUrl\":\"https:\\\/\\\/www.ecrivus-multimedia.nl\\\/wp-content\\\/uploads\\\/2019\\\/07\\\/image-4.webp\",\"datePublished\":\"2019-07-26T09:31:53+00:00\",\"dateModified\":\"2026-04-13T07:22:43+00:00\",\"description\":\"Slogan schrijven? Nieuw motto? Bestel direct online! \u2713 Ervaren copywriters \u2713 Perfect Nederlands \u2713 Voordelig \u2713 Snelle levertijden \u2713 Veilig betalen via iDEAL\",\"breadcrumb\":{\"@id\":\"https:\\\/\\\/www.ecrivus-multimedia.nl\\\/product\\\/slogan-schrijven\\\/#breadcrumb\"},\"inLanguage\":\"pt-PT\",\"potentialAction\":[{\"@type\":\"ReadAction\",\"target\":[\"https:\\\/\\\/www.ecrivus-multimedia.nl\\\/product\\\/slogan-schrijven\\\/\"]}]},{\"@type\":\"ImageObject\",\"inLanguage\":\"pt-PT\",\"@id\":\"https:\\\/\\\/www.ecrivus-multimedia.nl\\\/product\\\/slogan-schrijven\\\/#primaryimage\",\"url\":\"https:\\\/\\\/www.ecrivus-multimedia.nl\\\/wp-content\\\/uploads\\\/2019\\\/07\\\/image-4.webp\",\"contentUrl\":\"https:\\\/\\\/www.ecrivus-multimedia.nl\\\/wp-content\\\/uploads\\\/2019\\\/07\\\/image-4.webp\",\"width\":1000,\"height\":667},{\"@type\":\"BreadcrumbList\",\"@id\":\"https:\\\/\\\/www.ecrivus-multimedia.nl\\\/product\\\/slogan-schrijven\\\/#breadcrumb\",\"itemListElement\":[{\"@type\":\"ListItem\",\"position\":1,\"name\":\"Home\",\"item\":\"https:\\\/\\\/www.ecrivus-multimedia.nl\\\/\"},{\"@type\":\"ListItem\",\"position\":2,\"name\":\"Shop\",\"item\":\"https:\\\/\\\/www.ecrivus-multimedia.nl\\\/shop\\\/\"},{\"@type\":\"ListItem\",\"position\":3,\"name\":\"Slogan schrijven\"}]},{\"@type\":\"WebSite\",\"@id\":\"https:\\\/\\\/www.ecrivus-multimedia.nl\\\/#website\",\"url\":\"https:\\\/\\\/www.ecrivus-multimedia.nl\\\/\",\"name\":\"Ecrivus International Webshop\",\"description\":\"Erkende webshop voor be\u00ebdigde vertalingen.\",\"publisher\":{\"@id\":\"https:\\\/\\\/www.ecrivus-multimedia.nl\\\/#organization\"},\"potentialAction\":[{\"@type\":\"SearchAction\",\"target\":{\"@type\":\"EntryPoint\",\"urlTemplate\":\"https:\\\/\\\/www.ecrivus-multimedia.nl\\\/?s={search_term_string}\"},\"query-input\":{\"@type\":\"PropertyValueSpecification\",\"valueRequired\":true,\"valueName\":\"search_term_string\"}}],\"inLanguage\":\"pt-PT\"},{\"@type\":\"Organization\",\"@id\":\"https:\\\/\\\/www.ecrivus-multimedia.nl\\\/#organization\",\"name\":\"Ecrivus International\",\"url\":\"https:\\\/\\\/www.ecrivus-multimedia.nl\\\/\",\"logo\":{\"@type\":\"ImageObject\",\"inLanguage\":\"pt-PT\",\"@id\":\"https:\\\/\\\/www.ecrivus-multimedia.nl\\\/#\\\/schema\\\/logo\\\/image\\\/\",\"url\":\"https:\\\/\\\/www.ecrivus-multimedia.nl\\\/wp-content\\\/uploads\\\/2022\\\/01\\\/cropped-small-Logo-Ecrivus-Vector-Transparent2.png\",\"contentUrl\":\"https:\\\/\\\/www.ecrivus-multimedia.nl\\\/wp-content\\\/uploads\\\/2022\\\/01\\\/cropped-small-Logo-Ecrivus-Vector-Transparent2.png\",\"width\":512,\"height\":512,\"caption\":\"Ecrivus International\"},\"image\":{\"@id\":\"https:\\\/\\\/www.ecrivus-multimedia.nl\\\/#\\\/schema\\\/logo\\\/image\\\/\"},\"sameAs\":[\"https:\\\/\\\/www.facebook.com\\\/Ecrivus-International-676624782512639\\\/\",\"https:\\\/\\\/x.com\\\/ecrivusint\"]}]}<\/script>\n<!-- \/ Yoast SEO plugin. -->","yoast_head_json":{"title":"Slogan schrijven? Motto? Bestel nu in onze webshop! 15+ jaar ervaring!","description":"Slogan schrijven? Nieuw motto? Bestel direct online! \u2713 Ervaren copywriters \u2713 Perfect Nederlands \u2713 Voordelig \u2713 Snelle levertijden \u2713 Veilig betalen via iDEAL","robots":{"index":"index","follow":"follow","max-snippet":"max-snippet:-1","max-image-preview":"max-image-preview:large","max-video-preview":"max-video-preview:-1"},"canonical":"https:\/\/www.ecrivus-multimedia.nl\/pt\/produtos\/escrevendo-slogan\/","og_locale":"pt_PT","og_type":"article","og_title":"Slogan schrijven? Motto? Bestel nu in onze webshop! 15+ jaar ervaring!","og_description":"Slogan schrijven? Nieuw motto? Bestel direct online! \u2713 Ervaren copywriters \u2713 Perfect Nederlands \u2713 Voordelig \u2713 Snelle levertijden \u2713 Veilig betalen via iDEAL","og_url":"https:\/\/www.ecrivus-multimedia.nl\/pt\/produtos\/escrevendo-slogan\/","og_site_name":"Ecrivus International Webshop","article_publisher":"https:\/\/www.facebook.com\/Ecrivus-International-676624782512639\/","article_modified_time":"2026-04-13T07:22:43+00:00","og_image":[{"width":1000,"height":667,"url":"https:\/\/www.ecrivus-multimedia.nl\/wp-content\/uploads\/2019\/07\/image-4.webp","type":"image\/webp"}],"twitter_card":"summary_large_image","twitter_site":"@ecrivusint","twitter_misc":{"Tempo estimado de leitura":"2 minutos"},"schema":{"@context":"https:\/\/schema.org","@graph":[{"@type":"WebPage","@id":"https:\/\/www.ecrivus-multimedia.nl\/product\/slogan-schrijven\/","url":"https:\/\/www.ecrivus-multimedia.nl\/product\/slogan-schrijven\/","name":"Slogan schrijven? Motto? Bestel nu in onze webshop! 15+ jaar ervaring!","isPartOf":{"@id":"https:\/\/www.ecrivus-multimedia.nl\/#website"},"primaryImageOfPage":{"@id":"https:\/\/www.ecrivus-multimedia.nl\/product\/slogan-schrijven\/#primaryimage"},"image":{"@id":"https:\/\/www.ecrivus-multimedia.nl\/product\/slogan-schrijven\/#primaryimage"},"thumbnailUrl":"https:\/\/www.ecrivus-multimedia.nl\/wp-content\/uploads\/2019\/07\/image-4.webp","datePublished":"2019-07-26T09:31:53+00:00","dateModified":"2026-04-13T07:22:43+00:00","description":"Slogan schrijven? Nieuw motto? Bestel direct online! \u2713 Ervaren copywriters \u2713 Perfect Nederlands \u2713 Voordelig \u2713 Snelle levertijden \u2713 Veilig betalen via iDEAL","breadcrumb":{"@id":"https:\/\/www.ecrivus-multimedia.nl\/product\/slogan-schrijven\/#breadcrumb"},"inLanguage":"pt-PT","potentialAction":[{"@type":"ReadAction","target":["https:\/\/www.ecrivus-multimedia.nl\/product\/slogan-schrijven\/"]}]},{"@type":"ImageObject","inLanguage":"pt-PT","@id":"https:\/\/www.ecrivus-multimedia.nl\/product\/slogan-schrijven\/#primaryimage","url":"https:\/\/www.ecrivus-multimedia.nl\/wp-content\/uploads\/2019\/07\/image-4.webp","contentUrl":"https:\/\/www.ecrivus-multimedia.nl\/wp-content\/uploads\/2019\/07\/image-4.webp","width":1000,"height":667},{"@type":"BreadcrumbList","@id":"https:\/\/www.ecrivus-multimedia.nl\/product\/slogan-schrijven\/#breadcrumb","itemListElement":[{"@type":"ListItem","position":1,"name":"Home","item":"https:\/\/www.ecrivus-multimedia.nl\/"},{"@type":"ListItem","position":2,"name":"Shop","item":"https:\/\/www.ecrivus-multimedia.nl\/shop\/"},{"@type":"ListItem","position":3,"name":"Slogan schrijven"}]},{"@type":"WebSite","@id":"https:\/\/www.ecrivus-multimedia.nl\/#website","url":"https:\/\/www.ecrivus-multimedia.nl\/","name":"Ecrivus International Webshop","description":"Erkende webshop voor be\u00ebdigde vertalingen.","publisher":{"@id":"https:\/\/www.ecrivus-multimedia.nl\/#organization"},"potentialAction":[{"@type":"SearchAction","target":{"@type":"EntryPoint","urlTemplate":"https:\/\/www.ecrivus-multimedia.nl\/?s={search_term_string}"},"query-input":{"@type":"PropertyValueSpecification","valueRequired":true,"valueName":"search_term_string"}}],"inLanguage":"pt-PT"},{"@type":"Organization","@id":"https:\/\/www.ecrivus-multimedia.nl\/#organization","name":"Ecrivus International","url":"https:\/\/www.ecrivus-multimedia.nl\/","logo":{"@type":"ImageObject","inLanguage":"pt-PT","@id":"https:\/\/www.ecrivus-multimedia.nl\/#\/schema\/logo\/image\/","url":"https:\/\/www.ecrivus-multimedia.nl\/wp-content\/uploads\/2022\/01\/cropped-small-Logo-Ecrivus-Vector-Transparent2.png","contentUrl":"https:\/\/www.ecrivus-multimedia.nl\/wp-content\/uploads\/2022\/01\/cropped-small-Logo-Ecrivus-Vector-Transparent2.png","width":512,"height":512,"caption":"Ecrivus International"},"image":{"@id":"https:\/\/www.ecrivus-multimedia.nl\/#\/schema\/logo\/image\/"},"sameAs":["https:\/\/www.facebook.com\/Ecrivus-International-676624782512639\/","https:\/\/x.com\/ecrivusint"]}]}},"_links":{"self":[{"href":"https:\/\/www.ecrivus-multimedia.nl\/pt\/wp-json\/wp\/v2\/product\/44343","targetHints":{"allow":["GET"]}}],"collection":[{"href":"https:\/\/www.ecrivus-multimedia.nl\/pt\/wp-json\/wp\/v2\/product"}],"about":[{"href":"https:\/\/www.ecrivus-multimedia.nl\/pt\/wp-json\/wp\/v2\/types\/product"}],"replies":[{"embeddable":true,"href":"https:\/\/www.ecrivus-multimedia.nl\/pt\/wp-json\/wp\/v2\/comments?post=44343"}],"wp:featuredmedia":[{"embeddable":true,"href":"https:\/\/www.ecrivus-multimedia.nl\/pt\/wp-json\/wp\/v2\/media\/132690"}],"wp:attachment":[{"href":"https:\/\/www.ecrivus-multimedia.nl\/pt\/wp-json\/wp\/v2\/media?parent=44343"}],"wp:term":[{"taxonomy":"product_brand","embeddable":true,"href":"https:\/\/www.ecrivus-multimedia.nl\/pt\/wp-json\/wp\/v2\/product_brand?post=44343"},{"taxonomy":"product_cat","embeddable":true,"href":"https:\/\/www.ecrivus-multimedia.nl\/pt\/wp-json\/wp\/v2\/product_cat?post=44343"},{"taxonomy":"product_tag","embeddable":true,"href":"https:\/\/www.ecrivus-multimedia.nl\/pt\/wp-json\/wp\/v2\/product_tag?post=44343"}],"curies":[{"name":"wp","href":"https:\/\/api.w.org\/{rel}","templated":true}]}}