{"id":44351,"date":"2019-07-26T14:52:55","date_gmt":"2019-07-26T12:52:55","guid":{"rendered":"https:\/\/www.ecrivus-multimedia.nl\/?post_type=product&#038;p=44351"},"modified":"2026-04-13T09:22:43","modified_gmt":"2026-04-13T07:22:43","slug":"webtekst-schrijven","status":"publish","type":"product","link":"https:\/\/www.ecrivus-multimedia.nl\/pt\/produtos\/escrevendo-texto-para-web\/","title":{"rendered":"Escrevendo texto para web"},"content":{"rendered":"<h2><strong>Escrever texto na web?<\/strong><\/h2>\n<p class=\"western\">A Ecrivus International emprega redatores e redatores internos especializados em... <a href=\"https:\/\/www.ecrivus.nl\/webtekst-schrijven\/\" target=\"_blank\" rel=\"noopener noreferrer\">escrevendo textos persuasivos para web<\/a> e outros conte\u00fados da web em holand\u00eas perfeito.<\/p>\n<p class=\"western\">Vai lan\u00e7ar um novo site e precisa de textos comerciais, informativos e persuasivos? Ou voc\u00ea j\u00e1 tem um site, mas os textos existentes est\u00e3o desatualizados e precisam de atualiza\u00e7\u00e3o? Teremos prazer em ajud\u00e1-lo a escrever textos da web, conte\u00fado da web, descri\u00e7\u00f5es de produtos e p\u00e1ginas da web padr\u00e3o de sucesso, como &#039;Sobre n\u00f3s&#039;, &#039;Contato&#039;, &#039;Home&#039; e formul\u00e1rios de contato.<\/p>\n<p class=\"western\">Os textos da web que escrevemos s\u00e3o orientados para convers\u00e3o e otimizados para SEO. Por exemplo, otimizamos os textos na \u00e1rea de otimiza\u00e7\u00e3o de mecanismos de pesquisa (para aumentar sua classifica\u00e7\u00e3o SEO) e colocamos CTAs (call to actions) em locais delicados no texto para incentivar o leitor a agir, como completar de um formul\u00e1rio de cota\u00e7\u00e3o ou compra de um produto ou servi\u00e7o. Um sucesso <a href=\"https:\/\/www.ecrivus-multimedia.nl\/go\/webtekst-schrijven\/\" title=\"Escrevendo texto para web\" class=\"pretty-link-keyword\"rel=\"\">texto da web<\/a> a reda\u00e7\u00e3o geralmente pode ser conclu\u00edda para voc\u00ea em 2 a 3 dias \u00fateis.<\/p>\n<p class=\"western\"><b>Escrevemos textos web para:<\/b><\/p>\n<ul>\n<li>\n<p class=\"western\">Iniciantes<\/p>\n<\/li>\n<li>\n<p class=\"western\">Pessoas aut\u00f4nomas<\/p>\n<\/li>\n<li>\n<p class=\"western\">PME<\/p>\n<\/li>\n<li>\n<p class=\"western\">Multinacionais<\/p>\n<\/li>\n<\/ul>\n<p class=\"western\"><b>Os textos web que escrevemos s\u00e3o ideais para:<\/b><\/p>\n<ul>\n<li>\n<p class=\"western\">Aumentar o conhecimento da marca<\/p>\n<\/li>\n<li>\n<p class=\"western\">Apar\u00eancia profissional atrav\u00e9s de textos em excelente holand\u00eas<\/p>\n<\/li>\n<li>\n<p class=\"western\">Levar informa\u00e7\u00f5es \u00e0 aten\u00e7\u00e3o de (potenciais) clientes<\/p>\n<\/li>\n<li>\n<p class=\"western\">Aumentando a classifica\u00e7\u00e3o do seu mecanismo de pesquisa (<span style=\"color: #000080;\"><span lang=\"zxx\"><a href=\"https:\/\/www.ecrivus.nl\/seo-vertaling\/\">Classifica\u00e7\u00e3o SEO\/otimiza\u00e7\u00e3o de mecanismos de pesquisa<\/a><\/span><\/span>)<\/p>\n<\/li>\n<li>\n<p class=\"western\">Aumente a visibilidade online da sua empresa<\/p>\n<\/li>\n<li>\n<p class=\"western\">Gera\u00e7\u00e3o de leads<\/p>\n<\/li>\n<li>\n<p class=\"western\">Landing pages, campanhas publicit\u00e1rias e de marketing<\/p>\n<\/li>\n<li>\n<p class=\"western\">Aumentar a rotatividade (por meio de frases de chamariz)<\/p>\n<\/li>\n<\/ul>\n<p>Para voc\u00ea <a href=\"https:\/\/www.ecrivus-multimedia.nl\/go\/webtekst-schrijven\/\" title=\"Escrevendo texto para web\" class=\"pretty-link-keyword\"rel=\"\">texto da web<\/a> Para que seja escrito imediatamente, selecione o n\u00famero de p\u00e1ginas desejado acima. Assumimos 300 palavras por p\u00e1gina. Em seguida, clique em \u2018Adicionar ao carrinho\u2019. Voc\u00ea pode ent\u00e3o fazer upload do briefing\/instru\u00e7\u00f5es que deseja fornecer ao redator e adicion\u00e1-lo ao seu pedido. Voc\u00ea pode fazer upload de um arquivo ZIP para v\u00e1rios documentos. Oferecemos diversas op\u00e7\u00f5es de pagamento atrav\u00e9s de conex\u00f5es seguras (incluindo iDeal, transfer\u00eancia banc\u00e1ria e PayPal).<\/p>\n<p><strong>Prazo de entrega padr\u00e3o<\/strong>: 5 dias \u00fateis<\/p>","protected":false},"excerpt":{"rendered":"<p>Textos web escritos profissionalmente por redator especializado, incluindo verifica\u00e7\u00f5es de qualidade e edi\u00e7\u00e3o final. Selecione o idioma desejado abaixo:<\/p>","protected":false},"featured_media":132689,"comment_status":"open","ping_status":"closed","template":"","meta":{"_acf_changed":false,"_glsr_average":0,"_glsr_ranking":0,"_glsr_reviews":0,"_joinchat":[]},"product_brand":[],"product_cat":[15342],"product_tag":[],"class_list":{"0":"post-44351","1":"product","2":"type-product","3":"status-publish","4":"has-post-thumbnail","6":"product_cat-copywriting-content","8":"first","9":"instock","10":"sold-individually","11":"taxable","12":"shipping-taxable","13":"purchasable","14":"product-type-variable"},"acf":[],"yoast_head":"<!-- This site is optimized with the Yoast SEO plugin v27.4 - https:\/\/yoast.com\/product\/yoast-seo-wordpress\/ -->\n<title>Webtekst schrijven? Webcontent nodig? Bestel nu in onze webshop!<\/title>\n<meta name=\"description\" content=\"Webtekst schrijven? Wij schrijven webteksten in helder en perfect Nederlands. \u2713 SEO-vriendelijk \u2713 GRATIS offerte \u2713 Voordelig en snel\" \/>\n<meta name=\"robots\" content=\"index, follow, max-snippet:-1, max-image-preview:large, max-video-preview:-1\" \/>\n<link rel=\"canonical\" href=\"https:\/\/www.ecrivus-multimedia.nl\/pt\/produtos\/escrevendo-texto-para-web\/\" \/>\n<meta property=\"og:locale\" content=\"pt_PT\" \/>\n<meta property=\"og:type\" content=\"article\" \/>\n<meta property=\"og:title\" content=\"Webtekst schrijven? Webcontent nodig? Bestel nu in onze webshop!\" \/>\n<meta property=\"og:description\" content=\"Webtekst schrijven? Wij schrijven webteksten in helder en perfect Nederlands. \u2713 SEO-vriendelijk \u2713 GRATIS offerte \u2713 Voordelig en snel\" \/>\n<meta property=\"og:url\" content=\"https:\/\/www.ecrivus-multimedia.nl\/pt\/produtos\/escrevendo-texto-para-web\/\" \/>\n<meta property=\"og:site_name\" content=\"Ecrivus International Webshop\" \/>\n<meta property=\"article:publisher\" content=\"https:\/\/www.facebook.com\/Ecrivus-International-676624782512639\/\" \/>\n<meta property=\"article:modified_time\" content=\"2026-04-13T07:22:43+00:00\" \/>\n<meta property=\"og:image\" content=\"https:\/\/www.ecrivus-multimedia.nl\/wp-content\/uploads\/2019\/07\/image-2.webp\" \/>\n\t<meta property=\"og:image:width\" content=\"1000\" \/>\n\t<meta property=\"og:image:height\" content=\"667\" \/>\n\t<meta property=\"og:image:type\" content=\"image\/webp\" \/>\n<meta name=\"twitter:card\" content=\"summary_large_image\" \/>\n<meta name=\"twitter:site\" content=\"@ecrivusint\" \/>\n<meta name=\"twitter:label1\" content=\"Tempo estimado de leitura\" \/>\n\t<meta name=\"twitter:data1\" content=\"2 minutos\" \/>\n<script type=\"application\/ld+json\" class=\"yoast-schema-graph\">{\"@context\":\"https:\\\/\\\/schema.org\",\"@graph\":[{\"@type\":\"WebPage\",\"@id\":\"https:\\\/\\\/www.ecrivus-multimedia.nl\\\/product\\\/webtekst-schrijven\\\/\",\"url\":\"https:\\\/\\\/www.ecrivus-multimedia.nl\\\/product\\\/webtekst-schrijven\\\/\",\"name\":\"Webtekst schrijven? Webcontent nodig? Bestel nu in onze webshop!\",\"isPartOf\":{\"@id\":\"https:\\\/\\\/www.ecrivus-multimedia.nl\\\/#website\"},\"primaryImageOfPage\":{\"@id\":\"https:\\\/\\\/www.ecrivus-multimedia.nl\\\/product\\\/webtekst-schrijven\\\/#primaryimage\"},\"image\":{\"@id\":\"https:\\\/\\\/www.ecrivus-multimedia.nl\\\/product\\\/webtekst-schrijven\\\/#primaryimage\"},\"thumbnailUrl\":\"https:\\\/\\\/www.ecrivus-multimedia.nl\\\/wp-content\\\/uploads\\\/2019\\\/07\\\/image-2.webp\",\"datePublished\":\"2019-07-26T12:52:55+00:00\",\"dateModified\":\"2026-04-13T07:22:43+00:00\",\"description\":\"Webtekst schrijven? Wij schrijven webteksten in helder en perfect Nederlands. \u2713 SEO-vriendelijk \u2713 GRATIS offerte \u2713 Voordelig en snel\",\"breadcrumb\":{\"@id\":\"https:\\\/\\\/www.ecrivus-multimedia.nl\\\/product\\\/webtekst-schrijven\\\/#breadcrumb\"},\"inLanguage\":\"pt-PT\",\"potentialAction\":[{\"@type\":\"ReadAction\",\"target\":[\"https:\\\/\\\/www.ecrivus-multimedia.nl\\\/product\\\/webtekst-schrijven\\\/\"]}]},{\"@type\":\"ImageObject\",\"inLanguage\":\"pt-PT\",\"@id\":\"https:\\\/\\\/www.ecrivus-multimedia.nl\\\/product\\\/webtekst-schrijven\\\/#primaryimage\",\"url\":\"https:\\\/\\\/www.ecrivus-multimedia.nl\\\/wp-content\\\/uploads\\\/2019\\\/07\\\/image-2.webp\",\"contentUrl\":\"https:\\\/\\\/www.ecrivus-multimedia.nl\\\/wp-content\\\/uploads\\\/2019\\\/07\\\/image-2.webp\",\"width\":1000,\"height\":667},{\"@type\":\"BreadcrumbList\",\"@id\":\"https:\\\/\\\/www.ecrivus-multimedia.nl\\\/product\\\/webtekst-schrijven\\\/#breadcrumb\",\"itemListElement\":[{\"@type\":\"ListItem\",\"position\":1,\"name\":\"Home\",\"item\":\"https:\\\/\\\/www.ecrivus-multimedia.nl\\\/\"},{\"@type\":\"ListItem\",\"position\":2,\"name\":\"Shop\",\"item\":\"https:\\\/\\\/www.ecrivus-multimedia.nl\\\/shop\\\/\"},{\"@type\":\"ListItem\",\"position\":3,\"name\":\"Webtekst schrijven\"}]},{\"@type\":\"WebSite\",\"@id\":\"https:\\\/\\\/www.ecrivus-multimedia.nl\\\/#website\",\"url\":\"https:\\\/\\\/www.ecrivus-multimedia.nl\\\/\",\"name\":\"Ecrivus International Webshop\",\"description\":\"Erkende webshop voor be\u00ebdigde vertalingen.\",\"publisher\":{\"@id\":\"https:\\\/\\\/www.ecrivus-multimedia.nl\\\/#organization\"},\"potentialAction\":[{\"@type\":\"SearchAction\",\"target\":{\"@type\":\"EntryPoint\",\"urlTemplate\":\"https:\\\/\\\/www.ecrivus-multimedia.nl\\\/?s={search_term_string}\"},\"query-input\":{\"@type\":\"PropertyValueSpecification\",\"valueRequired\":true,\"valueName\":\"search_term_string\"}}],\"inLanguage\":\"pt-PT\"},{\"@type\":\"Organization\",\"@id\":\"https:\\\/\\\/www.ecrivus-multimedia.nl\\\/#organization\",\"name\":\"Ecrivus International\",\"url\":\"https:\\\/\\\/www.ecrivus-multimedia.nl\\\/\",\"logo\":{\"@type\":\"ImageObject\",\"inLanguage\":\"pt-PT\",\"@id\":\"https:\\\/\\\/www.ecrivus-multimedia.nl\\\/#\\\/schema\\\/logo\\\/image\\\/\",\"url\":\"https:\\\/\\\/www.ecrivus-multimedia.nl\\\/wp-content\\\/uploads\\\/2022\\\/01\\\/cropped-small-Logo-Ecrivus-Vector-Transparent2.png\",\"contentUrl\":\"https:\\\/\\\/www.ecrivus-multimedia.nl\\\/wp-content\\\/uploads\\\/2022\\\/01\\\/cropped-small-Logo-Ecrivus-Vector-Transparent2.png\",\"width\":512,\"height\":512,\"caption\":\"Ecrivus International\"},\"image\":{\"@id\":\"https:\\\/\\\/www.ecrivus-multimedia.nl\\\/#\\\/schema\\\/logo\\\/image\\\/\"},\"sameAs\":[\"https:\\\/\\\/www.facebook.com\\\/Ecrivus-International-676624782512639\\\/\",\"https:\\\/\\\/x.com\\\/ecrivusint\"]}]}<\/script>\n<!-- \/ Yoast SEO plugin. -->","yoast_head_json":{"title":"Webtekst schrijven? Webcontent nodig? Bestel nu in onze webshop!","description":"Webtekst schrijven? Wij schrijven webteksten in helder en perfect Nederlands. \u2713 SEO-vriendelijk \u2713 GRATIS offerte \u2713 Voordelig en snel","robots":{"index":"index","follow":"follow","max-snippet":"max-snippet:-1","max-image-preview":"max-image-preview:large","max-video-preview":"max-video-preview:-1"},"canonical":"https:\/\/www.ecrivus-multimedia.nl\/pt\/produtos\/escrevendo-texto-para-web\/","og_locale":"pt_PT","og_type":"article","og_title":"Webtekst schrijven? Webcontent nodig? Bestel nu in onze webshop!","og_description":"Webtekst schrijven? Wij schrijven webteksten in helder en perfect Nederlands. \u2713 SEO-vriendelijk \u2713 GRATIS offerte \u2713 Voordelig en snel","og_url":"https:\/\/www.ecrivus-multimedia.nl\/pt\/produtos\/escrevendo-texto-para-web\/","og_site_name":"Ecrivus International Webshop","article_publisher":"https:\/\/www.facebook.com\/Ecrivus-International-676624782512639\/","article_modified_time":"2026-04-13T07:22:43+00:00","og_image":[{"width":1000,"height":667,"url":"https:\/\/www.ecrivus-multimedia.nl\/wp-content\/uploads\/2019\/07\/image-2.webp","type":"image\/webp"}],"twitter_card":"summary_large_image","twitter_site":"@ecrivusint","twitter_misc":{"Tempo estimado de leitura":"2 minutos"},"schema":{"@context":"https:\/\/schema.org","@graph":[{"@type":"WebPage","@id":"https:\/\/www.ecrivus-multimedia.nl\/product\/webtekst-schrijven\/","url":"https:\/\/www.ecrivus-multimedia.nl\/product\/webtekst-schrijven\/","name":"Webtekst schrijven? Webcontent nodig? Bestel nu in onze webshop!","isPartOf":{"@id":"https:\/\/www.ecrivus-multimedia.nl\/#website"},"primaryImageOfPage":{"@id":"https:\/\/www.ecrivus-multimedia.nl\/product\/webtekst-schrijven\/#primaryimage"},"image":{"@id":"https:\/\/www.ecrivus-multimedia.nl\/product\/webtekst-schrijven\/#primaryimage"},"thumbnailUrl":"https:\/\/www.ecrivus-multimedia.nl\/wp-content\/uploads\/2019\/07\/image-2.webp","datePublished":"2019-07-26T12:52:55+00:00","dateModified":"2026-04-13T07:22:43+00:00","description":"Webtekst schrijven? Wij schrijven webteksten in helder en perfect Nederlands. \u2713 SEO-vriendelijk \u2713 GRATIS offerte \u2713 Voordelig en snel","breadcrumb":{"@id":"https:\/\/www.ecrivus-multimedia.nl\/product\/webtekst-schrijven\/#breadcrumb"},"inLanguage":"pt-PT","potentialAction":[{"@type":"ReadAction","target":["https:\/\/www.ecrivus-multimedia.nl\/product\/webtekst-schrijven\/"]}]},{"@type":"ImageObject","inLanguage":"pt-PT","@id":"https:\/\/www.ecrivus-multimedia.nl\/product\/webtekst-schrijven\/#primaryimage","url":"https:\/\/www.ecrivus-multimedia.nl\/wp-content\/uploads\/2019\/07\/image-2.webp","contentUrl":"https:\/\/www.ecrivus-multimedia.nl\/wp-content\/uploads\/2019\/07\/image-2.webp","width":1000,"height":667},{"@type":"BreadcrumbList","@id":"https:\/\/www.ecrivus-multimedia.nl\/product\/webtekst-schrijven\/#breadcrumb","itemListElement":[{"@type":"ListItem","position":1,"name":"Home","item":"https:\/\/www.ecrivus-multimedia.nl\/"},{"@type":"ListItem","position":2,"name":"Shop","item":"https:\/\/www.ecrivus-multimedia.nl\/shop\/"},{"@type":"ListItem","position":3,"name":"Webtekst schrijven"}]},{"@type":"WebSite","@id":"https:\/\/www.ecrivus-multimedia.nl\/#website","url":"https:\/\/www.ecrivus-multimedia.nl\/","name":"Ecrivus International Webshop","description":"Erkende webshop voor be\u00ebdigde vertalingen.","publisher":{"@id":"https:\/\/www.ecrivus-multimedia.nl\/#organization"},"potentialAction":[{"@type":"SearchAction","target":{"@type":"EntryPoint","urlTemplate":"https:\/\/www.ecrivus-multimedia.nl\/?s={search_term_string}"},"query-input":{"@type":"PropertyValueSpecification","valueRequired":true,"valueName":"search_term_string"}}],"inLanguage":"pt-PT"},{"@type":"Organization","@id":"https:\/\/www.ecrivus-multimedia.nl\/#organization","name":"Ecrivus International","url":"https:\/\/www.ecrivus-multimedia.nl\/","logo":{"@type":"ImageObject","inLanguage":"pt-PT","@id":"https:\/\/www.ecrivus-multimedia.nl\/#\/schema\/logo\/image\/","url":"https:\/\/www.ecrivus-multimedia.nl\/wp-content\/uploads\/2022\/01\/cropped-small-Logo-Ecrivus-Vector-Transparent2.png","contentUrl":"https:\/\/www.ecrivus-multimedia.nl\/wp-content\/uploads\/2022\/01\/cropped-small-Logo-Ecrivus-Vector-Transparent2.png","width":512,"height":512,"caption":"Ecrivus International"},"image":{"@id":"https:\/\/www.ecrivus-multimedia.nl\/#\/schema\/logo\/image\/"},"sameAs":["https:\/\/www.facebook.com\/Ecrivus-International-676624782512639\/","https:\/\/x.com\/ecrivusint"]}]}},"_links":{"self":[{"href":"https:\/\/www.ecrivus-multimedia.nl\/pt\/wp-json\/wp\/v2\/product\/44351","targetHints":{"allow":["GET"]}}],"collection":[{"href":"https:\/\/www.ecrivus-multimedia.nl\/pt\/wp-json\/wp\/v2\/product"}],"about":[{"href":"https:\/\/www.ecrivus-multimedia.nl\/pt\/wp-json\/wp\/v2\/types\/product"}],"replies":[{"embeddable":true,"href":"https:\/\/www.ecrivus-multimedia.nl\/pt\/wp-json\/wp\/v2\/comments?post=44351"}],"wp:featuredmedia":[{"embeddable":true,"href":"https:\/\/www.ecrivus-multimedia.nl\/pt\/wp-json\/wp\/v2\/media\/132689"}],"wp:attachment":[{"href":"https:\/\/www.ecrivus-multimedia.nl\/pt\/wp-json\/wp\/v2\/media?parent=44351"}],"wp:term":[{"taxonomy":"product_brand","embeddable":true,"href":"https:\/\/www.ecrivus-multimedia.nl\/pt\/wp-json\/wp\/v2\/product_brand?post=44351"},{"taxonomy":"product_cat","embeddable":true,"href":"https:\/\/www.ecrivus-multimedia.nl\/pt\/wp-json\/wp\/v2\/product_cat?post=44351"},{"taxonomy":"product_tag","embeddable":true,"href":"https:\/\/www.ecrivus-multimedia.nl\/pt\/wp-json\/wp\/v2\/product_tag?post=44351"}],"curies":[{"name":"wp","href":"https:\/\/api.w.org\/{rel}","templated":true}]}}