{"id":7120,"date":"2017-08-10T14:50:33","date_gmt":"2017-08-10T12:50:33","guid":{"rendered":"http:\/\/www.ecrivus-multimedia.nl\/?post_type=product&#038;p=7120\/"},"modified":"2026-04-12T12:13:17","modified_gmt":"2026-04-12T10:13:17","slug":"algemene-voorwaarden-vertalen","status":"publish","type":"product","link":"https:\/\/www.ecrivus-multimedia.nl\/pt\/produtos\/traduzir-termos-e-condicoes-gerais-2\/","title":{"rendered":"Traduzir Termos e Condi\u00e7\u00f5es Gerais (n\u00e3o juramentado)"},"content":{"rendered":"<p><strong><a href=\"https:\/\/www.ecrivus-multimedia.nl\/go\/algemene-voorwaarden-vertalen\/\" title=\"Traduzir os Termos e Condi\u00e7\u00f5es Gerais? Mais de 225 idiomas. Encomende online com desconto!\" class=\"pretty-link-keyword\"rel=\"\">Traduzir Termos e Condi\u00e7\u00f5es Gerais<\/a><br \/>\n<\/strong><\/p>\n<p>A tradu\u00e7\u00e3o do seu <a href=\"https:\/\/www.ecrivus-multimedia.nl\/go\/algemene-voorwaarden-beedigde-vertaling-met-stempel\/\" title=\"Tradu\u00e7\u00e3o juramentada dos termos e condi\u00e7\u00f5es gerais? Fa\u00e7a seu pedido em nossa loja virtual!\" class=\"pretty-link-keyword\"rel=\"\">Termos e Condi\u00e7\u00f5es<\/a> agora pode ser facilmente encomendado on-line na ag\u00eancia de tradu\u00e7\u00e3o Ecrivus International.<\/p>\n<p>Traduzindo <a href=\"https:\/\/www.ecrivus-multimedia.nl\/go\/algemene-voorwaarden-beedigde-vertaling-met-stempel\/\" title=\"Tradu\u00e7\u00e3o juramentada dos termos e condi\u00e7\u00f5es gerais? Fa\u00e7a seu pedido em nossa loja virtual!\" class=\"pretty-link-keyword\"rel=\"\">Termos e Condi\u00e7\u00f5es<\/a> \u00e9 necess\u00e1rio (e muitas vezes at\u00e9 obrigat\u00f3rio) se, por exemplo, voc\u00ea faz neg\u00f3cios regularmente no exterior ou <a href=\"http:\/\/www.ecrivus.nl\/website-webshop-vertalingen\/\">site ou loja virtual multil\u00edngue<\/a> tem com clientes internacionais. Por voc\u00ea <a href=\"https:\/\/www.ecrivus-multimedia.nl\/go\/algemene-voorwaarden-beedigde-vertaling-met-stempel\/\" title=\"Tradu\u00e7\u00e3o juramentada dos termos e condi\u00e7\u00f5es gerais? Fa\u00e7a seu pedido em nossa loja virtual!\" class=\"pretty-link-keyword\"rel=\"\">Termos e Condi\u00e7\u00f5es<\/a> Ao traduzi-lo, voc\u00ea pode ter certeza de que seus (potenciais) clientes, fornecedores e terceiros poder\u00e3o ler as condi\u00e7\u00f5es do seu neg\u00f3cio em seu pr\u00f3prio idioma. <a href=\"https:\/\/www.ecrivus-multimedia.nl\/go\/juridisch-document-vertalen-beedigd\/\" title=\"Precisa de uma tradu\u00e7\u00e3o juramentada de um documento jur\u00eddico? Encomende atrav\u00e9s da nossa loja online!\" class=\"pretty-link-keyword\"rel=\"\">Legalmente<\/a> Isso oferece muitas vantagens.<\/p>\n<p>A ag\u00eancia de tradu\u00e7\u00e3o Ecrivus International emprega especialistas <a href=\"http:\/\/www.ecrivus.nl\/juridische-vertalingen\/\">tradutores jur\u00eddicos<\/a> Que <em>falante nativo<\/em> ser um (falante nativo) da l\u00edngua alvo. Eles t\u00eam anos de experi\u00eancia na tradu\u00e7\u00e3o de todos os tipos de coisas <a href=\"http:\/\/www.ecrivus.nl\/juridische-vertalingen\/\">documentos legais<\/a>, sob as quais <a href=\"https:\/\/www.ecrivus-multimedia.nl\/go\/algemene-voorwaarden-beedigde-vertaling-met-stempel\/\" title=\"Tradu\u00e7\u00e3o juramentada dos termos e condi\u00e7\u00f5es gerais? Fa\u00e7a seu pedido em nossa loja virtual!\" class=\"pretty-link-keyword\"rel=\"\">Termos e Condi\u00e7\u00f5es<\/a>, condi\u00e7\u00f5es de emprego, <a href=\"https:\/\/www.ecrivus-multimedia.nl\/go\/contract-beedigde-vertaling-met-stempel\/\" title=\"Quer traduzir um contrato juramentado? Fa\u00e7a seu pedido em nossa loja virtual!\" class=\"pretty-link-keyword\"rel=\"\">contratos<\/a>, e <a href=\"https:\/\/www.ecrivus-multimedia.nl\/go\/notariele-akte-vertalen-beedigd\/\" title=\"Quer traduzir uma escritura notarial juramentada? Encomende atrav\u00e9s da nossa loja online!\" class=\"pretty-link-keyword\"rel=\"\">atos<\/a>.<\/p>\n<p><strong>A tradu\u00e7\u00e3o do seu <a href=\"https:\/\/www.ecrivus-multimedia.nl\/go\/algemene-voorwaarden-beedigde-vertaling-met-stempel\/\" title=\"Tradu\u00e7\u00e3o juramentada dos termos e condi\u00e7\u00f5es gerais? Fa\u00e7a seu pedido em nossa loja virtual!\" class=\"pretty-link-keyword\"rel=\"\">Termos e Condi\u00e7\u00f5es<\/a> est\u00e1 em boas m\u00e3os conosco:<\/strong><\/p>\n<ul>\n<li>Tradu\u00e7\u00e3o por profissionais experientes e especializados <a href=\"http:\/\/www.ecrivus.nl\/juridische-vertalingen\/\">tradutor jur\u00eddico<\/a><\/li>\n<li>Inclusivo <a href=\"http:\/\/www.ecrivus.nl\/proeflezen\/\">revis\u00e3o<\/a><\/li>\n<li>Inclusivo <a href=\"http:\/\/www.ecrivus.nl\/qa-kwaliteitscontroles\/\">controles de qualidade<\/a><\/li>\n<li>Tradu\u00e7\u00e3o por <em>falante nativo<\/em> da l\u00edngua alvo<\/li>\n<li>Pre\u00e7os competitivos<\/li>\n<li>Entrega r\u00e1pida<\/li>\n<li>Escolha entre <a href=\"http:\/\/www.ecrivus.nl\/talen\/\">centenas de combina\u00e7\u00f5es de idiomas<\/a><\/li>\n<li>Entrega urgente poss\u00edvel<\/li>\n<li>Suporta v\u00e1rios formatos de arquivo, incluindo PDF<\/li>\n<li>Entrega sempre dentro do prazo por e-mail<\/li>\n<\/ul>\n<p>Para voc\u00ea <a href=\"https:\/\/www.ecrivus-multimedia.nl\/go\/algemene-voorwaarden-beedigde-vertaling-met-stempel\/\" title=\"Tradu\u00e7\u00e3o juramentada dos termos e condi\u00e7\u00f5es gerais? Fa\u00e7a seu pedido em nossa loja virtual!\" class=\"pretty-link-keyword\"rel=\"\">Termos e Condi\u00e7\u00f5es<\/a> Para traduzi-lo imediatamente, selecione o n\u00famero de palavras e a combina\u00e7\u00e3o de idiomas desejada acima. Em seguida, clique em \u2018Adicionar ao carrinho\u2019. Ent\u00e3o voc\u00ea pode usar o <a href=\"https:\/\/www.ecrivus-multimedia.nl\/go\/algemene-voorwaarden-beedigde-vertaling-met-stempel\/\" title=\"Tradu\u00e7\u00e3o juramentada dos termos e condi\u00e7\u00f5es gerais? Fa\u00e7a seu pedido em nossa loja virtual!\" class=\"pretty-link-keyword\"rel=\"\">Termos e Condi\u00e7\u00f5es<\/a> que voc\u00ea gostaria de traduzir e adicionar ao seu pedido. Voc\u00ea pode fazer upload de um arquivo ZIP para v\u00e1rios documentos. Oferecemos diversas op\u00e7\u00f5es de pagamento atrav\u00e9s de conex\u00f5es seguras (incluindo iDeal, transfer\u00eancia banc\u00e1ria e PayPal).<\/p>\n<p><strong>Prazo de entrega padr\u00e3o<\/strong>: 7-8 dias \u00fateis<\/p>","protected":false},"excerpt":{"rendered":"<p>Tradu\u00e7\u00e3o jur\u00eddica profissional por tradutor jur\u00eddico especializado, incluindo revis\u00e3o e verifica\u00e7\u00f5es de qualidade. Selecione a combina\u00e7\u00e3o de idiomas abaixo:<\/p>","protected":false},"featured_media":132609,"comment_status":"open","ping_status":"closed","template":"","meta":{"_acf_changed":false,"_glsr_average":0,"_glsr_ranking":0,"_glsr_reviews":0,"_joinchat":[]},"product_brand":[],"product_cat":[624],"product_tag":[109,110,111,112,665,113],"class_list":{"0":"post-7120","1":"product","2":"type-product","3":"status-publish","4":"has-post-thumbnail","6":"product_cat-juridische-vertalingen","7":"product_tag-algemene-voorwaarden-vertalen","8":"product_tag-algemene-voorwaarden-vertaling","9":"product_tag-av","10":"product_tag-juridisch","11":"product_tag-onbeedigd","12":"product_tag-voorwaarden","14":"first","15":"instock","16":"sold-individually","17":"taxable","18":"shipping-taxable","19":"purchasable","20":"product-type-variable"},"acf":[],"yoast_head":"<!-- This site is optimized with the Yoast SEO plugin v27.4 - https:\/\/yoast.com\/product\/yoast-seo-wordpress\/ -->\n<title>Algemene Voorwaarden vertalen? 225+ talen. Online bestellen met korting!<\/title>\n<meta name=\"description\" content=\"Algemene Voorwaarden vertalen? Bestel direct online! \u2713 Ervaren juridisch vertalers \u2713 Alle talen \u2713 Voordelig geregeld \u2713 Snelle levertijden \u2713 Korting \u2713 Veilig betalen via iDeal\" \/>\n<meta name=\"robots\" content=\"index, follow, max-snippet:-1, max-image-preview:large, max-video-preview:-1\" \/>\n<link rel=\"canonical\" href=\"https:\/\/www.ecrivus-multimedia.nl\/pt\/produtos\/traduzir-termos-e-condicoes-gerais-2\/\" \/>\n<meta property=\"og:locale\" content=\"pt_PT\" \/>\n<meta property=\"og:type\" content=\"article\" \/>\n<meta property=\"og:title\" content=\"Algemene Voorwaarden vertalen? 225+ talen. Online bestellen met korting!\" \/>\n<meta property=\"og:description\" content=\"Algemene Voorwaarden vertalen? Bestel direct online! \u2713 Ervaren juridisch vertalers \u2713 Alle talen \u2713 Voordelig geregeld \u2713 Snelle levertijden \u2713 Korting \u2713 Veilig betalen via iDeal\" \/>\n<meta property=\"og:url\" content=\"https:\/\/www.ecrivus-multimedia.nl\/pt\/produtos\/traduzir-termos-e-condicoes-gerais-2\/\" \/>\n<meta property=\"og:site_name\" content=\"Ecrivus International Webshop\" \/>\n<meta property=\"article:publisher\" content=\"https:\/\/www.facebook.com\/Ecrivus-International-676624782512639\/\" \/>\n<meta property=\"article:modified_time\" content=\"2026-04-12T10:13:17+00:00\" \/>\n<meta property=\"og:image\" content=\"https:\/\/www.ecrivus-multimedia.nl\/wp-content\/uploads\/2017\/02\/juridisch2-600x283-1.webp\" \/>\n\t<meta property=\"og:image:width\" content=\"600\" \/>\n\t<meta property=\"og:image:height\" content=\"283\" \/>\n\t<meta property=\"og:image:type\" content=\"image\/webp\" \/>\n<meta name=\"twitter:card\" content=\"summary_large_image\" \/>\n<meta name=\"twitter:site\" content=\"@ecrivusint\" \/>\n<meta name=\"twitter:label1\" content=\"Tempo estimado de leitura\" \/>\n\t<meta name=\"twitter:data1\" content=\"1 minuto\" \/>\n<script type=\"application\/ld+json\" class=\"yoast-schema-graph\">{\"@context\":\"https:\\\/\\\/schema.org\",\"@graph\":[{\"@type\":\"WebPage\",\"@id\":\"https:\\\/\\\/www.ecrivus-multimedia.nl\\\/product\\\/algemene-voorwaarden-vertalen\\\/\",\"url\":\"https:\\\/\\\/www.ecrivus-multimedia.nl\\\/product\\\/algemene-voorwaarden-vertalen\\\/\",\"name\":\"Algemene Voorwaarden vertalen? 225+ talen. Online bestellen met korting!\",\"isPartOf\":{\"@id\":\"https:\\\/\\\/www.ecrivus-multimedia.nl\\\/#website\"},\"primaryImageOfPage\":{\"@id\":\"https:\\\/\\\/www.ecrivus-multimedia.nl\\\/product\\\/algemene-voorwaarden-vertalen\\\/#primaryimage\"},\"image\":{\"@id\":\"https:\\\/\\\/www.ecrivus-multimedia.nl\\\/product\\\/algemene-voorwaarden-vertalen\\\/#primaryimage\"},\"thumbnailUrl\":\"https:\\\/\\\/www.ecrivus-multimedia.nl\\\/wp-content\\\/uploads\\\/2026\\\/04\\\/lakstempel-drukken-document-vooraanzicht-2.jpg\",\"datePublished\":\"2017-08-10T12:50:33+00:00\",\"dateModified\":\"2026-04-12T10:13:17+00:00\",\"description\":\"Algemene Voorwaarden vertalen? Bestel direct online! \u2713 Ervaren juridisch vertalers \u2713 Alle talen \u2713 Voordelig geregeld \u2713 Snelle levertijden \u2713 Korting \u2713 Veilig betalen via iDeal\",\"breadcrumb\":{\"@id\":\"https:\\\/\\\/www.ecrivus-multimedia.nl\\\/product\\\/algemene-voorwaarden-vertalen\\\/#breadcrumb\"},\"inLanguage\":\"pt-PT\",\"potentialAction\":[{\"@type\":\"ReadAction\",\"target\":[\"https:\\\/\\\/www.ecrivus-multimedia.nl\\\/product\\\/algemene-voorwaarden-vertalen\\\/\"]}]},{\"@type\":\"ImageObject\",\"inLanguage\":\"pt-PT\",\"@id\":\"https:\\\/\\\/www.ecrivus-multimedia.nl\\\/product\\\/algemene-voorwaarden-vertalen\\\/#primaryimage\",\"url\":\"https:\\\/\\\/www.ecrivus-multimedia.nl\\\/wp-content\\\/uploads\\\/2026\\\/04\\\/lakstempel-drukken-document-vooraanzicht-2.jpg\",\"contentUrl\":\"https:\\\/\\\/www.ecrivus-multimedia.nl\\\/wp-content\\\/uploads\\\/2026\\\/04\\\/lakstempel-drukken-document-vooraanzicht-2.jpg\",\"width\":1000,\"height\":667},{\"@type\":\"BreadcrumbList\",\"@id\":\"https:\\\/\\\/www.ecrivus-multimedia.nl\\\/product\\\/algemene-voorwaarden-vertalen\\\/#breadcrumb\",\"itemListElement\":[{\"@type\":\"ListItem\",\"position\":1,\"name\":\"Home\",\"item\":\"https:\\\/\\\/www.ecrivus-multimedia.nl\\\/\"},{\"@type\":\"ListItem\",\"position\":2,\"name\":\"Shop\",\"item\":\"https:\\\/\\\/www.ecrivus-multimedia.nl\\\/shop\\\/\"},{\"@type\":\"ListItem\",\"position\":3,\"name\":\"Algemene Voorwaarden vertalen (onbe\u00ebdigd)\"}]},{\"@type\":\"WebSite\",\"@id\":\"https:\\\/\\\/www.ecrivus-multimedia.nl\\\/#website\",\"url\":\"https:\\\/\\\/www.ecrivus-multimedia.nl\\\/\",\"name\":\"Ecrivus International Webshop\",\"description\":\"Erkende webshop voor be\u00ebdigde vertalingen.\",\"publisher\":{\"@id\":\"https:\\\/\\\/www.ecrivus-multimedia.nl\\\/#organization\"},\"potentialAction\":[{\"@type\":\"SearchAction\",\"target\":{\"@type\":\"EntryPoint\",\"urlTemplate\":\"https:\\\/\\\/www.ecrivus-multimedia.nl\\\/?s={search_term_string}\"},\"query-input\":{\"@type\":\"PropertyValueSpecification\",\"valueRequired\":true,\"valueName\":\"search_term_string\"}}],\"inLanguage\":\"pt-PT\"},{\"@type\":\"Organization\",\"@id\":\"https:\\\/\\\/www.ecrivus-multimedia.nl\\\/#organization\",\"name\":\"Ecrivus International\",\"url\":\"https:\\\/\\\/www.ecrivus-multimedia.nl\\\/\",\"logo\":{\"@type\":\"ImageObject\",\"inLanguage\":\"pt-PT\",\"@id\":\"https:\\\/\\\/www.ecrivus-multimedia.nl\\\/#\\\/schema\\\/logo\\\/image\\\/\",\"url\":\"https:\\\/\\\/www.ecrivus-multimedia.nl\\\/wp-content\\\/uploads\\\/2022\\\/01\\\/cropped-small-Logo-Ecrivus-Vector-Transparent2.png\",\"contentUrl\":\"https:\\\/\\\/www.ecrivus-multimedia.nl\\\/wp-content\\\/uploads\\\/2022\\\/01\\\/cropped-small-Logo-Ecrivus-Vector-Transparent2.png\",\"width\":512,\"height\":512,\"caption\":\"Ecrivus International\"},\"image\":{\"@id\":\"https:\\\/\\\/www.ecrivus-multimedia.nl\\\/#\\\/schema\\\/logo\\\/image\\\/\"},\"sameAs\":[\"https:\\\/\\\/www.facebook.com\\\/Ecrivus-International-676624782512639\\\/\",\"https:\\\/\\\/x.com\\\/ecrivusint\"]}]}<\/script>\n<!-- \/ Yoast SEO plugin. -->","yoast_head_json":{"title":"Algemene Voorwaarden vertalen? 225+ talen. Online bestellen met korting!","description":"Algemene Voorwaarden vertalen? Bestel direct online! \u2713 Ervaren juridisch vertalers \u2713 Alle talen \u2713 Voordelig geregeld \u2713 Snelle levertijden \u2713 Korting \u2713 Veilig betalen via iDeal","robots":{"index":"index","follow":"follow","max-snippet":"max-snippet:-1","max-image-preview":"max-image-preview:large","max-video-preview":"max-video-preview:-1"},"canonical":"https:\/\/www.ecrivus-multimedia.nl\/pt\/produtos\/traduzir-termos-e-condicoes-gerais-2\/","og_locale":"pt_PT","og_type":"article","og_title":"Algemene Voorwaarden vertalen? 225+ talen. Online bestellen met korting!","og_description":"Algemene Voorwaarden vertalen? Bestel direct online! \u2713 Ervaren juridisch vertalers \u2713 Alle talen \u2713 Voordelig geregeld \u2713 Snelle levertijden \u2713 Korting \u2713 Veilig betalen via iDeal","og_url":"https:\/\/www.ecrivus-multimedia.nl\/pt\/produtos\/traduzir-termos-e-condicoes-gerais-2\/","og_site_name":"Ecrivus International Webshop","article_publisher":"https:\/\/www.facebook.com\/Ecrivus-International-676624782512639\/","article_modified_time":"2026-04-12T10:13:17+00:00","og_image":[{"width":600,"height":283,"url":"https:\/\/www.ecrivus-multimedia.nl\/wp-content\/uploads\/2017\/02\/juridisch2-600x283-1.webp","type":"image\/webp"}],"twitter_card":"summary_large_image","twitter_site":"@ecrivusint","twitter_misc":{"Tempo estimado de leitura":"1 minuto"},"schema":{"@context":"https:\/\/schema.org","@graph":[{"@type":"WebPage","@id":"https:\/\/www.ecrivus-multimedia.nl\/product\/algemene-voorwaarden-vertalen\/","url":"https:\/\/www.ecrivus-multimedia.nl\/product\/algemene-voorwaarden-vertalen\/","name":"Algemene Voorwaarden vertalen? 225+ talen. Online bestellen met korting!","isPartOf":{"@id":"https:\/\/www.ecrivus-multimedia.nl\/#website"},"primaryImageOfPage":{"@id":"https:\/\/www.ecrivus-multimedia.nl\/product\/algemene-voorwaarden-vertalen\/#primaryimage"},"image":{"@id":"https:\/\/www.ecrivus-multimedia.nl\/product\/algemene-voorwaarden-vertalen\/#primaryimage"},"thumbnailUrl":"https:\/\/www.ecrivus-multimedia.nl\/wp-content\/uploads\/2026\/04\/lakstempel-drukken-document-vooraanzicht-2.jpg","datePublished":"2017-08-10T12:50:33+00:00","dateModified":"2026-04-12T10:13:17+00:00","description":"Algemene Voorwaarden vertalen? Bestel direct online! \u2713 Ervaren juridisch vertalers \u2713 Alle talen \u2713 Voordelig geregeld \u2713 Snelle levertijden \u2713 Korting \u2713 Veilig betalen via iDeal","breadcrumb":{"@id":"https:\/\/www.ecrivus-multimedia.nl\/product\/algemene-voorwaarden-vertalen\/#breadcrumb"},"inLanguage":"pt-PT","potentialAction":[{"@type":"ReadAction","target":["https:\/\/www.ecrivus-multimedia.nl\/product\/algemene-voorwaarden-vertalen\/"]}]},{"@type":"ImageObject","inLanguage":"pt-PT","@id":"https:\/\/www.ecrivus-multimedia.nl\/product\/algemene-voorwaarden-vertalen\/#primaryimage","url":"https:\/\/www.ecrivus-multimedia.nl\/wp-content\/uploads\/2026\/04\/lakstempel-drukken-document-vooraanzicht-2.jpg","contentUrl":"https:\/\/www.ecrivus-multimedia.nl\/wp-content\/uploads\/2026\/04\/lakstempel-drukken-document-vooraanzicht-2.jpg","width":1000,"height":667},{"@type":"BreadcrumbList","@id":"https:\/\/www.ecrivus-multimedia.nl\/product\/algemene-voorwaarden-vertalen\/#breadcrumb","itemListElement":[{"@type":"ListItem","position":1,"name":"Home","item":"https:\/\/www.ecrivus-multimedia.nl\/"},{"@type":"ListItem","position":2,"name":"Shop","item":"https:\/\/www.ecrivus-multimedia.nl\/shop\/"},{"@type":"ListItem","position":3,"name":"Algemene Voorwaarden vertalen (onbe\u00ebdigd)"}]},{"@type":"WebSite","@id":"https:\/\/www.ecrivus-multimedia.nl\/#website","url":"https:\/\/www.ecrivus-multimedia.nl\/","name":"Ecrivus International Webshop","description":"Erkende webshop voor be\u00ebdigde vertalingen.","publisher":{"@id":"https:\/\/www.ecrivus-multimedia.nl\/#organization"},"potentialAction":[{"@type":"SearchAction","target":{"@type":"EntryPoint","urlTemplate":"https:\/\/www.ecrivus-multimedia.nl\/?s={search_term_string}"},"query-input":{"@type":"PropertyValueSpecification","valueRequired":true,"valueName":"search_term_string"}}],"inLanguage":"pt-PT"},{"@type":"Organization","@id":"https:\/\/www.ecrivus-multimedia.nl\/#organization","name":"Ecrivus International","url":"https:\/\/www.ecrivus-multimedia.nl\/","logo":{"@type":"ImageObject","inLanguage":"pt-PT","@id":"https:\/\/www.ecrivus-multimedia.nl\/#\/schema\/logo\/image\/","url":"https:\/\/www.ecrivus-multimedia.nl\/wp-content\/uploads\/2022\/01\/cropped-small-Logo-Ecrivus-Vector-Transparent2.png","contentUrl":"https:\/\/www.ecrivus-multimedia.nl\/wp-content\/uploads\/2022\/01\/cropped-small-Logo-Ecrivus-Vector-Transparent2.png","width":512,"height":512,"caption":"Ecrivus International"},"image":{"@id":"https:\/\/www.ecrivus-multimedia.nl\/#\/schema\/logo\/image\/"},"sameAs":["https:\/\/www.facebook.com\/Ecrivus-International-676624782512639\/","https:\/\/x.com\/ecrivusint"]}]}},"_links":{"self":[{"href":"https:\/\/www.ecrivus-multimedia.nl\/pt\/wp-json\/wp\/v2\/product\/7120","targetHints":{"allow":["GET"]}}],"collection":[{"href":"https:\/\/www.ecrivus-multimedia.nl\/pt\/wp-json\/wp\/v2\/product"}],"about":[{"href":"https:\/\/www.ecrivus-multimedia.nl\/pt\/wp-json\/wp\/v2\/types\/product"}],"replies":[{"embeddable":true,"href":"https:\/\/www.ecrivus-multimedia.nl\/pt\/wp-json\/wp\/v2\/comments?post=7120"}],"wp:featuredmedia":[{"embeddable":true,"href":"https:\/\/www.ecrivus-multimedia.nl\/pt\/wp-json\/wp\/v2\/media\/132609"}],"wp:attachment":[{"href":"https:\/\/www.ecrivus-multimedia.nl\/pt\/wp-json\/wp\/v2\/media?parent=7120"}],"wp:term":[{"taxonomy":"product_brand","embeddable":true,"href":"https:\/\/www.ecrivus-multimedia.nl\/pt\/wp-json\/wp\/v2\/product_brand?post=7120"},{"taxonomy":"product_cat","embeddable":true,"href":"https:\/\/www.ecrivus-multimedia.nl\/pt\/wp-json\/wp\/v2\/product_cat?post=7120"},{"taxonomy":"product_tag","embeddable":true,"href":"https:\/\/www.ecrivus-multimedia.nl\/pt\/wp-json\/wp\/v2\/product_tag?post=7120"}],"curies":[{"name":"wp","href":"https:\/\/api.w.org\/{rel}","templated":true}]}}